{"id":1545,"date":"2017-11-18T20:17:41","date_gmt":"2017-11-18T20:17:41","guid":{"rendered":"http:\/\/biblian.is\/1981\/josuabok-12-kafli\/"},"modified":"2017-11-18T20:17:41","modified_gmt":"2017-11-18T20:17:41","slug":"josuabok-12-kafli","status":"publish","type":"page","link":"https:\/\/biblian.is\/1981\/josuabok-12-kafli\/","title":{"rendered":"J\u00f3s\u00faab\u00f3k 12. kafli"},"content":{"rendered":"<p><a name=\"1\"><span class=\"versanumer\">1<\/span><\/a>\u00deessir eru konungar landsins, \u00feeir er \u00cdsraelsmenn unnu sigur \u00e1 og t\u00f3ku l\u00f6nd af hinumegin J\u00f3rdanar, austanmegin, fr\u00e1 Arnon\u00e1 til Hermonfjalls og allt sl\u00e9ttlendi\u00f0 austanmegin:<a name=\"2\"><span class=\"versanumer\">2<\/span><\/a>S\u00edhon, Amor\u00edtakonungur, sem bj\u00f3 \u00ed Hesbon og r\u00e9\u00f0 landi fr\u00e1 Ar\u00f3er, sem liggur \u00e1 bakka Arnon\u00e1r, og dalnum mi\u00f0jum og h\u00e1lfu G\u00edlea\u00f0 a\u00f0 Jabbok\u00e1, sem er \u00e1 landam\u00e6rum Amm\u00f3n\u00edta,<a name=\"3\"><span class=\"versanumer\">3<\/span><\/a>og sl\u00e9ttlendinu a\u00f0 Genesaretvatni a\u00f0 austanver\u00f0u og a\u00f0 vatninu \u00e1 sl\u00e9ttlendinu, Saltasj\u00f3, a\u00f0 austanver\u00f0u, su\u00f0ur undir Bet Jes\u00edm\u00f3t, og til su\u00f0urs a\u00f0 Pisgahl\u00ed\u00f0um.<a name=\"4\"><span class=\"versanumer\">4<\/span><\/a>S\u00f6mulei\u00f0is land \u00d3gs, konungs \u00ed Basan, sem var einn \u00feeirra Refa\u00edta, er eftir voru, og bj\u00f3 \u00ed Astar\u00f3t og Edre\u00ed<a name=\"5\"><span class=\"versanumer\">5<\/span><\/a>og r\u00e9\u00f0 yfir Hermonfj\u00f6llum, Salka og \u00f6llu Basan, a\u00f0 landam\u00e6rum Ges\u00fara og Maakat\u00edta, og yfir h\u00e1lfu G\u00edlea\u00f0, a\u00f0 landam\u00e6rum S\u00edhons, konungs \u00ed Hesbon.<a name=\"6\"><span class=\"versanumer\">6<\/span><\/a>M\u00f3se, \u00fej\u00f3nn Drottins, og \u00cdsraelsmenn h\u00f6f\u00f0u unni\u00f0 sigur \u00e1 \u00feeim, og M\u00f3se, \u00fej\u00f3nn Drottins, haf\u00f0i gefi\u00f0 R\u00faben\u00edtum, Ga\u00f0\u00edtum og h\u00e1lfri \u00e6ttkv\u00edsl Manasse landi\u00f0 til eignar.<a name=\"7\"><span class=\"versanumer\">7<\/span><\/a>\u00deessir eru konungar landsins, \u00feeir er J\u00f3s\u00faa og \u00cdsraelsmenn unnu sigur \u00e1 fyrir vestan J\u00f3rdan, fr\u00e1 Baal Ga\u00f0 \u00ed L\u00edbanonsdal til Skallabergs, sem liggur upp til Se\u00edr, en landi\u00f0 gaf J\u00f3s\u00faa \u00e6ttkv\u00edslum \u00cdsraels til eignar eftir skiptingu \u00feeirra ,<a name=\"8\"><span class=\"versanumer\">8<\/span><\/a>\u00ed fjalllendinu, \u00e1 l\u00e1glendinu, \u00e1 sl\u00e9ttlendinu, \u00ed fjallahl\u00ed\u00f0unum, \u00ed ey\u00f0im\u00f6rkinni og \u00ed su\u00f0urlandinu, land Het\u00edta, Amor\u00edta, Kanaan\u00edta, Peres\u00edta, Hev\u00edta og Jeb\u00fas\u00edta:<a name=\"9\"><span class=\"versanumer\">9<\/span><\/a>Konungurinn \u00ed Jer\u00edk\u00f3 einn, konungurinn \u00ed A\u00ed, sem er hj\u00e1 Betel, einn,<a name=\"10\"><span class=\"versanumer\">10<\/span><\/a>konungurinn \u00ed Jer\u00fasalem einn,konungurinn \u00ed Hebron einn,<a name=\"11\"><span class=\"versanumer\">11<\/span><\/a>konungurinn \u00ed Jarm\u00fat einn, konungurinn \u00ed Lak\u00eds einn,<a name=\"12\"><span class=\"versanumer\">12<\/span><\/a>konungurinn \u00ed Eglon einn, konungurinn \u00ed Geser einn,<a name=\"13\"><span class=\"versanumer\">13<\/span><\/a>konungurinn \u00ed Deb\u00edr einn, konungurinn \u00ed Geder einn,<a name=\"14\"><span class=\"versanumer\">14<\/span><\/a>konungurinn \u00ed Horma einn, konungurinn \u00ed Arad einn,<a name=\"15\"><span class=\"versanumer\">15<\/span><\/a>konungurinn \u00ed L\u00edbna einn, konungurinn \u00ed Ad\u00fallam einn,<a name=\"16\"><span class=\"versanumer\">16<\/span><\/a>konungurinn \u00ed Makeda einn, konungurinn \u00ed Betel einn,<a name=\"17\"><span class=\"versanumer\">17<\/span><\/a>konungurinn \u00ed Tapp\u00faa einn, konungurinn \u00ed Hefer einn,<a name=\"18\"><span class=\"versanumer\">18<\/span><\/a>konungurinn \u00ed Afek einn, konungurinn \u00ed Saron einn,<a name=\"19\"><span class=\"versanumer\">19<\/span><\/a>konungurinn \u00ed Mad\u00f3n einn, konungurinn \u00ed Has\u00f3r einn,<a name=\"20\"><span class=\"versanumer\">20<\/span><\/a>konungurinn \u00ed Simr\u00f3n Mer\u00f3m einn, konungurinn \u00ed Aksaf einn,<a name=\"21\"><span class=\"versanumer\">21<\/span><\/a>konungurinn \u00ed Taanak einn, konungurinn \u00ed Meg\u00eddd\u00f3 einn,<a name=\"22\"><span class=\"versanumer\">22<\/span><\/a>konungurinn \u00ed Kedes einn, konungurinn \u00ed Jokneam hj\u00e1 Karmel einn,<a name=\"23\"><span class=\"versanumer\">23<\/span><\/a>konungurinn \u00ed D\u00f3r \u00ed D\u00f3rsh\u00e6\u00f0um einn,konungur hei\u00f0ingjanna \u00ed Gilgal einn,<a name=\"24\"><span class=\"versanumer\">24<\/span><\/a>konungurinn \u00ed Tirsa einn, alls \u00ferj\u00e1t\u00edu og einn konungur.<\/p>\n<div class=\"footnote1981\"><b>12.1<\/b> Land handan vi\u00f0 J\u00f3rdan 5M\u00f3s 3.8<br \/>\n<b>12.2<\/b> S\u00edhon 5M\u00f3s 1.4+<br \/>\n<b>12.4<\/b> \u00d3g 5M\u00f3s 1.4+ &#8211; Refa\u00edtar 5M\u00f3s 2.11+<br \/>\n<b>12.6<\/b> R\u00faben, Ga\u00f0, Manasse J\u00f3s 13.8; 4M\u00f3s 32; 34.13-15; 5M\u00f3s 3.12-17<br \/>\n<b>12.7<\/b> Unni\u00f0 land J\u00f3s 11.16-17<\/div>\n","protected":false},"excerpt":{"rendered":"<p>1\u00deessir eru konungar landsins, \u00feeir er \u00cdsraelsmenn unnu sigur \u00e1 og t\u00f3ku l\u00f6nd af hinumegin J\u00f3rdanar, austanmegin, fr\u00e1 Arnon\u00e1 til Hermonfjalls og allt sl\u00e9ttlendi\u00f0 austanmegin:2S\u00edhon, Amor\u00edtakonungur, sem bj\u00f3 \u00ed Hesbon og r\u00e9\u00f0 landi fr\u00e1 Ar\u00f3er, sem liggur \u00e1 bakka Arnon\u00e1r, og dalnum mi\u00f0jum og h\u00e1lfu G\u00edlea\u00f0 a\u00f0 Jabbok\u00e1, sem er \u00e1 landam\u00e6rum Amm\u00f3n\u00edta,3og sl\u00e9ttlendinu a\u00f0 Genesaretvatni a\u00f0 austanver\u00f0u og a\u00f0 vatninu \u00e1 sl\u00e9ttlendinu, Saltasj\u00f3, a\u00f0 austanver\u00f0u, su\u00f0ur undir Bet Jes\u00edm\u00f3t, og til su\u00f0urs a\u00f0 Pisgahl\u00ed\u00f0um.4S\u00f6mulei\u00f0is land \u00d3gs, konungs \u00ed Basan, sem var einn \u00feeirra Refa\u00edta, er eftir voru, og bj\u00f3 \u00ed Astar\u00f3t og Edre\u00ed5og r\u00e9\u00f0 yfir Hermonfj\u00f6llum, Salka og \u00f6llu <a href=\"https:\/\/biblian.is\/1981\/josuabok-12-kafli\/\"> [&#8230;]<\/a><\/p>\n","protected":false},"author":1,"featured_media":0,"parent":0,"menu_order":0,"comment_status":"open","ping_status":"open","template":"bibliukaflar.php","meta":{"footnotes":""},"class_list":["post-1545","page","type-page","status-publish","hentry"],"_links":{"self":[{"href":"https:\/\/biblian.is\/1981\/wp-json\/wp\/v2\/pages\/1545","targetHints":{"allow":["GET"]}}],"collection":[{"href":"https:\/\/biblian.is\/1981\/wp-json\/wp\/v2\/pages"}],"about":[{"href":"https:\/\/biblian.is\/1981\/wp-json\/wp\/v2\/types\/page"}],"author":[{"embeddable":true,"href":"https:\/\/biblian.is\/1981\/wp-json\/wp\/v2\/users\/1"}],"replies":[{"embeddable":true,"href":"https:\/\/biblian.is\/1981\/wp-json\/wp\/v2\/comments?post=1545"}],"version-history":[{"count":0,"href":"https:\/\/biblian.is\/1981\/wp-json\/wp\/v2\/pages\/1545\/revisions"}],"wp:attachment":[{"href":"https:\/\/biblian.is\/1981\/wp-json\/wp\/v2\/media?parent=1545"}],"curies":[{"name":"wp","href":"https:\/\/api.w.org\/{rel}","templated":true}]}}