{"id":1544,"date":"2017-11-18T20:17:41","date_gmt":"2017-11-18T20:17:41","guid":{"rendered":"http:\/\/biblian.is\/1981\/josuabok-11-kafli\/"},"modified":"2017-11-18T20:17:41","modified_gmt":"2017-11-18T20:17:41","slug":"josuabok-11-kafli","status":"publish","type":"page","link":"https:\/\/biblian.is\/1981\/josuabok-11-kafli\/","title":{"rendered":"J\u00f3s\u00faab\u00f3k 11. kafli"},"content":{"rendered":"<p><a name=\"1\"><span class=\"versanumer\">1<\/span><\/a>\u00deegar Jab\u00edn, konungur \u00ed Has\u00f3r, spur\u00f0i \u00feessi t\u00ed\u00f0indi, gj\u00f6r\u00f0i hann or\u00f0 J\u00f3bab, konungi \u00ed Mad\u00f3n, svo og konunginum \u00ed Simron og konunginum \u00ed Aksaf<a name=\"2\"><span class=\"versanumer\">2<\/span><\/a>og konungunum, sem fyrir nor\u00f0an bjuggu, \u00ed fjalllendinu, \u00e1 sl\u00e9ttlendinu fyrir sunnan K\u00ednneret, \u00e1 l\u00e1glendinu og \u00e1 D\u00f3rh\u00e6\u00f0um \u00fati vi\u00f0 hafi\u00f0,<a name=\"3\"><span class=\"versanumer\">3<\/span><\/a>Kanaan\u00edtum, b\u00e6\u00f0i fyrir austan og vestan, Amor\u00edtum, Het\u00edtum, Peres\u00edtum, Jeb\u00fas\u00edtum \u00ed fjalllendinu og Hev\u00edtum ne\u00f0an undir Hermon \u00ed Mispalandi.<a name=\"4\"><span class=\"versanumer\">4<\/span><\/a>&#8222;H\u00e9ldu \u00feeir af sta\u00f0 me\u00f0 allan sinn her; var \u00fea\u00f0 mannfj\u00f6ldi svo mikill sem sandur \u00e1 sj\u00e1varstr\u00f6nd. H\u00f6f\u00f0u \u00feeir fj\u00f6lda hesta og vagna.&#8220;<a name=\"5\"><span class=\"versanumer\">5<\/span><\/a>Allir \u00feessir konungar \u00e1ttu me\u00f0 s\u00e9r stefnu, f\u00f3ru s\u00ed\u00f0an og settu herb\u00fa\u00f0ir s\u00ednar allir samt hj\u00e1 Mer\u00f3mv\u00f6tnum og bjuggust a\u00f0 eiga orustu vi\u00f0 \u00cdsrael.<a name=\"6\"><span class=\"versanumer\">6<\/span><\/a>\u00de\u00e1 sag\u00f0i Drottinn vi\u00f0 J\u00f3s\u00faa: Ekki skalt \u00fe\u00fa hr\u00e6\u00f0ast \u00fe\u00e1, \u00fev\u00ed a\u00f0 \u00e1 morgun \u00ed \u00feetta mund mun \u00e9g l\u00e1ta \u00fe\u00e1 alla liggja fallna frammi fyrir \u00cdsrael. \u00de\u00fa skalt skera sundur h\u00e1sinarnar \u00e1 hestum \u00feeirra og brenna vagna \u00feeirra \u00ed eldi.<a name=\"7\"><span class=\"versanumer\">7<\/span><\/a>Og J\u00f3s\u00faa kom a\u00f0 \u00feeim \u00f3v\u00f6rum hj\u00e1 Mer\u00f3mv\u00f6tnum me\u00f0 allan sinn her, og gj\u00f6r\u00f0u \u00feeir \u00e1hlaup \u00e1 \u00fe\u00e1.<a name=\"8\"><span class=\"versanumer\">8<\/span><\/a>Og Drottinn gaf \u00fe\u00e1 \u00ed hendur \u00cdsrael, og \u00feeir unnu sigur \u00e1 \u00feeim og eltu \u00fe\u00e1 allt til S\u00eddon hinnar miklu og til Misref\u00f3t Maj\u00edm og allt austur \u00ed Mispedal, og \u00feeir felldu \u00fe\u00e1, svo a\u00f0 enginn af \u00feeim komst undan.<a name=\"9\"><span class=\"versanumer\">9<\/span><\/a>Og J\u00f3s\u00faa f\u00f3r me\u00f0 \u00fe\u00e1, eins og Drottinn haf\u00f0i sagt honum: Hann skar sundur h\u00e1sinarnar \u00e1 hestum \u00feeirra og brenndi vagna \u00feeirra \u00ed eldi.<a name=\"10\"><span class=\"versanumer\">10<\/span><\/a>\u00de\u00e1 sneri J\u00f3s\u00faa aftur og vann Has\u00f3r og felldi konung hennar me\u00f0 sver\u00f0i, en Has\u00f3r var fyrrum h\u00f6fu\u00f0borg allra \u00feessara konungsr\u00edkja.<a name=\"11\"><span class=\"versanumer\">11<\/span><\/a>Og \u00feeir felldu alla menn, er \u00ed henni voru, me\u00f0 sver\u00f0seggjum, me\u00f0 \u00fev\u00ed a\u00f0 \u00feeir bannf\u00e6r\u00f0u \u00fe\u00e1. Var engin lifandi s\u00e1la eftir skilin, og Has\u00f3r brenndi hann \u00ed eldi.<a name=\"12\"><span class=\"versanumer\">12<\/span><\/a>J\u00f3s\u00faa n\u00e1\u00f0i \u00e1 sitt vald \u00f6llum borgum \u00feessara konunga, svo og konungunum sj\u00e1lfum, og hann felldi \u00fe\u00e1 me\u00f0 sver\u00f0seggjum, me\u00f0 \u00fev\u00ed a\u00f0 hann bannf\u00e6r\u00f0i \u00fe\u00e1, eins og M\u00f3se, \u00fej\u00f3nn Drottins, haf\u00f0i bo\u00f0i\u00f0.<a name=\"13\"><span class=\"versanumer\">13<\/span><\/a>&#8222;\u00de\u00f3 l\u00f6g\u00f0u \u00cdsraelsmenn ekki eld \u00ed neinar \u00fe\u00e6r borgir, sem st\u00f3\u00f0u uppi \u00e1 h\u00e6\u00f0um, nema Has\u00f3r eina; hana brenndi J\u00f3s\u00faa.&#8220;<a name=\"14\"><span class=\"versanumer\">14<\/span><\/a>En \u00f6llu herfangi \u00far borgum \u00feessum r\u00e6ndu \u00cdsraelsmenn s\u00e9r til handa, svo og f\u00e9na\u00f0inum, en menn alla felldu \u00feeir me\u00f0 sver\u00f0seggjum, uns \u00feeir h\u00f6f\u00f0u gj\u00f6reytt \u00feeim. L\u00e9tu \u00feeir enga lifandi s\u00e1lu eftir.<a name=\"15\"><span class=\"versanumer\">15<\/span><\/a>Eins og Drottinn haf\u00f0i bo\u00f0i\u00f0 M\u00f3se, \u00fej\u00f3ni s\u00ednum, svo haf\u00f0i M\u00f3se bo\u00f0i\u00f0 J\u00f3s\u00faa, og svo gj\u00f6r\u00f0i J\u00f3s\u00faa. Hann l\u00e9t ekkert \u00f3gj\u00f6rt af \u00fev\u00ed, sem Drottinn haf\u00f0i bo\u00f0i\u00f0 M\u00f3se.<a name=\"16\"><span class=\"versanumer\">16<\/span><\/a>\u00deannig lag\u00f0i J\u00f3s\u00faa undir sig allt \u00feetta land: fjalllendi\u00f0, allt su\u00f0urlandi\u00f0, allt G\u00f3senland, l\u00e1glendi\u00f0, sl\u00e9ttlendi\u00f0, svo og \u00cdsraelsfj\u00f6ll og l\u00e1glendi\u00f0, sem a\u00f0 \u00feeim liggur,<a name=\"17\"><span class=\"versanumer\">17<\/span><\/a>fr\u00e1 Skallabergi, sem liggur upp til Se\u00edr, til Baal Ga\u00f0 \u00ed L\u00edbanonsdal undir Hermonfjalli. Og \u00f6llum konungum \u00feeirra n\u00e1\u00f0i hann \u00e1 sitt vald, vann sigur \u00e1 \u00feeim og l\u00e9t drepa \u00fe\u00e1.<a name=\"18\"><span class=\"versanumer\">18<\/span><\/a>Um langa hr\u00ed\u00f0 \u00e1tti J\u00f3s\u00faa \u00ed orustum vi\u00f0 konunga \u00feessa.<a name=\"19\"><span class=\"versanumer\">19<\/span><\/a>Engin var s\u00fa borg, er fri\u00f0samlega gengi \u00cdsraelsm\u00f6nnum \u00e1 vald, nema Hev\u00edtar, \u00feeir er bjuggu \u00ed G\u00edbeon. Allt unnu \u00feeir me\u00f0 herna\u00f0i.<a name=\"20\"><span class=\"versanumer\">20<\/span><\/a>\u00dev\u00ed a\u00f0 \u00fea\u00f0 var fr\u00e1 Drottni komi\u00f0, a\u00f0 hann st\u00e6lti hj\u00f6rtu \u00feeirra til a\u00f0 fara \u00ed m\u00f3ti \u00cdsrael til bardaga, til \u00feess a\u00f0 \u00feeir yr\u00f0u v\u00e6g\u00f0arlaust bannf\u00e6r\u00f0ir og gj\u00f6reyddir, eins og Drottinn haf\u00f0i bo\u00f0i\u00f0 M\u00f3se.<a name=\"21\"><span class=\"versanumer\">21<\/span><\/a>\u00cd \u00fea\u00f0 mund f\u00f3r og J\u00f3s\u00faa og eyddi Anak\u00edtum \u00far fjalllendinu vi\u00f0 Hebron, \u00far Deb\u00edr, \u00far Anab og \u00far \u00f6llum J\u00fadafj\u00f6llum og \u00far \u00f6llum \u00cdsraelsfj\u00f6llum. J\u00f3s\u00faa bannf\u00e6r\u00f0i \u00fe\u00e1, \u00e1samt borgum \u00feeirra.<a name=\"22\"><span class=\"versanumer\">22<\/span><\/a>Engir Anak\u00edtar ur\u00f0u eftir \u00ed landi \u00cdsraelsmanna, a\u00f0eins \u00ed Gasa, Gat og Asd\u00f3d ur\u00f0u nokkrir eftir.<a name=\"23\"><span class=\"versanumer\">23<\/span><\/a>J\u00f3s\u00faa vann allt landi\u00f0, \u00f6ldungis eins og Drottinn haf\u00f0i bo\u00f0i\u00f0 M\u00f3se, og J\u00f3s\u00faa gaf \u00fea\u00f0 \u00cdsraelsm\u00f6nnum til eignar, hverri \u00e6ttkv\u00edsl sinn hluta. Eftir \u00fea\u00f0 l\u00e9tti \u00f3fri\u00f0i af landinu.<\/p>\n<div class=\"footnote1981\"><b>11.1<\/b> Jab\u00edn D\u00f3m 4.2-24; Slm 83.10 \u2013 alla \u00feessa konunga Slm 48.5; sbr Slm 2.2<br \/>\n<b>11.3<\/b> \u00dej\u00f3\u00f0irnar 5M\u00f3s 7.1<br \/>\n<b>11.4<\/b> Sem sandur \u00e1 sj\u00e1varstr\u00f6nd 1M\u00f3s 22.17; 32.12; 41.49; D\u00f3m 7.12; 1Sam 13.5<br \/>\n<b>11.6<\/b> \u00d3ttastu ekki J\u00f3s 10.25+<br \/>\n<b>11.12<\/b> Bo\u00f0 M\u00f3se 5M\u00f3s 20.16-17<br \/>\n<b>11.16<\/b> Allt landi\u00f0 sigra\u00f0 J\u00f3s 10.40+<br \/>\n<b>11.19<\/b> G\u00edbeon J\u00f3s 9.3-14<br \/>\n<b>11.20<\/b> Efla \u00feeim kjark 2M\u00f3s 4.21; 9.12; 10.20,27; 11.10; 14.4,8,17<br \/>\n<b>11.21<\/b> Anak\u00edtar 5M\u00f3s 2.10-11; D\u00f3m 1.20<br \/>\n<b>11.23<\/b> \u00d3fri\u00f0i lauk J\u00f3s 14.15; D\u00f3m 3.11+ ; 2Kro 13.23; 14.5; sbr J\u00f3s 21.44+<\/div>\n","protected":false},"excerpt":{"rendered":"<p>1\u00deegar Jab\u00edn, konungur \u00ed Has\u00f3r, spur\u00f0i \u00feessi t\u00ed\u00f0indi, gj\u00f6r\u00f0i hann or\u00f0 J\u00f3bab, konungi \u00ed Mad\u00f3n, svo og konunginum \u00ed Simron og konunginum \u00ed Aksaf2og konungunum, sem fyrir nor\u00f0an bjuggu, \u00ed fjalllendinu, \u00e1 sl\u00e9ttlendinu fyrir sunnan K\u00ednneret, \u00e1 l\u00e1glendinu og \u00e1 D\u00f3rh\u00e6\u00f0um \u00fati vi\u00f0 hafi\u00f0,3Kanaan\u00edtum, b\u00e6\u00f0i fyrir austan og vestan, Amor\u00edtum, Het\u00edtum, Peres\u00edtum, Jeb\u00fas\u00edtum \u00ed fjalllendinu og Hev\u00edtum ne\u00f0an undir Hermon \u00ed Mispalandi.4&#8222;H\u00e9ldu \u00feeir af sta\u00f0 me\u00f0 allan sinn her; var \u00fea\u00f0 mannfj\u00f6ldi svo mikill sem sandur \u00e1 sj\u00e1varstr\u00f6nd. H\u00f6f\u00f0u \u00feeir fj\u00f6lda hesta og vagna.&#8220;5Allir \u00feessir konungar \u00e1ttu me\u00f0 s\u00e9r stefnu, f\u00f3ru s\u00ed\u00f0an og settu herb\u00fa\u00f0ir s\u00ednar allir samt hj\u00e1 Mer\u00f3mv\u00f6tnum <a href=\"https:\/\/biblian.is\/1981\/josuabok-11-kafli\/\"> [&#8230;]<\/a><\/p>\n","protected":false},"author":1,"featured_media":0,"parent":0,"menu_order":0,"comment_status":"open","ping_status":"open","template":"bibliukaflar.php","meta":{"footnotes":""},"class_list":["post-1544","page","type-page","status-publish","hentry"],"_links":{"self":[{"href":"https:\/\/biblian.is\/1981\/wp-json\/wp\/v2\/pages\/1544","targetHints":{"allow":["GET"]}}],"collection":[{"href":"https:\/\/biblian.is\/1981\/wp-json\/wp\/v2\/pages"}],"about":[{"href":"https:\/\/biblian.is\/1981\/wp-json\/wp\/v2\/types\/page"}],"author":[{"embeddable":true,"href":"https:\/\/biblian.is\/1981\/wp-json\/wp\/v2\/users\/1"}],"replies":[{"embeddable":true,"href":"https:\/\/biblian.is\/1981\/wp-json\/wp\/v2\/comments?post=1544"}],"version-history":[{"count":0,"href":"https:\/\/biblian.is\/1981\/wp-json\/wp\/v2\/pages\/1544\/revisions"}],"wp:attachment":[{"href":"https:\/\/biblian.is\/1981\/wp-json\/wp\/v2\/media?parent=1544"}],"curies":[{"name":"wp","href":"https:\/\/api.w.org\/{rel}","templated":true}]}}