{"id":1543,"date":"2017-11-18T20:17:41","date_gmt":"2017-11-18T20:17:41","guid":{"rendered":"http:\/\/biblian.is\/1981\/josuabok-10-kafli\/"},"modified":"2017-11-18T20:17:41","modified_gmt":"2017-11-18T20:17:41","slug":"josuabok-10-kafli","status":"publish","type":"page","link":"https:\/\/biblian.is\/1981\/josuabok-10-kafli\/","title":{"rendered":"J\u00f3s\u00faab\u00f3k 10. kafli"},"content":{"rendered":"<p><a name=\"1\"><span class=\"versanumer\">1<\/span><\/a>Er Ad\u00f3n\u00edsedek, konungur \u00ed Jer\u00fasalem, fr\u00e9tti a\u00f0 J\u00f3s\u00faa hef\u00f0i unni\u00f0 A\u00ed og gj\u00f6reytt hana, a\u00f0 hann hef\u00f0i fari\u00f0 me\u00f0 A\u00ed og konung hennar eins og hann f\u00f3r me\u00f0 Jer\u00edk\u00f3 og konung hennar, og a\u00f0 G\u00edbeonb\u00faar hef\u00f0u gj\u00f6rt fri\u00f0 vi\u00f0 \u00cdsrael og byggju me\u00f0al \u00feeirra,<a name=\"2\"><span class=\"versanumer\">2<\/span><\/a>\u00fe\u00e1 ur\u00f0u \u00feeir mj\u00f6g hr\u00e6ddir, \u00fev\u00ed a\u00f0 G\u00edbeon var st\u00f3r borg, engu minni en konungaborgirnar, og h\u00fan var st\u00e6rri en A\u00ed og allir borgarb\u00faar hreystimenn.<a name=\"3\"><span class=\"versanumer\">3<\/span><\/a>Sendi Ad\u00f3n\u00edsedek, konungur \u00ed Jer\u00fasalem, \u00fe\u00e1 til H\u00f3hams, konungs \u00ed Hebron, til P\u00edrams, konungs \u00ed Jarm\u00fat, til Jaf\u00eda, konungs \u00ed Lak\u00eds, og til Deb\u00edrs, konungs \u00ed Eglon, og l\u00e9t segja \u00feeim:<a name=\"4\"><span class=\"versanumer\">4<\/span><\/a>Komi\u00f0 til m\u00f3ts vi\u00f0 mig og veiti\u00f0 m\u00e9r fulltingi, a\u00f0 v\u00e9r megum vinna G\u00edbeon, \u00fev\u00ed a\u00f0 h\u00fan hefir gj\u00f6rt fri\u00f0 vi\u00f0 J\u00f3s\u00faa og \u00cdsraelsmenn.<a name=\"5\"><span class=\"versanumer\">5<\/span><\/a>\u00de\u00e1 s\u00f6fnu\u00f0ust saman fimm konungar Amor\u00edta og f\u00f3ru \u00feanga\u00f0 me\u00f0 \u00f6llu li\u00f0i s\u00ednu: konungurinn \u00ed Jer\u00fasalem, konungurinn \u00ed Hebron, konungurinn \u00ed Jarm\u00fat, konungurinn \u00ed Lak\u00eds og konungurinn \u00ed Eglon. Settust \u00feeir um G\u00edbeon og t\u00f3ku a\u00f0 herja \u00e1 hana.<a name=\"6\"><span class=\"versanumer\">6<\/span><\/a>G\u00edbeonmenn sendu \u00fe\u00e1 til J\u00f3s\u00faa \u00ed herb\u00fa\u00f0irnar \u00ed Gilgal, og l\u00e9tu segja honum: Sl\u00e1 ekki hendi \u00feinni af \u00fej\u00f3num \u00fe\u00ednum. Kom sem skj\u00f3tast oss til hj\u00e1lpar og veit oss fulltingi, \u00fev\u00ed a\u00f0 allir konungar Amor\u00edta, \u00feeirra er b\u00faa \u00ed fjalllendinu, hafa safnast saman \u00ed m\u00f3ti oss.<a name=\"7\"><span class=\"versanumer\">7<\/span><\/a>\u00de\u00e1 f\u00f3r J\u00f3s\u00faa fr\u00e1 Gilgal me\u00f0 allt li\u00f0 sitt og alla kappa s\u00edna.<a name=\"8\"><span class=\"versanumer\">8<\/span><\/a>Drottinn sag\u00f0i vi\u00f0 J\u00f3s\u00faa: \u00de\u00fa skalt ekki hr\u00e6\u00f0ast \u00fe\u00e1, \u00fev\u00ed a\u00f0 \u00e9g mun gefa \u00fe\u00e1 \u00ed \u00fe\u00ednar hendur. Enginn \u00feeirra mun f\u00e1 sta\u00f0ist fyrir \u00fe\u00e9r.<a name=\"9\"><span class=\"versanumer\">9<\/span><\/a>J\u00f3s\u00faa kom n\u00fa a\u00f0 \u00feeim \u00f3v\u00f6rum, \u00fev\u00ed a\u00f0 hann h\u00e9lt \u00e1fram fer\u00f0inni alla n\u00f3ttina fr\u00e1 Gilgal.<a name=\"10\"><span class=\"versanumer\">10<\/span><\/a>Og Drottinn gj\u00f6r\u00f0i \u00fe\u00e1 felmtsfulla fyrir \u00cdsrael og bi\u00f0u \u00feeir mikinn \u00f3sigur vi\u00f0 G\u00edbeon, en hinir eltu \u00fe\u00e1 \u00ed \u00e1ttina til st\u00edgsins, er liggur upp a\u00f0 Bet H\u00f3ron, og felldu menn \u00e1 fl\u00f3ttanum allt til Aseka og Makeda.<a name=\"11\"><span class=\"versanumer\">11<\/span><\/a>En er \u00feeir fl\u00fd\u00f0u fyrir \u00cdsrael og voru \u00e1 lei\u00f0 ni\u00f0ur fr\u00e1 Bet H\u00f3ron, \u00fe\u00e1 l\u00e9t Drottinn st\u00f3ra steina falla yfir \u00fe\u00e1 af himni alla lei\u00f0 til Aseka, svo a\u00f0 \u00feeir d\u00f3u. Voru \u00feeir fleiri, er f\u00e9llu fyrir haglsteinunum, en \u00feeir, er \u00cdsraelsmenn dr\u00e1pu me\u00f0 sver\u00f0seggjum.<a name=\"12\"><span class=\"versanumer\">12<\/span><\/a>\u00de\u00e1 tala\u00f0i J\u00f3s\u00faa vi\u00f0 Drottin, \u00feann dag er Drottinn gaf Amor\u00edta \u00e1 vald \u00cdsraelsm\u00f6nnum, og hann m\u00e6lti \u00ed \u00e1heyrn \u00cdsraels: S\u00f3l statt \u00fe\u00fa kyrr \u00ed G\u00edbeon, og \u00fe\u00fa, tungl, \u00ed Ajalondal!<a name=\"13\"><span class=\"versanumer\">13<\/span><\/a>Og s\u00f3lin st\u00f3\u00f0 kyrr, og tungli\u00f0 sta\u00f0na\u00f0i, uns l\u00fd\u00f0urinn haf\u00f0i hefnt s\u00edn \u00e1 \u00f3vinum s\u00ednum. Svo er skrifa\u00f0 \u00ed B\u00f3k hinna r\u00e9ttl\u00e1tu. \u00de\u00e1 sta\u00f0na\u00f0i s\u00f3lin \u00e1 mi\u00f0jum himni og hra\u00f0a\u00f0i s\u00e9r eigi a\u00f0 ganga undir n\u00e6r \u00fev\u00ed heilan dag.<a name=\"14\"><span class=\"versanumer\">14<\/span><\/a>Og enginn dagur hefir \u00feessum degi l\u00edkur veri\u00f0, hvorki fyrr n\u00e9 s\u00ed\u00f0ar, a\u00f0 Drottinn skyldi l\u00e1ta a\u00f0 or\u00f0um manns, \u00fev\u00ed a\u00f0 Drottinn bar\u00f0ist fyrir \u00cdsrael.<a name=\"15\"><span class=\"versanumer\">15<\/span><\/a>J\u00f3s\u00faa f\u00f3r \u00fe\u00e1 aftur til herb\u00fa\u00f0anna \u00ed Gilgal og allur \u00cdsrael me\u00f0 honum.<a name=\"16\"><span class=\"versanumer\">16<\/span><\/a>Konungarnir fimm, er fyrr var geti\u00f0, fl\u00fd\u00f0u og leyndust \u00ed hellinum hj\u00e1 Makeda.<a name=\"17\"><span class=\"versanumer\">17<\/span><\/a>\u00de\u00e1 var J\u00f3s\u00faa sagt svo fr\u00e1: Konungarnir fimm eru fundnir. \u00deeir leynast \u00ed hellinum hj\u00e1 Makeda.<a name=\"18\"><span class=\"versanumer\">18<\/span><\/a>\u00de\u00e1 sag\u00f0i J\u00f3s\u00faa: Velti\u00f0 st\u00f3rum steinum fyrir hellismunnann og setji\u00f0 menn vi\u00f0 hann til a\u00f0 g\u00e6ta \u00feeirra.<a name=\"19\"><span class=\"versanumer\">19<\/span><\/a>En sj\u00e1lfir skulu\u00f0 \u00fe\u00e9r eigi sta\u00f0ar nema. Veiti\u00f0 \u00f3vinum y\u00f0ar eftirf\u00f6r, vinni\u00f0 \u00e1 \u00feeim, sem aftastir fara, og l\u00e1ti\u00f0 \u00fe\u00e1 ekki komast inn \u00ed borgir s\u00ednar, \u00fev\u00ed a\u00f0 Drottinn, Gu\u00f0 y\u00f0ar, hefir gefi\u00f0 \u00fe\u00e1 y\u00f0ur \u00e1 vald.<a name=\"20\"><span class=\"versanumer\">20<\/span><\/a>Er J\u00f3s\u00faa og \u00cdsraelsmenn h\u00f6f\u00f0u unni\u00f0 mikinn sigur \u00e1 \u00feeim, svo a\u00f0 \u00feeir voru fr\u00e1 me\u00f0 \u00f6llu  en \u00feeir af \u00feeim, er undan h\u00f6f\u00f0u komist, h\u00f6f\u00f0u fari\u00f0 inn \u00ed v\u00edggirtu borgirnar ,<a name=\"21\"><span class=\"versanumer\">21<\/span><\/a>\u00fe\u00e1 sneri allt li\u00f0i\u00f0 aftur til J\u00f3s\u00faa \u00ed herb\u00fa\u00f0irnar vi\u00f0 Makeda heilu og h\u00f6ldnu. \u00deor\u00f0i enginn framar or\u00f0 a\u00f0 m\u00e6la gegn \u00cdsraelsm\u00f6nnum.<a name=\"22\"><span class=\"versanumer\">22<\/span><\/a>\u00de\u00e1 sag\u00f0i J\u00f3s\u00faa: Opni\u00f0 hellismunnann og lei\u00f0i\u00f0 \u00feessa fimm konunga \u00fat til m\u00edn \u00far hellinum.<a name=\"23\"><span class=\"versanumer\">23<\/span><\/a>\u00deeir gj\u00f6r\u00f0u svo og leiddu \u00feessa fimm konunga til hans \u00far hellinum: konunginn \u00ed Jer\u00fasalem, konunginn \u00ed Hebron, konunginn \u00ed Jarm\u00fat, konunginn \u00ed Lak\u00eds og konunginn \u00ed Eglon.<a name=\"24\"><span class=\"versanumer\">24<\/span><\/a>Og er \u00feeir h\u00f6f\u00f0u leitt konunga \u00feessa \u00fat til J\u00f3s\u00faa, \u00fe\u00e1 kalla\u00f0i J\u00f3s\u00faa saman alla menn \u00ed \u00cdsrael og sag\u00f0i vi\u00f0 fyrirli\u00f0a hermannanna, \u00fe\u00e1 er me\u00f0 honum h\u00f6f\u00f0u fari\u00f0: Komi\u00f0 hinga\u00f0 og st\u00edgi\u00f0 f\u00e6ti \u00e1 h\u00e1ls konungum \u00feessum! \u00deeir gengu \u00fe\u00e1 fram og stigu f\u00e6ti \u00e1 h\u00e1ls \u00feeim.<a name=\"25\"><span class=\"versanumer\">25<\/span><\/a>\u00de\u00e1 sag\u00f0i J\u00f3s\u00faa vi\u00f0 \u00fe\u00e1: \u00d3ttist ekki og l\u00e1ti\u00f0 ekki hugfallast, veri\u00f0 hughraustir og \u00f6ruggir, \u00fev\u00ed a\u00f0 svo mun Drottinn fara me\u00f0 alla \u00f3vini y\u00f0ar, er \u00fe\u00e9r berjist vi\u00f0.<a name=\"26\"><span class=\"versanumer\">26<\/span><\/a>Eftir \u00fea\u00f0 l\u00e9t J\u00f3s\u00faa drepa \u00fe\u00e1, og er hann haf\u00f0i l\u00edfl\u00e1ti\u00f0 \u00fe\u00e1, l\u00e9t hann hengja \u00fe\u00e1 \u00e1 fimm tr\u00e9, og \u00feeir h\u00e9ngu \u00e1 trj\u00e1num allt til kvelds.<a name=\"27\"><span class=\"versanumer\">27<\/span><\/a>En er komi\u00f0 var undir s\u00f3larlag, bau\u00f0 J\u00f3s\u00faa a\u00f0 taka \u00fe\u00e1 ofan af trj\u00e1num. \u00de\u00e1 k\u00f6stu\u00f0u \u00feeir \u00feeim \u00ed hellinn, sem \u00feeir h\u00f6f\u00f0u leynst \u00ed, og b\u00e1ru s\u00ed\u00f0an st\u00f3ra steina fyrir hellismunnann, og eru \u00feeir \u00fear enn \u00ed dag.<a name=\"28\"><span class=\"versanumer\">28<\/span><\/a>\u00deennan sama dag vann J\u00f3s\u00faa Makeda og t\u00f3k hana herskildi, og hann bannf\u00e6r\u00f0i konung hennar, svo og borgina og alla \u00fe\u00e1 menn, sem \u00ed henni voru. L\u00e9t hann engan komast undan, og me\u00f0 konunginn \u00ed Makeda f\u00f3r hann eins og hann haf\u00f0i fari\u00f0 me\u00f0 konunginn \u00ed Jer\u00edk\u00f3.<a name=\"29\"><span class=\"versanumer\">29<\/span><\/a>S\u00ed\u00f0an f\u00f3r J\u00f3s\u00faa og allur \u00cdsrael me\u00f0 honum fr\u00e1 Makeda til L\u00edbna og herja\u00f0i \u00e1 L\u00edbna.<a name=\"30\"><span class=\"versanumer\">30<\/span><\/a>Og Drottinn gaf einnig hana \u00ed hendur \u00cdsrael, svo og konung hennar, og hann t\u00f3k hana herskildi og drap alla \u00fe\u00e1 menn, er \u00ed henni voru. L\u00e9t hann \u00fear engan komast undan, og hann f\u00f3r me\u00f0 konung hennar eins og hann haf\u00f0i fari\u00f0 me\u00f0 konunginn \u00ed Jer\u00edk\u00f3.<a name=\"31\"><span class=\"versanumer\">31<\/span><\/a>\u00dev\u00ed n\u00e6st f\u00f3r J\u00f3s\u00faa og allur \u00cdsrael me\u00f0 honum fr\u00e1 L\u00edbna til Lak\u00eds og settist um hana og herja\u00f0i \u00e1 hana.<a name=\"32\"><span class=\"versanumer\">32<\/span><\/a>Og Drottinn gaf Lak\u00eds \u00ed hendur \u00cdsrael, og hann vann hana \u00e1 \u00f6\u00f0rum degi og t\u00f3k hana herskildi og drap alla menn, sem \u00ed henni voru, \u00f6ldungis eins og hann haf\u00f0i fari\u00f0 me\u00f0 L\u00edbna.<a name=\"33\"><span class=\"versanumer\">33<\/span><\/a>\u00de\u00e1 f\u00f3r H\u00f3ram, konungur \u00ed Geser, til li\u00f0s vi\u00f0 Lak\u00eds, en J\u00f3s\u00faa felldi hann og li\u00f0 hans, svo a\u00f0 enginn \u00feeirra komst undan.<a name=\"34\"><span class=\"versanumer\">34<\/span><\/a>\u00dev\u00ed n\u00e6st f\u00f3r J\u00f3s\u00faa og allur \u00cdsrael me\u00f0 honum fr\u00e1 Lak\u00eds til Eglon, og \u00feeir settust um hana og herju\u00f0u \u00e1 hana.<a name=\"35\"><span class=\"versanumer\">35<\/span><\/a>Og \u00feeir unnu hana samd\u00e6gurs og t\u00f3ku hana herskildi, og alla menn, er \u00ed henni voru, bannf\u00e6r\u00f0i hann \u00feennan sama dag, \u00f6ldungis eins og hann haf\u00f0i fari\u00f0 me\u00f0 Lak\u00eds.<a name=\"36\"><span class=\"versanumer\">36<\/span><\/a>\u00de\u00e1 f\u00f3r J\u00f3s\u00faa og allur \u00cdsrael me\u00f0 honum fr\u00e1 Eglon til Hebron, og \u00feeir herju\u00f0u \u00e1 hana.<a name=\"37\"><span class=\"versanumer\">37<\/span><\/a>&#8222;Og \u00feeir unnu hana og t\u00f3ku hana herskildi; og \u00feeir felldu konung hennar og alla \u00edb\u00faana \u00ed borgunum \u00fear umhverfis og alla menn, sem \u00ed henni voru, svo a\u00f0 enginn komst undan, \u00f6ldungis eins og hann haf\u00f0i fari\u00f0 me\u00f0 Eglon, og hann bannf\u00e6r\u00f0i borgina og alla menn, er \u00ed henni voru.&#8220;<a name=\"38\"><span class=\"versanumer\">38<\/span><\/a>\u00de\u00e1 sneri J\u00f3s\u00faa og allur \u00cdsrael me\u00f0 honum aftur til Deb\u00edr og herja\u00f0i \u00e1 hana.<a name=\"39\"><span class=\"versanumer\">39<\/span><\/a>&#8222;N\u00e1\u00f0i hann henni og konungi hennar og \u00f6llum borgunum \u00fear umhverfis \u00e1 sitt vald; felldu \u00feeir \u00fe\u00e1 me\u00f0 sver\u00f0seggjum og bannf\u00e6r\u00f0u alla menn, er \u00ed henni voru, svo a\u00f0 enginn komst undan. Eins og hann haf\u00f0i fari\u00f0 me\u00f0 Hebron, svo f\u00f3r hann og me\u00f0 Deb\u00edr og konung hennar, og eins og hann haf\u00f0i fari\u00f0 me\u00f0 L\u00edbna og konung hennar.&#8220;<a name=\"40\"><span class=\"versanumer\">40<\/span><\/a>\u00deannig braut J\u00f3s\u00faa undir sig landi\u00f0 allt: fjalllendi\u00f0, su\u00f0urlandi\u00f0, l\u00e1glendi\u00f0 og hl\u00ed\u00f0arnar , og hann felldi alla konunga \u00feeirra, svo a\u00f0 enginn komst undan, og bannf\u00e6r\u00f0i allt, sem l\u00edfsanda dr\u00f3, eins og Drottinn, \u00cdsraels Gu\u00f0, haf\u00f0i bo\u00f0i\u00f0 honum.<a name=\"41\"><span class=\"versanumer\">41<\/span><\/a>Og J\u00f3s\u00faa lag\u00f0i undir sig land allt fr\u00e1 Kades Barnea til Gasa og allt G\u00f3senland til G\u00edbeon.<a name=\"42\"><span class=\"versanumer\">42<\/span><\/a>Og alla \u00feessa konunga og land \u00feeirra vann J\u00f3s\u00faa \u00ed einu, \u00fev\u00ed a\u00f0 Drottinn, \u00cdsraels Gu\u00f0, bar\u00f0ist fyrir \u00cdsrael.<a name=\"43\"><span class=\"versanumer\">43<\/span><\/a>Sneri n\u00fa J\u00f3s\u00faa og allur \u00cdsrael me\u00f0 honum aftur til herb\u00fa\u00f0anna \u00ed Gilgal.<\/p>\n<div class=\"footnote1981\"><b>10.1<\/b> A\u00ed unnin J\u00f3s 8.1-29 \u2013 eins og Jer\u00edk\u00f3 J\u00f3s 8.2+<br \/>\n<b>10.6<\/b> Halda s\u00e1ttm\u00e1lann vi\u00f0 G\u00edbeon\u00edta J\u00f3s 9.1-15<br \/>\n<b>10.10<\/b> Sigur vi\u00f0 G\u00edbeon Jes 28.21 \u2013 Makeda J\u00f3s 10.16-27<br \/>\n<b>10.11<\/b> Haglgr\u00fdti Jes 28.17; 30.30; SSal 5.22; S\u00edr 46.5<br \/>\n<b>10.13<\/b> S\u00f3lin st\u00f3\u00f0 kyrr Hab 3.11; S\u00edr 46.4<br \/>\n<b>10.14<\/b> Gu\u00f0 b\u00e6nheyrir 2M\u00f3s 2.24; 3.7; 6.5; D\u00f3m 2.18; Slm 106.44 \u2013 Drottin fer a\u00f0 or\u00f0um manns 1M\u00f3s 16.11; 17.20; 30.6; 1Kon 17.1; 2Kon 13.4; 19.20; 20.5; Matt 6.6; 7.7-11 og hlst. 21.22 og hlst.; L\u00fak 11.5-13; 18.1-8; 1J\u00f3h 5.14-15 \u2013 Drottinn bar\u00f0ist fyrir \u00cdsrael J\u00f3s 10.42; 23.3,10; 2M\u00f3s 14.14; 5M\u00f3s 1.30; 3.22+<br \/>\n<b>10.25<\/b> Veri\u00f0 hraustir J\u00f3s 1.6-7,9,18; 8.1; 5M\u00f3s 31.6<br \/>\n<b>10.26<\/b> Til kv\u00f6lds J\u00f3s 8.29; 5M\u00f3s 21.22-23<br \/>\n<b>10.28<\/b> Eins og \u00ed Jer\u00edk\u00f3 J\u00f3s 8.2+<br \/>\n<b>10.33<\/b> Geser J\u00f3s 16.10; D\u00f3m 1.29; 1Kon 9.16<br \/>\n<b>10.36<\/b> Hebron J\u00f3s 14.13-15; 15.13-14; D\u00f3m 1.10-20<br \/>\n<b>10.38<\/b> Deb\u00edr J\u00f3s 15.15-17; D\u00f3m 1.11-13<br \/>\n<b>10.40<\/b> Allt landi\u00f0 sigra\u00f0 J\u00f3s 11.16; D\u00f3m 1.9; sbr 5M\u00f3s 1.7<br \/>\n<b>10.42<\/b> Gu\u00f0 bar\u00f0ist J\u00f3s 10.14+ ; 5M\u00f3s 3.22+<\/div>\n","protected":false},"excerpt":{"rendered":"<p>1Er Ad\u00f3n\u00edsedek, konungur \u00ed Jer\u00fasalem, fr\u00e9tti a\u00f0 J\u00f3s\u00faa hef\u00f0i unni\u00f0 A\u00ed og gj\u00f6reytt hana, a\u00f0 hann hef\u00f0i fari\u00f0 me\u00f0 A\u00ed og konung hennar eins og hann f\u00f3r me\u00f0 Jer\u00edk\u00f3 og konung hennar, og a\u00f0 G\u00edbeonb\u00faar hef\u00f0u gj\u00f6rt fri\u00f0 vi\u00f0 \u00cdsrael og byggju me\u00f0al \u00feeirra,2\u00fe\u00e1 ur\u00f0u \u00feeir mj\u00f6g hr\u00e6ddir, \u00fev\u00ed a\u00f0 G\u00edbeon var st\u00f3r borg, engu minni en konungaborgirnar, og h\u00fan var st\u00e6rri en A\u00ed og allir borgarb\u00faar hreystimenn.3Sendi Ad\u00f3n\u00edsedek, konungur \u00ed Jer\u00fasalem, \u00fe\u00e1 til H\u00f3hams, konungs \u00ed Hebron, til P\u00edrams, konungs \u00ed Jarm\u00fat, til Jaf\u00eda, konungs \u00ed Lak\u00eds, og til Deb\u00edrs, konungs \u00ed Eglon, og l\u00e9t segja \u00feeim:4Komi\u00f0 til m\u00f3ts <a href=\"https:\/\/biblian.is\/1981\/josuabok-10-kafli\/\"> [&#8230;]<\/a><\/p>\n","protected":false},"author":1,"featured_media":0,"parent":0,"menu_order":0,"comment_status":"open","ping_status":"open","template":"bibliukaflar.php","meta":{"footnotes":""},"class_list":["post-1543","page","type-page","status-publish","hentry"],"_links":{"self":[{"href":"https:\/\/biblian.is\/1981\/wp-json\/wp\/v2\/pages\/1543","targetHints":{"allow":["GET"]}}],"collection":[{"href":"https:\/\/biblian.is\/1981\/wp-json\/wp\/v2\/pages"}],"about":[{"href":"https:\/\/biblian.is\/1981\/wp-json\/wp\/v2\/types\/page"}],"author":[{"embeddable":true,"href":"https:\/\/biblian.is\/1981\/wp-json\/wp\/v2\/users\/1"}],"replies":[{"embeddable":true,"href":"https:\/\/biblian.is\/1981\/wp-json\/wp\/v2\/comments?post=1543"}],"version-history":[{"count":0,"href":"https:\/\/biblian.is\/1981\/wp-json\/wp\/v2\/pages\/1543\/revisions"}],"wp:attachment":[{"href":"https:\/\/biblian.is\/1981\/wp-json\/wp\/v2\/media?parent=1543"}],"curies":[{"name":"wp","href":"https:\/\/api.w.org\/{rel}","templated":true}]}}