{"id":1542,"date":"2017-11-18T20:17:41","date_gmt":"2017-11-18T20:17:41","guid":{"rendered":"http:\/\/biblian.is\/1981\/josuabok-9-kafli\/"},"modified":"2017-11-18T20:17:41","modified_gmt":"2017-11-18T20:17:41","slug":"josuabok-9-kafli","status":"publish","type":"page","link":"https:\/\/biblian.is\/1981\/josuabok-9-kafli\/","title":{"rendered":"J\u00f3s\u00faab\u00f3k 9. kafli"},"content":{"rendered":"<p><a name=\"1\"><span class=\"versanumer\">1<\/span><\/a>\u00deegar allir konungar \u00feeir, sem bjuggu hinumegin J\u00f3rdanar, \u00ed fjalllendinu, \u00e1 l\u00e1glendinu og \u00e1 \u00f6llu strandlendinu vi\u00f0 hafi\u00f0 mikla gegnt L\u00edbanon Het\u00edtar, Amor\u00edtar, Kanaan\u00edtar, Peres\u00edtar, Hev\u00edtar og Jeb\u00fas\u00edtar spur\u00f0u \u00feetta,<a name=\"2\"><span class=\"versanumer\">2<\/span><\/a>\u00fe\u00e1 s\u00f6fnu\u00f0ust \u00feeir saman, allir sem einn ma\u00f0ur, til \u00feess a\u00f0 berjast vi\u00f0 J\u00f3s\u00faa og \u00cdsrael.<a name=\"3\"><span class=\"versanumer\">3<\/span><\/a>En \u00edb\u00faar \u00ed G\u00edbeon fr\u00e9ttu, hvernig J\u00f3s\u00faa haf\u00f0i fari\u00f0 me\u00f0 Jer\u00edk\u00f3 og A\u00ed.<a name=\"4\"><span class=\"versanumer\">4<\/span><\/a>Beittu \u00feeir n\u00fa l\u00edka sl\u00e6g\u00f0. F\u00f3ru \u00feeir og fengu s\u00e9r veganesti, t\u00f3ku gamla sekki \u00e1 asna s\u00edna, og gamla, rifna og samanbundna v\u00ednbelgi,<a name=\"5\"><span class=\"versanumer\">5<\/span><\/a>og gamla, b\u00e6tta sk\u00f3 \u00e1 f\u00e6tur s\u00e9r og f\u00f3ru \u00ed g\u00f6mul f\u00f6t, og allt brau\u00f0, sem \u00feeir h\u00f6f\u00f0u \u00ed nesti, var hart og komi\u00f0 \u00ed mola.<a name=\"6\"><span class=\"versanumer\">6<\/span><\/a>F\u00f3ru \u00feeir \u00e1 fund J\u00f3s\u00faa \u00ed herb\u00fa\u00f0irnar \u00ed Gilgal og s\u00f6g\u00f0u vi\u00f0 hann og \u00cdsraelsmenn: V\u00e9r erum komnir fr\u00e1 fjarl\u00e6gu landi, gj\u00f6ri\u00f0 n\u00fa s\u00e1ttm\u00e1la vi\u00f0 oss!<a name=\"7\"><span class=\"versanumer\">7<\/span><\/a>\u00de\u00e1 sv\u00f6ru\u00f0u \u00cdsraelsmenn Hev\u00edtunum: Vera m\u00e1, a\u00f0 \u00fe\u00e9r b\u00fai\u00f0 me\u00f0al vor. Hvernig megum v\u00e9r \u00fe\u00e1 gj\u00f6ra s\u00e1ttm\u00e1la vi\u00f0 y\u00f0ur?<a name=\"8\"><span class=\"versanumer\">8<\/span><\/a>\u00de\u00e1 s\u00f6g\u00f0u \u00feeir vi\u00f0 J\u00f3s\u00faa: V\u00e9r erum \u00fej\u00f3nar \u00fe\u00ednir. J\u00f3s\u00faa sag\u00f0i vi\u00f0 \u00fe\u00e1: Hverjir eru\u00f0 \u00fe\u00e9r og hva\u00f0an komi\u00f0 \u00fe\u00e9r?<a name=\"9\"><span class=\"versanumer\">9<\/span><\/a>\u00deeir s\u00f6g\u00f0u vi\u00f0 hann: V\u00e9r \u00fej\u00f3nar \u00fe\u00ednir erum komnir fr\u00e1 mj\u00f6g fjarl\u00e6gu landi fyrir sakir nafns Drottins Gu\u00f0s \u00fe\u00edns, \u00fev\u00ed a\u00f0 v\u00e9r h\u00f6fum heyrt hans geti\u00f0, svo og alls \u00feess, er hann gj\u00f6r\u00f0i Egyptum,<a name=\"10\"><span class=\"versanumer\">10<\/span><\/a>sem og \u00feess, hvernig hann f\u00f3r me\u00f0 b\u00e1\u00f0a Amor\u00edtakonungana, sem bjuggu hinumegin J\u00f3rdanar, \u00fe\u00e1 S\u00edhon konung \u00ed Hesbon og \u00d3g konung \u00ed Basan, sem bj\u00f3 \u00ed Astar\u00f3t.<a name=\"11\"><span class=\"versanumer\">11<\/span><\/a>Fyrir \u00fev\u00ed s\u00f6g\u00f0u \u00f6ldungar vorir og allir \u00edb\u00faar lands vors vi\u00f0 oss: Taki\u00f0 y\u00f0ur veganesti og fari\u00f0 til fundar vi\u00f0 \u00fe\u00e1 og segi\u00f0 vi\u00f0 \u00fe\u00e1: V\u00e9r erum \u00fej\u00f3nar y\u00f0ar, gj\u00f6ri\u00f0 n\u00fa s\u00e1ttm\u00e1la vi\u00f0 oss.<a name=\"12\"><span class=\"versanumer\">12<\/span><\/a>Sj\u00e1i\u00f0 h\u00e9r brau\u00f0 vort. V\u00e9r t\u00f3kum \u00fea\u00f0 n\u00fdbaka\u00f0 oss til nestis a\u00f0 heiman, \u00fe\u00e1 er v\u00e9r l\u00f6g\u00f0um af sta\u00f0 \u00e1 y\u00f0ar fund, en sj\u00e1, n\u00fa er \u00fea\u00f0 or\u00f0i\u00f0 hart og komi\u00f0 \u00ed mola.<a name=\"13\"><span class=\"versanumer\">13<\/span><\/a>Og v\u00ednbelgir \u00feessir voru n\u00fdir, \u00feegar v\u00e9r l\u00e9tum \u00e1 \u00fe\u00e1, en sj\u00e1, n\u00fa eru \u00feeir farnir a\u00f0 rifna, og \u00feessi kl\u00e6\u00f0i vor og sk\u00f3r vorir eru slitnir or\u00f0nir \u00e1 \u00feessari afar l\u00f6ngu lei\u00f0.<a name=\"14\"><span class=\"versanumer\">14<\/span><\/a>\u00de\u00e1 t\u00f3ku \u00cdsraelsmenn nokku\u00f0 af nesti \u00feeirra, en atkv\u00e6\u00f0a Drottins leitu\u00f0u \u00feeir ekki.<a name=\"15\"><span class=\"versanumer\">15<\/span><\/a>H\u00e9t J\u00f3s\u00faa \u00feeim \u00fe\u00e1 fri\u00f0i og gj\u00f6r\u00f0i \u00feann s\u00e1ttm\u00e1la vi\u00f0 \u00fe\u00e1, a\u00f0 hann skyldi l\u00e1ta \u00fe\u00e1 l\u00edfi halda, og h\u00f6fu\u00f0smenn safna\u00f0arins bundu \u00fea\u00f0 svard\u00f6gum vi\u00f0 \u00fe\u00e1.<a name=\"16\"><span class=\"versanumer\">16<\/span><\/a>\u00deremur d\u00f6gum eftir a\u00f0 \u00feeir h\u00f6f\u00f0u gj\u00f6rt \u00feennan s\u00e1ttm\u00e1la vi\u00f0 \u00fe\u00e1, spur\u00f0ist \u00fea\u00f0, a\u00f0 \u00feeir v\u00e6ru \u00fear \u00far grenndinni og a\u00f0 \u00feeir byggju mitt \u00e1 me\u00f0al \u00feeirra.<a name=\"17\"><span class=\"versanumer\">17<\/span><\/a>\u00cdsraelsmenn l\u00f6g\u00f0u \u00fe\u00e1 upp og komu \u00e1 \u00feri\u00f0ja degi til borga \u00feeirra, en borgir \u00feeirra voru G\u00edbeon, Kef\u00edra, Beer\u00f3t og Kirjat Jear\u00edm.<a name=\"18\"><span class=\"versanumer\">18<\/span><\/a>Og \u00cdsraelsmenn dr\u00e1pu \u00fe\u00e1 eigi, \u00fev\u00ed a\u00f0 h\u00f6fu\u00f0smenn safna\u00f0arins h\u00f6f\u00f0u svari\u00f0 \u00feeim gri\u00f0 \u00ed nafni Drottins, \u00cdsraels Gu\u00f0s. M\u00f6gla\u00f0i \u00fe\u00e1 allur s\u00f6fnu\u00f0urinn gegn h\u00f6fu\u00f0sm\u00f6nnunum.<a name=\"19\"><span class=\"versanumer\">19<\/span><\/a>\u00de\u00e1 s\u00f6g\u00f0u allir h\u00f6fu\u00f0smennirnir vi\u00f0 gj\u00f6rvallan s\u00f6fnu\u00f0inn: V\u00e9r h\u00f6fum svari\u00f0 \u00feeim gri\u00f0 \u00ed nafni Drottins, \u00cdsraels Gu\u00f0s. Fyrir \u00fev\u00ed megum v\u00e9r n\u00fa eigi snerta \u00fe\u00e1.<a name=\"20\"><span class=\"versanumer\">20<\/span><\/a>\u00deetta munum v\u00e9r vi\u00f0 \u00fe\u00e1 gj\u00f6ra og l\u00e1ta \u00fe\u00e1 l\u00edfi halda, svo a\u00f0 eigi komi yfir oss rei\u00f0i vegna ei\u00f0sins, er v\u00e9r s\u00f3rum \u00feeim.<a name=\"21\"><span class=\"versanumer\">21<\/span><\/a>Og h\u00f6fu\u00f0smennirnir s\u00f6g\u00f0u: \u00deeir skulu l\u00edfi halda! Og \u00feeir ur\u00f0u vi\u00f0arh\u00f6ggsmenn og vatnsberar fyrir allan s\u00f6fnu\u00f0inn, eins og h\u00f6fu\u00f0smennirnir h\u00f6f\u00f0u sagt \u00feeim.<a name=\"22\"><span class=\"versanumer\">22<\/span><\/a>\u00de\u00e1 l\u00e9t J\u00f3s\u00faa kalla \u00fe\u00e1 og m\u00e6lti vi\u00f0 \u00fe\u00e1 \u00e1 \u00feessa lei\u00f0: Hv\u00ed sviku\u00f0 \u00fe\u00e9r oss, er \u00fe\u00e9r s\u00f6g\u00f0u\u00f0: V\u00e9r eigum heima mj\u00f6g langt \u00ed burtu fr\u00e1 y\u00f0ur, \u00fear sem \u00fe\u00e9r \u00fe\u00f3 b\u00fai\u00f0 mitt \u00e1 me\u00f0al vor?<a name=\"23\"><span class=\"versanumer\">23<\/span><\/a>Fyrir \u00fev\u00ed skulu\u00f0 \u00fe\u00e9r n\u00fa vera b\u00f6lva\u00f0ir og jafnan vera \u00fer\u00e6lar upp fr\u00e1 \u00feessu, b\u00e6\u00f0i vi\u00f0arh\u00f6ggsmenn og vatnsberar fyrir h\u00fas Gu\u00f0s m\u00edns.<a name=\"24\"><span class=\"versanumer\">24<\/span><\/a>\u00de\u00e1 sv\u00f6ru\u00f0u \u00feeir J\u00f3s\u00faa og s\u00f6g\u00f0u: Oss \u00fej\u00f3num \u00fe\u00ednum var fr\u00e1 \u00fev\u00ed sagt, a\u00f0 Drottinn, Gu\u00f0 \u00feinn, hef\u00f0i heiti\u00f0 M\u00f3se, \u00fej\u00f3ni s\u00ednum, a\u00f0 gefa y\u00f0ur allt landi\u00f0, en ey\u00f0a \u00f6llum landsb\u00faum fyrir y\u00f0ur. Fyrir \u00fev\u00ed ur\u00f0um v\u00e9r hr\u00e6ddir um l\u00edf vort fyrir y\u00f0ur og t\u00f3kum \u00fev\u00ed \u00feetta til brag\u00f0s.<a name=\"25\"><span class=\"versanumer\">25<\/span><\/a>En n\u00fa erum v\u00e9r \u00e1 \u00fe\u00ednu valdi. Far \u00fe\u00fa me\u00f0 oss svo sem \u00fe\u00e9r \u00feykir gott og r\u00e9tt vera.<a name=\"26\"><span class=\"versanumer\">26<\/span><\/a>Og J\u00f3s\u00faa f\u00f3r svo me\u00f0 \u00fe\u00e1 og frelsa\u00f0i \u00fe\u00e1 \u00far h\u00f6ndum \u00cdsraelsmanna, svo a\u00f0 \u00feeir dr\u00e6pu \u00fe\u00e1 ekki.<a name=\"27\"><span class=\"versanumer\">27<\/span><\/a>Og hann gj\u00f6r\u00f0i \u00fe\u00e1 \u00e1 \u00feeim degi a\u00f0 vi\u00f0arh\u00f6ggsm\u00f6nnum og vatnsberum fyrir s\u00f6fnu\u00f0inn og fyrir altari Drottins \u00e1 \u00feeim sta\u00f0, er hann mundi til velja, og er svo enn \u00ed dag.<\/p>\n<div class=\"footnote1981\"><b>9.9<\/b> Heyrt or\u00f0st\u00edr Drottins J\u00f3s 2.10<br \/>\n<b>9.10<\/b> Konungar Amor\u00edta sigra\u00f0ir 4M\u00f3s 21.24-33; 5M\u00f3s 1.4+<br \/>\n<b>9.14<\/b> Leita \u00farskur\u00f0ar Drottins 4M\u00f3s 27.21; 1Sam 23.2,4,9-12; 1Kon 22.5-8<br \/>\n<b>9.20<\/b> S\u00f3ru G\u00edbeon\u00edtum ei\u00f0 2Sam 21.1-9<br \/>\n<b>9.21<\/b> \u00c1nau\u00f0ugir 5M\u00f3s 20.11+<br \/>\n<b>9.24<\/b> Ry\u00f0ja \u00edb\u00faunum \u00far vegi 5M\u00f3s 2.34<br \/>\n<b>9.27<\/b> Drottinn velur sta\u00f0 5M\u00f3s 12.5+<\/div>\n","protected":false},"excerpt":{"rendered":"<p>1\u00deegar allir konungar \u00feeir, sem bjuggu hinumegin J\u00f3rdanar, \u00ed fjalllendinu, \u00e1 l\u00e1glendinu og \u00e1 \u00f6llu strandlendinu vi\u00f0 hafi\u00f0 mikla gegnt L\u00edbanon Het\u00edtar, Amor\u00edtar, Kanaan\u00edtar, Peres\u00edtar, Hev\u00edtar og Jeb\u00fas\u00edtar spur\u00f0u \u00feetta,2\u00fe\u00e1 s\u00f6fnu\u00f0ust \u00feeir saman, allir sem einn ma\u00f0ur, til \u00feess a\u00f0 berjast vi\u00f0 J\u00f3s\u00faa og \u00cdsrael.3En \u00edb\u00faar \u00ed G\u00edbeon fr\u00e9ttu, hvernig J\u00f3s\u00faa haf\u00f0i fari\u00f0 me\u00f0 Jer\u00edk\u00f3 og A\u00ed.4Beittu \u00feeir n\u00fa l\u00edka sl\u00e6g\u00f0. F\u00f3ru \u00feeir og fengu s\u00e9r veganesti, t\u00f3ku gamla sekki \u00e1 asna s\u00edna, og gamla, rifna og samanbundna v\u00ednbelgi,5og gamla, b\u00e6tta sk\u00f3 \u00e1 f\u00e6tur s\u00e9r og f\u00f3ru \u00ed g\u00f6mul f\u00f6t, og allt brau\u00f0, sem \u00feeir h\u00f6f\u00f0u \u00ed nesti, var hart <a href=\"https:\/\/biblian.is\/1981\/josuabok-9-kafli\/\"> [&#8230;]<\/a><\/p>\n","protected":false},"author":1,"featured_media":0,"parent":0,"menu_order":0,"comment_status":"open","ping_status":"open","template":"bibliukaflar.php","meta":{"footnotes":""},"class_list":["post-1542","page","type-page","status-publish","hentry"],"_links":{"self":[{"href":"https:\/\/biblian.is\/1981\/wp-json\/wp\/v2\/pages\/1542","targetHints":{"allow":["GET"]}}],"collection":[{"href":"https:\/\/biblian.is\/1981\/wp-json\/wp\/v2\/pages"}],"about":[{"href":"https:\/\/biblian.is\/1981\/wp-json\/wp\/v2\/types\/page"}],"author":[{"embeddable":true,"href":"https:\/\/biblian.is\/1981\/wp-json\/wp\/v2\/users\/1"}],"replies":[{"embeddable":true,"href":"https:\/\/biblian.is\/1981\/wp-json\/wp\/v2\/comments?post=1542"}],"version-history":[{"count":0,"href":"https:\/\/biblian.is\/1981\/wp-json\/wp\/v2\/pages\/1542\/revisions"}],"wp:attachment":[{"href":"https:\/\/biblian.is\/1981\/wp-json\/wp\/v2\/media?parent=1542"}],"curies":[{"name":"wp","href":"https:\/\/api.w.org\/{rel}","templated":true}]}}