{"id":1541,"date":"2017-11-18T20:17:41","date_gmt":"2017-11-18T20:17:41","guid":{"rendered":"http:\/\/biblian.is\/1981\/josuabok-8-kafli\/"},"modified":"2017-11-18T20:17:41","modified_gmt":"2017-11-18T20:17:41","slug":"josuabok-8-kafli","status":"publish","type":"page","link":"https:\/\/biblian.is\/1981\/josuabok-8-kafli\/","title":{"rendered":"J\u00f3s\u00faab\u00f3k 8. kafli"},"content":{"rendered":"<p><a name=\"1\"><span class=\"versanumer\">1<\/span><\/a>Drottinn sag\u00f0i vi\u00f0 J\u00f3s\u00faa: \u00d3ttast \u00fe\u00fa eigi og l\u00e1t eigi hugfallast. Tak me\u00f0 \u00fe\u00e9r allt herli\u00f0i\u00f0, og tak \u00feig upp og far til A\u00ed. Sj\u00e1, \u00e9g mun gefa konunginn \u00ed A\u00ed, f\u00f3lk hans, borg og land \u00ed \u00fe\u00ednar hendur.<a name=\"2\"><span class=\"versanumer\">2<\/span><\/a>Og \u00fe\u00fa skalt fara me\u00f0 A\u00ed og konung hennar eins og \u00fe\u00fa f\u00f3rst me\u00f0 Jer\u00edk\u00f3 og konung hennar. \u00de\u00f3 megi\u00f0 \u00fe\u00e9r taka herfang \u00fea\u00f0 og f\u00e9na\u00f0 \u00feann, sem \u00fear er, y\u00f0ur til handa. Settu launs\u00e1tur a\u00f0 baki borgarinnar.<a name=\"3\"><span class=\"versanumer\">3<\/span><\/a>\u00de\u00e1 t\u00f3k J\u00f3s\u00faa sig upp me\u00f0 allt herli\u00f0i\u00f0 og h\u00e9lt til A\u00ed. En J\u00f3s\u00faa valdi n\u00fa \u00ferj\u00e1t\u00edu \u00fe\u00fasundir hraustra manna og sendi \u00fe\u00e1 af sta\u00f0 um n\u00f3ttina<a name=\"4\"><span class=\"versanumer\">4<\/span><\/a>og lag\u00f0i svo fyrir \u00fe\u00e1: Sj\u00e1i\u00f0 til! \u00de\u00e9r skulu\u00f0 liggja \u00ed launs\u00e1tri a\u00f0 baki borgarinnar, en veri\u00f0 ekki mj\u00f6g langt fr\u00e1 borginni og veri\u00f0 allir vi\u00f0b\u00fanir.<a name=\"5\"><span class=\"versanumer\">5<\/span><\/a>Sj\u00e1lfur mun \u00e9g fara til borgarinnar me\u00f0 alla m\u00edna menn, og er \u00feeir fara \u00fat \u00ed m\u00f3ti oss, eins og hi\u00f0 fyrra sinni\u00f0, munum v\u00e9r fl\u00fdja undan \u00feeim.<a name=\"6\"><span class=\"versanumer\">6<\/span><\/a>Og \u00feeir munu veita oss eftirf\u00f6r, uns v\u00e9r h\u00f6fum teygt \u00fe\u00e1 burt fr\u00e1 borginni, \u00fev\u00ed a\u00f0 \u00feeir munu segja: N\u00fa fl\u00fdja \u00feeir fyrir oss, eins og hi\u00f0 fyrra sinni\u00f0, og v\u00e9r munum fl\u00fdja fyrir \u00feeim.<a name=\"7\"><span class=\"versanumer\">7<\/span><\/a>\u00de\u00e1 skulu\u00f0 \u00fe\u00e9r spretta upp \u00far launs\u00e1trinu og taka borgina, \u00fev\u00ed a\u00f0 Drottinn, Gu\u00f0 y\u00f0ar, mun gefa hana \u00e1 y\u00f0ar vald.<a name=\"8\"><span class=\"versanumer\">8<\/span><\/a>&#8222;En er \u00fe\u00e9r hafi\u00f0 teki\u00f0 borgina herskildi, skulu\u00f0 \u00fe\u00e9r leggja eld \u00ed borgina. Gj\u00f6ri\u00f0 \u00fea\u00f0, sem Drottinn segir. Gefi\u00f0 n\u00fa g\u00e6tur a\u00f0; \u00e9g hefi bo\u00f0i\u00f0 y\u00f0ur \u00fea\u00f0.&#8220;<a name=\"9\"><span class=\"versanumer\">9<\/span><\/a>Sendi J\u00f3s\u00faa \u00fe\u00e1 n\u00fa af sta\u00f0, og f\u00f3ru \u00feeir \u00ed launs\u00e1tri\u00f0 og n\u00e1mu sta\u00f0ar milli Betel og A\u00ed, vestanvert vi\u00f0 A\u00ed. En J\u00f3s\u00faa haf\u00f0ist vi\u00f0 um n\u00f3ttina me\u00f0al l\u00fd\u00f0sins.<a name=\"10\"><span class=\"versanumer\">10<\/span><\/a>Morguninn eftir reis J\u00f3s\u00faa \u00e1rla og kanna\u00f0i li\u00f0i\u00f0. F\u00f3r hann \u00fev\u00ed n\u00e6st sj\u00e1lfur og \u00f6ldungar \u00cdsraels fyrir li\u00f0inu upp til A\u00ed.<a name=\"11\"><span class=\"versanumer\">11<\/span><\/a>Og allt herli\u00f0i\u00f0, sem me\u00f0 honum var, f\u00f3r upp \u00feanga\u00f0. H\u00e9ldu \u00feeir fram, \u00fear til er \u00feeir komu gegnt borginni. \u00dear settu \u00feeir herb\u00fa\u00f0ir s\u00ednar fyrir nor\u00f0an A\u00ed, og var dalurinn milli \u00feeirra og A\u00ed.<a name=\"12\"><span class=\"versanumer\">12<\/span><\/a>\u00dev\u00ed n\u00e6st t\u00f3k hann um fimm \u00fe\u00fasundir manns og setti \u00fe\u00e1 \u00ed launs\u00e1tur milli Betel og A\u00ed, vestanvert vi\u00f0 borgina.<a name=\"13\"><span class=\"versanumer\">13<\/span><\/a>\u00deeir fylktu n\u00fa li\u00f0inu, \u00f6llum hernum, sem var fyrir nor\u00f0an borgina, og afturli\u00f0inu fyrir vestan borgina. En J\u00f3s\u00faa f\u00f3r \u00feessa s\u00f6mu n\u00f3tt ofan \u00ed dalinn mi\u00f0jan.<a name=\"14\"><span class=\"versanumer\">14<\/span><\/a>Er konungurinn \u00ed A\u00ed var\u00f0 \u00feessa v\u00eds, h\u00f6f\u00f0u borgarmenn hra\u00f0an \u00e1, risu \u00e1rla og f\u00f3ru \u00fat \u00ed m\u00f3ti \u00cdsrael til orustu, hann og allt hans li\u00f0, \u00e1 \u00e1kve\u00f0num sta\u00f0 gegnt J\u00f3rdandalnum. En hann vissi ekki, a\u00f0 honum var b\u00fain launs\u00e1t a\u00f0 borgar baki.<a name=\"15\"><span class=\"versanumer\">15<\/span><\/a>En J\u00f3s\u00faa og allur \u00cdsrael l\u00e9tust b\u00ed\u00f0a \u00f3sigur fyrir \u00feeim og fl\u00fd\u00f0u \u00e1 lei\u00f0 til ey\u00f0imerkurinnar.<a name=\"16\"><span class=\"versanumer\">16<\/span><\/a>Voru \u00fe\u00e1 allir menn, er \u00ed borginni voru, kvaddir til a\u00f0 reka fl\u00f3ttann, og veittu \u00feeir J\u00f3s\u00faa eftirf\u00f6r og l\u00e9tu teygjast burt fr\u00e1 borginni.<a name=\"17\"><span class=\"versanumer\">17<\/span><\/a>&#8222;Var\u00f0 enginn ma\u00f0ur eftir \u00ed A\u00ed og Betel, s\u00e1 er eigi f\u00e6ri eftir \u00cdsrael; skildu \u00feeir eftir opna borgina og veittu \u00cdsrael eftirf\u00f6r.&#8220;<a name=\"18\"><span class=\"versanumer\">18<\/span><\/a>\u00de\u00e1 sag\u00f0i Drottinn vi\u00f0 J\u00f3s\u00faa: R\u00e9tt \u00fe\u00fa \u00fat spj\u00f3t \u00fea\u00f0, sem \u00fe\u00fa hefir \u00ed hendi \u00fe\u00e9r, gegn A\u00ed, \u00fev\u00ed a\u00f0 \u00e9g mun gefa hana \u00fe\u00e9r \u00e1 vald. Og J\u00f3s\u00faa r\u00e9tti \u00fat spj\u00f3ti\u00f0, sem hann haf\u00f0i \u00ed hendi s\u00e9r, gegn borginni.<a name=\"19\"><span class=\"versanumer\">19<\/span><\/a>\u00de\u00e1 spratt launs\u00e1tursli\u00f0i\u00f0 hratt upp \u00far sta\u00f0 s\u00ednum. Skundu\u00f0u \u00feeir a\u00f0, er hann r\u00e9tti \u00fat h\u00f6ndina, f\u00f3ru inn \u00ed borgina og t\u00f3ku hana, l\u00f6g\u00f0u \u00fev\u00ed n\u00e6st sem skj\u00f3tast eld \u00ed borgina.<a name=\"20\"><span class=\"versanumer\">20<\/span><\/a>En er A\u00ed-menn sneru s\u00e9r vi\u00f0, s\u00e1u \u00feeir a\u00f0 reyk lag\u00f0i upp af borginni til himins, og brast \u00fe\u00e1 n\u00fa \u00fer\u00f3ttur, svo a\u00f0 \u00feeir m\u00e1ttu \u00ed hvoruga \u00e1ttina fl\u00fdja, og li\u00f0i\u00f0, sem fl\u00fai\u00f0 haf\u00f0i til ey\u00f0imerkurinnar, snerist n\u00fa \u00ed m\u00f3ti \u00feeim, er reki\u00f0 h\u00f6f\u00f0u fl\u00f3ttann.<a name=\"21\"><span class=\"versanumer\">21<\/span><\/a>En er J\u00f3s\u00faa og allur \u00cdsrael s\u00e1u, a\u00f0 launs\u00e1tursli\u00f0i\u00f0 haf\u00f0i teki\u00f0 borgina og a\u00f0 reykinn lag\u00f0i upp af borginni, \u00fe\u00e1 hurfu \u00feeir aftur og gj\u00f6r\u00f0u \u00e1hlaup \u00e1 A\u00ed-menn.<a name=\"22\"><span class=\"versanumer\">22<\/span><\/a>Hinir komu \u00fe\u00e1 og \u00far borginni \u00fat \u00ed m\u00f3ti \u00feeim, og ur\u00f0u \u00feeir n\u00fa milli \u00cdsraelsmanna, sem umkringdu \u00fe\u00e1 \u00e1 alla vegu. Felldu \u00feeir \u00fe\u00e1, svo a\u00f0 enginn var eftir skilinn, s\u00e1 er undan k\u00e6mist e\u00f0a for\u00f0a\u00f0i l\u00edfi s\u00ednu.<a name=\"23\"><span class=\"versanumer\">23<\/span><\/a>En konunginum \u00ed A\u00ed n\u00e1\u00f0u \u00feeir lifandi \u00e1 sitt vald og f\u00f3ru me\u00f0 hann til J\u00f3s\u00faa.<a name=\"24\"><span class=\"versanumer\">24<\/span><\/a>Er \u00cdsrael haf\u00f0i drepi\u00f0 alla A\u00ed-b\u00faa \u00fati \u00e1 v\u00ed\u00f0avangi, \u00ed ey\u00f0im\u00f6rkinni, \u00feanga\u00f0 sem \u00feeir h\u00f6f\u00f0u veitt \u00feeim eftirf\u00f6r, og \u00feeir voru allir fallnir fyrir sver\u00f0seggjum, svo a\u00f0 enginn \u00feeirra var eftir, \u00fe\u00e1 hurfu allir \u00cdsraelsmenn aftur til A\u00ed og felldu \u00edb\u00faana me\u00f0 sver\u00f0seggjum.<a name=\"25\"><span class=\"versanumer\">25<\/span><\/a>Og allir \u00feeir, sem f\u00e9llu \u00e1 \u00feeim degi, b\u00e6\u00f0i karlar og konur, voru t\u00f3lf \u00fe\u00fasund manns, allir A\u00ed-b\u00faar.<a name=\"26\"><span class=\"versanumer\">26<\/span><\/a>J\u00f3s\u00faa dr\u00f3 ekki a\u00f0 s\u00e9r h\u00f6ndina, sem hann h\u00e9lt \u00ed spj\u00f3tinu, uns hann haf\u00f0i gj\u00f6reytt \u00f6llum A\u00ed-b\u00faum.<a name=\"27\"><span class=\"versanumer\">27<\/span><\/a>En f\u00e9na\u00f0inum og herfangi \u00fev\u00ed, er \u00ed borginni var, r\u00e6ndu \u00cdsraelsmenn s\u00e9r til handa eftir bo\u00f0i Drottins, \u00fev\u00ed er hann haf\u00f0i lagt fyrir J\u00f3s\u00faa.<a name=\"28\"><span class=\"versanumer\">28<\/span><\/a>J\u00f3s\u00faa brenndi A\u00ed og gj\u00f6r\u00f0i hana a\u00f0 \u00e6vinlegri grj\u00f3thr\u00fagu, ey\u00f0ir\u00fast, fram \u00e1 \u00feennan dag.<a name=\"29\"><span class=\"versanumer\">29<\/span><\/a>Og konunginn \u00ed A\u00ed l\u00e9t hann hengja \u00e1 tr\u00e9 og l\u00e9t hann hanga til kvelds, en um s\u00f3larlagsbil bau\u00f0 J\u00f3s\u00faa a\u00f0 taka l\u00edkama hans ofan af tr\u00e9nu. K\u00f6stu\u00f0u \u00feeir honum \u00fat fyrir borgarhli\u00f0i\u00f0 og gj\u00f6r\u00f0u yfir hann steindys mikla, og er h\u00fan \u00fear enn \u00ed dag.<a name=\"30\"><span class=\"versanumer\">30<\/span><\/a>J\u00f3s\u00faa reisti Drottni, \u00cdsraels Gu\u00f0i, altari \u00e1 Ebalfjalli,<a name=\"31\"><span class=\"versanumer\">31<\/span><\/a>eins og M\u00f3se, \u00fej\u00f3nn Drottins, haf\u00f0i bo\u00f0i\u00f0 \u00cdsraelsm\u00f6nnum, samkv\u00e6mt \u00fev\u00ed sem skrifa\u00f0 er \u00ed l\u00f6gm\u00e1lsb\u00f3k M\u00f3se, altari af \u00f3h\u00f6ggnum steinum, er j\u00e1rnt\u00f3l haf\u00f0i ekki veri\u00f0 bori\u00f0 a\u00f0. Og \u00feeir f\u00f3rnu\u00f0u Drottni brennif\u00f3rnum \u00e1 \u00fev\u00ed og sl\u00e1tru\u00f0u heillaf\u00f3rnum.<a name=\"32\"><span class=\"versanumer\">32<\/span><\/a>Og hann skrifa\u00f0i \u00fear \u00e1 steinana eftirrit af l\u00f6gm\u00e1li M\u00f3se, \u00fev\u00ed er hann haf\u00f0i skrifa\u00f0 \u00ed augs\u00fdn \u00cdsraelsmanna.<a name=\"33\"><span class=\"versanumer\">33<\/span><\/a>Og allur \u00cdsrael, \u00f6ldungar hans, tilsj\u00f3narmenn og d\u00f3marar st\u00f3\u00f0u b\u00e1\u00f0umegin vi\u00f0 \u00f6rkina, gegnt lev\u00edtaprestunum, er b\u00e1ru s\u00e1ttm\u00e1ls\u00f6rk Drottins, b\u00e6\u00f0i \u00fatlendir menn og innbornir, annar helmingurinn utan \u00ed Gar\u00eds\u00edmfjalli og hinn helmingurinn utan \u00ed Ebalfjalli, samkv\u00e6mt \u00fev\u00ed sem M\u00f3se, \u00fej\u00f3nn Drottins, haf\u00f0i bo\u00f0i\u00f0, a\u00f0 blessa \u00cdsraelsl\u00fd\u00f0.<a name=\"34\"><span class=\"versanumer\">34<\/span><\/a>Og eftir \u00fea\u00f0 las hann upp \u00f6ll or\u00f0 l\u00f6gm\u00e1lsins, blessunina og bannf\u00e6ringuna, samkv\u00e6mt \u00f6llu \u00fev\u00ed, sem skrifa\u00f0 er \u00ed l\u00f6gm\u00e1lsb\u00f3kinni.<a name=\"35\"><span class=\"versanumer\">35<\/span><\/a>Ekkert or\u00f0 af \u00fev\u00ed, er M\u00f3se haf\u00f0i bo\u00f0i\u00f0, var \u00far fellt. J\u00f3s\u00faa las \u00fea\u00f0 allt upp fyrir \u00f6llum s\u00f6fnu\u00f0i \u00cdsraels, einnig fyrir konum og b\u00f6rnum og \u00fatlendingum \u00feeim, er me\u00f0 \u00feeim h\u00f6f\u00f0u fari\u00f0.<\/p>\n<div class=\"footnote1981\"><b>8.1<\/b> \u00d3ttastu ekki 5M\u00f3s 3.2+ &#8211; herinn J\u00f3s 8.3,11; 10.7; 11.7<br \/>\n<b>8.2<\/b> Eins og Jer\u00edk\u00f3 J\u00f3s 10.1,28,30; 12.9 \u2013 megi\u00f0 taka herfang J\u00f3s 8.27; 5M\u00f3s 2.35+ ; sbr J\u00f3s 6.17<br \/>\n<b>8.18<\/b> R\u00e9ttu fram spj\u00f3ti\u00f0 J\u00f3s 8.26<br \/>\n<b>8.24<\/b> \u00cdb\u00faunum \u00fatr\u00fdmt 5M\u00f3s 2.34<br \/>\n<b>8.26<\/b> Dr\u00f3 ekki a\u00f0 s\u00e9r sbr 2M\u00f3s 17.9-12<br \/>\n<b>8.28<\/b> A\u00f0 \u00e6varandi r\u00fastahaug 5M\u00f3s 13.17<br \/>\n<b>8.29<\/b> Steindys J\u00f3s 7.26<br \/>\n<b>8.31<\/b> Altari af \u00f3h\u00f6ggnun steinum 2M\u00f3s 20.24-26; 5M\u00f3s 27.5-6<br \/>\n<b>8.32<\/b> L\u00f6gm\u00e1l M\u00f3se skrifa\u00f0 \u00e1 steina 5M\u00f3s 27.2-3<br \/>\n<b>8.33<\/b> Lev\u00edtaprestar 5M\u00f3s 17.9+ &#8211; innf\u00e6ddir og a\u00f0komumenn 3M\u00f3s 16.29+ &#8211; r\u00e9ttur \u00fatlendinga 2M\u00f3s 22.20; 23.9; 3M\u00f3s 19.10,33-34; 23.22 \u2013 hinn helmingurinn &#8230; 5M\u00f3s 27.11-13<br \/>\n<b>8.34<\/b> Blessun og b\u00f6lvun 5M\u00f3s 27.14-28.68 \u2013 l\u00f6gb\u00f3kin 5M\u00f3s 26.16+<\/div>\n","protected":false},"excerpt":{"rendered":"<p>1Drottinn sag\u00f0i vi\u00f0 J\u00f3s\u00faa: \u00d3ttast \u00fe\u00fa eigi og l\u00e1t eigi hugfallast. Tak me\u00f0 \u00fe\u00e9r allt herli\u00f0i\u00f0, og tak \u00feig upp og far til A\u00ed. Sj\u00e1, \u00e9g mun gefa konunginn \u00ed A\u00ed, f\u00f3lk hans, borg og land \u00ed \u00fe\u00ednar hendur.2Og \u00fe\u00fa skalt fara me\u00f0 A\u00ed og konung hennar eins og \u00fe\u00fa f\u00f3rst me\u00f0 Jer\u00edk\u00f3 og konung hennar. \u00de\u00f3 megi\u00f0 \u00fe\u00e9r taka herfang \u00fea\u00f0 og f\u00e9na\u00f0 \u00feann, sem \u00fear er, y\u00f0ur til handa. Settu launs\u00e1tur a\u00f0 baki borgarinnar.3\u00de\u00e1 t\u00f3k J\u00f3s\u00faa sig upp me\u00f0 allt herli\u00f0i\u00f0 og h\u00e9lt til A\u00ed. En J\u00f3s\u00faa valdi n\u00fa \u00ferj\u00e1t\u00edu \u00fe\u00fasundir hraustra manna og sendi \u00fe\u00e1 af sta\u00f0 <a href=\"https:\/\/biblian.is\/1981\/josuabok-8-kafli\/\"> [&#8230;]<\/a><\/p>\n","protected":false},"author":1,"featured_media":0,"parent":0,"menu_order":0,"comment_status":"open","ping_status":"open","template":"bibliukaflar.php","meta":{"footnotes":""},"class_list":["post-1541","page","type-page","status-publish","hentry"],"_links":{"self":[{"href":"https:\/\/biblian.is\/1981\/wp-json\/wp\/v2\/pages\/1541","targetHints":{"allow":["GET"]}}],"collection":[{"href":"https:\/\/biblian.is\/1981\/wp-json\/wp\/v2\/pages"}],"about":[{"href":"https:\/\/biblian.is\/1981\/wp-json\/wp\/v2\/types\/page"}],"author":[{"embeddable":true,"href":"https:\/\/biblian.is\/1981\/wp-json\/wp\/v2\/users\/1"}],"replies":[{"embeddable":true,"href":"https:\/\/biblian.is\/1981\/wp-json\/wp\/v2\/comments?post=1541"}],"version-history":[{"count":0,"href":"https:\/\/biblian.is\/1981\/wp-json\/wp\/v2\/pages\/1541\/revisions"}],"wp:attachment":[{"href":"https:\/\/biblian.is\/1981\/wp-json\/wp\/v2\/media?parent=1541"}],"curies":[{"name":"wp","href":"https:\/\/api.w.org\/{rel}","templated":true}]}}