{"id":1539,"date":"2017-11-18T20:17:41","date_gmt":"2017-11-18T20:17:41","guid":{"rendered":"http:\/\/biblian.is\/1981\/josuabok-6-kafli\/"},"modified":"2017-11-18T20:17:41","modified_gmt":"2017-11-18T20:17:41","slug":"josuabok-6-kafli","status":"publish","type":"page","link":"https:\/\/biblian.is\/1981\/josuabok-6-kafli\/","title":{"rendered":"J\u00f3s\u00faab\u00f3k 6. kafli"},"content":{"rendered":"<p><a name=\"1\"><span class=\"versanumer\">1<\/span><\/a>Hli\u00f0um Jer\u00edk\u00f3 haf\u00f0i veri\u00f0 loka\u00f0, og var borgin har\u00f0loku\u00f0 vegna \u00cdsraelsmanna, svo a\u00f0 enginn ma\u00f0ur komst \u00fear \u00fat n\u00e9 inn.<a name=\"2\"><span class=\"versanumer\">2<\/span><\/a>\u00de\u00e1 sag\u00f0i Drottinn vi\u00f0 J\u00f3s\u00faa: Sj\u00e1, n\u00fa gef \u00e9g Jer\u00edk\u00f3 \u00ed \u00fe\u00ednar hendur, konung hennar og kappa.<a name=\"3\"><span class=\"versanumer\">3<\/span><\/a>Og \u00fe\u00e9r skulu\u00f0, allir v\u00edgir menn, ganga kringum borgina, hringinn \u00ed kringum borgina einu sinni. Svo skalt \u00fe\u00fa gj\u00f6ra \u00ed sex daga.<a name=\"4\"><span class=\"versanumer\">4<\/span><\/a>Og sj\u00f6 prestar skulu bera sj\u00f6 l\u00fa\u00f0ra \u00far hr\u00fatshornum fyrir \u00f6rkinni, og sj\u00f6unda daginn skulu\u00f0 \u00fe\u00e9r ganga sj\u00f6 sinnum kringum borgina, og prestarnir \u00feeyta l\u00fa\u00f0rana.<a name=\"5\"><span class=\"versanumer\">5<\/span><\/a>En \u00feegar hr\u00fatshorni\u00f0 kve\u00f0ur vi\u00f0, \u00fe\u00e1 skal allur l\u00fd\u00f0urinn \u00e6pa her\u00f3p miki\u00f0, jafnskj\u00f3tt og \u00fe\u00e9r heyri\u00f0 l\u00fa\u00f0urhlj\u00f3minn. Mun \u00fe\u00e1 borgarm\u00farinn hrynja til grunna og l\u00fd\u00f0urinn mega upp ganga, hver \u00fear sem hann er staddur.<a name=\"6\"><span class=\"versanumer\">6<\/span><\/a>\u00de\u00e1 l\u00e9t J\u00f3s\u00faa N\u00fansson kalla prestana og sag\u00f0i vi\u00f0 \u00fe\u00e1: \u00de\u00e9r skulu\u00f0 bera s\u00e1ttm\u00e1ls\u00f6rkina, og sj\u00f6 prestar skulu bera sj\u00f6 l\u00fa\u00f0ra \u00far hr\u00fatshornum fyrir \u00f6rk Drottins.<a name=\"7\"><span class=\"versanumer\">7<\/span><\/a>Og vi\u00f0 l\u00fd\u00f0inn sag\u00f0i hann: Fari\u00f0 og gangi\u00f0 kringum borgina, en \u00feeir sem hertygja\u00f0ir eru, skulu fara fyrir \u00f6rk Drottins.<a name=\"8\"><span class=\"versanumer\">8<\/span><\/a>Er J\u00f3s\u00faa haf\u00f0i tala\u00f0 til l\u00fd\u00f0sins, gengu sj\u00f6 prestarnir, \u00feeir er b\u00e1ru l\u00fa\u00f0rana sj\u00f6 \u00far hr\u00fatshornunum, fram fyrir augliti Drottins og \u00feeyttu l\u00fa\u00f0rana, en s\u00e1ttm\u00e1ls\u00f6rk Drottins f\u00f3r \u00e1 eftir \u00feeim.<a name=\"9\"><span class=\"versanumer\">9<\/span><\/a>\u00deeir sem hertygja\u00f0ir voru, gengu \u00e1 undan prestunum, \u00feeim sem l\u00fa\u00f0rana \u00feeyttu, en m\u00fagurinn fylgdi eftir \u00f6rkinni, og var \u00ed s\u00edfellu bl\u00e1si\u00f0 \u00ed l\u00fa\u00f0rana.<a name=\"10\"><span class=\"versanumer\">10<\/span><\/a>Og J\u00f3s\u00faa bau\u00f0 l\u00fd\u00f0num \u00e1 \u00feessa lei\u00f0: \u00de\u00e9r skulu\u00f0 ekki \u00e6pa her\u00f3p og enga h\u00e1reysti gj\u00f6ra og ekkert or\u00f0 m\u00e6la, fyrr en \u00e9g segi vi\u00f0 y\u00f0ur: \u00c6pi\u00f0 n\u00fa her\u00f3p! \u00de\u00e1 skulu\u00f0 \u00fe\u00e9r \u00e6pa her\u00f3p.<a name=\"11\"><span class=\"versanumer\">11<\/span><\/a>Og hann l\u00e9t fara me\u00f0 \u00f6rk Drottins hringinn \u00ed kringum borgina einu sinni. S\u00ed\u00f0an gengu menn til herb\u00fa\u00f0anna og voru um n\u00f3ttina \u00ed herb\u00fa\u00f0unum.<a name=\"12\"><span class=\"versanumer\">12<\/span><\/a>J\u00f3s\u00faa reis \u00e1rla um morguninn. T\u00f3ku n\u00fa prestarnir \u00f6rk Drottins,<a name=\"13\"><span class=\"versanumer\">13<\/span><\/a>og prestarnir sj\u00f6, \u00feeir er b\u00e1ru l\u00fa\u00f0rana sj\u00f6 \u00far hr\u00fatshornunum fyrir \u00f6rk Drottins, gengu og \u00feeyttu l\u00fa\u00f0rana \u00ed s\u00edfellu, og \u00feeir, sem hertygja\u00f0ir voru, gengu \u00e1 undan \u00feeim, en m\u00fagurinn fylgdi eftir \u00f6rk Drottins, og var \u00ed s\u00edfellu bl\u00e1si\u00f0 \u00ed l\u00fa\u00f0rana.<a name=\"14\"><span class=\"versanumer\">14<\/span><\/a>\u00deeir gengu og einu sinni kringum borgina annan daginn, f\u00f3ru s\u00ed\u00f0an aftur til herb\u00fa\u00f0anna. Svo gj\u00f6r\u00f0u \u00feeir \u00ed sex daga.<a name=\"15\"><span class=\"versanumer\">15<\/span><\/a>Hinn sj\u00f6unda dag risu \u00feeir, \u00feegar er l\u00fdsti af degi, og gengu me\u00f0 sama h\u00e6tti kringum borgina sj\u00f6 sinnum. \u00deennan daginn gengu \u00feeir sj\u00f6 sinnum kringum borgina.<a name=\"16\"><span class=\"versanumer\">16<\/span><\/a>En \u00ed sj\u00f6unda sinni\u00f0 \u00feeyttu prestarnir l\u00fa\u00f0rana. \u00de\u00e1 sag\u00f0i J\u00f3s\u00faa vi\u00f0 l\u00fd\u00f0inn: \u00c6pi\u00f0 n\u00fa her\u00f3p, \u00fev\u00ed a\u00f0 Drottinn hefir gefi\u00f0 y\u00f0ur borgina.<a name=\"17\"><span class=\"versanumer\">17<\/span><\/a>En borgin skal me\u00f0 banni helgu\u00f0 Drottni og allt sem \u00ed henni er. Portkonan Rahab ein skal l\u00edfi halda, svo og allir \u00feeir, sem me\u00f0 henni eru \u00ed h\u00fasinu, \u00fev\u00ed a\u00f0 h\u00fan leyndi sendim\u00f6nnunum, er v\u00e9r sendum.<a name=\"18\"><span class=\"versanumer\">18<\/span><\/a>G\u00e6ti\u00f0 y\u00f0ar a\u00f0eins fyrir hinu bannf\u00e6r\u00f0a, a\u00f0 \u00fe\u00e9r eigi girnist neitt af \u00fev\u00ed og taki\u00f0 \u00fea\u00f0, og lei\u00f0i\u00f0 me\u00f0 \u00fev\u00ed bannf\u00e6ring yfir herb\u00fa\u00f0ir \u00cdsraels og stofni\u00f0 \u00feeim \u00ed \u00f3g\u00e6fu.<a name=\"19\"><span class=\"versanumer\">19<\/span><\/a>Allt silfur og gull, og allir hlutir, sem af eiri e\u00f0a j\u00e1rni eru gj\u00f6r\u00f0ir, skulu vera Drottni helga\u00f0ir og koma \u00ed f\u00e9hirslu Drottins.<a name=\"20\"><span class=\"versanumer\">20<\/span><\/a>\u00de\u00e1 \u00e6pti l\u00fd\u00f0urinn her\u00f3p, og \u00feeir \u00feeyttu l\u00fa\u00f0rana. Og er l\u00fd\u00f0urinn heyr\u00f0i l\u00fa\u00f0urhlj\u00f3minn, \u00e6pti l\u00fd\u00f0urinn her\u00f3p miki\u00f0. Hrundi \u00fe\u00e1 m\u00farinn til grunna, en l\u00fd\u00f0urinn gekk inn \u00ed borgina, hver \u00fear sem hann var staddur. \u00deannig unnu \u00feeir borgina.<a name=\"21\"><span class=\"versanumer\">21<\/span><\/a>Og \u00feeir bannf\u00e6r\u00f0u allt, sem \u00ed borginni var, b\u00e6\u00f0i karla og konur, unga og gamla, naut og sau\u00f0i og asna, me\u00f0 sver\u00f0seggjum.<a name=\"22\"><span class=\"versanumer\">22<\/span><\/a>En vi\u00f0 mennina tvo, er kanna\u00f0 h\u00f6f\u00f0u landi\u00f0, sag\u00f0i J\u00f3s\u00faa: Fari\u00f0 \u00ed h\u00fas portkonunnar og lei\u00f0i\u00f0 burt \u00fea\u00f0an konuna og alla, sem henni heyra, eins og \u00fei\u00f0 s\u00f3ru\u00f0 henni.<a name=\"23\"><span class=\"versanumer\">23<\/span><\/a>F\u00f3ru \u00fe\u00e1 sveinarnir, \u00feeir er nj\u00f3sna\u00f0 h\u00f6f\u00f0u, og leiddu Rahab burt, f\u00f6\u00f0ur hennar og m\u00f3\u00f0ur, br\u00e6\u00f0ur hennar og alla, sem henni heyr\u00f0u. \u00deeir leiddu og burt alla \u00e6ttmenn hennar og settu \u00fe\u00e1 fyrir utan herb\u00fa\u00f0ir \u00cdsraels.<a name=\"24\"><span class=\"versanumer\">24<\/span><\/a>En borgina brenndu \u00feeir \u00ed eldi og allt, sem \u00ed henni var. A\u00f0eins silfur og gull og hluti \u00fe\u00e1, sem af eiri e\u00f0a j\u00e1rni voru gj\u00f6r\u00f0ir, l\u00f6g\u00f0u \u00feeir \u00ed f\u00e9hirslu h\u00fass Drottins.<a name=\"25\"><span class=\"versanumer\">25<\/span><\/a>En portkonunni Rahab og \u00e6ttli\u00f0i f\u00f6\u00f0ur hennar gaf J\u00f3s\u00faa l\u00edf, svo og \u00f6llum \u00feeim, er henni heyr\u00f0u, og bj\u00f3 h\u00fan og ni\u00f0jar hennar me\u00f0al \u00cdsraels upp fr\u00e1 \u00fev\u00ed fram \u00e1 \u00feennan dag, fyrir \u00fev\u00ed a\u00f0 h\u00fan leyndi sendim\u00f6nnunum, er J\u00f3s\u00faa haf\u00f0i sent til \u00feess a\u00f0 kanna Jer\u00edk\u00f3.<a name=\"26\"><span class=\"versanumer\">26<\/span><\/a>\u00cd \u00fea\u00f0 mund l\u00fdsti J\u00f3s\u00faa \u00feessari bannf\u00e6ringu: B\u00f6lva\u00f0ur s\u00e9 s\u00e1 ma\u00f0ur fyrir Drottni, sem fer til og reisir a\u00f0 n\u00fdju \u00feessa borg, Jer\u00edk\u00f3! Frumgetning sinn skal hann missa, \u00feegar hann leggur undirst\u00f6\u00f0ur hennar, og yngsta son sinn, er hann reisir hli\u00f0 hennar.<a name=\"27\"><span class=\"versanumer\">27<\/span><\/a>En Drottinn var me\u00f0 J\u00f3s\u00faa, og barst or\u00f0st\u00edr hans um allt landi\u00f0.<\/p>\n<div class=\"footnote1981\"><b>6.4<\/b> Prestarnir bera hafurshorn 4M\u00f3s 10.8<br \/>\n<b>6.5<\/b> L\u00fa\u00f0rahlj\u00f3mur fyrir sigur J\u00f3s 6.10,16,20; D\u00f3m 7.8-20 \u2013 her\u00f3p 1Sam 17.20,52<br \/>\n<b>6.17<\/b> Helga\u00f0 me\u00f0 banni 3M\u00f3s 27.28-29 \u2013 faldi mennina sem sendir voru J\u00f3s 2.1-21<br \/>\n<b>6.19<\/b> Helga\u00f0, \u00ed fj\u00e1rhirslu Drottins 4M\u00f3s 31.54<br \/>\n<b>6.20<\/b> M\u00farinn hrundi Heb 11.30<br \/>\n<b>6.27<\/b> Drottinn var me\u00f0 J\u00f3s\u00faa sbr 5M\u00f3s 20.1+<\/div>\n","protected":false},"excerpt":{"rendered":"<p>1Hli\u00f0um Jer\u00edk\u00f3 haf\u00f0i veri\u00f0 loka\u00f0, og var borgin har\u00f0loku\u00f0 vegna \u00cdsraelsmanna, svo a\u00f0 enginn ma\u00f0ur komst \u00fear \u00fat n\u00e9 inn.2\u00de\u00e1 sag\u00f0i Drottinn vi\u00f0 J\u00f3s\u00faa: Sj\u00e1, n\u00fa gef \u00e9g Jer\u00edk\u00f3 \u00ed \u00fe\u00ednar hendur, konung hennar og kappa.3Og \u00fe\u00e9r skulu\u00f0, allir v\u00edgir menn, ganga kringum borgina, hringinn \u00ed kringum borgina einu sinni. Svo skalt \u00fe\u00fa gj\u00f6ra \u00ed sex daga.4Og sj\u00f6 prestar skulu bera sj\u00f6 l\u00fa\u00f0ra \u00far hr\u00fatshornum fyrir \u00f6rkinni, og sj\u00f6unda daginn skulu\u00f0 \u00fe\u00e9r ganga sj\u00f6 sinnum kringum borgina, og prestarnir \u00feeyta l\u00fa\u00f0rana.5En \u00feegar hr\u00fatshorni\u00f0 kve\u00f0ur vi\u00f0, \u00fe\u00e1 skal allur l\u00fd\u00f0urinn \u00e6pa her\u00f3p miki\u00f0, jafnskj\u00f3tt og \u00fe\u00e9r heyri\u00f0 l\u00fa\u00f0urhlj\u00f3minn. Mun \u00fe\u00e1 borgarm\u00farinn <a href=\"https:\/\/biblian.is\/1981\/josuabok-6-kafli\/\"> [&#8230;]<\/a><\/p>\n","protected":false},"author":1,"featured_media":0,"parent":0,"menu_order":0,"comment_status":"open","ping_status":"open","template":"bibliukaflar.php","meta":{"footnotes":""},"class_list":["post-1539","page","type-page","status-publish","hentry"],"_links":{"self":[{"href":"https:\/\/biblian.is\/1981\/wp-json\/wp\/v2\/pages\/1539","targetHints":{"allow":["GET"]}}],"collection":[{"href":"https:\/\/biblian.is\/1981\/wp-json\/wp\/v2\/pages"}],"about":[{"href":"https:\/\/biblian.is\/1981\/wp-json\/wp\/v2\/types\/page"}],"author":[{"embeddable":true,"href":"https:\/\/biblian.is\/1981\/wp-json\/wp\/v2\/users\/1"}],"replies":[{"embeddable":true,"href":"https:\/\/biblian.is\/1981\/wp-json\/wp\/v2\/comments?post=1539"}],"version-history":[{"count":0,"href":"https:\/\/biblian.is\/1981\/wp-json\/wp\/v2\/pages\/1539\/revisions"}],"wp:attachment":[{"href":"https:\/\/biblian.is\/1981\/wp-json\/wp\/v2\/media?parent=1539"}],"curies":[{"name":"wp","href":"https:\/\/api.w.org\/{rel}","templated":true}]}}