{"id":1538,"date":"2017-11-18T20:17:41","date_gmt":"2017-11-18T20:17:41","guid":{"rendered":"http:\/\/biblian.is\/1981\/josuabok-5-kafli\/"},"modified":"2017-11-18T20:17:41","modified_gmt":"2017-11-18T20:17:41","slug":"josuabok-5-kafli","status":"publish","type":"page","link":"https:\/\/biblian.is\/1981\/josuabok-5-kafli\/","title":{"rendered":"J\u00f3s\u00faab\u00f3k 5. kafli"},"content":{"rendered":"<p><a name=\"1\"><span class=\"versanumer\">1<\/span><\/a>Allir konungar Amor\u00edta, \u00feeirra er bjuggu fyrir vestan J\u00f3rdan, og allir konungar Kanaan\u00edta, sem b\u00faa vi\u00f0 hafi\u00f0, heyr\u00f0u, a\u00f0 Drottinn hef\u00f0i \u00feurrka\u00f0 vatni\u00f0 \u00ed J\u00f3rdan fyrir \u00cdsraelsm\u00f6nnum, uns \u00feeir voru komnir yfir um. \u00de\u00e1 kom \u00feeim \u00e6\u00f0ra \u00ed brj\u00f3st og \u00feeim f\u00e9llst hugur fyrir \u00cdsraelsm\u00f6nnum.<a name=\"2\"><span class=\"versanumer\">2<\/span><\/a>\u00cd \u00fea\u00f0 mund sag\u00f0i Drottinn vi\u00f0 J\u00f3s\u00faa: Gj\u00f6r \u00fe\u00e9r steinhn\u00edfa og umsker \u00cdsraelsmenn \u00f6\u00f0ru sinni.<a name=\"3\"><span class=\"versanumer\">3<\/span><\/a>J\u00f3s\u00faa gj\u00f6r\u00f0i s\u00e9r \u00fe\u00e1 steinhn\u00edfa og umskar \u00cdsraelsmenn \u00e1 Yfirh\u00fa\u00f0ah\u00e6\u00f0.<a name=\"4\"><span class=\"versanumer\">4<\/span><\/a>En s\u00fa var ors\u00f6k til \u00feess, a\u00f0 J\u00f3s\u00faa umskar \u00fe\u00e1, a\u00f0 allur l\u00fd\u00f0urinn, sem af Egyptalandi f\u00f3r, karlmennirnir, allir v\u00edgir menn, h\u00f6f\u00f0u d\u00e1i\u00f0 \u00ed ey\u00f0im\u00f6rkinni \u00e1 lei\u00f0inni, eftir a\u00f0 \u00feeir voru farnir af Egyptalandi.<a name=\"5\"><span class=\"versanumer\">5<\/span><\/a>Allir \u00feeir, er \u00fea\u00f0an f\u00f3ru, h\u00f6f\u00f0u veri\u00f0 umskornir, en allir \u00feeir, sem f\u00e6\u00f0st h\u00f6f\u00f0u \u00ed ey\u00f0im\u00f6rkinni \u00e1 lei\u00f0inni eftir brottf\u00f6r \u00feeirra af Egyptalandi, h\u00f6f\u00f0u eigi veri\u00f0 umskornir.<a name=\"6\"><span class=\"versanumer\">6<\/span><\/a>\u00cd fj\u00f6rut\u00edu \u00e1r f\u00f3ru \u00cdsraelsmenn um ey\u00f0im\u00f6rkina, uns allt \u00fea\u00f0 f\u00f3lk, allir v\u00edgir menn, er fari\u00f0 h\u00f6f\u00f0u af Egyptalandi, voru d\u00e1nir, \u00fev\u00ed a\u00f0 \u00feeir hl\u00fdddu ekki raust Drottins. \u00deess vegna haf\u00f0i Drottinn svari\u00f0 \u00feeim, a\u00f0 \u00feeir skyldu ekki f\u00e1 a\u00f0 sj\u00e1 landi\u00f0, sem hann s\u00f3r fe\u00f0rum \u00feeirra a\u00f0 gefa oss, land, sem fl\u00fdtur \u00ed mj\u00f3lk og hunangi.<a name=\"7\"><span class=\"versanumer\">7<\/span><\/a>En hann haf\u00f0i l\u00e1ti\u00f0 sonu \u00feeirra koma \u00ed \u00feeirra sta\u00f0. \u00de\u00e1 umskar J\u00f3s\u00faa, \u00fev\u00ed a\u00f0 \u00feeir voru \u00f3umskornir, \u00fear e\u00f0 \u00feeir h\u00f6f\u00f0u eigi veri\u00f0 umskornir \u00e1 lei\u00f0inni.<a name=\"8\"><span class=\"versanumer\">8<\/span><\/a>Er gj\u00f6rvallt f\u00f3lki\u00f0 haf\u00f0i veri\u00f0 umskori\u00f0, h\u00e9ldu \u00feeir kyrru fyrir, hver \u00e1 s\u00ednum sta\u00f0, \u00ed herb\u00fa\u00f0unum, uns \u00feeir voru gr\u00f3nir.<a name=\"9\"><span class=\"versanumer\">9<\/span><\/a>\u00de\u00e1 sag\u00f0i Drottinn vi\u00f0 J\u00f3s\u00faa: \u00cd dag hefi \u00e9g velt af y\u00f0ur brigsli Egypta! Fyrir \u00fev\u00ed heitir \u00feessi sta\u00f0ur Gilgal fram \u00e1 \u00feennan dag.<a name=\"10\"><span class=\"versanumer\">10<\/span><\/a>\u00deegar \u00cdsraelsmenn h\u00f6f\u00f0u sett b\u00fa\u00f0ir s\u00ednar \u00ed Gilgal, h\u00e9ldu \u00feeir p\u00e1ska \u00e1 Jer\u00edk\u00f3v\u00f6llum, hinn fj\u00f3rt\u00e1nda dag m\u00e1na\u00f0arins, a\u00f0 kveldi.<a name=\"11\"><span class=\"versanumer\">11<\/span><\/a>Og daginn eftir p\u00e1ska \u00e1tu \u00feeir \u00f3s\u00fdr\u00f0 brau\u00f0 og baka\u00f0 korn af gr\u00f3\u00f0ri landsins, einmitt \u00feennan dag.<a name=\"12\"><span class=\"versanumer\">12<\/span><\/a>Daginn eftir \u00feraut manna, er \u00feeir \u00e1tu af gr\u00f3\u00f0ri landsins, og upp fr\u00e1 \u00fev\u00ed fengu \u00cdsraelsmenn ekki manna, heldur \u00e1tu \u00feeir af gr\u00f3\u00f0ri Kanaanlands \u00fea\u00f0 \u00e1ri\u00f0.<a name=\"13\"><span class=\"versanumer\">13<\/span><\/a>\u00dea\u00f0 bar til, er J\u00f3s\u00faa var staddur hj\u00e1 Jer\u00edk\u00f3, a\u00f0 hann leit upp og s\u00e1, hvar ma\u00f0ur st\u00f3\u00f0 gegnt honum me\u00f0 brug\u00f0i\u00f0 sver\u00f0 \u00ed hendi. J\u00f3s\u00faa gekk til hans og sag\u00f0i vi\u00f0 hann: Hvort ert \u00fe\u00fa vor ma\u00f0ur e\u00f0a af \u00f3vinum vorum?<a name=\"14\"><span class=\"versanumer\">14<\/span><\/a>Hann svara\u00f0i: Nei! heldur er \u00e9g fyrirli\u00f0i fyrir hersveit Drottins. N\u00fa er \u00e9g kominn. \u00de\u00e1 f\u00e9ll J\u00f3s\u00faa fram \u00e1 \u00e1sj\u00f3nu s\u00edna til jar\u00f0ar, laut og sag\u00f0i: Hva\u00f0 vilt \u00fe\u00fa, herra, m\u00e6la vi\u00f0 \u00fej\u00f3n \u00feinn?<a name=\"15\"><span class=\"versanumer\">15<\/span><\/a>\u00de\u00e1 sag\u00f0i fyrirli\u00f0inn fyrir hersveit Drottins vi\u00f0 J\u00f3s\u00faa: Drag sk\u00f3 \u00fe\u00edna af f\u00f3tum \u00fe\u00e9r, \u00fev\u00ed a\u00f0 \u00fea\u00f0 er heilagur sta\u00f0ur, er \u00fe\u00fa stendur \u00e1! Og J\u00f3s\u00faa gj\u00f6r\u00f0i svo.<\/p>\n<div class=\"footnote1981\"><b>5.1<\/b> \u00d3vinirnir missa m\u00f3\u00f0inn J\u00f3s 2.11<br \/>\n<b>5.4<\/b> D\u00f3u \u00ed ey\u00f0im\u00f6rkinni 4M\u00f3s 14.22-23; Heb 3.16-19<br \/>\n<b>5.6<\/b> Fj\u00f6rut\u00edu \u00e1r 4M\u00f3s 14.33-34; 5M\u00f3s 2.14; Post 7.36 \u2013 hl\u00fdddu ekki 5M\u00f3s 8.20+ &#8211; Drottinn s\u00f3r 5M\u00f3s 2.14 \u2013 fyrirheitna landi\u00f0 5M\u00f3s 1.8+<br \/>\n<b>5.10<\/b> P\u00e1skar 2M\u00f3s 12.1+<br \/>\n<b>5.11<\/b> \u00d3s\u00fdr\u00f0 brau\u00f0 2M\u00f3s 12.15+<br \/>\n<b>5.13<\/b> Ma\u00f0ur me\u00f0 brug\u00f0i\u00f0 sver\u00f0 4M\u00f3s 22.23,31; 1Kro 21.16; sbr 2Sam 24.16<br \/>\n<b>5.14<\/b> Sendibo\u00f0i Gu\u00f0s 2M\u00f3s 23.20; 32.34; Dan 12.1<\/div>\n","protected":false},"excerpt":{"rendered":"<p>1Allir konungar Amor\u00edta, \u00feeirra er bjuggu fyrir vestan J\u00f3rdan, og allir konungar Kanaan\u00edta, sem b\u00faa vi\u00f0 hafi\u00f0, heyr\u00f0u, a\u00f0 Drottinn hef\u00f0i \u00feurrka\u00f0 vatni\u00f0 \u00ed J\u00f3rdan fyrir \u00cdsraelsm\u00f6nnum, uns \u00feeir voru komnir yfir um. \u00de\u00e1 kom \u00feeim \u00e6\u00f0ra \u00ed brj\u00f3st og \u00feeim f\u00e9llst hugur fyrir \u00cdsraelsm\u00f6nnum.2\u00cd \u00fea\u00f0 mund sag\u00f0i Drottinn vi\u00f0 J\u00f3s\u00faa: Gj\u00f6r \u00fe\u00e9r steinhn\u00edfa og umsker \u00cdsraelsmenn \u00f6\u00f0ru sinni.3J\u00f3s\u00faa gj\u00f6r\u00f0i s\u00e9r \u00fe\u00e1 steinhn\u00edfa og umskar \u00cdsraelsmenn \u00e1 Yfirh\u00fa\u00f0ah\u00e6\u00f0.4En s\u00fa var ors\u00f6k til \u00feess, a\u00f0 J\u00f3s\u00faa umskar \u00fe\u00e1, a\u00f0 allur l\u00fd\u00f0urinn, sem af Egyptalandi f\u00f3r, karlmennirnir, allir v\u00edgir menn, h\u00f6f\u00f0u d\u00e1i\u00f0 \u00ed ey\u00f0im\u00f6rkinni \u00e1 lei\u00f0inni, eftir a\u00f0 \u00feeir voru farnir af <a href=\"https:\/\/biblian.is\/1981\/josuabok-5-kafli\/\"> [&#8230;]<\/a><\/p>\n","protected":false},"author":1,"featured_media":0,"parent":0,"menu_order":0,"comment_status":"open","ping_status":"open","template":"bibliukaflar.php","meta":{"footnotes":""},"class_list":["post-1538","page","type-page","status-publish","hentry"],"_links":{"self":[{"href":"https:\/\/biblian.is\/1981\/wp-json\/wp\/v2\/pages\/1538","targetHints":{"allow":["GET"]}}],"collection":[{"href":"https:\/\/biblian.is\/1981\/wp-json\/wp\/v2\/pages"}],"about":[{"href":"https:\/\/biblian.is\/1981\/wp-json\/wp\/v2\/types\/page"}],"author":[{"embeddable":true,"href":"https:\/\/biblian.is\/1981\/wp-json\/wp\/v2\/users\/1"}],"replies":[{"embeddable":true,"href":"https:\/\/biblian.is\/1981\/wp-json\/wp\/v2\/comments?post=1538"}],"version-history":[{"count":0,"href":"https:\/\/biblian.is\/1981\/wp-json\/wp\/v2\/pages\/1538\/revisions"}],"wp:attachment":[{"href":"https:\/\/biblian.is\/1981\/wp-json\/wp\/v2\/media?parent=1538"}],"curies":[{"name":"wp","href":"https:\/\/api.w.org\/{rel}","templated":true}]}}