{"id":1537,"date":"2017-11-18T20:17:41","date_gmt":"2017-11-18T20:17:41","guid":{"rendered":"http:\/\/biblian.is\/1981\/josuabok-4-kafli\/"},"modified":"2017-11-18T20:17:41","modified_gmt":"2017-11-18T20:17:41","slug":"josuabok-4-kafli","status":"publish","type":"page","link":"https:\/\/biblian.is\/1981\/josuabok-4-kafli\/","title":{"rendered":"J\u00f3s\u00faab\u00f3k 4. kafli"},"content":{"rendered":"<p><a name=\"1\"><span class=\"versanumer\">1<\/span><\/a>Er allt f\u00f3lki\u00f0 var komi\u00f0 yfir um J\u00f3rdan, m\u00e6lti Drottinn vi\u00f0 J\u00f3s\u00faa \u00e1 \u00feessa lei\u00f0:<a name=\"2\"><span class=\"versanumer\">2<\/span><\/a>Velji\u00f0 y\u00f0ur t\u00f3lf menn af l\u00fd\u00f0num, einn mann af \u00e6ttkv\u00edsl hverri,<a name=\"3\"><span class=\"versanumer\">3<\/span><\/a>og bj\u00f3\u00f0i\u00f0 \u00feeim og segi\u00f0: Taki\u00f0 upp t\u00f3lf steina h\u00e9r \u00far J\u00f3rdan mi\u00f0ri, \u00e1 \u00feeim sta\u00f0, \u00fear sem prestarnir st\u00f3\u00f0u kyrrir, og beri\u00f0 \u00fe\u00e1 yfir um me\u00f0 y\u00f0ur og setji\u00f0 \u00fe\u00e1 ni\u00f0ur \u00fear sem \u00fe\u00e9r hafi\u00f0 n\u00e1ttsta\u00f0 \u00ed n\u00f3tt.<a name=\"4\"><span class=\"versanumer\">4<\/span><\/a>\u00de\u00e1 kalla\u00f0i J\u00f3s\u00faa t\u00f3lf menn, sem hann kvaddi til af \u00cdsraelsm\u00f6nnum, einn mann af \u00e6ttkv\u00edsl hverri.<a name=\"5\"><span class=\"versanumer\">5<\/span><\/a>Og J\u00f3s\u00faa sag\u00f0i vi\u00f0 \u00fe\u00e1: Fari\u00f0 fyrir \u00f6rk Drottins, Gu\u00f0s y\u00f0ar, \u00fat \u00ed J\u00f3rdan mi\u00f0ja, og taki hver y\u00f0ar einn stein s\u00e9r \u00e1 her\u00f0ar, eftir t\u00f6lu \u00e6ttkv\u00edsla \u00cdsraelsmanna.<a name=\"6\"><span class=\"versanumer\">6<\/span><\/a>Skal \u00feetta vera t\u00e1kn me\u00f0al y\u00f0ar. \u00deegar synir y\u00f0ar spyrja \u00e1 s\u00ed\u00f0an og segja: Hva\u00f0 eiga steinar \u00feessir a\u00f0 jarteina?<a name=\"7\"><span class=\"versanumer\">7<\/span><\/a>\u00fe\u00e1 skulu\u00f0 \u00fe\u00e9r segja vi\u00f0 \u00fe\u00e1: \u00dea\u00f0, a\u00f0 vatni\u00f0 \u00ed J\u00f3rdan st\u00f6\u00f0va\u00f0ist fyrir s\u00e1ttm\u00e1ls\u00f6rk Drottins, \u00fe\u00e1 er h\u00fan f\u00f3r yfir J\u00f3rdan. Vatni\u00f0 \u00ed J\u00f3rdan st\u00f6\u00f0va\u00f0ist, og \u00feessir steinar skulu vera \u00cdsraelsm\u00f6nnum til minningar \u00e6vinlega.<a name=\"8\"><span class=\"versanumer\">8<\/span><\/a>Og \u00cdsraelsmenn gj\u00f6r\u00f0u svo sem J\u00f3s\u00faa bau\u00f0, og t\u00f3ku t\u00f3lf steina upp \u00far J\u00f3rdan mi\u00f0ri, eins og Drottinn haf\u00f0i lagt fyrir J\u00f3s\u00faa, eftir t\u00f6lu \u00e6ttkv\u00edsla \u00cdsraelsmanna, og b\u00e1ru \u00fe\u00e1 yfir um me\u00f0 s\u00e9r, \u00feanga\u00f0 er \u00feeir h\u00f6f\u00f0u n\u00e1ttsta\u00f0, og settu \u00fe\u00e1 \u00fear ni\u00f0ur.<a name=\"9\"><span class=\"versanumer\">9<\/span><\/a>Og J\u00f3s\u00faa reisti t\u00f3lf steina \u00ed J\u00f3rdan mi\u00f0ri \u00e1 \u00feeim sta\u00f0, sem prestarnir, \u00feeir er s\u00e1ttm\u00e1ls\u00f6rkina b\u00e1ru, h\u00f6f\u00f0u sta\u00f0i\u00f0, og eru \u00feeir \u00fear enn \u00ed dag.<a name=\"10\"><span class=\"versanumer\">10<\/span><\/a>En prestarnir, sem \u00f6rkina b\u00e1ru, st\u00f3\u00f0u \u00ed J\u00f3rdan mi\u00f0ri, uns \u00f6llu \u00fev\u00ed var loki\u00f0, sem Drottinn haf\u00f0i bo\u00f0i\u00f0 J\u00f3s\u00faa a\u00f0 segja l\u00fd\u00f0num samkv\u00e6mt \u00f6llu \u00fev\u00ed, sem M\u00f3se haf\u00f0i bo\u00f0i\u00f0 J\u00f3s\u00faa. Og l\u00fd\u00f0urinn fl\u00fdtti s\u00e9r a\u00f0 fara yfir um.<a name=\"11\"><span class=\"versanumer\">11<\/span><\/a>Og er allur l\u00fd\u00f0urinn var kominn yfir um, \u00fe\u00e1 f\u00f3r og \u00f6rk Drottins yfir um og prestarnir, sem f\u00f3ru fyrir l\u00fd\u00f0num.<a name=\"12\"><span class=\"versanumer\">12<\/span><\/a>R\u00fabens synir, Ga\u00f0s synir og h\u00e1lf \u00e6ttkv\u00edsl Manasse f\u00f3ru hertygja\u00f0ir fyrir \u00cdsraelsm\u00f6nnum, eins og M\u00f3se haf\u00f0i fyrir \u00fe\u00e1 lagt.<a name=\"13\"><span class=\"versanumer\">13<\/span><\/a>Um fj\u00f6rut\u00edu \u00fe\u00fasundir v\u00edgb\u00fainna manna a\u00f0 t\u00f6lu h\u00e9ldu \u00feeir yfir \u00e1 Jer\u00edk\u00f3v\u00f6llu fyrir augliti Drottins til herna\u00f0ar.<a name=\"14\"><span class=\"versanumer\">14<\/span><\/a>\u00c1 \u00feeim degi mikla\u00f0i Drottinn J\u00f3s\u00faa \u00ed augs\u00fdn alls \u00cdsraels, og \u00feeir \u00f3ttu\u00f0ust hann alla \u00e6vi hans, eins og \u00feeir h\u00f6f\u00f0u \u00f3ttast M\u00f3se.<a name=\"15\"><span class=\"versanumer\">15<\/span><\/a>Drottinn sag\u00f0i vi\u00f0 J\u00f3s\u00faa:<a name=\"16\"><span class=\"versanumer\">16<\/span><\/a>Bj\u00f3\u00f0 \u00fe\u00fa prestunum, sem bera s\u00e1ttm\u00e1ls\u00f6rkina, a\u00f0 st\u00edga upp \u00far J\u00f3rdan.<a name=\"17\"><span class=\"versanumer\">17<\/span><\/a>Bau\u00f0 J\u00f3s\u00faa \u00fe\u00e1 prestunum og m\u00e6lti: St\u00edgi\u00f0 upp \u00far J\u00f3rdan!<a name=\"18\"><span class=\"versanumer\">18<\/span><\/a>Og jafnskj\u00f3tt sem prestarnir, er b\u00e1ru s\u00e1ttm\u00e1ls\u00f6rk Drottins, voru komnir upp \u00far J\u00f3rdan og \u00feeir h\u00f6f\u00f0u stigi\u00f0 f\u00f3tum \u00e1 \u00feurrt land, f\u00e9ll vatni\u00f0 \u00ed J\u00f3rdan aftur \u00ed farveg sinn, og h\u00fan fl\u00f3\u00f0i sem \u00e1\u00f0ur yfir alla bakka.<a name=\"19\"><span class=\"versanumer\">19<\/span><\/a>L\u00fd\u00f0urinn kom upp \u00far J\u00f3rdan \u00e1 t\u00edunda degi hins fyrsta m\u00e1na\u00f0ar og setti b\u00fa\u00f0ir s\u00ednar \u00ed Gilgal, vi\u00f0 austurtakm\u00f6rkin \u00e1 Jer\u00edk\u00f3.<a name=\"20\"><span class=\"versanumer\">20<\/span><\/a>Og steinana t\u00f3lf, er \u00feeir h\u00f6f\u00f0u teki\u00f0 upp \u00far J\u00f3rdan, reisti J\u00f3s\u00faa \u00ed Gilgal.<a name=\"21\"><span class=\"versanumer\">21<\/span><\/a>M\u00e6lti hann \u00fe\u00e1 til \u00cdsraelsmanna \u00e1 \u00feessa lei\u00f0: \u00deegar synir y\u00f0ar \u00e1 s\u00ed\u00f0an spyrja fe\u00f0ur s\u00edna og segja: Hva\u00f0 eiga steinar \u00feessir a\u00f0 jarteina?<a name=\"22\"><span class=\"versanumer\">22<\/span><\/a>\u00fe\u00e1 skulu\u00f0 \u00fe\u00e9r gj\u00f6ra \u00fea\u00f0 kunnugt og segja: \u00cdsrael gekk \u00e1 \u00feurru yfir \u00e1na J\u00f3rdan,<a name=\"23\"><span class=\"versanumer\">23<\/span><\/a>me\u00f0 \u00fev\u00ed a\u00f0 Drottinn Gu\u00f0 y\u00f0ar \u00feurrka\u00f0i vatni\u00f0 \u00ed J\u00f3rdan fyrir y\u00f0ur, \u00fear til er \u00fe\u00e9r voru\u00f0 komnir yfir um, eins og Drottinn Gu\u00f0 y\u00f0ar gj\u00f6r\u00f0i vi\u00f0 Sefhafi\u00f0, er hann \u00feurrka\u00f0i \u00fea\u00f0 fyrir oss, \u00fear til er v\u00e9r vorum komnir yfir um,<a name=\"24\"><span class=\"versanumer\">24<\/span><\/a>til \u00feess a\u00f0 allar \u00fej\u00f3\u00f0ir \u00e1 j\u00f6r\u00f0u m\u00e6ttu vita, a\u00f0 h\u00f6nd Drottins er sterk, svo a\u00f0 \u00fe\u00e6r \u00f3ttu\u00f0ust Drottin Gu\u00f0 y\u00f0ar alla daga.<\/p>\n<div class=\"footnote1981\"><b>4.2<\/b> T\u00f3lf menn J\u00f3s 3.12<br \/>\n<b>4.3<\/b> T\u00f3lf steina 2M\u00f3s 24.4; 1Kon 18.31<br \/>\n<b>4.6<\/b> \u00deegar b\u00f6rn ykkar spyrja J\u00f3s 4.21-24; 2M\u00f3s 12.26; 13.14; 5M\u00f3s 6.20<br \/>\n<b>4.12<\/b> R\u00faben, Ga\u00f0 og Manasse J\u00f3s 1.12-15<br \/>\n<b>4.21<\/b> \u00deegar ni\u00f0jar ykkar spyrja J\u00f3s 4.6+<br \/>\n<b>4.23<\/b> Sefhafi\u00f0 \u00feurrka\u00f0 2M\u00f3s 14.21+<\/div>\n","protected":false},"excerpt":{"rendered":"<p>1Er allt f\u00f3lki\u00f0 var komi\u00f0 yfir um J\u00f3rdan, m\u00e6lti Drottinn vi\u00f0 J\u00f3s\u00faa \u00e1 \u00feessa lei\u00f0:2Velji\u00f0 y\u00f0ur t\u00f3lf menn af l\u00fd\u00f0num, einn mann af \u00e6ttkv\u00edsl hverri,3og bj\u00f3\u00f0i\u00f0 \u00feeim og segi\u00f0: Taki\u00f0 upp t\u00f3lf steina h\u00e9r \u00far J\u00f3rdan mi\u00f0ri, \u00e1 \u00feeim sta\u00f0, \u00fear sem prestarnir st\u00f3\u00f0u kyrrir, og beri\u00f0 \u00fe\u00e1 yfir um me\u00f0 y\u00f0ur og setji\u00f0 \u00fe\u00e1 ni\u00f0ur \u00fear sem \u00fe\u00e9r hafi\u00f0 n\u00e1ttsta\u00f0 \u00ed n\u00f3tt.4\u00de\u00e1 kalla\u00f0i J\u00f3s\u00faa t\u00f3lf menn, sem hann kvaddi til af \u00cdsraelsm\u00f6nnum, einn mann af \u00e6ttkv\u00edsl hverri.5Og J\u00f3s\u00faa sag\u00f0i vi\u00f0 \u00fe\u00e1: Fari\u00f0 fyrir \u00f6rk Drottins, Gu\u00f0s y\u00f0ar, \u00fat \u00ed J\u00f3rdan mi\u00f0ja, og taki hver y\u00f0ar einn stein s\u00e9r \u00e1 <a href=\"https:\/\/biblian.is\/1981\/josuabok-4-kafli\/\"> [&#8230;]<\/a><\/p>\n","protected":false},"author":1,"featured_media":0,"parent":0,"menu_order":0,"comment_status":"open","ping_status":"open","template":"bibliukaflar.php","meta":{"footnotes":""},"class_list":["post-1537","page","type-page","status-publish","hentry"],"_links":{"self":[{"href":"https:\/\/biblian.is\/1981\/wp-json\/wp\/v2\/pages\/1537","targetHints":{"allow":["GET"]}}],"collection":[{"href":"https:\/\/biblian.is\/1981\/wp-json\/wp\/v2\/pages"}],"about":[{"href":"https:\/\/biblian.is\/1981\/wp-json\/wp\/v2\/types\/page"}],"author":[{"embeddable":true,"href":"https:\/\/biblian.is\/1981\/wp-json\/wp\/v2\/users\/1"}],"replies":[{"embeddable":true,"href":"https:\/\/biblian.is\/1981\/wp-json\/wp\/v2\/comments?post=1537"}],"version-history":[{"count":0,"href":"https:\/\/biblian.is\/1981\/wp-json\/wp\/v2\/pages\/1537\/revisions"}],"wp:attachment":[{"href":"https:\/\/biblian.is\/1981\/wp-json\/wp\/v2\/media?parent=1537"}],"curies":[{"name":"wp","href":"https:\/\/api.w.org\/{rel}","templated":true}]}}