{"id":1535,"date":"2017-11-18T20:17:41","date_gmt":"2017-11-18T20:17:41","guid":{"rendered":"http:\/\/biblian.is\/1981\/josuabok-2-kafli\/"},"modified":"2017-11-18T20:17:41","modified_gmt":"2017-11-18T20:17:41","slug":"josuabok-2-kafli","status":"publish","type":"page","link":"https:\/\/biblian.is\/1981\/josuabok-2-kafli\/","title":{"rendered":"J\u00f3s\u00faab\u00f3k 2. kafli"},"content":{"rendered":"<p><a name=\"1\"><span class=\"versanumer\">1<\/span><\/a>J\u00f3s\u00faa N\u00fansson sendi tvo nj\u00f3snarmenn leynilega fr\u00e1 Sitt\u00edm og sag\u00f0i: Fari\u00f0 og sko\u00f0i\u00f0 landi\u00f0 og Jer\u00edk\u00f3! \u00deeir f\u00f3ru og komu \u00ed h\u00fas portkonu einnar, er Rahab h\u00e9t, og t\u00f3ku s\u00e9r \u00fear gistingu.<a name=\"2\"><span class=\"versanumer\">2<\/span><\/a>Konunginum \u00ed Jer\u00edk\u00f3 var sagt: Sj\u00e1, hinga\u00f0 komu menn nokkrir \u00ed kveld af \u00cdsraelsm\u00f6nnum til \u00feess a\u00f0 kanna landi\u00f0.<a name=\"3\"><span class=\"versanumer\">3<\/span><\/a>Sendi \u00fe\u00e1 konungurinn \u00ed Jer\u00edk\u00f3 til Rahab og l\u00e9t segja henni: Sel fram mennina, sem til \u00fe\u00edn eru komnir, \u00fe\u00e1 er komnir eru \u00ed h\u00fas \u00feitt, \u00fev\u00ed a\u00f0 \u00feeir eru komnir til \u00feess a\u00f0 kanna allt landi\u00f0.<a name=\"4\"><span class=\"versanumer\">4<\/span><\/a>En konan t\u00f3k mennina b\u00e1\u00f0a og leyndi \u00feeim. Og h\u00fan sag\u00f0i: Satt er \u00fea\u00f0, menn komu til m\u00edn, en eigi vissi \u00e9g hva\u00f0an \u00feeir voru,<a name=\"5\"><span class=\"versanumer\">5<\/span><\/a>og er loka skyldi borgarhli\u00f0inu \u00ed r\u00f6kkrinu, f\u00f3ru mennirnir burt. Eigi veit \u00e9g hvert \u00feeir hafa fari\u00f0. Veiti\u00f0 \u00feeim eftirf\u00f6r sem skj\u00f3tast, \u00fe\u00e1 munu\u00f0 \u00fe\u00e9r n\u00e1 \u00feeim.<a name=\"6\"><span class=\"versanumer\">6<\/span><\/a>En h\u00fan haf\u00f0i leitt \u00fe\u00e1 upp \u00e1 \u00feaki\u00f0 og fali\u00f0 \u00fe\u00e1 undir h\u00f6rjurtarleggjum, sem breiddir voru \u00e1 \u00feaki\u00f0.<a name=\"7\"><span class=\"versanumer\">7<\/span><\/a>Menn konungs veittu \u00feeim eftirf\u00f6r veginn til J\u00f3rdanar, a\u00f0 v\u00f6\u00f0unum. Og borgarhli\u00f0inu var loka\u00f0, \u00fe\u00e1 er leitarmennirnir voru \u00fat farnir.<a name=\"8\"><span class=\"versanumer\">8<\/span><\/a>\u00c1\u00f0ur en nj\u00f3snarmennirnir gengu til hv\u00edlu, gekk h\u00fan til \u00feeirra upp \u00e1 \u00feaki\u00f0<a name=\"9\"><span class=\"versanumer\">9<\/span><\/a>og sag\u00f0i vi\u00f0 \u00fe\u00e1: \u00c9g veit, a\u00f0 Drottinn hefir gefi\u00f0 y\u00f0ur land \u00feetta og a\u00f0 \u00f3tti vi\u00f0 y\u00f0ur er yfir oss kominn og a\u00f0 allir landsb\u00faar hr\u00e6\u00f0ast y\u00f0ur.<a name=\"10\"><span class=\"versanumer\">10<\/span><\/a>\u00dev\u00ed a\u00f0 fr\u00e9tt h\u00f6fum v\u00e9r, a\u00f0 Drottinn \u00feurrka\u00f0i fyrir y\u00f0ur vatni\u00f0 \u00ed Sefhafi, \u00fe\u00e1 er \u00fe\u00e9r f\u00f3ru\u00f0 af Egyptalandi, og hva\u00f0 \u00fe\u00e9r hafi\u00f0 gj\u00f6rt vi\u00f0 Amor\u00edtakonungana tvo, \u00fe\u00e1 S\u00edhon og \u00d3g, hinumegin J\u00f3rdanar, a\u00f0 \u00fe\u00e9r eyddu\u00f0 \u00feeim me\u00f0 \u00f6llu.<a name=\"11\"><span class=\"versanumer\">11<\/span><\/a>S\u00ed\u00f0an v\u00e9r heyr\u00f0um \u00feetta, er \u00e6\u00f0ra komin \u00ed brj\u00f3st vor, og enginn hugur er \u00ed nokkrum manni, \u00feegar y\u00f0ur skal m\u00e6ta, \u00fev\u00ed a\u00f0 Drottinn, Gu\u00f0 y\u00f0ar, er Gu\u00f0 \u00e1 himnum uppi og \u00e1 j\u00f6r\u00f0u ni\u00f0ri.<a name=\"12\"><span class=\"versanumer\">12<\/span><\/a>Sverji\u00f0 m\u00e9r n\u00fa vi\u00f0 Drottin, a\u00f0 fyrst \u00e9g s\u00fdndi ykkur miskunn, \u00fe\u00e1 skulu\u00f0 \u00fei\u00f0 og miskunn s\u00fdna h\u00fasi f\u00f6\u00f0ur m\u00edns og gefi\u00f0 m\u00e9r um \u00fea\u00f0 \u00f3brig\u00f0ult merki,<a name=\"13\"><span class=\"versanumer\">13<\/span><\/a>a\u00f0 \u00fei\u00f0 vilji\u00f0 l\u00e1ta f\u00f6\u00f0ur minn og m\u00f3\u00f0ur, br\u00e6\u00f0ur m\u00edna og systur halda l\u00edfi, og alla, sem \u00feeim heyra, og frelsa oss fr\u00e1 dau\u00f0a!<a name=\"14\"><span class=\"versanumer\">14<\/span><\/a>Mennirnir sv\u00f6ru\u00f0u henni: Vi\u00f0 setjum l\u00edf okkar \u00ed ve\u00f0 fyrir y\u00f0ur, ef \u00fe\u00fa l\u00e6tur ekki vitnast erindi okkar. Og \u00feegar Drottinn gefur oss land \u00feetta, \u00fe\u00e1 skulum v\u00e9r au\u00f0s\u00fdna \u00fe\u00e9r miskunn og tr\u00fafesti.<a name=\"15\"><span class=\"versanumer\">15<\/span><\/a>\u00de\u00e1 l\u00e9t h\u00fan \u00fe\u00e1 s\u00edga \u00ed festi \u00fat um gluggann, \u00fev\u00ed a\u00f0 h\u00fas hennar st\u00f3\u00f0 vi\u00f0 borgarm\u00farinn og sj\u00e1lf bj\u00f3 h\u00fan \u00fati vi\u00f0 m\u00farinn.<a name=\"16\"><span class=\"versanumer\">16<\/span><\/a>Og h\u00fan sag\u00f0i vi\u00f0 \u00fe\u00e1: Haldi\u00f0 til fjalla, svo a\u00f0 leitarmennirnir finni ykkur ekki, og leynist \u00fear \u00ferj\u00e1 daga, uns leitarmennirnir eru aftur horfnir. Eftir \u00fea\u00f0 geti\u00f0 \u00fei\u00f0 fari\u00f0 lei\u00f0ar ykkar.<a name=\"17\"><span class=\"versanumer\">17<\/span><\/a>Mennirnir s\u00f6g\u00f0u vi\u00f0 hana: Lausir viljum vi\u00f0 vera ei\u00f0s \u00feess, er \u00fe\u00fa l\u00e9st okkur sverja \u00fe\u00e9r,<a name=\"18\"><span class=\"versanumer\">18<\/span><\/a>nema svo ver\u00f0i, a\u00f0 \u00feegar v\u00e9r komum inn \u00ed landi\u00f0, \u00fe\u00e1 bindir \u00fe\u00fa \u00ed gluggann, \u00feann er \u00fe\u00fa l\u00e9st okkur s\u00edga \u00fat um, festina \u00feessa rau\u00f0u, og kallir saman \u00ed h\u00fas \u00feitt f\u00f6\u00f0ur \u00feinn og m\u00f3\u00f0ur og br\u00e6\u00f0ur \u00fe\u00edna og allt heimilisf\u00f3lk f\u00f6\u00f0ur \u00fe\u00edns,<a name=\"19\"><span class=\"versanumer\">19<\/span><\/a>en gangi nokkur \u00fat fyrir h\u00fasdyr \u00fe\u00ednar, \u00fe\u00e1 er hann sj\u00e1lfur valdur a\u00f0 dau\u00f0a s\u00ednum, en vi\u00f0 s\u00fdknir, en ver\u00f0i h\u00f6nd l\u00f6g\u00f0 \u00e1 nokkurn \u00feann, sem \u00ed \u00fe\u00ednu h\u00fasi er, \u00fe\u00e1 skal dau\u00f0i hans ver\u00f0a gefinn okkur a\u00f0 s\u00f6k.<a name=\"20\"><span class=\"versanumer\">20<\/span><\/a>Og ef \u00fe\u00fa l\u00e6tur vitnast erindi okkar, \u00fe\u00e1 erum vi\u00f0 lausir \u00feess ei\u00f0s, er \u00fe\u00fa l\u00e9st okkur sverja \u00fe\u00e9r.<a name=\"21\"><span class=\"versanumer\">21<\/span><\/a>H\u00fan sag\u00f0i: Svo skal vera sem \u00fei\u00f0 segi\u00f0! L\u00e9t h\u00fan \u00fe\u00e1 s\u00ed\u00f0an fara, og \u00feeir gengu burt, en h\u00fan batt rau\u00f0u festina \u00ed gluggann.<a name=\"22\"><span class=\"versanumer\">22<\/span><\/a>Gengu \u00feeir \u00fe\u00e1 \u00e1 burt og h\u00e9ldu til fjalla og dv\u00f6ldust \u00fear \u00ferj\u00e1 daga, uns leitarmennirnir voru aftur heim horfnir. H\u00f6f\u00f0u leitarmennirnir leita\u00f0 \u00feeirra alla lei\u00f0ina, en ekki fundi\u00f0.<a name=\"23\"><span class=\"versanumer\">23<\/span><\/a>Hurfu \u00fe\u00e1 \u00feessir tveir menn aftur og gengu ni\u00f0ur af fj\u00f6llunum og f\u00f3ru yfir um og komu til J\u00f3s\u00faa N\u00fanssonar og s\u00f6g\u00f0u honum fr\u00e1 \u00f6llu, er fyrir \u00fe\u00e1 haf\u00f0i komi\u00f0.<a name=\"24\"><span class=\"versanumer\">24<\/span><\/a>Og \u00feeir s\u00f6g\u00f0u vi\u00f0 J\u00f3s\u00faa: Drottinn hefir gefi\u00f0 allt landi\u00f0 oss \u00ed hendur, enda hr\u00e6\u00f0ast allir landsb\u00faar oss.<\/p>\n<div class=\"footnote1981\"><b>2.1<\/b> Nj\u00f3snarar sendir 4M\u00f3s 13.1-20; 5M\u00f3s 1.19-25; D\u00f3m 18.2 \u2013 sk\u00e6kjan Rahab J\u00f3s 6; Matt 1.5; Heb 11.31; Jak 2.25<br \/>\n<b>2.10<\/b> Vatni\u00f0 \u00feurrka\u00f0 2M\u00f3s 14.21-22; J\u00f3s 5.1 \u2013 S\u00edhon og \u00d3g 5M\u00f3s 1.4+<br \/>\n<b>2.11<\/b> Missa m\u00f3\u00f0inn J\u00f3s 5.1 \u2013 Gu\u00f0 \u00e1 himni og j\u00f6r\u00f0u 5M\u00f3s 4.39<br \/>\n<b>2.14<\/b> Velvild J\u00f3s 6.22-25<br \/>\n<b>2.15<\/b> \u00dat um gluggann 1Sam 19.12; Post 9.25; 2Kor 11.33<\/div>\n","protected":false},"excerpt":{"rendered":"<p>1J\u00f3s\u00faa N\u00fansson sendi tvo nj\u00f3snarmenn leynilega fr\u00e1 Sitt\u00edm og sag\u00f0i: Fari\u00f0 og sko\u00f0i\u00f0 landi\u00f0 og Jer\u00edk\u00f3! \u00deeir f\u00f3ru og komu \u00ed h\u00fas portkonu einnar, er Rahab h\u00e9t, og t\u00f3ku s\u00e9r \u00fear gistingu.2Konunginum \u00ed Jer\u00edk\u00f3 var sagt: Sj\u00e1, hinga\u00f0 komu menn nokkrir \u00ed kveld af \u00cdsraelsm\u00f6nnum til \u00feess a\u00f0 kanna landi\u00f0.3Sendi \u00fe\u00e1 konungurinn \u00ed Jer\u00edk\u00f3 til Rahab og l\u00e9t segja henni: Sel fram mennina, sem til \u00fe\u00edn eru komnir, \u00fe\u00e1 er komnir eru \u00ed h\u00fas \u00feitt, \u00fev\u00ed a\u00f0 \u00feeir eru komnir til \u00feess a\u00f0 kanna allt landi\u00f0.4En konan t\u00f3k mennina b\u00e1\u00f0a og leyndi \u00feeim. Og h\u00fan sag\u00f0i: Satt er \u00fea\u00f0, menn <a href=\"https:\/\/biblian.is\/1981\/josuabok-2-kafli\/\"> [&#8230;]<\/a><\/p>\n","protected":false},"author":1,"featured_media":0,"parent":0,"menu_order":0,"comment_status":"open","ping_status":"open","template":"bibliukaflar.php","meta":{"footnotes":""},"class_list":["post-1535","page","type-page","status-publish","hentry"],"_links":{"self":[{"href":"https:\/\/biblian.is\/1981\/wp-json\/wp\/v2\/pages\/1535","targetHints":{"allow":["GET"]}}],"collection":[{"href":"https:\/\/biblian.is\/1981\/wp-json\/wp\/v2\/pages"}],"about":[{"href":"https:\/\/biblian.is\/1981\/wp-json\/wp\/v2\/types\/page"}],"author":[{"embeddable":true,"href":"https:\/\/biblian.is\/1981\/wp-json\/wp\/v2\/users\/1"}],"replies":[{"embeddable":true,"href":"https:\/\/biblian.is\/1981\/wp-json\/wp\/v2\/comments?post=1535"}],"version-history":[{"count":0,"href":"https:\/\/biblian.is\/1981\/wp-json\/wp\/v2\/pages\/1535\/revisions"}],"wp:attachment":[{"href":"https:\/\/biblian.is\/1981\/wp-json\/wp\/v2\/media?parent=1535"}],"curies":[{"name":"wp","href":"https:\/\/api.w.org\/{rel}","templated":true}]}}