{"id":1534,"date":"2017-11-18T20:17:41","date_gmt":"2017-11-18T20:17:41","guid":{"rendered":"http:\/\/biblian.is\/1981\/josuabok-1-kafli\/"},"modified":"2017-11-18T20:17:41","modified_gmt":"2017-11-18T20:17:41","slug":"josuabok-1-kafli","status":"publish","type":"page","link":"https:\/\/biblian.is\/1981\/josuabok-1-kafli\/","title":{"rendered":"J\u00f3s\u00faab\u00f3k 1. kafli"},"content":{"rendered":"<p><a name=\"1\"><span class=\"versanumer\">1<\/span><\/a>Eftir andl\u00e1t M\u00f3se, \u00fej\u00f3ns Drottins, m\u00e6lti Drottinn vi\u00f0 J\u00f3s\u00faa N\u00fansson, \u00fej\u00f3nustumann M\u00f3se, \u00e1 \u00feessa lei\u00f0:<a name=\"2\"><span class=\"versanumer\">2<\/span><\/a>M\u00f3se, \u00fej\u00f3nn minn, er anda\u00f0ur. R\u00eds \u00fe\u00fa n\u00fa upp og far yfir \u00e1na J\u00f3rdan me\u00f0 allan \u00feennan l\u00fd\u00f0, inn \u00ed landi\u00f0, sem \u00e9g gef \u00feeim, \u00cdsraelsm\u00f6nnum.<a name=\"3\"><span class=\"versanumer\">3<\/span><\/a>Hvern \u00feann sta\u00f0, er \u00fe\u00e9r st\u00edgi\u00f0 f\u00e6ti \u00e1, mun \u00e9g gefa y\u00f0ur, eins og \u00e9g sag\u00f0i M\u00f3se.<a name=\"4\"><span class=\"versanumer\">4<\/span><\/a>Fr\u00e1 ey\u00f0im\u00f6rkinni og L\u00edbanon allt til flj\u00f3tsins mikla, Efratflj\u00f3tsins, allt land Het\u00edta, allt til hafsins mikla m\u00f3t s\u00f3lar setri skal land y\u00f0ar n\u00e1.<a name=\"5\"><span class=\"versanumer\">5<\/span><\/a>Enginn mun standast fyrir \u00fe\u00e9r alla \u00e6vidaga \u00fe\u00edna. Svo sem \u00e9g var me\u00f0 M\u00f3se, svo mun \u00e9g og me\u00f0 \u00fe\u00e9r vera. \u00c9g mun eigi sleppa af \u00fe\u00e9r hendinni n\u00e9 yfirgefa \u00feig.<a name=\"6\"><span class=\"versanumer\">6<\/span><\/a>Ver \u00fe\u00fa hughraustur og \u00f6ruggur, \u00fev\u00ed a\u00f0 \u00fe\u00fa skalt skipta me\u00f0al \u00feessa l\u00fd\u00f0s landi \u00fev\u00ed, er \u00e9g s\u00f3r fe\u00f0rum \u00feeirra a\u00f0 gefa \u00feeim.<a name=\"7\"><span class=\"versanumer\">7<\/span><\/a>Ver \u00fe\u00fa a\u00f0eins hughraustur og harla \u00f6ruggur a\u00f0 g\u00e6ta \u00feess a\u00f0 breyta eftir \u00f6llu l\u00f6gm\u00e1linu, \u00fev\u00ed er M\u00f3se \u00fej\u00f3nn minn fyrir \u00feig lag\u00f0i. V\u00edk eigi fr\u00e1 \u00fev\u00ed, hvorki til h\u00e6gri n\u00e9 vinstri, til \u00feess a\u00f0 \u00fe\u00e9r l\u00e1nist vel allt, sem \u00fe\u00fa tekur \u00fe\u00e9r fyrir hendur.<a name=\"8\"><span class=\"versanumer\">8<\/span><\/a>Eigi skal l\u00f6gm\u00e1lsb\u00f3k \u00feessi v\u00edkja \u00far munni \u00fe\u00ednum, heldur skalt \u00fe\u00fa huglei\u00f0a hana um daga og n\u00e6tur, til \u00feess a\u00f0 \u00fe\u00fa g\u00e6tir \u00feess a\u00f0 gj\u00f6ra allt \u00fea\u00f0, sem \u00ed henni er skrifa\u00f0, \u00fev\u00ed a\u00f0 \u00fe\u00e1 munt \u00fe\u00fa g\u00e6fu hlj\u00f3ta \u00e1 vegum \u00fe\u00ednum og breyta viturlega.<a name=\"9\"><span class=\"versanumer\">9<\/span><\/a>Hefi \u00e9g ekki bo\u00f0i\u00f0 \u00fe\u00e9r: Ver \u00fe\u00fa hughraustur og \u00f6ruggur? L\u00e1t eigi hugfallast og \u00f3ttast eigi, \u00fev\u00ed a\u00f0 Drottinn Gu\u00f0 \u00feinn er me\u00f0 \u00fe\u00e9r \u00ed \u00f6llu, sem \u00fe\u00fa tekur \u00fe\u00e9r fyrir hendur.<a name=\"10\"><span class=\"versanumer\">10<\/span><\/a>\u00de\u00e1 bau\u00f0 J\u00f3s\u00faa tilsj\u00f3narm\u00f6nnum l\u00fd\u00f0sins \u00e1 \u00feessa lei\u00f0:<a name=\"11\"><span class=\"versanumer\">11<\/span><\/a>Fari\u00f0 um allar herb\u00fa\u00f0irnar og bj\u00f3\u00f0i\u00f0 l\u00fd\u00f0num og segi\u00f0: B\u00fai\u00f0 y\u00f0ur veganesti, \u00fev\u00ed a\u00f0 \u00ferem d\u00f6gum li\u00f0num skulu\u00f0 \u00fe\u00e9r fara yfir \u00e1na J\u00f3rdan, svo a\u00f0 \u00fe\u00e9r komist inn \u00ed og f\u00e1i\u00f0 til eignar landi\u00f0, sem Drottinn, Gu\u00f0 y\u00f0ar, gefur y\u00f0ur til eignar.<a name=\"12\"><span class=\"versanumer\">12<\/span><\/a>En vi\u00f0 R\u00faben\u00edta, Ga\u00f0\u00edta og h\u00e1lfa \u00e6ttkv\u00edsl Manasse m\u00e6lti J\u00f3s\u00faa \u00e1 \u00feessa lei\u00f0:<a name=\"13\"><span class=\"versanumer\">13<\/span><\/a>Minnist \u00feess, sem M\u00f3se, \u00fej\u00f3nn Drottins, bau\u00f0 y\u00f0ur, er hann sag\u00f0i: Drottinn, Gu\u00f0 y\u00f0ar, mun veita y\u00f0ur hv\u00edld og gefa y\u00f0ur \u00feetta land.<a name=\"14\"><span class=\"versanumer\">14<\/span><\/a>Konur y\u00f0ar, b\u00f6rn y\u00f0ar og b\u00fasmali skal eftir ver\u00f0a \u00ed landi \u00fev\u00ed, er M\u00f3se gaf y\u00f0ur hinumegin J\u00f3rdanar, en \u00fe\u00e9r skulu\u00f0 fara hertygja\u00f0ir fyrir br\u00e6\u00f0rum y\u00f0ar, allir \u00fe\u00e9r sem vopnf\u00e6rir eru\u00f0, og veita \u00feeim fulltingi,<a name=\"15\"><span class=\"versanumer\">15<\/span><\/a>\u00fear til er Drottinn veitir br\u00e6\u00f0rum y\u00f0ar hv\u00edld eins og y\u00f0ur, og \u00feeir hafa l\u00edka teki\u00f0 til eignar land \u00fea\u00f0, sem Drottinn, Gu\u00f0 y\u00f0ar, gefur \u00feeim. \u00de\u00e1 skulu\u00f0 \u00fe\u00e9r sn\u00faa aftur \u00ed eignarland y\u00f0ar og setjast \u00fear a\u00f0, \u00ed landinu, sem M\u00f3se, \u00fej\u00f3nn Drottins, gaf y\u00f0ur hinumegin J\u00f3rdanar, austanmegin.<a name=\"16\"><span class=\"versanumer\">16<\/span><\/a>\u00deeir sv\u00f6ru\u00f0u J\u00f3s\u00faa \u00e1 \u00feessa lei\u00f0: V\u00e9r skulum gj\u00f6ra allt sem \u00fe\u00fa b\u00fd\u00f0ur oss, og fara hvert sem \u00fe\u00fa sendir oss.<a name=\"17\"><span class=\"versanumer\">17<\/span><\/a>Eins og v\u00e9r \u00ed \u00f6llu hl\u00fdddum M\u00f3se, svo viljum v\u00e9r og hl\u00fd\u00f0a \u00fe\u00e9r. Veri Drottinn, Gu\u00f0 \u00feinn, me\u00f0 \u00fe\u00e9r, eins og hann var me\u00f0 M\u00f3se.<a name=\"18\"><span class=\"versanumer\">18<\/span><\/a>Hver s\u00e1 er \u00feverskallast gegn skipun \u00feinni og hl\u00fd\u00f0ir ekki or\u00f0um \u00fe\u00ednum \u00ed \u00f6llu, sem \u00fe\u00fa b\u00fd\u00f0ur oss, skal l\u00edfl\u00e1tinn ver\u00f0a. Vertu a\u00f0eins hughraustur og \u00f6ruggur.<\/p>\n<div class=\"footnote1981\"><b>1.1<\/b> M\u00f3se, \u00fej\u00f3nn Drottins 2M\u00f3s 14.31; 4M\u00f3s 12.7-8; 5M\u00f3s 34.5; J\u00f3s 1.2,7 o.fl.; 8.31;<br \/>\n<b>9.24;<\/b> o.fl.; Neh 1.7; 1Kro 6.34; 2Kro 1.3; 24.9; Heb 3.5 \u2013 J\u00f3s\u00faa, \u00fej\u00f3nn M\u00f3se 2M\u00f3s 24.13; 33.11; 4M\u00f3s 11.28<br \/>\n<b>1.3-4<\/b> \u00deann blett &#8230; J\u00f3s 14.9 \u2013 land ykkar skal n\u00e1 5M\u00f3s 11.24<br \/>\n<b>1.5<\/b> Veitt vi\u00f0n\u00e1m 5M\u00f3s 7.24 \u2013 me\u00f0 \u00fe\u00e9r 5M\u00f3s 20.1+ &#8211; ekki yfirgefa 5M\u00f3s 31.6,8<br \/>\n<b>1.6<\/b> Darfur og hughraustur 5M\u00f3s 3.28+ &#8211; fyrirheitna landi\u00f0 5M\u00f3s 1.8+<br \/>\n<b>1.7<\/b> Framfylgja l\u00f6gunum 5M\u00f3s 5.1+ &#8211; v\u00edk ekki fr\u00e1 5M\u00f3s 5.32+ &#8211; a\u00f0 \u00fe\u00e9r vegni vel 5M\u00f3s 29.8<br \/>\n<b>1.8<\/b> L\u00f6gb\u00f3k 5M\u00f3s 17.18-19; sbr 5M\u00f3s 28.61+<br \/>\n<b>1.9<\/b> L\u00e1ttu ekki hugfallast 5M\u00f3s 1.29-30<br \/>\n<b>1.11<\/b> Yfir J\u00f3rdan 5M\u00f3s 11.31 \u2013 landi\u00f0 til eignar 5M\u00f3s 1.21+<br \/>\n<b>1.13<\/b> M\u00f3se bau\u00f0 5M\u00f3s 3.18-20; 4M\u00f3s 32.6-32 \u2013 hv\u00edld J\u00f3s 1.15; 21.44; 22.4; 23.1; 5M\u00f3s 3.20; 12.10; 25.19; 2Sam 7.1; Slm 95.11; Heb 3.7-4.11<br \/>\n<b>1.15<\/b> Handan vi\u00f0 J\u00f3rdan J\u00f3s 22.1-6<br \/>\n<b>1.17<\/b> Veri Drottinn me\u00f0 \u00fe\u00e9r 5M\u00f3s 20.1+<br \/>\n<b>1.18<\/b> Hl\u00fd\u00f0ir ekki 5M\u00f3s 17.12 \u2013 hraustur og djarfur J\u00f3s 1.6+<\/div>\n","protected":false},"excerpt":{"rendered":"<p>1Eftir andl\u00e1t M\u00f3se, \u00fej\u00f3ns Drottins, m\u00e6lti Drottinn vi\u00f0 J\u00f3s\u00faa N\u00fansson, \u00fej\u00f3nustumann M\u00f3se, \u00e1 \u00feessa lei\u00f0:2M\u00f3se, \u00fej\u00f3nn minn, er anda\u00f0ur. R\u00eds \u00fe\u00fa n\u00fa upp og far yfir \u00e1na J\u00f3rdan me\u00f0 allan \u00feennan l\u00fd\u00f0, inn \u00ed landi\u00f0, sem \u00e9g gef \u00feeim, \u00cdsraelsm\u00f6nnum.3Hvern \u00feann sta\u00f0, er \u00fe\u00e9r st\u00edgi\u00f0 f\u00e6ti \u00e1, mun \u00e9g gefa y\u00f0ur, eins og \u00e9g sag\u00f0i M\u00f3se.4Fr\u00e1 ey\u00f0im\u00f6rkinni og L\u00edbanon allt til flj\u00f3tsins mikla, Efratflj\u00f3tsins, allt land Het\u00edta, allt til hafsins mikla m\u00f3t s\u00f3lar setri skal land y\u00f0ar n\u00e1.5Enginn mun standast fyrir \u00fe\u00e9r alla \u00e6vidaga \u00fe\u00edna. Svo sem \u00e9g var me\u00f0 M\u00f3se, svo mun \u00e9g og me\u00f0 \u00fe\u00e9r vera. \u00c9g mun <a href=\"https:\/\/biblian.is\/1981\/josuabok-1-kafli\/\"> [&#8230;]<\/a><\/p>\n","protected":false},"author":1,"featured_media":0,"parent":0,"menu_order":0,"comment_status":"open","ping_status":"open","template":"bibliukaflar.php","meta":{"footnotes":""},"class_list":["post-1534","page","type-page","status-publish","hentry"],"_links":{"self":[{"href":"https:\/\/biblian.is\/1981\/wp-json\/wp\/v2\/pages\/1534","targetHints":{"allow":["GET"]}}],"collection":[{"href":"https:\/\/biblian.is\/1981\/wp-json\/wp\/v2\/pages"}],"about":[{"href":"https:\/\/biblian.is\/1981\/wp-json\/wp\/v2\/types\/page"}],"author":[{"embeddable":true,"href":"https:\/\/biblian.is\/1981\/wp-json\/wp\/v2\/users\/1"}],"replies":[{"embeddable":true,"href":"https:\/\/biblian.is\/1981\/wp-json\/wp\/v2\/comments?post=1534"}],"version-history":[{"count":0,"href":"https:\/\/biblian.is\/1981\/wp-json\/wp\/v2\/pages\/1534\/revisions"}],"wp:attachment":[{"href":"https:\/\/biblian.is\/1981\/wp-json\/wp\/v2\/media?parent=1534"}],"curies":[{"name":"wp","href":"https:\/\/api.w.org\/{rel}","templated":true}]}}