{"id":1533,"date":"2017-11-18T20:17:41","date_gmt":"2017-11-18T20:17:41","guid":{"rendered":"http:\/\/biblian.is\/1981\/fimmta-mosebok-34-kafli\/"},"modified":"2021-06-06T10:51:20","modified_gmt":"2021-06-06T10:51:20","slug":"fimmta-mosebok-34-kafli","status":"publish","type":"page","link":"https:\/\/biblian.is\/1981\/fimmta-mosebok-34-kafli\/","title":{"rendered":"Fimmta M\u00f3seb\u00f3k 34. kafli"},"content":{"rendered":"<p><a name=\"1\"><span class=\"versanumer\">1<\/span><\/a>Og M\u00f3se gekk ne\u00f0an af M\u00f3abshei\u00f0um upp \u00e1 Neb\u00f3fjall, Pisgatind, sem er gegnt Jer\u00edk\u00f3. \u00dea\u00f0an s\u00fdndi Drottinn honum gj\u00f6rvallt landi\u00f0: G\u00edlea\u00f0 allt til Dan,<a name=\"2\"><span class=\"versanumer\">2<\/span><\/a>allt Naftal\u00ed og Efra\u00edmsland og Manasse, og allt J\u00fadaland allt til vesturhafsins,<a name=\"3\"><span class=\"versanumer\">3<\/span><\/a>og Su\u00f0urlandi\u00f0 og J\u00f3rdan-sl\u00e9ttlendi\u00f0, dalinn hj\u00e1 Jer\u00edk\u00f3, p\u00e1lmaborginni, allt til S\u00f3ar.<a name=\"4\"><span class=\"versanumer\">4<\/span><\/a>Og Drottinn sag\u00f0i vi\u00f0 hann: \u00deetta er landi\u00f0, sem \u00e9g s\u00f3r Abraham, \u00cdsak og Jakob, er \u00e9g sag\u00f0i: Ni\u00f0jum \u00fe\u00ednum vil \u00e9g gefa \u00fea\u00f0! \u00c9g hefi l\u00e1ti\u00f0 \u00feig l\u00edta \u00fea\u00f0 eigin augum, en yfir um \u00feanga\u00f0 skalt \u00fe\u00fa ekki komast.<a name=\"5\"><span class=\"versanumer\">5<\/span><\/a>M\u00f3se, \u00fej\u00f3nn Drottins, d\u00f3 \u00fear \u00ed M\u00f3abslandi, eins og Drottinn haf\u00f0i sagt,<a name=\"6\"><span class=\"versanumer\">6<\/span><\/a>og hann var grafinn \u00ed dalnum \u00ed M\u00f3abslandi, gegnt Bet Pe\u00f3r, en enginn ma\u00f0ur veit enn til \u00feessa dags, hvar gr\u00f6f hans er.<a name=\"7\"><span class=\"versanumer\">7<\/span><\/a>Og M\u00f3se var hundra\u00f0 og tuttugu \u00e1ra gamall, er hann anda\u00f0ist. Eigi glapna\u00f0i honum s\u00fdn, og eigi \u00fevarr \u00fer\u00f3ttur hans.<a name=\"8\"><span class=\"versanumer\">8<\/span><\/a>\u00cdsraelsmenn gr\u00e9tu M\u00f3se \u00e1 M\u00f3abshei\u00f0um \u00ed \u00ferj\u00e1t\u00edu daga, \u00fe\u00e1 endu\u00f0u sorgargr\u00e1tsdagarnir eftir M\u00f3se.<a name=\"9\"><span class=\"versanumer\">9<\/span><\/a>En J\u00f3s\u00faa N\u00fansson var fullur v\u00edsd\u00f3msanda, \u00fev\u00ed a\u00f0 M\u00f3se haf\u00f0i lagt hendur s\u00ednar yfir hann, og \u00cdsraelsmenn hl\u00fdddu honum og gj\u00f6r\u00f0u svo sem Drottinn haf\u00f0i bo\u00f0i\u00f0 M\u00f3se.<a name=\"10\"><span class=\"versanumer\">10<\/span><\/a>En eigi reis framar upp \u00ed \u00cdsrael annar eins sp\u00e1ma\u00f0ur og M\u00f3se, er Drottinn umgekkst augliti til auglitis,<a name=\"11\"><span class=\"versanumer\">11<\/span><\/a>\u00feegar liti\u00f0 er til allra \u00feeirra t\u00e1kna og undra, er Drottinn haf\u00f0i sent hann til a\u00f0 gj\u00f6ra \u00ed Egyptalandi \u00e1 Fara\u00f3 og \u00f6llum \u00fej\u00f3num hans og \u00f6llu landi hans,<a name=\"12\"><span class=\"versanumer\">12<\/span><\/a>og \u00feegar liti\u00f0 er til alls hins volduga m\u00e1ttar og allra hinna miklu og hr\u00e6\u00f0ilegu verka, er M\u00f3se gj\u00f6r\u00f0i \u00ed augs\u00fdn alls \u00cdsraels. og hr\u00e6\u00f0ilegu verka, er M\u00f3se gj\u00f6r\u00f0i \u00ed augs\u00fdn alls \u00cdsraels.<\/p>\n<div class=\"footnote1981\"><b>34.1<\/b> Neb\u00f3fjall 5M\u00f3s 3.27; 32.49<br \/>\n<b>34.4<\/b> Fyrirheitna landi\u00f0 5M\u00f3s 1.8+ &#8211; ekki komast 5M\u00f3s 3.27; 31.2<br \/>\n<b>34.5<\/b> M\u00f3se deyr J\u00f3s 1.1-2<br \/>\n<b>34.7<\/b> \u00der\u00f3ttur Slm 92.13-15<br \/>\n<b>34.8<\/b> Sorg \u00ed \u00ferj\u00e1t\u00edu daga 4M\u00f3s 20.29+<br \/>\n<b>34.9<\/b> V\u00edsd\u00f3msandi 2Kon 2.15; Jes 11.2 \u2013 leggja hendur yfir 4M\u00f3s 27.18; Post 6.6<br \/>\n<b>34.10<\/b> Sp\u00e1ma\u00f0ur eins og M\u00f3se sbr 5M\u00f3s 18.15; 4M\u00f3s 12.6-8 \u2013 augliti til auglitis 5M\u00f3s 5.4+<br \/>\n<b>34.11<\/b> T\u00e1kn og st\u00f3rmerki 5M\u00f3s 4.34+<br \/>\n<b>34.12<\/b> M\u00e1ttur Drottins 5M\u00f3s 3.24+<\/div>\n","protected":false},"excerpt":{"rendered":"<p>1Og M\u00f3se gekk ne\u00f0an af M\u00f3abshei\u00f0um upp \u00e1 Neb\u00f3fjall, Pisgatind, sem er gegnt Jer\u00edk\u00f3. \u00dea\u00f0an s\u00fdndi Drottinn honum gj\u00f6rvallt landi\u00f0: G\u00edlea\u00f0 allt til Dan,2allt Naftal\u00ed og Efra\u00edmsland og Manasse, og allt J\u00fadaland allt til vesturhafsins,3og Su\u00f0urlandi\u00f0 og J\u00f3rdan-sl\u00e9ttlendi\u00f0, dalinn hj\u00e1 Jer\u00edk\u00f3, p\u00e1lmaborginni, allt til S\u00f3ar.4Og Drottinn sag\u00f0i vi\u00f0 hann: \u00deetta er landi\u00f0, sem \u00e9g s\u00f3r Abraham, \u00cdsak og Jakob, er \u00e9g sag\u00f0i: Ni\u00f0jum \u00fe\u00ednum vil \u00e9g gefa \u00fea\u00f0! \u00c9g hefi l\u00e1ti\u00f0 \u00feig l\u00edta \u00fea\u00f0 eigin augum, en yfir um \u00feanga\u00f0 skalt \u00fe\u00fa ekki komast.5M\u00f3se, \u00fej\u00f3nn Drottins, d\u00f3 \u00fear \u00ed M\u00f3abslandi, eins og Drottinn haf\u00f0i sagt,6og hann var grafinn \u00ed dalnum <a href=\"https:\/\/biblian.is\/1981\/fimmta-mosebok-34-kafli\/\"> [&#8230;]<\/a><\/p>\n","protected":false},"author":1,"featured_media":0,"parent":0,"menu_order":0,"comment_status":"open","ping_status":"open","template":"bibliukaflar.php","meta":{"footnotes":""},"class_list":["post-1533","page","type-page","status-publish","hentry"],"_links":{"self":[{"href":"https:\/\/biblian.is\/1981\/wp-json\/wp\/v2\/pages\/1533","targetHints":{"allow":["GET"]}}],"collection":[{"href":"https:\/\/biblian.is\/1981\/wp-json\/wp\/v2\/pages"}],"about":[{"href":"https:\/\/biblian.is\/1981\/wp-json\/wp\/v2\/types\/page"}],"author":[{"embeddable":true,"href":"https:\/\/biblian.is\/1981\/wp-json\/wp\/v2\/users\/1"}],"replies":[{"embeddable":true,"href":"https:\/\/biblian.is\/1981\/wp-json\/wp\/v2\/comments?post=1533"}],"version-history":[{"count":0,"href":"https:\/\/biblian.is\/1981\/wp-json\/wp\/v2\/pages\/1533\/revisions"}],"wp:attachment":[{"href":"https:\/\/biblian.is\/1981\/wp-json\/wp\/v2\/media?parent=1533"}],"curies":[{"name":"wp","href":"https:\/\/api.w.org\/{rel}","templated":true}]}}