{"id":1531,"date":"2017-11-18T20:17:41","date_gmt":"2017-11-18T20:17:41","guid":{"rendered":"http:\/\/biblian.is\/1981\/fimmta-mosebok-32-kafli\/"},"modified":"2021-06-06T10:51:19","modified_gmt":"2021-06-06T10:51:19","slug":"fimmta-mosebok-32-kafli","status":"publish","type":"page","link":"https:\/\/biblian.is\/1981\/fimmta-mosebok-32-kafli\/","title":{"rendered":"Fimmta M\u00f3seb\u00f3k 32. kafli"},"content":{"rendered":"<p><a name=\"1\"><span class=\"versanumer\">1<\/span><\/a>Hlusti\u00f0, \u00fe\u00e9r himnar, \u00fev\u00ed a\u00f0 n\u00fa mun \u00e9g m\u00e6la, og j\u00f6r\u00f0in hl\u00fd\u00f0i \u00e1 m\u00e1l munns m\u00edns!<a name=\"2\"><span class=\"versanumer\">2<\/span><\/a>Kenning m\u00edn streymi sem regn, r\u00e6\u00f0a m\u00edn drj\u00fapi sem d\u00f6gg, eins og gr\u00f3\u00f0rarsk\u00farir \u00e1 gr\u00e6ngresi\u00f0 og sem \u00feungaregn \u00e1 jurtirnar. Verk Gu\u00f0s eru fullkomin<a name=\"3\"><span class=\"versanumer\">3<\/span><\/a>\u00c9g vil kunngj\u00f6ra nafn Drottins: Gefi\u00f0 Gu\u00f0i vorum d\u00fdr\u00f0ina!<a name=\"4\"><span class=\"versanumer\">4<\/span><\/a>Bjargi\u00f0 fullkomin eru verk hans, \u00fev\u00ed a\u00f0 allir vegir hans eru r\u00e9ttl\u00e6ti. Tr\u00fafastur Gu\u00f0 og t\u00e1llaus, r\u00e9ttl\u00e1tur og r\u00e9ttv\u00eds er hann.<a name=\"5\"><span class=\"versanumer\">5<\/span><\/a>Synir hans eru spilltir or\u00f0nir, blettur er \u00e1 \u00feeim, rangsn\u00fain og rammspillt kynsl\u00f3\u00f0.<a name=\"6\"><span class=\"versanumer\">6<\/span><\/a>\u00c6tli\u00f0 \u00fe\u00e9r a\u00f0 launa Drottni \u00feannig, \u00fe\u00fa heimska og \u00f3vitra \u00fej\u00f3\u00f0? Er hann ekki fa\u00f0ir \u00feinn, s\u00e1 er sk\u00f3p \u00feig, s\u00e1 er gj\u00f6r\u00f0i \u00feig og mynda\u00f0i?<a name=\"7\"><span class=\"versanumer\">7<\/span><\/a>Minnstu fyrri t\u00ed\u00f0a, hyggi\u00f0 a\u00f0 \u00e1rum li\u00f0inna alda! Spyr f\u00f6\u00f0ur \u00feinn, a\u00f0 hann megi fr\u00e6\u00f0a \u00feig, gamalmenni \u00fe\u00edn, a\u00f0 \u00feau megi segja \u00fe\u00e9r fr\u00e1! Gu\u00f0 annast l\u00fd\u00f0 sinn<a name=\"8\"><span class=\"versanumer\">8<\/span><\/a>\u00de\u00e1 er hinn h\u00e6sti skipti \u00f3\u00f0ulum me\u00f0al \u00fej\u00f3\u00f0anna, \u00fe\u00e1 er hann greindi \u00ed sundur mannanna b\u00f6rn, \u00fe\u00e1 skipa\u00f0i hann l\u00f6ndum \u00fej\u00f3\u00f0flokkanna eftir t\u00f6lu \u00cdsraels sona.<a name=\"9\"><span class=\"versanumer\">9<\/span><\/a>\u00dev\u00ed a\u00f0 hlutskipti Drottins er l\u00fd\u00f0ur hans, Jakob \u00fathlutu\u00f0 arfleif\u00f0 hans.<a name=\"10\"><span class=\"versanumer\">10<\/span><\/a>Hann fann hann \u00ed ey\u00f0imerkurlandi og \u00ed \u00f3bygg\u00f0um, innan um \u00f6skri\u00f0 \u00e1 \u00f6r\u00e6funum. Hann vernda\u00f0i hann, hug\u00f0i a\u00f0 honum, hann var\u00f0veitti hann sem sj\u00e1aldur auga s\u00edns.<a name=\"11\"><span class=\"versanumer\">11<\/span><\/a>Eins og \u00f6rn, sem vekur upp hrei\u00f0ur sitt og sv\u00edfur yfir ungum s\u00ednum, svo \u00fatbreiddi hann v\u00e6ngi s\u00edna, t\u00f3k hann upp og bar hann \u00e1 flugfj\u00f6\u00f0rum s\u00ednum.<a name=\"12\"><span class=\"versanumer\">12<\/span><\/a>Drottinn einn leiddi hann, og enginn annar gu\u00f0 var me\u00f0 honum.<a name=\"13\"><span class=\"versanumer\">13<\/span><\/a>Hann l\u00e9t hann fram bruna \u00e1 h\u00e6\u00f0um landsins og l\u00e9t hann nj\u00f3ta \u00e1vaxtar akursins. Hann l\u00e9t hann sj\u00faga hunang \u00far klettunum og ol\u00edfuol\u00edu \u00far tinnusteinunum.<a name=\"14\"><span class=\"versanumer\">14<\/span><\/a>Hann \u00f3l hann \u00e1 k\u00faarj\u00f3ma og sau\u00f0amj\u00f3lk, \u00e1samt feitu kj\u00f6ti af dilkum og hr\u00fatum. Hann gaf honum Basan-uxa og kjarnhafra, \u00e1samt n\u00fdrnafeiti hveitisins. \u00der\u00fagnabl\u00f3\u00f0 drakkst \u00fe\u00fa sem kostav\u00edn. Fr\u00e1fall Gu\u00f0s l\u00fd\u00f0s<a name=\"15\"><span class=\"versanumer\">15<\/span><\/a>En Jesj\u00far\u00fan var\u00f0 feitur og sparka\u00f0i aftur undan s\u00e9r, feitur var\u00f0st \u00fe\u00fa, digur og s\u00e6llegur! \u00de\u00e1 hafna\u00f0i hann Gu\u00f0i, skapara s\u00ednum, og fyrirleit bjarg hj\u00e1lpr\u00e6\u00f0is s\u00edns.<a name=\"16\"><span class=\"versanumer\">16<\/span><\/a>\u00deeir v\u00f6ktu vandl\u00e6ti hans me\u00f0 \u00fatlendum gu\u00f0um, egndu hann til rei\u00f0i me\u00f0 andstygg\u00f0um.<a name=\"17\"><span class=\"versanumer\">17<\/span><\/a>\u00deeir f\u00e6r\u00f0u f\u00f3rnir v\u00e6ttum, sem ekki eru Gu\u00f0, gu\u00f0um, sem \u00feeir h\u00f6f\u00f0u eigi \u00feekkt, n\u00fdjum gu\u00f0um, n\u00fdlega upp komnum, er fe\u00f0ur y\u00f0ar h\u00f6f\u00f0u engan beyg af.<a name=\"18\"><span class=\"versanumer\">18<\/span><\/a>Um bjargi\u00f0, sem \u00feig haf\u00f0i geti\u00f0, hirtir \u00fe\u00fa ekki og gleymdir \u00feeim Gu\u00f0i, sem \u00feig haf\u00f0i ali\u00f0. D\u00f3murinn<a name=\"19\"><span class=\"versanumer\">19<\/span><\/a>Drottinn s\u00e1 \u00fea\u00f0 og hafna\u00f0i \u00feeim af gremju vi\u00f0 sonu s\u00edna og d\u00e6tur.<a name=\"20\"><span class=\"versanumer\">20<\/span><\/a>Og hann sag\u00f0i: \u00c9g vil byrgja auglit mitt fyrir \u00feeim, \u00e9g \u00e6tla a\u00f0 sj\u00e1, hver afdrif \u00feeirra ver\u00f0a. \u00dev\u00ed a\u00f0 \u00feeir eru rangsn\u00fain kynsl\u00f3\u00f0, b\u00f6rn, sem engin trygg\u00f0 er \u00ed.<a name=\"21\"><span class=\"versanumer\">21<\/span><\/a>\u00deeir hafa vaki\u00f0 vandl\u00e6ti mitt me\u00f0 \u00fev\u00ed, sem ekki er Gu\u00f0, egnt mig til rei\u00f0i me\u00f0 hinum f\u00e1n\u00fdtu go\u00f0um s\u00ednum. N\u00fa mun \u00e9g vekja vandl\u00e6ti \u00feeirra me\u00f0 \u00fev\u00ed, sem ekki er \u00fej\u00f3\u00f0, egna \u00fe\u00e1 til rei\u00f0i me\u00f0 hei\u00f0num l\u00fd\u00f0.<a name=\"22\"><span class=\"versanumer\">22<\/span><\/a>\u00dev\u00ed a\u00f0 eldur kvikna\u00f0i \u00ed n\u00f6sum m\u00e9r, og hann logar lengst ni\u00f0ur \u00ed undirheima, ey\u00f0ir j\u00f6r\u00f0ina og \u00e1v\u00f6xtu hennar og kveikir \u00ed undirst\u00f6\u00f0um fjallanna.<a name=\"23\"><span class=\"versanumer\">23<\/span><\/a>\u00c9g vil hr\u00faga yfir \u00fe\u00e1 margs konar b\u00f6li, ey\u00f0a \u00e1 \u00fe\u00e1 \u00f6llum \u00f6rvum m\u00ednum.<a name=\"24\"><span class=\"versanumer\">24<\/span><\/a>\u00de\u00f3tt \u00feeir s\u00e9u megra\u00f0ir af hungri og t\u00e6r\u00f0ir af s\u00fdki og eitra\u00f0ri s\u00f3tt, \u00fe\u00e1 mun \u00e9g hleypa t\u00f6nnum villid\u00fdranna \u00e1 \u00fe\u00e1, \u00e1samt eitri \u00feeirra, er \u00ed duftinu skr\u00ed\u00f0a.<a name=\"25\"><span class=\"versanumer\">25<\/span><\/a>Sver\u00f0i\u00f0 mun ey\u00f0a \u00feeim \u00fati fyrir, en hr\u00e6\u00f0slan \u00ed h\u00fasum inni, b\u00e6\u00f0i yngism\u00f6nnum og meyjum, brj\u00f3stmylkingum og gr\u00e1h\u00e6r\u00f0um \u00f6ldungum. Eintal Gu\u00f0s<a name=\"26\"><span class=\"versanumer\">26<\/span><\/a>\u00c9g mundi segja: \u00c9g vil bl\u00e1sa \u00feeim burt, afm\u00e1 minning \u00feeirra me\u00f0al mannanna!<a name=\"27\"><span class=\"versanumer\">27<\/span><\/a>ef \u00e9g \u00f3tta\u00f0ist ekki, a\u00f0 m\u00e9r mundi gremjast vi\u00f0 \u00f3vinina, a\u00f0 m\u00f3tst\u00f6\u00f0umenn \u00feeirra mundu leggja \u00fea\u00f0 \u00fat \u00e1 annan veg, a\u00f0 \u00feeir mundu segja: H\u00f6nd vor var \u00e1 lofti, og \u00fea\u00f0 var ekki Drottinn, sem gj\u00f6r\u00f0i allt \u00feetta!<a name=\"28\"><span class=\"versanumer\">28<\/span><\/a>\u00dev\u00ed a\u00f0 \u00feeir eru r\u00e1\u00f0\u00ferota \u00fej\u00f3\u00f0, og hj\u00e1 \u00feeim eru engin hyggindi.<a name=\"29\"><span class=\"versanumer\">29<\/span><\/a>Ef \u00feeir v\u00e6ru vitrir, \u00fe\u00e1 mundu \u00feeir sj\u00e1 \u00feetta, hyggja a\u00f0, hver afdrif \u00feeirra munu ver\u00f0a.<a name=\"30\"><span class=\"versanumer\">30<\/span><\/a>Hvernig g\u00e6ti einn ma\u00f0ur elt \u00fe\u00fasund og tveir reki\u00f0 t\u00edu \u00fe\u00fasundir \u00e1 fl\u00f3tta, ef bjarg \u00feeirra hef\u00f0i ekki selt \u00fe\u00e1, ef Drottinn hef\u00f0i ekki ofurselt \u00fe\u00e1?<a name=\"31\"><span class=\"versanumer\">31<\/span><\/a>\u00dev\u00ed a\u00f0 bjarg \u00feeirra er ekki eins og vort bjarg um \u00fea\u00f0 geta \u00f3vinir vorir d\u00e6mt.<a name=\"32\"><span class=\"versanumer\">32<\/span><\/a>\u00dev\u00ed a\u00f0 v\u00ednvi\u00f0ur \u00feeirra er af v\u00ednvi\u00f0i S\u00f3d\u00f3mu, af akurl\u00f6ndum G\u00f3morru. V\u00ednber \u00feeirra eru eitru\u00f0 v\u00ednber, \u00fer\u00fagur \u00feeirra beiskar.<a name=\"33\"><span class=\"versanumer\">33<\/span><\/a>V\u00edn \u00feeirra er h\u00f6ggorms\u00f3lyfjan og banv\u00e6nt n\u00f6\u00f0rueitur.<a name=\"34\"><span class=\"versanumer\">34<\/span><\/a>Er \u00feetta ekki geymt hj\u00e1 m\u00e9r, innsigla\u00f0 \u00ed for\u00f0ab\u00farum m\u00ednum?<a name=\"35\"><span class=\"versanumer\">35<\/span><\/a>M\u00edn er hefndin og mitt a\u00f0 endurgjalda, \u00fe\u00e1 er \u00feeir gj\u00f6rast valtir \u00e1 f\u00f3tum. \u00dev\u00ed a\u00f0 gl\u00f6tunardagur \u00feeirra er n\u00e1l\u00e6gur, og \u00fea\u00f0 ber \u00f3\u00f0fluga a\u00f0, er fyrir \u00feeim liggur. Gu\u00f0 l\u00edknar<a name=\"36\"><span class=\"versanumer\">36<\/span><\/a>Drottinn mun r\u00e9tta hluta \u00fej\u00f3\u00f0ar sinnar og aumkast yfir \u00fej\u00f3na s\u00edna, \u00fe\u00e1 er hann s\u00e9r, a\u00f0 \u00f6ll hj\u00e1lp er \u00fati og enginn er framar til, \u00fer\u00e6ll n\u00e9 frelsingi.<a name=\"37\"><span class=\"versanumer\">37<\/span><\/a>\u00de\u00e1 mun hann segja: Hvar eru n\u00fa gu\u00f0ir \u00feeirra, bjargi\u00f0, er \u00feeir leitu\u00f0u h\u00e6lis hj\u00e1,<a name=\"38\"><span class=\"versanumer\">38<\/span><\/a>sem \u00e1tu feiti f\u00f3rna \u00feeirra og drukku v\u00edn dreypif\u00f3rna \u00feeirra? R\u00edsi \u00feeir n\u00fa upp og hj\u00e1lpi y\u00f0ur, veri \u00feeir y\u00f0ur n\u00fa hl\u00edf! \u00c9g einn er Gu\u00f0<a name=\"39\"><span class=\"versanumer\">39<\/span><\/a>Sj\u00e1i\u00f0 n\u00fa, a\u00f0 \u00e9g, \u00e9g er hann, og a\u00f0 enginn gu\u00f0 er til nema \u00e9g! \u00c9g dey\u00f0i og \u00e9g l\u00edfga, \u00e9g s\u00e6ri og \u00e9g gr\u00e6\u00f0i, og enginn getur frelsa\u00f0 af minni hendi.<a name=\"40\"><span class=\"versanumer\">40<\/span><\/a>\u00dev\u00ed a\u00f0 \u00e9g lyfti hendi minni til himins og segi: Svo sannarlega sem \u00e9g lifi eil\u00edflega,<a name=\"41\"><span class=\"versanumer\">41<\/span><\/a>\u00feegar \u00e9g hefi hvesst mitt blikandi sver\u00f0, og \u00e9g legg h\u00f6nd \u00e1 d\u00f3minn, \u00fe\u00e1 mun \u00e9g efna hefnd vi\u00f0 m\u00f3tst\u00f6\u00f0umenn m\u00edna og endurgjalda \u00feeim, er hata mig!<a name=\"42\"><span class=\"versanumer\">42<\/span><\/a>\u00c9g vil gj\u00f6ra \u00f6rvar m\u00ednar drukknar af bl\u00f3\u00f0i, og sver\u00f0 mitt skal hold eta af bl\u00f3\u00f0i veginna manna og hertekinna, af h\u00f6f\u00f0i fyrirli\u00f0a \u00f3vinanna.<a name=\"43\"><span class=\"versanumer\">43<\/span><\/a>Vegsami\u00f0, \u00fej\u00f3\u00f0ir, l\u00fd\u00f0 hans! \u00fev\u00ed a\u00f0 hann hefnir bl\u00f3\u00f0s \u00fej\u00f3na sinna. Hann efnir hefnd vi\u00f0 m\u00f3tst\u00f6\u00f0umenn s\u00edna og fri\u00f0\u00fe\u00e6gir fyrir land s\u00edns l\u00fd\u00f0s.<a name=\"44\"><span class=\"versanumer\">44<\/span><\/a>M\u00f3se kom og flutti l\u00fd\u00f0num \u00f6ll or\u00f0 \u00feessa kv\u00e6\u00f0is \u00ed heyranda hlj\u00f3\u00f0i, hann og H\u00f3sea N\u00fansson.<a name=\"45\"><span class=\"versanumer\">45<\/span><\/a>Og er M\u00f3se haf\u00f0i loki\u00f0 a\u00f0 m\u00e6la \u00f6ll \u00feessi or\u00f0 til alls \u00cdsraels,<a name=\"46\"><span class=\"versanumer\">46<\/span><\/a>sag\u00f0i hann vi\u00f0 \u00fe\u00e1: Hugfesti\u00f0 \u00f6ll \u00feau or\u00f0, sem \u00e9g flyt y\u00f0ur \u00ed dag, til \u00feess a\u00f0 \u00fe\u00e9r geti\u00f0 br\u00fdnt \u00feau fyrir b\u00f6rnum y\u00f0ar, svo a\u00f0 \u00feau g\u00e6ti \u00feess a\u00f0 halda \u00f6ll or\u00f0 \u00feessa l\u00f6gm\u00e1ls.<a name=\"47\"><span class=\"versanumer\">47<\/span><\/a>\u00dev\u00ed a\u00f0 \u00fea\u00f0 er ekkert h\u00e9g\u00f3mam\u00e1l fyrir y\u00f0ur, heldur er \u00fea\u00f0 l\u00edf y\u00f0ar, og fyrir \u00feetta or\u00f0 munu\u00f0 \u00fe\u00e9r lifa langa \u00e6vi \u00ed landinu, sem \u00fe\u00e9r haldi\u00f0 n\u00fa inn \u00ed yfir J\u00f3rdan til \u00feess a\u00f0 taka \u00fea\u00f0 til eignar.<a name=\"48\"><span class=\"versanumer\">48<\/span><\/a>\u00deann hinn sama dag tala\u00f0i Drottinn vi\u00f0 M\u00f3se og sag\u00f0i:<a name=\"49\"><span class=\"versanumer\">49<\/span><\/a>Far \u00fe\u00fa \u00fearna upp \u00e1 Abar\u00edmfjall, upp \u00e1 Neb\u00f3fjall, sem er \u00ed M\u00f3abslandi gegnt Jer\u00edk\u00f3, og l\u00edt yfir Kanaanland, sem \u00e9g gef \u00cdsraelsm\u00f6nnum til eignar.<a name=\"50\"><span class=\"versanumer\">50<\/span><\/a>Og \u00fe\u00fa skalt deyja \u00e1 fjallinu, er \u00fe\u00fa fer upp \u00e1, og safnast til \u00fe\u00edns f\u00f3lks, eins og Aron br\u00f3\u00f0ir \u00feinn d\u00f3 \u00e1 H\u00f3rfjalli og safna\u00f0ist til s\u00edns f\u00f3lks,<a name=\"51\"><span class=\"versanumer\">51<\/span><\/a>af \u00fev\u00ed a\u00f0 \u00fei\u00f0 s\u00fdndu\u00f0 m\u00e9r \u00f3tr\u00famennsku mitt \u00e1 me\u00f0al \u00cdsraelsmanna hj\u00e1 Mer\u00edbav\u00f6tnum vi\u00f0 Kades \u00ed S\u00edney\u00f0im\u00f6rk, af \u00fev\u00ed a\u00f0 \u00fei\u00f0 helgu\u00f0u\u00f0 mig ekki me\u00f0al \u00cdsraelsmanna.<a name=\"52\"><span class=\"versanumer\">52<\/span><\/a>\u00dev\u00ed a\u00f0 handan yfir skalt \u00fe\u00fa f\u00e1 a\u00f0 l\u00edta landi\u00f0, en inn \u00ed landi\u00f0, sem \u00e9g gef \u00cdsraelsm\u00f6nnum, skalt \u00fe\u00fa ekki komast.<\/p>\n<div class=\"footnote1981\"><b>32.1<\/b> Himinn og j\u00f6r\u00f0 sem vitni 5M\u00f3s 4.26+<br \/>\n<b>32.2<\/b> L\u00edfgefandi or\u00f0 Jes 55.10; H\u00f3s 6.3; Job 29.23; S\u00edr 15.3; sbr Slm 72.6<br \/>\n<b>32.3<\/b> Nafn Drottins 2M\u00f3s 34.5<br \/>\n<b>32.4<\/b> Bjarg Slm 28.1+ &#8211; vegir Gu\u00f0s Slm 145.17; Opb 15.3 \u2013 tr\u00fafastur Gu\u00f0 Jes 25.1; Hlj 3.23 \u2013 r\u00e9ttl\u00e1tur Gu\u00f0 Slm 33.4; R\u00f3m 9.14<br \/>\n<b>32.5<\/b> Spilltir synir Jes 1.2-4; H\u00f3s 1.2; 2.4 \u2013svikul kynsl\u00f3\u00f0 5M\u00f3s 1.35; 32.20; Matt 17.17 og hlst.; Post 2.40; Fil 2.15<br \/>\n<b>32.6<\/b> Gu\u00f0, fa\u00f0ir \u00cdsraels 5M\u00f3s 1.31+ ; J\u00f3h 8.41 \u2013 Gu\u00f0, skapari \u00cdsraels Jes 43.1<br \/>\n<b>32.7<\/b> Fyrri t\u00ed\u00f0ir 5M\u00f3s 4.32 \u2013 b\u00f6rnin fr\u00e6dd 2M\u00f3s 10.2+<br \/>\n<b>32.8<\/b> Gu\u00f0 skiptir \u00fej\u00f3\u00f0unum 1M\u00f3s 10; Post 17.26<br \/>\n<b>32.9<\/b> \u00cdsrael , erf\u00f0ahluti Drottins 5M\u00f3s 7.6+; Sak 2.16; S\u00edr 17.17<br \/>\n<b>32.10<\/b> Au\u00f0ninni Jer 2.2,6; H\u00f3s 13.5; sbr Esk 16.6 \u2013 sj\u00e1aldur augans Slm 17.8<br \/>\n<b>32.12<\/b> Gu\u00f0 einn leiddi 1M\u00f3s 24.27; 2M\u00f3s 13.21; 15.13; Slm 80.2<br \/>\n<b>32.13<\/b> Hunang Slm 81.17 \u2013 ol\u00eda Job 29.6<br \/>\n<b>32.15<\/b> Jesj\u00far\u00fan 5M\u00f3s 33.5,26; Jes 44.2 \u2013 feitur 5M\u00f3s 31.20<br \/>\n<b>32.16<\/b> Vandl\u00e1tur Gu\u00f0 5M\u00f3s 32.21; sbr 5M\u00f3s 4.24 \u2013 egna Gu\u00f0 til rei\u00f0i 5M\u00f3s 4<br \/>\n<b>32.17<\/b> Illir andar Slm 106.37; 1Kor 10.20; Opb 9.20 \u2013 engir gu\u00f0ir eru 2Kon 19.18; Jer 2.11; 16.20; H\u00f3s 8.6<br \/>\n<b>32.18<\/b> Gleyma Gu\u00f0i 5M\u00f3s 4.9+<br \/>\n<b>32.21<\/b> Afbr\u00fd\u00f0i, heift 1Kor 10.22<br \/>\n<b>32.23<\/b> B\u00f6l 5M\u00f3s 28.15-68 \u2013 \u00f6rvar Drottins 5M\u00f3s 32.42; Esk 5.16; Slm 38.3; Job 6.4<br \/>\n<b>32.24<\/b> T\u00e6randi hungur 5M\u00f3s 28.48,53-57 \u2013 v\u00edgtennt d\u00fdr 3M\u00f3s 26.22; Esk 14.15,21 \u2013 hungursney\u00f0, villid\u00fdr, sver\u00f0 3M\u00f3s 26.22-28; Esk 5.17<br \/>\n<b>32.25<\/b> Ungmenni, gamalmenni 5M\u00f3s 28.50<br \/>\n<b>32.26<\/b> Afm\u00e1 minning 5M\u00f3s 9.14+ ; Slm 34.17<br \/>\n<b>32.27<\/b> H\u00e1\u00f0 \u00fej\u00f3\u00f0anna 5M\u00f3s 9.28+ &#8211; h\u00f6nd okkar Jes 10.13-14 \u2013 vanm\u00e1ttur Drottins 2Kon 18.35<br \/>\n<b>32.30<\/b> Einn eltir \u00fe\u00fasund Jes 30.17 \u2013 Gu\u00f0 ofurselur D\u00f3m 2.14; 1Sam 12.9; 2Kro 24.24 \u2013 seldir Jes 50.1; 52.3; Slm 44.13<br \/>\n<b>32.32<\/b> V\u00ednvi\u00f0ur Jes 5.2-4; Jer 2.21 \u2013 spilling S\u00f3d\u00f3mu og G\u00f3morru 1M\u00f3s 18.20-21; Jer 23.14<br \/>\n<b>32.35<\/b> M\u00edn er hefndin R\u00f3m 12.19; Heb 10.30; sbr Slm 94.1 \u2013 valtir \u00e1 f\u00f3tum Slm 38.17-18<br \/>\n<b>32.36<\/b> Drottinn r\u00e9ttir hlut Slm 135.14<br \/>\n<b>32.37<\/b> Hvar eru gu\u00f0ir \u00feeirra? D\u00f3m 10.14; Jer 2.28; sbr 1Kon 18.27<br \/>\n<b>32.38<\/b> Gu\u00f0ir sem eta og drekka Slm 50.12-13; VDan 2.1-22<br \/>\n<b>32.39<\/b> Drottinn er einn Gu\u00f0 5M\u00f3s 4.35; Jes 43.11; H\u00f3s 13.4; S\u00edr 3.5 \u2013 frelsari H\u00f3s 13.4; Post 4.12<br \/>\n<b>32.40<\/b> Sverja 2M\u00f3s 6.8+ ; Opb 10.5-6<br \/>\n<b>32.41<\/b> Sver\u00f0 Gu\u00f0s Hab 3.11 \u2013 endurgjalda 5M\u00f3s 7.10<br \/>\n<b>32.42<\/b> \u00d6rvar 5M\u00f3s 32.23+<br \/>\n<b>32.43<\/b> Gu\u00f0 hefnir \u00fej\u00f3na sinna Opb 6.10; 19.2 \u2013 Gu\u00f0 fyrirgefur 5M\u00f3s 21.8<br \/>\n<b>32.45<\/b> Allur \u00cdsrael 5M\u00f3s 1.1+<br \/>\n<b>32.46<\/b> G\u00e6ta \u00feess a\u00f0 halda 5M\u00f3s 5.1+ &#8211; \u00e1kv\u00e6\u00f0i laganna 5M\u00f3s 27.3+<br \/>\n<b>32.47<\/b> Taka landi\u00f0 til eignar 5M\u00f3s 1.21+ &#8211; l\u00edf ykkar 5M\u00f3s 4.26+<br \/>\n<b>32.50-52<\/b> Drottinn rei\u00f0ist M\u00f3se 5M\u00f3s 1.37+<br \/>\n<b>32.50<\/b> \u00de\u00fa \u00e1tt a\u00f0 deyja 4M\u00f3s 27.12-14 \u2013 dau\u00f0i Arons 4M\u00f3s 20.24-28 \u2013 safnast til s\u00edns f\u00f3lks 1M\u00f3s 25.8,17; 35.29; 49.33; sbr 4M\u00f3s 20.24<br \/>\n<b>32.51<\/b> Mer\u00edbav\u00f6tn 2M\u00f3s 17.7+ ; 4M\u00f3s 20.1-13<br \/>\n<b>32.52<\/b> Fyrirheitna landi\u00f0 5M\u00f3s 3.27<\/div>\n","protected":false},"excerpt":{"rendered":"<p>1Hlusti\u00f0, \u00fe\u00e9r himnar, \u00fev\u00ed a\u00f0 n\u00fa mun \u00e9g m\u00e6la, og j\u00f6r\u00f0in hl\u00fd\u00f0i \u00e1 m\u00e1l munns m\u00edns!2Kenning m\u00edn streymi sem regn, r\u00e6\u00f0a m\u00edn drj\u00fapi sem d\u00f6gg, eins og gr\u00f3\u00f0rarsk\u00farir \u00e1 gr\u00e6ngresi\u00f0 og sem \u00feungaregn \u00e1 jurtirnar. Verk Gu\u00f0s eru fullkomin3\u00c9g vil kunngj\u00f6ra nafn Drottins: Gefi\u00f0 Gu\u00f0i vorum d\u00fdr\u00f0ina!4Bjargi\u00f0 fullkomin eru verk hans, \u00fev\u00ed a\u00f0 allir vegir hans eru r\u00e9ttl\u00e6ti. Tr\u00fafastur Gu\u00f0 og t\u00e1llaus, r\u00e9ttl\u00e1tur og r\u00e9ttv\u00eds er hann.5Synir hans eru spilltir or\u00f0nir, blettur er \u00e1 \u00feeim, rangsn\u00fain og rammspillt kynsl\u00f3\u00f0.6\u00c6tli\u00f0 \u00fe\u00e9r a\u00f0 launa Drottni \u00feannig, \u00fe\u00fa heimska og \u00f3vitra \u00fej\u00f3\u00f0? Er hann ekki fa\u00f0ir \u00feinn, s\u00e1 er sk\u00f3p \u00feig, s\u00e1 er <a href=\"https:\/\/biblian.is\/1981\/fimmta-mosebok-32-kafli\/\"> [&#8230;]<\/a><\/p>\n","protected":false},"author":1,"featured_media":0,"parent":0,"menu_order":0,"comment_status":"open","ping_status":"open","template":"bibliukaflar.php","meta":{"footnotes":""},"class_list":["post-1531","page","type-page","status-publish","hentry"],"_links":{"self":[{"href":"https:\/\/biblian.is\/1981\/wp-json\/wp\/v2\/pages\/1531","targetHints":{"allow":["GET"]}}],"collection":[{"href":"https:\/\/biblian.is\/1981\/wp-json\/wp\/v2\/pages"}],"about":[{"href":"https:\/\/biblian.is\/1981\/wp-json\/wp\/v2\/types\/page"}],"author":[{"embeddable":true,"href":"https:\/\/biblian.is\/1981\/wp-json\/wp\/v2\/users\/1"}],"replies":[{"embeddable":true,"href":"https:\/\/biblian.is\/1981\/wp-json\/wp\/v2\/comments?post=1531"}],"version-history":[{"count":0,"href":"https:\/\/biblian.is\/1981\/wp-json\/wp\/v2\/pages\/1531\/revisions"}],"wp:attachment":[{"href":"https:\/\/biblian.is\/1981\/wp-json\/wp\/v2\/media?parent=1531"}],"curies":[{"name":"wp","href":"https:\/\/api.w.org\/{rel}","templated":true}]}}