{"id":1530,"date":"2017-11-18T20:17:41","date_gmt":"2017-11-18T20:17:41","guid":{"rendered":"http:\/\/biblian.is\/1981\/fimmta-mosebok-31-kafli\/"},"modified":"2021-06-06T10:51:18","modified_gmt":"2021-06-06T10:51:18","slug":"fimmta-mosebok-31-kafli","status":"publish","type":"page","link":"https:\/\/biblian.is\/1981\/fimmta-mosebok-31-kafli\/","title":{"rendered":"Fimmta M\u00f3seb\u00f3k 31. kafli"},"content":{"rendered":"<p><a name=\"1\"><span class=\"versanumer\">1<\/span><\/a>M\u00f3se f\u00f3r og flutti \u00f6llum \u00cdsrael \u00feessi or\u00f0<a name=\"2\"><span class=\"versanumer\">2<\/span><\/a>og sag\u00f0i vi\u00f0 \u00fe\u00e1: \u00c9g er n\u00fa hundra\u00f0 og tuttugu \u00e1ra. \u00c9g get ekki lengur gengi\u00f0 \u00fat og inn, og Drottinn hefir sagt vi\u00f0 mig: \u00de\u00fa skalt ekki komast yfir hana J\u00f3rdan.<a name=\"3\"><span class=\"versanumer\">3<\/span><\/a>Drottinn Gu\u00f0 \u00feinn fer sj\u00e1lfur yfir um fyrir \u00fe\u00e9r, hann mun sj\u00e1lfur ey\u00f0a \u00feessum \u00fej\u00f3\u00f0um fyrir \u00fe\u00e9r, svo a\u00f0 \u00fe\u00fa getir teki\u00f0 l\u00f6nd \u00feeirra til eignar. J\u00f3s\u00faa skal fara yfir um fyrir \u00fe\u00e9r, eins og Drottinn hefir sagt.<a name=\"4\"><span class=\"versanumer\">4<\/span><\/a>Og Drottinn mun fara me\u00f0 \u00fe\u00e6r eins og hann f\u00f3r me\u00f0 S\u00edhon og \u00d3g, konunga Amor\u00edta, og land \u00feeirra, sem hann eyddi.<a name=\"5\"><span class=\"versanumer\">5<\/span><\/a>Og Drottinn mun gefa \u00fe\u00e6r y\u00f0ur \u00e1 vald, og \u00fe\u00e9r skulu\u00f0 fara me\u00f0 \u00fe\u00e6r n\u00e1kv\u00e6mlega eftir skipun \u00feeirri, er \u00e9g hefi fyrir y\u00f0ur lagt.<a name=\"6\"><span class=\"versanumer\">6<\/span><\/a>Veri\u00f0 hughraustir og \u00f6ruggir, \u00f3ttist eigi og hr\u00e6\u00f0ist \u00fe\u00e1 eigi, \u00fev\u00ed a\u00f0 Drottinn Gu\u00f0 \u00feinn fer sj\u00e1lfur me\u00f0 \u00fe\u00e9r. Hann mun ekki sleppa af \u00fe\u00e9r hendinni n\u00e9 yfirgefa \u00feig.<a name=\"7\"><span class=\"versanumer\">7<\/span><\/a>M\u00f3se kalla\u00f0i \u00fe\u00e1 \u00e1 J\u00f3s\u00faa og sag\u00f0i vi\u00f0 hann \u00ed augs\u00fdn alls \u00cdsraels: Vertu hughraustur og \u00f6ruggur, \u00fev\u00ed a\u00f0 \u00fe\u00fa munt lei\u00f0a \u00feetta f\u00f3lk inn \u00ed landi\u00f0, sem Drottinn s\u00f3r fe\u00f0rum \u00feeirra a\u00f0 gefa \u00feeim, og \u00fe\u00fa munt skipta \u00fev\u00ed milli \u00feeirra.<a name=\"8\"><span class=\"versanumer\">8<\/span><\/a>Og Drottinn mun sj\u00e1lfur fara fyrir \u00fe\u00e9r, hann mun vera me\u00f0 \u00fe\u00e9r, hann mun eigi sleppa af \u00fe\u00e9r hendinni n\u00e9 yfirgefa \u00feig. \u00d3ttast \u00fe\u00fa eigi og l\u00e1t eigi hugfallast.<a name=\"9\"><span class=\"versanumer\">9<\/span><\/a>M\u00f3se rita\u00f0i l\u00f6gm\u00e1l \u00feetta og f\u00e9kk \u00fea\u00f0 \u00ed hendur prestunum, sonum Lev\u00ed, er bera s\u00e1ttm\u00e1ls\u00f6rk Drottins, og \u00f6llum \u00f6ldungum \u00cdsraels.<a name=\"10\"><span class=\"versanumer\">10<\/span><\/a>Og M\u00f3se lag\u00f0i svo fyrir \u00fe\u00e1: Sj\u00f6unda hvert \u00e1r, uml\u00ed\u00f0unar\u00e1ri\u00f0, \u00e1 laufsk\u00e1lah\u00e1t\u00ed\u00f0inni,<a name=\"11\"><span class=\"versanumer\">11<\/span><\/a>\u00feegar allur \u00cdsrael kemur til a\u00f0 birtast fyrir augliti Drottins Gu\u00f0s \u00fe\u00edns \u00e1 \u00feeim sta\u00f0, sem hann velur, \u00fe\u00e1 skalt \u00fe\u00fa lesa l\u00f6gm\u00e1l \u00feetta fyrir \u00f6llum \u00cdsrael \u00ed heyranda hlj\u00f3\u00f0i.<a name=\"12\"><span class=\"versanumer\">12<\/span><\/a>Safna \u00fe\u00fa saman l\u00fd\u00f0num, b\u00e6\u00f0i k\u00f6rlum, konum og b\u00f6rnum, og \u00fatlendingum \u00feeim, sem hj\u00e1 \u00fe\u00e9r eru innan borgarhli\u00f0a \u00feinna, til \u00feess a\u00f0 \u00feeir hl\u00fd\u00f0i \u00e1 og til \u00feess a\u00f0 \u00feeir l\u00e6ri a\u00f0 \u00f3ttast Drottin Gu\u00f0 y\u00f0ar og g\u00e6ti \u00feess a\u00f0 halda \u00f6ll or\u00f0 \u00feessa l\u00f6gm\u00e1ls.<a name=\"13\"><span class=\"versanumer\">13<\/span><\/a>Og b\u00f6rn \u00feeirra, \u00feau er enn ekki \u00feekkja \u00fea\u00f0, skulu hl\u00fd\u00f0a \u00e1 og l\u00e6ra a\u00f0 \u00f3ttast Drottin Gu\u00f0 y\u00f0ar alla \u00fe\u00e1 daga, sem \u00fe\u00e9r lifi\u00f0 \u00ed \u00fev\u00ed landi, er \u00fe\u00e9r haldi\u00f0 n\u00fa inn \u00ed yfir J\u00f3rdan til \u00feess a\u00f0 taka \u00fea\u00f0 til eignar.<a name=\"14\"><span class=\"versanumer\">14<\/span><\/a>Drottinn sag\u00f0i vi\u00f0 M\u00f3se: Sj\u00e1, andl\u00e1tst\u00edmi \u00feinn n\u00e1lgast. Kalla \u00fe\u00fa \u00e1 J\u00f3s\u00faa og gangi\u00f0 inn \u00ed samfundatjaldi\u00f0, svo a\u00f0 \u00e9g megi leggja fyrir hann skipanir m\u00ednar. \u00de\u00e1 f\u00f3ru \u00feeir M\u00f3se og J\u00f3s\u00faa og gengu inn \u00ed samfundatjaldi\u00f0.<a name=\"15\"><span class=\"versanumer\">15<\/span><\/a>En Drottinn birtist \u00ed tjaldinu \u00ed sk\u00fdst\u00f3lpa, og sk\u00fdst\u00f3lpinn nam sta\u00f0ar vi\u00f0 tjalddyrnar.<a name=\"16\"><span class=\"versanumer\">16<\/span><\/a>Drottinn sag\u00f0i vi\u00f0 M\u00f3se: Sj\u00e1, \u00fe\u00fa munt n\u00fa leggjast til hv\u00edldar hj\u00e1 fe\u00f0rum \u00fe\u00ednum. \u00de\u00e1 mun l\u00fd\u00f0ur \u00feessi r\u00edsa upp og taka fram hj\u00e1 me\u00f0 \u00fatlendum gu\u00f0um lands \u00feess, er hann heldur n\u00fa inn \u00ed, en yfirgefa mig og rj\u00fafa s\u00e1ttm\u00e1la minn, \u00feann er \u00e9g vi\u00f0 hann gj\u00f6r\u00f0i.<a name=\"17\"><span class=\"versanumer\">17<\/span><\/a>\u00de\u00e1 mun rei\u00f0i m\u00edn upptendrast gegn \u00feeim, og \u00e9g mun yfirgefa \u00fe\u00e1 og byrgja auglit mitt fyrir \u00feeim, og l\u00fd\u00f0urinn mun eyddur ver\u00f0a og margs konar b\u00f6l og \u00ferengingar yfir hann koma. \u00de\u00e1 mun hann segja: Vissulega er \u00feetta b\u00f6l yfir mig komi\u00f0, af \u00fev\u00ed a\u00f0 Gu\u00f0 minn er ekki hj\u00e1 m\u00e9r.<a name=\"18\"><span class=\"versanumer\">18<\/span><\/a>En \u00e1 \u00feeim degi mun \u00e9g byrgja auglit mitt vandlega vegna allrar \u00feeirrar illsku, sem hann hefir \u00ed frammi haft, er hann sneri s\u00e9r til annarra gu\u00f0a.<a name=\"19\"><span class=\"versanumer\">19<\/span><\/a>Skrifa \u00fe\u00fa n\u00fa upp kv\u00e6\u00f0i \u00feetta og kenn \u00fea\u00f0 \u00cdsraelsm\u00f6nnum, legg \u00feeim \u00fea\u00f0 \u00ed munn, til \u00feess a\u00f0 kv\u00e6\u00f0i \u00feetta megi ver\u00f0a m\u00e9r til vitnisbur\u00f0ar gegn \u00cdsraelsm\u00f6nnum.<a name=\"20\"><span class=\"versanumer\">20<\/span><\/a>\u00dev\u00ed a\u00f0 \u00e9g mun lei\u00f0a \u00fe\u00e1 inn \u00ed landi\u00f0, sem \u00e9g s\u00f3r fe\u00f0rum \u00feeirra, sem fl\u00fdtur \u00ed mj\u00f3lk og hunangi, og \u00feeir munu eta og ver\u00f0a saddir og feitir og sn\u00faa s\u00e9r til annarra gu\u00f0a og d\u00fdrka \u00fe\u00e1, en m\u00e9r munu \u00feeir hafna og rj\u00fafa s\u00e1ttm\u00e1la minn.<a name=\"21\"><span class=\"versanumer\">21<\/span><\/a>Og \u00feegar margs konar b\u00f6l og \u00ferengingar koma yfir \u00fe\u00e1, \u00fe\u00e1 mun kv\u00e6\u00f0i \u00feetta bera vitni gegn \u00feeim, \u00fev\u00ed a\u00f0 \u00fea\u00f0 mun eigi gleymast \u00ed munni ni\u00f0ja \u00feeirra. \u00dev\u00ed a\u00f0 \u00e9g veit, hva\u00f0 \u00feeim b\u00fdr innanbrj\u00f3sts n\u00fa \u00feegar, \u00e1\u00f0ur en \u00e9g hefi leitt \u00fe\u00e1 inn \u00ed landi\u00f0, sem \u00e9g s\u00f3r fe\u00f0rum \u00feeirra.<a name=\"22\"><span class=\"versanumer\">22<\/span><\/a>Og M\u00f3se skrifa\u00f0i upp kv\u00e6\u00f0i \u00feetta \u00feann hinn sama dag og kenndi \u00fea\u00f0 \u00cdsraelsm\u00f6nnum.<a name=\"23\"><span class=\"versanumer\">23<\/span><\/a>Drottinn lag\u00f0i skipanir s\u00ednar fyrir J\u00f3s\u00faa N\u00fansson og sag\u00f0i: Vertu hughraustur og \u00f6ruggur, \u00fev\u00ed a\u00f0 \u00fe\u00fa munt lei\u00f0a \u00cdsraelsmenn inn \u00ed landi\u00f0, sem \u00e9g s\u00f3r \u00feeim, og \u00e9g mun vera me\u00f0 \u00fe\u00e9r.<a name=\"24\"><span class=\"versanumer\">24<\/span><\/a>\u00deegar M\u00f3se haf\u00f0i algj\u00f6rlega loki\u00f0 \u00fev\u00ed a\u00f0 rita or\u00f0 \u00feessa l\u00f6gm\u00e1ls \u00ed b\u00f3k,<a name=\"25\"><span class=\"versanumer\">25<\/span><\/a>\u00fe\u00e1 bau\u00f0 hann lev\u00edtunum, sem bera s\u00e1ttm\u00e1ls\u00f6rk Drottins, og sag\u00f0i:<a name=\"26\"><span class=\"versanumer\">26<\/span><\/a>Taki\u00f0 l\u00f6gm\u00e1lsb\u00f3k \u00feessa og leggi\u00f0 hana vi\u00f0 hli\u00f0ina \u00e1 s\u00e1ttm\u00e1ls\u00f6rk Drottins Gu\u00f0s y\u00f0ar, svo a\u00f0 h\u00fan geymist \u00fear til vitnisbur\u00f0ar gegn \u00fe\u00e9r.<a name=\"27\"><span class=\"versanumer\">27<\/span><\/a>\u00dev\u00ed a\u00f0 \u00e9g \u00feekki m\u00f3t\u00fer\u00f3a \u00feinn og \u00ferj\u00f3sku. Sj\u00e1, me\u00f0an \u00e9g enn er lifandi hj\u00e1 y\u00f0ur \u00ed dag, hafi\u00f0 \u00fe\u00e9r \u00f3hl\u00fd\u00f0nast Drottni, og hva\u00f0 mun \u00fe\u00e1 s\u00ed\u00f0ar ver\u00f0a a\u00f0 m\u00e9r dau\u00f0um!<a name=\"28\"><span class=\"versanumer\">28<\/span><\/a>Safni\u00f0 saman til m\u00edn \u00f6llum \u00f6ldungum \u00e6ttkv\u00edsla y\u00f0ar og tilsj\u00f3narm\u00f6nnum y\u00f0ar, a\u00f0 \u00e9g megi flytja \u00feeim \u00feessi or\u00f0 \u00ed heyranda hlj\u00f3\u00f0i og kve\u00f0ja himin og j\u00f6r\u00f0 til vitnis m\u00f3ti \u00feeim.<a name=\"29\"><span class=\"versanumer\">29<\/span><\/a>\u00dev\u00ed a\u00f0 \u00e9g veit, a\u00f0 eftir dau\u00f0a minn munu\u00f0 \u00fe\u00e9r gj\u00f6rspillast og v\u00edkja af \u00feeim vegi, sem \u00e9g hefi bo\u00f0i\u00f0 y\u00f0ur. \u00de\u00e1 mun og \u00f3g\u00e6fan koma yfir y\u00f0ur \u00e1 komandi t\u00edmum, er \u00fe\u00e9r gj\u00f6ri\u00f0 \u00fea\u00f0 sem illt er \u00ed augum Drottins, svo a\u00f0 \u00fe\u00e9r egni\u00f0 hann til rei\u00f0i me\u00f0 ath\u00e6fi y\u00f0ar.<a name=\"30\"><span class=\"versanumer\">30<\/span><\/a>M\u00f3se flutti \u00fe\u00e1 \u00f6llum s\u00f6fnu\u00f0i \u00cdsraels or\u00f0 \u00feessa kv\u00e6\u00f0is, uns \u00fev\u00ed var loki\u00f0: kv\u00e6\u00f0is, uns \u00fev\u00ed var loki\u00f0:<\/p>\n<div class=\"footnote1981\"><b>31.1<\/b> Allur \u00cdsrael 5M\u00f3s 1.1+<br \/>\n<b>31.2<\/b> Ekki yfir J\u00f3rdan 5M\u00f3s 3.27<br \/>\n<b>31.3<\/b> J\u00f3s\u00faa 5M\u00f3s 1.38+<br \/>\n<b>31.4<\/b> S\u00edhon, \u00d3g 5M\u00f3s 1.4+<br \/>\n<b>31.5<\/b> Eftir \u00feeim fyrirm\u00e6lum 5M\u00f3s 4.2+ ; 5.31+<br \/>\n<b>31.6<\/b> Djarfir og hughraustir 5M\u00f3s 3.28+ &#8211; \u00f3ttist ekki 5M\u00f3s 1.29+ &#8211; Drottinn fer me\u00f0 \u00fe\u00e9r 5M\u00f3s 20.4 \u2013 Drottinn yfirgefur \u00feig ekki 1M\u00f3s 28.15; J\u00f3s 1.5, Heb 13.5<br \/>\n<b>31.7<\/b> Fyrirheitna landi\u00f0 5M\u00f3s 1.8+<br \/>\n<b>31.8<\/b> Drottinn me\u00f0 \u00fe\u00e9r 5M\u00f3s 20.1+ &#8211; \u00f3ttast ekki 5M\u00f3s 3.2+<br \/>\n<b>31.9<\/b> Ni\u00f0jar Lev\u00ed 5M\u00f3s 17.9+<br \/>\n<b>31.10<\/b> Sj\u00f6unda hvert \u00e1r 5M\u00f3s 15.1 \u2013 laufsk\u00e1lah\u00e1t\u00ed\u00f0in 5M\u00f3s 16.13-15<br \/>\n<b>31.11<\/b> Sta\u00f0ur 5M\u00f3s 12.5+<br \/>\n<b>31.12<\/b> Stefna saman 5M\u00f3s 4.10+ &#8211; \u00f3ttast Drottin 5M\u00f3s 4.10+ &#8211; g\u00e6ta \u00feess a\u00f0 framfylgja 5M\u00f3s 5.1+ &#8211; \u00f6ll or\u00f0 l\u00f6gm\u00e1lsins 5M\u00f3s 27.3+<br \/>\n<b>31.13<\/b> \u00deekkja ekki enn 5M\u00f3s 4.9-10; 6.7,20-25; 11.19; 32.46 \u2013 taka land til eignar 5M\u00f3s 1.21+<br \/>\n<b>31.15<\/b> Drottinn \u00ed sk\u00fdst\u00f3lpa 2M\u00f3s 33.9-10<br \/>\n<b>31.16<\/b> Taka fram hj\u00e1 2M\u00f3s 34.15-16; D\u00f3m 2.17; Esk 16.15; sbr 1M\u00f3s 35.2-4; J\u00f3s 24.14; D\u00f3m 10.16; 1Sam 7.3<br \/>\n<b>31.17<\/b> Rei\u00f0i Gu\u00f0s 5M\u00f3s 6.15; 7.4; 11.17; D\u00f3m 2.14 \u2013 Gu\u00f0 ekki hj\u00e1 \u00cdsrael 5M\u00f3s 1.42; D\u00f3m 6.13; Slm 42.11; sbr 5M\u00f3s 4.7+<br \/>\n<b>31.18<\/b> A\u00f0rir gu\u00f0ir 2M\u00f3s 20.3+<br \/>\n<b>31.19<\/b> Til vitnisbur\u00f0ar 5M\u00f3s 31.26; sbr J\u00f3h 5.45<br \/>\n<b>31.20<\/b> Fyrirheitna landi\u00f0 5M\u00f3s 1.8+ &#8211; eta n\u00e6gju s\u00edna og sn\u00faa s\u00e9r til annarra gu\u00f0a 5M\u00f3s 6.11-12; 8.12-14 \u2013 rj\u00fafa s\u00e1ttm\u00e1lann Jer 11.10; 31.32<br \/>\n<b>31.21<\/b> B\u00f6l 5M\u00f3s 28.15-68<br \/>\n<b>31.23<\/b> J\u00f3s\u00faa 5M\u00f3s 1.38+ &#8211; styrkur og djarfur 5M\u00f3s 3.28+ &#8211; \u00e9g ver\u00f0 me\u00f0 \u00fe\u00e9r 5M\u00f3s 20.1+<br \/>\n<b>31.24<\/b> Skr\u00e1 \u00e1kv\u00e6\u00f0i l\u00f6gm\u00e1lsins 5M\u00f3s 17.18<br \/>\n<b>31.26<\/b> L\u00f6gb\u00f3kin 5M\u00f3s 28.61+<br \/>\n<b>31.27<\/b> \u00d3hl\u00fd\u00f0nast Drottni 5M\u00f3s 9.7+<br \/>\n<b>31.28<\/b> Vitni 5M\u00f3s 4.26+<br \/>\n<b>31.29<\/b> Eftir dau\u00f0a minn Post 20.29-30 \u2013 \u00fea\u00f0 sem illt er 5M\u00f3s 4.25+ &#8211; vekja rei\u00f0i Drottins 5M\u00f3s 4.25+<\/div>\n","protected":false},"excerpt":{"rendered":"<p>1M\u00f3se f\u00f3r og flutti \u00f6llum \u00cdsrael \u00feessi or\u00f02og sag\u00f0i vi\u00f0 \u00fe\u00e1: \u00c9g er n\u00fa hundra\u00f0 og tuttugu \u00e1ra. \u00c9g get ekki lengur gengi\u00f0 \u00fat og inn, og Drottinn hefir sagt vi\u00f0 mig: \u00de\u00fa skalt ekki komast yfir hana J\u00f3rdan.3Drottinn Gu\u00f0 \u00feinn fer sj\u00e1lfur yfir um fyrir \u00fe\u00e9r, hann mun sj\u00e1lfur ey\u00f0a \u00feessum \u00fej\u00f3\u00f0um fyrir \u00fe\u00e9r, svo a\u00f0 \u00fe\u00fa getir teki\u00f0 l\u00f6nd \u00feeirra til eignar. J\u00f3s\u00faa skal fara yfir um fyrir \u00fe\u00e9r, eins og Drottinn hefir sagt.4Og Drottinn mun fara me\u00f0 \u00fe\u00e6r eins og hann f\u00f3r me\u00f0 S\u00edhon og \u00d3g, konunga Amor\u00edta, og land \u00feeirra, sem hann eyddi.5Og Drottinn mun gefa <a href=\"https:\/\/biblian.is\/1981\/fimmta-mosebok-31-kafli\/\"> [&#8230;]<\/a><\/p>\n","protected":false},"author":1,"featured_media":0,"parent":0,"menu_order":0,"comment_status":"open","ping_status":"open","template":"bibliukaflar.php","meta":{"footnotes":""},"class_list":["post-1530","page","type-page","status-publish","hentry"],"_links":{"self":[{"href":"https:\/\/biblian.is\/1981\/wp-json\/wp\/v2\/pages\/1530","targetHints":{"allow":["GET"]}}],"collection":[{"href":"https:\/\/biblian.is\/1981\/wp-json\/wp\/v2\/pages"}],"about":[{"href":"https:\/\/biblian.is\/1981\/wp-json\/wp\/v2\/types\/page"}],"author":[{"embeddable":true,"href":"https:\/\/biblian.is\/1981\/wp-json\/wp\/v2\/users\/1"}],"replies":[{"embeddable":true,"href":"https:\/\/biblian.is\/1981\/wp-json\/wp\/v2\/comments?post=1530"}],"version-history":[{"count":0,"href":"https:\/\/biblian.is\/1981\/wp-json\/wp\/v2\/pages\/1530\/revisions"}],"wp:attachment":[{"href":"https:\/\/biblian.is\/1981\/wp-json\/wp\/v2\/media?parent=1530"}],"curies":[{"name":"wp","href":"https:\/\/api.w.org\/{rel}","templated":true}]}}