{"id":1529,"date":"2017-11-18T20:17:41","date_gmt":"2017-11-18T20:17:41","guid":{"rendered":"http:\/\/biblian.is\/1981\/fimmta-mosebok-30-kafli\/"},"modified":"2021-06-06T10:51:18","modified_gmt":"2021-06-06T10:51:18","slug":"fimmta-mosebok-30-kafli","status":"publish","type":"page","link":"https:\/\/biblian.is\/1981\/fimmta-mosebok-30-kafli\/","title":{"rendered":"Fimmta M\u00f3seb\u00f3k 30. kafli"},"content":{"rendered":"<p><a name=\"1\"><span class=\"versanumer\">1<\/span><\/a>\u00deegar allt \u00feetta, blessunin og b\u00f6lvunin, sem \u00e9g hefi lagt fyrir \u00feig \u00ed dag, kemur fram vi\u00f0 \u00feig, og \u00fe\u00fa hugfestir \u00fea\u00f0 me\u00f0al allra \u00feeirra \u00fej\u00f3\u00f0a, er Drottinn Gu\u00f0 \u00feinn rekur \u00feig til,<a name=\"2\"><span class=\"versanumer\">2<\/span><\/a>og \u00fe\u00fa sn\u00fdr \u00fe\u00e9r aftur til Drottins Gu\u00f0s \u00fe\u00edns og hl\u00fd\u00f0ir raustu hans \u00ed \u00f6llu, sem \u00e9g b\u00fd\u00f0 \u00fe\u00e9r \u00ed dag, b\u00e6\u00f0i \u00fe\u00fa og b\u00f6rn \u00fe\u00edn, af \u00f6llu hjarta \u00fe\u00ednu og af allri s\u00e1lu \u00feinni,<a name=\"3\"><span class=\"versanumer\">3<\/span><\/a>\u00fe\u00e1 mun Drottinn Gu\u00f0 \u00feinn sn\u00faa vi\u00f0 h\u00f6gum \u00fe\u00ednum og miskunna \u00fe\u00e9r og safna \u00fe\u00e9r aftur saman fr\u00e1 \u00f6llum \u00fej\u00f3\u00f0um, \u00feeim er Drottinn Gu\u00f0 \u00feinn hefir dreift \u00fe\u00e9r \u00e1 me\u00f0al.<a name=\"4\"><span class=\"versanumer\">4<\/span><\/a>\u00de\u00f3tt \u00fe\u00ednir brottreknu v\u00e6ru yst vi\u00f0 skaut himins, \u00fe\u00e1 mun Drottinn Gu\u00f0 \u00feinn saman safna \u00fe\u00e9r \u00fea\u00f0an og s\u00e6kja \u00feig \u00feanga\u00f0.<a name=\"5\"><span class=\"versanumer\">5<\/span><\/a>Og Drottinn Gu\u00f0 \u00feinn mun lei\u00f0a \u00feig inn \u00ed landi\u00f0, sem fe\u00f0ur \u00fe\u00ednir \u00e1ttu, og \u00fe\u00fa skalt taka \u00fea\u00f0 til eignar, og hann mun gj\u00f6ra enn betur til \u00fe\u00edn og fj\u00f6lga \u00fe\u00e9r enn meir en fe\u00f0rum \u00fe\u00ednum.<a name=\"6\"><span class=\"versanumer\">6<\/span><\/a>Drottinn Gu\u00f0 \u00feinn mun umskera hjarta \u00feitt og hjarta ni\u00f0ja \u00feinna, svo a\u00f0 \u00fe\u00fa elskir Drottin Gu\u00f0 \u00feinn af \u00f6llu hjarta \u00fe\u00ednu og af allri s\u00e1lu \u00feinni, til \u00feess a\u00f0 \u00fe\u00fa megir lifa.<a name=\"7\"><span class=\"versanumer\">7<\/span><\/a>Og Drottinn Gu\u00f0 \u00feinn mun l\u00e1ta allar \u00feessar b\u00f6lvanir bitna \u00e1 \u00f3vinum \u00fe\u00ednum og fjendum, \u00feeim er hafa ofs\u00f3tt \u00feig.<a name=\"8\"><span class=\"versanumer\">8<\/span><\/a>En \u00fe\u00fa munt aftur hl\u00fd\u00f0a raustu Drottins og halda allar skipanir hans, \u00fe\u00e6r er \u00e9g legg fyrir \u00feig \u00ed dag.<a name=\"9\"><span class=\"versanumer\">9<\/span><\/a>Drottinn Gu\u00f0 \u00feinn mun veita \u00fe\u00e9r gn\u00e6g\u00f0 g\u00e6\u00f0a \u00ed \u00f6llu, sem \u00fe\u00fa tekur \u00fe\u00e9r fyrir hendur, \u00ed \u00e1vexti kvi\u00f0ar \u00fe\u00edns og \u00ed \u00e1vexti f\u00e9na\u00f0ar \u00fe\u00edns og \u00ed \u00e1vexti lands \u00fe\u00edns, \u00fev\u00ed a\u00f0 Drottinn mun aftur gle\u00f0jast yfir \u00fe\u00e9r, \u00fe\u00e9r til heilla, eins og hann gladdist yfir fe\u00f0rum \u00fe\u00ednum,<a name=\"10\"><span class=\"versanumer\">10<\/span><\/a>ef \u00fe\u00fa hl\u00fd\u00f0ir raustu Drottins Gu\u00f0s \u00fe\u00edns og var\u00f0veitir skipanir hans og l\u00f6g, sem ritu\u00f0 eru \u00ed \u00feessari l\u00f6gm\u00e1lsb\u00f3k, ef \u00fe\u00fa sn\u00fdr \u00fe\u00e9r til Drottins Gu\u00f0s \u00fe\u00edns af \u00f6llu hjarta \u00fe\u00ednu og af allri s\u00e1lu \u00feinni.<a name=\"11\"><span class=\"versanumer\">11<\/span><\/a>\u00deetta bo\u00f0or\u00f0, sem \u00e9g legg fyrir \u00feig \u00ed dag, er \u00fe\u00e9r eigi um megn, og \u00fea\u00f0 er eigi fjarl\u00e6gt \u00fe\u00e9r.<a name=\"12\"><span class=\"versanumer\">12<\/span><\/a>Ekki er \u00fea\u00f0 uppi \u00ed himninum, svo a\u00f0 \u00fe\u00fa \u00feurfir a\u00f0 segja: Hver \u00e6tli fari fyrir oss upp \u00ed himininn og s\u00e6ki \u00fea\u00f0 handa oss og kunngj\u00f6ri oss \u00fea\u00f0, svo a\u00f0 v\u00e9r megum breyta eftir \u00fev\u00ed?<a name=\"13\"><span class=\"versanumer\">13<\/span><\/a>Og \u00fea\u00f0 er eigi hinumegin hafsins, svo a\u00f0 \u00fe\u00fa \u00feurfir a\u00f0 segja: Hver \u00e6tli fari fyrir oss yfir hafi\u00f0 og s\u00e6ki \u00fea\u00f0 handa oss og kunngj\u00f6ri oss \u00fea\u00f0, svo a\u00f0 v\u00e9r megum breyta eftir \u00fev\u00ed?<a name=\"14\"><span class=\"versanumer\">14<\/span><\/a>Heldur er or\u00f0i\u00f0 harla n\u00e6rri \u00fe\u00e9r, \u00ed munni \u00fe\u00ednum og hjarta \u00fe\u00ednu, svo a\u00f0 \u00fe\u00fa getur breytt eftir \u00fev\u00ed.<a name=\"15\"><span class=\"versanumer\">15<\/span><\/a>Sj\u00e1, \u00e9g hefi \u00ed dag lagt fyrir \u00feig l\u00edf og heill, dau\u00f0a og \u00f3heill.<a name=\"16\"><span class=\"versanumer\">16<\/span><\/a>Ef \u00fe\u00fa hl\u00fd\u00f0ir skipunum Drottins Gu\u00f0s \u00fe\u00edns, \u00feeim er \u00e9g legg fyrir \u00feig \u00ed dag, a\u00f0 elska Drottin Gu\u00f0 \u00feinn, ganga \u00e1 hans vegum og var\u00f0veita skipanir hans, l\u00f6g og \u00e1kv\u00e6\u00f0i, \u00fe\u00e1 munt \u00fe\u00fa lifa og margfaldast, og Drottinn Gu\u00f0 \u00feinn mun blessa \u00feig \u00ed landi \u00fev\u00ed, er \u00fe\u00fa heldur n\u00fa inn \u00ed til \u00feess a\u00f0 taka \u00fea\u00f0 til eignar.<a name=\"17\"><span class=\"versanumer\">17<\/span><\/a>En ef hjarta \u00feitt gj\u00f6rist fr\u00e1hverft og \u00fe\u00fa ver\u00f0ur \u00f3hl\u00fd\u00f0inn og l\u00e6tur t\u00e6last til a\u00f0 falla fram fyrir \u00f6\u00f0rum gu\u00f0um og d\u00fdrka \u00fe\u00e1,<a name=\"18\"><span class=\"versanumer\">18<\/span><\/a>\u00fe\u00e1 bo\u00f0a \u00e9g y\u00f0ur \u00ed dag, a\u00f0 \u00fe\u00e9r munu\u00f0 gj\u00f6rsamlega farast. \u00de\u00e9r munu\u00f0 \u00fe\u00e1 eigi lifa m\u00f6rg \u00e1rin \u00ed landi \u00fev\u00ed, er \u00fe\u00e9r haldi\u00f0 n\u00fa inn \u00ed yfir J\u00f3rdan til \u00feess a\u00f0 taka \u00fea\u00f0 til eignar.<a name=\"19\"><span class=\"versanumer\">19<\/span><\/a>\u00c9g kve\u00f0 \u00ed dag b\u00e6\u00f0i himin og j\u00f6r\u00f0 til vitnis m\u00f3ti y\u00f0ur, a\u00f0 \u00e9g hefi lagt fyrir \u00feig l\u00edfi\u00f0 og dau\u00f0ann, blessunina og b\u00f6lvunina. Veldu \u00fe\u00e1 l\u00edfi\u00f0, til \u00feess a\u00f0 \u00fe\u00fa og ni\u00f0jar \u00fe\u00ednir megi lifa,<a name=\"20\"><span class=\"versanumer\">20<\/span><\/a>me\u00f0 \u00fev\u00ed a\u00f0 elska Drottin Gu\u00f0 \u00feinn, hl\u00fd\u00f0a raustu hans og halda \u00fe\u00e9r fast vi\u00f0 hann, \u00fev\u00ed a\u00f0 undir \u00fev\u00ed er l\u00edf \u00feitt komi\u00f0 og langg\u00e6\u00f0ur aldur \u00feinn, svo a\u00f0 \u00fe\u00fa megir b\u00faa \u00ed landinu, sem Drottinn s\u00f3r fe\u00f0rum \u00fe\u00ednum, Abraham, \u00cdsak og Jakob, a\u00f0 gefa \u00feeim.<\/p>\n<div class=\"footnote1981\"><b>30.1<\/b> Blessun og b\u00f6lvun 5M\u00f3s 11.26+ &#8211; minnast (festa \u00ed huga) 5M\u00f3s 4.39; S\u00edr 14.20-21; sbr 5M\u00f3s 6.6; 11.18<br \/>\n<b>30.2<\/b> Sn\u00faa aftur til Drottins 5M\u00f3s 4.30+ &#8211; hl\u00fd\u00f0a bo\u00f0i hans 5M\u00f3s 4.30+ &#8211; af \u00f6llu hjarta 5M\u00f3s 4.29+ &#8211; sem \u00e9g b\u00fd\u00f0 \u00fe\u00e9r 5M\u00f3s 4.2+<br \/>\n<b>30.3<\/b> Sn\u00faa vi\u00f0 h\u00f6gum Esk 29.14; H\u00f3s 6.11; Am 9.14; sbr Esk 36.3-38 \u2013 miskunnsamur Gu\u00f0 5M\u00f3s 4.31+ &#8211; safna saman Esk 11.17; 28.25; 37.21<br \/>\n<b>30.4<\/b> Endim\u00f6rk himins Matt 24.31+<br \/>\n<b>30.5<\/b> Farnast betur sbr 5M\u00f3s 4.40<br \/>\n<b>30.6<\/b> Elska Gu\u00f0 af \u00f6llu hjarta 5M\u00f3s 6.5+ &#8211; a\u00f0 \u00fe\u00fa megir lifa 5M\u00f3s 4.1+ ; 30.16-20<br \/>\n<b>30.9<\/b> Gn\u00e6g\u00f0 g\u00e6\u00f0a 5M\u00f3s 2.7+ ; 28.8 \u2013 \u00e1v\u00f6xtur 5M\u00f3s 28.4+ &#8211; Drottinn mun gle\u00f0jast 5M\u00f3s 28.63<br \/>\n<b>30.10<\/b> L\u00f6gm\u00e1lsb\u00f3kin 5M\u00f3s 28.61+<br \/>\n<b>30.11-14<\/b> Or\u00f0 Gu\u00f0s er n\u00e1l\u00e6gt S\u00edr 51.26; R\u00f3m 10.6-8<br \/>\n<b>30.11<\/b> Bo\u00f0or\u00f0i\u00f0 &#8230; 5M\u00f3s 4.2+ &#8211; framkv\u00e6manlegt bo\u00f0or\u00f0 Matt 11.30; 1J\u00f3h 5.3; sbr S\u00edr 51.26<br \/>\n<b>30.12<\/b> Ekki uppi \u00ed himninum R\u00f3m 10.6-8<br \/>\n<b>30.15-20<\/b> L\u00f6gm\u00e1l l\u00edfsins 5M\u00f3s 32.47; S\u00edr 45.5, sbr 5M\u00f3s 4.1+<br \/>\n<b>30.15<\/b> L\u00edf og dau\u00f0i S\u00edr 37.18 \u2013 heill og \u00f3heill 5M\u00f3s 11.26-28<br \/>\n<b>30.16<\/b> \u00c9g set \u00fe\u00e9r 5M\u00f3s 4.2+ &#8211; elska Gu\u00f0 5.10+ &#8211; halda bo\u00f0 Gu\u00f0s og lifa 5M\u00f3s 4.1+ &#8211; taka land til eignar 5M\u00f3s 1.21+<br \/>\n<b>30.17<\/b> Gerast fr\u00e1hverfur 5M\u00f3s 29.17 \u2013 a\u00f0rir gu\u00f0ir 2M\u00f3s 20.3+<br \/>\n<b>30.18<\/b> Gerey\u00f0a 5M\u00f3s 4.26+ &#8211; lifa 5M\u00f3s 4.26+<br \/>\n<b>30.19<\/b> Vitni 5M\u00f3s 4.26+ &#8211; a\u00f0 \u00fe\u00fa megir lifa 5M\u00f3s 30.6+<br \/>\n<b>30.20<\/b> Elska Drottin 5M\u00f3s 6.5 \u2013 hl\u00fd\u00f0a bo\u00f0i Drottins 5M\u00f3s 4.30+ &#8211; halda s\u00e9r fast 5M\u00f3s 10.20+ &#8211; fyrirheitna landi\u00f0 5M\u00f3s 1.8+<\/div>\n","protected":false},"excerpt":{"rendered":"<p>1\u00deegar allt \u00feetta, blessunin og b\u00f6lvunin, sem \u00e9g hefi lagt fyrir \u00feig \u00ed dag, kemur fram vi\u00f0 \u00feig, og \u00fe\u00fa hugfestir \u00fea\u00f0 me\u00f0al allra \u00feeirra \u00fej\u00f3\u00f0a, er Drottinn Gu\u00f0 \u00feinn rekur \u00feig til,2og \u00fe\u00fa sn\u00fdr \u00fe\u00e9r aftur til Drottins Gu\u00f0s \u00fe\u00edns og hl\u00fd\u00f0ir raustu hans \u00ed \u00f6llu, sem \u00e9g b\u00fd\u00f0 \u00fe\u00e9r \u00ed dag, b\u00e6\u00f0i \u00fe\u00fa og b\u00f6rn \u00fe\u00edn, af \u00f6llu hjarta \u00fe\u00ednu og af allri s\u00e1lu \u00feinni,3\u00fe\u00e1 mun Drottinn Gu\u00f0 \u00feinn sn\u00faa vi\u00f0 h\u00f6gum \u00fe\u00ednum og miskunna \u00fe\u00e9r og safna \u00fe\u00e9r aftur saman fr\u00e1 \u00f6llum \u00fej\u00f3\u00f0um, \u00feeim er Drottinn Gu\u00f0 \u00feinn hefir dreift \u00fe\u00e9r \u00e1 me\u00f0al.4\u00de\u00f3tt \u00fe\u00ednir brottreknu v\u00e6ru yst <a href=\"https:\/\/biblian.is\/1981\/fimmta-mosebok-30-kafli\/\"> [&#8230;]<\/a><\/p>\n","protected":false},"author":1,"featured_media":0,"parent":0,"menu_order":0,"comment_status":"open","ping_status":"open","template":"bibliukaflar.php","meta":{"footnotes":""},"class_list":["post-1529","page","type-page","status-publish","hentry"],"_links":{"self":[{"href":"https:\/\/biblian.is\/1981\/wp-json\/wp\/v2\/pages\/1529","targetHints":{"allow":["GET"]}}],"collection":[{"href":"https:\/\/biblian.is\/1981\/wp-json\/wp\/v2\/pages"}],"about":[{"href":"https:\/\/biblian.is\/1981\/wp-json\/wp\/v2\/types\/page"}],"author":[{"embeddable":true,"href":"https:\/\/biblian.is\/1981\/wp-json\/wp\/v2\/users\/1"}],"replies":[{"embeddable":true,"href":"https:\/\/biblian.is\/1981\/wp-json\/wp\/v2\/comments?post=1529"}],"version-history":[{"count":0,"href":"https:\/\/biblian.is\/1981\/wp-json\/wp\/v2\/pages\/1529\/revisions"}],"wp:attachment":[{"href":"https:\/\/biblian.is\/1981\/wp-json\/wp\/v2\/media?parent=1529"}],"curies":[{"name":"wp","href":"https:\/\/api.w.org\/{rel}","templated":true}]}}