{"id":1524,"date":"2017-11-18T20:17:37","date_gmt":"2017-11-18T20:17:37","guid":{"rendered":"http:\/\/biblian.is\/1981\/fimmta-mosebok-25-kafli\/"},"modified":"2021-06-06T10:51:15","modified_gmt":"2021-06-06T10:51:15","slug":"fimmta-mosebok-25-kafli","status":"publish","type":"page","link":"https:\/\/biblian.is\/1981\/fimmta-mosebok-25-kafli\/","title":{"rendered":"Fimmta M\u00f3seb\u00f3k 25. kafli"},"content":{"rendered":"<p><a name=\"1\"><span class=\"versanumer\">1<\/span><\/a>\u00deegar deila r\u00eds milli manna og \u00feeir koma fyrir d\u00f3m, og d\u00f3mur hefir upp kve\u00f0inn veri\u00f0 yfir \u00feeim me\u00f0 \u00feeim h\u00e6tti, a\u00f0 hinn saklausi hefir veri\u00f0 s\u00fdkna\u00f0ur, en hinn seki d\u00e6mdur sekur,<a name=\"2\"><span class=\"versanumer\">2<\/span><\/a>og hinn seki hefir unni\u00f0 til h\u00fa\u00f0stroku, \u00fe\u00e1 skal d\u00f3marinn l\u00e1ta leggja hann ni\u00f0ur og l\u00e1ta sl\u00e1 hann \u00ed vi\u00f0urvist sinni eins m\u00f6rg h\u00f6gg og h\u00e6fir misgj\u00f6r\u00f0 hans.<a name=\"3\"><span class=\"versanumer\">3<\/span><\/a>Hann m\u00e1 l\u00e1ta sl\u00e1 hann fj\u00f6rut\u00edu h\u00f6gg, en ekki fleiri, til \u00feess a\u00f0 br\u00f3\u00f0ir \u00feinn ver\u00f0i ekki fyrirlitlegur \u00ed augum \u00fe\u00ednum, ef haldi\u00f0 er \u00e1fram a\u00f0 sl\u00e1 hann enn m\u00f6rg h\u00f6gg.<a name=\"4\"><span class=\"versanumer\">4<\/span><\/a>\u00de\u00fa skalt ekki m\u00falbinda uxann, er hann \u00fereskir.<a name=\"5\"><span class=\"versanumer\">5<\/span><\/a>\u00deegar br\u00e6\u00f0ur b\u00faa saman og einn \u00feeirra deyr og \u00e1 engan son, \u00fe\u00e1 skal kona hins l\u00e1tna ekki giftast neinum manni \u00far\u00e6ttis. M\u00e1gur hennar skal ganga inn til hennar og taka hana s\u00e9r fyrir konu og gegna m\u00e1gskyldunni vi\u00f0 hana,<a name=\"6\"><span class=\"versanumer\">6<\/span><\/a>en fyrsti sonurinn, er h\u00fan f\u00e6\u00f0ir, skal teljast sonur hins l\u00e1tna br\u00f3\u00f0ur hans, svo a\u00f0 nafn hans afm\u00e1ist ekki \u00far \u00cdsrael.<a name=\"7\"><span class=\"versanumer\">7<\/span><\/a>En ef manninn f\u00fdsir eigi a\u00f0 ganga a\u00f0 eiga br\u00f3\u00f0urkonu s\u00edna, \u00fe\u00e1 skal h\u00fan ganga upp \u00ed borgarhli\u00f0i\u00f0, til \u00f6ldunganna, og segja: M\u00e1gur minn f\u00e6rist undan a\u00f0 halda vi\u00f0 nafni br\u00f3\u00f0ur s\u00edns \u00ed \u00cdsrael. Hann vill ekki gegna m\u00e1gskyldunni vi\u00f0 mig.<a name=\"8\"><span class=\"versanumer\">8<\/span><\/a>\u00d6ldungar borgar hans skulu \u00fe\u00e1 kalla hann fyrir og tala vi\u00f0 hann, og ef hann stendur fastur fyrir og segir: Mig f\u00fdsir eigi a\u00f0 ganga a\u00f0 eiga hana,<a name=\"9\"><span class=\"versanumer\">9<\/span><\/a>\u00fe\u00e1 skal m\u00e1gkona hans ganga a\u00f0 honum \u00ed vi\u00f0urvist \u00f6ldunganna, draga sk\u00f3inn af f\u00e6ti honum, hr\u00e6kja framan \u00ed hann, taka til m\u00e1ls og segja: Svo skal fara me\u00f0 hvern \u00feann, er eigi vill reisa vi\u00f0 \u00e6tt br\u00f3\u00f0ur s\u00edns.<a name=\"10\"><span class=\"versanumer\">10<\/span><\/a>Og \u00e6tt hans skal \u00ed \u00cdsrael nefnd Berf\u00f3ts\u00e6tt.<a name=\"11\"><span class=\"versanumer\">11<\/span><\/a>\u00deegar tveir menn eru \u00ed \u00e1flogum, og kona annars hleypur a\u00f0 til \u00feess a\u00f0 hj\u00e1lpa manni s\u00ednum \u00far h\u00f6ndum \u00feess, er sl\u00e6r hann, og h\u00fan r\u00e9ttir \u00fat h\u00f6ndina og tekur um hre\u00f0jar honum,<a name=\"12\"><span class=\"versanumer\">12<\/span><\/a>\u00fe\u00e1 skalt \u00fe\u00fa h\u00f6ggva af henni h\u00f6ndina og eigi l\u00edta hana v\u00e6g\u00f0arauga.<a name=\"13\"><span class=\"versanumer\">13<\/span><\/a>\u00de\u00fa skalt ekki hafa tvenns konar vogarsteina \u00ed sj\u00f3\u00f0i \u00fe\u00ednum, annan st\u00e6rri og hinn minni.<a name=\"14\"><span class=\"versanumer\">14<\/span><\/a>\u00de\u00fa skalt ekki hafa tvenns konar efu \u00ed h\u00fasi \u00fe\u00ednu, a\u00f0ra st\u00e6rri og hina minni.<a name=\"15\"><span class=\"versanumer\">15<\/span><\/a>\u00de\u00fa skalt hafa n\u00e1kv\u00e6ma og r\u00e9tta vog, \u00fe\u00fa skalt hafa n\u00e1kv\u00e6ma og r\u00e9tta efu, til \u00feess a\u00f0 \u00fe\u00fa lifir lengi \u00ed landinu, sem Drottinn Gu\u00f0 \u00feinn gefur \u00fe\u00e9r.<a name=\"16\"><span class=\"versanumer\">16<\/span><\/a>\u00dev\u00ed a\u00f0 hver s\u00e1, er sl\u00edkt gj\u00f6rir, hver s\u00e1 er rangl\u00e6ti fremur, er Drottni Gu\u00f0i \u00fe\u00ednum andstyggilegur.<a name=\"17\"><span class=\"versanumer\">17<\/span><\/a>Minnstu \u00feess, hvernig Amalek\u00edtar f\u00f3ru me\u00f0 \u00feig \u00e1 lei\u00f0inni, \u00fe\u00e1 er \u00fe\u00e9r f\u00f3ru\u00f0 af Egyptalandi,<a name=\"18\"><span class=\"versanumer\">18<\/span><\/a>hvernig \u00feeir r\u00e9\u00f0ust \u00e1 \u00feig \u00e1 lei\u00f0inni og unnu \u00e1 \u00feeim, er aftastir f\u00f3ru, \u00f6llum \u00feeim er \u00fereyttir voru og aftur \u00far dr\u00f3gust, \u00feegar \u00fe\u00fa varst or\u00f0inn l\u00fainn og uppgefinn, og \u00f3ttu\u00f0ust ekki Gu\u00f0.<a name=\"19\"><span class=\"versanumer\">19<\/span><\/a>Fyrir \u00fev\u00ed skalt \u00fe\u00fa, \u00feegar Drottinn Gu\u00f0 \u00feinn veitir \u00fe\u00e9r hv\u00edld fyrir \u00f6llum \u00f3vinum \u00fe\u00ednum allt \u00ed kringum \u00feig \u00ed landinu, sem Drottinn Gu\u00f0 \u00feinn gefur \u00fe\u00e9r sem arf til eignar, afm\u00e1 nafn Amalek\u00edta af j\u00f6r\u00f0inni. Gleym \u00fev\u00ed ekki.<\/p>\n<div class=\"footnote1981\"><b>25.1<\/b> Skyldur d\u00f3menda 5M\u00f3s 1.9+ &#8211; saklaus s\u00fdkna\u00f0ur Am 2.6; 5.12; sbr Jes 5.20,23<br \/>\n<b>25.3<\/b> Fj\u00f6rut\u00edu h\u00f6gg 2Kor 11.24<br \/>\n<b>25.4<\/b> M\u00falbinda uxa 1Kor 9.9; 1T\u00edm 5.18<br \/>\n<b>25.5<\/b> M\u00e1gkona 3M\u00f3s 18.16+ &#8211; gegna m\u00e1gskyldunni 1M\u00f3s 38.8-9; Rut 4; Matt 22.23-33 og hlst.<br \/>\n<b>25.6<\/b> Afm\u00e1 nafn 5M\u00f3s 9.14+<br \/>\n<b>25.12<\/b> H\u00f6ggva af h\u00f6ndina Matt 5.30 og hlst. \u2013 ekki s\u00fdna miskunn 5M\u00f3s 13.9+<br \/>\n<b>25.13-16<\/b> R\u00e9ttir m\u00e6lar 3M\u00f3s 19.36+ ; M\u00edk 6.10-11; S\u00edr 42.4<br \/>\n<b>25.15<\/b> Langl\u00edfi 5M\u00f3s 4.26+<br \/>\n<b>25.16<\/b> Svikari (rangl\u00e6ti) S\u00edr 26.29-27.3<br \/>\n<b>25.17<\/b> Amalek\u00edtar 2M\u00f3s 17.8+ ; sbr 5M\u00f3s 23.3-8<br \/>\n<b>25.19<\/b> Fri\u00f0ur (hv\u00edld) 5M\u00f3s 3.20+ &#8211; fri\u00f0ur fyrir \u00f3vinum 5M\u00f3s 12.10; 2Sam 7.7 \u2013 landi\u00f0 er arfur 5M\u00f3s 3.20+ &#8211; afm\u00e1 nafn 2M\u00f3s 17.14; sbr 5M\u00f3s 9.14+<\/div>\n","protected":false},"excerpt":{"rendered":"<p>1\u00deegar deila r\u00eds milli manna og \u00feeir koma fyrir d\u00f3m, og d\u00f3mur hefir upp kve\u00f0inn veri\u00f0 yfir \u00feeim me\u00f0 \u00feeim h\u00e6tti, a\u00f0 hinn saklausi hefir veri\u00f0 s\u00fdkna\u00f0ur, en hinn seki d\u00e6mdur sekur,2og hinn seki hefir unni\u00f0 til h\u00fa\u00f0stroku, \u00fe\u00e1 skal d\u00f3marinn l\u00e1ta leggja hann ni\u00f0ur og l\u00e1ta sl\u00e1 hann \u00ed vi\u00f0urvist sinni eins m\u00f6rg h\u00f6gg og h\u00e6fir misgj\u00f6r\u00f0 hans.3Hann m\u00e1 l\u00e1ta sl\u00e1 hann fj\u00f6rut\u00edu h\u00f6gg, en ekki fleiri, til \u00feess a\u00f0 br\u00f3\u00f0ir \u00feinn ver\u00f0i ekki fyrirlitlegur \u00ed augum \u00fe\u00ednum, ef haldi\u00f0 er \u00e1fram a\u00f0 sl\u00e1 hann enn m\u00f6rg h\u00f6gg.4\u00de\u00fa skalt ekki m\u00falbinda uxann, er hann \u00fereskir.5\u00deegar br\u00e6\u00f0ur b\u00faa saman og <a href=\"https:\/\/biblian.is\/1981\/fimmta-mosebok-25-kafli\/\"> [&#8230;]<\/a><\/p>\n","protected":false},"author":1,"featured_media":0,"parent":0,"menu_order":0,"comment_status":"open","ping_status":"open","template":"bibliukaflar.php","meta":{"footnotes":""},"class_list":["post-1524","page","type-page","status-publish","hentry"],"_links":{"self":[{"href":"https:\/\/biblian.is\/1981\/wp-json\/wp\/v2\/pages\/1524","targetHints":{"allow":["GET"]}}],"collection":[{"href":"https:\/\/biblian.is\/1981\/wp-json\/wp\/v2\/pages"}],"about":[{"href":"https:\/\/biblian.is\/1981\/wp-json\/wp\/v2\/types\/page"}],"author":[{"embeddable":true,"href":"https:\/\/biblian.is\/1981\/wp-json\/wp\/v2\/users\/1"}],"replies":[{"embeddable":true,"href":"https:\/\/biblian.is\/1981\/wp-json\/wp\/v2\/comments?post=1524"}],"version-history":[{"count":0,"href":"https:\/\/biblian.is\/1981\/wp-json\/wp\/v2\/pages\/1524\/revisions"}],"wp:attachment":[{"href":"https:\/\/biblian.is\/1981\/wp-json\/wp\/v2\/media?parent=1524"}],"curies":[{"name":"wp","href":"https:\/\/api.w.org\/{rel}","templated":true}]}}