{"id":1523,"date":"2017-11-18T20:17:37","date_gmt":"2017-11-18T20:17:37","guid":{"rendered":"http:\/\/biblian.is\/1981\/fimmta-mosebok-24-kafli\/"},"modified":"2021-06-06T10:51:15","modified_gmt":"2021-06-06T10:51:15","slug":"fimmta-mosebok-24-kafli","status":"publish","type":"page","link":"https:\/\/biblian.is\/1981\/fimmta-mosebok-24-kafli\/","title":{"rendered":"Fimmta M\u00f3seb\u00f3k 24. kafli"},"content":{"rendered":"<p><a name=\"1\"><span class=\"versanumer\">1<\/span><\/a>Ef ma\u00f0ur gengur a\u00f0 eiga konu og samrekkir henni, en h\u00fan finnur s\u00ed\u00f0an ekki n\u00e1\u00f0 \u00ed augum hans, af \u00fev\u00ed a\u00f0 hann ver\u00f0ur var vi\u00f0 eitthva\u00f0 vi\u00f0bj\u00f3\u00f0slegt hj\u00e1 henni, og hann skrifar henni skilna\u00f0arskr\u00e1 og f\u00e6r henni \u00ed hendur og l\u00e6tur hana fara burt af heimili s\u00ednu,<a name=\"2\"><span class=\"versanumer\">2<\/span><\/a>ef h\u00fan \u00fev\u00ed n\u00e6st, eftir a\u00f0 h\u00fan er farin burt af heimili hans, fer og giftist \u00f6\u00f0rum manni,<a name=\"3\"><span class=\"versanumer\">3<\/span><\/a>en \u00feessi seinni ma\u00f0ur leggur l\u00edka \u00f3vild \u00e1 hana og skrifar henni skilna\u00f0arskr\u00e1 og f\u00e6r henni \u00ed hendur, og l\u00e6tur hana fara burt af heimili s\u00ednu, e\u00f0a ef seinni ma\u00f0urinn, sem kv\u00e6ntist henni, deyr,<a name=\"4\"><span class=\"versanumer\">4<\/span><\/a>\u00fe\u00e1 m\u00e1 ekki fyrri ma\u00f0ur hennar, s\u00e1 er vi\u00f0 hana skildi, taka hana aftur s\u00e9r a\u00f0 eiginkonu, eftir a\u00f0 h\u00fan er saurgu\u00f0 or\u00f0in, \u00fev\u00ed a\u00f0 sl\u00edkt er andstyggilegt fyrir Drottni, og \u00fe\u00fa skalt eigi flekka landi\u00f0, sem Drottinn Gu\u00f0 \u00feinn gefur \u00fe\u00e9r til eignar.<a name=\"5\"><span class=\"versanumer\">5<\/span><\/a>\u00deegar ma\u00f0ur er n\u00fdkv\u00e6ntur, \u00fe\u00e1 skal hann ekki fara \u00ed herna\u00f0 og engar \u00e1l\u00f6gur skulu \u00e1 hann lag\u00f0ar. Hann skal vera frj\u00e1ls ma\u00f0ur fyrir heimili sitt eitt \u00e1r, svo a\u00f0 hann gle\u00f0ji konu s\u00edna, er hann hefir gengi\u00f0 a\u00f0 eiga.<a name=\"6\"><span class=\"versanumer\">6<\/span><\/a>Eigi skal taka kv\u00f6rn e\u00f0a efri kvarnarstein a\u00f0 ve\u00f0i, \u00fev\u00ed a\u00f0 \u00fea\u00f0 v\u00e6ri a\u00f0 taka l\u00edf mannsins a\u00f0 ve\u00f0i.<a name=\"7\"><span class=\"versanumer\">7<\/span><\/a>Ef ma\u00f0ur ver\u00f0ur uppv\u00eds a\u00f0 \u00fev\u00ed a\u00f0 stela einhverjum af br\u00e6\u00f0rum s\u00ednum, einhverjum af \u00cdsraelsm\u00f6nnum, og hann fer me\u00f0 hann sem \u00fer\u00e6l e\u00f0a selur hann, \u00fe\u00e1 skal sl\u00edkur \u00fej\u00f3fur deyja. \u00deannig skalt \u00fe\u00fa \u00fatr\u00fdma hinu illa burt fr\u00e1 \u00fe\u00e9r.<a name=\"8\"><span class=\"versanumer\">8<\/span><\/a>G\u00e6t \u00fe\u00edn \u00ed l\u00edk\u00fer\u00e1rveikindum a\u00f0 athuga vandlega og fara eftir \u00f6llu \u00fev\u00ed, sem lev\u00edtaprestarnir tj\u00e1 y\u00f0ur. \u00de\u00e9r skulu\u00f0 g\u00e6ta \u00feess a\u00f0 gj\u00f6ra svo sem \u00e9g hefi fyrir \u00fe\u00e1 lagt.<a name=\"9\"><span class=\"versanumer\">9<\/span><\/a>Minnstu \u00feess, hva\u00f0 Drottinn Gu\u00f0 \u00feinn gj\u00f6r\u00f0i vi\u00f0 Mirjam \u00e1 lei\u00f0inni, \u00fe\u00e1 er \u00fe\u00e9r f\u00f3ru\u00f0 af Egyptalandi.<a name=\"10\"><span class=\"versanumer\">10<\/span><\/a>\u00deegar \u00fe\u00fa l\u00e1nar n\u00e1unga \u00fe\u00ednum eitthva\u00f0, hva\u00f0 sem \u00fea\u00f0 svo er, \u00fe\u00e1 skalt \u00fe\u00fa eigi ganga inn \u00ed h\u00fas hans til \u00feess a\u00f0 taka ve\u00f0 af honum.<a name=\"11\"><span class=\"versanumer\">11<\/span><\/a>\u00de\u00fa skalt sta\u00f0n\u00e6mast \u00fati fyrir, og s\u00e1, er \u00fe\u00fa l\u00e1nar, skal f\u00e6ra \u00fe\u00e9r ve\u00f0i\u00f0 \u00fat.<a name=\"12\"><span class=\"versanumer\">12<\/span><\/a>Og ef \u00fea\u00f0 er snau\u00f0ur ma\u00f0ur, \u00fe\u00e1 skalt \u00fe\u00fa ekki leggjast til hv\u00edldar me\u00f0 ve\u00f0 hans,<a name=\"13\"><span class=\"versanumer\">13<\/span><\/a>heldur skalt \u00fe\u00fa skila honum aftur ve\u00f0inu um s\u00f3larlagsbil, svo a\u00f0 hann geti lagst til hv\u00edldar \u00ed yfirh\u00f6fn sinni og blessi \u00feig, og \u00fea\u00f0 mun tali\u00f0 ver\u00f0a \u00fe\u00e9r til r\u00e9ttl\u00e6tis fyrir augliti Drottins Gu\u00f0s \u00fe\u00edns.<a name=\"14\"><span class=\"versanumer\">14<\/span><\/a>\u00de\u00fa skalt eigi beita f\u00e1t\u00e6kan og \u00feurfandi daglaunamann ofr\u00edki, hvort sem hann er einn af br\u00e6\u00f0rum \u00fe\u00ednum e\u00f0a \u00fatlendingum \u00feeim, er dvelja \u00ed landi \u00fe\u00ednu innan borgarhli\u00f0a \u00feinna.<a name=\"15\"><span class=\"versanumer\">15<\/span><\/a>\u00de\u00fa skalt grei\u00f0a honum kaup hans sama daginn, \u00e1\u00f0ur en s\u00f3l sest, \u00fev\u00ed a\u00f0 hann er f\u00e1t\u00e6kur, og hann langar til a\u00f0 f\u00e1 \u00fea\u00f0, svo a\u00f0 hann hr\u00f3pi ekki til Drottins yfir \u00fe\u00e9r og \u00fea\u00f0 ver\u00f0i \u00fe\u00e9r til syndar.<a name=\"16\"><span class=\"versanumer\">16<\/span><\/a>Fe\u00f0ur skulu ekki l\u00edfl\u00e1tnir ver\u00f0a \u00e1samt b\u00f6rnunum, og b\u00f6rn skulu ekki l\u00edfl\u00e1tin ver\u00f0a \u00e1samt fe\u00f0runum. Hver skal l\u00edfl\u00e1tinn ver\u00f0a fyrir s\u00edna eigin synd.<a name=\"17\"><span class=\"versanumer\">17<\/span><\/a>\u00de\u00fa skalt ekki halla r\u00e9tti \u00fatlends manns e\u00f0a muna\u00f0arleysingja. \u00de\u00fa skalt ekki taka fatna\u00f0 ekkjunnar a\u00f0 ve\u00f0i.<a name=\"18\"><span class=\"versanumer\">18<\/span><\/a>Og \u00fe\u00fa skalt minnast \u00feess, a\u00f0 \u00fe\u00fa varst \u00fer\u00e6ll \u00ed Egyptalandi og a\u00f0 Drottinn Gu\u00f0 \u00feinn leysti \u00feig \u00fea\u00f0an. Fyrir \u00fev\u00ed b\u00fd\u00f0 \u00e9g \u00fe\u00e9r a\u00f0 gj\u00f6ra \u00feetta.<a name=\"19\"><span class=\"versanumer\">19<\/span><\/a>\u00deegar \u00fe\u00fa sker upp korn \u00e1 akri \u00fe\u00ednum og gleymir kornbundini \u00fati \u00e1 akrinum, \u00fe\u00e1 skalt \u00fe\u00fa ekki sn\u00faa aftur til a\u00f0 s\u00e6kja \u00fea\u00f0. \u00datlendingurinn, muna\u00f0arleysinginn og ekkjan mega f\u00e1 \u00fea\u00f0, til \u00feess a\u00f0 Drottinn Gu\u00f0 \u00feinn blessi \u00feig \u00ed \u00f6llu, sem \u00fe\u00fa tekur \u00fe\u00e9r fyrir hendur.<a name=\"20\"><span class=\"versanumer\">20<\/span><\/a>\u00deegar \u00fe\u00fa sl\u00e6r \u00e1vexti af ol\u00edutrj\u00e1m \u00fe\u00ednum, \u00fe\u00e1 skalt \u00fe\u00fa ekki gj\u00f6ra eftirleit \u00ed greinum trj\u00e1nna. \u00datlendingurinn, muna\u00f0arleysinginn og ekkjan mega f\u00e1 \u00fea\u00f0.<a name=\"21\"><span class=\"versanumer\">21<\/span><\/a>\u00deegar \u00fe\u00fa t\u00ednir v\u00edngar\u00f0 \u00feinn, \u00fe\u00e1 skalt \u00fe\u00fa ekki gj\u00f6ra eftirleit. \u00datlendingurinn, muna\u00f0arleysinginn og ekkjan mega f\u00e1 \u00fea\u00f0.<a name=\"22\"><span class=\"versanumer\">22<\/span><\/a>\u00de\u00fa skalt minnast \u00feess, a\u00f0 \u00fe\u00fa varst \u00fer\u00e6ll \u00ed Egyptalandi, fyrir \u00fev\u00ed b\u00fd\u00f0 \u00e9g \u00fe\u00e9r a\u00f0 gj\u00f6ra \u00feetta.<\/p>\n<div class=\"footnote1981\"><b>24.1<\/b> Fellur ekki \u00ed ge\u00f0 S\u00edr 42.9 \u2013 skilna\u00f0ur Jes 50.1; Jer 3.1,8; Matt 5.31; 19.3-9 og hlst.<br \/>\n<b>24.4<\/b> Taka aftur a\u00f0 eiginkonu Jer 3.1; H\u00f3s 3.1-3 \u2013 Drottni vi\u00f0urstygg\u00f0 5M\u00f3s 7.25+<br \/>\n<b>24.5<\/b> N\u00fdkv\u00e6ntur 5M\u00f3s 20.7; L\u00fak 14.20<br \/>\n<b>24.7<\/b> Stela 5M\u00f3s 5.19; 2M\u00f3s 20.15+ &#8211; uppr\u00e6ta hi\u00f0 illa 5M\u00f3s 13.6+<br \/>\n<b>24.8<\/b> Holdsveiki 3M\u00f3s 13.2+ &#8211; prestarnir kenna 5M\u00f3s 33.10+ &#8211; Lev\u00edtaprestar 5M\u00f3s 17.9+ &#8211; g\u00e6ta \u00feess a\u00f0 halda 5M\u00f3s 5.1+<br \/>\n<b>24.9<\/b> Mirjam 4M\u00f3s 12.10<br \/>\n<b>24.10<\/b> Ve\u00f0 5M\u00f3s 15.6; 2M\u00f3s 22.25+<br \/>\n<b>24.14<\/b> Beita ofr\u00edki 3M\u00f3s 19.13+ ; Jer 22.13; Job 31-39; S\u00edr 34.27, sbr Mrk 10.19<br \/>\n<b>24.15<\/b> Kaup daglaunamanns 3M\u00f3s 19.13; Jak 5.4 \u2013 b\u00f6lb\u00e6n hins f\u00e1t\u00e6ka S\u00edr 4.5-6; Jak 5.4<br \/>\n<b>24.16<\/b> \u00c1byrg\u00f0 \u00e1 eigin misgj\u00f6r\u00f0 5M\u00f3s 7.10; 2Kon 14.6, Jer 31.29-30; Esk 18.1-20<br \/>\n<b>24.17-22<\/b> A\u00f0komuma\u00f0ur 5M\u00f3s 10.18+ &#8211; r\u00e9ttur a\u00f0komumnnsins 2M\u00f3s 22.21+<br \/>\n<b>24.17<\/b> Ekki halla r\u00e9tti 5M\u00f3s 16.19; 27.19 \u2013 ve\u00f0 2M\u00f3s 22.25+<br \/>\n<b>24.18<\/b> \u00der\u00e6ll \u00ed Egyptalandi 5M\u00f3s 5.15+ &#8211; Gu\u00f0 frelsa\u00f0i \u00cdsrael 5M\u00f3s 7.8+<br \/>\n<b>24.19<\/b> Korn 3M\u00f3s 19.9; 23.22 \u2013 gleymir kornknippi Rut 2.15-16<\/div>\n","protected":false},"excerpt":{"rendered":"<p>1Ef ma\u00f0ur gengur a\u00f0 eiga konu og samrekkir henni, en h\u00fan finnur s\u00ed\u00f0an ekki n\u00e1\u00f0 \u00ed augum hans, af \u00fev\u00ed a\u00f0 hann ver\u00f0ur var vi\u00f0 eitthva\u00f0 vi\u00f0bj\u00f3\u00f0slegt hj\u00e1 henni, og hann skrifar henni skilna\u00f0arskr\u00e1 og f\u00e6r henni \u00ed hendur og l\u00e6tur hana fara burt af heimili s\u00ednu,2ef h\u00fan \u00fev\u00ed n\u00e6st, eftir a\u00f0 h\u00fan er farin burt af heimili hans, fer og giftist \u00f6\u00f0rum manni,3en \u00feessi seinni ma\u00f0ur leggur l\u00edka \u00f3vild \u00e1 hana og skrifar henni skilna\u00f0arskr\u00e1 og f\u00e6r henni \u00ed hendur, og l\u00e6tur hana fara burt af heimili s\u00ednu, e\u00f0a ef seinni ma\u00f0urinn, sem kv\u00e6ntist henni, deyr,4\u00fe\u00e1 m\u00e1 ekki fyrri <a href=\"https:\/\/biblian.is\/1981\/fimmta-mosebok-24-kafli\/\"> [&#8230;]<\/a><\/p>\n","protected":false},"author":1,"featured_media":0,"parent":0,"menu_order":0,"comment_status":"open","ping_status":"open","template":"bibliukaflar.php","meta":{"footnotes":""},"class_list":["post-1523","page","type-page","status-publish","hentry"],"_links":{"self":[{"href":"https:\/\/biblian.is\/1981\/wp-json\/wp\/v2\/pages\/1523","targetHints":{"allow":["GET"]}}],"collection":[{"href":"https:\/\/biblian.is\/1981\/wp-json\/wp\/v2\/pages"}],"about":[{"href":"https:\/\/biblian.is\/1981\/wp-json\/wp\/v2\/types\/page"}],"author":[{"embeddable":true,"href":"https:\/\/biblian.is\/1981\/wp-json\/wp\/v2\/users\/1"}],"replies":[{"embeddable":true,"href":"https:\/\/biblian.is\/1981\/wp-json\/wp\/v2\/comments?post=1523"}],"version-history":[{"count":0,"href":"https:\/\/biblian.is\/1981\/wp-json\/wp\/v2\/pages\/1523\/revisions"}],"wp:attachment":[{"href":"https:\/\/biblian.is\/1981\/wp-json\/wp\/v2\/media?parent=1523"}],"curies":[{"name":"wp","href":"https:\/\/api.w.org\/{rel}","templated":true}]}}