{"id":1522,"date":"2017-11-18T20:17:37","date_gmt":"2017-11-18T20:17:37","guid":{"rendered":"http:\/\/biblian.is\/1981\/fimmta-mosebok-23-kafli\/"},"modified":"2021-06-06T10:51:14","modified_gmt":"2021-06-06T10:51:14","slug":"fimmta-mosebok-23-kafli","status":"publish","type":"page","link":"https:\/\/biblian.is\/1981\/fimmta-mosebok-23-kafli\/","title":{"rendered":"Fimmta M\u00f3seb\u00f3k 23. kafli"},"content":{"rendered":"<p><a name=\"1\"><span class=\"versanumer\">1<\/span><\/a>Enginn s\u00e1, er meiddur hefir veri\u00f0 eistnamari e\u00f0a hre\u00f0urskorinn, m\u00e1 vera \u00ed s\u00f6fnu\u00f0i Drottins.<a name=\"2\"><span class=\"versanumer\">2<\/span><\/a>Enginn bastar\u00f0ur m\u00e1 vera \u00ed s\u00f6fnu\u00f0i Drottins, jafnvel ekki t\u00edundi ma\u00f0ur fr\u00e1 honum m\u00e1 vera \u00ed s\u00f6fnu\u00f0i Drottins.<a name=\"3\"><span class=\"versanumer\">3<\/span><\/a>Enginn Amm\u00f3n\u00edti e\u00f0a M\u00f3ab\u00edti m\u00e1 vera \u00ed s\u00f6fnu\u00f0i Drottins. Jafnvel ekki t\u00edundi ma\u00f0ur fr\u00e1 \u00feeim m\u00e1 vera \u00ed s\u00f6fnu\u00f0i Drottins a\u00f0 eil\u00edfu,<a name=\"4\"><span class=\"versanumer\">4<\/span><\/a>vegna \u00feess a\u00f0 \u00feeir komu ekki \u00ed m\u00f3ti y\u00f0ur me\u00f0 brau\u00f0 og vatn, \u00fe\u00e1 er \u00fe\u00e9r voru\u00f0 \u00e1 lei\u00f0inni fr\u00e1 Egyptalandi, og vegna \u00feess a\u00f0 \u00feeir keyptu \u00ed m\u00f3ti \u00fe\u00e9r B\u00edleam Be\u00f3rsson fr\u00e1 Pet\u00f3r \u00ed Mes\u00f3p\u00f3tam\u00edu til \u00feess a\u00f0 b\u00f6lva \u00fe\u00e9r.<a name=\"5\"><span class=\"versanumer\">5<\/span><\/a>En Drottinn Gu\u00f0 \u00feinn vildi ekki hl\u00fd\u00f0a \u00e1 B\u00edleam, og Drottinn Gu\u00f0 \u00feinn sneri b\u00f6lvaninni \u00ed blessan fyrir \u00feig, af \u00fev\u00ed a\u00f0 Drottinn Gu\u00f0 \u00feinn elska\u00f0i \u00feig.<a name=\"6\"><span class=\"versanumer\">6<\/span><\/a>\u00de\u00fa skalt aldrei alla \u00e6vi \u00fe\u00edna l\u00e1ta \u00fe\u00e9r annt um fars\u00e6ld \u00feeirra og velgengni.<a name=\"7\"><span class=\"versanumer\">7<\/span><\/a>\u00de\u00fa skalt eigi hafa andstygg\u00f0 \u00e1 Ed\u00f3m\u00edtum, \u00fev\u00ed a\u00f0 \u00feeir eru br\u00e6\u00f0ur \u00fe\u00ednir. \u00de\u00fa skalt eigi hafa andstygg\u00f0 \u00e1 Egyptum, \u00fev\u00ed a\u00f0 \u00fe\u00fa dvaldir sem \u00fatlendingur \u00ed landi \u00feeirra.<a name=\"8\"><span class=\"versanumer\">8<\/span><\/a>Afkomendur \u00feeirra \u00ed \u00feri\u00f0ja li\u00f0 mega vera \u00ed s\u00f6fnu\u00f0i Drottins.<a name=\"9\"><span class=\"versanumer\">9<\/span><\/a>\u00deegar \u00fe\u00fa fer \u00ed herna\u00f0 m\u00f3ti \u00f3vinum \u00fe\u00ednum, \u00fe\u00e1 skalt \u00fe\u00fa g\u00e6ta \u00fe\u00edn vi\u00f0 \u00f6llum illum hlutum.<a name=\"10\"><span class=\"versanumer\">10<\/span><\/a>Ef einhver, sem me\u00f0 \u00fe\u00e9r er, er ekki hreinn vegna \u00feess, sem hann hefir hent um n\u00f3ttina, \u00fe\u00e1 skal hann ganga \u00fat fyrir herb\u00fa\u00f0irnar og m\u00e1 eigi koma inn \u00ed herb\u00fa\u00f0irnar,<a name=\"11\"><span class=\"versanumer\">11<\/span><\/a>en a\u00f0 \u00e1li\u00f0num degi skal hann lauga sig \u00ed vatni, og er s\u00f3l er setst, m\u00e1 hann aftur ganga inn \u00ed herb\u00fa\u00f0irnar.<a name=\"12\"><span class=\"versanumer\">12<\/span><\/a>\u00de\u00fa skalt og hafa afvikinn sta\u00f0 fyrir utan herb\u00fa\u00f0irnar. \u00deanga\u00f0 skalt \u00fe\u00fa fara erinda \u00feinna.<a name=\"13\"><span class=\"versanumer\">13<\/span><\/a>Og \u00fe\u00fa skalt hafa spa\u00f0a \u00ed t\u00e6kjum \u00fe\u00ednum, og er \u00fe\u00fa \u00fearft a\u00f0 setjast ni\u00f0ur \u00fati, \u00fe\u00e1 skalt \u00fe\u00fa grafa holu me\u00f0 honum, moka \u00fev\u00ed n\u00e6st aftur yfir og hylja saurindin.<a name=\"14\"><span class=\"versanumer\">14<\/span><\/a>&#8222;\u00dev\u00ed a\u00f0 Drottinn Gu\u00f0 \u00feinn er \u00e1 gangi um herb\u00fa\u00f0ir \u00fe\u00ednar til \u00feess a\u00f0 frelsa \u00feig og gefa \u00f3vini \u00fe\u00edna \u00e1 \u00feitt vald; fyrir \u00fev\u00ed skulu herb\u00fa\u00f0ir \u00fe\u00ednar helgar vera, svo a\u00f0 hann sj\u00e1i ekkert \u00f3\u00feokkalegt hj\u00e1 \u00fe\u00e9r og sn\u00fai s\u00e9r burt fr\u00e1 \u00fe\u00e9r.&#8220;<a name=\"15\"><span class=\"versanumer\">15<\/span><\/a>\u00de\u00fa skalt eigi framselja \u00ed hendur h\u00fasb\u00f3nda \u00fer\u00e6l, sem fl\u00fai\u00f0 hefir til \u00fe\u00edn fr\u00e1 h\u00fasb\u00f3nda s\u00ednum.<a name=\"16\"><span class=\"versanumer\">16<\/span><\/a>Hann skal setjast a\u00f0 hj\u00e1 \u00fe\u00e9r, \u00ed landi \u00fe\u00ednu, \u00e1 \u00feeim sta\u00f0, er hann sj\u00e1lfur velur, \u00ed einhverri af borgum \u00fe\u00ednum, \u00fear sem honum best l\u00edkar. \u00de\u00fa skalt ekki s\u00fdna honum \u00f3j\u00f6fnu\u00f0.<a name=\"17\"><span class=\"versanumer\">17<\/span><\/a>\u00c1 me\u00f0al \u00cdsraels d\u00e6tra m\u00e1 engin vera, s\u00fa er helgi sig saurlifna\u00f0i, og \u00e1 me\u00f0al \u00cdsraels sona m\u00e1 enginn vera, s\u00e1 er helgi sig saurlifna\u00f0i.<a name=\"18\"><span class=\"versanumer\">18<\/span><\/a>\u00de\u00fa skalt eigi bera sk\u00e6kjulaun e\u00f0a hundsgjald inn \u00ed h\u00fas Drottins Gu\u00f0s \u00fe\u00edns eftir neinu heiti, \u00fev\u00ed a\u00f0 einnig hvort tveggja \u00feetta er Drottni Gu\u00f0i \u00fe\u00ednum andstyggilegt.<a name=\"19\"><span class=\"versanumer\">19<\/span><\/a>\u00de\u00fa skalt ekki taka fj\u00e1rleigu af br\u00f3\u00f0ur \u00fe\u00ednum, hvorki fyrir peninga, matv\u00e6li n\u00e9 nokkurn hlut annan, er lj\u00e1 m\u00e1 gegn leigu.<a name=\"20\"><span class=\"versanumer\">20<\/span><\/a>Af \u00fatlendum manni m\u00e1tt \u00fe\u00fa taka fj\u00e1rleigu, en af br\u00f3\u00f0ur \u00fe\u00ednum m\u00e1tt \u00fe\u00fa ekki taka fj\u00e1rleigu, til \u00feess a\u00f0 Drottinn Gu\u00f0 \u00feinn blessi \u00feig \u00ed \u00f6llu \u00fev\u00ed, er \u00fe\u00fa tekur \u00fe\u00e9r fyrir hendur \u00ed landinu, sem \u00fe\u00fa heldur n\u00fa inn \u00ed til \u00feess a\u00f0 taka \u00fea\u00f0 til eignar.<a name=\"21\"><span class=\"versanumer\">21<\/span><\/a>\u00deegar \u00fe\u00fa gj\u00f6rir Drottni Gu\u00f0i \u00fe\u00ednum heit, \u00fe\u00e1 skalt \u00fe\u00fa ekki l\u00e1ta dragast a\u00f0 efna \u00fea\u00f0, \u00fev\u00ed a\u00f0 ella mun Drottinn Gu\u00f0 \u00feinn krefjast \u00feess af \u00fe\u00e9r og \u00fea\u00f0 ver\u00f0a \u00fe\u00e9r til syndar.<a name=\"22\"><span class=\"versanumer\">22<\/span><\/a>En \u00fe\u00f3tt \u00fe\u00fa sleppir \u00fev\u00ed a\u00f0 gj\u00f6ra heit, \u00fe\u00e1 hv\u00edlir engin sekt \u00e1 \u00fe\u00e9r fyrir \u00fea\u00f0.<a name=\"23\"><span class=\"versanumer\">23<\/span><\/a>\u00dea\u00f0 sem komi\u00f0 hefir yfir varir \u00fe\u00ednar, skalt \u00fe\u00fa halda og breyta eftir \u00fev\u00ed, eins og \u00fe\u00fa sj\u00e1lfviljuglega hefir heiti\u00f0 Drottni Gu\u00f0i \u00fe\u00ednum, \u00fea\u00f0 sem \u00fe\u00fa hefir tala\u00f0 me\u00f0 munni \u00fe\u00ednum.<a name=\"24\"><span class=\"versanumer\">24<\/span><\/a>\u00deegar \u00fe\u00fa kemur \u00ed v\u00edngar\u00f0 n\u00e1unga \u00fe\u00edns, \u00fe\u00e1 m\u00e1tt \u00fe\u00fa eta v\u00ednber eins og \u00feig lystir, \u00fear til er \u00fe\u00fa ert mettur, en \u00ed ker \u00feitt m\u00e1tt \u00fe\u00fa ekkert l\u00e1ta.<a name=\"25\"><span class=\"versanumer\">25<\/span><\/a>\u00deegar \u00fe\u00fa kemur \u00e1 kornakur n\u00e1unga \u00fe\u00edns, \u00fe\u00e1 m\u00e1tt \u00fe\u00fa t\u00edna \u00f6x me\u00f0 hendinni, en sig\u00f0 m\u00e1tt \u00fe\u00fa ekki sveifla yfir kornst\u00f6ngum n\u00e1unga \u00fe\u00edns.<\/p>\n<div class=\"footnote1981\"><b>23.1<\/b> Geldingur Jes 56.3-7; Matt 19.12; Post 8.27-38; sbr 3M\u00f3s 21.16-24<br \/>\n<b>23.2<\/b> Afkv\u00e6mi blanda\u00f0s sambands sbr Neh 13.23-27<br \/>\n<b>23.3<\/b> Amm\u00f3n\u00edti, M\u00f3ab\u00edti Neh 13.1-3<br \/>\n<b>23.4<\/b> Brau\u00f0 og vatn 1M\u00f3s 18.4-5 \u2013 B\u00edleam 4M\u00f3s 22.5+<br \/>\n<b>23.5<\/b> B\u00f6lvan sn\u00fai\u00f0 \u00ed blessan J\u00f3s 24.10 \u2013 Gu\u00f0 elskar 5M\u00f3s 4.37+<br \/>\n<b>23.7<\/b> Br\u00e6\u00f0ur 5M\u00f3s 2.4; sbr 1M\u00f3s 36 \u2013 \u00cdsrael a\u00f0komuma\u00f0ur \u00ed Egyptalandi 5M\u00f3s 10.19+ &#8211; ekki andstygg\u00f0 \u00e1 Egyptum Jes 19.18-25<br \/>\n<b>23.8<\/b> \u00cd \u00feri\u00f0ja li\u00f0 5M\u00f3s 5.9; 2M\u00f3s 20.5-6; 4M\u00f3s 14.18<br \/>\n<b>23.10-11<\/b> Lauga \u00ed vatni 3M\u00f3s 15.16<br \/>\n<b>23.14<\/b> Gu\u00f0 er n\u00e1l\u00e6gur 5M\u00f3s 20.4; 4M\u00f3s 5.3<br \/>\n<b>23.15<\/b> Ekki framselja \u00fer\u00e6l 1Sam 30.11-15; F\u00edlm 8-21<br \/>\n<b>23.16<\/b> Ekki beita ofr\u00edki 2M\u00f3s 22.21<br \/>\n<b>23.17<\/b> Helga sig saurlifna\u00f0i 1M\u00f3s 38.21-22; 1Kon 14.24; 15.12; 22.47; 2Kon 23.7; H\u00f3s 4.14 \u2013 Drottni andstyggilegt 5M\u00f3s 7.25+<br \/>\n<b>23.19<\/b> L\u00e1n 2M\u00f3s 22.25+<br \/>\n<b>23.20<\/b> Samlandinn r\u00e9tth\u00e6rri 5M\u00f3s 15.3 \u2013 landi\u00f0 til eignar 5M\u00f3s 1.21+<br \/>\n<b>23.21<\/b> Heit 4M\u00f3s 30.2-16+ ; Slm 66.13; Okv 20.25; S\u00edr 18.22<br \/>\n<b>23.23<\/b> Efna 5M\u00f3s 5.1+<br \/>\n<b>23.25<\/b> T\u00edna \u00f6x Matt 12.1 og hlst.<\/div>\n","protected":false},"excerpt":{"rendered":"<p>1Enginn s\u00e1, er meiddur hefir veri\u00f0 eistnamari e\u00f0a hre\u00f0urskorinn, m\u00e1 vera \u00ed s\u00f6fnu\u00f0i Drottins.2Enginn bastar\u00f0ur m\u00e1 vera \u00ed s\u00f6fnu\u00f0i Drottins, jafnvel ekki t\u00edundi ma\u00f0ur fr\u00e1 honum m\u00e1 vera \u00ed s\u00f6fnu\u00f0i Drottins.3Enginn Amm\u00f3n\u00edti e\u00f0a M\u00f3ab\u00edti m\u00e1 vera \u00ed s\u00f6fnu\u00f0i Drottins. Jafnvel ekki t\u00edundi ma\u00f0ur fr\u00e1 \u00feeim m\u00e1 vera \u00ed s\u00f6fnu\u00f0i Drottins a\u00f0 eil\u00edfu,4vegna \u00feess a\u00f0 \u00feeir komu ekki \u00ed m\u00f3ti y\u00f0ur me\u00f0 brau\u00f0 og vatn, \u00fe\u00e1 er \u00fe\u00e9r voru\u00f0 \u00e1 lei\u00f0inni fr\u00e1 Egyptalandi, og vegna \u00feess a\u00f0 \u00feeir keyptu \u00ed m\u00f3ti \u00fe\u00e9r B\u00edleam Be\u00f3rsson fr\u00e1 Pet\u00f3r \u00ed Mes\u00f3p\u00f3tam\u00edu til \u00feess a\u00f0 b\u00f6lva \u00fe\u00e9r.5En Drottinn Gu\u00f0 \u00feinn vildi ekki hl\u00fd\u00f0a \u00e1 B\u00edleam, <a href=\"https:\/\/biblian.is\/1981\/fimmta-mosebok-23-kafli\/\"> [&#8230;]<\/a><\/p>\n","protected":false},"author":1,"featured_media":0,"parent":0,"menu_order":0,"comment_status":"open","ping_status":"open","template":"bibliukaflar.php","meta":{"footnotes":""},"class_list":["post-1522","page","type-page","status-publish","hentry"],"_links":{"self":[{"href":"https:\/\/biblian.is\/1981\/wp-json\/wp\/v2\/pages\/1522","targetHints":{"allow":["GET"]}}],"collection":[{"href":"https:\/\/biblian.is\/1981\/wp-json\/wp\/v2\/pages"}],"about":[{"href":"https:\/\/biblian.is\/1981\/wp-json\/wp\/v2\/types\/page"}],"author":[{"embeddable":true,"href":"https:\/\/biblian.is\/1981\/wp-json\/wp\/v2\/users\/1"}],"replies":[{"embeddable":true,"href":"https:\/\/biblian.is\/1981\/wp-json\/wp\/v2\/comments?post=1522"}],"version-history":[{"count":0,"href":"https:\/\/biblian.is\/1981\/wp-json\/wp\/v2\/pages\/1522\/revisions"}],"wp:attachment":[{"href":"https:\/\/biblian.is\/1981\/wp-json\/wp\/v2\/media?parent=1522"}],"curies":[{"name":"wp","href":"https:\/\/api.w.org\/{rel}","templated":true}]}}