{"id":1521,"date":"2017-11-18T20:17:37","date_gmt":"2017-11-18T20:17:37","guid":{"rendered":"http:\/\/biblian.is\/1981\/fimmta-mosebok-22-kafli\/"},"modified":"2021-06-06T10:51:14","modified_gmt":"2021-06-06T10:51:14","slug":"fimmta-mosebok-22-kafli","status":"publish","type":"page","link":"https:\/\/biblian.is\/1981\/fimmta-mosebok-22-kafli\/","title":{"rendered":"Fimmta M\u00f3seb\u00f3k 22. kafli"},"content":{"rendered":"<p><a name=\"1\"><span class=\"versanumer\">1<\/span><\/a>\u00deegar \u00fe\u00fa s\u00e9r naut e\u00f0a sau\u00f0 br\u00f3\u00f0ur \u00fe\u00edns \u00e1 sl\u00e6\u00f0ingi, \u00fe\u00e1 skalt \u00fe\u00fa ekki ganga fram hj\u00e1 \u00feeim, heldur skalt \u00fe\u00fa reka \u00feau aftur til br\u00f3\u00f0ur \u00fe\u00edns.<a name=\"2\"><span class=\"versanumer\">2<\/span><\/a>En ef br\u00f3\u00f0ir \u00feinn b\u00fdr eigi \u00ed grennd vi\u00f0 \u00feig e\u00f0a ef \u00fe\u00fa \u00feekkir hann ekki, \u00fe\u00e1 skalt \u00fe\u00fa taka \u00fea\u00f0 heim til \u00fe\u00edn og hafa hj\u00e1 \u00fe\u00e9r, uns br\u00f3\u00f0ir \u00feinn leitar \u00feess. \u00de\u00e1 skalt \u00fe\u00fa f\u00e1 honum \u00fea\u00f0 aftur.<a name=\"3\"><span class=\"versanumer\">3<\/span><\/a>Eins skalt \u00fe\u00fa og fara me\u00f0 asna hans, og eins skalt \u00fe\u00fa fara me\u00f0 kl\u00e6\u00f0na\u00f0 hans, og eins skalt \u00fe\u00fa fara me\u00f0 hvern \u00feann t\u00fdndan hlut, er br\u00f3\u00f0ir \u00feinn hefir misst og \u00fe\u00fa fundi\u00f0. \u00de\u00fa m\u00e1tt eigi lei\u00f0a \u00fea\u00f0 hj\u00e1 \u00fe\u00e9r.<a name=\"4\"><span class=\"versanumer\">4<\/span><\/a>Ef \u00fe\u00fa s\u00e9r asna e\u00f0a uxa br\u00f3\u00f0ur \u00fe\u00edns liggja afvelta \u00e1 veginum, \u00fe\u00e1 skalt \u00fe\u00fa ekki ganga fram hj\u00e1 \u00feeim. \u00de\u00fa skalt vissulega hj\u00e1lpa honum til a\u00f0 reisa \u00fe\u00e1 \u00e1 f\u00e6tur.<a name=\"5\"><span class=\"versanumer\">5<\/span><\/a>Eigi skal kona ganga \u00ed karlmannsb\u00faningi og eigi skal karlma\u00f0ur fara \u00ed kvenmannsf\u00f6t, \u00fev\u00ed a\u00f0 hver s\u00e1, er sl\u00edkt gj\u00f6rir, er Drottni Gu\u00f0i \u00fe\u00ednum andstyggilegur.<a name=\"6\"><span class=\"versanumer\">6<\/span><\/a>Ef fuglshrei\u00f0ur ver\u00f0ur fyrir \u00fe\u00e9r \u00e1 lei\u00f0 \u00feinni, uppi \u00ed tr\u00e9 e\u00f0a \u00e1 j\u00f6r\u00f0inni, me\u00f0 ungum \u00ed e\u00f0a eggjum, og m\u00f3\u00f0irin liggur \u00e1 ungunum e\u00f0a eggjunum, \u00fe\u00e1 skalt \u00fe\u00fa ekki taka m\u00f3\u00f0urina \u00e1samt ungunum.<a name=\"7\"><span class=\"versanumer\">7<\/span><\/a>\u00de\u00fa skalt sleppa m\u00f3\u00f0urinni, en taka ungana eina, til \u00feess a\u00f0 \u00fe\u00e9r vegni vel og \u00fe\u00fa lifir langa \u00e6vi.<a name=\"8\"><span class=\"versanumer\">8<\/span><\/a>\u00deegar \u00fe\u00fa reisir n\u00fdtt h\u00fas, skalt \u00fe\u00fa gj\u00f6ra brj\u00f3stri\u00f0 allt \u00ed kring uppi \u00e1 \u00feakinu, svo a\u00f0 ekki bakir \u00fe\u00fa h\u00fasi \u00fe\u00ednu bl\u00f3\u00f0sekt, ef einhver kynni a\u00f0 detta ofan af \u00fev\u00ed.<a name=\"9\"><span class=\"versanumer\">9<\/span><\/a>\u00de\u00fa skalt eigi s\u00e1 v\u00edngar\u00f0 \u00feinn tvenns konar s\u00e6\u00f0i, svo a\u00f0 allt falli ekki undir helgid\u00f3minn, s\u00e6\u00f0i\u00f0, sem \u00fe\u00fa s\u00e1ir, og eftirtekjan af v\u00edngar\u00f0inum.<a name=\"10\"><span class=\"versanumer\">10<\/span><\/a>\u00de\u00fa skalt ekki pl\u00e6gja me\u00f0 uxa og asna saman.<a name=\"11\"><span class=\"versanumer\">11<\/span><\/a>\u00de\u00fa skalt ekki fara \u00ed f\u00f6t, sem ofin eru af tvenns konar efni, af ull og h\u00f6r saman.<a name=\"12\"><span class=\"versanumer\">12<\/span><\/a>\u00de\u00fa skalt gj\u00f6ra \u00fe\u00e9r sk\u00fafa \u00e1 fj\u00f6gur skaut skikkju \u00feinnar, \u00feeirrar er \u00fe\u00fa sveipar um \u00feig.<a name=\"13\"><span class=\"versanumer\">13<\/span><\/a>N\u00fa gengur ma\u00f0ur a\u00f0 eiga konu, en f\u00e6r \u00f3beit \u00e1 henni, er hann hefir samrekkt henni,<a name=\"14\"><span class=\"versanumer\">14<\/span><\/a>og ber \u00e1 hana sv\u00edvir\u00f0ilegar sakir og \u00f3fr\u00e6gir hana og segir: \u00c9g gekk a\u00f0 eiga \u00feessa konu, en er \u00e9g kom n\u00e6rri henni, fann \u00e9g ekki meyd\u00f3msmerki hj\u00e1 henni,<a name=\"15\"><span class=\"versanumer\">15<\/span><\/a>\u00fe\u00e1 skulu foreldrar st\u00falkunnar taka meyd\u00f3msmerki hennar og fara me\u00f0 \u00feau til \u00f6ldunga borgarinnar \u00ed borgarhli\u00f0i\u00f0,<a name=\"16\"><span class=\"versanumer\">16<\/span><\/a>og fa\u00f0ir st\u00falkunnar skal segja vi\u00f0 \u00f6ldungana: D\u00f3ttur m\u00edna gaf \u00e9g \u00feessum manni a\u00f0 eiginkonu, en hann hefir \u00f3beit \u00e1 henni.<a name=\"17\"><span class=\"versanumer\">17<\/span><\/a>N\u00fa ber hann sv\u00edvir\u00f0ilegar sakir \u00e1 hana og segir: \u00c9g fann eigi meyd\u00f3msmerki hj\u00e1 d\u00f3ttur \u00feinni. En h\u00e9r eru sannanir fyrir meyd\u00f3mi d\u00f3ttur minnar! Og \u00feau skulu brei\u00f0a \u00fat rekkjukl\u00e6\u00f0i\u00f0 \u00ed augs\u00fdn \u00f6ldunga borgarinnar.<a name=\"18\"><span class=\"versanumer\">18<\/span><\/a>Og \u00f6ldungar borgarinnar skulu taka manninn og refsa honum,<a name=\"19\"><span class=\"versanumer\">19<\/span><\/a>og \u00feeir skulu gj\u00f6ra b\u00e6tur \u00e1 hendur honum, hundra\u00f0 sikla silfurs, og grei\u00f0a \u00fe\u00e1 f\u00f6\u00f0ur st\u00falkunnar, fyrir \u00fea\u00f0 a\u00f0 hann \u00f3fr\u00e6g\u00f0i mey \u00ed \u00cdsrael. Og h\u00fan skal vera kona hans, honum skal eigi heimilt a\u00f0 skilja vi\u00f0 hana alla \u00e6vi s\u00edna.<a name=\"20\"><span class=\"versanumer\">20<\/span><\/a>En ef \u00fea\u00f0 reynist satt, og s\u00f6nnur ver\u00f0a eigi \u00e1 \u00fea\u00f0 f\u00e6r\u00f0ar a\u00f0 st\u00falkan hafi hrein mey veri\u00f0,<a name=\"21\"><span class=\"versanumer\">21<\/span><\/a>\u00fe\u00e1 skal fara me\u00f0 st\u00falkuna a\u00f0 h\u00fasdyrum f\u00f6\u00f0ur hennar, og borgarmenn skulu lemja hana grj\u00f3ti til bana, \u00fev\u00ed a\u00f0 h\u00fan hefir frami\u00f0 \u00f3h\u00e6fuverk \u00ed \u00cdsrael, me\u00f0 \u00fev\u00ed a\u00f0 h\u00f3rast \u00ed f\u00f6\u00f0urgar\u00f0i. \u00deannig skalt \u00fe\u00fa \u00fatr\u00fdma hinu illa burt fr\u00e1 \u00fe\u00e9r.<a name=\"22\"><span class=\"versanumer\">22<\/span><\/a>Ef ma\u00f0ur er sta\u00f0inn a\u00f0 \u00fev\u00ed a\u00f0 liggja hj\u00e1 konu annars manns, \u00fe\u00e1 skulu \u00feau b\u00e6\u00f0i deyja, ma\u00f0urinn, sem l\u00e1 hj\u00e1 konunni, og konan sj\u00e1lf. \u00deannig skalt \u00fe\u00fa \u00fatr\u00fdma hinu illa \u00far \u00cdsrael.<a name=\"23\"><span class=\"versanumer\">23<\/span><\/a>N\u00fa er mey manni f\u00f6stnu\u00f0, og karlma\u00f0ur hittir hana innan borgar og leggst me\u00f0 henni,<a name=\"24\"><span class=\"versanumer\">24<\/span><\/a>\u00fe\u00e1 skulu\u00f0 \u00fe\u00e9r lei\u00f0a \u00feau b\u00e6\u00f0i a\u00f0 borgarhli\u00f0inu og lemja \u00feau grj\u00f3ti til bana, st\u00falkuna vegna \u00feess a\u00f0 h\u00fan kalla\u00f0i ekki, \u00fe\u00f3 a\u00f0 h\u00fan v\u00e6ri inni \u00ed borginni, og manninn vegna \u00feess a\u00f0 hann spjalla\u00f0i konu n\u00e1unga s\u00edns. \u00deannig skalt \u00fe\u00fa \u00fatr\u00fdma hinu illa burt fr\u00e1 \u00fe\u00e9r.<a name=\"25\"><span class=\"versanumer\">25<\/span><\/a>En ef ma\u00f0urinn hittir f\u00f6stnu\u00f0u st\u00falkuna \u00fati \u00e1 v\u00ed\u00f0avangi, og hann tekur hana me\u00f0 valdi og leggst me\u00f0 henni, \u00fe\u00e1 skal ma\u00f0urinn einn deyja, s\u00e1 er me\u00f0 henni lag\u00f0ist.<a name=\"26\"><span class=\"versanumer\">26<\/span><\/a>En st\u00falkunni skalt \u00fe\u00fa ekkert gj\u00f6ra. H\u00fan hefir ekki frami\u00f0 neitt \u00fea\u00f0, sem dau\u00f0a s\u00e9 vert, \u00fev\u00ed a\u00f0 h\u00e9r st\u00f3\u00f0 eins \u00e1 og \u00feegar ma\u00f0ur r\u00e6\u00f0st \u00e1 n\u00e1unga sinn og drepur hann.<a name=\"27\"><span class=\"versanumer\">27<\/span><\/a>\u00dev\u00ed a\u00f0 \u00fear sem hann hitti hana \u00fati \u00e1 v\u00ed\u00f0avangi, kann fastna\u00f0a st\u00falkan a\u00f0 hafa kalla\u00f0, en enginn veri\u00f0 vi\u00f0 til a\u00f0 hj\u00e1lpa henni.<a name=\"28\"><span class=\"versanumer\">28<\/span><\/a>Ef ma\u00f0ur hittir mey, sem eigi er f\u00f6stnu\u00f0, og hann tekur hana og leggst me\u00f0 henni og komi\u00f0 er a\u00f0 \u00feeim,<a name=\"29\"><span class=\"versanumer\">29<\/span><\/a>\u00fe\u00e1 skal ma\u00f0urinn, er lag\u00f0ist me\u00f0 henni, grei\u00f0a f\u00f6\u00f0ur st\u00falkunnar fimmt\u00edu sikla silfurs, en h\u00fan skal ver\u00f0a kona hans, fyrir \u00fev\u00ed a\u00f0 hann hefir spjalla\u00f0 hana. Honum skal eigi heimilt a\u00f0 skilja vi\u00f0 hana alla \u00e6vi s\u00edna.<a name=\"30\"><span class=\"versanumer\">30<\/span><\/a>Eigi skal ma\u00f0ur ganga a\u00f0 eiga konu f\u00f6\u00f0ur s\u00edns n\u00e9 fletta upp \u00e1brei\u00f0u f\u00f6\u00f0ur s\u00edns. fletta upp \u00e1brei\u00f0u f\u00f6\u00f0ur s\u00edns.<\/p>\n<div class=\"footnote1981\"><b>22.1-4<\/b> D\u00fdr \u00e1 sl\u00e6\u00f0ingi 2M\u00f3s 23.4<br \/>\n<b>22.4<\/b> Afvelta d\u00fdr 2M\u00f3s 23.5<br \/>\n<b>22.5<\/b> Vi\u00f0urstyggilegt fyrir Drottni 5M\u00f3s 7.25+<br \/>\n<b>22.6<\/b> Ekki taka m\u00f3\u00f0urina sbr 3M\u00f3s 22.28<br \/>\n<b>22.7<\/b> A\u00f0 \u00fe\u00e9r vegni vel 5M\u00f3s 4.40+ &#8211; langl\u00edfi 5M\u00f3s 4.24+<br \/>\n<b>22.9-11<\/b> Ekki blanda saman 3M\u00f3s 19.19<br \/>\n<b>22.12<\/b> Sk\u00fafar 4M\u00f3s 15.37-39; Matt 9.20+<br \/>\n<b>22.19<\/b> B\u00e6tur 2M\u00f3s 21.22 \u2013 skilja vi\u00f0 5M\u00f3s 22.29<br \/>\n<b>22.21<\/b> Gr\u00fdta 5M\u00f3s 13.11+ &#8211; sv\u00edvir\u00f0ing \u00ed \u00cdsrael 1M\u00f3s 34.7; J\u00f3s 7.15; D\u00f3m 20.10; 2Sam 13.12; Jer 29.23; &#8211; \u00fatr\u00fdma hinu illa 5M\u00f3s 13.6+<br \/>\n<b>22.22<\/b> Liggja hj\u00e1 3M\u00f3s 20.10+<br \/>\n<b>22.28<\/b> Nau\u00f0gun 1M\u00f3s 34; 2M\u00f3s 22.15; 2Sam 13<br \/>\n<b>22.29<\/b> Skilja vi\u00f0 5M\u00f3s 22.19<br \/>\n<b>22.30<\/b> Engin kv\u00e6nast stj\u00fapu sinni 3M\u00f3s 18.8+<\/div>\n","protected":false},"excerpt":{"rendered":"<p>1\u00deegar \u00fe\u00fa s\u00e9r naut e\u00f0a sau\u00f0 br\u00f3\u00f0ur \u00fe\u00edns \u00e1 sl\u00e6\u00f0ingi, \u00fe\u00e1 skalt \u00fe\u00fa ekki ganga fram hj\u00e1 \u00feeim, heldur skalt \u00fe\u00fa reka \u00feau aftur til br\u00f3\u00f0ur \u00fe\u00edns.2En ef br\u00f3\u00f0ir \u00feinn b\u00fdr eigi \u00ed grennd vi\u00f0 \u00feig e\u00f0a ef \u00fe\u00fa \u00feekkir hann ekki, \u00fe\u00e1 skalt \u00fe\u00fa taka \u00fea\u00f0 heim til \u00fe\u00edn og hafa hj\u00e1 \u00fe\u00e9r, uns br\u00f3\u00f0ir \u00feinn leitar \u00feess. \u00de\u00e1 skalt \u00fe\u00fa f\u00e1 honum \u00fea\u00f0 aftur.3Eins skalt \u00fe\u00fa og fara me\u00f0 asna hans, og eins skalt \u00fe\u00fa fara me\u00f0 kl\u00e6\u00f0na\u00f0 hans, og eins skalt \u00fe\u00fa fara me\u00f0 hvern \u00feann t\u00fdndan hlut, er br\u00f3\u00f0ir \u00feinn hefir misst og \u00fe\u00fa fundi\u00f0. \u00de\u00fa <a href=\"https:\/\/biblian.is\/1981\/fimmta-mosebok-22-kafli\/\"> [&#8230;]<\/a><\/p>\n","protected":false},"author":1,"featured_media":0,"parent":0,"menu_order":0,"comment_status":"open","ping_status":"open","template":"bibliukaflar.php","meta":{"footnotes":""},"class_list":["post-1521","page","type-page","status-publish","hentry"],"_links":{"self":[{"href":"https:\/\/biblian.is\/1981\/wp-json\/wp\/v2\/pages\/1521","targetHints":{"allow":["GET"]}}],"collection":[{"href":"https:\/\/biblian.is\/1981\/wp-json\/wp\/v2\/pages"}],"about":[{"href":"https:\/\/biblian.is\/1981\/wp-json\/wp\/v2\/types\/page"}],"author":[{"embeddable":true,"href":"https:\/\/biblian.is\/1981\/wp-json\/wp\/v2\/users\/1"}],"replies":[{"embeddable":true,"href":"https:\/\/biblian.is\/1981\/wp-json\/wp\/v2\/comments?post=1521"}],"version-history":[{"count":0,"href":"https:\/\/biblian.is\/1981\/wp-json\/wp\/v2\/pages\/1521\/revisions"}],"wp:attachment":[{"href":"https:\/\/biblian.is\/1981\/wp-json\/wp\/v2\/media?parent=1521"}],"curies":[{"name":"wp","href":"https:\/\/api.w.org\/{rel}","templated":true}]}}