{"id":1520,"date":"2017-11-18T20:17:37","date_gmt":"2017-11-18T20:17:37","guid":{"rendered":"http:\/\/biblian.is\/1981\/fimmta-mosebok-21-kafli\/"},"modified":"2021-06-06T10:51:13","modified_gmt":"2021-06-06T10:51:13","slug":"fimmta-mosebok-21-kafli","status":"publish","type":"page","link":"https:\/\/biblian.is\/1981\/fimmta-mosebok-21-kafli\/","title":{"rendered":"Fimmta M\u00f3seb\u00f3k 21. kafli"},"content":{"rendered":"<p><a name=\"1\"><span class=\"versanumer\">1<\/span><\/a>Ef ma\u00f0ur finnst veginn \u00ed landi \u00fev\u00ed, er Drottinn Gu\u00f0 \u00feinn gefur \u00fe\u00e9r til eignar, liggjandi \u00fati \u00e1 v\u00ed\u00f0avangi, en enginn veit, hver hann hefir drepi\u00f0,<a name=\"2\"><span class=\"versanumer\">2<\/span><\/a>\u00fe\u00e1 skulu \u00f6ldungar \u00fe\u00ednir og d\u00f3mendur fara \u00fat og m\u00e6la fjarl\u00e6g\u00f0ina til borganna, er liggja hringinn \u00ed kringum hinn vegna.<a name=\"3\"><span class=\"versanumer\">3<\/span><\/a>Og s\u00fa borg, sem n\u00e6st er hinum vegna, \u00f6ldungar \u00feeirrar borgar skulu taka kv\u00edgu, sem eigi hefir h\u00f6f\u00f0 veri\u00f0 til vinnu n\u00e9 gengi\u00f0 hefir undir oki.<a name=\"4\"><span class=\"versanumer\">4<\/span><\/a>\u00dev\u00ed n\u00e6st skulu \u00f6ldungar borgarinnar fara me\u00f0 kv\u00edguna ofan \u00ed dal me\u00f0 s\u00edrennandi vatni, sem hvorki er yrktur n\u00e9 s\u00e1inn, og \u00fear \u00ed dalnum skulu \u00feeir brj\u00f3ta kv\u00edguna \u00far h\u00e1lsli\u00f0num.<a name=\"5\"><span class=\"versanumer\">5<\/span><\/a>\u00de\u00e1 skulu prestarnir, synir Lev\u00ed, ganga fram, \u00fev\u00ed a\u00f0 \u00fe\u00e1 hefir Drottinn Gu\u00f0 \u00feinn \u00fatvali\u00f0 til a\u00f0 \u00fej\u00f3na s\u00e9r og til \u00feess a\u00f0 blessa \u00ed nafni Drottins, og eftir atkv\u00e6\u00f0i \u00feeirra skal skera \u00far \u00f6llum \u00fer\u00e6tum\u00e1lum og mei\u00f0slam\u00e1lum,<a name=\"6\"><span class=\"versanumer\">6<\/span><\/a>og allir \u00f6ldungar \u00feeirrar borgar, \u00feeir er n\u00e6stir eru hinum vegna, skulu \u00fevo hendur s\u00ednar yfir kv\u00edgunni, sem h\u00e1lsbrotin var \u00ed dalnum,<a name=\"7\"><span class=\"versanumer\">7<\/span><\/a>og \u00feeir skulu taka til or\u00f0a og segja: Vorar hendur hafa ekki \u00fathellt \u00feessu bl\u00f3\u00f0i og augu vor hafa ekki s\u00e9\u00f0 \u00fea\u00f0.<a name=\"8\"><span class=\"versanumer\">8<\/span><\/a>Fyrirgef, Drottinn, l\u00fd\u00f0 \u00fe\u00ednum, \u00cdsrael, er \u00fe\u00fa hefir leyst, og l\u00e1t ekki l\u00fd\u00f0 \u00feinn \u00cdsrael gjalda saklauss bl\u00f3\u00f0s! Og \u00feeim skal bl\u00f3\u00f0s\u00f6kin upp gefin ver\u00f0a.<a name=\"9\"><span class=\"versanumer\">9<\/span><\/a>\u00deannig skalt \u00fe\u00fa hreinsa \u00feig af saklausra manna bl\u00f3\u00f0i, svo a\u00f0 \u00fe\u00e9r vegni vel, er \u00fe\u00fa gj\u00f6rir \u00fea\u00f0 sem r\u00e9tt er \u00ed augum Drottins.<a name=\"10\"><span class=\"versanumer\">10<\/span><\/a>\u00deegar \u00fe\u00fa fer \u00ed herna\u00f0 vi\u00f0 \u00f3vini \u00fe\u00edna og Drottinn Gu\u00f0 \u00feinn gefur \u00fe\u00e1 \u00ed hendur \u00fe\u00e9r og \u00fe\u00fa hertekur f\u00f3lk me\u00f0al \u00feeirra,<a name=\"11\"><span class=\"versanumer\">11<\/span><\/a>og \u00fe\u00fa s\u00e9r me\u00f0al hinna herteknu konu fr\u00ed\u00f0a s\u00fdnum og fellir hug til hennar og vilt taka hana \u00fe\u00e9r fyrir konu,<a name=\"12\"><span class=\"versanumer\">12<\/span><\/a>\u00fe\u00e1 skalt \u00fe\u00fa lei\u00f0a hana inn \u00ed h\u00fas \u00feitt, og h\u00fan skal raka h\u00f6fu\u00f0 sitt og skera neglur s\u00ednar<a name=\"13\"><span class=\"versanumer\">13<\/span><\/a>og fara \u00far f\u00f6tum \u00feeim, er h\u00fan var hernumin \u00ed. S\u00ed\u00f0an skal h\u00fan dvelja \u00ed h\u00fasi \u00fe\u00ednu og gr\u00e1ta f\u00f6\u00f0ur sinn og m\u00f3\u00f0ur heilan m\u00e1nu\u00f0. Eftir \u00fea\u00f0 m\u00e1tt \u00fe\u00fa ganga inn til hennar og samrekkja henni og h\u00fan vera kona \u00fe\u00edn.<a name=\"14\"><span class=\"versanumer\">14<\/span><\/a>En fari svo, a\u00f0 \u00fe\u00fa hafir eigi lengur \u00feokka til hennar, \u00fe\u00e1 skalt \u00fe\u00fa l\u00e1ta hana algj\u00f6rlega lausa og m\u00e1tt alls eigi selja hana vi\u00f0 ver\u00f0i. \u00de\u00fa skalt ekki fara me\u00f0 hana sem amb\u00e1tt, fyrir \u00fev\u00ed a\u00f0 \u00fe\u00fa hefir spjalla\u00f0 hana.<a name=\"15\"><span class=\"versanumer\">15<\/span><\/a>Ef ma\u00f0ur \u00e1 tv\u00e6r konur, og hefir m\u00e6tur \u00e1 annarri en l\u00e6tur s\u00e9r f\u00e1tt um hina, og \u00fe\u00e6r f\u00e6\u00f0a honum sonu, b\u00e6\u00f0i s\u00fa er hann hefir m\u00e6tur \u00e1 og s\u00fa er hann l\u00e6tur s\u00e9r f\u00e1tt um, og frumgetni sonurinn er sonur \u00feeirrar, er hann l\u00e6tur s\u00e9r f\u00e1tt um,<a name=\"16\"><span class=\"versanumer\">16<\/span><\/a>\u00fe\u00e1 skal honum ekki heimilt vera, er hann skiptir \u00fev\u00ed sem hann \u00e1 me\u00f0al sona sinna, a\u00f0 gj\u00f6ra son konunnar, sem hann hefir m\u00e6tur \u00e1, frumgetinn fram yfir son \u00feeirrar, er hann l\u00e6tur s\u00e9r f\u00e1tt um og frumgetinn er,<a name=\"17\"><span class=\"versanumer\">17<\/span><\/a>heldur skal hann vi\u00f0urkenna frumgetninginn, son \u00feeirrar, er hann l\u00e6tur s\u00e9r f\u00e1tt um, og gefa honum tv\u00f6faldan hlut af \u00f6llu \u00fev\u00ed, er hann \u00e1, \u00fev\u00ed a\u00f0 hann er frumgr\u00f3\u00f0i styrkleika hans, honum heyrir frumbur\u00f0arr\u00e9tturinn.<a name=\"18\"><span class=\"versanumer\">18<\/span><\/a>Ef ma\u00f0ur \u00e1 \u00ferj\u00f3skan son og \u00f3d\u00e6lan, sem eigi vill hl\u00fd\u00f0a f\u00f6\u00f0ur s\u00ednum og m\u00f3\u00f0ur, og hann hl\u00fd\u00f0nast \u00feeim ekki a\u00f0 heldur, \u00fe\u00f3tt \u00feau hirti hann,<a name=\"19\"><span class=\"versanumer\">19<\/span><\/a>\u00fe\u00e1 skal fa\u00f0ir hans og m\u00f3\u00f0ir taka hann og fara me\u00f0 hann til \u00f6ldunga borgar hans, a\u00f0 borgarhli\u00f0inu, \u00fear sem hann \u00e1 heima,<a name=\"20\"><span class=\"versanumer\">20<\/span><\/a>og segja vi\u00f0 \u00f6ldunga borgar hans: \u00deessi sonur okkar er \u00ferj\u00f3skur og \u00f3d\u00e6ll og vill ekki hl\u00fd\u00f0a okkur, hann er svallari og drykkjur\u00fatur.<a name=\"21\"><span class=\"versanumer\">21<\/span><\/a>Skulu \u00fe\u00e1 allir borgarmenn lemja hann grj\u00f3ti til bana. \u00deannig skalt \u00fe\u00fa \u00fatr\u00fdma hinu illa burt fr\u00e1 \u00fe\u00e9r, og allur \u00cdsrael skal heyra \u00fea\u00f0 og skelfast.<a name=\"22\"><span class=\"versanumer\">22<\/span><\/a>\u00deegar ma\u00f0ur dr\u00fdgir synd, sem var\u00f0ar l\u00edfl\u00e1ti, og hann er l\u00edfl\u00e1tinn og \u00fe\u00fa hengir hann \u00e1 tr\u00e9,<a name=\"23\"><span class=\"versanumer\">23<\/span><\/a>\u00fe\u00e1 skal l\u00edkami hans ekki vera n\u00e1ttlangt \u00e1 tr\u00e9nu, heldur skalt \u00fe\u00fa jar\u00f0a hann samd\u00e6gurs. \u00dev\u00ed a\u00f0 s\u00e1 er b\u00f6lva\u00f0ur af Gu\u00f0i, sem hengdur er, og \u00fe\u00fa skalt ekki saurga land \u00feitt, \u00fea\u00f0 er Drottinn Gu\u00f0 \u00feinn gefur \u00fe\u00e9r til eignar.<\/p>\n<div class=\"footnote1981\"><b>21.3<\/b> Ok 4M\u00f3s 19.2+<br \/>\n<b>21.4<\/b> H\u00e1lsbrj\u00f3ta 2M\u00f3s 13.13<br \/>\n<b>21.5<\/b> Prestarnir, ni\u00f0jar Lev\u00eds 5M\u00f3s 17.9+ &#8211; \u00fej\u00f3na Drottni 5M\u00f3s 10.8+<br \/>\n<b>21.6<\/b> \u00devo hendur s\u00ednar Slm 26.6+<br \/>\n<b>21.8<\/b> Gu\u00f0 leysti \u00cdsrael 5M\u00f3s 7.8+<br \/>\n<b>21.9<\/b> \u00datr\u00fdma 5M\u00f3s 13.6+ &#8211; gj\u00f6ra r\u00e9tt 5M\u00f3s 6.18+<br \/>\n<b>21.14<\/b> Selja 2M\u00f3s 21.8<br \/>\n<b>21.16<\/b> Frumbur\u00f0ar\u00e9ttur 1M\u00f3s 25.31; 27.36; 1Kro 5.1-2<br \/>\n<b>21.17<\/b> Tv\u00f6faldur hlutur sbr 2Kon 2.9 \u2013 frumgr\u00f3\u00f0i karlmennsku 1M\u00f3s 49.3<br \/>\n<b>21.18<\/b> \u00d3d\u00e6ll sonur sbr Jes 1.2 \u2013 hl\u00fd\u00f0a foreldrum Okv 1.8; 6.20<br \/>\n<b>21.20<\/b> Svalllari Okv 23.21; S\u00edr 18.33 \u2013 19.1; Matt 11.19 og hlst.<br \/>\n<b>21.21<\/b> Gr\u00fdta 5M\u00f3s 13.11+ &#8211; uppr\u00e6ta hi\u00f0 illa 5M\u00f3s 13.6+ &#8211; fr\u00e9tta 5M\u00f3s 13.12+<br \/>\n<b>21.23<\/b> Hengdur J\u00f3s 8.29; 10.26; J\u00f3h 19.31 og hlst. \u2013 landi\u00f0 gefi\u00f0 til eignar 5M\u00f3s 3.20+<\/div>\n","protected":false},"excerpt":{"rendered":"<p>1Ef ma\u00f0ur finnst veginn \u00ed landi \u00fev\u00ed, er Drottinn Gu\u00f0 \u00feinn gefur \u00fe\u00e9r til eignar, liggjandi \u00fati \u00e1 v\u00ed\u00f0avangi, en enginn veit, hver hann hefir drepi\u00f0,2\u00fe\u00e1 skulu \u00f6ldungar \u00fe\u00ednir og d\u00f3mendur fara \u00fat og m\u00e6la fjarl\u00e6g\u00f0ina til borganna, er liggja hringinn \u00ed kringum hinn vegna.3Og s\u00fa borg, sem n\u00e6st er hinum vegna, \u00f6ldungar \u00feeirrar borgar skulu taka kv\u00edgu, sem eigi hefir h\u00f6f\u00f0 veri\u00f0 til vinnu n\u00e9 gengi\u00f0 hefir undir oki.4\u00dev\u00ed n\u00e6st skulu \u00f6ldungar borgarinnar fara me\u00f0 kv\u00edguna ofan \u00ed dal me\u00f0 s\u00edrennandi vatni, sem hvorki er yrktur n\u00e9 s\u00e1inn, og \u00fear \u00ed dalnum skulu \u00feeir brj\u00f3ta kv\u00edguna \u00far h\u00e1lsli\u00f0num.5\u00de\u00e1 skulu <a href=\"https:\/\/biblian.is\/1981\/fimmta-mosebok-21-kafli\/\"> [&#8230;]<\/a><\/p>\n","protected":false},"author":1,"featured_media":0,"parent":0,"menu_order":0,"comment_status":"open","ping_status":"open","template":"bibliukaflar.php","meta":{"footnotes":""},"class_list":["post-1520","page","type-page","status-publish","hentry"],"_links":{"self":[{"href":"https:\/\/biblian.is\/1981\/wp-json\/wp\/v2\/pages\/1520","targetHints":{"allow":["GET"]}}],"collection":[{"href":"https:\/\/biblian.is\/1981\/wp-json\/wp\/v2\/pages"}],"about":[{"href":"https:\/\/biblian.is\/1981\/wp-json\/wp\/v2\/types\/page"}],"author":[{"embeddable":true,"href":"https:\/\/biblian.is\/1981\/wp-json\/wp\/v2\/users\/1"}],"replies":[{"embeddable":true,"href":"https:\/\/biblian.is\/1981\/wp-json\/wp\/v2\/comments?post=1520"}],"version-history":[{"count":0,"href":"https:\/\/biblian.is\/1981\/wp-json\/wp\/v2\/pages\/1520\/revisions"}],"wp:attachment":[{"href":"https:\/\/biblian.is\/1981\/wp-json\/wp\/v2\/media?parent=1520"}],"curies":[{"name":"wp","href":"https:\/\/api.w.org\/{rel}","templated":true}]}}