{"id":1518,"date":"2017-11-18T20:17:37","date_gmt":"2017-11-18T20:17:37","guid":{"rendered":"http:\/\/biblian.is\/1981\/fimmta-mosebok-19-kafli\/"},"modified":"2021-06-06T10:51:12","modified_gmt":"2021-06-06T10:51:12","slug":"fimmta-mosebok-19-kafli","status":"publish","type":"page","link":"https:\/\/biblian.is\/1981\/fimmta-mosebok-19-kafli\/","title":{"rendered":"Fimmta M\u00f3seb\u00f3k 19. kafli"},"content":{"rendered":"<p><a name=\"1\"><span class=\"versanumer\">1<\/span><\/a>\u00deegar Drottinn Gu\u00f0 \u00feinn uppr\u00e6tir \u00fe\u00e6r \u00fej\u00f3\u00f0ir, hverra land Drottinn Gu\u00f0 \u00feinn gefur \u00fe\u00e9r, og er \u00fe\u00fa hefir lagt \u00fe\u00e6r undir \u00feig og ert setstur a\u00f0 \u00ed borgum \u00feeirra og h\u00fasum,<a name=\"2\"><span class=\"versanumer\">2<\/span><\/a>\u00fe\u00e1 skalt \u00fe\u00fa skilja fr\u00e1 \u00ferj\u00e1r borgir \u00ed landi \u00fe\u00ednu, \u00fev\u00ed er Drottinn Gu\u00f0 \u00feinn gefur \u00fe\u00e9r til eignar.<a name=\"3\"><span class=\"versanumer\">3<\/span><\/a>\u00de\u00fa skalt leggja veg a\u00f0 \u00feeim og skipta gj\u00f6rv\u00f6llu landi \u00fe\u00ednu, \u00fev\u00ed er Drottinn Gu\u00f0 \u00feinn l\u00e6tur \u00feig eignast, \u00ed \u00ferj\u00e1 hluti, og skal \u00fea\u00f0 vera til \u00feess a\u00f0 \u00feanga\u00f0 megi fl\u00fdja hver s\u00e1, er mann vegur.<a name=\"4\"><span class=\"versanumer\">4<\/span><\/a>Svo skal vera um veganda \u00feann, er \u00feanga\u00f0 fl\u00fdr til \u00feess a\u00f0 for\u00f0a l\u00edfi s\u00ednu: Ef ma\u00f0ur drepur n\u00e1unga sinn \u00f3viljandi og hefir eigi veri\u00f0 \u00f3vinur hans \u00e1\u00f0ur,<a name=\"5\"><span class=\"versanumer\">5<\/span><\/a>svo sem \u00feegar ma\u00f0ur fer me\u00f0 n\u00e1unga s\u00ednum \u00ed sk\u00f3g a\u00f0 fella tr\u00e9 og hann rei\u00f0ir upp \u00f6xina til a\u00f0 h\u00f6ggva tr\u00e9\u00f0, en \u00f6xin hr\u00fdtur af skaftinu og lendir \u00e1 n\u00e1unga hans, svo a\u00f0 hann f\u00e6r bana af s\u00e1 ma\u00f0ur m\u00e1 fl\u00fdja \u00ed einhverja af borgum \u00feessum og for\u00f0a svo l\u00edfi s\u00ednu,<a name=\"6\"><span class=\"versanumer\">6<\/span><\/a>til \u00feess a\u00f0 hefndarma\u00f0urinn elti ekki vegandann me\u00f0an m\u00f3\u00f0urinn er \u00e1 honum og n\u00e1i honum, af \u00fev\u00ed a\u00f0 vegurinn er langur, og drepi hann, \u00fe\u00f3tt hann s\u00e9 ekki dau\u00f0asekur, me\u00f0 \u00fev\u00ed a\u00f0 hann var ekki \u00f3vinur hans \u00e1\u00f0ur.<a name=\"7\"><span class=\"versanumer\">7<\/span><\/a>Fyrir \u00fev\u00ed b\u00fd\u00f0 \u00e9g \u00fe\u00e9r og segi: \u00de\u00fa skalt skilja \u00ferj\u00e1r borgir fr\u00e1.<a name=\"8\"><span class=\"versanumer\">8<\/span><\/a>Og ef Drottinn Gu\u00f0 \u00feinn f\u00e6rir \u00fat landamerki \u00fe\u00edn, eins og hann hefir svari\u00f0 fe\u00f0rum \u00fe\u00ednum, og hann gefur \u00fe\u00e9r gj\u00f6rvallt landi\u00f0, sem hann h\u00e9t a\u00f0 gefa fe\u00f0rum \u00fe\u00ednum,<a name=\"9\"><span class=\"versanumer\">9<\/span><\/a>svo framarlega sem \u00fe\u00fa g\u00e6tir \u00feess a\u00f0 halda allar \u00feessar skipanir, sem \u00e9g legg fyrir \u00feig \u00ed dag, me\u00f0 \u00fev\u00ed a\u00f0 elska Drottin Gu\u00f0 \u00feinn og ganga \u00e1 hans vegum alla daga, \u00fe\u00e1 skalt \u00fe\u00fa enn b\u00e6ta \u00ferem borgum vi\u00f0 \u00feessar \u00ferj\u00e1r,<a name=\"10\"><span class=\"versanumer\">10<\/span><\/a>til \u00feess a\u00f0 saklausu bl\u00f3\u00f0i ver\u00f0i eigi \u00fathellt \u00ed landi \u00fe\u00ednu, \u00fev\u00ed er Drottinn Gu\u00f0 \u00feinn gefur \u00fe\u00e9r til eignar, og bl\u00f3\u00f0s\u00f6k falli eigi \u00e1 \u00feig.<a name=\"11\"><span class=\"versanumer\">11<\/span><\/a>En ef ma\u00f0ur hatast vi\u00f0 n\u00e1unga sinn og situr um hann, r\u00e6\u00f0st \u00e1 hann og l\u00fdstur hann til bana og fl\u00fdr s\u00ed\u00f0an \u00ed einhverja af borgum \u00feessum,<a name=\"12\"><span class=\"versanumer\">12<\/span><\/a>\u00fe\u00e1 skulu \u00f6ldungar \u00feeirrar borgar, er hann \u00e1 heima \u00ed, senda \u00feanga\u00f0 og s\u00e6kja hann og selja \u00ed hendur hefndarmanni til l\u00edfl\u00e1ts.<a name=\"13\"><span class=\"versanumer\">13<\/span><\/a>\u00de\u00fa skalt ekki l\u00edta hann v\u00e6g\u00f0arauga, heldur hreinsa \u00cdsrael af saklausra manna bl\u00f3\u00f0i, svo a\u00f0 \u00fe\u00e9r vegni vel.<a name=\"14\"><span class=\"versanumer\">14<\/span><\/a>\u00de\u00fa skalt eigi f\u00e6ra \u00far sta\u00f0 landamerki n\u00e1unga \u00fe\u00edns, \u00feau er forfe\u00f0urnir hafa sett, \u00e1 arfleif\u00f0 \u00feinni, er \u00fe\u00fa munt eignast \u00ed landinu, sem Drottinn Gu\u00f0 \u00feinn gefur \u00fe\u00e9r til eignar.<a name=\"15\"><span class=\"versanumer\">15<\/span><\/a>Eigi skal eitt vitni koma fram gegn manni, \u00fe\u00e1 er um einhvern gl\u00e6p e\u00f0a einhverja synd er a\u00f0 r\u00e6\u00f0a hva\u00f0a synd sem \u00fea\u00f0 n\u00fa er, sem hann hefir dr\u00fdgt. \u00dev\u00ed a\u00f0eins skal frambur\u00f0ur gildur vera, a\u00f0 tveir e\u00f0a \u00fer\u00edr vottar beri.<a name=\"16\"><span class=\"versanumer\">16<\/span><\/a>N\u00fa r\u00eds falsvottur gegn einhverjum og ber \u00e1 hann lagabrot,<a name=\"17\"><span class=\"versanumer\">17<\/span><\/a>og skulu \u00fe\u00e1 b\u00e1\u00f0ir \u00feeir, er k\u00e6rum\u00e1li\u00f0 eiga saman, ganga fram fyrir Drottin, fyrir prestana og d\u00f3marana, sem \u00fe\u00e1 eru \u00ed \u00feann t\u00edma,<a name=\"18\"><span class=\"versanumer\">18<\/span><\/a>og d\u00f3mararnir skulu rannsaka \u00fea\u00f0 r\u00e6kilega, og ef \u00fe\u00e1 reynist svo, a\u00f0 votturinn er lj\u00fagvottur, a\u00f0 hann hefir bori\u00f0 lygar \u00e1 br\u00f3\u00f0ur sinn,<a name=\"19\"><span class=\"versanumer\">19<\/span><\/a>\u00fe\u00e1 skulu\u00f0 \u00fe\u00e9r gj\u00f6ra svo vi\u00f0 hann sem hann haf\u00f0i hugsa\u00f0 a\u00f0 gj\u00f6ra vi\u00f0 br\u00f3\u00f0ur sinn, og \u00feannig skalt \u00fe\u00fa \u00fatr\u00fdma hinu illa burt fr\u00e1 \u00fe\u00e9r.<a name=\"20\"><span class=\"versanumer\">20<\/span><\/a>Og hinir munu heyra \u00fea\u00f0 og skelfast og eigi framar hafast a\u00f0 sl\u00edkt \u00f3d\u00e6\u00f0i \u00fe\u00edn \u00e1 me\u00f0al.<a name=\"21\"><span class=\"versanumer\">21<\/span><\/a>Eigi skalt \u00fe\u00fa l\u00edta sl\u00edkt v\u00e6g\u00f0arauga: L\u00edf fyrir l\u00edf, auga fyrir auga, t\u00f6nn fyrir t\u00f6nn, h\u00f6nd fyrir h\u00f6nd, f\u00f3t fyrir f\u00f3t.<\/p>\n<div class=\"footnote1981\"><b>19.1<\/b> Drottinn uppr\u00e6tir \u00fej\u00f3\u00f0irnar 5M\u00f3s 4.38+ ; 12.29<br \/>\n<b>19.3<\/b> Gri\u00f0asta\u00f0ur 5M\u00f3s 4.42+<br \/>\n<b>19.4<\/b> Drepa, \u00f3viljandi 4M\u00f3s 35.15+<br \/>\n<b>19.8<\/b> Fyrirheitna landi\u00f0 5M\u00f3s 1.8+ -elska Gu\u00f0 5M\u00f3s 5.10+<br \/>\n<b>19.9<\/b> Halda 5M\u00f3s 5.1+ &#8211; bo\u00f0or\u00f0in 5M\u00f3s 4.2+ ; 5.31+<br \/>\n<b>19.10<\/b> Land til eignar 5M\u00f3s 3.20+<br \/>\n<b>19.13<\/b> Hreinsa \u00cdsrael 5M\u00f3s 13.6+ &#8211; ekki neina sam\u00fa\u00f0 5M\u00f3s 13.9+ &#8211; a\u00f0 \u00fe\u00e9r farnist vel 5M\u00f3s 4.40+<br \/>\n<b>19.14<\/b> Landamerki 5M\u00f3s 27.17<br \/>\n<b>19.15<\/b> Vitni 5M\u00f3s 17.6; Matt 18.16+ ; Heb 10.28<br \/>\n<b>19.16<\/b> Lj\u00fagvitni 2M\u00f3s 20.16; 3M\u00f3s 19.12+<br \/>\n<b>19.19<\/b> \u00datr\u00fdma hinu illa 5M\u00f3s 13.6+<br \/>\n<b>19.20<\/b> Skulu fr\u00e9tta 5M\u00f3s 13.12+<br \/>\n<b>19.21<\/b> L\u00edf fyrir l\u00edf 3M\u00f3s 24.18,19+<\/div>\n","protected":false},"excerpt":{"rendered":"<p>1\u00deegar Drottinn Gu\u00f0 \u00feinn uppr\u00e6tir \u00fe\u00e6r \u00fej\u00f3\u00f0ir, hverra land Drottinn Gu\u00f0 \u00feinn gefur \u00fe\u00e9r, og er \u00fe\u00fa hefir lagt \u00fe\u00e6r undir \u00feig og ert setstur a\u00f0 \u00ed borgum \u00feeirra og h\u00fasum,2\u00fe\u00e1 skalt \u00fe\u00fa skilja fr\u00e1 \u00ferj\u00e1r borgir \u00ed landi \u00fe\u00ednu, \u00fev\u00ed er Drottinn Gu\u00f0 \u00feinn gefur \u00fe\u00e9r til eignar.3\u00de\u00fa skalt leggja veg a\u00f0 \u00feeim og skipta gj\u00f6rv\u00f6llu landi \u00fe\u00ednu, \u00fev\u00ed er Drottinn Gu\u00f0 \u00feinn l\u00e6tur \u00feig eignast, \u00ed \u00ferj\u00e1 hluti, og skal \u00fea\u00f0 vera til \u00feess a\u00f0 \u00feanga\u00f0 megi fl\u00fdja hver s\u00e1, er mann vegur.4Svo skal vera um veganda \u00feann, er \u00feanga\u00f0 fl\u00fdr til \u00feess a\u00f0 for\u00f0a l\u00edfi s\u00ednu: Ef <a href=\"https:\/\/biblian.is\/1981\/fimmta-mosebok-19-kafli\/\"> [&#8230;]<\/a><\/p>\n","protected":false},"author":1,"featured_media":0,"parent":0,"menu_order":0,"comment_status":"open","ping_status":"open","template":"bibliukaflar.php","meta":{"footnotes":""},"class_list":["post-1518","page","type-page","status-publish","hentry"],"_links":{"self":[{"href":"https:\/\/biblian.is\/1981\/wp-json\/wp\/v2\/pages\/1518","targetHints":{"allow":["GET"]}}],"collection":[{"href":"https:\/\/biblian.is\/1981\/wp-json\/wp\/v2\/pages"}],"about":[{"href":"https:\/\/biblian.is\/1981\/wp-json\/wp\/v2\/types\/page"}],"author":[{"embeddable":true,"href":"https:\/\/biblian.is\/1981\/wp-json\/wp\/v2\/users\/1"}],"replies":[{"embeddable":true,"href":"https:\/\/biblian.is\/1981\/wp-json\/wp\/v2\/comments?post=1518"}],"version-history":[{"count":0,"href":"https:\/\/biblian.is\/1981\/wp-json\/wp\/v2\/pages\/1518\/revisions"}],"wp:attachment":[{"href":"https:\/\/biblian.is\/1981\/wp-json\/wp\/v2\/media?parent=1518"}],"curies":[{"name":"wp","href":"https:\/\/api.w.org\/{rel}","templated":true}]}}