{"id":1517,"date":"2017-11-18T20:17:37","date_gmt":"2017-11-18T20:17:37","guid":{"rendered":"http:\/\/biblian.is\/1981\/fimmta-mosebok-18-kafli\/"},"modified":"2021-06-06T10:51:12","modified_gmt":"2021-06-06T10:51:12","slug":"fimmta-mosebok-18-kafli","status":"publish","type":"page","link":"https:\/\/biblian.is\/1981\/fimmta-mosebok-18-kafli\/","title":{"rendered":"Fimmta M\u00f3seb\u00f3k 18. kafli"},"content":{"rendered":"<p><a name=\"1\"><span class=\"versanumer\">1<\/span><\/a>Eigi skulu lev\u00edtaprestarnir, \u00f6ll kynkv\u00edsl Lev\u00ed, f\u00e1 hlut og \u00f3\u00f0al me\u00f0 \u00cdsrael. \u00c1 eldf\u00f3rnum Drottins og erf\u00f0ahluta hans skulu \u00feeir lifa.<a name=\"2\"><span class=\"versanumer\">2<\/span><\/a>En \u00f3\u00f0al skulu \u00feeir eigi f\u00e1 me\u00f0al br\u00e6\u00f0ra sinna. Drottinn er \u00f3\u00f0al \u00feeirra, eins og hann hefir heiti\u00f0 \u00feeim.<a name=\"3\"><span class=\"versanumer\">3<\/span><\/a>\u00deessi skulu vera r\u00e9ttindi prestanna af h\u00e1lfu l\u00fd\u00f0sins, af h\u00e1lfu \u00feeirra manna, er f\u00f3rna sl\u00e1turf\u00f3rn, hvort heldur er nauti e\u00f0a sau\u00f0: Presti skal gefa b\u00f3ginn, b\u00e1\u00f0a kjammana og vinstrina.<a name=\"4\"><span class=\"versanumer\">4<\/span><\/a>Frumgr\u00f3\u00f0ann af korni \u00fe\u00ednu, aldinlegi \u00fe\u00ednum og ol\u00edu \u00feinni og fyrstu ullina, sem \u00fe\u00fa klippir af sau\u00f0f\u00e9 \u00fe\u00ednu, skalt \u00fe\u00fa gefa honum.<a name=\"5\"><span class=\"versanumer\">5<\/span><\/a>\u00dev\u00ed a\u00f0 Drottinn Gu\u00f0 \u00feinn hefir \u00fatvali\u00f0 hann af \u00f6llum kynkv\u00edslum \u00fe\u00ednum, til \u00feess a\u00f0 hann og synir hans gegni \u00fej\u00f3nustu \u00ed nafni Drottins alla daga.<a name=\"6\"><span class=\"versanumer\">6<\/span><\/a>N\u00fa kemur lev\u00edti \u00far einhverri af borgum \u00fe\u00ednum \u00ed \u00f6llum \u00cdsrael, \u00fear er hann dvelur sem \u00fatlendingur og hann m\u00e1 koma eftir vild sinni til \u00feess sta\u00f0ar, er Drottinn velur,<a name=\"7\"><span class=\"versanumer\">7<\/span><\/a>og m\u00e1 hann \u00fe\u00e1 gegna \u00fej\u00f3nustu \u00ed nafni Drottins Gu\u00f0s s\u00edns eins og allir br\u00e6\u00f0ur hans, lev\u00edtarnir, er standa \u00fear frammi fyrir Drottni.<a name=\"8\"><span class=\"versanumer\">8<\/span><\/a>\u00deeir skulu f\u00e1 jafnan hlut til vi\u00f0urv\u00e6ris, \u00e1n tillits til \u00feess, er hann f\u00e6r fyrir selda s\u00e9reign s\u00edna.<a name=\"9\"><span class=\"versanumer\">9<\/span><\/a>\u00deegar \u00fe\u00fa kemur inn \u00ed landi\u00f0, sem Drottinn Gu\u00f0 \u00feinn gefur \u00fe\u00e9r, \u00fe\u00e1 skalt \u00fe\u00fa ekki taka upp sv\u00edvir\u00f0ingar \u00feessara \u00fej\u00f3\u00f0a.<a name=\"10\"><span class=\"versanumer\">10<\/span><\/a>Eigi skal nokkur finnast hj\u00e1 \u00fe\u00e9r, s\u00e1 er l\u00e1ti son sinn e\u00f0a d\u00f3ttur ganga gegnum eldinn, e\u00f0a s\u00e1 er fari me\u00f0 galdur e\u00f0a sp\u00e1r e\u00f0a fj\u00f6lkynngi, e\u00f0a t\u00f6frama\u00f0ur<a name=\"11\"><span class=\"versanumer\">11<\/span><\/a>e\u00f0a gj\u00f6rningama\u00f0ur e\u00f0a s\u00e6ringama\u00f0ur e\u00f0a sp\u00e1sagnama\u00f0ur e\u00f0a s\u00e1 er leiti fr\u00e9tta af framli\u00f0num.<a name=\"12\"><span class=\"versanumer\">12<\/span><\/a>\u00dev\u00ed a\u00f0 hver s\u00e1, er sl\u00edkt gj\u00f6rir, er Drottni andstyggilegur, og fyrir sl\u00edkar sv\u00edvir\u00f0ingar rekur Drottinn Gu\u00f0 \u00feinn \u00fe\u00e1 burt undan \u00fe\u00e9r.<a name=\"13\"><span class=\"versanumer\">13<\/span><\/a>\u00de\u00fa skalt vera grandvar gagnvart Drottni Gu\u00f0i \u00fe\u00ednum.<a name=\"14\"><span class=\"versanumer\">14<\/span><\/a>\u00dev\u00ed a\u00f0 \u00feessar \u00fej\u00f3\u00f0ir, er \u00fe\u00fa rekur n\u00fa burt, hl\u00fd\u00f0a \u00e1 sp\u00e1sagnamenn og galdramenn, en \u00fe\u00e9r hefir Drottinn Gu\u00f0 \u00feinn eigi leyft sl\u00edkt.<a name=\"15\"><span class=\"versanumer\">15<\/span><\/a>Sp\u00e1mann mun Drottinn Gu\u00f0 \u00feinn upp vekja me\u00f0al \u00fe\u00edn, af br\u00e6\u00f0rum \u00fe\u00ednum, sl\u00edkan sem \u00e9g er. \u00c1 hann skulu\u00f0 \u00fe\u00e9r hl\u00fd\u00f0a.<a name=\"16\"><span class=\"versanumer\">16<\/span><\/a>Mun \u00feannig fyllilega r\u00e6tast \u00fea\u00f0, er \u00fe\u00fa ba\u00f0st Drottin Gu\u00f0 \u00feinn um hj\u00e1 H\u00f3reb, daginn sem \u00fe\u00e9r voru\u00f0 \u00fear saman komnir, er \u00fe\u00fa sag\u00f0ir: Eigi vildi \u00e9g lengur \u00feurfa a\u00f0 heyra raust Drottins Gu\u00f0s m\u00edns n\u00e9 oftar a\u00f0 sj\u00e1 \u00feennan mikla eld, svo a\u00f0 \u00e9g deyi ekki.<a name=\"17\"><span class=\"versanumer\">17<\/span><\/a>\u00de\u00e1 sag\u00f0i Drottinn vi\u00f0 mig: Vel er \u00fea\u00f0 m\u00e6lt, sem \u00feeir segja.<a name=\"18\"><span class=\"versanumer\">18<\/span><\/a>\u00c9g vil upp vekja \u00feeim sp\u00e1mann me\u00f0al br\u00e6\u00f0ra \u00feeirra, sl\u00edkan sem \u00fe\u00fa ert, og \u00e9g mun leggja honum m\u00edn or\u00f0 \u00ed munn, og hann skal m\u00e6la til \u00feeirra allt \u00fea\u00f0, er \u00e9g b\u00fd\u00f0 honum.<a name=\"19\"><span class=\"versanumer\">19<\/span><\/a>Og hvern \u00feann, er eigi vill hl\u00fd\u00f0a \u00e1 or\u00f0 m\u00edn, \u00feau er hann mun flytja \u00ed m\u00ednu nafni, hann mun \u00e9g krefja reikningsskapar.<a name=\"20\"><span class=\"versanumer\">20<\/span><\/a>En s\u00e1 sp\u00e1ma\u00f0ur, sem dirfist a\u00f0 tala \u00ed m\u00ednu nafni \u00fea\u00f0, er \u00e9g hefi eigi bo\u00f0i\u00f0 honum a\u00f0 tala, og s\u00e1 sem talar \u00ed nafni annarra gu\u00f0a, s\u00e1 sp\u00e1ma\u00f0ur skal deyja.<a name=\"21\"><span class=\"versanumer\">21<\/span><\/a>Ef \u00fe\u00fa segir \u00ed hjarta \u00fe\u00ednu: Hvernig f\u00e1um v\u00e9r \u00feekkt \u00far \u00feau or\u00f0, er Drottinn hefir ekki tala\u00f0?<a name=\"22\"><span class=\"versanumer\">22<\/span><\/a>\u00fe\u00e1 vit, a\u00f0 \u00feegar sp\u00e1ma\u00f0ur talar \u00ed nafni Drottins og \u00fea\u00f0 r\u00e6tist eigi n\u00e9 kemur fram, \u00fe\u00e1 eru \u00fea\u00f0 or\u00f0, sem Drottinn hefir eigi tala\u00f0. Af ofdirfsku sinni hefir sp\u00e1ma\u00f0urinn tala\u00f0 \u00fea\u00f0, \u00fe\u00fa \u00fearft ekki a\u00f0 hr\u00e6\u00f0ast hann.<\/p>\n<div class=\"footnote1981\"><b>18.1<\/b> Lev\u00edtaprestar 5M\u00f3s 17.9+<br \/>\n<b>18.1-8<\/b> Vi\u00f0urv\u00e6ri lev\u00edtanna 1Kor 9.13+<br \/>\n<b>18.2<\/b> Drottinn, erf\u00f0ahlutur lev\u00edtanna 5M\u00f3s 10.9+<br \/>\n<b>18.3<\/b> Skattgrei\u00f0sla 3M\u00f3s 7.34+<br \/>\n<b>18.4<\/b> Frumgr\u00f3\u00f0i 5M\u00f3s 26.1-11<br \/>\n<b>18.5<\/b> Gu\u00f0 hefir \u00fatvali\u00f0 Lev\u00ed 5M\u00f3s 33.8-11 \u2013 \u00fej\u00f3nusta 5M\u00f3s 10.8+<br \/>\n<b>18.6<\/b> Lev\u00edtarnir \u00ed helgid\u00f3minum \u00ed Jer\u00fasalem sbr 2Kon 23.8-9<br \/>\n<b>18.9<\/b> For\u00f0ast venjur Kanaan\u00edta 3M\u00f3s 18.3+<br \/>\n<b>18.10<\/b> Barnsf\u00f3rn 3M\u00f3s 18.21+ &#8211; leita go\u00f0svara, lesa \u00f3or\u00f0na atbur\u00f0i 3M\u00f3s 19.26+<br \/>\n<b>18.11<\/b> Leita til s\u00e6ringar- e\u00f0a sp\u00e1sagnaranda 3M\u00f3s 19.31+<br \/>\n<b>18.12<\/b> R\u00fdma \u00far vegi 5M\u00f3s 4.38+ &#8211; Drottni vi\u00f0urstyggilegt 5M\u00f3s 7.25+<br \/>\n<b>18.13<\/b> \u00d3skiptur (fullkominn) Matt 5.48<br \/>\n<b>18.15<\/b> Sp\u00e1ma\u00f0ur eins og M\u00f3se sbr 5M\u00f3s 34.10; 4M\u00f3s 12.6-8 \u2013 hl\u00fd\u00f0a \u00e1 Mrk 9.7 og hlst. Post 3.22<br \/>\n<b>18.16<\/b> L\u00fd\u00f0urinn heimtar me\u00f0algangara 5M\u00f3s 5.23-31; 2M\u00f3s 20.18-21<br \/>\n<b>18.18<\/b> Leggja or\u00f0 \u00ed munn 2M\u00f3s 4.15; Jes 51.16; 59.21; Jer 1.9; Esk 3.1-10; Opb 10.9-11; sbr 2M\u00f3s 4.12+<br \/>\n<b>18.20<\/b> A\u00f0rir gu\u00f0ir 2M\u00f3s 20.3+<br \/>\n<b>18.20-22<\/b> Falssp\u00e1menn Jer 28.7-9,15-17<\/div>\n","protected":false},"excerpt":{"rendered":"<p>1Eigi skulu lev\u00edtaprestarnir, \u00f6ll kynkv\u00edsl Lev\u00ed, f\u00e1 hlut og \u00f3\u00f0al me\u00f0 \u00cdsrael. \u00c1 eldf\u00f3rnum Drottins og erf\u00f0ahluta hans skulu \u00feeir lifa.2En \u00f3\u00f0al skulu \u00feeir eigi f\u00e1 me\u00f0al br\u00e6\u00f0ra sinna. Drottinn er \u00f3\u00f0al \u00feeirra, eins og hann hefir heiti\u00f0 \u00feeim.3\u00deessi skulu vera r\u00e9ttindi prestanna af h\u00e1lfu l\u00fd\u00f0sins, af h\u00e1lfu \u00feeirra manna, er f\u00f3rna sl\u00e1turf\u00f3rn, hvort heldur er nauti e\u00f0a sau\u00f0: Presti skal gefa b\u00f3ginn, b\u00e1\u00f0a kjammana og vinstrina.4Frumgr\u00f3\u00f0ann af korni \u00fe\u00ednu, aldinlegi \u00fe\u00ednum og ol\u00edu \u00feinni og fyrstu ullina, sem \u00fe\u00fa klippir af sau\u00f0f\u00e9 \u00fe\u00ednu, skalt \u00fe\u00fa gefa honum.5\u00dev\u00ed a\u00f0 Drottinn Gu\u00f0 \u00feinn hefir \u00fatvali\u00f0 hann af \u00f6llum kynkv\u00edslum \u00fe\u00ednum, til <a href=\"https:\/\/biblian.is\/1981\/fimmta-mosebok-18-kafli\/\"> [&#8230;]<\/a><\/p>\n","protected":false},"author":1,"featured_media":0,"parent":0,"menu_order":0,"comment_status":"open","ping_status":"open","template":"bibliukaflar.php","meta":{"footnotes":""},"class_list":["post-1517","page","type-page","status-publish","hentry"],"_links":{"self":[{"href":"https:\/\/biblian.is\/1981\/wp-json\/wp\/v2\/pages\/1517","targetHints":{"allow":["GET"]}}],"collection":[{"href":"https:\/\/biblian.is\/1981\/wp-json\/wp\/v2\/pages"}],"about":[{"href":"https:\/\/biblian.is\/1981\/wp-json\/wp\/v2\/types\/page"}],"author":[{"embeddable":true,"href":"https:\/\/biblian.is\/1981\/wp-json\/wp\/v2\/users\/1"}],"replies":[{"embeddable":true,"href":"https:\/\/biblian.is\/1981\/wp-json\/wp\/v2\/comments?post=1517"}],"version-history":[{"count":0,"href":"https:\/\/biblian.is\/1981\/wp-json\/wp\/v2\/pages\/1517\/revisions"}],"wp:attachment":[{"href":"https:\/\/biblian.is\/1981\/wp-json\/wp\/v2\/media?parent=1517"}],"curies":[{"name":"wp","href":"https:\/\/api.w.org\/{rel}","templated":true}]}}