{"id":1516,"date":"2017-11-18T20:17:37","date_gmt":"2017-11-18T20:17:37","guid":{"rendered":"http:\/\/biblian.is\/1981\/fimmta-mosebok-17-kafli\/"},"modified":"2021-06-07T13:49:44","modified_gmt":"2021-06-07T13:49:44","slug":"fimmta-mosebok-17-kafli","status":"publish","type":"page","link":"https:\/\/biblian.is\/1981\/fimmta-mosebok-17-kafli\/","title":{"rendered":"Fimmta M\u00f3seb\u00f3k 17. kafli"},"content":{"rendered":"<p><a name=\"1\"><span class=\"versanumer\">1<\/span><\/a>\u00de\u00fa skalt ekki f\u00f3rna Drottni Gu\u00f0i \u00fe\u00ednum nokkru \u00fev\u00ed nauti e\u00f0a sau\u00f0, sem l\u00fdti er \u00e1, einhver sl\u00e6mur galli, \u00fev\u00ed a\u00f0 \u00fea\u00f0 er andstyggilegt Drottni Gu\u00f0i \u00fe\u00ednum.<a name=\"2\"><span class=\"versanumer\">2<\/span><\/a>Ef hj\u00e1 \u00fe\u00e9r finnst, \u00ed einhverri af borgum \u00fe\u00ednum, \u00feeim er Drottinn Gu\u00f0 \u00feinn gefur \u00fe\u00e9r, ma\u00f0ur e\u00f0a kona, er gj\u00f6rir \u00fea\u00f0 sem illt er \u00ed augum Drottins Gu\u00f0s \u00fe\u00edns, me\u00f0 \u00fev\u00ed a\u00f0 rj\u00fafa s\u00e1ttm\u00e1la hans,<a name=\"3\"><span class=\"versanumer\">3<\/span><\/a>og fer og d\u00fdrkar a\u00f0ra gu\u00f0i og fellur fram fyrir \u00feeim, e\u00f0a fyrir s\u00f3linni e\u00f0a tunglinu e\u00f0a \u00f6llum himinsins her, er \u00e9g hefi eigi leyft,<a name=\"4\"><span class=\"versanumer\">4<\/span><\/a>og ver\u00f0i \u00fe\u00e9r sagt fr\u00e1 \u00feessu og \u00fe\u00fa heyrir \u00fea\u00f0, \u00fe\u00e1 skalt \u00fe\u00fa r\u00e6kilega rannsaka \u00fea\u00f0, og ef \u00fea\u00f0 reynist satt vera, a\u00f0 sl\u00edk sv\u00edvir\u00f0ing hafi framin veri\u00f0 \u00ed \u00cdsrael,<a name=\"5\"><span class=\"versanumer\">5<\/span><\/a>\u00fe\u00e1 skalt \u00fe\u00fa lei\u00f0a mann \u00feann e\u00f0a konu, er sl\u00edkt \u00f3d\u00e6\u00f0i hefir frami\u00f0, a\u00f0 borgarhli\u00f0inu manninn e\u00f0a konuna, og lemja \u00feau grj\u00f3ti til bana.<a name=\"6\"><span class=\"versanumer\">6<\/span><\/a>Eftir frambur\u00f0i tveggja e\u00f0a \u00feriggja vitna skal s\u00e1 l\u00edfl\u00e1tinn ver\u00f0a, er fyrir dau\u00f0as\u00f6k er haf\u00f0ur. Eigi skal hann l\u00edfl\u00e1tinn eftir frambur\u00f0i eins vitnis.<a name=\"7\"><span class=\"versanumer\">7<\/span><\/a>Vitnin skulu fyrst rei\u00f0a h\u00f6nd gegn honum til \u00feess a\u00f0 dey\u00f0a hann, og \u00fev\u00ed n\u00e6st allur l\u00fd\u00f0urinn. \u00deannig skalt \u00fe\u00fa \u00fatr\u00fdma hinu illa burt fr\u00e1 \u00fe\u00e9r.<a name=\"8\"><span class=\"versanumer\">8<\/span><\/a>Ef \u00fe\u00e9r er um megn a\u00f0 d\u00e6ma \u00ed einhverju m\u00e1li: manndr\u00e1psm\u00e1li, m\u00e1li um eignarr\u00e9tt, mei\u00f0slam\u00e1li \u00ed einhverjum \u00fer\u00e6tum\u00e1lum innan borgarhli\u00f0a \u00feinna, \u00fe\u00e1 skalt \u00fe\u00fa hafa \u00feig til vegar og fara til \u00feess sta\u00f0ar, er Drottinn Gu\u00f0 \u00feinn velur,<a name=\"9\"><span class=\"versanumer\">9<\/span><\/a>og \u00fe\u00fa skalt ganga fyrir lev\u00edtaprestana og d\u00f3marann, sem \u00fe\u00e1 er, og \u00fe\u00fa skalt spyrja \u00fe\u00e1 r\u00e1\u00f0a, og \u00feeir skulu segja \u00fe\u00e9r d\u00f3msatkv\u00e6\u00f0i\u00f0.<a name=\"10\"><span class=\"versanumer\">10<\/span><\/a>Og \u00fe\u00fa skalt fara eftir \u00fev\u00ed atkv\u00e6\u00f0i, sem \u00feeir segja \u00fe\u00e9r \u00e1 \u00feeim sta\u00f0, sem Drottinn velur, og \u00fe\u00fa skalt g\u00e6ta \u00feess a\u00f0 gj\u00f6ra allt eins og \u00feeir segja \u00fe\u00e9r fyrir.<a name=\"11\"><span class=\"versanumer\">11<\/span><\/a>Eftir \u00feeim fyrirm\u00e6lum, sem \u00feeir tj\u00e1 \u00fe\u00e9r, og eftir \u00feeim d\u00f3mi, sem \u00feeir segja \u00fe\u00e9r, skalt \u00fe\u00fa fara. \u00de\u00fa skalt eigi v\u00edkja fr\u00e1 atkv\u00e6\u00f0inu, sem \u00feeir segja \u00fe\u00e9r, hvorki til h\u00e6gri n\u00e9 vinstri.<a name=\"12\"><span class=\"versanumer\">12<\/span><\/a>En ef nokkur gj\u00f6rir sig svo djarfan, a\u00f0 hann vill eigi hl\u00fd\u00f0a \u00e1 prestinn, sem stendur \u00fear \u00ed \u00fej\u00f3nustu Drottins Gu\u00f0s \u00fe\u00edns, e\u00f0a \u00e1 d\u00f3marann s\u00e1 ma\u00f0ur skal deyja, og \u00fe\u00fa skalt \u00fatr\u00fdma hinu illa \u00far \u00cdsrael,<a name=\"13\"><span class=\"versanumer\">13<\/span><\/a>svo a\u00f0 allur l\u00fd\u00f0urinn heyri \u00fea\u00f0 og skelfist og enginn s\u00fdni framar sl\u00edka ofdirfsku.<a name=\"14\"><span class=\"versanumer\">14<\/span><\/a>\u00deegar \u00fe\u00fa ert kominn inn \u00ed landi\u00f0, sem Drottinn Gu\u00f0 \u00feinn gefur \u00fe\u00e9r, og \u00fe\u00fa hefir fengi\u00f0 \u00fea\u00f0 til eignar og ert setstur \u00fear a\u00f0 og segir: \u00c9g vil taka m\u00e9r konung, eins og allar \u00fej\u00f3\u00f0irnar, sem \u00ed kringum mig eru,<a name=\"15\"><span class=\"versanumer\">15<\/span><\/a>\u00fe\u00e1 skalt \u00fe\u00fa taka \u00feann til konungs yfir \u00feig, sem Drottinn Gu\u00f0 \u00feinn \u00fatvelur. Mann af br\u00e6\u00f0rum \u00fe\u00ednum skalt \u00fe\u00fa taka til konungs yfir \u00feig. Eigi m\u00e1tt \u00fe\u00fa setja \u00fatlendan mann yfir \u00feig, \u00feann sem eigi er br\u00f3\u00f0ir \u00feinn.<a name=\"16\"><span class=\"versanumer\">16<\/span><\/a>Eigi skal hann hafa marga hesta, n\u00e9 heldur fara aftur me\u00f0 l\u00fd\u00f0inn til Egyptalands til \u00feess a\u00f0 afla s\u00e9r margra hesta, me\u00f0 \u00fev\u00ed a\u00f0 Drottinn hefir sagt vi\u00f0 y\u00f0ur: \u00de\u00e9r skulu\u00f0 aldrei sn\u00faa aftur \u00feessa lei\u00f0.<a name=\"17\"><span class=\"versanumer\">17<\/span><\/a>Hann skal og eigi hafa margar konur, svo a\u00f0 hjarta hans gj\u00f6rist eigi fr\u00e1hverft, og hann skal eigi draga saman \u00f3grynni af silfri og gulli.<a name=\"18\"><span class=\"versanumer\">18<\/span><\/a>Og \u00feegar hann n\u00fa er setstur \u00ed h\u00e1s\u00e6ti konungd\u00f3ms s\u00edns, \u00fe\u00e1 skal hann f\u00e1 l\u00f6gm\u00e1l \u00feetta hj\u00e1 lev\u00edtaprestunum og rita eftirrit af \u00fev\u00ed handa s\u00e9r \u00ed b\u00f3k.<a name=\"19\"><span class=\"versanumer\">19<\/span><\/a>Og hann skal hafa hana hj\u00e1 s\u00e9r og lesa \u00ed henni alla \u00e6vidaga s\u00edna, til \u00feess a\u00f0 hann l\u00e6ri a\u00f0 \u00f3ttast Drottin Gu\u00f0 sinn og g\u00e6ti \u00feess a\u00f0 halda \u00f6ll fyrirm\u00e6li \u00feessa l\u00f6gm\u00e1ls og \u00feessi \u00e1kv\u00e6\u00f0i,<a name=\"20\"><span class=\"versanumer\">20<\/span><\/a>a\u00f0 hann ofmetnist eigi \u00ed hjarta s\u00ednu yfir br\u00e6\u00f0ur s\u00edna og v\u00edki eigi fr\u00e1 bo\u00f0or\u00f0unum, hvorki til h\u00e6gri n\u00e9 vinstri, svo a\u00f0 hann megi um langa \u00e6vi r\u00edkjum r\u00e1\u00f0a \u00ed \u00cdsrael, hann og synir hans.<\/p>\n<div class=\"footnote1981\"><b>17.1<\/b> D\u00fdr me\u00f0 l\u00fdti 3M\u00f3s 22.20+ &#8211; Drottni vi\u00f0urstygg\u00f0 5M\u00f3s 7.25+<br \/>\n<b>17.2<\/b> Gj\u00f6ra illt 5M\u00f3s 4.25+<br \/>\n<b>17.3<\/b> D\u00fdrka a\u00f0ra gu\u00f0i 2M\u00f3s 22.19+ &#8211; d\u00fdrka s\u00f3lina &#8230; 5M\u00f3s 4.19+ &#8211; a\u00f0rir gu\u00f0ir 5M\u00f3s 6.14+<br \/>\n<b>17.4<\/b> Rannsaka m\u00e1l 5M\u00f3s 1.16+ ; sbr 13.15<br \/>\n<b>17.5<\/b> Gr\u00fdta 5M\u00f3s 13.11+<br \/>\n<b>17.6<\/b> Vitni 4M\u00f3s 35.30+<br \/>\n<b>17.7<\/b> Kasta fyrsta steininum 5M\u00f3s 13.10; J\u00f3h 8.7 \u2013 allt f\u00f3lki\u00f0 5M\u00f3s 13.10 \u2013 uppr\u00e6ta hi\u00f0 illa 5M\u00f3s 13.6+<br \/>\n<b>17.8<\/b> Skyldur d\u00f3menda 5M\u00f3s 1.9+ &#8211; sta\u00f0ur, sem Gu\u00f0 velur 5M\u00f3s 12.5+<br \/>\n<b>17.9<\/b> Lev\u00edtaprestar 5M\u00f3s 17.18; 18.1, 24.8, 27.9; J\u00f3s 3.3; 8.33; sbr 5M\u00f3s 21.5; 31.9<br \/>\n<b>17.10<\/b> G\u00e6ta \u00feess a\u00f0 fara &#8230; 5M\u00f3s 5.1+<br \/>\n<b>17.11<\/b> Ekki v\u00edkja 5M\u00f3s 5.32+<br \/>\n<b>17.12<\/b> \u00dej\u00f3nusta vi\u00f0 Drottin 5M\u00f3s 10.8+ &#8211; \u00fatr\u00fdma hinu illa 5M\u00f3s 13.6+<br \/>\n<b>17.13<\/b> \u00d6ll \u00fej\u00f3\u00f0in skal fr\u00e9tta 5M\u00f3s 13.12+<br \/>\n<b>17.14<\/b> Konungur 1Sam 8.5<br \/>\n<b>17.15<\/b> Gu\u00f0 \u00fatvelur konung 1Sam 10.24; 16.1; Hag 2.23<br \/>\n<b>17.16<\/b> Riddarar 1Kon 10.26-29; Jes 31.1-3; Esk 17.15 \u2013 aftur til Egyptalands 5M\u00f3s 28.68; 2M\u00f3s 14.10-13<br \/>\n<b>17.17<\/b> Margar konur sbr 1Kon 11.1-13<br \/>\n<b>17.18<\/b> Rita l\u00f6gm\u00e1li\u00f0 5M\u00f3s 31.24 \u2013 Lev\u00edtaprestar 5M\u00f3s 17.9+<br \/>\n<b>17.19<\/b> Lesa l\u00f6gm\u00e1li\u00f0 2Kon 23.1-3 \u2013 \u00f3ttast Drottin 5M\u00f3s 4.10+ &#8211; halda 5M\u00f3s 5.1+<br \/>\n<b>17.20<\/b> V\u00edkja ekki fr\u00e1 5M\u00f3s 5.32+<\/div>\n","protected":false},"excerpt":{"rendered":"<p>1\u00de\u00fa skalt ekki f\u00f3rna Drottni Gu\u00f0i \u00fe\u00ednum nokkru \u00fev\u00ed nauti e\u00f0a sau\u00f0, sem l\u00fdti er \u00e1, einhver sl\u00e6mur galli, \u00fev\u00ed a\u00f0 \u00fea\u00f0 er andstyggilegt Drottni Gu\u00f0i \u00fe\u00ednum.2Ef hj\u00e1 \u00fe\u00e9r finnst, \u00ed einhverri af borgum \u00fe\u00ednum, \u00feeim er Drottinn Gu\u00f0 \u00feinn gefur \u00fe\u00e9r, ma\u00f0ur e\u00f0a kona, er gj\u00f6rir \u00fea\u00f0 sem illt er \u00ed augum Drottins Gu\u00f0s \u00fe\u00edns, me\u00f0 \u00fev\u00ed a\u00f0 rj\u00fafa s\u00e1ttm\u00e1la hans,3og fer og d\u00fdrkar a\u00f0ra gu\u00f0i og fellur fram fyrir \u00feeim, e\u00f0a fyrir s\u00f3linni e\u00f0a tunglinu e\u00f0a \u00f6llum himinsins her, er \u00e9g hefi eigi leyft,4og ver\u00f0i \u00fe\u00e9r sagt fr\u00e1 \u00feessu og \u00fe\u00fa heyrir \u00fea\u00f0, \u00fe\u00e1 skalt \u00fe\u00fa r\u00e6kilega rannsaka <a href=\"https:\/\/biblian.is\/1981\/fimmta-mosebok-17-kafli\/\"> [&#8230;]<\/a><\/p>\n","protected":false},"author":1,"featured_media":0,"parent":0,"menu_order":0,"comment_status":"open","ping_status":"open","template":"bibliukaflar.php","meta":{"footnotes":""},"class_list":["post-1516","page","type-page","status-publish","hentry"],"_links":{"self":[{"href":"https:\/\/biblian.is\/1981\/wp-json\/wp\/v2\/pages\/1516","targetHints":{"allow":["GET"]}}],"collection":[{"href":"https:\/\/biblian.is\/1981\/wp-json\/wp\/v2\/pages"}],"about":[{"href":"https:\/\/biblian.is\/1981\/wp-json\/wp\/v2\/types\/page"}],"author":[{"embeddable":true,"href":"https:\/\/biblian.is\/1981\/wp-json\/wp\/v2\/users\/1"}],"replies":[{"embeddable":true,"href":"https:\/\/biblian.is\/1981\/wp-json\/wp\/v2\/comments?post=1516"}],"version-history":[{"count":0,"href":"https:\/\/biblian.is\/1981\/wp-json\/wp\/v2\/pages\/1516\/revisions"}],"wp:attachment":[{"href":"https:\/\/biblian.is\/1981\/wp-json\/wp\/v2\/media?parent=1516"}],"curies":[{"name":"wp","href":"https:\/\/api.w.org\/{rel}","templated":true}]}}