{"id":1515,"date":"2017-11-18T20:17:37","date_gmt":"2017-11-18T20:17:37","guid":{"rendered":"http:\/\/biblian.is\/1981\/fimmta-mosebok-16-kafli\/"},"modified":"2021-06-07T13:46:56","modified_gmt":"2021-06-07T13:46:56","slug":"fimmta-mosebok-16-kafli","status":"publish","type":"page","link":"https:\/\/biblian.is\/1981\/fimmta-mosebok-16-kafli\/","title":{"rendered":"Fimmta M\u00f3seb\u00f3k 16. kafli"},"content":{"rendered":"<p><a name=\"1\"><span class=\"versanumer\">1<\/span><\/a>G\u00e6t \u00feess a\u00f0 halda Drottni Gu\u00f0i \u00fe\u00ednum p\u00e1ska \u00ed ab\u00edbm\u00e1nu\u00f0i, \u00fev\u00ed a\u00f0 \u00ed ab\u00edbm\u00e1nu\u00f0i leiddi Drottinn Gu\u00f0 \u00feinn \u00feig \u00e1 n\u00e1ttar\u00feeli \u00fat af Egyptalandi.<a name=\"2\"><span class=\"versanumer\">2<\/span><\/a>Og \u00fe\u00fa skalt sl\u00e1tra sau\u00f0um og nautum \u00ed p\u00e1skaf\u00f3rn til handa Drottni Gu\u00f0i \u00fe\u00ednum \u00e1 \u00feeim sta\u00f0, sem Drottinn velur til \u00feess a\u00f0 l\u00e1ta nafn sitt b\u00faa \u00fear.<a name=\"3\"><span class=\"versanumer\">3<\/span><\/a>&#8222;\u00de\u00fa m\u00e1tt ekki eta s\u00fdrt brau\u00f0 me\u00f0 \u00fev\u00ed; \u00ed sj\u00f6 daga skalt \u00fe\u00fa eta me\u00f0 \u00fev\u00ed \u00f3s\u00fdr\u00f0 brau\u00f0, ney\u00f0arbrau\u00f0 \u00fev\u00ed a\u00f0 \u00ed fl\u00fdti f\u00f3rst \u00fe\u00fa af Egyptalandi, til \u00feess a\u00f0 \u00fe\u00fa minnist brottfarardags \u00fe\u00edns af Egyptalandi alla \u00e6vi \u00fe\u00edna.&#8220;<a name=\"4\"><span class=\"versanumer\">4<\/span><\/a>Ekki m\u00e1 s\u00fardeig sj\u00e1st nokkurs sta\u00f0ar hj\u00e1 \u00fe\u00e9r innan \u00feinna landamerkja \u00ed sj\u00f6 daga, og ekkert af kj\u00f6ti \u00fev\u00ed, er \u00fe\u00fa f\u00f3rnar a\u00f0 kveldi fyrsta daginn, skal liggja n\u00e1ttlangt til morguns.<a name=\"5\"><span class=\"versanumer\">5<\/span><\/a>\u00de\u00fa m\u00e1tt eigi sl\u00e1tra p\u00e1skaf\u00f3rninni \u00ed einhverri af borgum \u00feeim, er Drottinn Gu\u00f0 \u00feinn gefur \u00fe\u00e9r,<a name=\"6\"><span class=\"versanumer\">6<\/span><\/a>heldur skalt \u00fe\u00fa sl\u00e1tra p\u00e1skaf\u00f3rninni \u00e1 \u00feeim sta\u00f0, sem Drottinn Gu\u00f0 \u00feinn velur til \u00feess a\u00f0 l\u00e1ta nafn sitt b\u00faa \u00fear, a\u00f0 kveldi um s\u00f3larlagsbil,<a name=\"7\"><span class=\"versanumer\">7<\/span><\/a>\u00ed \u00fea\u00f0 mund, er \u00fe\u00fa f\u00f3rst af Egyptalandi. Og \u00fe\u00fa skalt sj\u00f3\u00f0a \u00fea\u00f0 og eta \u00e1 \u00feeim sta\u00f0, sem Drottinn Gu\u00f0 \u00feinn velur, og morguninn eftir skalt \u00fe\u00fa sn\u00faa \u00e1 lei\u00f0 og halda heim til tjalda \u00feinna.<a name=\"8\"><span class=\"versanumer\">8<\/span><\/a>Sex daga skalt \u00fe\u00fa eta \u00f3s\u00fdr\u00f0 brau\u00f0, og sj\u00f6unda daginn skal vera h\u00e1t\u00ed\u00f0afundur til handa Drottni Gu\u00f0i \u00fe\u00ednum. \u00de\u00e1 skalt \u00fe\u00fa ekkert verk vinna.<a name=\"9\"><span class=\"versanumer\">9<\/span><\/a>Sj\u00f6 vikur skalt \u00fe\u00fa telja. Fr\u00e1 \u00feeim t\u00edma, er sig\u00f0in fyrst var borin a\u00f0 kornst\u00f6ngunum, skalt \u00fe\u00fa byrja a\u00f0 telja sj\u00f6 vikur.<a name=\"10\"><span class=\"versanumer\">10<\/span><\/a>\u00de\u00e1 skalt \u00fe\u00fa halda Drottni Gu\u00f0i \u00fe\u00ednum viknah\u00e1t\u00ed\u00f0ina me\u00f0 sj\u00e1lfviljagj\u00f6fum \u00feeim, er \u00fe\u00fa innir af hendi, eftir \u00fev\u00ed sem Drottinn Gu\u00f0 \u00feinn hefir blessa\u00f0 \u00feig.<a name=\"11\"><span class=\"versanumer\">11<\/span><\/a>Og \u00fe\u00fa skalt gle\u00f0jast frammi fyrir Drottni Gu\u00f0i \u00fe\u00ednum, \u00fe\u00fa og sonur \u00feinn og d\u00f3ttir \u00fe\u00edn, \u00fer\u00e6ll \u00feinn og amb\u00e1tt \u00fe\u00edn og lev\u00edtinn, sem er innan borgarhli\u00f0a \u00feinna, og \u00fatlendingurinn, muna\u00f0arleysinginn og ekkjan, sem me\u00f0 \u00fe\u00e9r eru, \u00e1 \u00feeim sta\u00f0, sem Drottinn Gu\u00f0 \u00feinn velur til \u00feess a\u00f0 l\u00e1ta nafn sitt b\u00faa \u00fear.<a name=\"12\"><span class=\"versanumer\">12<\/span><\/a>Og \u00fe\u00fa skalt minnast \u00feess, a\u00f0 \u00fe\u00fa varst \u00fer\u00e6ll \u00ed Egyptalandi, og \u00fe\u00fa skalt g\u00e6ta \u00feess a\u00f0 halda \u00feessi l\u00f6g.<a name=\"13\"><span class=\"versanumer\">13<\/span><\/a>Laufsk\u00e1lah\u00e1t\u00ed\u00f0ina skalt \u00fe\u00fa halda \u00ed sj\u00f6 daga, er \u00fe\u00fa alhir\u00f0ir af l\u00e1fa \u00fe\u00ednum og \u00far v\u00edn\u00fer\u00f6ng \u00feinni.<a name=\"14\"><span class=\"versanumer\">14<\/span><\/a>Og \u00fe\u00fa skalt gle\u00f0jast \u00e1 h\u00e1t\u00ed\u00f0 \u00feinni, \u00fe\u00fa og sonur \u00feinn og d\u00f3ttir \u00fe\u00edn, \u00fer\u00e6ll \u00feinn og amb\u00e1tt \u00fe\u00edn og lev\u00edtinn, \u00fatlendingurinn, muna\u00f0arleysinginn og ekkjan, sem eru innan borgarhli\u00f0a \u00feinna.<a name=\"15\"><span class=\"versanumer\">15<\/span><\/a>\u00cd sj\u00f6 daga skalt \u00fe\u00fa halda Drottni Gu\u00f0i \u00fe\u00ednum h\u00e1t\u00ed\u00f0 \u00e1 \u00feeim sta\u00f0, sem Drottinn velur, \u00fev\u00ed a\u00f0 Drottinn Gu\u00f0 \u00feinn mun l\u00e1ta \u00fe\u00e9r blessast allan jar\u00f0argr\u00f3\u00f0a \u00feinn og \u00f6ll handaverk \u00fe\u00edn. Fyrir \u00fev\u00ed skalt \u00fe\u00fa gle\u00f0jast mikillega.<a name=\"16\"><span class=\"versanumer\">16<\/span><\/a>\u00derem sinnum \u00e1 \u00e1ri skal allt \u00feitt karlkyn birtast frammi fyrir Drottni Gu\u00f0i \u00fe\u00ednum \u00e1 \u00feeim sta\u00f0, sem hann mun velja: \u00e1 h\u00e1t\u00ed\u00f0 hinna \u00f3s\u00fdr\u00f0u brau\u00f0a, \u00e1 viknah\u00e1t\u00ed\u00f0inni og \u00e1 laufsk\u00e1lah\u00e1t\u00ed\u00f0inni. Og fyrir Drottin skal enginn koma t\u00f3mhentur.<a name=\"17\"><span class=\"versanumer\">17<\/span><\/a>Hver og einn skal koma me\u00f0 \u00fea\u00f0, er hann getur l\u00e1ti\u00f0 af hendi rakna, eftir \u00feeirri blessun, sem Drottinn Gu\u00f0 \u00feinn hefir veitt \u00fe\u00e9r.<a name=\"18\"><span class=\"versanumer\">18<\/span><\/a>D\u00f3mendur og tilsj\u00f3narmenn skalt \u00fe\u00fa skipa \u00ed \u00f6llum borgum \u00fe\u00ednum, \u00feeim er Drottinn Gu\u00f0 \u00feinn gefur \u00fe\u00e9r, eftir \u00e6ttkv\u00edslum \u00fe\u00ednum, og \u00feeir skulu d\u00e6ma l\u00fd\u00f0inn r\u00e9ttl\u00e1tum d\u00f3mi.<a name=\"19\"><span class=\"versanumer\">19<\/span><\/a>\u00de\u00fa skalt eigi halla r\u00e9ttinum. \u00de\u00fa skalt eigi gj\u00f6ra \u00fe\u00e9r mannamun og eigi \u00feiggja m\u00fatu, \u00fev\u00ed a\u00f0 m\u00fatan blindar augu hinna vitru og umhverfir m\u00e1li hinna r\u00e9ttl\u00e1tu.<a name=\"20\"><span class=\"versanumer\">20<\/span><\/a>R\u00e9ttl\u00e6tinu einu skalt \u00fe\u00fa fram fylgja, til \u00feess a\u00f0 \u00fe\u00fa megir lifa og f\u00e1 til eignar landi\u00f0, sem Drottinn Gu\u00f0 \u00feinn gefur \u00fe\u00e9r.<a name=\"21\"><span class=\"versanumer\">21<\/span><\/a>\u00de\u00fa skalt ekki gr\u00f3\u00f0ursetja as\u00e9ru af neins konar tr\u00e9 hj\u00e1 altari Drottins Gu\u00f0s \u00fe\u00edns, \u00fev\u00ed er \u00fe\u00fa gj\u00f6rir \u00fe\u00e9r.<a name=\"22\"><span class=\"versanumer\">22<\/span><\/a>\u00de\u00fa skalt ekki reisa \u00fe\u00e9r neinn merkisstein, \u00feann er Drottinn Gu\u00f0 \u00feinn hatar.<\/p>\n<div class=\"footnote1981\"><b>16<\/b> St\u00f3rh\u00e1t\u00ed\u00f0irnar \u00ferj\u00e1r 5M\u00f3s 16.16; 2M\u00f3s 23.14-17; 34.23<br \/>\n<b>16.1<\/b> \u00dat af Egyptalandi 5M\u00f3s 5.6+ &#8211; p\u00e1skar 2M\u00f3s 12.1+ &#8211; \u00ed ab\u00edbm\u00e1nu\u00f0i 2M\u00f3s13.4<br \/>\n<b>16.2<\/b> Sta\u00f0ur 5M\u00f3s 12.5+<br \/>\n<b>16.3<\/b> \u00d3s\u00fdr\u00f0 brau\u00f0 2M\u00f3s 12.15+ &#8211; fara \u00ed fl\u00fdti 2M\u00f3s 12.34,39; Jes 52.12<br \/>\n<b>16.4<\/b> Ekki skilja kj\u00f6t eftir 2M\u00f3s 12.10<br \/>\n<b>16.6<\/b> P\u00e1skar \u00ed Jer\u00fasalem L\u00fak 2.41<br \/>\n<b>16.8<\/b> Ekkert verk 3M\u00f3s 23.8<br \/>\n<b>16.10<\/b> Viknah\u00e1t\u00ed\u00f0 2M\u00f3s 23.16+ &#8211; gjafir af f\u00fasum og frj\u00e1lsum vilja 3M\u00f3s 7.16+<br \/>\n<b>16.11<\/b> Gle\u00f0jast 5M\u00f3s 12.7+ &#8211; lev\u00edti 5M\u00f3s 10.18+<br \/>\n<b>16.12<\/b> \u00der\u00e6ll \u00ed Egyptalandi 5M\u00f3s 5.15+ &#8211; halda 5M\u00f3s 5.1+<br \/>\n<b>16.13<\/b> Laufsk\u00e1lah\u00e1t\u00ed\u00f0in 2M\u00f3s 23.16+<br \/>\n<b>16.16<\/b> T\u00f3mhentur 2M\u00f3s 34.20<br \/>\n<b>16.18<\/b> D\u00f3mendur 5M\u00f3s 1.9+<br \/>\n<b>16.19<\/b> Ekki halla r\u00e9ttinum 5M\u00f3s 24.17; 27.19 \u2013 ekki s\u00fdna hlutdr\u00e6gni 5M\u00f3s 1.17+ &#8211; eigi \u00feiggja m\u00fatu 2M\u00f3s 23.8; Okv 15.27+ ; S\u00edr 20.29; 35.14<br \/>\n<b>16.20<\/b> Halda bo\u00f0or\u00f0in og lifa 5M\u00f3s 4.1+<br \/>\n<b>16.21-22<\/b> Skur\u00f0go\u00f0ad\u00fdrkun sbr 5M\u00f3s 7.5; 12.2-3<\/div>\n","protected":false},"excerpt":{"rendered":"<p>1G\u00e6t \u00feess a\u00f0 halda Drottni Gu\u00f0i \u00fe\u00ednum p\u00e1ska \u00ed ab\u00edbm\u00e1nu\u00f0i, \u00fev\u00ed a\u00f0 \u00ed ab\u00edbm\u00e1nu\u00f0i leiddi Drottinn Gu\u00f0 \u00feinn \u00feig \u00e1 n\u00e1ttar\u00feeli \u00fat af Egyptalandi.2Og \u00fe\u00fa skalt sl\u00e1tra sau\u00f0um og nautum \u00ed p\u00e1skaf\u00f3rn til handa Drottni Gu\u00f0i \u00fe\u00ednum \u00e1 \u00feeim sta\u00f0, sem Drottinn velur til \u00feess a\u00f0 l\u00e1ta nafn sitt b\u00faa \u00fear.3&#8222;\u00de\u00fa m\u00e1tt ekki eta s\u00fdrt brau\u00f0 me\u00f0 \u00fev\u00ed; \u00ed sj\u00f6 daga skalt \u00fe\u00fa eta me\u00f0 \u00fev\u00ed \u00f3s\u00fdr\u00f0 brau\u00f0, ney\u00f0arbrau\u00f0 \u00fev\u00ed a\u00f0 \u00ed fl\u00fdti f\u00f3rst \u00fe\u00fa af Egyptalandi, til \u00feess a\u00f0 \u00fe\u00fa minnist brottfarardags \u00fe\u00edns af Egyptalandi alla \u00e6vi \u00fe\u00edna.&#8220;4Ekki m\u00e1 s\u00fardeig sj\u00e1st nokkurs sta\u00f0ar hj\u00e1 \u00fe\u00e9r innan \u00feinna landamerkja \u00ed <a href=\"https:\/\/biblian.is\/1981\/fimmta-mosebok-16-kafli\/\"> [&#8230;]<\/a><\/p>\n","protected":false},"author":1,"featured_media":0,"parent":0,"menu_order":0,"comment_status":"open","ping_status":"open","template":"bibliukaflar.php","meta":{"footnotes":""},"class_list":["post-1515","page","type-page","status-publish","hentry"],"_links":{"self":[{"href":"https:\/\/biblian.is\/1981\/wp-json\/wp\/v2\/pages\/1515","targetHints":{"allow":["GET"]}}],"collection":[{"href":"https:\/\/biblian.is\/1981\/wp-json\/wp\/v2\/pages"}],"about":[{"href":"https:\/\/biblian.is\/1981\/wp-json\/wp\/v2\/types\/page"}],"author":[{"embeddable":true,"href":"https:\/\/biblian.is\/1981\/wp-json\/wp\/v2\/users\/1"}],"replies":[{"embeddable":true,"href":"https:\/\/biblian.is\/1981\/wp-json\/wp\/v2\/comments?post=1515"}],"version-history":[{"count":0,"href":"https:\/\/biblian.is\/1981\/wp-json\/wp\/v2\/pages\/1515\/revisions"}],"wp:attachment":[{"href":"https:\/\/biblian.is\/1981\/wp-json\/wp\/v2\/media?parent=1515"}],"curies":[{"name":"wp","href":"https:\/\/api.w.org\/{rel}","templated":true}]}}