{"id":1514,"date":"2017-11-18T20:17:37","date_gmt":"2017-11-18T20:17:37","guid":{"rendered":"http:\/\/biblian.is\/1981\/fimmta-mosebok-15-kafli\/"},"modified":"2021-06-07T13:40:51","modified_gmt":"2021-06-07T13:40:51","slug":"fimmta-mosebok-15-kafli","status":"publish","type":"page","link":"https:\/\/biblian.is\/1981\/fimmta-mosebok-15-kafli\/","title":{"rendered":"Fimmta M\u00f3seb\u00f3k 15. kafli"},"content":{"rendered":"<p><a name=\"1\"><span class=\"versanumer\">1<\/span><\/a>Sj\u00f6unda hvert \u00e1r skalt \u00fe\u00fa veita uml\u00ed\u00f0un skulda.<a name=\"2\"><span class=\"versanumer\">2<\/span><\/a>En \u00feeirri uml\u00ed\u00f0un er svo fari\u00f0: S\u00e9rhver l\u00e1nardrottinn skal veita uml\u00ed\u00f0un \u00e1 \u00fev\u00ed, sem hann hefir l\u00e1na\u00f0 n\u00e1unga s\u00ednum. Hann skal eigi ganga hart a\u00f0 n\u00e1unga s\u00ednum og br\u00f3\u00f0ur, \u00fev\u00ed a\u00f0 uml\u00ed\u00f0un hefir bo\u00f0u\u00f0 veri\u00f0 Drottni til d\u00fdr\u00f0ar.<a name=\"3\"><span class=\"versanumer\">3<\/span><\/a>A\u00f0 \u00fatlendum manni m\u00e1tt \u00fe\u00fa ganga hart, en \u00fea\u00f0, sem \u00fe\u00fa \u00e1tt hj\u00e1 br\u00f3\u00f0ur \u00fe\u00ednum, skalt \u00fe\u00fa l\u00ed\u00f0a hann um.<a name=\"4\"><span class=\"versanumer\">4<\/span><\/a>Reyndar mun enginn f\u00e1t\u00e6kur hj\u00e1 \u00fe\u00e9r vera, \u00fev\u00ed a\u00f0 Drottinn mun blessa \u00feig r\u00edkulega \u00ed landi \u00fev\u00ed, sem Drottinn Gu\u00f0 \u00feinn gefur \u00fe\u00e9r sem arf til eignar,<a name=\"5\"><span class=\"versanumer\">5<\/span><\/a>ef \u00fe\u00fa a\u00f0eins hl\u00fd\u00f0ir kostg\u00e6filega raustu Drottins Gu\u00f0s \u00fe\u00edns me\u00f0 \u00fev\u00ed a\u00f0 g\u00e6ta \u00feess a\u00f0 halda allar \u00feessar skipanir, sem \u00e9g legg fyrir \u00feig \u00ed dag.<a name=\"6\"><span class=\"versanumer\">6<\/span><\/a>\u00dev\u00ed a\u00f0 Drottinn Gu\u00f0 \u00feinn hefir blessa\u00f0 \u00feig, eins og hann hefir heiti\u00f0 \u00fe\u00e9r, svo a\u00f0 \u00fe\u00fa munt l\u00e1na m\u00f6rgum \u00fej\u00f3\u00f0um, en sj\u00e1lfur eigi \u00feurfa a\u00f0 taka l\u00e1n, og \u00fe\u00fa munt drottna yfir m\u00f6rgum \u00fej\u00f3\u00f0um, en \u00fe\u00e6r munu eigi drottna yfir \u00fe\u00e9r.<a name=\"7\"><span class=\"versanumer\">7<\/span><\/a>Ef me\u00f0 \u00fe\u00e9r er f\u00e1t\u00e6kur ma\u00f0ur, einhver af br\u00e6\u00f0rum \u00fe\u00ednum, \u00ed einhverri af borgum \u00fe\u00ednum \u00ed landi \u00fe\u00ednu, \u00fev\u00ed er Drottinn Gu\u00f0 \u00feinn gefur \u00fe\u00e9r, \u00fe\u00e1 skalt \u00fe\u00fa ekki her\u00f0a hjarta \u00feitt og eigi afturlykja hendi \u00feinni fyrir f\u00e1t\u00e6kum br\u00f3\u00f0ur \u00fe\u00ednum,<a name=\"8\"><span class=\"versanumer\">8<\/span><\/a>heldur skalt \u00fe\u00fa upp lj\u00faka hendi \u00feinni fyrir honum og l\u00e1na honum f\u00faslega \u00fea\u00f0, er n\u00e6gi til a\u00f0 b\u00e6ta \u00far skorti hans.<a name=\"9\"><span class=\"versanumer\">9<\/span><\/a>G\u00e6t \u00fe\u00edn, a\u00f0 eigi komi s\u00fa \u00f3drengskaparhugsun upp \u00ed hjarta \u00fe\u00ednu: Sj\u00f6unda \u00e1ri\u00f0, uml\u00ed\u00f0unar\u00e1ri\u00f0, er fyrir hendi! og a\u00f0 \u00fe\u00fa l\u00edtir eigi f\u00e1t\u00e6kan br\u00f3\u00f0ur \u00feinn \u00f3bl\u00ed\u00f0u auga og gefir honum ekkert, svo a\u00f0 hann hr\u00f3pi til Drottins yfir \u00fe\u00e9r, og \u00fea\u00f0 ver\u00f0i \u00fe\u00e9r til syndar.<a name=\"10\"><span class=\"versanumer\">10<\/span><\/a>Miklu fremur skalt \u00fe\u00fa gefa honum og eigi gj\u00f6ra \u00fea\u00f0 me\u00f0 illu ge\u00f0i, \u00fev\u00ed a\u00f0 fyrir \u00fea\u00f0 mun Drottinn Gu\u00f0 \u00feinn blessa \u00feig \u00ed \u00f6llu verki \u00fe\u00ednu og \u00ed \u00f6llu, sem \u00fe\u00fa tekur \u00fe\u00e9r fyrir hendur,<a name=\"11\"><span class=\"versanumer\">11<\/span><\/a>\u00fev\u00ed a\u00f0 aldrei mun f\u00e1t\u00e6kra vant ver\u00f0a \u00ed landinu. Fyrir \u00fev\u00ed b\u00fd\u00f0 \u00e9g \u00fe\u00e9r og segi: \u00de\u00fa skalt f\u00faslega upp lj\u00faka hendi \u00feinni fyrir br\u00f3\u00f0ur \u00fe\u00ednum, fyrir \u00feurfamanninum og hinum f\u00e1t\u00e6ka \u00ed landi \u00fe\u00ednu.<a name=\"12\"><span class=\"versanumer\">12<\/span><\/a>Ef br\u00f3\u00f0ir \u00feinn, hebreskur ma\u00f0ur e\u00f0a hebresk kona, selur sig \u00fe\u00e9r, \u00fe\u00e1 skal hann \u00fej\u00f3na \u00fe\u00e9r \u00ed sex \u00e1r, en sj\u00f6unda \u00e1ri\u00f0 skalt \u00fe\u00fa l\u00e1ta hann lausan fr\u00e1 \u00fe\u00e9r fara.<a name=\"13\"><span class=\"versanumer\">13<\/span><\/a>Og \u00feegar \u00fe\u00fa l\u00e6tur hann lausan fr\u00e1 \u00fe\u00e9r fara, \u00fe\u00e1 skalt \u00fe\u00fa ekki l\u00e1ta hann fara t\u00f3mhentan.<a name=\"14\"><span class=\"versanumer\">14<\/span><\/a>\u00de\u00fa skalt gj\u00f6ra hann vel \u00far gar\u00f0i og gefa honum af hj\u00f6r\u00f0 \u00feinni, \u00far l\u00e1fa \u00fe\u00ednum og v\u00edn\u00fer\u00f6ng \u00feinni, \u00fe\u00fa skalt gefa honum af \u00fev\u00ed, sem Drottinn Gu\u00f0 \u00feinn hefir blessa\u00f0 \u00feig me\u00f0.<a name=\"15\"><span class=\"versanumer\">15<\/span><\/a>Og \u00fe\u00fa skalt minnast \u00feess, a\u00f0 \u00fe\u00fa varst \u00fer\u00e6ll \u00ed Egyptalandi og a\u00f0 Drottinn Gu\u00f0 \u00feinn leysti \u00feig. Fyrir \u00fev\u00ed legg \u00e9g \u00feetta fyrir \u00feig \u00ed dag.<a name=\"16\"><span class=\"versanumer\">16<\/span><\/a>En segi hann vi\u00f0 \u00feig: \u00c9g vil ekki fara fr\u00e1 \u00fe\u00e9r, af \u00fev\u00ed a\u00f0 honum er or\u00f0i\u00f0 vel vi\u00f0 \u00feig og skylduli\u00f0 \u00feitt, me\u00f0 \u00fev\u00ed a\u00f0 honum l\u00ed\u00f0ur vel hj\u00e1 \u00fe\u00e9r,<a name=\"17\"><span class=\"versanumer\">17<\/span><\/a>\u00fe\u00e1 skalt \u00fe\u00fa taka al og stinga \u00ed gegnum eyra honum inn \u00ed hur\u00f0ina, og skal hann s\u00ed\u00f0an vera \u00fer\u00e6ll \u00feinn \u00e6vinlega. \u00c1 s\u00f6mu lei\u00f0 skalt \u00fe\u00fa og fara me\u00f0 amb\u00e1tt \u00fe\u00edna.<a name=\"18\"><span class=\"versanumer\">18<\/span><\/a>L\u00e1t \u00fe\u00e9r eigi fallast um \u00fea\u00f0, \u00fe\u00f3tt \u00fe\u00fa eigir a\u00f0 l\u00e1ta hann lausan fr\u00e1 \u00fe\u00e9r fara, \u00fev\u00ed a\u00f0 \u00ed sex \u00e1r hefir hann unni\u00f0 \u00fe\u00e9r tv\u00f6falt, mi\u00f0a\u00f0 vi\u00f0 kaup kaupamanns. Og Drottinn Gu\u00f0 \u00feinn mun blessa \u00feig \u00ed \u00f6llu, sem \u00fe\u00fa gj\u00f6rir.<a name=\"19\"><span class=\"versanumer\">19<\/span><\/a>Alla frumbur\u00f0i karlkyns, sem f\u00e6\u00f0ast \u00e1 me\u00f0al nautgripa \u00feinna og sau\u00f0fj\u00e1r \u00fe\u00edns, skalt \u00fe\u00fa helga Drottni Gu\u00f0i \u00fe\u00ednum. Frumbur\u00f0i nauta \u00feinna skalt \u00fe\u00fa ekki hafa til vinnu n\u00e9 klippa frumbur\u00f0i sau\u00f0fj\u00e1r \u00fe\u00edns.<a name=\"20\"><span class=\"versanumer\">20<\/span><\/a>Frammi fyrir augliti Drottins Gu\u00f0s \u00fe\u00edns skalt \u00fe\u00fa eta \u00fe\u00e1 \u00e1 \u00e1ri hverju \u00e1 \u00feeim sta\u00f0, sem Drottinn velur, \u00e1samt skylduli\u00f0i \u00fe\u00ednu.<a name=\"21\"><span class=\"versanumer\">21<\/span><\/a>En ef einhver l\u00fdti eru \u00e1 \u00feeim, ef \u00feeir eru haltir e\u00f0a blindir e\u00f0a hafa einhvern annan sl\u00e6man galla, \u00fe\u00e1 skalt \u00fe\u00fa eigi f\u00f3rna \u00feeim Drottni Gu\u00f0i \u00fe\u00ednum.<a name=\"22\"><span class=\"versanumer\">22<\/span><\/a>Innan borgarhli\u00f0a \u00feinna skalt \u00fe\u00fa eta \u00fe\u00e1, og \u00fea\u00f0 jafnt \u00f3hreinn sem hreinn, sem v\u00e6ri \u00fea\u00f0 sk\u00f3gargeit e\u00f0a hj\u00f6rtur.<a name=\"23\"><span class=\"versanumer\">23<\/span><\/a>&#8222;Bl\u00f3\u00f0sins eins skalt \u00fe\u00fa ekki neyta; \u00fe\u00fa skalt hella \u00fev\u00ed \u00e1 j\u00f6r\u00f0ina sem vatni.&#8220;<\/p>\n<div class=\"footnote1981\"><b>15.1<\/b> Hv\u00edldar\u00e1r 3M\u00f3s 25.1+<br \/>\n<b>15.2<\/b> L\u00e1n 5M\u00f3s 15.6-11; 2M\u00f3s 22.25+ ; Slm 37.26; S\u00edr 29.1-7<br \/>\n<b>15.3<\/b> Br\u00f3\u00f0ir \u00feinn 5M\u00f3s 23.20<br \/>\n<b>15.4<\/b> Landi\u00f0 er arfur 5M\u00f3s 3.20+<br \/>\n<b>15.5<\/b> Hl\u00fd\u00f0a Drottni 5M\u00f3s 4.30+ &#8211; g\u00e6ta \u00feess a\u00f0 halda 5M\u00f3s 5.1+ &#8211; \u00e1kv\u00e6\u00f0i 5M\u00f3s 4.2+ ; 5.31+<br \/>\n<b>15.6<\/b> L\u00e1n gegn ve\u00f0i 5M\u00f3s 24.6; 2M\u00f3s 22.26+<br \/>\n<b>15.7<\/b> Loka hendi me\u00f0 har\u00f0\u00fd\u00f0gi 1J\u00f3h 3.17+<br \/>\n<b>15.8<\/b> Lj\u00faka upp hendi sinni S\u00edr 3.30-4.10<br \/>\n<b>15.9<\/b> \u00c1kalla Drottin &#8230; S\u00edr 4.5-6<br \/>\n<b>15.11<\/b> F\u00e1t\u00e6kir Mrk 14.7 og hlst.<br \/>\n<b>15.12<\/b> Hebreskir \u00fej\u00f3nar 2M\u00f3s 21.2+ ; Jer 34.8-16 \u2013 l\u00e1ta frj\u00e1lsan \u00fer\u00e6linn J\u00f3h 8.35+<br \/>\n<b>15.15<\/b> \u00der\u00e6ll \u00ed Egyptalandi 5M\u00f3s 5.15+ &#8211; Gu\u00f0 frelsa\u00f0i \u00cdsrael 5M\u00f3s 7.8+<br \/>\n<b>15.16-17<\/b> Hafnar frelsinu 2M\u00f3s 21.5-6<br \/>\n<b>15.19<\/b> Frumbur\u00f0ir helga\u00f0ir Dottni 2M\u00f3s 13.1+<br \/>\n<b>15.20<\/b> Eta frammi fyrir Drottni 5M\u00f3s 12.7+ &#8211; sta\u00f0ur, sem Gu\u00f0 velur 5M\u00f3s 12.5+<br \/>\n<b>15.21<\/b> D\u00fdr me\u00f0 l\u00fdti 3M\u00f3s 22.20+<br \/>\n<b>15.22<\/b> Eta kj\u00f6t 5M\u00f3s 12.15-16<br \/>\n<b>15.23<\/b> Ekki neyta bl\u00f3\u00f0s 5M\u00f3s 12.16+<\/div>\n","protected":false},"excerpt":{"rendered":"<p>1Sj\u00f6unda hvert \u00e1r skalt \u00fe\u00fa veita uml\u00ed\u00f0un skulda.2En \u00feeirri uml\u00ed\u00f0un er svo fari\u00f0: S\u00e9rhver l\u00e1nardrottinn skal veita uml\u00ed\u00f0un \u00e1 \u00fev\u00ed, sem hann hefir l\u00e1na\u00f0 n\u00e1unga s\u00ednum. Hann skal eigi ganga hart a\u00f0 n\u00e1unga s\u00ednum og br\u00f3\u00f0ur, \u00fev\u00ed a\u00f0 uml\u00ed\u00f0un hefir bo\u00f0u\u00f0 veri\u00f0 Drottni til d\u00fdr\u00f0ar.3A\u00f0 \u00fatlendum manni m\u00e1tt \u00fe\u00fa ganga hart, en \u00fea\u00f0, sem \u00fe\u00fa \u00e1tt hj\u00e1 br\u00f3\u00f0ur \u00fe\u00ednum, skalt \u00fe\u00fa l\u00ed\u00f0a hann um.4Reyndar mun enginn f\u00e1t\u00e6kur hj\u00e1 \u00fe\u00e9r vera, \u00fev\u00ed a\u00f0 Drottinn mun blessa \u00feig r\u00edkulega \u00ed landi \u00fev\u00ed, sem Drottinn Gu\u00f0 \u00feinn gefur \u00fe\u00e9r sem arf til eignar,5ef \u00fe\u00fa a\u00f0eins hl\u00fd\u00f0ir kostg\u00e6filega raustu Drottins Gu\u00f0s \u00fe\u00edns me\u00f0 \u00fev\u00ed <a href=\"https:\/\/biblian.is\/1981\/fimmta-mosebok-15-kafli\/\"> [&#8230;]<\/a><\/p>\n","protected":false},"author":1,"featured_media":0,"parent":0,"menu_order":0,"comment_status":"open","ping_status":"open","template":"bibliukaflar.php","meta":{"footnotes":""},"class_list":["post-1514","page","type-page","status-publish","hentry"],"_links":{"self":[{"href":"https:\/\/biblian.is\/1981\/wp-json\/wp\/v2\/pages\/1514","targetHints":{"allow":["GET"]}}],"collection":[{"href":"https:\/\/biblian.is\/1981\/wp-json\/wp\/v2\/pages"}],"about":[{"href":"https:\/\/biblian.is\/1981\/wp-json\/wp\/v2\/types\/page"}],"author":[{"embeddable":true,"href":"https:\/\/biblian.is\/1981\/wp-json\/wp\/v2\/users\/1"}],"replies":[{"embeddable":true,"href":"https:\/\/biblian.is\/1981\/wp-json\/wp\/v2\/comments?post=1514"}],"version-history":[{"count":0,"href":"https:\/\/biblian.is\/1981\/wp-json\/wp\/v2\/pages\/1514\/revisions"}],"wp:attachment":[{"href":"https:\/\/biblian.is\/1981\/wp-json\/wp\/v2\/media?parent=1514"}],"curies":[{"name":"wp","href":"https:\/\/api.w.org\/{rel}","templated":true}]}}