{"id":1513,"date":"2017-11-18T20:17:37","date_gmt":"2017-11-18T20:17:37","guid":{"rendered":"http:\/\/biblian.is\/1981\/fimmta-mosebok-14-kafli\/"},"modified":"2021-06-06T10:51:10","modified_gmt":"2021-06-06T10:51:10","slug":"fimmta-mosebok-14-kafli","status":"publish","type":"page","link":"https:\/\/biblian.is\/1981\/fimmta-mosebok-14-kafli\/","title":{"rendered":"Fimmta M\u00f3seb\u00f3k 14. kafli"},"content":{"rendered":"<p><a name=\"1\"><span class=\"versanumer\">1<\/span><\/a>\u00de\u00e9r eru\u00f0 b\u00f6rn Drottins, Gu\u00f0s y\u00f0ar. \u00de\u00e9r skulu\u00f0 eigi rista skinnsprettur \u00e1 y\u00f0ur n\u00e9 raka y\u00f0ur kr\u00fanu eftir framli\u00f0inn mann.<a name=\"2\"><span class=\"versanumer\">2<\/span><\/a>\u00dev\u00ed a\u00f0 \u00fe\u00fa ert Drottni Gu\u00f0i \u00fe\u00ednum helga\u00f0ur l\u00fd\u00f0ur, og \u00feig hefir Drottinn kj\u00f6ri\u00f0 til a\u00f0 vera eignarl\u00fd\u00f0ur hans umfram allar \u00fej\u00f3\u00f0ir, sem \u00e1 j\u00f6r\u00f0inni eru.<a name=\"3\"><span class=\"versanumer\">3<\/span><\/a>\u00de\u00fa skalt ekki eta neitt vi\u00f0bj\u00f3\u00f0slegt.<a name=\"4\"><span class=\"versanumer\">4<\/span><\/a>\u00deessi eru \u00feau ferf\u00e6tt d\u00fdr, sem \u00fe\u00e9r megi\u00f0 eta: naut, sau\u00f0f\u00e9 og geitf\u00e9,<a name=\"5\"><span class=\"versanumer\">5<\/span><\/a>hirtir, sk\u00f3gargeitur, d\u00e1hirtir, steingeitur, fjallageitur, ant\u00edl\u00f3pur og gemsur.<a name=\"6\"><span class=\"versanumer\">6<\/span><\/a>\u00d6ll ferf\u00e6tt d\u00fdr, sem hafa klaufir, og \u00fe\u00e6r alklofnar, og j\u00f3rtra, megi\u00f0 \u00fe\u00e9r eta.<a name=\"7\"><span class=\"versanumer\">7<\/span><\/a>&#8222;Af \u00feeim sem j\u00f3rtra, og af \u00feeim sem alklofnar klaufir hafa, megi\u00f0 \u00fe\u00e9r \u00fe\u00f3 ekki \u00feessi eta: \u00dalfaldann, h\u00e9rann og st\u00f6kkh\u00e9rann, \u00fev\u00ed a\u00f0 \u00feeir j\u00f3rtra a\u00f0 s\u00f6nnu, en hafa eigi klaufir; \u00feeir s\u00e9u y\u00f0ur \u00f3hreinir,&#8220;<a name=\"8\"><span class=\"versanumer\">8<\/span><\/a>&#8222;og sv\u00edni\u00f0, \u00fev\u00ed a\u00f0 \u00fea\u00f0 hefir a\u00f0 s\u00f6nnu klaufir, en j\u00f3rtrar ekki; \u00fea\u00f0 s\u00e9 y\u00f0ur \u00f3hreint. Kj\u00f6t \u00feeirra skulu\u00f0 \u00fe\u00e9r ekki eta, og hr\u00e6 \u00feeirra skulu\u00f0 \u00fe\u00e9r ekki snerta.&#8220;<a name=\"9\"><span class=\"versanumer\">9<\/span><\/a>Af lagard\u00fdrunum megi\u00f0 \u00fe\u00e9r eta \u00feessi: \u00d6ll \u00feau, sem hafa sundugga og hreistur, megi\u00f0 \u00fe\u00e9r eta,<a name=\"10\"><span class=\"versanumer\">10<\/span><\/a>&#8222;en \u00f6ll \u00feau, sem ekki hafa sundugga og hreistur, megi\u00f0 \u00fe\u00e9r ekki eta; \u00feau s\u00e9u y\u00f0ur \u00f3hrein.&#8220;<a name=\"11\"><span class=\"versanumer\">11<\/span><\/a>Alla hreina fugla megi\u00f0 \u00fe\u00e9r eta,<a name=\"12\"><span class=\"versanumer\">12<\/span><\/a>en \u00feessa megi\u00f0 \u00fe\u00e9r ekki eta: \u00f6rninn, skegggamminn og gamminn,<a name=\"13\"><span class=\"versanumer\">13<\/span><\/a>gle\u00f0una og f\u00e1lkakyni\u00f0,<a name=\"14\"><span class=\"versanumer\">14<\/span><\/a>allt hrafnakyni\u00f0,<a name=\"15\"><span class=\"versanumer\">15<\/span><\/a>str\u00fatinn, sv\u00f6luna, m\u00e1vinn og haukakyni\u00f0,<a name=\"16\"><span class=\"versanumer\">16<\/span><\/a>ugluna, n\u00e1ttugluna og hornugluna,<a name=\"17\"><span class=\"versanumer\">17<\/span><\/a>pel\u00edkanann, hr\u00e6gamminn og s\u00faluna,<a name=\"18\"><span class=\"versanumer\">18<\/span><\/a>storkinn og l\u00f3ukyni\u00f0, herfuglinn og le\u00f0urbl\u00f6kuna.<a name=\"19\"><span class=\"versanumer\">19<\/span><\/a>&#8222;\u00d6ll fleyg skri\u00f0kvikindi s\u00e9u y\u00f0ur \u00f3hrein; \u00feau m\u00e1 eigi eta.&#8220;<a name=\"20\"><span class=\"versanumer\">20<\/span><\/a>\u00d6ll hrein flugd\u00fdr megi\u00f0 \u00fe\u00e9r eta.<a name=\"21\"><span class=\"versanumer\">21<\/span><\/a>\u00de\u00e9r skulu\u00f0 ekki eta neitt sj\u00e1lfdautt. \u00datlendum manni, sem er innan borgarhli\u00f0a \u00feinna, m\u00e1tt \u00fe\u00fa gefa \u00fea\u00f0 til a\u00f0 eta, e\u00f0a selja \u00fea\u00f0 a\u00f0komnum manni, \u00fev\u00ed a\u00f0 \u00fe\u00fa ert Drottni Gu\u00f0i \u00fe\u00ednum helga\u00f0ur l\u00fd\u00f0ur. \u00de\u00fa skalt ekki sj\u00f3\u00f0a ki\u00f0 \u00ed mj\u00f3lk m\u00f3\u00f0ur \u00feinnar.<a name=\"22\"><span class=\"versanumer\">22<\/span><\/a>\u00de\u00fa skalt t\u00edunda vandlega allan \u00e1v\u00f6xt af \u00fats\u00e6\u00f0i \u00fe\u00ednu, allt \u00fea\u00f0 er vex \u00e1 m\u00f6rkinni, \u00e1 \u00e1ri hverju,<a name=\"23\"><span class=\"versanumer\">23<\/span><\/a>og \u00fe\u00fa skalt eta frammi fyrir Drottni Gu\u00f0i \u00fe\u00ednum \u00e1 \u00feeim sta\u00f0, sem hann velur til \u00feess a\u00f0 l\u00e1ta nafn sitt b\u00faa \u00fear, t\u00edundina af korni \u00fe\u00ednu, aldinlegi \u00fe\u00ednum og ol\u00edu \u00feinni og frumbur\u00f0i nautgripa \u00feinna og sau\u00f0f\u00e9na\u00f0ar, svo a\u00f0 \u00fe\u00fa l\u00e6rir a\u00f0 \u00f3ttast Drottin Gu\u00f0 \u00feinn alla daga.<a name=\"24\"><span class=\"versanumer\">24<\/span><\/a>Og s\u00e9 vegurinn of langur fyrir \u00feig og getir \u00fe\u00fa eigi bori\u00f0 \u00fea\u00f0, af \u00fev\u00ed a\u00f0 sta\u00f0urinn, sem Drottinn Gu\u00f0 \u00feinn velur til \u00feess a\u00f0 l\u00e1ta nafn sitt b\u00faa \u00fear, er langt \u00ed burtu fr\u00e1 \u00fe\u00e9r, \u00feegar Drottinn Gu\u00f0 \u00feinn hefir blessa\u00f0 \u00feig,<a name=\"25\"><span class=\"versanumer\">25<\/span><\/a>\u00fe\u00e1 skalt \u00fe\u00fa koma \u00fev\u00ed \u00ed peninga, taka silfri\u00f0 me\u00f0 \u00fe\u00e9r og geyma \u00feess vel og fara til \u00feess sta\u00f0ar, er Drottinn Gu\u00f0 \u00feinn velur.<a name=\"26\"><span class=\"versanumer\">26<\/span><\/a>Og fyrir silfri\u00f0 skalt \u00fe\u00fa kaupa hva\u00f0 sem \u00feig lystir, nautgripi, sau\u00f0f\u00e9, v\u00edn, \u00e1fengan drykk e\u00f0a hva\u00f0 anna\u00f0, sem \u00feig langar \u00ed, og \u00fe\u00fa skalt neyta \u00feess \u00fear frammi fyrir Drottni Gu\u00f0i \u00fe\u00ednum og gle\u00f0ja \u00feig \u00e1samt fj\u00f6lskyldu \u00feinni.<a name=\"27\"><span class=\"versanumer\">27<\/span><\/a>Og lev\u00edtana, sem eru innan borgarhli\u00f0a \u00feinna, skalt \u00fe\u00fa ekki setja hj\u00e1, \u00fev\u00ed a\u00f0 \u00feeir hafa ekki hlut n\u00e9 \u00f3\u00f0al me\u00f0 \u00fe\u00e9r.<a name=\"28\"><span class=\"versanumer\">28<\/span><\/a>\u00deri\u00f0ja hvert \u00e1r skalt \u00fe\u00fa f\u00e6ra \u00fat alla t\u00edund af \u00e1vexti \u00fe\u00ednum \u00fea\u00f0 \u00e1ri\u00f0 og leggja hana ni\u00f0ur innan borgarhli\u00f0a \u00feinna,<a name=\"29\"><span class=\"versanumer\">29<\/span><\/a>svo a\u00f0 lev\u00edtar, \u00fev\u00ed a\u00f0 \u00feeir hafa ekki hlut n\u00e9 \u00f3\u00f0al me\u00f0 \u00fe\u00e9r, \u00fatlendingar, muna\u00f0arleysingjar og ekkjur \u00fe\u00e6r, sem eru innan borgarhli\u00f0a \u00feinna, megi koma og eta sig mett, til \u00feess a\u00f0 Drottinn Gu\u00f0 \u00feinn blessi \u00feig \u00ed \u00f6llu \u00fev\u00ed, er \u00fe\u00fa tekur \u00fe\u00e9r fyrir hendur a\u00f0 gj\u00f6ra.<\/p>\n<div class=\"footnote1981\"><b>14.1<\/b> \u00cdsrael barn Gu\u00f0s 5M\u00f3s 1.31+ &#8211; skera h\u00e1r e\u00f0a skegg 3M\u00f3s 19.27+<br \/>\n<b>14.2<\/b> Helgu\u00f0 \u00fej\u00f3\u00f0, eignarl\u00fd\u00f0ur Gu\u00f0s 5M\u00f3s 7.6+<br \/>\n<b>14.4-20<\/b> Hrein d\u00fdr og \u00f3hrein 3M\u00f3s 11.1-16<br \/>\n<b>14.21<\/b> Eta sj\u00e1lfdautt 3M\u00f3s 17.15+ &#8211; helgu\u00f0 \u00fej\u00f3\u00f0 5M\u00f3s 7.6+ &#8211; ki\u00f0 2M\u00f3s 23.19; 34.26<br \/>\n<b>14.22<\/b> T\u00edund 5M\u00f3s 26.12-15; 3M\u00f3s 27.30-33; 4M\u00f3s 18.21-32; T\u00f3b 1.6-8; S\u00edr 35.11<br \/>\n<b>14.23<\/b> Eta frammi fyrir Drottni 5M\u00f3s 12.7+ &#8211; \u00f3ttast Drottin 5M\u00f3s 4.10+ &#8211; Gu\u00f0 velur 5M\u00f3s 12.5<br \/>\n<b>14.26<\/b> Gle\u00f0ja \u00feig 5M\u00f3s 12.7+<br \/>\n<b>14.27<\/b> Umhyggja fyrir lev\u00edtum 5M\u00f3s 12.19; sbr 26.12<br \/>\n<b>14.29<\/b> Ekkert land 4M\u00f3s 18.20+ &#8211; Lev\u00edtar &#8230; 5M\u00f3s 10.8+ &#8211; a\u00f0 Gu\u00f0 blessi \u00feig S\u00edr 7.32<\/div>\n","protected":false},"excerpt":{"rendered":"<p>1\u00de\u00e9r eru\u00f0 b\u00f6rn Drottins, Gu\u00f0s y\u00f0ar. \u00de\u00e9r skulu\u00f0 eigi rista skinnsprettur \u00e1 y\u00f0ur n\u00e9 raka y\u00f0ur kr\u00fanu eftir framli\u00f0inn mann.2\u00dev\u00ed a\u00f0 \u00fe\u00fa ert Drottni Gu\u00f0i \u00fe\u00ednum helga\u00f0ur l\u00fd\u00f0ur, og \u00feig hefir Drottinn kj\u00f6ri\u00f0 til a\u00f0 vera eignarl\u00fd\u00f0ur hans umfram allar \u00fej\u00f3\u00f0ir, sem \u00e1 j\u00f6r\u00f0inni eru.3\u00de\u00fa skalt ekki eta neitt vi\u00f0bj\u00f3\u00f0slegt.4\u00deessi eru \u00feau ferf\u00e6tt d\u00fdr, sem \u00fe\u00e9r megi\u00f0 eta: naut, sau\u00f0f\u00e9 og geitf\u00e9,5hirtir, sk\u00f3gargeitur, d\u00e1hirtir, steingeitur, fjallageitur, ant\u00edl\u00f3pur og gemsur.6\u00d6ll ferf\u00e6tt d\u00fdr, sem hafa klaufir, og \u00fe\u00e6r alklofnar, og j\u00f3rtra, megi\u00f0 \u00fe\u00e9r eta.7&#8222;Af \u00feeim sem j\u00f3rtra, og af \u00feeim sem alklofnar klaufir hafa, megi\u00f0 \u00fe\u00e9r \u00fe\u00f3 ekki \u00feessi eta: \u00dalfaldann, h\u00e9rann <a href=\"https:\/\/biblian.is\/1981\/fimmta-mosebok-14-kafli\/\"> [&#8230;]<\/a><\/p>\n","protected":false},"author":1,"featured_media":0,"parent":0,"menu_order":0,"comment_status":"open","ping_status":"open","template":"bibliukaflar.php","meta":{"footnotes":""},"class_list":["post-1513","page","type-page","status-publish","hentry"],"_links":{"self":[{"href":"https:\/\/biblian.is\/1981\/wp-json\/wp\/v2\/pages\/1513","targetHints":{"allow":["GET"]}}],"collection":[{"href":"https:\/\/biblian.is\/1981\/wp-json\/wp\/v2\/pages"}],"about":[{"href":"https:\/\/biblian.is\/1981\/wp-json\/wp\/v2\/types\/page"}],"author":[{"embeddable":true,"href":"https:\/\/biblian.is\/1981\/wp-json\/wp\/v2\/users\/1"}],"replies":[{"embeddable":true,"href":"https:\/\/biblian.is\/1981\/wp-json\/wp\/v2\/comments?post=1513"}],"version-history":[{"count":0,"href":"https:\/\/biblian.is\/1981\/wp-json\/wp\/v2\/pages\/1513\/revisions"}],"wp:attachment":[{"href":"https:\/\/biblian.is\/1981\/wp-json\/wp\/v2\/media?parent=1513"}],"curies":[{"name":"wp","href":"https:\/\/api.w.org\/{rel}","templated":true}]}}