{"id":1512,"date":"2017-11-18T20:17:37","date_gmt":"2017-11-18T20:17:37","guid":{"rendered":"http:\/\/biblian.is\/1981\/fimmta-mosebok-13-kafli\/"},"modified":"2021-06-07T13:40:19","modified_gmt":"2021-06-07T13:40:19","slug":"fimmta-mosebok-13-kafli","status":"publish","type":"page","link":"https:\/\/biblian.is\/1981\/fimmta-mosebok-13-kafli\/","title":{"rendered":"Fimmta M\u00f3seb\u00f3k 13. kafli"},"content":{"rendered":"<p><a name=\"1\"><span class=\"versanumer\">1<\/span><\/a>Ef sp\u00e1ma\u00f0ur e\u00f0a draumama\u00f0ur r\u00eds upp me\u00f0al y\u00f0ar og bo\u00f0ar \u00fe\u00e9r t\u00e1kn e\u00f0a undur,<a name=\"2\"><span class=\"versanumer\">2<\/span><\/a>og t\u00e1kni\u00f0 e\u00f0a undri\u00f0 r\u00e6tist, \u00fea\u00f0 er hann haf\u00f0i bo\u00f0a\u00f0 \u00fe\u00e9r og sagt um lei\u00f0: V\u00e9r skulum sn\u00faa oss til annarra gu\u00f0a  \u00feeirra er \u00fe\u00fa hefir eigi \u00feekkt , og v\u00e9r skulum d\u00fdrka \u00fe\u00e1!<a name=\"3\"><span class=\"versanumer\">3<\/span><\/a>\u00fe\u00e1 skalt \u00fe\u00fa ekki hl\u00fd\u00f0a \u00e1 or\u00f0 \u00feess sp\u00e1manns e\u00f0a draumamanns, \u00fev\u00ed a\u00f0 Drottinn Gu\u00f0 y\u00f0ar reynir y\u00f0ur til \u00feess a\u00f0 vita, hvort \u00fe\u00e9r elski\u00f0 Drottin Gu\u00f0 y\u00f0ar af \u00f6llu hjarta y\u00f0ar og af allri s\u00e1lu y\u00f0ar.<a name=\"4\"><span class=\"versanumer\">4<\/span><\/a>Drottni Gu\u00f0i y\u00f0ar skulu\u00f0 \u00fe\u00e9r fylgja og hann skulu\u00f0 \u00fe\u00e9r \u00f3ttast, og skipanir hans skulu\u00f0 \u00fe\u00e9r var\u00f0veita og raustu hans skulu\u00f0 \u00fe\u00e9r hl\u00fd\u00f0a, og hann skulu\u00f0 \u00fe\u00e9r d\u00fdrka og vi\u00f0 hann skulu\u00f0 \u00fe\u00e9r halda y\u00f0ur fast.<a name=\"5\"><span class=\"versanumer\">5<\/span><\/a>En sp\u00e1mann \u00feann e\u00f0a draumamann skal dey\u00f0a, \u00fev\u00ed a\u00f0 hann hefir pr\u00e9dika\u00f0 uppreisn gegn Drottni Gu\u00f0i y\u00f0ar, sem leiddi y\u00f0ur \u00fat af Egyptalandi og leysti \u00feig \u00far \u00fer\u00e6lah\u00fasinu, til \u00feess a\u00f0 t\u00e6la \u00feig burt af \u00feeim vegi, sem Drottinn Gu\u00f0 \u00feinn bau\u00f0 \u00fe\u00e9r a\u00f0 ganga. \u00deannig skalt \u00fe\u00fa \u00fatr\u00fdma hinu illa burt fr\u00e1 \u00fe\u00e9r.<a name=\"6\"><span class=\"versanumer\">6<\/span><\/a>Ef br\u00f3\u00f0ir \u00feinn, sonur m\u00f3\u00f0ur \u00feinnar, e\u00f0a sonur \u00feinn e\u00f0a d\u00f3ttir \u00fe\u00edn e\u00f0a konan \u00ed fa\u00f0mi \u00fe\u00ednum e\u00f0a vinur \u00feinn, sem \u00fe\u00fa elskar eins og l\u00edfi\u00f0 \u00ed brj\u00f3sti \u00fe\u00ednu, ginnir \u00feig einslega og segir: V\u00e9r skulum fara og d\u00fdrka a\u00f0ra gu\u00f0i, \u00fe\u00e1 er hvorki \u00fe\u00fa n\u00e9 fe\u00f0ur \u00fe\u00ednir hafa \u00feekkt,<a name=\"7\"><span class=\"versanumer\">7<\/span><\/a>af gu\u00f0um \u00feeirra \u00fej\u00f3\u00f0a, sem kringum y\u00f0ur eru, hvort heldur \u00fe\u00e6r eru n\u00e1l\u00e6gar \u00fe\u00e9r e\u00f0a fjarl\u00e6gar \u00fe\u00e9r, fr\u00e1 einu heimsskauti til annars,<a name=\"8\"><span class=\"versanumer\">8<\/span><\/a>\u00fe\u00e1 skalt \u00fe\u00fa eigi gj\u00f6ra a\u00f0 vilja hans og eigi hl\u00fd\u00f0a \u00e1 hann, og \u00fe\u00fa skalt ekki l\u00edta hann v\u00e6g\u00f0arauga og \u00fe\u00fa skalt ekki \u00feyrma honum n\u00e9 hylma yfir me\u00f0 honum,<a name=\"9\"><span class=\"versanumer\">9<\/span><\/a>heldur skalt \u00fe\u00fa drepa hann, \u00fe\u00edn h\u00f6nd skal fyrst \u00e1 lofti vera gegn honum til \u00feess a\u00f0 dey\u00f0a hann, og \u00fev\u00ed n\u00e6st h\u00f6nd alls l\u00fd\u00f0sins.<a name=\"10\"><span class=\"versanumer\">10<\/span><\/a>\u00de\u00fa skalt lemja hann grj\u00f3ti til bana, af \u00fev\u00ed a\u00f0 hann leita\u00f0ist vi\u00f0 a\u00f0 t\u00e6la \u00feig fr\u00e1 Drottni Gu\u00f0i \u00fe\u00ednum, sem leiddi \u00feig \u00fat af Egyptalandi, \u00fat \u00far \u00fer\u00e6lah\u00fasinu.<a name=\"11\"><span class=\"versanumer\">11<\/span><\/a>Og allur \u00cdsrael skal heyra \u00fea\u00f0 og skelfast, svo a\u00f0 enginn hafist framar a\u00f0 sl\u00edkt \u00f3d\u00e6\u00f0i \u00fe\u00edn \u00e1 me\u00f0al.<a name=\"12\"><span class=\"versanumer\">12<\/span><\/a>Ef \u00fe\u00fa heyrir sagt um einhverja af borgum \u00fe\u00ednum, \u00feeim er Drottinn Gu\u00f0 \u00feinn gefur \u00fe\u00e9r til \u00feess a\u00f0 b\u00faa \u00ed:<a name=\"13\"><span class=\"versanumer\">13<\/span><\/a>Varmenni nokkur eru upp komin \u00fe\u00edn \u00e1 me\u00f0al, og hafa \u00feau t\u00e6lt samborgara s\u00edna og sagt: V\u00e9r skulum fara og d\u00fdrka a\u00f0ra gu\u00f0i, \u00fe\u00e1 er \u00fe\u00e9r \u00feekki\u00f0 ekki,<a name=\"14\"><span class=\"versanumer\">14<\/span><\/a>\u00fe\u00e1 skalt \u00fe\u00fa r\u00e6kilega rannsaka \u00fea\u00f0, grennslast eftir og spyrjast fyrir, og ef \u00fea\u00f0 reynist satt vera, a\u00f0 sl\u00edk sv\u00edvir\u00f0ing hafi framin veri\u00f0 \u00fe\u00edn \u00e1 me\u00f0al,<a name=\"15\"><span class=\"versanumer\">15<\/span><\/a>\u00fe\u00e1 skalt \u00fe\u00fa fella \u00edb\u00faa \u00feeirrar borgar me\u00f0 sver\u00f0seggjum, bannf\u00e6ra borgina og allt, sem \u00ed henni er, og f\u00e9na\u00f0inn \u00ed henni me\u00f0 sver\u00f0seggjum.<a name=\"16\"><span class=\"versanumer\">16<\/span><\/a>Allt herfangi\u00f0 \u00far henni skalt \u00fe\u00fa bera saman \u00e1 torgi\u00f0 og brenna s\u00ed\u00f0an borgina og allt herfangi\u00f0 \u00ed eldi sem eldf\u00f3rn Drottni Gu\u00f0i \u00fe\u00ednum til handa, og h\u00fan skal ver\u00f0a \u00e6varandi r\u00fast og aldrei framar endurreist ver\u00f0a.<a name=\"17\"><span class=\"versanumer\">17<\/span><\/a>Og ekkert af hinu bannf\u00e6r\u00f0a skal lo\u00f0a vi\u00f0 hendur \u00fe\u00ednar, til \u00feess a\u00f0 Drottinn megi l\u00e1ta af hinni brennandi rei\u00f0i sinni og au\u00f0s\u00fdni \u00fe\u00e9r miskunnsemi, og til \u00feess a\u00f0 hann miskunni \u00fe\u00e9r og margfaldi \u00feig, eins og hann s\u00f3r fe\u00f0rum \u00fe\u00ednum,<a name=\"18\"><span class=\"versanumer\">18<\/span><\/a>er \u00fe\u00fa hl\u00fd\u00f0ir raustu Drottins Gu\u00f0s \u00fe\u00edns me\u00f0 \u00fev\u00ed a\u00f0 var\u00f0veita allar skipanir hans, \u00fe\u00e6r er \u00e9g legg fyrir \u00feig \u00ed dag, og gj\u00f6rir \u00fea\u00f0 sem r\u00e9tt er \u00ed augum Drottins Gu\u00f0s \u00fe\u00edns.<\/p>\n<div class=\"footnote1981\"><b>13.1<\/b> Set ykkur 5M\u00f3s 4.2+ &#8211; halda bo\u00f0or\u00f0 5M\u00f3s 5.1+ &#8211; ekki auka vi\u00f0 5M\u00f3s 4.2+<br \/>\n<b>13.2<\/b> T\u00e1kn og undur Matt 24.24+<br \/>\n<b>13.3<\/b> A\u00f0rir gu\u00f0ir 5M\u00f3s 6.14+<br \/>\n<b>13.4<\/b> Gu\u00f0 reynir y\u00f0ur 5M\u00f3s 8.2+ ; sbr 1Kor 11.19 \u2013 elska Gu\u00f0 af \u00f6llu hjarta 5M\u00f3s 6.5+<br \/>\n<b>13.5<\/b> \u00d3ttast Gu\u00f0 5M\u00f3s 4.10+ &#8211; hl\u00fd\u00f0a bo\u00f0skap hans 5M\u00f3s 4.30+ &#8211; halda sig vi\u00f0 Gu\u00f0 5M\u00f3s 10.20+<br \/>\n<b>13.6<\/b> Gu\u00f0 frelsa\u00f0i \u00cdsrael 5M\u00f3s 7.8+ &#8211; \u00fer\u00e6lah\u00fasi\u00f0 5M\u00f3s 5.6+ &#8211; ey\u00f0a hinu illa 5M\u00f3s 17.7,12; 19.19; 21.21; 22.21-24; 24.7; D\u00f3m 20.13; 1Kor 5.13; sbr 5M\u00f3s 19.13; 21.9<br \/>\n<b>13.9<\/b> Ekki hafa sam\u00fa\u00f0 me\u00f0 5M\u00f3s 19.13,21; 25.12<br \/>\n<b>13.10<\/b> Kasta fyrsta steininum 5M\u00f3s 17.7; J\u00f3h 8.7 \u2013 allt f\u00f3lki\u00f0 5M\u00f3s 17.7<br \/>\n<b>13.11<\/b> Gr\u00fdta 5M\u00f3s 17.5; 21.21; 22.21,24; J\u00f3s 7.25; 1Kon 21.10; J\u00f3h 10.31-33<br \/>\n<b>13.12<\/b> \u00cdsrael skal heyra 5M\u00f3s 17.13; 19.20; 21.21<br \/>\n<b>13.15<\/b> Grennslast eftir vi\u00f0urstygg\u00f0 5M\u00f3s 17.4<br \/>\n<b>13.17<\/b> \u00c6varandi r\u00fast J\u00f3s 8.28<br \/>\n<b>13.18<\/b> Miskunnsamur Gu\u00f0 5M\u00f3s 4.31+<br \/>\n<b>13.19<\/b> Hl\u00fd\u00f0a bo\u00f0i Drottins 5M\u00f3s 4.30+ &#8211; bo\u00f0or\u00f0 5M\u00f3s 4.2+ &#8211; gj\u00f6ra r\u00e9tt 5M\u00f3s 6.18<\/div>\n","protected":false},"excerpt":{"rendered":"<p>1Ef sp\u00e1ma\u00f0ur e\u00f0a draumama\u00f0ur r\u00eds upp me\u00f0al y\u00f0ar og bo\u00f0ar \u00fe\u00e9r t\u00e1kn e\u00f0a undur,2og t\u00e1kni\u00f0 e\u00f0a undri\u00f0 r\u00e6tist, \u00fea\u00f0 er hann haf\u00f0i bo\u00f0a\u00f0 \u00fe\u00e9r og sagt um lei\u00f0: V\u00e9r skulum sn\u00faa oss til annarra gu\u00f0a \u00feeirra er \u00fe\u00fa hefir eigi \u00feekkt , og v\u00e9r skulum d\u00fdrka \u00fe\u00e1!3\u00fe\u00e1 skalt \u00fe\u00fa ekki hl\u00fd\u00f0a \u00e1 or\u00f0 \u00feess sp\u00e1manns e\u00f0a draumamanns, \u00fev\u00ed a\u00f0 Drottinn Gu\u00f0 y\u00f0ar reynir y\u00f0ur til \u00feess a\u00f0 vita, hvort \u00fe\u00e9r elski\u00f0 Drottin Gu\u00f0 y\u00f0ar af \u00f6llu hjarta y\u00f0ar og af allri s\u00e1lu y\u00f0ar.4Drottni Gu\u00f0i y\u00f0ar skulu\u00f0 \u00fe\u00e9r fylgja og hann skulu\u00f0 \u00fe\u00e9r \u00f3ttast, og skipanir hans skulu\u00f0 \u00fe\u00e9r var\u00f0veita og <a href=\"https:\/\/biblian.is\/1981\/fimmta-mosebok-13-kafli\/\"> [&#8230;]<\/a><\/p>\n","protected":false},"author":1,"featured_media":0,"parent":0,"menu_order":0,"comment_status":"closed","ping_status":"closed","template":"bibliukaflar.php","meta":{"footnotes":""},"class_list":["post-1512","page","type-page","status-publish","hentry"],"_links":{"self":[{"href":"https:\/\/biblian.is\/1981\/wp-json\/wp\/v2\/pages\/1512","targetHints":{"allow":["GET"]}}],"collection":[{"href":"https:\/\/biblian.is\/1981\/wp-json\/wp\/v2\/pages"}],"about":[{"href":"https:\/\/biblian.is\/1981\/wp-json\/wp\/v2\/types\/page"}],"author":[{"embeddable":true,"href":"https:\/\/biblian.is\/1981\/wp-json\/wp\/v2\/users\/1"}],"replies":[{"embeddable":true,"href":"https:\/\/biblian.is\/1981\/wp-json\/wp\/v2\/comments?post=1512"}],"version-history":[{"count":0,"href":"https:\/\/biblian.is\/1981\/wp-json\/wp\/v2\/pages\/1512\/revisions"}],"wp:attachment":[{"href":"https:\/\/biblian.is\/1981\/wp-json\/wp\/v2\/media?parent=1512"}],"curies":[{"name":"wp","href":"https:\/\/api.w.org\/{rel}","templated":true}]}}