{"id":1510,"date":"2017-11-18T20:17:37","date_gmt":"2017-11-18T20:17:37","guid":{"rendered":"http:\/\/biblian.is\/1981\/fimmta-mosebok-11-kafli\/"},"modified":"2021-06-06T22:02:40","modified_gmt":"2021-06-06T22:02:40","slug":"fimmta-mosebok-11-kafli","status":"publish","type":"page","link":"https:\/\/biblian.is\/1981\/fimmta-mosebok-11-kafli\/","title":{"rendered":"Fimmta M\u00f3seb\u00f3k 11. kafli"},"content":{"rendered":"<p><a name=\"1\"><span class=\"versanumer\">1<\/span><\/a>Fyrir \u00fev\u00ed skalt \u00fe\u00fa elska Drottin Gu\u00f0 \u00feinn og var\u00f0veita bo\u00f0or\u00f0 hans, l\u00f6g, \u00e1kv\u00e6\u00f0i og skipanir alla daga.<a name=\"2\"><span class=\"versanumer\">2<\/span><\/a>Vi\u00f0urkenni\u00f0 \u00ed dag \u00fev\u00ed a\u00f0 ekki \u00e1 \u00e9g or\u00f0asta\u00f0 vi\u00f0 b\u00f6rn y\u00f0ar, sem eigi hafa \u00feekkt \u00fea\u00f0 n\u00e9 s\u00e9\u00f0, vi\u00f0urkenni\u00f0 \u00f6gun Drottins Gu\u00f0s y\u00f0ar, mikilleik hans, hina sterku h\u00f6nd hans og \u00fatr\u00e9ttan armlegg hans,<a name=\"3\"><span class=\"versanumer\">3<\/span><\/a>t\u00e1kn hans og verk, sem hann gj\u00f6r\u00f0i \u00ed Egyptalandi \u00e1 Fara\u00f3 Egyptalandskonungi og \u00f6llu landi hans,<a name=\"4\"><span class=\"versanumer\">4<\/span><\/a>hversu hann f\u00f3r me\u00f0 herli\u00f0 Egypta, hesta \u00feeirra og vagna, hversu hann l\u00e9t v\u00f6tn Sefhafsins fl\u00e6\u00f0a yfir \u00fe\u00e1, er \u00feeir veittu y\u00f0ur eftirf\u00f6r, og tort\u00edmdi \u00feeim fram \u00e1 \u00feennan dag,<a name=\"5\"><span class=\"versanumer\">5<\/span><\/a>og hversu hann gj\u00f6r\u00f0i til y\u00f0ar \u00ed ey\u00f0im\u00f6rkinni allt til \u00feess er \u00fe\u00e9r komu\u00f0 hinga\u00f0,<a name=\"6\"><span class=\"versanumer\">6<\/span><\/a>og hversu hann f\u00f3r me\u00f0 Datan og Ab\u00edram, sonu El\u00edabs R\u00fabenssonar, hversu j\u00f6r\u00f0in lauk upp munni s\u00ednum og svalg \u00fe\u00e1 mitt \u00e1 me\u00f0al allra \u00cdsraelsmanna, \u00e1samt fj\u00f6lskyldum \u00feeirra og tj\u00f6ldum og \u00f6llum lifandi skepnum, sem voru \u00ed fylgd me\u00f0 \u00feeim.<a name=\"7\"><span class=\"versanumer\">7<\/span><\/a>\u00dev\u00ed a\u00f0 augu y\u00f0ar hafa s\u00e9\u00f0 \u00f6ll hin miklu verk, sem Drottinn hefir gj\u00f6rt.<a name=\"8\"><span class=\"versanumer\">8<\/span><\/a>Fyrir \u00fev\u00ed skulu\u00f0 \u00fe\u00e9r var\u00f0veita allar \u00fe\u00e6r skipanir, sem \u00e9g legg fyrir \u00feig \u00ed dag, til \u00feess a\u00f0 \u00fe\u00e9r ver\u00f0i\u00f0 sterkir, komist inn \u00ed og f\u00e1i\u00f0 til eignar land \u00fea\u00f0, er \u00fe\u00e9r haldi\u00f0 n\u00fa yfir til, til \u00feess a\u00f0 taka \u00fea\u00f0 til eignar,<a name=\"9\"><span class=\"versanumer\">9<\/span><\/a>og til \u00feess a\u00f0 \u00fe\u00e9r megi\u00f0 lifa langa \u00e6vi \u00ed landinu, sem Drottinn s\u00f3r fe\u00f0rum y\u00f0ar a\u00f0 gefa \u00feeim og ni\u00f0jum \u00feeirra, landi, sem fl\u00fdtur \u00ed mj\u00f3lk og hunangi.<a name=\"10\"><span class=\"versanumer\">10<\/span><\/a>Landi\u00f0 sem \u00fe\u00fa heldur n\u00fa inn \u00ed til \u00feess a\u00f0 taka \u00fea\u00f0 til eignar, \u00fea\u00f0 er ekki eins og Egyptaland, \u00fea\u00f0an sem \u00fe\u00e9r f\u00f3ru\u00f0, \u00fear sem \u00fe\u00fa s\u00e1\u00f0ir s\u00e6\u00f0i \u00fe\u00ednu og v\u00f6kva\u00f0ir landi\u00f0 me\u00f0 f\u00e6ti \u00fe\u00ednum eins og k\u00e1lgar\u00f0,<a name=\"11\"><span class=\"versanumer\">11<\/span><\/a>heldur er land \u00fea\u00f0, er \u00fe\u00e9r haldi\u00f0 n\u00fa yfir til, til \u00feess a\u00f0 taka \u00fea\u00f0 til eignar, fjallaland og dala, og drekkur vatn af himnum \u00feegar rignir,<a name=\"12\"><span class=\"versanumer\">12<\/span><\/a>land, sem Drottinn Gu\u00f0 \u00feinn annast. St\u00f6\u00f0uglega hv\u00edla augu Drottins Gu\u00f0s \u00fe\u00edns yfir \u00fev\u00ed fr\u00e1 \u00e1rsbyrjun til \u00e1rsloka.<a name=\"13\"><span class=\"versanumer\">13<\/span><\/a>Ef \u00fe\u00e9r hl\u00fd\u00f0i\u00f0 skipunum m\u00ednum tr\u00falega, \u00feeim er \u00e9g legg fyrir y\u00f0ur \u00ed dag: a\u00f0 elska Drottin Gu\u00f0 y\u00f0ar, og \u00fej\u00f3na honum af \u00f6llu hjarta y\u00f0ar og af allri s\u00e1lu y\u00f0ar,<a name=\"14\"><span class=\"versanumer\">14<\/span><\/a>\u00fe\u00e1 mun \u00e9g gefa landi y\u00f0ar regn \u00e1 r\u00e9ttum t\u00edma, haustregn og vorregn, svo a\u00f0 \u00fe\u00fa megir hir\u00f0a korn \u00feitt, aldinl\u00f6g \u00feinn og ol\u00edu \u00fe\u00edna.<a name=\"15\"><span class=\"versanumer\">15<\/span><\/a>\u00de\u00e1 mun \u00e9g og l\u00e1ta gras spretta \u00ed h\u00f6gum \u00fe\u00ednum handa skepnum \u00fe\u00ednum, svo a\u00f0 \u00fe\u00fa megir eta og saddur ver\u00f0a.<a name=\"16\"><span class=\"versanumer\">16<\/span><\/a>G\u00e6ti\u00f0 y\u00f0ar, a\u00f0 hjarta y\u00f0ar l\u00e1ti ekki t\u00e6last og \u00fe\u00e9r v\u00edki\u00f0 ekki af lei\u00f0 og d\u00fdrki\u00f0 a\u00f0ra gu\u00f0i og falli\u00f0 fram fyrir \u00feeim,<a name=\"17\"><span class=\"versanumer\">17<\/span><\/a>ella mun rei\u00f0i Drottins upptendrast \u00ed gegn y\u00f0ur, og hann mun loka himninum, svo a\u00f0 eigi komi regn og j\u00f6r\u00f0in gefi eigi \u00e1v\u00f6xt sinn, og \u00fe\u00e9r munu\u00f0 skj\u00f3tlega ey\u00f0ast \u00far landinu g\u00f3\u00f0a, sem Drottinn gefur y\u00f0ur.<a name=\"18\"><span class=\"versanumer\">18<\/span><\/a>Fyrir \u00fev\u00ed skulu\u00f0 \u00fe\u00e9r leggja \u00feessi or\u00f0 m\u00edn \u00e1 hjarta y\u00f0ar og huga, og \u00fe\u00e9r skulu\u00f0 binda \u00feau til merkis \u00e1 h\u00f6nd y\u00f0ar og hafa \u00feau sem minningarb\u00f6nd \u00e1 milli augna y\u00f0ar.<a name=\"19\"><span class=\"versanumer\">19<\/span><\/a>Og \u00fe\u00e9r skulu\u00f0 kenna \u00feau b\u00f6rnum y\u00f0ar me\u00f0 \u00fev\u00ed a\u00f0 tala um \u00feau, \u00feegar \u00fe\u00fa ert heima og \u00feegar \u00fe\u00fa ert \u00e1 fer\u00f0alagi, \u00feegar \u00fe\u00fa leggst til hv\u00edldar og \u00feegar \u00fe\u00fa fer \u00e1 f\u00e6tur.<a name=\"20\"><span class=\"versanumer\">20<\/span><\/a>Og \u00fe\u00fa skalt skrifa \u00feau \u00e1 dyrastafi h\u00fass \u00fe\u00edns og \u00e1 borgarhli\u00f0 \u00fe\u00edn,<a name=\"21\"><span class=\"versanumer\">21<\/span><\/a>til \u00feess a\u00f0 \u00fe\u00e9r og b\u00f6rn y\u00f0ar megi\u00f0 lifa \u00ed landinu, sem Drottinn s\u00f3r fe\u00f0rum y\u00f0ar a\u00f0 gefa \u00feeim, svo lengi sem himinn er yfir j\u00f6r\u00f0u.<a name=\"22\"><span class=\"versanumer\">22<\/span><\/a>Ef \u00fe\u00e9r var\u00f0veiti\u00f0 kostg\u00e6filega allar \u00feessar skipanir, sem \u00e9g legg fyrir y\u00f0ur a\u00f0 halda: a\u00f0 elska Drottin Gu\u00f0 y\u00f0ar, a\u00f0 ganga \u00e1vallt \u00e1 hans vegum og halda y\u00f0ur fast vi\u00f0 hann,<a name=\"23\"><span class=\"versanumer\">23<\/span><\/a>\u00fe\u00e1 mun Drottinn st\u00f6kkva burt undan y\u00f0ur \u00f6llum \u00feessum \u00fej\u00f3\u00f0um, og \u00fe\u00e9r munu\u00f0 leggja undir y\u00f0ur \u00fej\u00f3\u00f0ir, sem eru st\u00e6rri og voldugri en \u00fe\u00e9r.<a name=\"24\"><span class=\"versanumer\">24<\/span><\/a>Hver s\u00e1 sta\u00f0ur, er \u00fe\u00e9r st\u00edgi\u00f0 f\u00e6ti \u00e1, skal ver\u00f0a y\u00f0ar eign. Fr\u00e1 ey\u00f0im\u00f6rkinni allt til L\u00edbanon, fr\u00e1 flj\u00f3tinu, Efratflj\u00f3tinu, allt til vesturhafsins skal land y\u00f0ar n\u00e1.<a name=\"25\"><span class=\"versanumer\">25<\/span><\/a>Enginn mun standast fyrir y\u00f0ur. \u00d3tta vi\u00f0 y\u00f0ur og skelfingu mun Drottinn Gu\u00f0 y\u00f0ar l\u00e1ta koma yfir hvert \u00fea\u00f0 land, er \u00fe\u00e9r st\u00edgi\u00f0 f\u00e6ti \u00e1, eins og hann hefir heiti\u00f0 y\u00f0ur.<a name=\"26\"><span class=\"versanumer\">26<\/span><\/a>Sj\u00e1, \u00e9g legg fyrir y\u00f0ur \u00ed dag blessun og b\u00f6lvun:<a name=\"27\"><span class=\"versanumer\">27<\/span><\/a>blessunina, ef \u00fe\u00e9r hl\u00fd\u00f0i\u00f0 skipunum Drottins Gu\u00f0s y\u00f0ar, sem \u00e9g b\u00fd\u00f0 y\u00f0ur \u00ed dag,<a name=\"28\"><span class=\"versanumer\">28<\/span><\/a>en b\u00f6lvunina, ef \u00fe\u00e9r hl\u00fd\u00f0i\u00f0 ekki skipunum Drottins Gu\u00f0s y\u00f0ar og v\u00edki\u00f0 af \u00feeim vegi, sem \u00e9g b\u00fd\u00f0 y\u00f0ur \u00ed dag, til \u00feess a\u00f0 elta a\u00f0ra gu\u00f0i, sem \u00fe\u00e9r eigi hafi\u00f0 \u00feekkt.<a name=\"29\"><span class=\"versanumer\">29<\/span><\/a>\u00deegar Drottinn Gu\u00f0 \u00feinn lei\u00f0ir \u00feig inn \u00ed landi\u00f0, sem \u00fe\u00fa heldur n\u00fa inn \u00ed til \u00feess a\u00f0 taka \u00fea\u00f0 til eignar, \u00fe\u00e1 skalt \u00fe\u00fa leggja blessunina \u00e1 Gar\u00eds\u00edmfjall og b\u00f6lvunina \u00e1 Ebalfjall.<a name=\"30\"><span class=\"versanumer\">30<\/span><\/a>En \u00feau eru hinumegin J\u00f3rdanar, vestanvert vi\u00f0 s\u00f3larlagsveginn, \u00ed landi Kanaan\u00edtanna, \u00feeirra er b\u00faa \u00e1 sl\u00e9ttlendinu, gegnt Gilgal, hj\u00e1 M\u00f3relundi.<a name=\"31\"><span class=\"versanumer\">31<\/span><\/a>\u00de\u00e9r fari\u00f0 n\u00fa yfir J\u00f3rdan til \u00feess a\u00f0 komast inn \u00ed og taka til eignar landi\u00f0, sem Drottinn Gu\u00f0 y\u00f0ar gefur y\u00f0ur, og \u00fe\u00e9r munu\u00f0 f\u00e1 \u00fea\u00f0 til eignar og setjast a\u00f0 \u00ed \u00fev\u00ed.<a name=\"32\"><span class=\"versanumer\">32<\/span><\/a>G\u00e6ti\u00f0 \u00feess \u00fe\u00e1 a\u00f0 halda \u00f6ll \u00feau l\u00f6g og \u00e1kv\u00e6\u00f0i, sem \u00e9g legg fyrir y\u00f0ur \u00ed dag.<\/p>\n<div class=\"footnote1981\"><b>11.1<\/b> Elska Gu\u00f0 5M\u00f3s 5.10+<br \/>\n<b>11.2<\/b> M\u00e1ttugu h\u00f6nd 5M\u00f3s 4.34+<br \/>\n<b>11.3<\/b> T\u00e1kn Gu\u00f0s 2M\u00f3s 7-12<br \/>\n<b>11.4<\/b> Herli\u00f0 Egypta 2M\u00f3s 14.23-30; 15; Slm 106.11<br \/>\n<b>11.6<\/b> Datan og Ab\u00edram 4M\u00f3s 16<br \/>\n<b>11.7<\/b> S\u00e1u\u00f0 \u00fei\u00f0 5M\u00f3s 29.2-3; sbr 11.2<br \/>\n<b>11.8<\/b> Bo\u00f0in 5M\u00f3s 4.2+ ; 5.31+ &#8211; land 5M\u00f3s 1.21+<br \/>\n<b>11.9<\/b> Fyrirheitna landi\u00f0 5M\u00f3s 1.8+ &#8211; langl\u00edfi 4.26+<br \/>\n<b>11.11<\/b> Engin vatnsekla 5M\u00f3s 8.7<br \/>\n<b>11.13<\/b> Skipanirnar 5M\u00f3s 4.2+ &#8211; elska Gu\u00f0 5M\u00f3s 5.10+ \u2013 af \u00f6llu hjarta 5M\u00f3s 4.29+<br \/>\n<b>11.14<\/b> Regn 5M\u00f3s 28.12; 1Kon 18.1,45; Esk 34.26; Jl 2.23; Am 4.7<br \/>\n<b>11.15<\/b> Eta og ver\u00f0a mettur 5M\u00f3s 6.11+<br \/>\n<b>11.16<\/b> A\u00f0rir gu\u00f0ir 5M\u00f3s 6.14+<br \/>\n<b>11.17<\/b> Akurinn ekkert gefa 3M\u00f3s 26.20 \u2013 gott land 5M\u00f3s 1.25+<br \/>\n<b>11.19<\/b> Kenna b\u00f6rnunum 2M\u00f3s 10.2+<br \/>\n<b>11.20<\/b> \u00c1 dyrastafi 5M\u00f3s 6.9<br \/>\n<b>11.21<\/b> Fyrirheitna landi\u00f0 5M\u00f3s 1.8+ &#8211; langl\u00edfi 5M\u00f3s 4.26+<br \/>\n<b>11.22<\/b> Var\u00f0veita og halda 5M\u00f3s 5.1+ &#8211; bo\u00f0 5M\u00f3s 4.2+ &#8211; ; 5.31+ &#8211; halda s\u00e9r fast vi\u00f0 Gu\u00f0 5M\u00f3s 10.20+<br \/>\n<b>11.23<\/b> Ry\u00f0ja burt \u00fej\u00f3\u00f0um 5M\u00f3s 4.38+<br \/>\n<b>11.24<\/b> Sta\u00f0ur J\u00f3s 1.3<br \/>\n<b>11.25<\/b> \u00d3gn og skelfing 5M\u00f3s 2.25<br \/>\n<b>11.26<\/b> Blessun og b\u00f6lvun 5M\u00f3s 28; 30.19<br \/>\n<b>11.27<\/b> Bo\u00f0 5M\u00f3s 4.2+<br \/>\n<b>11.28<\/b> A\u00f0rir gu\u00f0ir 5M\u00f3s 6.14+<br \/>\n<b>11.29<\/b> Land til eignar 5M\u00f3s 1.21+ &#8211; Gar\u00eds\u00edmfjall og Ebalfjall 5M\u00f3s 27.11-13<br \/>\n<b>11.31<\/b> Landi\u00f0, sem Drottinn gefur 5M\u00f3s 3.20+<br \/>\n<b>11.32<\/b> Fylgja l\u00f6g 5M\u00f3s 5.1+<\/div>\n","protected":false},"excerpt":{"rendered":"<p>1Fyrir \u00fev\u00ed skalt \u00fe\u00fa elska Drottin Gu\u00f0 \u00feinn og var\u00f0veita bo\u00f0or\u00f0 hans, l\u00f6g, \u00e1kv\u00e6\u00f0i og skipanir alla daga.2Vi\u00f0urkenni\u00f0 \u00ed dag \u00fev\u00ed a\u00f0 ekki \u00e1 \u00e9g or\u00f0asta\u00f0 vi\u00f0 b\u00f6rn y\u00f0ar, sem eigi hafa \u00feekkt \u00fea\u00f0 n\u00e9 s\u00e9\u00f0, vi\u00f0urkenni\u00f0 \u00f6gun Drottins Gu\u00f0s y\u00f0ar, mikilleik hans, hina sterku h\u00f6nd hans og \u00fatr\u00e9ttan armlegg hans,3t\u00e1kn hans og verk, sem hann gj\u00f6r\u00f0i \u00ed Egyptalandi \u00e1 Fara\u00f3 Egyptalandskonungi og \u00f6llu landi hans,4hversu hann f\u00f3r me\u00f0 herli\u00f0 Egypta, hesta \u00feeirra og vagna, hversu hann l\u00e9t v\u00f6tn Sefhafsins fl\u00e6\u00f0a yfir \u00fe\u00e1, er \u00feeir veittu y\u00f0ur eftirf\u00f6r, og tort\u00edmdi \u00feeim fram \u00e1 \u00feennan dag,5og hversu hann gj\u00f6r\u00f0i til y\u00f0ar <a href=\"https:\/\/biblian.is\/1981\/fimmta-mosebok-11-kafli\/\"> [&#8230;]<\/a><\/p>\n","protected":false},"author":1,"featured_media":0,"parent":0,"menu_order":0,"comment_status":"open","ping_status":"open","template":"bibliukaflar.php","meta":{"footnotes":""},"class_list":["post-1510","page","type-page","status-publish","hentry"],"_links":{"self":[{"href":"https:\/\/biblian.is\/1981\/wp-json\/wp\/v2\/pages\/1510","targetHints":{"allow":["GET"]}}],"collection":[{"href":"https:\/\/biblian.is\/1981\/wp-json\/wp\/v2\/pages"}],"about":[{"href":"https:\/\/biblian.is\/1981\/wp-json\/wp\/v2\/types\/page"}],"author":[{"embeddable":true,"href":"https:\/\/biblian.is\/1981\/wp-json\/wp\/v2\/users\/1"}],"replies":[{"embeddable":true,"href":"https:\/\/biblian.is\/1981\/wp-json\/wp\/v2\/comments?post=1510"}],"version-history":[{"count":0,"href":"https:\/\/biblian.is\/1981\/wp-json\/wp\/v2\/pages\/1510\/revisions"}],"wp:attachment":[{"href":"https:\/\/biblian.is\/1981\/wp-json\/wp\/v2\/media?parent=1510"}],"curies":[{"name":"wp","href":"https:\/\/api.w.org\/{rel}","templated":true}]}}