{"id":1509,"date":"2017-11-18T20:17:37","date_gmt":"2017-11-18T20:17:37","guid":{"rendered":"http:\/\/biblian.is\/1981\/fimmta-mosebok-10-kafli\/"},"modified":"2021-06-06T10:51:09","modified_gmt":"2021-06-06T10:51:09","slug":"fimmta-mosebok-10-kafli","status":"publish","type":"page","link":"https:\/\/biblian.is\/1981\/fimmta-mosebok-10-kafli\/","title":{"rendered":"Fimmta M\u00f3seb\u00f3k 10. kafli"},"content":{"rendered":"<p><a name=\"1\"><span class=\"versanumer\">1<\/span><\/a>\u00cd \u00fea\u00f0 sama sinn sag\u00f0i Drottinn vi\u00f0 mig: H\u00f6gg \u00fe\u00e9r tv\u00e6r t\u00f6flur af steini, eins og hinar fyrri voru, og kom til m\u00edn upp \u00e1 fjalli\u00f0. \u00de\u00fa skalt og gj\u00f6ra \u00fe\u00e9r \u00f6rk af tr\u00e9.<a name=\"2\"><span class=\"versanumer\">2<\/span><\/a>\u00c9g \u00e6tla a\u00f0 rita \u00e1 t\u00f6flurnar \u00feau or\u00f0, sem st\u00f3\u00f0u \u00e1 hinum fyrri t\u00f6flunum, er \u00fe\u00fa braust \u00ed sundur, og skalt \u00fe\u00fa s\u00ed\u00f0an leggja \u00fe\u00e6r \u00ed \u00f6rkina.<a name=\"3\"><span class=\"versanumer\">3<\/span><\/a>\u00c9g gj\u00f6r\u00f0i \u00fe\u00e1 \u00f6rk af akas\u00eduvi\u00f0i og hj\u00f3 tv\u00e6r t\u00f6flur af steini eins og hinar fyrri, gekk \u00fev\u00ed n\u00e6st upp \u00e1 fjalli\u00f0 me\u00f0 b\u00e1\u00f0ar t\u00f6flurnar \u00ed hendi m\u00e9r.<a name=\"4\"><span class=\"versanumer\">4<\/span><\/a>\u00de\u00e1 rita\u00f0i Drottinn \u00e1 t\u00f6flurnar me\u00f0 sama letri og \u00e1\u00f0ur t\u00edu bo\u00f0or\u00f0in, \u00feau er hann haf\u00f0i tala\u00f0 til y\u00f0ar \u00e1 fjallinu \u00fat \u00far eldinum, daginn sem \u00fe\u00e9r voru\u00f0 \u00fear saman komnir. S\u00ed\u00f0an f\u00e9kk hann m\u00e9r \u00fe\u00e6r.<a name=\"5\"><span class=\"versanumer\">5<\/span><\/a>\u00de\u00e1 sneri \u00e9g \u00e1 lei\u00f0 og gekk ofan af fjallinu og lag\u00f0i t\u00f6flurnar \u00ed \u00f6rkina, er \u00e9g haf\u00f0i gj\u00f6rt, og \u00fear voru \u00fe\u00e6r geymdar, eins og Drottinn haf\u00f0i fyrir mig lagt.<a name=\"6\"><span class=\"versanumer\">6<\/span><\/a>\u00cdsraelsmenn f\u00f3ru fr\u00e1 Beer\u00f3t Bene Jaakan til M\u00f3sera. \u00dear d\u00f3 Aron og var jar\u00f0a\u00f0ur \u00fear, og Eleasar sonur hans var\u00f0 prestur \u00ed hans sta\u00f0.<a name=\"7\"><span class=\"versanumer\">7<\/span><\/a>\u00dea\u00f0an f\u00f3ru \u00feeir til G\u00fadg\u00f3da, og fr\u00e1 G\u00fadg\u00f3da til Jotbata, \u00fear sem gn\u00e6g\u00f0 er vatnsl\u00e6kja.<a name=\"8\"><span class=\"versanumer\">8<\/span><\/a>\u00de\u00e1 skildi Drottinn \u00e6ttkv\u00edsl Lev\u00ed fr\u00e1 til \u00feess a\u00f0 bera s\u00e1ttm\u00e1ls\u00f6rk Drottins, til \u00feess a\u00f0 standa frammi fyrir Drottni og \u00fej\u00f3na honum og til a\u00f0 blessa \u00ed hans nafni, og er svo enn \u00ed dag.<a name=\"9\"><span class=\"versanumer\">9<\/span><\/a>Fyrir \u00fev\u00ed f\u00e9kk Lev\u00ed eigi hlut n\u00e9 \u00f3\u00f0al me\u00f0 br\u00e6\u00f0rum s\u00ednum. Drottinn er \u00f3\u00f0al hans, eins og Drottinn Gu\u00f0 \u00feinn hefir heiti\u00f0 honum.<a name=\"10\"><span class=\"versanumer\">10<\/span><\/a>En \u00e9g dvaldi \u00e1 fjallinu fj\u00f6rut\u00edu daga og fj\u00f6rut\u00edu n\u00e6tur, eins og hi\u00f0 fyrra sinni\u00f0, og Drottinn b\u00e6nheyr\u00f0i mig einnig \u00ed \u00feetta skipti\u00f0: Drottinn vildi ekki tort\u00edma \u00fe\u00e9r.<a name=\"11\"><span class=\"versanumer\">11<\/span><\/a>Og Drottinn sag\u00f0i vi\u00f0 mig: Tak \u00feig upp og hald af sta\u00f0, til \u00feess a\u00f0 \u00fe\u00fa megir fara fyrir l\u00fd\u00f0num, er hann leggur upp, svo a\u00f0 \u00feeir komist inn \u00ed og f\u00e1i til eignar land \u00fea\u00f0, sem \u00e9g s\u00f3r fe\u00f0rum \u00feeirra a\u00f0 gefa \u00feeim.<a name=\"12\"><span class=\"versanumer\">12<\/span><\/a>Og n\u00fa, \u00cdsrael, hvers krefst Drottinn Gu\u00f0 \u00feinn af \u00fe\u00e9r nema \u00feess, a\u00f0 \u00fe\u00fa \u00f3ttist Drottin Gu\u00f0 \u00feinn og gangir \u00fev\u00ed \u00e1vallt \u00e1 hans vegum, og a\u00f0 \u00fe\u00fa elskir hann og a\u00f0 \u00fe\u00fa \u00fej\u00f3nir Drottni Gu\u00f0i \u00fe\u00ednum af \u00f6llu hjarta \u00fe\u00ednu og af allri s\u00e1lu \u00feinni<a name=\"13\"><span class=\"versanumer\">13<\/span><\/a>me\u00f0 \u00fev\u00ed a\u00f0 halda skipanir hans og l\u00f6g, er \u00e9g legg fyrir \u00feig \u00ed dag, og \u00fe\u00e9r er fyrir bestu?<a name=\"14\"><span class=\"versanumer\">14<\/span><\/a>Sj\u00e1, Drottni Gu\u00f0i \u00fe\u00ednum heyrir himinninn og himnanna himnar, j\u00f6r\u00f0in og allt, sem \u00e1 henni er,<a name=\"15\"><span class=\"versanumer\">15<\/span><\/a>og \u00fe\u00f3 hneig\u00f0ist Drottinn a\u00f0 fe\u00f0rum \u00fe\u00ednum einum, svo a\u00f0 hann elska\u00f0i \u00fe\u00e1, og hann \u00fatvaldi y\u00f0ur, ni\u00f0ja \u00feeirra, eftir \u00fe\u00e1 af \u00f6llum \u00fej\u00f3\u00f0um, og er svo enn \u00ed dag.<a name=\"16\"><span class=\"versanumer\">16<\/span><\/a>Umskeri\u00f0 \u00fev\u00ed yfirh\u00fa\u00f0 hjarta y\u00f0ar og veri\u00f0 ekki lengur har\u00f0sv\u00edra\u00f0ir.<a name=\"17\"><span class=\"versanumer\">17<\/span><\/a>\u00dev\u00ed a\u00f0 Drottinn Gu\u00f0 y\u00f0ar, hann er Gu\u00f0 gu\u00f0anna og Drottinn drottnanna, hinn mikli, voldugi og \u00f3ttalegi Gu\u00f0, sem eigi gj\u00f6rir s\u00e9r mannamun og \u00feiggur eigi m\u00fatur.<a name=\"18\"><span class=\"versanumer\">18<\/span><\/a>Hann rekur r\u00e9ttar muna\u00f0arleysingjans og ekkjunnar og elskar \u00fatlendinginn, svo a\u00f0 hann gefur honum f\u00e6\u00f0i og kl\u00e6\u00f0i.<a name=\"19\"><span class=\"versanumer\">19<\/span><\/a>Elski\u00f0 \u00fev\u00ed \u00fatlendinginn, \u00fev\u00ed a\u00f0 \u00fe\u00e9r voru\u00f0 sj\u00e1lfir \u00fatlendingar \u00ed Egyptalandi.<a name=\"20\"><span class=\"versanumer\">20<\/span><\/a>Drottin Gu\u00f0 \u00feinn skalt \u00fe\u00fa \u00f3ttast, hann skalt \u00fe\u00fa d\u00fdrka, vi\u00f0 hann skalt \u00fe\u00fa halda \u00fe\u00e9r fast og vi\u00f0 nafn hans skalt \u00fe\u00fa sverja.<a name=\"21\"><span class=\"versanumer\">21<\/span><\/a>Hann er \u00feinn lofst\u00edr og hann er \u00feinn Gu\u00f0, s\u00e1 er gj\u00f6rt hefir fyrir \u00feig \u00feessa miklu og \u00f3ttalegu hluti, sem augu \u00fe\u00edn hafa s\u00e9\u00f0.<a name=\"22\"><span class=\"versanumer\">22<\/span><\/a>Sj\u00f6t\u00edu a\u00f0 t\u00f6lu voru fe\u00f0ur \u00fe\u00ednir, \u00fe\u00e1 er \u00feeir f\u00f3ru til Egyptalands, en n\u00fa hefir Drottinn Gu\u00f0 \u00feinn gj\u00f6rt \u00feig a\u00f0 fj\u00f6lda til sem stj\u00f6rnur himins. fj\u00f6lda til sem stj\u00f6rnur himins.<\/p>\n<div class=\"footnote1981\"><b>10.1-5<\/b> N\u00fdjar t\u00f6flur 2M\u00f3s 34.1-4<br \/>\n<b>10.1<\/b> Steint\u00f6flur 2M\u00f3s 24.12+ &#8211; \u00f6rk 2M\u00f3s 37.1-5<br \/>\n<b>10.4<\/b> Bo\u00f0or\u00f0in t\u00edu 5M\u00f3s 5.6-21; 2M 20.1-17<br \/>\n<b>10.6<\/b> Fr\u00e1 Beer\u00f3t Bene Jaakan til Moser 4M\u00f3s 33.28-31 \u2013 Aron deyr 4M\u00f3s 20.22-29; 33.38 \u2013 prestsemb\u00e6tti a\u00f0 erf\u00f0um 3M\u00f3s 6.15+<br \/>\n<b>10.8<\/b> \u00c6ttb\u00e1lkur Lev\u00ed 4M\u00f3s 8.5-19 \u2013 s\u00e1ttm\u00e1ls\u00f6rk Drottins 5M\u00f3s 31.9,25; J\u00f3s 3.3 \u2013 \u00fej\u00f3na Drottni 5M\u00f3s 17.12; 21.5;33.9; sbr 18.5,7<br \/>\n<b>10.9<\/b> Drottinn, erf\u00f0ahluti Lev\u00ed 5M\u00f3s 18.2; 4M\u00f3s 18.20; J\u00f3s 13.33; Esk 44.28; S\u00edr 45.22 \u2013 ekkert land 4M\u00f3s 18.20+<br \/>\n<b>10.11<\/b> Fyrirheitna landi\u00f0 5M\u00f3s 1.8+<br \/>\n<b>10.12<\/b> \u00d3ttast Drottinn 5M\u00f3s 4.10+ &#8211; elska Gu\u00f0 af \u00f6llu hjarta 5M\u00f3s 6.5+<br \/>\n<b>10.13<\/b> Bo\u00f0 5M\u00f3s 4.2+ &#8211; \u00fe\u00e9r vegni vel 5M\u00f3s 4.40+<br \/>\n<b>10.15<\/b> Gu\u00f0 elskar 5M\u00f3s 4.37+<br \/>\n<b>10.16<\/b> Umskurn hjartans 5M 30.6<br \/>\n<b>10.17<\/b> Drottinn drottnanna 1T\u00edm 6.15; Opb 17.14; 19.16 \u2013 gerir engan mannamun 2Kro 19.7; Post 10.34; R\u00f3m 2.11; Gal 2.6; Ef 6.9; 1P\u00e9t 1.17<br \/>\n<b>10.18<\/b> Muna\u00f0arleysingi, ekkja, a\u00f0komuma\u00f0ur 5M\u00f3s 24.17; 27.19; 2M\u00f3s 22.21-22; Jer 7.6; Esk 22.7; Jak 1.27 \u2013 lev\u00edtar 5M\u00f3s 14.29; 16.11,14; 26.12<br \/>\n<b>10.19<\/b> Elski\u00f0 a\u00f0komumanninn 3M\u00f3s 19.34+ &#8211; \u00ed Egyptalandi 5M\u00f3s 23.7; 2M\u00f3s 22.20; 23.9; 3M\u00f3s 19.34<br \/>\n<b>10.20<\/b> Vera tr\u00far og sverja vi\u00f0 &#8230; 5M\u00f3s 11.22; 13.4; 30.20; J\u00f3s 22.5; 23.8; 2Kon 18.6<br \/>\n<b>10.22<\/b> Sj\u00f6t\u00edu 1M\u00f3s 46.27; 2M\u00f3s 1.4; sbr Post 7.14 \u2013 fj\u00f6ldi 5M\u00f3s 1.10+<\/div>\n","protected":false},"excerpt":{"rendered":"<p>1\u00cd \u00fea\u00f0 sama sinn sag\u00f0i Drottinn vi\u00f0 mig: H\u00f6gg \u00fe\u00e9r tv\u00e6r t\u00f6flur af steini, eins og hinar fyrri voru, og kom til m\u00edn upp \u00e1 fjalli\u00f0. \u00de\u00fa skalt og gj\u00f6ra \u00fe\u00e9r \u00f6rk af tr\u00e9.2\u00c9g \u00e6tla a\u00f0 rita \u00e1 t\u00f6flurnar \u00feau or\u00f0, sem st\u00f3\u00f0u \u00e1 hinum fyrri t\u00f6flunum, er \u00fe\u00fa braust \u00ed sundur, og skalt \u00fe\u00fa s\u00ed\u00f0an leggja \u00fe\u00e6r \u00ed \u00f6rkina.3\u00c9g gj\u00f6r\u00f0i \u00fe\u00e1 \u00f6rk af akas\u00eduvi\u00f0i og hj\u00f3 tv\u00e6r t\u00f6flur af steini eins og hinar fyrri, gekk \u00fev\u00ed n\u00e6st upp \u00e1 fjalli\u00f0 me\u00f0 b\u00e1\u00f0ar t\u00f6flurnar \u00ed hendi m\u00e9r.4\u00de\u00e1 rita\u00f0i Drottinn \u00e1 t\u00f6flurnar me\u00f0 sama letri og \u00e1\u00f0ur t\u00edu bo\u00f0or\u00f0in, \u00feau er <a href=\"https:\/\/biblian.is\/1981\/fimmta-mosebok-10-kafli\/\"> [&#8230;]<\/a><\/p>\n","protected":false},"author":1,"featured_media":0,"parent":0,"menu_order":0,"comment_status":"open","ping_status":"open","template":"bibliukaflar.php","meta":{"footnotes":""},"class_list":["post-1509","page","type-page","status-publish","hentry"],"_links":{"self":[{"href":"https:\/\/biblian.is\/1981\/wp-json\/wp\/v2\/pages\/1509","targetHints":{"allow":["GET"]}}],"collection":[{"href":"https:\/\/biblian.is\/1981\/wp-json\/wp\/v2\/pages"}],"about":[{"href":"https:\/\/biblian.is\/1981\/wp-json\/wp\/v2\/types\/page"}],"author":[{"embeddable":true,"href":"https:\/\/biblian.is\/1981\/wp-json\/wp\/v2\/users\/1"}],"replies":[{"embeddable":true,"href":"https:\/\/biblian.is\/1981\/wp-json\/wp\/v2\/comments?post=1509"}],"version-history":[{"count":0,"href":"https:\/\/biblian.is\/1981\/wp-json\/wp\/v2\/pages\/1509\/revisions"}],"wp:attachment":[{"href":"https:\/\/biblian.is\/1981\/wp-json\/wp\/v2\/media?parent=1509"}],"curies":[{"name":"wp","href":"https:\/\/api.w.org\/{rel}","templated":true}]}}