{"id":1508,"date":"2017-11-18T20:17:37","date_gmt":"2017-11-18T20:17:37","guid":{"rendered":"http:\/\/biblian.is\/1981\/fimmta-mosebok-9-kafli\/"},"modified":"2021-06-06T10:51:22","modified_gmt":"2021-06-06T10:51:22","slug":"fimmta-mosebok-9-kafli","status":"publish","type":"page","link":"https:\/\/biblian.is\/1981\/fimmta-mosebok-9-kafli\/","title":{"rendered":"Fimmta M\u00f3seb\u00f3k 9. kafli"},"content":{"rendered":"<p><a name=\"1\"><span class=\"versanumer\">1<\/span><\/a>Heyr \u00cdsrael! \u00de\u00fa fer n\u00fa \u00ed dag yfir J\u00f3rdan til \u00feess a\u00f0 leggja undir \u00feig \u00fej\u00f3\u00f0ir, sem eru st\u00e6rri og voldugri en \u00fe\u00fa ert, st\u00f3rar borgir og v\u00edggirtar h\u00e1tt \u00ed loft upp,<a name=\"2\"><span class=\"versanumer\">2<\/span><\/a>st\u00f3rt og h\u00e1vaxi\u00f0 f\u00f3lk, Anak\u00edtana, sem \u00fe\u00fa \u00feekkir og hefir sj\u00e1lfur heyrt sagt um: Hver f\u00e6r sta\u00f0ist fyrir Anaks sonum?<a name=\"3\"><span class=\"versanumer\">3<\/span><\/a>Vit \u00fea\u00f0 \u00fev\u00ed n\u00fa, a\u00f0 \u00fea\u00f0 er Drottinn Gu\u00f0 \u00feinn, er fyrir \u00fe\u00e9r fer sem ey\u00f0andi eldur. Hann mun ey\u00f0a \u00feeim og leggja \u00fe\u00e6r a\u00f0 velli fyrir augliti \u00fe\u00ednu, svo a\u00f0 \u00fe\u00fa skj\u00f3tlega getir reki\u00f0 \u00fe\u00e6r burt og gj\u00f6reytt \u00feeim, eins og Drottinn hefir heiti\u00f0 \u00fe\u00e9r.<a name=\"4\"><span class=\"versanumer\">4<\/span><\/a>\u00deegar Drottinn Gu\u00f0 \u00feinn hefir reki\u00f0 \u00fe\u00e6r \u00e1 burt undan \u00fe\u00e9r, \u00fe\u00e1 m\u00e1tt \u00fe\u00fa ekki segja \u00ed hjarta \u00fe\u00ednu: S\u00f6kum m\u00edns eigin r\u00e9ttl\u00e6tis hefir Drottinn leitt mig inn \u00ed \u00feetta land og fengi\u00f0 m\u00e9r \u00fea\u00f0 til eignar, \u00fear e\u00f0 \u00fea\u00f0 er vegna gu\u00f0leysis \u00feessara \u00fej\u00f3\u00f0a, a\u00f0 Drottinn st\u00f6kkvir \u00feeim \u00e1 burt undan \u00fe\u00e9r.<a name=\"5\"><span class=\"versanumer\">5<\/span><\/a>\u00dea\u00f0 er ekki vegna r\u00e9ttl\u00e6tis \u00fe\u00edns e\u00f0a hreinskilni hjarta \u00fe\u00edns, a\u00f0 \u00fe\u00fa f\u00e6r land \u00feeirra til eignar, heldur er \u00fea\u00f0 vegna gu\u00f0leysis \u00feessara \u00fej\u00f3\u00f0a, a\u00f0 Drottinn Gu\u00f0 \u00feinn st\u00f6kkvir \u00feeim \u00e1 burt undan \u00fe\u00e9r, og til \u00feess a\u00f0 halda \u00fea\u00f0 lofor\u00f0, er Drottinn s\u00f3r fe\u00f0rum \u00fe\u00ednum, Abraham, \u00cdsak og Jakob.<a name=\"6\"><span class=\"versanumer\">6<\/span><\/a>Vita skaltu \u00fev\u00ed, a\u00f0 \u00fea\u00f0 er ekki vegna r\u00e9ttl\u00e6tis \u00fe\u00edns, a\u00f0 Drottinn, Gu\u00f0 \u00feinn, gefur \u00fe\u00e9r \u00feetta g\u00f3\u00f0a land til eignar, \u00fev\u00ed a\u00f0 \u00fe\u00fa ert har\u00f0sv\u00edra\u00f0ur l\u00fd\u00f0ur.<a name=\"7\"><span class=\"versanumer\">7<\/span><\/a>Minnstu \u00feess og gleym \u00fev\u00ed eigi, hvernig \u00fe\u00fa reittir Drottin Gu\u00f0 \u00feinn til rei\u00f0i \u00ed ey\u00f0im\u00f6rkinni. Fr\u00e1 \u00fev\u00ed \u00fe\u00fa fyrst lag\u00f0ir af sta\u00f0 \u00far Egyptalandi og \u00fear til, er \u00fe\u00e9r komu\u00f0 hinga\u00f0, hafi\u00f0 \u00fe\u00e9r \u00f3hl\u00fd\u00f0nast Drottni.<a name=\"8\"><span class=\"versanumer\">8<\/span><\/a>Hj\u00e1 H\u00f3reb reittu\u00f0 \u00fe\u00e9r Drottin til rei\u00f0i, og Drottinn reiddist y\u00f0ur svo, a\u00f0 hann \u00e6tla\u00f0i a\u00f0 tort\u00edma y\u00f0ur.<a name=\"9\"><span class=\"versanumer\">9<\/span><\/a>\u00c9g var \u00fe\u00e1 farinn upp \u00e1 fjalli\u00f0 til \u00feess a\u00f0 taka \u00e1 m\u00f3ti steint\u00f6flunum, t\u00f6flunum, sem s\u00e1ttm\u00e1linn var \u00e1, er Drottinn haf\u00f0i gj\u00f6rt vi\u00f0 y\u00f0ur, og \u00e9g dvaldi \u00e1 fjallinu \u00ed fj\u00f6rut\u00edu daga og fj\u00f6rut\u00edu n\u00e6tur, \u00e1n \u00feess a\u00f0 neyta matar e\u00f0a drekka vatn.<a name=\"10\"><span class=\"versanumer\">10<\/span><\/a>Drottinn f\u00e9kk m\u00e9r tv\u00e6r steint\u00f6flur, rita\u00f0ar me\u00f0 fingri Gu\u00f0s, og \u00e1 \u00feeim voru \u00f6ll \u00feau or\u00f0, er Drottinn haf\u00f0i tala\u00f0 til y\u00f0ar \u00e1 fjallinu \u00fat \u00far eldinum, daginn sem \u00fe\u00e9r voru\u00f0 \u00fear saman komnir.<a name=\"11\"><span class=\"versanumer\">11<\/span><\/a>Og er fj\u00f6rut\u00edu dagar og fj\u00f6rut\u00edu n\u00e6tur voru li\u00f0nar, f\u00e9kk Drottinn m\u00e9r b\u00e1\u00f0ar steint\u00f6flurnar, s\u00e1ttm\u00e1lst\u00f6flurnar.<a name=\"12\"><span class=\"versanumer\">12<\/span><\/a>&#8222;Drottinn sag\u00f0i vi\u00f0 mig: Statt \u00fe\u00fa upp, far \u00fe\u00fa skj\u00f3tt ni\u00f0ur h\u00e9\u00f0an, \u00fev\u00ed a\u00f0 f\u00f3lk \u00feitt, sem \u00fe\u00fa leiddir burt af Egyptalandi, hefir misgj\u00f6rt. Skj\u00f3tt hafa \u00feeir viki\u00f0 af \u00feeim vegi, sem \u00e9g bau\u00f0 \u00feeim; \u00feeir hafa gj\u00f6rt s\u00e9r steypt l\u00edkneski.&#8220;<a name=\"13\"><span class=\"versanumer\">13<\/span><\/a>Og hann sag\u00f0i vi\u00f0 mig: \u00c9g s\u00e9 n\u00fa, a\u00f0 \u00feessi l\u00fd\u00f0ur er har\u00f0sv\u00edra\u00f0 f\u00f3lk.<a name=\"14\"><span class=\"versanumer\">14<\/span><\/a>L\u00e1t mig \u00ed fri\u00f0i, svo a\u00f0 \u00e9g geti gj\u00f6reytt \u00feeim og afm\u00e1\u00f0 n\u00f6fn \u00feeirra undir himninum, og \u00e9g mun gj\u00f6ra \u00feig a\u00f0 sterkari og fj\u00f6lmennari \u00fej\u00f3\u00f0 en \u00feessi er.<a name=\"15\"><span class=\"versanumer\">15<\/span><\/a>\u00de\u00e1 sneri \u00e9g \u00e1 lei\u00f0 og gekk ofan af fjallinu, en fjalli\u00f0 st\u00f3\u00f0 \u00ed bj\u00f6rtu b\u00e1li, og h\u00e9lt \u00e9g \u00e1 b\u00e1\u00f0um s\u00e1ttm\u00e1lst\u00f6flunum \u00ed h\u00f6ndunum.<a name=\"16\"><span class=\"versanumer\">16<\/span><\/a>Og \u00e9g leit til, og sj\u00e1: \u00de\u00e9r h\u00f6f\u00f0u\u00f0 syndga\u00f0 m\u00f3ti Drottni, Gu\u00f0i y\u00f0ar, \u00fe\u00e9r h\u00f6f\u00f0u\u00f0 gj\u00f6rt y\u00f0ur steyptan k\u00e1lf og h\u00f6f\u00f0u\u00f0 \u00feannig skj\u00f3tt viki\u00f0 af \u00feeim vegi, sem Drottinn haf\u00f0i bo\u00f0i\u00f0 y\u00f0ur.<a name=\"17\"><span class=\"versanumer\">17<\/span><\/a>\u00de\u00e1 \u00fereif \u00e9g b\u00e1\u00f0ar t\u00f6flurnar og \u00feeytti \u00feeim af b\u00e1\u00f0um h\u00f6ndum og braut \u00fe\u00e6r \u00ed sundur fyrir augunum \u00e1 y\u00f0ur.<a name=\"18\"><span class=\"versanumer\">18<\/span><\/a>Og \u00e9g varp m\u00e9r ni\u00f0ur fyrir augliti Drottins, eins og hi\u00f0 fyrra sinni\u00f0, fj\u00f6rut\u00edu daga og fj\u00f6rut\u00edu n\u00e6tur, og \u00e1t ekki brau\u00f0 og drakk ekki vatn, vegna allra y\u00f0ar synda, sem \u00fe\u00e9r h\u00f6f\u00f0u\u00f0 dr\u00fdgt me\u00f0 \u00fev\u00ed a\u00f0 gj\u00f6ra \u00fea\u00f0, sem illt var \u00ed augum Drottins, svo a\u00f0 \u00fe\u00e9r egndu\u00f0 hann til rei\u00f0i.<a name=\"19\"><span class=\"versanumer\">19<\/span><\/a>\u00dev\u00ed a\u00f0 \u00e9g var hr\u00e6ddur vi\u00f0 \u00fe\u00e1 rei\u00f0i og heift, sem Drottinn bar til y\u00f0ar, a\u00f0 hann \u00e6tla\u00f0i a\u00f0 tort\u00edma y\u00f0ur. Og Drottinn b\u00e6nheyr\u00f0i mig einnig \u00ed \u00feetta sinn.<a name=\"20\"><span class=\"versanumer\">20<\/span><\/a>Drottinn reiddist einnig mj\u00f6g Aroni, svo a\u00f0 hann \u00e6tla\u00f0i a\u00f0 tort\u00edma honum, en \u00e9g ba\u00f0 og fyrir Aroni \u00ed \u00fea\u00f0 sama sinn.<a name=\"21\"><span class=\"versanumer\">21<\/span><\/a>En synd y\u00f0ar, k\u00e1lfinn, sem \u00fe\u00e9r h\u00f6f\u00f0u\u00f0 gj\u00f6rt, t\u00f3k \u00e9g og brenndi \u00ed eldi og muldi hann vandlega \u00ed sm\u00e1tt, uns hann var\u00f0 a\u00f0 f\u00ednu dufti, og duftinu kasta\u00f0i \u00e9g \u00ed l\u00e6kinn, sem rann \u00fear ofan af fjallinu.<a name=\"22\"><span class=\"versanumer\">22<\/span><\/a>Enn fremur reittu\u00f0 \u00fe\u00e9r Drottin til rei\u00f0i \u00ed Tabera, \u00ed Massa og hj\u00e1 Kibr\u00f3t-hattava.<a name=\"23\"><span class=\"versanumer\">23<\/span><\/a>Og \u00feegar Drottinn sendi y\u00f0ur fr\u00e1 Kades Barnea og sag\u00f0i: Fari\u00f0 og taki\u00f0 til eignar landi\u00f0, sem \u00e9g hefi gefi\u00f0 y\u00f0ur, \u00fe\u00e1 \u00f3hl\u00fd\u00f0nu\u00f0ust \u00fe\u00e9r skipun Drottins Gu\u00f0s y\u00f0ar og tr\u00fa\u00f0u\u00f0 honum ekki og hl\u00fdddu\u00f0 ekki raustu hans.<a name=\"24\"><span class=\"versanumer\">24<\/span><\/a>\u00de\u00e9r hafi\u00f0 veri\u00f0 Drottni \u00f3hl\u00fd\u00f0nir fr\u00e1 \u00fev\u00ed \u00e9g \u00feekkti y\u00f0ur fyrst.<a name=\"25\"><span class=\"versanumer\">25<\/span><\/a>Svo f\u00e9ll \u00e9g fram fyrir augliti Drottins \u00fe\u00e1 fj\u00f6rut\u00edu daga og fj\u00f6rut\u00edu n\u00e6tur, sem \u00e9g varp m\u00e9r ni\u00f0ur, \u00fev\u00ed a\u00f0 hann kva\u00f0st mundu tort\u00edma y\u00f0ur.<a name=\"26\"><span class=\"versanumer\">26<\/span><\/a>Og \u00e9g ba\u00f0 Drottin og sag\u00f0i: Drottinn Gu\u00f0! Ey\u00f0ilegg eigi \u00feinn l\u00fd\u00f0 og \u00fe\u00edna eign, sem \u00fe\u00fa frelsa\u00f0ir me\u00f0 \u00fe\u00ednum mikla krafti, sem \u00fe\u00fa \u00fat leiddir af Egyptalandi me\u00f0 voldugri hendi.<a name=\"27\"><span class=\"versanumer\">27<\/span><\/a>Minnstu \u00fej\u00f3na \u00feinna, Abrahams, \u00cdsaks og Jakobs! L\u00edt ekki \u00e1 \u00feverm\u00f3\u00f0sku \u00feessa f\u00f3lks, gu\u00f0leysi \u00feess og synd,<a name=\"28\"><span class=\"versanumer\">28<\/span><\/a>svo a\u00f0 menn geti eigi sagt \u00ed landi \u00fev\u00ed, sem \u00fe\u00fa leiddir oss \u00fat \u00far: Af \u00fev\u00ed a\u00f0 Drottinn megna\u00f0i eigi a\u00f0 lei\u00f0a \u00fe\u00e1 inn \u00ed landi\u00f0, sem hann haf\u00f0i heiti\u00f0 \u00feeim, og af \u00fev\u00ed a\u00f0 hann hata\u00f0i \u00fe\u00e1, hefir hann fari\u00f0 me\u00f0 \u00fe\u00e1 burt til \u00feess a\u00f0 l\u00e1ta \u00fe\u00e1 deyja \u00ed ey\u00f0im\u00f6rkinni.<a name=\"29\"><span class=\"versanumer\">29<\/span><\/a>\u00dev\u00ed a\u00f0 \u00fe\u00edn \u00fej\u00f3\u00f0 eru \u00feeir og \u00fe\u00edn eign, sem \u00fe\u00fa \u00fat leiddir me\u00f0 miklum m\u00e6tti \u00fe\u00ednum og \u00fatr\u00e9ttum armlegg \u00fe\u00ednum.<\/p>\n<div class=\"footnote1981\"><b>9.1<\/b> Heyr \u00cdsrael 5M\u00f3s 4.1+ &#8211; v\u00edggirtar borgir 5M\u00f3s 1.28+<br \/>\n<b>9.3<\/b> Gu\u00f0 er ey\u00f0andi eldur 5M\u00f3s 4.24+ &#8211; berst gegn \u00f3vinunum Slm 44.3-8<br \/>\n<b>9.4<\/b> Gu\u00f0 ry\u00f0ur burt \u00fej\u00f3\u00f0um 5M\u00f3s 4.38 \u2013 r\u00e9ttl\u00e6ti 5M\u00f3s 6.25; 9.5-6<br \/>\n<b>9.5<\/b> Landi\u00f0 5M\u00f3s 1.21+ &#8211; fyrirheitna landi\u00f0 5M\u00f3s 1.8+<br \/>\n<b>9.6<\/b> Gott land 5M\u00f3s 1.25+<br \/>\n<b>9.7<\/b> Gullk\u00e1lfurinn 2M\u00f3s 32+ &#8211; \u00f3hl\u00fd\u00f0ni \u00ed ey\u00f0im\u00f6rkinni 4M\u00f3s 11.1; 14.1-4; 16.1-3; 17.6-7; 20.1-5; 21.4-5<br \/>\n<b>9.9<\/b> S\u00edna\u00edfjall 2M\u00f3s 19.20; 20.18-21; 24.12-18 \u2013 steint\u00f6flur 5M\u00f3s 4.13+ &#8211; fasta 5M\u00f3s 9.18; 2M\u00f3s 34.28; Matt 4.2 og hlst; sbr 1Kon 19.8<br \/>\n<b>9.10<\/b> Rita\u00f0ar me\u00f0 fingri Gu\u00f0s 2M\u00f3s 31.18; sbr 2M\u00f3s 32.16<br \/>\n<b>9.14<\/b> Afm\u00e1 nafn 5M\u00f3s 25.6,19; 29.19; 2Kon 14.27; Opb 3.5; sbr D\u00f3m 21.17; Slm 69.29<br \/>\n<b>9.15<\/b> S\u00edna\u00ed \u00ed bj\u00f6rtu b\u00e1li 5M\u00f3s 4.11; 5.23; 2M\u00f3s 19.16-18; Heb 12.18<br \/>\n<b>9.18<\/b> Fasta 5M\u00f3s 9.9+ &#8211; vekja heift Drottins 5M\u00f3s 4.25+ &#8211; illt \u00ed augum Drottins 5M\u00f3s 4.25+<br \/>\n<b>9.21<\/b> Brenna skur\u00f0go\u00f0 5M\u00f3s 7.25+<br \/>\n<b>9.23<\/b> Kades Barnea 5M\u00f3s 1.19-46 \u2013 hl\u00fd\u00f0a raustu Drottins 5M\u00f3s 4.30+<br \/>\n<b>9.24<\/b> \u00d3hl\u00fd\u00f0ni Slm 78.8; Post 7.51<br \/>\n<b>9.25<\/b> Gu\u00f0 og M\u00f3se r\u00e6\u00f0ast vi\u00f0 2M\u00f3s 32.9-13; 4M\u00f3s 14.11-20<br \/>\n<b>9.26<\/b> Me\u00f0 sterkri hendi 5M\u00f3s 3.24+ &#8211; Gu\u00f0 frelsa\u00f0i \u00cdsrael 5M\u00f3s 7.8+<br \/>\n<b>9.28<\/b> H\u00e1\u00f0 \u00fej\u00f3\u00f0anna 5M\u00f3s 32.27; 4M\u00f3s 14.15-16; Slm 115.2<br \/>\n<b>9.29<\/b> \u00datr\u00e9ttur armur sbr 5M\u00f3s 4.34+<\/div>\n","protected":false},"excerpt":{"rendered":"<p>1Heyr \u00cdsrael! \u00de\u00fa fer n\u00fa \u00ed dag yfir J\u00f3rdan til \u00feess a\u00f0 leggja undir \u00feig \u00fej\u00f3\u00f0ir, sem eru st\u00e6rri og voldugri en \u00fe\u00fa ert, st\u00f3rar borgir og v\u00edggirtar h\u00e1tt \u00ed loft upp,2st\u00f3rt og h\u00e1vaxi\u00f0 f\u00f3lk, Anak\u00edtana, sem \u00fe\u00fa \u00feekkir og hefir sj\u00e1lfur heyrt sagt um: Hver f\u00e6r sta\u00f0ist fyrir Anaks sonum?3Vit \u00fea\u00f0 \u00fev\u00ed n\u00fa, a\u00f0 \u00fea\u00f0 er Drottinn Gu\u00f0 \u00feinn, er fyrir \u00fe\u00e9r fer sem ey\u00f0andi eldur. Hann mun ey\u00f0a \u00feeim og leggja \u00fe\u00e6r a\u00f0 velli fyrir augliti \u00fe\u00ednu, svo a\u00f0 \u00fe\u00fa skj\u00f3tlega getir reki\u00f0 \u00fe\u00e6r burt og gj\u00f6reytt \u00feeim, eins og Drottinn hefir heiti\u00f0 \u00fe\u00e9r.4\u00deegar Drottinn Gu\u00f0 \u00feinn hefir <a href=\"https:\/\/biblian.is\/1981\/fimmta-mosebok-9-kafli\/\"> [&#8230;]<\/a><\/p>\n","protected":false},"author":1,"featured_media":0,"parent":0,"menu_order":0,"comment_status":"open","ping_status":"open","template":"bibliukaflar.php","meta":{"footnotes":""},"class_list":["post-1508","page","type-page","status-publish","hentry"],"_links":{"self":[{"href":"https:\/\/biblian.is\/1981\/wp-json\/wp\/v2\/pages\/1508","targetHints":{"allow":["GET"]}}],"collection":[{"href":"https:\/\/biblian.is\/1981\/wp-json\/wp\/v2\/pages"}],"about":[{"href":"https:\/\/biblian.is\/1981\/wp-json\/wp\/v2\/types\/page"}],"author":[{"embeddable":true,"href":"https:\/\/biblian.is\/1981\/wp-json\/wp\/v2\/users\/1"}],"replies":[{"embeddable":true,"href":"https:\/\/biblian.is\/1981\/wp-json\/wp\/v2\/comments?post=1508"}],"version-history":[{"count":0,"href":"https:\/\/biblian.is\/1981\/wp-json\/wp\/v2\/pages\/1508\/revisions"}],"wp:attachment":[{"href":"https:\/\/biblian.is\/1981\/wp-json\/wp\/v2\/media?parent=1508"}],"curies":[{"name":"wp","href":"https:\/\/api.w.org\/{rel}","templated":true}]}}