{"id":1507,"date":"2017-11-18T20:17:37","date_gmt":"2017-11-18T20:17:37","guid":{"rendered":"http:\/\/biblian.is\/1981\/fimmta-mosebok-8-kafli\/"},"modified":"2021-06-06T10:51:22","modified_gmt":"2021-06-06T10:51:22","slug":"fimmta-mosebok-8-kafli","status":"publish","type":"page","link":"https:\/\/biblian.is\/1981\/fimmta-mosebok-8-kafli\/","title":{"rendered":"Fimmta M\u00f3seb\u00f3k 8. kafli"},"content":{"rendered":"<p><a name=\"1\"><span class=\"versanumer\">1<\/span><\/a>\u00d6ll \u00feau bo\u00f0or\u00f0, sem \u00e9g legg fyrir y\u00f0ur \u00ed dag, skulu\u00f0 \u00fe\u00e9r var\u00f0veita til eftirbreytni, svo a\u00f0 \u00fe\u00e9r megi\u00f0 lifa og margfaldast og komast inn \u00ed landi\u00f0, sem Drottinn s\u00f3r fe\u00f0rum y\u00f0ar, og f\u00e1 \u00fea\u00f0 til eignar.<a name=\"2\"><span class=\"versanumer\">2<\/span><\/a>\u00de\u00fa skalt minnast \u00feess, hversu Drottinn Gu\u00f0 \u00feinn hefir leitt \u00feig alla lei\u00f0ina \u00feessi fj\u00f6rut\u00edu \u00e1r \u00ed ey\u00f0im\u00f6rkinni til \u00feess a\u00f0 au\u00f0m\u00fdkja \u00feig og reyna \u00feig, svo a\u00f0 hann k\u00e6mist a\u00f0 raun um, hva\u00f0 \u00fe\u00e9r b\u00fdr \u00ed hjarta, hvort \u00fe\u00fa mundir halda bo\u00f0or\u00f0 hans e\u00f0a ekki.<a name=\"3\"><span class=\"versanumer\">3<\/span><\/a>Hann au\u00f0m\u00fdkti \u00feig og l\u00e9t \u00feig \u00feola hungur og gaf \u00fe\u00e9r s\u00ed\u00f0an manna a\u00f0 eta, sem \u00fe\u00fa eigi \u00feekktir \u00e1\u00f0ur n\u00e9 heldur fe\u00f0ur \u00fe\u00ednir \u00feekktu, svo a\u00f0 \u00fe\u00fa skyldir sj\u00e1, a\u00f0 ma\u00f0urinn lifir eigi \u00e1 einu saman brau\u00f0i, heldur a\u00f0 ma\u00f0urinn lifir \u00e1 s\u00e9rhverju \u00fev\u00ed, er fram gengur af munni Drottins.<a name=\"4\"><span class=\"versanumer\">4<\/span><\/a>Kl\u00e6\u00f0i \u00fe\u00edn hafa ekki slitna\u00f0 \u00e1 \u00fe\u00e9r og f\u00e6tur \u00fe\u00ednir hafa ekki \u00fer\u00fatna\u00f0 \u00ed \u00feessi fj\u00f6rut\u00edu \u00e1r.<a name=\"5\"><span class=\"versanumer\">5<\/span><\/a>Ver \u00fev\u00ed sannf\u00e6r\u00f0ur um \u00fea\u00f0, a\u00f0 eins og ma\u00f0ur agar son sinn, svo agar Drottinn Gu\u00f0 \u00feinn \u00feig.<a name=\"6\"><span class=\"versanumer\">6<\/span><\/a>Var\u00f0veittu bo\u00f0or\u00f0 Drottins Gu\u00f0s \u00fe\u00edns, svo a\u00f0 \u00fe\u00fa gangir \u00e1 hans vegum og \u00f3ttist hann.<a name=\"7\"><span class=\"versanumer\">7<\/span><\/a>Drottinn Gu\u00f0 \u00feinn lei\u00f0ir \u00feig inn \u00ed gott land, inn \u00ed land, \u00fear sem n\u00f3g er af vatnsl\u00e6kjum, lindum og dj\u00fapum v\u00f6tnum, sem spretta upp \u00ed d\u00f6lum og \u00e1 fj\u00f6llum,<a name=\"8\"><span class=\"versanumer\">8<\/span><\/a>inn \u00ed land, \u00fear sem n\u00f3g er af hveiti og byggi, v\u00ednvi\u00f0i, f\u00edkjutrj\u00e1m og granateplatrj\u00e1m, inn \u00ed land, \u00fear sem n\u00f3g er af ol\u00edutrj\u00e1m og hunangi,<a name=\"9\"><span class=\"versanumer\">9<\/span><\/a>inn \u00ed land, \u00fear sem \u00fe\u00fa munt ekki eiga vi\u00f0 f\u00e1t\u00e6kt a\u00f0 b\u00faa og \u00fear sem \u00feig mun ekkert bresta, inn \u00ed land, \u00fear sem steinarnir eru j\u00e1rn og \u00fear sem \u00fe\u00fa getur grafi\u00f0 kopar \u00far fj\u00f6llunum.<a name=\"10\"><span class=\"versanumer\">10<\/span><\/a>Og \u00feegar \u00fe\u00fa hefir eti\u00f0 og ert or\u00f0inn mettur, \u00fe\u00e1 skalt \u00fe\u00fa vegsama Drottin Gu\u00f0 \u00feinn fyrir landi\u00f0 g\u00f3\u00f0a, sem hann gaf \u00fe\u00e9r.<a name=\"11\"><span class=\"versanumer\">11<\/span><\/a>G\u00e6t \u00fe\u00edn, a\u00f0 \u00fe\u00fa gleymir ekki Drottni Gu\u00f0i \u00fe\u00ednum og haldir svo eigi bo\u00f0or\u00f0 hans, \u00e1kv\u00e6\u00f0i og l\u00f6g, sem \u00e9g legg fyrir \u00feig \u00ed dag.<a name=\"12\"><span class=\"versanumer\">12<\/span><\/a>L\u00e1t eigi, \u00feegar \u00fe\u00fa hefir eti\u00f0 og ert mettur or\u00f0inn og hefir reist f\u00f6gur h\u00fas og b\u00fdr \u00ed \u00feeim,<a name=\"13\"><span class=\"versanumer\">13<\/span><\/a>\u00feegar nautgripum \u00fe\u00ednum og sau\u00f0f\u00e9na\u00f0i \u00fe\u00ednum fj\u00f6lgar, \u00feegar silfur \u00feitt og gull eykst og allt sem \u00fe\u00fa \u00e1tt,<a name=\"14\"><span class=\"versanumer\">14<\/span><\/a>l\u00e1t \u00fe\u00e1 eigi hjarta \u00feitt ofmetnast og gleym eigi Drottni Gu\u00f0i \u00fe\u00ednum, sem leiddi \u00feig \u00fat af Egyptalandi, \u00fat \u00far \u00fer\u00e6lah\u00fasinu,<a name=\"15\"><span class=\"versanumer\">15<\/span><\/a>sem leiddi \u00feig um ey\u00f0im\u00f6rkina miklu og hr\u00e6\u00f0ilegu, \u00fear sem voru eitra\u00f0ir h\u00f6ggormar og spor\u00f0drekar og vatnslaust \u00feurrlendi, og leiddi fram vatn handa \u00fe\u00e9r af tinnuh\u00f6r\u00f0um klettinum,<a name=\"16\"><span class=\"versanumer\">16<\/span><\/a>hann sem gaf \u00fe\u00e9r manna a\u00f0 eta \u00ed ey\u00f0im\u00f6rkinni, er fe\u00f0ur \u00fe\u00ednir eigi \u00feekktu, svo a\u00f0 hann g\u00e6ti au\u00f0m\u00fdkt \u00feig og svo a\u00f0 hann g\u00e6ti reynt \u00feig, en gj\u00f6rt s\u00ed\u00f0an vel vi\u00f0 \u00feig \u00e1 eftir.<a name=\"17\"><span class=\"versanumer\">17<\/span><\/a>Og seg \u00fe\u00fa ekki \u00ed hjarta \u00fe\u00ednu: Minn eigin kraftur og styrkur handar minnar hefir afla\u00f0 m\u00e9r \u00feessara au\u00f0\u00e6fa.<a name=\"18\"><span class=\"versanumer\">18<\/span><\/a>Minnstu heldur Drottins Gu\u00f0s \u00fe\u00edns, \u00fev\u00ed a\u00f0 hann er s\u00e1, sem veitir \u00fe\u00e9r kraft til a\u00f0 afla au\u00f0\u00e6fanna, til \u00feess a\u00f0 hann f\u00e1i haldi\u00f0 \u00feann s\u00e1ttm\u00e1la, er hann s\u00f3r fe\u00f0rum \u00fe\u00ednum, eins og l\u00edka fram hefir komi\u00f0 til \u00feessa.<a name=\"19\"><span class=\"versanumer\">19<\/span><\/a>En ef \u00fe\u00fa gleymir Drottni Gu\u00f0i \u00fe\u00ednum og eltir a\u00f0ra gu\u00f0i, d\u00fdrkar \u00fe\u00e1 og fellur fram fyrir \u00feeim, \u00fe\u00e1 votta \u00e9g y\u00f0ur \u00ed dag, a\u00f0 \u00fe\u00e9r munu\u00f0 gj\u00f6rsamlega farast.<a name=\"20\"><span class=\"versanumer\">20<\/span><\/a>Eins og \u00fej\u00f3\u00f0irnar, er Drottinn ey\u00f0ir fyrir y\u00f0ur, svo munu\u00f0 \u00fe\u00e9r og farast, af \u00fev\u00ed a\u00f0 \u00fe\u00e9r hl\u00fdddu\u00f0 ekki r\u00f6ddu Drottins Gu\u00f0s y\u00f0ar.<\/p>\n<div class=\"footnote1981\"><b>8.1<\/b> Fyrirm\u00e6li (bo\u00f0or\u00f0in) 5M\u00f3s 4.2+ ; 5.31+ &#8211; halda 5M\u00f3s 5.1+ &#8211; halda bo\u00f0or\u00f0in og lifa 5M\u00f3s 4.1+ &#8211; fyrirheitna landi\u00f0 5M\u00f3s 1.8+<br \/>\n<b>8.2<\/b> \u00cd ey\u00f0im\u00f6rkinni 4M\u00f3s 14.33; Slm 95.9-10; Post 7.36 \u2013 reyna 5M\u00f3s 13.4; 33.8; 2M\u00f3s 15.25; Heb 11.17<br \/>\n<b>8.3<\/b> Manna 2M\u00f3s 16.31+ &#8211; eigi \u00e1 einu saman brau\u00f0i Matt 4.4 \u2013 af munni Drottins Slm 89.35<br \/>\n<b>8.5<\/b> Gu\u00f0 elur upp 5M\u00f3s 4.36; Okv 3.11,12; Heb 12.7<br \/>\n<b>8.6<\/b> Vegir Drottins 5M\u00f3s 10.12; 11.22; 19.9; 26.17; 28.9; 30.16; J\u00f3s 22.5; D\u00f3m 2.22; 1Kon 2.3; 8.58 \u2013 \u00f3ttast Drottinn 5M\u00f3s 4.10+<br \/>\n<b>8.7<\/b> Gott land 5M\u00f3s 1.25+ &#8211; engin vatnsekla 5M\u00f3s 11.10-12; sbr 4M\u00f3s 20.5<br \/>\n<b>8.10<\/b> Eta og ver\u00f0a mettur 5M\u00f3s 6.11+<br \/>\n<b>8.11<\/b> Ekki gleyma Drottni 5M\u00f3s 4.9+ &#8211; bo\u00f0or\u00f0in 5M\u00f3s 4.2+<br \/>\n<b>8.12<\/b> Gl\u00e6sileg h\u00fas Am 3.15; 5.11<br \/>\n<b>8.14<\/b> \u00dat af Egyptalandi 5M\u00f3s 5.6+<br \/>\n<b>8.15<\/b> Eitursn\u00e1kar 4M\u00f3s 21.6-9 \u2013 vatn af kletti 2M\u00f3s 17.1-7; 4M\u00f3s 20.2-13; Slm 78.15<br \/>\n<b>8.16<\/b> Manna 5M\u00f3s 8.3+ &#8211; reyna 5M\u00f3s 8.2+<br \/>\n<b>8.17<\/b> Styrkur handarinnar Jes 10.13-14; Slm 44.3-8<br \/>\n<b>8.18<\/b> Gu\u00f0 veitir hags\u00e6ld H\u00f3s 2.10; Slm 127.1-2 \u2013 Gu\u00f0 heldur s\u00e1ttm\u00e1lann 5M\u00f3s 9.5; 1M\u00f3s 26.3; Jer 11.5<br \/>\n<b>8.19<\/b> A\u00f0rir gu\u00f0ir 2M\u00f3s 20.3+ &#8211; gereytt 5M\u00f3s 4.26+<br \/>\n<b>8.20<\/b> R\u00f6dd Drottins 5M\u00f3s 4.30+ &#8211; hl\u00fd\u00f0a ekki 5M\u00f3s 28.15,45,62; J\u00f3s 5.6<\/div>\n","protected":false},"excerpt":{"rendered":"<p>1\u00d6ll \u00feau bo\u00f0or\u00f0, sem \u00e9g legg fyrir y\u00f0ur \u00ed dag, skulu\u00f0 \u00fe\u00e9r var\u00f0veita til eftirbreytni, svo a\u00f0 \u00fe\u00e9r megi\u00f0 lifa og margfaldast og komast inn \u00ed landi\u00f0, sem Drottinn s\u00f3r fe\u00f0rum y\u00f0ar, og f\u00e1 \u00fea\u00f0 til eignar.2\u00de\u00fa skalt minnast \u00feess, hversu Drottinn Gu\u00f0 \u00feinn hefir leitt \u00feig alla lei\u00f0ina \u00feessi fj\u00f6rut\u00edu \u00e1r \u00ed ey\u00f0im\u00f6rkinni til \u00feess a\u00f0 au\u00f0m\u00fdkja \u00feig og reyna \u00feig, svo a\u00f0 hann k\u00e6mist a\u00f0 raun um, hva\u00f0 \u00fe\u00e9r b\u00fdr \u00ed hjarta, hvort \u00fe\u00fa mundir halda bo\u00f0or\u00f0 hans e\u00f0a ekki.3Hann au\u00f0m\u00fdkti \u00feig og l\u00e9t \u00feig \u00feola hungur og gaf \u00fe\u00e9r s\u00ed\u00f0an manna a\u00f0 eta, sem \u00fe\u00fa eigi \u00feekktir <a href=\"https:\/\/biblian.is\/1981\/fimmta-mosebok-8-kafli\/\"> [&#8230;]<\/a><\/p>\n","protected":false},"author":1,"featured_media":0,"parent":0,"menu_order":0,"comment_status":"open","ping_status":"open","template":"bibliukaflar.php","meta":{"footnotes":""},"class_list":["post-1507","page","type-page","status-publish","hentry"],"_links":{"self":[{"href":"https:\/\/biblian.is\/1981\/wp-json\/wp\/v2\/pages\/1507","targetHints":{"allow":["GET"]}}],"collection":[{"href":"https:\/\/biblian.is\/1981\/wp-json\/wp\/v2\/pages"}],"about":[{"href":"https:\/\/biblian.is\/1981\/wp-json\/wp\/v2\/types\/page"}],"author":[{"embeddable":true,"href":"https:\/\/biblian.is\/1981\/wp-json\/wp\/v2\/users\/1"}],"replies":[{"embeddable":true,"href":"https:\/\/biblian.is\/1981\/wp-json\/wp\/v2\/comments?post=1507"}],"version-history":[{"count":0,"href":"https:\/\/biblian.is\/1981\/wp-json\/wp\/v2\/pages\/1507\/revisions"}],"wp:attachment":[{"href":"https:\/\/biblian.is\/1981\/wp-json\/wp\/v2\/media?parent=1507"}],"curies":[{"name":"wp","href":"https:\/\/api.w.org\/{rel}","templated":true}]}}