{"id":1506,"date":"2017-11-18T20:17:32","date_gmt":"2017-11-18T20:17:32","guid":{"rendered":"http:\/\/biblian.is\/1981\/fimmta-mosebok-7-kafli\/"},"modified":"2021-06-06T10:51:21","modified_gmt":"2021-06-06T10:51:21","slug":"fimmta-mosebok-7-kafli","status":"publish","type":"page","link":"https:\/\/biblian.is\/1981\/fimmta-mosebok-7-kafli\/","title":{"rendered":"Fimmta M\u00f3seb\u00f3k 7. kafli"},"content":{"rendered":"<p><a name=\"1\"><span class=\"versanumer\">1<\/span><\/a>\u00deegar Drottinn Gu\u00f0 \u00feinn lei\u00f0ir \u00feig inn \u00ed landi\u00f0, sem \u00fe\u00fa heldur n\u00fa inn \u00ed til \u00feess a\u00f0 taka \u00fea\u00f0 til eignar, og hann hefir st\u00f6kkt burt undan \u00fe\u00e9r m\u00f6rgum \u00fej\u00f3\u00f0um: Het\u00edtum, G\u00edrgas\u00edtum, Amor\u00edtum, Kanaan\u00edtum, Peres\u00edtum, Hev\u00edtum og Jeb\u00fas\u00edtum, sj\u00f6 \u00fej\u00f3\u00f0um, sem eru fj\u00f6lmennari og voldugri en \u00fe\u00fa,<a name=\"2\"><span class=\"versanumer\">2<\/span><\/a>og er Drottinn Gu\u00f0 \u00feinn gefur \u00fe\u00e6r \u00e1 vald \u00feitt og \u00fe\u00fa sigrast \u00e1 \u00feeim, \u00fe\u00e1 skalt \u00fe\u00fa gj\u00f6rey\u00f0a \u00feeim. \u00de\u00fa skalt eigi gj\u00f6ra s\u00e1ttm\u00e1la vi\u00f0 \u00fe\u00e6r n\u00e9 s\u00fdna \u00feeim v\u00e6g\u00f0.<a name=\"3\"><span class=\"versanumer\">3<\/span><\/a>Og eigi skalt \u00fe\u00fa m\u00e6gjast vi\u00f0 \u00fe\u00e6r. \u00de\u00fa skalt hvorki gefa sonum \u00feeirra d\u00e6tur \u00fe\u00ednar n\u00e9 heldur taka d\u00e6tur \u00feeirra til handa sonum \u00fe\u00ednum.<a name=\"4\"><span class=\"versanumer\">4<\/span><\/a>\u00dev\u00ed a\u00f0 \u00fe\u00e6r mundu sn\u00faa sonum \u00fe\u00ednum fr\u00e1 hl\u00fd\u00f0ni vi\u00f0 mig og koma \u00feeim til a\u00f0 d\u00fdrka a\u00f0ra gu\u00f0i. Mundi rei\u00f0i Drottins \u00fe\u00e1 upptendrast \u00ed gegn y\u00f0ur og hann ey\u00f0a \u00fe\u00e9r skyndilega.<a name=\"5\"><span class=\"versanumer\">5<\/span><\/a>Heldur skulu\u00f0 \u00fe\u00e9r svo me\u00f0 \u00fe\u00e1 fara: \u00de\u00e9r skulu\u00f0 r\u00edfa ni\u00f0ur \u00f6lturu \u00feeirra, brj\u00f3ta \u00ed sundur merkissteina \u00feeirra, h\u00f6ggva sundur as\u00e9rur \u00feeirra og brenna skur\u00f0go\u00f0 \u00feeirra \u00ed eldi.<a name=\"6\"><span class=\"versanumer\">6<\/span><\/a>\u00dev\u00ed a\u00f0 \u00fe\u00fa ert Drottni Gu\u00f0i \u00fe\u00ednum helga\u00f0ur l\u00fd\u00f0ur. \u00deig hefir Drottinn Gu\u00f0 \u00feinn kj\u00f6ri\u00f0 til a\u00f0 vera eignarl\u00fd\u00f0ur hans um fram allar \u00fej\u00f3\u00f0ir, sem eru \u00e1 yfirbor\u00f0i jar\u00f0arinnar.<a name=\"7\"><span class=\"versanumer\">7<\/span><\/a>Ekki var \u00fea\u00f0 fyrir \u00fe\u00e1 s\u00f6k, a\u00f0 \u00fe\u00e9r v\u00e6ru\u00f0 fj\u00f6lmennari en allar a\u00f0rar \u00fej\u00f3\u00f0ir, a\u00f0 Drottinn lag\u00f0i \u00e1st \u00e1 y\u00f0ur og kj\u00f6ri y\u00f0ur, \u00fev\u00ed a\u00f0 \u00fe\u00e9r eru\u00f0 allra \u00fej\u00f3\u00f0a minnstir.<a name=\"8\"><span class=\"versanumer\">8<\/span><\/a>En s\u00f6kum \u00feess a\u00f0 Drottinn elskar y\u00f0ur og af \u00fev\u00ed a\u00f0 hann vildi halda ei\u00f0inn, sem hann s\u00f3r fe\u00f0rum y\u00f0ar, \u00fe\u00e1 leiddi hann y\u00f0ur burt me\u00f0 sterkri hendi og leysti \u00feig \u00far \u00fer\u00e6lah\u00fasinu, undan valdi Fara\u00f3s, Egyptalandskonungs.<a name=\"9\"><span class=\"versanumer\">9<\/span><\/a>Fyrir \u00fev\u00ed skalt \u00fe\u00fa vita, a\u00f0 Drottinn Gu\u00f0 \u00feinn er hinn sanni Gu\u00f0, hinn tr\u00fafasti Gu\u00f0, er heldur s\u00e1ttm\u00e1lann og miskunnsemina \u00ed \u00fe\u00fasund \u00e6ttli\u00f0i vi\u00f0 \u00fe\u00e1, sem elska hann og var\u00f0veita bo\u00f0or\u00f0 hans.<a name=\"10\"><span class=\"versanumer\">10<\/span><\/a>&#8222;En \u00feeim, sem hann hata, geldur hann l\u00edka hverjum og einum sj\u00e1lfum me\u00f0 \u00fev\u00ed a\u00f0 l\u00e1ta \u00fe\u00e1 farast. Hann dregur \u00fea\u00f0 eigi fyrir \u00feeim, sem hata hann; hverjum og einum geldur hann \u00feeim sj\u00e1lfum.&#8220;<a name=\"11\"><span class=\"versanumer\">11<\/span><\/a>Fyrir \u00fev\u00ed skalt \u00fe\u00fa var\u00f0veita skipanir \u00fe\u00e6r, l\u00f6g og \u00e1kv\u00e6\u00f0i, sem \u00e9g legg fyrir \u00feig \u00ed dag, svo a\u00f0 \u00fe\u00fa breytir eftir \u00feeim.<a name=\"12\"><span class=\"versanumer\">12<\/span><\/a>Ef \u00fe\u00e9r n\u00fa hl\u00fd\u00f0i\u00f0 l\u00f6gum \u00feessum og var\u00f0veiti\u00f0 \u00feau og breyti\u00f0 eftir \u00feeim, \u00fe\u00e1 mun Drottinn Gu\u00f0 \u00feinn halda vi\u00f0 \u00feig \u00feann s\u00e1ttm\u00e1la og miskunnsemi, sem hann s\u00f3r fe\u00f0rum \u00fe\u00ednum.<a name=\"13\"><span class=\"versanumer\">13<\/span><\/a>Hann mun elska \u00feig, blessa \u00feig og margfalda \u00feig, og hann mun blessa \u00e1v\u00f6xt kvi\u00f0ar \u00fe\u00edns og \u00e1v\u00f6xt lands \u00fe\u00edns, korn \u00feitt, aldinl\u00f6g \u00feinn og ol\u00edu \u00fe\u00edna, vi\u00f0komu nautgripa \u00feinna og bur\u00f0i hjar\u00f0ar \u00feinnar \u00ed landinu, sem hann s\u00f3r fe\u00f0rum \u00fe\u00ednum a\u00f0 gefa \u00fe\u00e9r.<a name=\"14\"><span class=\"versanumer\">14<\/span><\/a>\u00de\u00fa munt blessu\u00f0 ver\u00f0a \u00f6llum \u00fej\u00f3\u00f0um framar, me\u00f0al karlmanna \u00feinna og kvenmanna skal enginn vera \u00f3frj\u00f3samur, n\u00e9 heldur me\u00f0al f\u00e9na\u00f0ar \u00fe\u00edns.<a name=\"15\"><span class=\"versanumer\">15<\/span><\/a>Og Drottinn mun b\u00e6gja fr\u00e1 \u00fe\u00e9r hvers konar sj\u00fakleik, og enga af hinum vondu egypsku s\u00f3ttum, sem \u00fe\u00fa \u00feekkir, mun hann \u00e1 \u00feig leggja, heldur mun hann senda \u00fe\u00e6r \u00f6llum \u00feeim, er \u00feig hata.<a name=\"16\"><span class=\"versanumer\">16<\/span><\/a>En \u00fe\u00fa skalt ey\u00f0a \u00f6llum \u00feeim \u00fej\u00f3\u00f0um, sem Drottinn Gu\u00f0 \u00feinn gefur \u00e1 \u00feitt vald. \u00de\u00fa skalt ekki l\u00edta \u00fe\u00e6r v\u00e6g\u00f0arauga og \u00fe\u00fa skalt eigi d\u00fdrka gu\u00f0i \u00feeirra, \u00fev\u00ed a\u00f0 \u00fea\u00f0 mundi ver\u00f0a \u00fe\u00e9r a\u00f0 t\u00e1lsn\u00f6ru.<a name=\"17\"><span class=\"versanumer\">17<\/span><\/a>&#8222;Ef \u00fe\u00fa skyldir segja \u00ed hjarta \u00fe\u00ednu: \u00deessar \u00fej\u00f3\u00f0ir eru fj\u00f6lmennari en \u00e9g; hvernig f\u00e6 \u00e9g reki\u00f0 \u00fe\u00e6r burt?&#8220;<a name=\"18\"><span class=\"versanumer\">18<\/span><\/a>\u00fe\u00e1 ver \u00fe\u00fa ekki hr\u00e6ddur vi\u00f0 \u00fe\u00e6r. Minnstu \u00feess, hva\u00f0 Drottinn Gu\u00f0 \u00feinn gj\u00f6r\u00f0i vi\u00f0 Fara\u00f3 og alla Egypta,<a name=\"19\"><span class=\"versanumer\">19<\/span><\/a>hinna miklu m\u00e1ttarverka, er \u00fe\u00fa s\u00e1st me\u00f0 eigin augum, t\u00e1knanna og st\u00f3rmerkjanna, og hvernig Drottinn Gu\u00f0 \u00feinn leiddi \u00feig \u00fat me\u00f0 sterkri hendi og \u00fatr\u00e9ttum armlegg. Eins mun Drottinn, Gu\u00f0 \u00feinn, fara me\u00f0 allar \u00fe\u00e6r \u00fej\u00f3\u00f0ir, sem \u00fe\u00fa n\u00fa ert hr\u00e6ddur vi\u00f0.<a name=\"20\"><span class=\"versanumer\">20<\/span><\/a>J\u00e1, jafnvel skelfingu mun Drottinn Gu\u00f0 \u00feinn senda me\u00f0al \u00feeirra, uns allir \u00feeir eru dau\u00f0ir, sem eftir hafa or\u00f0i\u00f0 og fali\u00f0 hafa sig fyrir \u00fe\u00e9r.<a name=\"21\"><span class=\"versanumer\">21<\/span><\/a>\u00de\u00fa skalt ekki hr\u00e6\u00f0ast \u00fe\u00e1, \u00fev\u00ed a\u00f0 Drottinn, Gu\u00f0 \u00feinn, er me\u00f0 \u00fe\u00e9r, hinn mikli og \u00f3gurlegi Gu\u00f0.<a name=\"22\"><span class=\"versanumer\">22<\/span><\/a>&#8222;Drottinn Gu\u00f0 \u00feinn mun st\u00f6kkva \u00feessum \u00fej\u00f3\u00f0um \u00e1 burt undan \u00fe\u00e9r sm\u00e1m saman; \u00fe\u00fa m\u00e1tt ekki ey\u00f0a \u00feeim skj\u00f3tlega, svo a\u00f0 villid\u00fdrunum fj\u00f6lgi eigi um of fyrir \u00feig.&#8220;<a name=\"23\"><span class=\"versanumer\">23<\/span><\/a>En Drottinn Gu\u00f0 \u00feinn mun gefa \u00fe\u00e6r \u00e1 \u00feitt vald og koma miklum ruglingi \u00e1 \u00fe\u00e6r, uns \u00fe\u00e6r eru gj\u00f6reyddar.<a name=\"24\"><span class=\"versanumer\">24<\/span><\/a>Og hann mun gefa konunga \u00feeirra \u00ed hendur \u00fe\u00e9r, og \u00fe\u00fa munt afm\u00e1 n\u00f6fn \u00feeirra undir himninum. Enginn mun standast fyrir \u00fe\u00e9r, uns \u00fe\u00fa hefir gj\u00f6reytt \u00feeim.<a name=\"25\"><span class=\"versanumer\">25<\/span><\/a>Skur\u00f0l\u00edkneski gu\u00f0a \u00feeirra skalt \u00fe\u00fa brenna \u00ed eldi. \u00de\u00fa skalt eigi girnast silfri\u00f0 og gulli\u00f0, sem \u00e1 \u00feeim er, n\u00e9 taka \u00fea\u00f0 handa \u00fe\u00e9r, svo a\u00f0 \u00fea\u00f0 ver\u00f0i \u00fe\u00e9r eigi a\u00f0 t\u00e1lsn\u00f6ru, \u00fev\u00ed a\u00f0 sl\u00edkt er andstyggilegt fyrir Drottni Gu\u00f0i \u00fe\u00ednum.<a name=\"26\"><span class=\"versanumer\">26<\/span><\/a>Og eigi skalt \u00fe\u00fa f\u00e6ra andstyggilegan hlut inn \u00ed h\u00fas \u00feitt, svo a\u00f0 \u00fe\u00fa fallir ekki \u00ed sama banni\u00f0, sem hann er \u00ed. \u00de\u00fa skalt hafa megnan vi\u00f0bj\u00f3\u00f0 og andstygg\u00f0 \u00e1 \u00fev\u00ed, \u00fev\u00ed a\u00f0 \u00fea\u00f0 er bannf\u00e6r\u00f0ur hlutur.<\/p>\n<div class=\"footnote1981\"><b>7.1<\/b> Landi\u00f0 5M\u00f3s 1.21+ &#8211; sj\u00f6 \u00fej\u00f3\u00f0ir Post 13.19; sbr 5M\u00f3s 20.17; 2M\u00f3s 3.8<br \/>\n<b>7.2<\/b> Ekki gera s\u00e1ttm\u00e1la sbr J\u00f3s 9.1-27<br \/>\n<b>7.3<\/b> \u00c1hrif kvenna 4M\u00f3s 25.2+ ; 31.15-16<br \/>\n<b>7.4<\/b> Sn\u00faa fr\u00e1 Gu\u00f0i 5M\u00f3s 4.25-27 \u2013 a\u00f0rir gu\u00f0ir 2M\u00f3s 20.3+<br \/>\n<b>7.5<\/b> Skur\u00f0go\u00f0ad\u00fdrkun 5M\u00f3s 12.2-3; 2M\u00f3s 34.13+ sbr 5M\u00f3s 16.21<br \/>\n<b>7.6<\/b> Heil\u00f6g \u00fej\u00f3\u00f0 5M\u00f3s 14.2,21; 26.19; 28.9; sbr 2M\u00f3s 19.6; 22.30 \u2013 eignarl\u00fd\u00f0ur Drottins 5M\u00f3s 14.2; 26.18; 2M\u00f3s 19.5; T\u00edt 2.14; 1P\u00e9t 2.9; sbr R\u00f3m 9.4<br \/>\n<b>7.7<\/b> Ekki vegna ver\u00f0leika \u00cdsraels 5M\u00f3s 9.5<br \/>\n<b>7.8<\/b> Me\u00f0 sterkri hendi 5M\u00f3s 3.24+ &#8211; Gu\u00f0 frelsa\u00f0i \u00cdsrael 5M\u00f3s 9.26; 13.6; 15.15; 24.18; M\u00edk 6.4 \u2013 \u00fer\u00e6lah\u00fasi\u00f0 5M\u00f3s 5.6+ &#8211; Gu\u00f0 elskar y\u00f0ur 5M\u00f3s 4.37+<br \/>\n<b>7.9<\/b> Gu\u00f0 heldur s\u00e1ttm\u00e1lann Neh 1.5 \u2013 tr\u00fafastur Gu\u00f0 5M\u00f3s 5.10; 2M\u00f3s 20.6+ ; 1Kor 1.9; 10.13 \u2013 elska Gu\u00f0 5M\u00f3s 5.10+<br \/>\n<b>7.10<\/b> Endurgjalda 5M\u00f3s 32.41; sbr 24.16<br \/>\n<b>7.11<\/b> Halda 5M\u00f3s 5.1+ &#8211; fyrirm\u00e6lin 5M\u00f3s 4.2+<br \/>\n<b>7.12-15<\/b> Ef \u00fei\u00f0 &#8230; 2M\u00f3s 15.26<br \/>\n<b>7.13<\/b> Blessun og velmegun 5M\u00f3s 28.4; Okv 10.22; S\u00edr 33.17 \u2013 fyrirheitna landi\u00f0 5M\u00f3s 1.8+<br \/>\n<b>7.15<\/b> S\u00f3ttir 5M\u00f3s 4.34; 2M\u00f3s 7.8-11.10<br \/>\n<b>7.16<\/b> Enga sam\u00fa\u00f0 5M\u00f3s 13.9; 19.13,21; 25.12 \u2013 \u00fej\u00f3na gu\u00f0um 5M\u00f3s 7.4; 8.19; 11.16; 13.3,14 \u2013 gildra 2M\u00f3s 23.33+<br \/>\n<b>7.18<\/b> Ekki \u00f3ttast 5M\u00f3s 3.2+<br \/>\n<b>7.19<\/b> T\u00e1kn og undur 5M\u00f3s 4.34+ &#8211; sterk h\u00f6nd 5M\u00f3s 4.34+ &#8211; \u00fat af Egyptalandi 5M\u00f3s 5.6+<br \/>\n<b>7.20<\/b> \u00d6rv\u00e6nting 2M\u00f3s 23.28-30<br \/>\n<b>7.21<\/b> Hr\u00e6\u00f0ist ekki 5M\u00f3s 1.29+ &#8211; Drottinn er m\u00e9r \u00cdsrael 5M\u00f3s 4.7+<br \/>\n<b>7.23<\/b> Gj\u00f6rey\u00f0a 5M\u00f3s 28.20<br \/>\n<b>7.24<\/b> Gefa \u00fe\u00e9r \u00e1 vald J\u00f3s 8.1; 10.8,16-43<br \/>\n<b>7.25<\/b> Brenna skur\u00f0go\u00f0in 5M\u00f3s 7.5; 9.21; 2Kon 10.26; Jer 43.12 \u2013 Drottni vi\u00f0urstygg\u00f0 5M\u00f3s 12.31; 17.1; 18.12; 22.5; 23.18; 24.4; 25.16; 27.15; Okv 11.1,20; 15.8; 16.5; sbr 5M\u00f3s 13.15; 20.18; 32.16; Jer 32.35; Esk 8.6-17<\/div>\n","protected":false},"excerpt":{"rendered":"<p>1\u00deegar Drottinn Gu\u00f0 \u00feinn lei\u00f0ir \u00feig inn \u00ed landi\u00f0, sem \u00fe\u00fa heldur n\u00fa inn \u00ed til \u00feess a\u00f0 taka \u00fea\u00f0 til eignar, og hann hefir st\u00f6kkt burt undan \u00fe\u00e9r m\u00f6rgum \u00fej\u00f3\u00f0um: Het\u00edtum, G\u00edrgas\u00edtum, Amor\u00edtum, Kanaan\u00edtum, Peres\u00edtum, Hev\u00edtum og Jeb\u00fas\u00edtum, sj\u00f6 \u00fej\u00f3\u00f0um, sem eru fj\u00f6lmennari og voldugri en \u00fe\u00fa,2og er Drottinn Gu\u00f0 \u00feinn gefur \u00fe\u00e6r \u00e1 vald \u00feitt og \u00fe\u00fa sigrast \u00e1 \u00feeim, \u00fe\u00e1 skalt \u00fe\u00fa gj\u00f6rey\u00f0a \u00feeim. \u00de\u00fa skalt eigi gj\u00f6ra s\u00e1ttm\u00e1la vi\u00f0 \u00fe\u00e6r n\u00e9 s\u00fdna \u00feeim v\u00e6g\u00f0.3Og eigi skalt \u00fe\u00fa m\u00e6gjast vi\u00f0 \u00fe\u00e6r. \u00de\u00fa skalt hvorki gefa sonum \u00feeirra d\u00e6tur \u00fe\u00ednar n\u00e9 heldur taka d\u00e6tur \u00feeirra til handa sonum <a href=\"https:\/\/biblian.is\/1981\/fimmta-mosebok-7-kafli\/\"> [&#8230;]<\/a><\/p>\n","protected":false},"author":1,"featured_media":0,"parent":0,"menu_order":0,"comment_status":"open","ping_status":"open","template":"bibliukaflar.php","meta":{"footnotes":""},"class_list":["post-1506","page","type-page","status-publish","hentry"],"_links":{"self":[{"href":"https:\/\/biblian.is\/1981\/wp-json\/wp\/v2\/pages\/1506","targetHints":{"allow":["GET"]}}],"collection":[{"href":"https:\/\/biblian.is\/1981\/wp-json\/wp\/v2\/pages"}],"about":[{"href":"https:\/\/biblian.is\/1981\/wp-json\/wp\/v2\/types\/page"}],"author":[{"embeddable":true,"href":"https:\/\/biblian.is\/1981\/wp-json\/wp\/v2\/users\/1"}],"replies":[{"embeddable":true,"href":"https:\/\/biblian.is\/1981\/wp-json\/wp\/v2\/comments?post=1506"}],"version-history":[{"count":0,"href":"https:\/\/biblian.is\/1981\/wp-json\/wp\/v2\/pages\/1506\/revisions"}],"wp:attachment":[{"href":"https:\/\/biblian.is\/1981\/wp-json\/wp\/v2\/media?parent=1506"}],"curies":[{"name":"wp","href":"https:\/\/api.w.org\/{rel}","templated":true}]}}