{"id":1505,"date":"2017-11-18T20:17:32","date_gmt":"2017-11-18T20:17:32","guid":{"rendered":"http:\/\/biblian.is\/1981\/fimmta-mosebok-6-kafli\/"},"modified":"2021-06-06T10:51:21","modified_gmt":"2021-06-06T10:51:21","slug":"fimmta-mosebok-6-kafli","status":"publish","type":"page","link":"https:\/\/biblian.is\/1981\/fimmta-mosebok-6-kafli\/","title":{"rendered":"Fimmta M\u00f3seb\u00f3k 6. kafli"},"content":{"rendered":"<p><a name=\"1\"><span class=\"versanumer\">1<\/span><\/a>\u00deetta eru \u00fe\u00e1 skipanir \u00fe\u00e6r, l\u00f6g og \u00e1kv\u00e6\u00f0i, sem Drottinn Gu\u00f0 y\u00f0ar hefir bo\u00f0i\u00f0, a\u00f0 \u00fe\u00e9r skyldu\u00f0 l\u00e6ra og breyta eftir \u00ed \u00fev\u00ed landi, er \u00fe\u00e9r haldi\u00f0 n\u00fa yfir til, til \u00feess a\u00f0 f\u00e1 \u00fea\u00f0 til eignar,<a name=\"2\"><span class=\"versanumer\">2<\/span><\/a>svo a\u00f0 \u00fe\u00fa \u00f3ttist Drottin Gu\u00f0 \u00feinn og var\u00f0veitir \u00f6ll l\u00f6g hans og skipanir, sem \u00e9g legg fyrir \u00feig, b\u00e6\u00f0i \u00fe\u00fa sj\u00e1lfur og sonur \u00feinn og sonarsonur \u00feinn, alla \u00e6vidaga \u00fe\u00edna og svo a\u00f0 \u00fe\u00fa ver\u00f0ir langl\u00edfur.<a name=\"3\"><span class=\"versanumer\">3<\/span><\/a>Heyr \u00fev\u00ed, \u00cdsrael, og g\u00e6t \u00feess a\u00f0 breyta eftir \u00feeim, svo a\u00f0 \u00fe\u00e9r vegni vel og y\u00f0ur megi fj\u00f6lga st\u00f3rum, eins og Drottinn, Gu\u00f0 fe\u00f0ra \u00feinna, hefir heiti\u00f0 \u00fe\u00e9r, \u00ed landi, sem fl\u00fdtur \u00ed mj\u00f3lk og hunangi.<a name=\"4\"><span class=\"versanumer\">4<\/span><\/a>&#8222;Heyr \u00cdsrael! Drottinn er vor Gu\u00f0; hann einn er Drottinn!&#8220;<a name=\"5\"><span class=\"versanumer\">5<\/span><\/a>\u00de\u00fa skalt elska Drottin Gu\u00f0 \u00feinn af \u00f6llu hjarta \u00fe\u00ednu og af allri s\u00e1lu \u00feinni og af \u00f6llum m\u00e6tti \u00fe\u00ednum.<a name=\"6\"><span class=\"versanumer\">6<\/span><\/a>\u00deessi or\u00f0, sem \u00e9g legg fyrir \u00feig \u00ed dag, skulu vera \u00fe\u00e9r hugf\u00f6st.<a name=\"7\"><span class=\"versanumer\">7<\/span><\/a>\u00de\u00fa skalt br\u00fdna \u00feau fyrir b\u00f6rnum \u00fe\u00ednum og tala um \u00feau, \u00feegar \u00fe\u00fa ert heima og \u00feegar \u00fe\u00fa ert \u00e1 fer\u00f0alagi, \u00feegar \u00fe\u00fa leggst til hv\u00edldar og \u00feegar \u00fe\u00fa fer \u00e1 f\u00e6tur.<a name=\"8\"><span class=\"versanumer\">8<\/span><\/a>\u00de\u00fa skalt binda \u00feau til merkis \u00e1 h\u00f6nd \u00fe\u00e9r og hafa \u00feau sem minningarb\u00f6nd \u00e1 milli augna \u00feinna<a name=\"9\"><span class=\"versanumer\">9<\/span><\/a>og \u00fe\u00fa skalt skrifa \u00feau \u00e1 dyrastafi h\u00fass \u00fe\u00edns og \u00e1 borgarhli\u00f0 \u00fe\u00edn.<a name=\"10\"><span class=\"versanumer\">10<\/span><\/a>\u00deegar Drottinn Gu\u00f0 \u00feinn lei\u00f0ir \u00feig inn \u00ed landi\u00f0, sem hann s\u00f3r fe\u00f0rum \u00fe\u00ednum, Abraham, \u00cdsak og Jakob, a\u00f0 gefa \u00fe\u00e9r, st\u00f3rar og fagrar borgir, sem \u00fe\u00fa hefir ekki reist,<a name=\"11\"><span class=\"versanumer\">11<\/span><\/a>og h\u00fas full af \u00f6llum g\u00f3\u00f0um hlutum, \u00e1n \u00feess a\u00f0 \u00fe\u00fa hafir fyllt \u00feau, og \u00fath\u00f6ggna brunna, sem \u00fe\u00fa hefir eigi \u00fat h\u00f6ggvi\u00f0, v\u00edngar\u00f0a og ol\u00edutr\u00e9, sem \u00fe\u00fa hefir ekki gr\u00f3\u00f0ursett, og \u00fe\u00fa etur og ver\u00f0ur saddur,<a name=\"12\"><span class=\"versanumer\">12<\/span><\/a>\u00fe\u00e1 g\u00e6t \u00fe\u00fa \u00fe\u00edn, a\u00f0 \u00fe\u00fa gleymir ekki Drottni, sem leiddi \u00feig \u00fat af Egyptalandi, \u00fat \u00far \u00fer\u00e6lah\u00fasinu.<a name=\"13\"><span class=\"versanumer\">13<\/span><\/a>Drottin Gu\u00f0 \u00feinn skalt \u00fe\u00fa \u00f3ttast, og hann skalt \u00fe\u00fa d\u00fdrka og vi\u00f0 nafn hans skalt \u00fe\u00fa sverja.<a name=\"14\"><span class=\"versanumer\">14<\/span><\/a>Eigi skulu\u00f0 \u00fe\u00e9r elta neina a\u00f0ra gu\u00f0i af gu\u00f0um \u00fej\u00f3\u00f0a \u00feeirra, er umhverfis y\u00f0ur b\u00faa,<a name=\"15\"><span class=\"versanumer\">15<\/span><\/a>\u00fev\u00ed a\u00f0 Drottinn Gu\u00f0 \u00feinn, sem b\u00fdr hj\u00e1 \u00fe\u00e9r, er vandl\u00e1tur Gu\u00f0, til \u00feess a\u00f0 eigi upptendrist rei\u00f0i Drottins Gu\u00f0s \u00fe\u00edns \u00ed gegn \u00fe\u00e9r og hann ey\u00f0i \u00fe\u00e9r \u00far landinu.<a name=\"16\"><span class=\"versanumer\">16<\/span><\/a>Eigi skulu\u00f0 \u00fe\u00e9r freista Drottins Gu\u00f0s y\u00f0ar, eins og \u00fe\u00e9r freistu\u00f0u\u00f0 hans \u00ed Massa.<a name=\"17\"><span class=\"versanumer\">17<\/span><\/a>Var\u00f0veiti\u00f0 kostg\u00e6filega skipanir Drottins Gu\u00f0s y\u00f0ar og fyrirm\u00e6li hans og l\u00f6g, \u00feau er hann hefir fyrir \u00feig lagt.<a name=\"18\"><span class=\"versanumer\">18<\/span><\/a>\u00de\u00fa skalt gj\u00f6ra \u00fea\u00f0, sem r\u00e9tt er og gott \u00ed augum Drottins, svo a\u00f0 \u00fe\u00e9r vegni vel og \u00fe\u00fa komist inn \u00ed og f\u00e1ir til eignar landi\u00f0 g\u00f3\u00f0a, sem Drottinn s\u00f3r fe\u00f0rum \u00fe\u00ednum,<a name=\"19\"><span class=\"versanumer\">19<\/span><\/a>me\u00f0 \u00fev\u00ed a\u00f0 hann st\u00f6kkvir burt \u00f6llum \u00f3vinum \u00fe\u00ednum undan \u00fe\u00e9r, eins og Drottinn hefir heiti\u00f0.<a name=\"20\"><span class=\"versanumer\">20<\/span><\/a>\u00deegar sonur \u00feinn spyr \u00feig \u00e1 s\u00ed\u00f0an og segir: Hva\u00f0 eiga fyrirm\u00e6lin, l\u00f6gin og \u00e1kv\u00e6\u00f0in a\u00f0 \u00fe\u00fd\u00f0a, sem Drottinn Gu\u00f0 vor hefir fyrir y\u00f0ur lagt?<a name=\"21\"><span class=\"versanumer\">21<\/span><\/a>\u00fe\u00e1 skalt \u00fe\u00fa segja vi\u00f0 son \u00feinn: V\u00e9r vorum \u00fer\u00e6lar Fara\u00f3s \u00ed Egyptalandi, en Drottinn leiddi oss af Egyptalandi me\u00f0 sterkri hendi.<a name=\"22\"><span class=\"versanumer\">22<\/span><\/a>Og hann gj\u00f6r\u00f0i mikil og sk\u00e6\u00f0 t\u00e1kn og undur \u00e1 hendur Egyptalandi, Fara\u00f3 og \u00f6llu h\u00fasi hans a\u00f0 oss \u00e1sj\u00e1andi.<a name=\"23\"><span class=\"versanumer\">23<\/span><\/a>Og hann leiddi oss \u00fat \u00fea\u00f0an til \u00feess a\u00f0 fara me\u00f0 oss hinga\u00f0 og gefa oss landi\u00f0, sem hann s\u00f3r fe\u00f0rum vorum.<a name=\"24\"><span class=\"versanumer\">24<\/span><\/a>Og hann bau\u00f0 oss a\u00f0 halda \u00f6ll \u00feessi l\u00f6g me\u00f0 \u00fev\u00ed a\u00f0 \u00f3ttast Drottin Gu\u00f0 vorn, svo a\u00f0 oss m\u00e6tti vegna vel alla daga og hann halda oss \u00e1 l\u00edfi, eins og allt til \u00feessa.<a name=\"25\"><span class=\"versanumer\">25<\/span><\/a>Og v\u00e9r munum taldir ver\u00f0a r\u00e9ttl\u00e1tir, ef v\u00e9r g\u00e6tum \u00feess a\u00f0 breyta eftir \u00f6llum \u00feessum skipunum fyrir augliti Drottins Gu\u00f0s vors, eins og hann hefir bo\u00f0i\u00f0 oss.<\/p>\n<div class=\"footnote1981\"><b>6.1<\/b> Landi\u00f0 5M\u00f3s 1.21+<br \/>\n<b>6.2<\/b> Vir\u00f0i\u00f0 Gu\u00f0 5M\u00f3s 4.10+ &#8211; set ykkur 5M\u00f3s 4.2+ &#8211; langl\u00edfi 5M\u00f3s 4.26+<br \/>\n<b>6.3<\/b> Halda \u00feau 5M\u00f3s 5.1+ &#8211; a\u00f0 \u00fe\u00e9r vegni vel 5M\u00f3s 4.40+<br \/>\n<b>6.4<\/b> Heyr \u00cdsrael 5M\u00f3s 4.1; Mrk 12.29 \u2013 Drottinn einn sbr 5M\u00f3s 4.35; 1Kor 8.4<br \/>\n<b>6.5<\/b> Elska Gu\u00f0 5M\u00f3s 5.10+ &#8211; af \u00f6llu hjarta 5M\u00f3s 4.29+<br \/>\n<b>6.6<\/b> \u00c9g bo\u00f0a \u00fe\u00e9r 5M\u00f3s 4.2+<br \/>\n<b>6.7<\/b> Kenna b\u00f6rnunum 2M\u00f3s 10.2+<br \/>\n<b>6.9<\/b> \u00c1 dyrastafi 5M\u00f3s 11.20<br \/>\n<b>6.10<\/b> Hi\u00f0 fyrirheitna land 5M\u00f3s 1.8+<br \/>\n<b>6.11<\/b> Matast og ver\u00f0a mettur 5M\u00f3s 8.10,12; 11.15; 31.20; Okv 30.8-9<br \/>\n<b>6.12<\/b> Ekki gleyma Drottni 5M\u00f3s 4.9+ &#8211; \u00fat af Egyptalandi 5M\u00f3s 5.6+ &#8211; \u00fer\u00e6lah\u00fasi\u00f0 5M\u00f3s 5.6+<br \/>\n<b>6.13<\/b> \u00d3ttast Drottinn 5M\u00f3s 4.10+ &#8211; \u00fej\u00f3na Gu\u00f0i Matt 4.10<br \/>\n<b>6.14<\/b> A\u00f0rir gu\u00f0ir 5M\u00f3s 11.28; 13.3,7,14; 29.25; 2M\u00f3s 20.3+ ; 3M\u00f3s 19.4+<br \/>\n<b>6.15<\/b> Afbr\u00fd\u00f0isamur Gu\u00f0 2M\u00f3s 20.5+ &#8211; Drottinn sem hj\u00e1 \u00fe\u00e9r er 5M\u00f3s 4.7+<br \/>\n<b>6.16<\/b> Reyna Drottin Matt 4.7+ &#8211; Massa 2M\u00f3s 17.7+<br \/>\n<b>6.18<\/b> R\u00e9tt \u00ed augum Drottins 5M\u00f3s 12.25,28; 13.19; 21.9; 2M\u00f3s 15.26; 1Kon 11.33; 14.8; Jer 34.15 \u2013 vegni vel 5M\u00f3s 4.40+ &#8211; gott land 5M\u00f3s 1.25+ &#8211; fyrirheitna landi\u00f0 5M\u00f3s 1.8+<br \/>\n<b>6.20<\/b> Kenna b\u00f6rnunum 2M\u00f3s 10.2+<br \/>\n<b>6.21<\/b> \u00der\u00e6lar \u00ed Egyptalandi 5M\u00f3s 5.15+ &#8211; me\u00f0 sterkri hendi 5M\u00f3s 3.24+<br \/>\n<b>6.22<\/b> T\u00e1kn og m\u00e1ttarverk 5M\u00f3s 4.34+<br \/>\n<b>6.23<\/b> \u00dat af Egyptalandi 5M\u00f3s 5.6+<br \/>\n<b>6.24<\/b> \u00d3ttast Drottin 5M\u00f3s 4.10+ &#8211; halda bo\u00f0or\u00f0in og lifa 5M\u00f3s 4.1+<br \/>\n<b>6.25<\/b> G\u00e6ta \u00feess a\u00f0 fylgja 5M\u00f3s 5.1+ &#8211; \u00f6llum fyrirm\u00e6lum 5M\u00f3s 5.31+<\/div>\n","protected":false},"excerpt":{"rendered":"<p>1\u00deetta eru \u00fe\u00e1 skipanir \u00fe\u00e6r, l\u00f6g og \u00e1kv\u00e6\u00f0i, sem Drottinn Gu\u00f0 y\u00f0ar hefir bo\u00f0i\u00f0, a\u00f0 \u00fe\u00e9r skyldu\u00f0 l\u00e6ra og breyta eftir \u00ed \u00fev\u00ed landi, er \u00fe\u00e9r haldi\u00f0 n\u00fa yfir til, til \u00feess a\u00f0 f\u00e1 \u00fea\u00f0 til eignar,2svo a\u00f0 \u00fe\u00fa \u00f3ttist Drottin Gu\u00f0 \u00feinn og var\u00f0veitir \u00f6ll l\u00f6g hans og skipanir, sem \u00e9g legg fyrir \u00feig, b\u00e6\u00f0i \u00fe\u00fa sj\u00e1lfur og sonur \u00feinn og sonarsonur \u00feinn, alla \u00e6vidaga \u00fe\u00edna og svo a\u00f0 \u00fe\u00fa ver\u00f0ir langl\u00edfur.3Heyr \u00fev\u00ed, \u00cdsrael, og g\u00e6t \u00feess a\u00f0 breyta eftir \u00feeim, svo a\u00f0 \u00fe\u00e9r vegni vel og y\u00f0ur megi fj\u00f6lga st\u00f3rum, eins og Drottinn, Gu\u00f0 fe\u00f0ra \u00feinna, hefir heiti\u00f0 <a href=\"https:\/\/biblian.is\/1981\/fimmta-mosebok-6-kafli\/\"> [&#8230;]<\/a><\/p>\n","protected":false},"author":1,"featured_media":0,"parent":0,"menu_order":0,"comment_status":"open","ping_status":"open","template":"bibliukaflar.php","meta":{"footnotes":""},"class_list":["post-1505","page","type-page","status-publish","hentry"],"_links":{"self":[{"href":"https:\/\/biblian.is\/1981\/wp-json\/wp\/v2\/pages\/1505","targetHints":{"allow":["GET"]}}],"collection":[{"href":"https:\/\/biblian.is\/1981\/wp-json\/wp\/v2\/pages"}],"about":[{"href":"https:\/\/biblian.is\/1981\/wp-json\/wp\/v2\/types\/page"}],"author":[{"embeddable":true,"href":"https:\/\/biblian.is\/1981\/wp-json\/wp\/v2\/users\/1"}],"replies":[{"embeddable":true,"href":"https:\/\/biblian.is\/1981\/wp-json\/wp\/v2\/comments?post=1505"}],"version-history":[{"count":0,"href":"https:\/\/biblian.is\/1981\/wp-json\/wp\/v2\/pages\/1505\/revisions"}],"wp:attachment":[{"href":"https:\/\/biblian.is\/1981\/wp-json\/wp\/v2\/media?parent=1505"}],"curies":[{"name":"wp","href":"https:\/\/api.w.org\/{rel}","templated":true}]}}