{"id":1502,"date":"2017-11-18T20:17:32","date_gmt":"2017-11-18T20:17:32","guid":{"rendered":"http:\/\/biblian.is\/1981\/fimmta-mosebok-3-kafli\/"},"modified":"2021-06-06T11:38:49","modified_gmt":"2021-06-06T11:38:49","slug":"fimmta-mosebok-3-kafli","status":"publish","type":"page","link":"https:\/\/biblian.is\/1981\/fimmta-mosebok-3-kafli\/","title":{"rendered":"Fimmta M\u00f3seb\u00f3k 3. kafli"},"content":{"rendered":"<p><a name=\"1\"><span class=\"versanumer\">1<\/span><\/a>Snerum v\u00e9r n\u00fa \u00e1 lei\u00f0 og h\u00e9ldum veginn, sem liggur til Basan. En \u00d3g, konungur \u00ed Basan, f\u00f3r \u00ed m\u00f3ti oss me\u00f0 \u00f6llu li\u00f0i s\u00ednu til \u00feess a\u00f0 heyja bardaga hj\u00e1 Edre\u00ed.<a name=\"2\"><span class=\"versanumer\">2<\/span><\/a>\u00de\u00e1 sag\u00f0i Drottinn vi\u00f0 mig: Eigi skalt \u00fe\u00fa \u00f3ttast hann, \u00fev\u00ed a\u00f0 \u00e9g gef hann og li\u00f0 hans allt og land hans \u00ed \u00fe\u00ednar hendur, og skalt \u00fe\u00fa svo fara me\u00f0 hann eins og \u00fe\u00fa f\u00f3rst me\u00f0 S\u00edhon, Amor\u00edtakonung, er bj\u00f3 \u00ed Hesbon.<a name=\"3\"><span class=\"versanumer\">3<\/span><\/a>Drottinn Gu\u00f0 vor gaf oss \u00feannig og \u00ed hendur \u00d3g, konung \u00ed Basan, og li\u00f0 hans allt, og v\u00e9r felldum hann, svo a\u00f0 enginn var eftir skilinn, er undan k\u00e6mist.<a name=\"4\"><span class=\"versanumer\">4<\/span><\/a>\u00de\u00e1 unnum v\u00e9r allar borgir hans. Var engin s\u00fa borg, a\u00f0 v\u00e9r eigi n\u00e6\u00f0um henni fr\u00e1 \u00feeim: sext\u00edu borgir, allt Arg\u00f3bh\u00e9ra\u00f0, konungsr\u00edki \u00d3gs \u00ed Basan.<a name=\"5\"><span class=\"versanumer\">5<\/span><\/a>Allt voru \u00feetta borgir v\u00edggirtar h\u00e1um m\u00farveggjum, hli\u00f0um og slagbr\u00f6ndum, auk mikils fj\u00f6lda af \u00f3umgirtum \u00feorpum.<a name=\"6\"><span class=\"versanumer\">6<\/span><\/a>Og v\u00e9r gj\u00f6reyddum \u00fe\u00e6r, eins og v\u00e9r h\u00f6f\u00f0um \u00e1\u00f0ur gj\u00f6rt vi\u00f0 S\u00edhon, konung \u00ed Hesbon, me\u00f0 \u00fev\u00ed a\u00f0 gj\u00f6rey\u00f0a hverja borg a\u00f0 karlm\u00f6nnum, konum og b\u00f6rnum.<a name=\"7\"><span class=\"versanumer\">7<\/span><\/a>En f\u00e9na\u00f0inn allan og r\u00e1nsfenginn \u00far borgunum t\u00f3kum v\u00e9r a\u00f0 herfangi.<a name=\"8\"><span class=\"versanumer\">8<\/span><\/a>\u00deannig t\u00f3kum v\u00e9r \u00ed \u00fea\u00f0 skipti \u00far h\u00f6ndum beggja Amor\u00edtakonunga land allt hinumegin J\u00f3rdanar fr\u00e1 Arnon\u00e1 til Hermonfjalls<a name=\"9\"><span class=\"versanumer\">9<\/span><\/a>Hermon kalla S\u00eddoningar Sirjon, en Amor\u00edtar kalla \u00fea\u00f0 Sen\u00edr ,<a name=\"10\"><span class=\"versanumer\">10<\/span><\/a>allar borgir \u00e1 sl\u00e9ttlendinu, G\u00edlea\u00f0 allt og Basan, alla lei\u00f0 til Salka og Edre\u00ed, \u00fe\u00e6r borgir \u00ed Basan, er heyr\u00f0u konungsr\u00edki \u00d3gs.<a name=\"11\"><span class=\"versanumer\">11<\/span><\/a>\u00dev\u00ed a\u00f0 \u00d3g, konungur \u00ed Basan, var s\u00e1 eini, sem eftir var af Refa\u00edtum. Sj\u00e1, l\u00edkkista hans var gj\u00f6r \u00far j\u00e1rni og er enn til \u00ed Rabba hj\u00e1 Amm\u00f3n\u00edtum. H\u00fan er n\u00edu \u00e1lna l\u00f6ng og fj\u00f6gra \u00e1lna brei\u00f0 eftir venjulegu alinm\u00e1li.<a name=\"12\"><span class=\"versanumer\">12<\/span><\/a>\u00deetta land t\u00f3kum v\u00e9r \u00fe\u00e1 til eignar. Fr\u00e1 Ar\u00f3er, sem liggur vi\u00f0 Arnon\u00e1, og h\u00e1lft G\u00edlea\u00f0fjalllendi og borgirnar \u00ed \u00fev\u00ed gaf \u00e9g R\u00faben\u00edtum og Ga\u00f0\u00edtum,<a name=\"13\"><span class=\"versanumer\">13<\/span><\/a>en \u00fea\u00f0, sem eftir var af G\u00edlea\u00f0, og allt Basan, konungsr\u00edki \u00d3gs, gaf \u00e9g h\u00e1lfri \u00e6ttkv\u00edsl Manasse, allt Arg\u00f3bh\u00e9ra\u00f0. Basan allt er kalla\u00f0 Refa\u00edtaland.<a name=\"14\"><span class=\"versanumer\">14<\/span><\/a>Ja\u00edr, son Manasse, nam allt Arg\u00f3bh\u00e9ra\u00f0 allt a\u00f0 landam\u00e6rum Ges\u00far\u00edta og Maakat\u00edta og kalla\u00f0i \u00fea\u00f0, sem s\u00e9 Basan, eftir nafni s\u00ednu Ja\u00edrs\u00feorp, og helst \u00fea\u00f0 nafn enn \u00ed dag.<a name=\"15\"><span class=\"versanumer\">15<\/span><\/a>Mak\u00edr gaf \u00e9g G\u00edlea\u00f0,<a name=\"16\"><span class=\"versanumer\">16<\/span><\/a>og R\u00faben\u00edtum og Ga\u00f0\u00edtum gaf \u00e9g land fr\u00e1 G\u00edlea\u00f0 su\u00f0ur a\u00f0 Arnon\u00e1, \u00ed dalinn mi\u00f0jan, voru \u00fea\u00f0 su\u00f0urtakm\u00f6rkin, og alla lei\u00f0 a\u00f0 Jabbok\u00e1, sem er \u00e1 landam\u00e6rum Amm\u00f3n\u00edta.<a name=\"17\"><span class=\"versanumer\">17<\/span><\/a>Enn fremur sl\u00e9ttlendi\u00f0 me\u00f0 J\u00f3rdan \u00e1 m\u00f6rkum, fr\u00e1 Genesaretvatni su\u00f0ur a\u00f0 vatninu \u00e1 sl\u00e9ttlendinu, Saltasj\u00f3, undir Pisgahl\u00ed\u00f0um, austanmegin.<a name=\"18\"><span class=\"versanumer\">18<\/span><\/a>\u00de\u00e1 bau\u00f0 \u00e9g y\u00f0ur og sag\u00f0i: Drottinn Gu\u00f0 y\u00f0ar hefir gefi\u00f0 y\u00f0ur \u00feetta land til eignar. Fari\u00f0 v\u00edgb\u00fanir fyrir br\u00e6\u00f0rum y\u00f0ar, \u00cdsraelsm\u00f6nnum, allir \u00fe\u00e9r sem vopnf\u00e6rir eru\u00f0.<a name=\"19\"><span class=\"versanumer\">19<\/span><\/a>En konur y\u00f0ar og b\u00f6rn og b\u00fasmali y\u00f0ar \u00e9g veit a\u00f0 \u00fe\u00e9r eigi\u00f0 mikinn f\u00e9na\u00f0 skal ver\u00f0a eftir \u00ed borgunum, sem \u00e9g hefi gefi\u00f0 y\u00f0ur,<a name=\"20\"><span class=\"versanumer\">20<\/span><\/a>\u00fear til er Drottinn Gu\u00f0 y\u00f0ar veitir br\u00e6\u00f0rum y\u00f0ar hv\u00edld, eins og y\u00f0ur, og \u00feeir hafa l\u00edka teki\u00f0 til eignar land \u00fea\u00f0, er Drottinn Gu\u00f0 y\u00f0ar gefur \u00feeim hinumegin J\u00f3rdanar. \u00de\u00e1 megi\u00f0 \u00fe\u00e9r sn\u00faa aftur, hver til \u00f3\u00f0als s\u00edns, er \u00e9g hefi gefi\u00f0 y\u00f0ur.<a name=\"21\"><span class=\"versanumer\">21<\/span><\/a>J\u00f3s\u00faa bau\u00f0 \u00e9g \u00fe\u00e1 og sag\u00f0i: \u00de\u00fa hefir s\u00e9\u00f0 allt \u00fea\u00f0 me\u00f0 eigin augum, sem Drottinn Gu\u00f0 y\u00f0ar hefir gj\u00f6rt \u00feessum tveimur konungum. Eins mun Drottinn fara me\u00f0 \u00f6ll \u00feau konungar\u00edki, sem \u00fe\u00fa ert \u00e1 lei\u00f0 til.<a name=\"22\"><span class=\"versanumer\">22<\/span><\/a>Eigi skulu\u00f0 \u00fe\u00e9r \u00f3ttast \u00feau, \u00fev\u00ed a\u00f0 Drottinn Gu\u00f0 y\u00f0ar berst fyrir y\u00f0ur.<a name=\"23\"><span class=\"versanumer\">23<\/span><\/a>\u00de\u00e1 ba\u00f0 \u00e9g Drottin l\u00edknar og sag\u00f0i:<a name=\"24\"><span class=\"versanumer\">24<\/span><\/a>\u00d3 Drottinn Gu\u00f0! \u00de\u00fa hefir n\u00fa \u00feegar s\u00fdnt \u00fej\u00f3ni \u00fe\u00ednum, hve mikill \u00fe\u00fa ert og hve sterk h\u00f6nd \u00fe\u00edn er, \u00fev\u00ed a\u00f0 hver er s\u00e1 gu\u00f0 \u00e1 himni e\u00f0a j\u00f6r\u00f0u, sem gj\u00f6ri \u00f6nnur eins verk og \u00fe\u00fa og jafnmikil m\u00e1ttarverk?<a name=\"25\"><span class=\"versanumer\">25<\/span><\/a>\u00c6, leyf m\u00e9r a\u00f0 fara yfir um og sj\u00e1 landi\u00f0 g\u00f3\u00f0a, sem er hinumegin J\u00f3rdanar, \u00feetta fagra fjalllendi og L\u00edbanon.<a name=\"26\"><span class=\"versanumer\">26<\/span><\/a>En Drottinn reiddist m\u00e9r y\u00f0ar vegna og b\u00e6nheyr\u00f0i mig ekki, og Drottinn sag\u00f0i vi\u00f0 mig: N\u00f3g um \u00fea\u00f0. Tala eigi meira um \u00feetta m\u00e1l vi\u00f0 mig.<a name=\"27\"><span class=\"versanumer\">27<\/span><\/a>Far \u00fe\u00fa upp \u00e1 Pisgatind og horf \u00fe\u00fa \u00ed vestur, nor\u00f0ur, su\u00f0ur og austur og l\u00edt \u00fea\u00f0 me\u00f0 augum \u00fe\u00ednum, \u00fev\u00ed a\u00f0 \u00fe\u00fa munt ekki komast yfir hana J\u00f3rdan.<a name=\"28\"><span class=\"versanumer\">28<\/span><\/a>En skipa \u00fe\u00fa J\u00f3s\u00faa foringja og tel hug \u00ed hann og gj\u00f6r hann \u00f6ruggan, \u00fev\u00ed a\u00f0 hann skal fara yfir um fyrir \u00feessu f\u00f3lki og hann skal skipta milli \u00feeirra landinu, sem \u00fe\u00fa s\u00e9r.<a name=\"29\"><span class=\"versanumer\">29<\/span><\/a>Dv\u00f6ldum v\u00e9r n\u00fa um hr\u00ed\u00f0 \u00ed dalnum \u00e1 m\u00f3ts vi\u00f0 Bet Pe\u00f3r.<\/p>\n<div class=\"footnote1981\"><b>3.1<\/b> Breytt um stefnu 5M\u00f3s 1.7+ &#8211; \u00d3g 5M\u00f3s 1.4+<br \/>\n<b>3.2<\/b> Ekki \u00f3ttast \u00f3vininn 5M\u00f3s 1.21; 3.22; 7.18, 31.8; 4M\u00f3s 21.4; J\u00f3s 8.1; 10.8; 11.6<br \/>\n<b>3.7<\/b> R\u00e1ndfengur 5M\u00f3s 2.35+<br \/>\n<b>3.8<\/b> G\u00edlea\u00f0 skipt 4M\u00f3s 32; Slm 135.10-12; 136.17-22<br \/>\n<b>3.11<\/b> Refa\u00edtar 5M\u00f3s 2.11+<br \/>\n<b>3.12<\/b> R\u00faben J\u00f3s 13.15-23 \u2013 Ga\u00f0 J\u00f3s 13.24-28<br \/>\n<b>3.13<\/b> Manasse J\u00f3s 13.29-31<br \/>\n<b>3.14<\/b> H\u00e9r\u00f6\u00f0 Ja\u00edrs 4M\u00f3s 32.41, J\u00f3s 13.30; D\u00f3m 10.4; 1Kon 4.13<br \/>\n<b>3.17<\/b> J\u00f3rdan J\u00f3s 13.23,27 \u2013 Pisga 5M\u00f3s 3.27; 34.1; 4M\u00f3s 21.20<br \/>\n<b>3.18<\/b> Gu\u00f0 gaf landi\u00f0 J\u00f3s 1.2,11; sbr 5M\u00f3s 1.8+ &#8211; R\u00faben, Ga\u00f0, Manasse berjast 4M\u00f3s 32.17-32<br \/>\n<b>3.20<\/b> Hv\u00edld 5M\u00f3s 12.9; 1Kon 8.56; Slm 95.11; Heb 3.11-4.11 \u2013 landi\u00f0, sem Drottinn gefur 5M\u00f3s 4.1; 11.31 \u2013 arfur 5M\u00f3s 4.21; 15.4; 19.10; 20.16; 21.23; 24.4; 25.19; 26.1<br \/>\n<b>3.21<\/b> J\u00f3s\u00faa 5M\u00f3s 1.38+<br \/>\n<b>3.22<\/b> Ekki \u00f3ttast 5M\u00f3s 3.2+ &#8211; Gu\u00f0 berst fyrir \u00cdsrael 5M\u00f3s 1.30; 20.4; 2M\u00f3s 14.25; J\u00f3s 10.14,42; 23.3,10; Sak 14.3; sbr D\u00f3m 7.1-22; 1Sam 7.10; 2Kro 20.20-25<br \/>\n<b>3.24<\/b> M\u00e1ttur Drottins 5M\u00f3s 5.24; 11.2-3; sbr 2M\u00f3s 15.6-7 \u2013 sterk h\u00f6nd 5M\u00f3s 6.21; 7.8; 9.26; sbr 4.34+ &#8211; hver er sem Gu\u00f0? 2M\u00f3s 15.11; Slm 86.8<br \/>\n<b>3.25<\/b> Gott land 5M\u00f3s 1.25+<br \/>\n<b>3.26<\/b> Drottinn rei\u00f0ist M\u00f3se 5M\u00f3s 1.37+<br \/>\n<b>3.27<\/b> Pisga 5M\u00f3s 3.17+ &#8211; land fyrirheitsins 4M\u00f3s 27.12+<br \/>\n<b>3.28<\/b> J\u00f3s\u00faa 5M\u00f3s 1.38+ &#8211; hugur og \u00f6ryggi 5M\u00f3s 31.6,23; J\u00f3s 1.6,18; 10.25; 1Kro 22.13; 28.20; 2Kro 32.7<br \/>\n<b>3.29<\/b> Bet Pe\u00f3r 4M\u00f3s 25.1-18+<\/div>\n","protected":false},"excerpt":{"rendered":"<p>1Snerum v\u00e9r n\u00fa \u00e1 lei\u00f0 og h\u00e9ldum veginn, sem liggur til Basan. En \u00d3g, konungur \u00ed Basan, f\u00f3r \u00ed m\u00f3ti oss me\u00f0 \u00f6llu li\u00f0i s\u00ednu til \u00feess a\u00f0 heyja bardaga hj\u00e1 Edre\u00ed.2\u00de\u00e1 sag\u00f0i Drottinn vi\u00f0 mig: Eigi skalt \u00fe\u00fa \u00f3ttast hann, \u00fev\u00ed a\u00f0 \u00e9g gef hann og li\u00f0 hans allt og land hans \u00ed \u00fe\u00ednar hendur, og skalt \u00fe\u00fa svo fara me\u00f0 hann eins og \u00fe\u00fa f\u00f3rst me\u00f0 S\u00edhon, Amor\u00edtakonung, er bj\u00f3 \u00ed Hesbon.3Drottinn Gu\u00f0 vor gaf oss \u00feannig og \u00ed hendur \u00d3g, konung \u00ed Basan, og li\u00f0 hans allt, og v\u00e9r felldum hann, svo a\u00f0 enginn var eftir skilinn, <a href=\"https:\/\/biblian.is\/1981\/fimmta-mosebok-3-kafli\/\"> [&#8230;]<\/a><\/p>\n","protected":false},"author":1,"featured_media":0,"parent":0,"menu_order":0,"comment_status":"open","ping_status":"open","template":"bibliukaflar.php","meta":{"footnotes":""},"class_list":["post-1502","page","type-page","status-publish","hentry"],"_links":{"self":[{"href":"https:\/\/biblian.is\/1981\/wp-json\/wp\/v2\/pages\/1502","targetHints":{"allow":["GET"]}}],"collection":[{"href":"https:\/\/biblian.is\/1981\/wp-json\/wp\/v2\/pages"}],"about":[{"href":"https:\/\/biblian.is\/1981\/wp-json\/wp\/v2\/types\/page"}],"author":[{"embeddable":true,"href":"https:\/\/biblian.is\/1981\/wp-json\/wp\/v2\/users\/1"}],"replies":[{"embeddable":true,"href":"https:\/\/biblian.is\/1981\/wp-json\/wp\/v2\/comments?post=1502"}],"version-history":[{"count":0,"href":"https:\/\/biblian.is\/1981\/wp-json\/wp\/v2\/pages\/1502\/revisions"}],"wp:attachment":[{"href":"https:\/\/biblian.is\/1981\/wp-json\/wp\/v2\/media?parent=1502"}],"curies":[{"name":"wp","href":"https:\/\/api.w.org\/{rel}","templated":true}]}}