{"id":1501,"date":"2017-11-18T20:17:32","date_gmt":"2017-11-18T20:17:32","guid":{"rendered":"http:\/\/biblian.is\/1981\/fimmta-mosebok-2-kafli\/"},"modified":"2021-06-06T10:51:13","modified_gmt":"2021-06-06T10:51:13","slug":"fimmta-mosebok-2-kafli","status":"publish","type":"page","link":"https:\/\/biblian.is\/1981\/fimmta-mosebok-2-kafli\/","title":{"rendered":"Fimmta M\u00f3seb\u00f3k 2. kafli"},"content":{"rendered":"<p><a name=\"1\"><span class=\"versanumer\">1<\/span><\/a>S\u00ed\u00f0an snerum v\u00e9r \u00e1 lei\u00f0 og h\u00e9ldum inn \u00ed ey\u00f0im\u00f6rkina, lei\u00f0ina til Sefhafsins, eins og Drottinn haf\u00f0i bo\u00f0i\u00f0 m\u00e9r, og v\u00e9r f\u00f3rum \u00ed kringum Se\u00edrfj\u00f6ll marga daga.<a name=\"2\"><span class=\"versanumer\">2<\/span><\/a>\u00de\u00e1 sag\u00f0i Drottinn vi\u00f0 mig:<a name=\"3\"><span class=\"versanumer\">3<\/span><\/a>\u00de\u00e9r hafi\u00f0 fari\u00f0 n\u00f3gu lengi \u00ed kringum fj\u00f6ll \u00feessi. Haldi\u00f0 n\u00fa \u00ed nor\u00f0ur.<a name=\"4\"><span class=\"versanumer\">4<\/span><\/a>En bj\u00f3\u00f0 \u00fe\u00fa l\u00fd\u00f0num og seg: \u00de\u00e9r fari\u00f0 n\u00fa yfir landamerki br\u00e6\u00f0ra y\u00f0ar, Esa\u00fa sona, sem b\u00faa \u00ed Se\u00edr, og \u00feeir munu ver\u00f0a hr\u00e6ddir vi\u00f0 y\u00f0ur. En g\u00e6ti\u00f0 \u00feess vandlega<a name=\"5\"><span class=\"versanumer\">5<\/span><\/a>a\u00f0 gj\u00f6ra \u00feeim engan \u00f3fri\u00f0, \u00fev\u00ed a\u00f0 ekki mun \u00e9g gefa y\u00f0ur svo miki\u00f0 sem \u00feverfet af landi \u00feeirra, \u00fev\u00ed a\u00f0 \u00e9g hefi gefi\u00f0 Esa\u00fa Se\u00edrfj\u00f6ll til eignar.<a name=\"6\"><span class=\"versanumer\">6<\/span><\/a>Mat skulu\u00f0 \u00fe\u00e9r kaupa af \u00feeim fyrir silfur, a\u00f0 \u00fe\u00e9r megi\u00f0 eta, og vatn skulu\u00f0 \u00fe\u00e9r einnig kaupa af \u00feeim fyrir silfur, a\u00f0 \u00fe\u00e9r megi\u00f0 drekka.<a name=\"7\"><span class=\"versanumer\">7<\/span><\/a>&#8222;\u00dev\u00ed a\u00f0 Drottinn Gu\u00f0 \u00feinn hefir blessa\u00f0 \u00feig \u00ed \u00f6llu, sem \u00fe\u00fa hefir teki\u00f0 \u00fe\u00e9r fyrir hendur. Hann hefir bori\u00f0 umhyggju fyrir f\u00f6r \u00feinni um \u00feessa miklu ey\u00f0im\u00f6rk. \u00cd fj\u00f6rut\u00edu \u00e1r hefir Drottinn Gu\u00f0 \u00feinn n\u00fa veri\u00f0 me\u00f0 \u00fe\u00e9r; ekkert hefir \u00feig skort.&#8220;<a name=\"8\"><span class=\"versanumer\">8<\/span><\/a>S\u00ed\u00f0an h\u00e9ldum v\u00e9r \u00e1fram burt fr\u00e1 br\u00e6\u00f0rum vorum Esa\u00fa sonum, sem b\u00faa \u00ed Se\u00edr, burt fr\u00e1 veginum yfir sl\u00e9ttlendi\u00f0, burt fr\u00e1 Elat og Esj\u00f3n Geber, og beyg\u00f0um vi\u00f0 og h\u00e9ldum lei\u00f0ina til M\u00f3absey\u00f0imerkur.<a name=\"9\"><span class=\"versanumer\">9<\/span><\/a>\u00de\u00e1 sag\u00f0i Drottinn vi\u00f0 mig: Leiti\u00f0 eigi \u00e1 M\u00f3ab\u00edta og hefji\u00f0 engan \u00f3fri\u00f0 vi\u00f0 \u00fe\u00e1, \u00fev\u00ed a\u00f0 eigi mun \u00e9g gefa \u00fe\u00e9r neitt af landi \u00feeirra til eignar, me\u00f0 \u00fev\u00ed a\u00f0 \u00e9g hefi gefi\u00f0 Lots sonum Ar til eignar.<a name=\"10\"><span class=\"versanumer\">10<\/span><\/a>Em\u00edtar bjuggu \u00fear for\u00f0um, mikil \u00fej\u00f3\u00f0 og fj\u00f6lmenn og st\u00f3rvaxin, eins og Anak\u00edtar.<a name=\"11\"><span class=\"versanumer\">11<\/span><\/a>\u00deeir voru og taldir Refa\u00edtar, eins og Anak\u00edtar, en M\u00f3ab\u00edtar k\u00f6llu\u00f0u \u00fe\u00e1 Em\u00edta.<a name=\"12\"><span class=\"versanumer\">12<\/span><\/a>H\u00f3r\u00edtar bjuggu og for\u00f0um \u00ed Se\u00edr, en Esa\u00fa synir hr\u00f6ktu \u00fe\u00e1 burt og eyddu \u00feeim, en settust sj\u00e1lfir a\u00f0 l\u00f6ndum \u00feeirra, eins og \u00cdsrael gj\u00f6r\u00f0i vi\u00f0 eignarland sitt, er Drottinn haf\u00f0i gefi\u00f0 \u00feeim.<a name=\"13\"><span class=\"versanumer\">13<\/span><\/a>Taki\u00f0 y\u00f0ur n\u00fa upp og fari\u00f0 yfir Sered\u00e1. Og v\u00e9r f\u00f3rum yfir Sered\u00e1.<a name=\"14\"><span class=\"versanumer\">14<\/span><\/a>\u00cd \u00ferj\u00e1t\u00edu og \u00e1tta \u00e1r vorum v\u00e9r \u00e1 lei\u00f0inni fr\u00e1 Kades Barnea, til \u00feess er v\u00e9r f\u00f3rum yfir Sered\u00e1, uns \u00f6ll kynsl\u00f3\u00f0in, hinir vopnf\u00e6ru menn, var d\u00e1in \u00far herb\u00fa\u00f0unum, eins og Drottinn haf\u00f0i svari\u00f0 \u00feeim.<a name=\"15\"><span class=\"versanumer\">15<\/span><\/a>H\u00f6nd Drottins var einnig \u00e1 m\u00f3ti \u00feeim, svo a\u00f0 hann eyddi \u00feeim \u00far herb\u00fa\u00f0unum, uns enginn \u00feeirra var eftir.<a name=\"16\"><span class=\"versanumer\">16<\/span><\/a>En er allir vopnf\u00e6rir menn af l\u00fd\u00f0num voru d\u00e1nir,<a name=\"17\"><span class=\"versanumer\">17<\/span><\/a>\u00fe\u00e1 m\u00e6lti Drottinn til m\u00edn \u00feessum or\u00f0um:<a name=\"18\"><span class=\"versanumer\">18<\/span><\/a>\u00de\u00fa fer \u00ed dag um land M\u00f3ab\u00edta, fram hj\u00e1 Ar,<a name=\"19\"><span class=\"versanumer\">19<\/span><\/a>og munt \u00fe\u00fa \u00fe\u00e1 koma \u00ed n\u00e1nd vi\u00f0 Amm\u00f3n\u00edta, en eigi skalt \u00fe\u00fa leita \u00e1 \u00fe\u00e1 n\u00e9 gj\u00f6ra \u00feeim nokkurn \u00f3fri\u00f0, \u00fev\u00ed a\u00f0 eigi mun \u00e9g gefa \u00fe\u00e9r neitt af landi Amm\u00f3n\u00edta til eignar, me\u00f0 \u00fev\u00ed a\u00f0 \u00e9g hefi gefi\u00f0 Lots sonum \u00fea\u00f0 til eignar.<a name=\"20\"><span class=\"versanumer\">20<\/span><\/a>\u00dea\u00f0 er og tali\u00f0 land Refa\u00edta. Refa\u00edtar bjuggu \u00fear for\u00f0um og k\u00f6llu\u00f0u Amm\u00f3n\u00edtar \u00fe\u00e1 Sams\u00famm\u00edta,<a name=\"21\"><span class=\"versanumer\">21<\/span><\/a>mikil \u00fej\u00f3\u00f0 og fj\u00f6lmenn og st\u00f3rvaxin, eins og Anak\u00edtar. En Drottinn eyddi \u00feeim fyrir Amm\u00f3n\u00edtum, svo a\u00f0 \u00feeir eignu\u00f0ust l\u00f6nd \u00feeirra og settust a\u00f0 \u00ed \u00feeirra sta\u00f0,<a name=\"22\"><span class=\"versanumer\">22<\/span><\/a>eins og hann gj\u00f6r\u00f0i fyrir Esa\u00fa sonu, sem b\u00faa \u00ed Se\u00edr, \u00fe\u00e1 er hann eyddi H\u00f3r\u00edtum fyrir \u00feeim, svo a\u00f0 \u00feeir eignu\u00f0ust l\u00f6nd \u00feeirra og settust a\u00f0 \u00ed \u00feeirra sta\u00f0, og er svo enn \u00ed dag.<a name=\"23\"><span class=\"versanumer\">23<\/span><\/a>Svo var og um Av\u00edta, sem bjuggu \u00ed \u00feorpum allt til Gasa. Kaft\u00f3r\u00edtar komu fr\u00e1 Kaft\u00f3r og eyddu \u00feeim og settust sj\u00e1lfir a\u00f0 l\u00f6ndum \u00feeirra.<a name=\"24\"><span class=\"versanumer\">24<\/span><\/a>Taki\u00f0 y\u00f0ur n\u00fa upp og haldi\u00f0 af sta\u00f0 og fari\u00f0 yfir Arnon\u00e1. Sj\u00e1, \u00e9g hefi gefi\u00f0 \u00e1 \u00feitt vald Amor\u00edtann S\u00edhon, konung \u00ed Hesbon, og land hans. Tak n\u00fa til a\u00f0 vinna landi\u00f0 og legg til orustu vi\u00f0 hann.<a name=\"25\"><span class=\"versanumer\">25<\/span><\/a>Skal \u00e9g l\u00e1ta \u00fea\u00f0 hefjast \u00ed dag, a\u00f0 \u00f6llum \u00fej\u00f3\u00f0um undir himninum standi af \u00fe\u00e9r \u00f3tti og hr\u00e6\u00f0sla. Ef \u00fe\u00e6r heyra \u00feig nefndan \u00e1 nafn, skulu \u00fe\u00e6r f\u00e1 \u00ed sig hr\u00e6\u00f0slu og kv\u00ed\u00f0a fyrir \u00fe\u00e9r.<a name=\"26\"><span class=\"versanumer\">26<\/span><\/a>\u00de\u00e1 gj\u00f6r\u00f0i \u00e9g menn \u00far Kedem\u00f3tey\u00f0im\u00f6rk \u00e1 fund S\u00edhons, konungs \u00ed Hesbon, me\u00f0 svol\u00e1tandi fri\u00f0aror\u00f0:<a name=\"27\"><span class=\"versanumer\">27<\/span><\/a>Leyf m\u00e9r a\u00f0 fara um land \u00feitt. Mun \u00e9g fara r\u00e9tta \u00fej\u00f3\u00f0lei\u00f0 og skal \u00e9g eigi sveigja af til h\u00e6gri n\u00e9 vinstri.<a name=\"28\"><span class=\"versanumer\">28<\/span><\/a>Mat munt \u00fe\u00fa selja m\u00e9r fyrir silfur, a\u00f0 \u00e9g megi eta, og vatn skalt \u00fe\u00fa l\u00e1ta mig f\u00e1 fyrir silfur, a\u00f0 \u00e9g megi drekka. Leyf m\u00e9r a\u00f0eins a\u00f0 fara um f\u00f3tgangandi,<a name=\"29\"><span class=\"versanumer\">29<\/span><\/a>eins og \u00feeir leyf\u00f0u m\u00e9r, Esa\u00fa synir, sem b\u00faa \u00ed Se\u00edr, og M\u00f3ab\u00edtar, sem b\u00faa \u00ed Ar, uns \u00e9g fer yfir J\u00f3rdan inn \u00ed landi\u00f0, sem Drottinn Gu\u00f0 vor gefur oss.<a name=\"30\"><span class=\"versanumer\">30<\/span><\/a>En S\u00edhon, konungur \u00ed Hesbon, vildi ekki leyfa oss a\u00f0 fara um land sitt, \u00fev\u00ed a\u00f0 Drottinn Gu\u00f0 \u00feinn herti anda hans og gj\u00f6r\u00f0i hjarta hans \u00fever\u00fa\u00f0arfullt, af \u00fev\u00ed a\u00f0 hann vildi gefa hann \u00ed \u00fe\u00ednar hendur, eins og n\u00fa er fram komi\u00f0.<a name=\"31\"><span class=\"versanumer\">31<\/span><\/a>Drottinn sag\u00f0i vi\u00f0 mig: Sj\u00e1, \u00e9g hefi byrja\u00f0 a\u00f0 selja \u00fe\u00e9r \u00ed hendur S\u00edhon og land hans. Tak n\u00fa til a\u00f0 vinna \u00fea\u00f0, svo a\u00f0 \u00fe\u00fa megir eignast land hans.<a name=\"32\"><span class=\"versanumer\">32<\/span><\/a>F\u00f3r S\u00edhon \u00fe\u00e1 \u00ed m\u00f3ti oss me\u00f0 \u00f6llu li\u00f0i s\u00ednu og \u00e1tti orustu vi\u00f0 oss hj\u00e1 Jahas.<a name=\"33\"><span class=\"versanumer\">33<\/span><\/a>En Drottinn Gu\u00f0 vor gaf hann \u00e1 vort vald, svo a\u00f0 v\u00e9r unnum sigur \u00e1 honum, sonum hans og \u00f6llu li\u00f0i hans.<a name=\"34\"><span class=\"versanumer\">34<\/span><\/a>\u00de\u00e1 unnum v\u00e9r og \u00e1 sama t\u00edma allar borgir hans og gj\u00f6reyddum hverja borg a\u00f0 karlm\u00f6nnum, konum og b\u00f6rnum. V\u00e9r l\u00e9tum engan undan komast.<a name=\"35\"><span class=\"versanumer\">35<\/span><\/a>F\u00e9na\u00f0inn einn t\u00f3kum v\u00e9r a\u00f0 herfangi, svo og r\u00e1nsfenginn \u00far borgunum, er v\u00e9r h\u00f6f\u00f0um unni\u00f0.<a name=\"36\"><span class=\"versanumer\">36<\/span><\/a>Fr\u00e1 Ar\u00f3er, sem liggur \u00e1 bakka Arnon\u00e1r, og fr\u00e1 borginni, sem liggur \u00ed dalnum, alla lei\u00f0 til G\u00edlea\u00f0 var engin s\u00fa borg, er oss v\u00e6ri \u00f3kleift a\u00f0 vinna. Drottinn Gu\u00f0 vor gaf \u00fe\u00e6r allar \u00e1 vort vald.<a name=\"37\"><span class=\"versanumer\">37<\/span><\/a>A\u00f0eins komst \u00fe\u00fa ekki n\u00e6rri landi Amm\u00f3n\u00edta, h\u00e9ra\u00f0inu fram vi\u00f0 Jabbok\u00e1, borgunum \u00ed fjalllendinu, n\u00e9 nokkru \u00fev\u00ed, sem Drottinn Gu\u00f0 vor haf\u00f0i banna\u00f0 oss.<\/p>\n<div class=\"footnote1981\"><b>2.1<\/b> Breytt um stefnu 5M\u00f3s 1.7+<br \/>\n<b>2.4<\/b> Ed\u00f3m 4M\u00f3s 20.14-21<br \/>\n<b>2.5<\/b> Land Esa\u00fa 1M\u00f3s 36.8<br \/>\n<b>2.6<\/b> Kaupa mat 5M\u00f3s 2.28<br \/>\n<b>2.7<\/b> Gu\u00f0 blessar \u00feig 5M\u00f3s 14.29; 16.15; 24.19; 28.12; Job 1.10, sbr 5M\u00f3s 30.9; Slm 90.17<br \/>\n<b>2.8<\/b> Breytt um stefnu 5M\u00f3s 1.7+<br \/>\n<b>2.9<\/b> M\u00f3ab 5M\u00f3s 23.3-6; 4M\u00f3s 21.10-20 \u2013 ni\u00f0jum Lots 5M\u00f3s 2.19; 1M\u00f3s 19.30-38<br \/>\n<b>2.11<\/b> Refa\u00edtar 5M\u00f3s 2.20-21; 3.11; 1M\u00f3s 14.5; J\u00f3s 12.4; 17.15<br \/>\n<b>2.12<\/b> H\u00f3r\u00edtar 1M\u00f3s 14.6<br \/>\n<b>2.14<\/b> Ill kynsl\u00f3\u00f0 5M\u00f3s 1.35+<br \/>\n<b>2.24<\/b> Arnon\u00e1 4M\u00f3s 21.13 \u2013 S\u00edhon 5M\u00f3s 1.4+<br \/>\n<b>2.28<\/b> Kaupa mat 5M\u00f3s 2.6<br \/>\n<b>2.29<\/b> Fer\u00f0 um Ed\u00f3m og M\u00f3ab 5M\u00f3s 2.6,18<br \/>\n<b>2.30<\/b> Eflt bar\u00e1ttuvilja 2M\u00f3s 7.3+<br \/>\n<b>2.35<\/b> R\u00e1nsfengur 5M\u00f3s 3.7; 20.14; J\u00f3s 8.2<\/div>\n","protected":false},"excerpt":{"rendered":"<p>1S\u00ed\u00f0an snerum v\u00e9r \u00e1 lei\u00f0 og h\u00e9ldum inn \u00ed ey\u00f0im\u00f6rkina, lei\u00f0ina til Sefhafsins, eins og Drottinn haf\u00f0i bo\u00f0i\u00f0 m\u00e9r, og v\u00e9r f\u00f3rum \u00ed kringum Se\u00edrfj\u00f6ll marga daga.2\u00de\u00e1 sag\u00f0i Drottinn vi\u00f0 mig:3\u00de\u00e9r hafi\u00f0 fari\u00f0 n\u00f3gu lengi \u00ed kringum fj\u00f6ll \u00feessi. Haldi\u00f0 n\u00fa \u00ed nor\u00f0ur.4En bj\u00f3\u00f0 \u00fe\u00fa l\u00fd\u00f0num og seg: \u00de\u00e9r fari\u00f0 n\u00fa yfir landamerki br\u00e6\u00f0ra y\u00f0ar, Esa\u00fa sona, sem b\u00faa \u00ed Se\u00edr, og \u00feeir munu ver\u00f0a hr\u00e6ddir vi\u00f0 y\u00f0ur. En g\u00e6ti\u00f0 \u00feess vandlega5a\u00f0 gj\u00f6ra \u00feeim engan \u00f3fri\u00f0, \u00fev\u00ed a\u00f0 ekki mun \u00e9g gefa y\u00f0ur svo miki\u00f0 sem \u00feverfet af landi \u00feeirra, \u00fev\u00ed a\u00f0 \u00e9g hefi gefi\u00f0 Esa\u00fa Se\u00edrfj\u00f6ll til eignar.6Mat skulu\u00f0 <a href=\"https:\/\/biblian.is\/1981\/fimmta-mosebok-2-kafli\/\"> [&#8230;]<\/a><\/p>\n","protected":false},"author":1,"featured_media":0,"parent":0,"menu_order":0,"comment_status":"open","ping_status":"open","template":"bibliukaflar.php","meta":{"footnotes":""},"class_list":["post-1501","page","type-page","status-publish","hentry"],"_links":{"self":[{"href":"https:\/\/biblian.is\/1981\/wp-json\/wp\/v2\/pages\/1501","targetHints":{"allow":["GET"]}}],"collection":[{"href":"https:\/\/biblian.is\/1981\/wp-json\/wp\/v2\/pages"}],"about":[{"href":"https:\/\/biblian.is\/1981\/wp-json\/wp\/v2\/types\/page"}],"author":[{"embeddable":true,"href":"https:\/\/biblian.is\/1981\/wp-json\/wp\/v2\/users\/1"}],"replies":[{"embeddable":true,"href":"https:\/\/biblian.is\/1981\/wp-json\/wp\/v2\/comments?post=1501"}],"version-history":[{"count":0,"href":"https:\/\/biblian.is\/1981\/wp-json\/wp\/v2\/pages\/1501\/revisions"}],"wp:attachment":[{"href":"https:\/\/biblian.is\/1981\/wp-json\/wp\/v2\/media?parent=1501"}],"curies":[{"name":"wp","href":"https:\/\/api.w.org\/{rel}","templated":true}]}}