{"id":1499,"date":"2017-11-18T20:17:32","date_gmt":"2017-11-18T20:17:32","guid":{"rendered":"http:\/\/biblian.is\/1981\/fjorda-mosebok-36-kafli\/"},"modified":"2021-06-06T10:56:42","modified_gmt":"2021-06-06T10:56:42","slug":"fjorda-mosebok-36-kafli","status":"publish","type":"page","link":"https:\/\/biblian.is\/1981\/fjorda-mosebok-36-kafli\/","title":{"rendered":"Fj\u00f3r\u00f0a M\u00f3seb\u00f3k 36. kafli"},"content":{"rendered":"<p><a name=\"1\"><span class=\"versanumer\">1<\/span><\/a>\u00c6tth\u00f6f\u00f0ingjarnir af kynkv\u00edsl G\u00edlea\u00f0s sona, Mak\u00edrssonar, Manassesonar, af kynkv\u00edslum J\u00f3sefs sona, gengu fram og t\u00f6lu\u00f0u fyrir augliti M\u00f3se og fyrir augliti h\u00f6fu\u00f0smannanna, \u00e6tth\u00f6f\u00f0ingja \u00cdsraelsmanna,<a name=\"2\"><span class=\"versanumer\">2<\/span><\/a>og s\u00f6g\u00f0u: Drottinn hefir bo\u00f0i\u00f0 \u00fe\u00e9r, herra, a\u00f0 f\u00e1 \u00cdsraelsm\u00f6nnum landi\u00f0 til eignar me\u00f0 hlutkesti. \u00de\u00e9r var og, herra, bo\u00f0i\u00f0 af Drottni a\u00f0 f\u00e1 eignarhluta Selofha\u00f0s br\u00f3\u00f0ur vors d\u00e6trum hans \u00ed hendur.<a name=\"3\"><span class=\"versanumer\">3<\/span><\/a>Giftist \u00fe\u00e6r n\u00fa einhverjum af sonum annarra \u00e6ttkv\u00edsla \u00cdsraelsmanna, \u00fe\u00e1 tekst erf\u00f0 \u00feeirra af erf\u00f0 fe\u00f0ra vorra og b\u00e6tist vi\u00f0 erf\u00f0 \u00feess \u00e6ttleggs, er \u00fe\u00e6r giftast \u00ed, og tekst \u00feannig af erf\u00f0ahluta vorum.<a name=\"4\"><span class=\"versanumer\">4<\/span><\/a>Og \u00feegar fagna\u00f0ar\u00e1r \u00cdsraelsmanna kemur, \u00fe\u00e1 ver\u00f0ur erf\u00f0 \u00feeirra b\u00e6tt vi\u00f0 erf\u00f0 \u00feess \u00e6ttleggs, er \u00fe\u00e6r giftast \u00ed, og erf\u00f0 \u00feeirra tekst af erf\u00f0 \u00e6ttleggs fe\u00f0ra vorra.<a name=\"5\"><span class=\"versanumer\">5<\/span><\/a>\u00de\u00e1 gaf M\u00f3se \u00cdsraelsm\u00f6nnum svofelld fyrirm\u00e6li a\u00f0 bo\u00f0i Drottins: \u00c6ttleggur J\u00f3sefs sona hefir r\u00e9tt a\u00f0 m\u00e6la!<a name=\"6\"><span class=\"versanumer\">6<\/span><\/a>&#8222;\u00deetta eru fyrirm\u00e6li Drottins um d\u00e6tur Selofha\u00f0s: \u00de\u00e6r mega giftast hverjum sem \u00fe\u00e6r vilja; a\u00f0eins skulu \u00fe\u00e6r giftast einhverjum \u00far f\u00f6\u00f0ur\u00e6tt sinni,&#8220;<a name=\"7\"><span class=\"versanumer\">7<\/span><\/a>svo a\u00f0 erf\u00f0 \u00cdsraelsmanna gangi eigi fr\u00e1 einum \u00e6ttlegg til annars, heldur skulu allir \u00cdsraelsmenn halda fast \u00ed erf\u00f0 f\u00f6\u00f0ur\u00e6ttar sinnar.<a name=\"8\"><span class=\"versanumer\">8<\/span><\/a>S\u00e9rhver d\u00f3ttir af \u00e6ttkv\u00edslum \u00cdsraelsmanna, er erf\u00f0 hl\u00fdtur, skal giftast \u00ed f\u00f6\u00f0ur\u00e6tt s\u00edna, svo a\u00f0 hver \u00cdsraelsmanna erfi f\u00f6\u00f0urleif\u00f0 s\u00edna<a name=\"9\"><span class=\"versanumer\">9<\/span><\/a>og erf\u00f0 gangi eigi fr\u00e1 einum \u00e6ttlegg til annars, heldur skulu allir \u00e6ttleggir \u00cdsraelsmanna halda fast \u00ed erf\u00f0 s\u00edna.<a name=\"10\"><span class=\"versanumer\">10<\/span><\/a>D\u00e6tur Selofha\u00f0s gj\u00f6r\u00f0u svo sem Drottinn haf\u00f0i bo\u00f0i\u00f0 M\u00f3se,<a name=\"11\"><span class=\"versanumer\">11<\/span><\/a>og giftust \u00fe\u00e6r Mahla, Tirsa, Hogla, Milka og N\u00f3a, d\u00e6tur Selofha\u00f0s, sonum f\u00f6\u00f0urbr\u00e6\u00f0ra sinna.<a name=\"12\"><span class=\"versanumer\">12<\/span><\/a>Giftust \u00fe\u00e6r m\u00f6nnum af kynkv\u00edsl sona Manasse J\u00f3sefssonar, og var\u00f0 erf\u00f0 \u00feeirra kyrr \u00ed \u00e6ttlegg f\u00f6\u00f0ur\u00e6ttar \u00feeirra.<a name=\"13\"><span class=\"versanumer\">13<\/span><\/a>\u00deetta eru skipanir \u00fe\u00e6r og \u00e1kv\u00e6\u00f0i, er Drottinn setti \u00cdsraelsm\u00f6nnum og M\u00f3se flutti \u00feeim \u00e1 M\u00f3abshei\u00f0um vi\u00f0 J\u00f3rdan gegnt Jer\u00edk\u00f3. J\u00f3rdan gegnt Jer\u00edk\u00f3.<\/p>\n<div class=\"footnote1981\"><b>36.5-6<\/b> Bo\u00f0 Drottins 4M\u00f3s 9.8+<\/div>\n","protected":false},"excerpt":{"rendered":"<p>1\u00c6tth\u00f6f\u00f0ingjarnir af kynkv\u00edsl G\u00edlea\u00f0s sona, Mak\u00edrssonar, Manassesonar, af kynkv\u00edslum J\u00f3sefs sona, gengu fram og t\u00f6lu\u00f0u fyrir augliti M\u00f3se og fyrir augliti h\u00f6fu\u00f0smannanna, \u00e6tth\u00f6f\u00f0ingja \u00cdsraelsmanna,2og s\u00f6g\u00f0u: Drottinn hefir bo\u00f0i\u00f0 \u00fe\u00e9r, herra, a\u00f0 f\u00e1 \u00cdsraelsm\u00f6nnum landi\u00f0 til eignar me\u00f0 hlutkesti. \u00de\u00e9r var og, herra, bo\u00f0i\u00f0 af Drottni a\u00f0 f\u00e1 eignarhluta Selofha\u00f0s br\u00f3\u00f0ur vors d\u00e6trum hans \u00ed hendur.3Giftist \u00fe\u00e6r n\u00fa einhverjum af sonum annarra \u00e6ttkv\u00edsla \u00cdsraelsmanna, \u00fe\u00e1 tekst erf\u00f0 \u00feeirra af erf\u00f0 fe\u00f0ra vorra og b\u00e6tist vi\u00f0 erf\u00f0 \u00feess \u00e6ttleggs, er \u00fe\u00e6r giftast \u00ed, og tekst \u00feannig af erf\u00f0ahluta vorum.4Og \u00feegar fagna\u00f0ar\u00e1r \u00cdsraelsmanna kemur, \u00fe\u00e1 ver\u00f0ur erf\u00f0 \u00feeirra b\u00e6tt vi\u00f0 erf\u00f0 \u00feess \u00e6ttleggs, <a href=\"https:\/\/biblian.is\/1981\/fjorda-mosebok-36-kafli\/\"> [&#8230;]<\/a><\/p>\n","protected":false},"author":1,"featured_media":0,"parent":0,"menu_order":0,"comment_status":"open","ping_status":"open","template":"bibliukaflar.php","meta":{"footnotes":""},"class_list":["post-1499","page","type-page","status-publish","hentry"],"_links":{"self":[{"href":"https:\/\/biblian.is\/1981\/wp-json\/wp\/v2\/pages\/1499","targetHints":{"allow":["GET"]}}],"collection":[{"href":"https:\/\/biblian.is\/1981\/wp-json\/wp\/v2\/pages"}],"about":[{"href":"https:\/\/biblian.is\/1981\/wp-json\/wp\/v2\/types\/page"}],"author":[{"embeddable":true,"href":"https:\/\/biblian.is\/1981\/wp-json\/wp\/v2\/users\/1"}],"replies":[{"embeddable":true,"href":"https:\/\/biblian.is\/1981\/wp-json\/wp\/v2\/comments?post=1499"}],"version-history":[{"count":0,"href":"https:\/\/biblian.is\/1981\/wp-json\/wp\/v2\/pages\/1499\/revisions"}],"wp:attachment":[{"href":"https:\/\/biblian.is\/1981\/wp-json\/wp\/v2\/media?parent=1499"}],"curies":[{"name":"wp","href":"https:\/\/api.w.org\/{rel}","templated":true}]}}