{"id":1498,"date":"2017-11-18T20:17:32","date_gmt":"2017-11-18T20:17:32","guid":{"rendered":"http:\/\/biblian.is\/1981\/fjorda-mosebok-35-kafli\/"},"modified":"2021-06-06T10:56:42","modified_gmt":"2021-06-06T10:56:42","slug":"fjorda-mosebok-35-kafli","status":"publish","type":"page","link":"https:\/\/biblian.is\/1981\/fjorda-mosebok-35-kafli\/","title":{"rendered":"Fj\u00f3r\u00f0a M\u00f3seb\u00f3k 35. kafli"},"content":{"rendered":"<p><a name=\"1\"><span class=\"versanumer\">1<\/span><\/a>Drottinn tala\u00f0i vi\u00f0 M\u00f3se \u00e1 M\u00f3abshei\u00f0um vi\u00f0 J\u00f3rdan, gegnt Jer\u00edk\u00f3, og sag\u00f0i:<a name=\"2\"><span class=\"versanumer\">2<\/span><\/a>Bj\u00f3\u00f0 \u00fe\u00fa \u00cdsraelsm\u00f6nnum, a\u00f0 \u00feeir f\u00e1i lev\u00edtunum borgir til \u00edb\u00fa\u00f0ar af \u00f3\u00f0alseignum s\u00ednum, og til beitar skulu\u00f0 \u00fe\u00e9r f\u00e1 \u00feeim landi\u00f0 kringum borgirnar.<a name=\"3\"><span class=\"versanumer\">3<\/span><\/a>Og borgirnar skulu vera \u00feeim til \u00edb\u00fa\u00f0ar, og beitilandi\u00f0, er undir \u00fe\u00e6r liggur, skal vera fyrir gripi \u00feeirra, f\u00e9na\u00f0 \u00feeirra og allar a\u00f0rar skepnur \u00feeirra.<a name=\"4\"><span class=\"versanumer\">4<\/span><\/a>Og beitilandi\u00f0 hj\u00e1 borgunum, er \u00fe\u00e9r f\u00e1i\u00f0 lev\u00edtunum, skal vera \u00fe\u00fasund \u00e1lnir \u00fat fr\u00e1 borgarveggnum hringinn \u00ed kring.<a name=\"5\"><span class=\"versanumer\">5<\/span><\/a>Og fyrir utan borgina skulu\u00f0 \u00fe\u00e9r m\u00e6la austurhli\u00f0ina tv\u00f6 \u00fe\u00fasund \u00e1lnir, su\u00f0urhli\u00f0ina tv\u00f6 \u00fe\u00fasund \u00e1lnir, vesturhli\u00f0ina tv\u00f6 \u00fe\u00fasund \u00e1lnir og nor\u00f0urhli\u00f0ina tv\u00f6 \u00fe\u00fasund \u00e1lnir, en borgin sj\u00e1lf s\u00e9 \u00ed mi\u00f0ju. \u00deetta beitiland \u00ed kringum borgirnar skulu \u00feeir f\u00e1.<a name=\"6\"><span class=\"versanumer\">6<\/span><\/a>Og a\u00f0 \u00fev\u00ed er kemur til borganna, er \u00fe\u00e9r eigi\u00f0 a\u00f0 f\u00e1 lev\u00edtunum, \u00fe\u00e1 skulu\u00f0 \u00fe\u00e9r l\u00e1ta af hendi gri\u00f0asta\u00f0ina sex, til \u00feess a\u00f0 \u00feanga\u00f0 megi fl\u00fdja menn, er v\u00edg hafa unni\u00f0, en auk \u00feeirra skulu\u00f0 \u00fe\u00e9r f\u00e1 \u00feeim fj\u00f6rut\u00edu og tv\u00e6r borgir.<a name=\"7\"><span class=\"versanumer\">7<\/span><\/a>Borgirnar, er \u00fe\u00e9r f\u00e1i\u00f0 lev\u00edtunum, skulu vera fj\u00f6rut\u00edu og \u00e1tta borgir alls, \u00e1samt me\u00f0 beitilandi \u00fev\u00ed, er undir \u00fe\u00e6r liggur.<a name=\"8\"><span class=\"versanumer\">8<\/span><\/a>Og a\u00f0 \u00fev\u00ed er kemur til borganna, er \u00fe\u00e9r eigi\u00f0 a\u00f0 l\u00e1ta af \u00f3\u00f0ali \u00cdsraelsmanna, \u00fe\u00e1 skulu\u00f0 \u00fe\u00e9r l\u00e1ta mannm\u00f6rgu \u00e6ttkv\u00edslirnar leggja til fleiri, en hinar f\u00e1mennu f\u00e6rri. Hver einn skal f\u00e1 lev\u00edtunum af borgum s\u00ednum \u00ed r\u00e9ttu hlutfalli vi\u00f0 erf\u00f0ahlut \u00feann, er hann hefir fengi\u00f0.<a name=\"9\"><span class=\"versanumer\">9<\/span><\/a>Drottinn tala\u00f0i vi\u00f0 M\u00f3se og sag\u00f0i:<a name=\"10\"><span class=\"versanumer\">10<\/span><\/a>Tala \u00fe\u00fa til \u00cdsraelsmanna og seg vi\u00f0 \u00fe\u00e1: \u00deegar \u00fe\u00e9r eru\u00f0 komnir yfir um J\u00f3rdan inn \u00ed Kanaanland,<a name=\"11\"><span class=\"versanumer\">11<\/span><\/a>\u00fe\u00e1 velji\u00f0 y\u00f0ur haganlegar borgir. Skulu \u00fea\u00f0 vera y\u00f0ur gri\u00f0asta\u00f0ir, a\u00f0 \u00feanga\u00f0 megi fl\u00fdja vegendur, \u00feeir er \u00f3viljandi hafa or\u00f0i\u00f0 manni a\u00f0 bana.<a name=\"12\"><span class=\"versanumer\">12<\/span><\/a>Borgirnar skulu vera y\u00f0ur h\u00e6li fyrir hefnanda, svo a\u00f0 vegandinn t\u00fdni eigi l\u00edfi \u00e1\u00f0ur en hann hefir komi\u00f0 fyrir d\u00f3m safna\u00f0arins.<a name=\"13\"><span class=\"versanumer\">13<\/span><\/a>En gri\u00f0asta\u00f0irnir, sem \u00fe\u00e9r l\u00e1ti\u00f0 af hendi, skulu vera sex.<a name=\"14\"><span class=\"versanumer\">14<\/span><\/a>Skulu\u00f0 \u00fe\u00e9r l\u00e1ta \u00ferj\u00e1r borgir hinumegin J\u00f3rdanar og \u00ferj\u00e1r borgir \u00ed Kanaanlandi. Gri\u00f0asta\u00f0ir skulu \u00fe\u00e6r vera.<a name=\"15\"><span class=\"versanumer\">15<\/span><\/a>Skulu \u00feessar sex borgir vera gri\u00f0asta\u00f0ir b\u00e6\u00f0i fyrir \u00cdsraelsmenn og dvalarmenn og hj\u00e1b\u00fdlinga me\u00f0al y\u00f0ar, svo a\u00f0 \u00feanga\u00f0 megi fl\u00fdja hver s\u00e1, er or\u00f0i\u00f0 hefir manni a\u00f0 bana \u00f3viljandi.<a name=\"16\"><span class=\"versanumer\">16<\/span><\/a>Hafi hann losti\u00f0 hann me\u00f0 j\u00e1rnt\u00f3li, svo a\u00f0 hann bei\u00f0 bana af, \u00fe\u00e1 er hann manndr\u00e1pari, og manndr\u00e1para skal vissulega af l\u00edfi taka.<a name=\"17\"><span class=\"versanumer\">17<\/span><\/a>&#8222;Hafi hann losti\u00f0 hann me\u00f0 stein \u00ed hendi, er getur or\u00f0i\u00f0 manni a\u00f0 bana, svo a\u00f0 hann bei\u00f0 bana af, \u00fe\u00e1 er hann manndr\u00e1pari; manndr\u00e1para skal vissulega af l\u00edfi taka.&#8220;<a name=\"18\"><span class=\"versanumer\">18<\/span><\/a>&#8222;E\u00f0a hafi hann losti\u00f0 hann me\u00f0 tr\u00e9t\u00f3l \u00ed hendi, er getur or\u00f0i\u00f0 manni a\u00f0 bana, svo a\u00f0 hann bei\u00f0 bana af, \u00fe\u00e1 er hann manndr\u00e1pari; manndr\u00e1para skal vissulega af l\u00edfi taka.&#8220;<a name=\"19\"><span class=\"versanumer\">19<\/span><\/a>Hefndarma\u00f0urinn skal drepa vegandann, hann skal drepa hann, ef hann hittir hann.<a name=\"20\"><span class=\"versanumer\">20<\/span><\/a>Og hrindi hann honum af hatri e\u00f0a kasti \u00ed hann af \u00e1setningi, svo a\u00f0 hann b\u00ed\u00f0ur bana af,<a name=\"21\"><span class=\"versanumer\">21<\/span><\/a>&#8222;e\u00f0a lj\u00f3sti hann af fjandskap me\u00f0 hendinni, svo a\u00f0 hann b\u00ed\u00f0ur bana af, \u00fe\u00e1 skal s\u00e1, er laust hann, vissulega l\u00edfl\u00e1tinn ver\u00f0a; hann er manndr\u00e1pari. Hefndarma\u00f0urinn skal drepa vegandann, \u00feegar hann hittir hann.&#8220;<a name=\"22\"><span class=\"versanumer\">22<\/span><\/a>En hafi hann hrundi\u00f0 honum \u00f3vart, en eigi af fjandskap, e\u00f0a kasta\u00f0 \u00ed hann einhverju verkf\u00e6ri, \u00fe\u00f3 eigi af \u00e1settu r\u00e1\u00f0i,<a name=\"23\"><span class=\"versanumer\">23<\/span><\/a>e\u00f0a hann kastar til hans steini, sem getur or\u00f0i\u00f0 manni a\u00f0 bana, \u00e1n \u00feess a\u00f0 sj\u00e1 hann, svo a\u00f0 hann b\u00ed\u00f0ur bana af, og var \u00fe\u00f3 ekki \u00f3vinur hans og \u00e6tla\u00f0i ekki a\u00f0 gj\u00f6ra honum mein,<a name=\"24\"><span class=\"versanumer\">24<\/span><\/a>\u00fe\u00e1 d\u00e6mi s\u00f6fnu\u00f0urinn milli vegandans og hefndarmannsins eftir l\u00f6gum \u00feessum.<a name=\"25\"><span class=\"versanumer\">25<\/span><\/a>Og s\u00f6fnu\u00f0urinn skal for\u00f0a veganda undan hefndarmanninum og s\u00f6fnu\u00f0urinn skal l\u00e1ta flytja hann aftur \u00ed gri\u00f0asta\u00f0 \u00feann, er hann haf\u00f0i fl\u00fai\u00f0 \u00ed, og skal hann dvelja \u00fear uns \u00e6\u00f0sti presturinn deyr, sem smur\u00f0ur hefur veri\u00f0 me\u00f0 heilagri ol\u00edu.<a name=\"26\"><span class=\"versanumer\">26<\/span><\/a>En ef vegandi fer \u00fat fyrir landamerki gri\u00f0asta\u00f0ar \u00feess, er hann hefir \u00ed fl\u00fai\u00f0,<a name=\"27\"><span class=\"versanumer\">27<\/span><\/a>og hefndarma\u00f0ur hittir hann fyrir utan landamerki gri\u00f0asta\u00f0ar hans, og hefndarma\u00f0ur vegur veganda, \u00fe\u00e1 er hann eigi bl\u00f3\u00f0sekur.<a name=\"28\"><span class=\"versanumer\">28<\/span><\/a>\u00dev\u00ed a\u00f0 vegandi skal dvelja \u00ed gri\u00f0asta\u00f0 s\u00ednum uns \u00e6\u00f0sti prestur deyr, en eftir dau\u00f0a \u00e6\u00f0sta prests m\u00e1 hann hverfa aftur til \u00f3\u00f0alslands s\u00edns.<a name=\"29\"><span class=\"versanumer\">29<\/span><\/a>\u00deetta skulu vera l\u00f6g hj\u00e1 y\u00f0ur fr\u00e1 kyni til kyns \u00ed \u00f6llum b\u00fast\u00f6\u00f0um y\u00f0ar.<a name=\"30\"><span class=\"versanumer\">30<\/span><\/a>N\u00fa drepur einhver mann, og skal \u00fe\u00e1 manndr\u00e1parann af l\u00edfi taka eftir frambur\u00f0i votta. \u00de\u00f3 m\u00e1 ekki kve\u00f0a upp dau\u00f0ad\u00f3m yfir manni eftir frambur\u00f0i eins vitnis.<a name=\"31\"><span class=\"versanumer\">31<\/span><\/a>Og eigi skulu\u00f0 \u00fe\u00e9r taka b\u00e6tur fyrir l\u00edf manndr\u00e1para, sem er dau\u00f0asekur, heldur skal hann af l\u00edfi tekinn ver\u00f0a.<a name=\"32\"><span class=\"versanumer\">32<\/span><\/a>Eigi skulu\u00f0 \u00fe\u00e9r heldur leyfa manni a\u00f0 leysa sig me\u00f0 f\u00e9b\u00f3tum undan \u00fev\u00ed a\u00f0 fl\u00fdja \u00ed gri\u00f0asta\u00f0 sinn, heldur megi hverfa aftur og b\u00faa \u00ed landinu \u00e1\u00f0ur en prestur deyr.<a name=\"33\"><span class=\"versanumer\">33<\/span><\/a>Og \u00fe\u00e9r skulu\u00f0 eigi vanhelga landi\u00f0, sem \u00fe\u00e9r eru\u00f0 \u00ed, \u00fev\u00ed a\u00f0 bl\u00f3\u00f0i\u00f0 vanhelgar landi\u00f0, og landi\u00f0 f\u00e6r eigi fri\u00f0\u00fe\u00e6ging fyrir \u00fea\u00f0 bl\u00f3\u00f0, sem \u00fathellt er \u00ed \u00fev\u00ed, nema me\u00f0 bl\u00f3\u00f0i \u00feess, sem \u00fathellti \u00fev\u00ed.<a name=\"34\"><span class=\"versanumer\">34<\/span><\/a>Og \u00fe\u00fa skalt ekki saurga landi\u00f0, sem \u00fe\u00e9r b\u00fai\u00f0 \u00ed, me\u00f0 \u00fev\u00ed a\u00f0 \u00e9g b\u00fd \u00ed \u00fev\u00ed. \u00c9g, Drottinn, b\u00fd me\u00f0al \u00cdsraelsmanna.<\/p>\n<div class=\"footnote1981\"><b>35.2-8<\/b> Borgir lev\u00edtanna 3M\u00f3s 25.32-34; J\u00f3s 21.1-42; 1Kro 6.39-66<br \/>\n<b>35.9-28<\/b> Gri\u00f0arsta\u00f0ir 5M\u00f3s 4.41-43; 19.1-13; J\u00f3s 20.1-9<br \/>\n<b>35.15<\/b> \u00d3viljandi a\u00f0 bana sbr 2M\u00f3s 21.12-13; 22.2-3<br \/>\n<b>35.30<\/b> Vitni 5M\u00f3s 17.6; 19.15; Matt 18.16+<br \/>\n<b>35.31<\/b> Ekki taka lausnargjald Slm 49.8-9<br \/>\n<b>35.33<\/b> \u00dathella bl\u00f3\u00f0i 1M\u00f3s 9.5-6; 3M\u00f3s 24.17+<br \/>\n<b>35.34<\/b> Drottinn b\u00fdr me\u00f0al \u00cdsraelsmanna 3M\u00f3s 15.31+<\/div>\n","protected":false},"excerpt":{"rendered":"<p>1Drottinn tala\u00f0i vi\u00f0 M\u00f3se \u00e1 M\u00f3abshei\u00f0um vi\u00f0 J\u00f3rdan, gegnt Jer\u00edk\u00f3, og sag\u00f0i:2Bj\u00f3\u00f0 \u00fe\u00fa \u00cdsraelsm\u00f6nnum, a\u00f0 \u00feeir f\u00e1i lev\u00edtunum borgir til \u00edb\u00fa\u00f0ar af \u00f3\u00f0alseignum s\u00ednum, og til beitar skulu\u00f0 \u00fe\u00e9r f\u00e1 \u00feeim landi\u00f0 kringum borgirnar.3Og borgirnar skulu vera \u00feeim til \u00edb\u00fa\u00f0ar, og beitilandi\u00f0, er undir \u00fe\u00e6r liggur, skal vera fyrir gripi \u00feeirra, f\u00e9na\u00f0 \u00feeirra og allar a\u00f0rar skepnur \u00feeirra.4Og beitilandi\u00f0 hj\u00e1 borgunum, er \u00fe\u00e9r f\u00e1i\u00f0 lev\u00edtunum, skal vera \u00fe\u00fasund \u00e1lnir \u00fat fr\u00e1 borgarveggnum hringinn \u00ed kring.5Og fyrir utan borgina skulu\u00f0 \u00fe\u00e9r m\u00e6la austurhli\u00f0ina tv\u00f6 \u00fe\u00fasund \u00e1lnir, su\u00f0urhli\u00f0ina tv\u00f6 \u00fe\u00fasund \u00e1lnir, vesturhli\u00f0ina tv\u00f6 \u00fe\u00fasund \u00e1lnir og nor\u00f0urhli\u00f0ina tv\u00f6 \u00fe\u00fasund \u00e1lnir, en borgin <a href=\"https:\/\/biblian.is\/1981\/fjorda-mosebok-35-kafli\/\"> [&#8230;]<\/a><\/p>\n","protected":false},"author":1,"featured_media":0,"parent":0,"menu_order":0,"comment_status":"open","ping_status":"open","template":"bibliukaflar.php","meta":{"footnotes":""},"class_list":["post-1498","page","type-page","status-publish","hentry"],"_links":{"self":[{"href":"https:\/\/biblian.is\/1981\/wp-json\/wp\/v2\/pages\/1498","targetHints":{"allow":["GET"]}}],"collection":[{"href":"https:\/\/biblian.is\/1981\/wp-json\/wp\/v2\/pages"}],"about":[{"href":"https:\/\/biblian.is\/1981\/wp-json\/wp\/v2\/types\/page"}],"author":[{"embeddable":true,"href":"https:\/\/biblian.is\/1981\/wp-json\/wp\/v2\/users\/1"}],"replies":[{"embeddable":true,"href":"https:\/\/biblian.is\/1981\/wp-json\/wp\/v2\/comments?post=1498"}],"version-history":[{"count":0,"href":"https:\/\/biblian.is\/1981\/wp-json\/wp\/v2\/pages\/1498\/revisions"}],"wp:attachment":[{"href":"https:\/\/biblian.is\/1981\/wp-json\/wp\/v2\/media?parent=1498"}],"curies":[{"name":"wp","href":"https:\/\/api.w.org\/{rel}","templated":true}]}}