{"id":1496,"date":"2017-11-18T20:17:32","date_gmt":"2017-11-18T20:17:32","guid":{"rendered":"http:\/\/biblian.is\/1981\/fjorda-mosebok-33-kafli\/"},"modified":"2021-06-06T10:56:42","modified_gmt":"2021-06-06T10:56:42","slug":"fjorda-mosebok-33-kafli","status":"publish","type":"page","link":"https:\/\/biblian.is\/1981\/fjorda-mosebok-33-kafli\/","title":{"rendered":"Fj\u00f3r\u00f0a M\u00f3seb\u00f3k 33. kafli"},"content":{"rendered":"<p><a name=\"1\"><span class=\"versanumer\">1<\/span><\/a>\u00deessir voru \u00e1fangar \u00cdsraelsmanna, er \u00feeir f\u00f3ru af Egyptalandi, hver hersveit fyrir sig, undir forystu \u00feeirra M\u00f3se og Arons.<a name=\"2\"><span class=\"versanumer\">2<\/span><\/a>M\u00f3se f\u00e6r\u00f0i \u00ed letur a\u00f0 bo\u00f0i Drottins sta\u00f0ina, sem \u00feeir l\u00f6g\u00f0u upp fr\u00e1, eftir \u00e1f\u00f6ngum \u00feeirra, og \u00feessir voru \u00e1fangar \u00feeirra fr\u00e1 einum \u00e1fangasta\u00f0 til annars:<a name=\"3\"><span class=\"versanumer\">3<\/span><\/a>\u00deeir l\u00f6g\u00f0u upp fr\u00e1 Ramses \u00ed fyrsta m\u00e1nu\u00f0inum, \u00e1 fimmt\u00e1nda degi hins fyrsta m\u00e1na\u00f0ar. Daginn eftir p\u00e1ska l\u00f6g\u00f0u \u00cdsraelsmenn af sta\u00f0 \u00f3hika\u00f0, a\u00f0 Egyptum \u00f6llum \u00e1sj\u00e1andi,<a name=\"4\"><span class=\"versanumer\">4<\/span><\/a>me\u00f0an Egyptar voru a\u00f0 jar\u00f0a alla frumbur\u00f0ina, er Drottinn haf\u00f0i fyrir \u00feeim deytt, og Drottinn haf\u00f0i l\u00e1ti\u00f0 refsid\u00f3ma ganga yfir go\u00f0 \u00feeirra.<a name=\"5\"><span class=\"versanumer\">5<\/span><\/a>\u00cdsraelsmenn l\u00f6g\u00f0u upp fr\u00e1 Ramses og settu b\u00fa\u00f0ir s\u00ednar \u00ed S\u00fakk\u00f3t.<a name=\"6\"><span class=\"versanumer\">6<\/span><\/a>\u00deeir l\u00f6g\u00f0u upp fr\u00e1 S\u00fakk\u00f3t og settu b\u00fa\u00f0ir s\u00ednar \u00ed Etam, \u00fear sem ey\u00f0im\u00f6rkina \u00fer\u00fdtur.<a name=\"7\"><span class=\"versanumer\">7<\/span><\/a>\u00deeir l\u00f6g\u00f0u upp fr\u00e1 Etam og sneru lei\u00f0 sinni til P\u00ed-Hak\u00edr\u00f3t, sem er fyrir austan Baal Sef\u00f3n, og settu b\u00fa\u00f0ir s\u00ednar fyrir austan M\u00edgd\u00f3l.<a name=\"8\"><span class=\"versanumer\">8<\/span><\/a>\u00deeir l\u00f6g\u00f0u upp fr\u00e1 P\u00ed-Hak\u00edr\u00f3t og f\u00f3ru \u00fevert yfir hafi\u00f0 inn \u00ed ey\u00f0im\u00f6rkina. Og \u00feeir f\u00f3ru \u00feriggja daga lei\u00f0 \u00ed Etamey\u00f0im\u00f6rk og settu b\u00fa\u00f0ir s\u00ednar \u00ed Mara.<a name=\"9\"><span class=\"versanumer\">9<\/span><\/a>\u00deeir l\u00f6g\u00f0u upp fr\u00e1 Mara og komu til El\u00edm. En \u00ed El\u00edm voru t\u00f3lf vatnslindir og sj\u00f6t\u00edu p\u00e1lmavi\u00f0ir. \u00dear settu \u00feeir b\u00fa\u00f0ir s\u00ednar.<a name=\"10\"><span class=\"versanumer\">10<\/span><\/a>\u00deeir l\u00f6g\u00f0u upp fr\u00e1 El\u00edm og settu b\u00fa\u00f0ir s\u00ednar vi\u00f0 Sefhafi\u00f0.<a name=\"11\"><span class=\"versanumer\">11<\/span><\/a>\u00deeir l\u00f6g\u00f0u upp fr\u00e1 Sefhafinu og settu b\u00fa\u00f0ir s\u00ednar \u00ed S\u00edney\u00f0im\u00f6rk.<a name=\"12\"><span class=\"versanumer\">12<\/span><\/a>\u00deeir l\u00f6g\u00f0u upp fr\u00e1 S\u00edney\u00f0im\u00f6rk og settu b\u00fa\u00f0ir s\u00ednar \u00ed Dofka.<a name=\"13\"><span class=\"versanumer\">13<\/span><\/a>\u00deeir l\u00f6g\u00f0u upp fr\u00e1 Dofka og settu b\u00fa\u00f0ir s\u00ednar \u00ed Al\u00fas.<a name=\"14\"><span class=\"versanumer\">14<\/span><\/a>\u00deeir l\u00f6g\u00f0u upp fr\u00e1 Al\u00fas og settu b\u00fa\u00f0ir s\u00ednar \u00ed Ref\u00edd\u00edm. \u00dear haf\u00f0i l\u00fd\u00f0urinn ekki vatn a\u00f0 drekka.<a name=\"15\"><span class=\"versanumer\">15<\/span><\/a>\u00deeir l\u00f6g\u00f0u upp fr\u00e1 Ref\u00edd\u00edm og settu b\u00fa\u00f0ir s\u00ednar \u00ed S\u00edna\u00ed-ey\u00f0im\u00f6rk.<a name=\"16\"><span class=\"versanumer\">16<\/span><\/a>\u00deeir l\u00f6g\u00f0u upp fr\u00e1 S\u00edna\u00ed-ey\u00f0im\u00f6rk og settu b\u00fa\u00f0ir s\u00ednar \u00ed Kibr\u00f3t-hattava.<a name=\"17\"><span class=\"versanumer\">17<\/span><\/a>\u00deeir l\u00f6g\u00f0u upp fr\u00e1 Kibr\u00f3t-hattava og settu b\u00fa\u00f0ir s\u00ednar \u00ed Haser\u00f3t.<a name=\"18\"><span class=\"versanumer\">18<\/span><\/a>\u00deeir l\u00f6g\u00f0u upp fr\u00e1 Haser\u00f3t og settu b\u00fa\u00f0ir s\u00ednar \u00ed Ritma.<a name=\"19\"><span class=\"versanumer\">19<\/span><\/a>\u00deeir l\u00f6g\u00f0u upp fr\u00e1 Ritma og settu b\u00fa\u00f0ir s\u00ednar \u00ed Rimm\u00f3n Peres.<a name=\"20\"><span class=\"versanumer\">20<\/span><\/a>\u00deeir l\u00f6g\u00f0u upp fr\u00e1 Rimm\u00f3n Peres og settu b\u00fa\u00f0ir s\u00ednar \u00ed L\u00edbna.<a name=\"21\"><span class=\"versanumer\">21<\/span><\/a>\u00deeir l\u00f6g\u00f0u upp fr\u00e1 L\u00edbna og settu b\u00fa\u00f0ir s\u00ednar \u00ed R\u00edssa.<a name=\"22\"><span class=\"versanumer\">22<\/span><\/a>\u00deeir l\u00f6g\u00f0u upp fr\u00e1 R\u00edssa og settu b\u00fa\u00f0ir s\u00ednar \u00ed Kehelata.<a name=\"23\"><span class=\"versanumer\">23<\/span><\/a>\u00deeir l\u00f6g\u00f0u upp fr\u00e1 Kehelata og settu b\u00fa\u00f0ir s\u00ednar \u00e1 Seferfjalli.<a name=\"24\"><span class=\"versanumer\">24<\/span><\/a>\u00deeir l\u00f6g\u00f0u upp fr\u00e1 Seferfjalli og settu b\u00fa\u00f0ir s\u00ednar \u00ed Harada.<a name=\"25\"><span class=\"versanumer\">25<\/span><\/a>\u00deeir l\u00f6g\u00f0u upp fr\u00e1 Harada og settu b\u00fa\u00f0ir s\u00ednar \u00ed Makhel\u00f3t.<a name=\"26\"><span class=\"versanumer\">26<\/span><\/a>\u00deeir l\u00f6g\u00f0u upp fr\u00e1 Makhel\u00f3t og settu b\u00fa\u00f0ir s\u00ednar \u00ed Tahat.<a name=\"27\"><span class=\"versanumer\">27<\/span><\/a>\u00deeir l\u00f6g\u00f0u upp fr\u00e1 Tahat og settu b\u00fa\u00f0ir s\u00ednar \u00ed Tera.<a name=\"28\"><span class=\"versanumer\">28<\/span><\/a>\u00deeir l\u00f6g\u00f0u upp fr\u00e1 Tera og settu b\u00fa\u00f0ir s\u00ednar \u00ed Mitka.<a name=\"29\"><span class=\"versanumer\">29<\/span><\/a>\u00deeir l\u00f6g\u00f0u upp fr\u00e1 Mitka og settu b\u00fa\u00f0ir s\u00ednar \u00ed Hasm\u00f3na.<a name=\"30\"><span class=\"versanumer\">30<\/span><\/a>\u00deeir l\u00f6g\u00f0u upp fr\u00e1 Hasm\u00f3na og settu b\u00fa\u00f0ir s\u00ednar \u00ed M\u00f3ser\u00f3t.<a name=\"31\"><span class=\"versanumer\">31<\/span><\/a>\u00deeir l\u00f6g\u00f0u upp fr\u00e1 M\u00f3ser\u00f3t og settu b\u00fa\u00f0ir s\u00ednar \u00ed Bene Jaakan.<a name=\"32\"><span class=\"versanumer\">32<\/span><\/a>\u00deeir l\u00f6g\u00f0u upp fr\u00e1 Bene Jaakan og settu b\u00fa\u00f0ir s\u00ednar \u00ed H\u00f3r Haggi\u00f0ga\u00f0.<a name=\"33\"><span class=\"versanumer\">33<\/span><\/a>\u00deeir l\u00f6g\u00f0u upp fr\u00e1 H\u00f3r Haggi\u00f0ga\u00f0 og settu b\u00fa\u00f0ir s\u00ednar \u00ed Jotbata.<a name=\"34\"><span class=\"versanumer\">34<\/span><\/a>\u00deeir l\u00f6g\u00f0u upp fr\u00e1 Jotbata og settu b\u00fa\u00f0ir s\u00ednar \u00ed Abr\u00f3na.<a name=\"35\"><span class=\"versanumer\">35<\/span><\/a>\u00deeir l\u00f6g\u00f0u upp fr\u00e1 Abr\u00f3na og settu b\u00fa\u00f0ir s\u00ednar \u00ed Esj\u00f3n Geber.<a name=\"36\"><span class=\"versanumer\">36<\/span><\/a>\u00deeir l\u00f6g\u00f0u upp fr\u00e1 Esj\u00f3n Geber og settu b\u00fa\u00f0ir s\u00ednar \u00ed S\u00edney\u00f0im\u00f6rk, \u00fea\u00f0 er Kades.<a name=\"37\"><span class=\"versanumer\">37<\/span><\/a>\u00deeir l\u00f6g\u00f0u upp fr\u00e1 Kades og settu b\u00fa\u00f0ir s\u00ednar \u00e1 H\u00f3rfjalli, \u00e1 landam\u00e6rum Ed\u00f3mlands.<a name=\"38\"><span class=\"versanumer\">38<\/span><\/a>Og Aron prestur f\u00f3r a\u00f0 bo\u00f0i Drottins upp \u00e1 H\u00f3rfjall og anda\u00f0ist \u00fear \u00e1 fertugasta \u00e1ri eftir brottf\u00f6r \u00cdsraelsmanna af Egyptalandi, \u00ed fimmta m\u00e1nu\u00f0inum, \u00e1 fyrsta degi m\u00e1na\u00f0arins.<a name=\"39\"><span class=\"versanumer\">39<\/span><\/a>Aron var hundra\u00f0 tuttugu og \u00feriggja \u00e1ra, \u00feegar hann anda\u00f0ist \u00e1 H\u00f3rfjalli.<a name=\"40\"><span class=\"versanumer\">40<\/span><\/a>Og Kanaan\u00edtinn, konungurinn \u00ed Arad, sem bj\u00f3 \u00ed su\u00f0urhluta Kanaanlands, spur\u00f0i komu \u00cdsraelsmanna.<a name=\"41\"><span class=\"versanumer\">41<\/span><\/a>\u00deeir l\u00f6g\u00f0u upp fr\u00e1 H\u00f3rfjalli og settu b\u00fa\u00f0ir s\u00ednar \u00ed Salm\u00f3na.<a name=\"42\"><span class=\"versanumer\">42<\/span><\/a>\u00deeir l\u00f6g\u00f0u upp fr\u00e1 Salm\u00f3na og settu b\u00fa\u00f0ir s\u00ednar \u00ed F\u00fan\u00f3n.<a name=\"43\"><span class=\"versanumer\">43<\/span><\/a>\u00deeir l\u00f6g\u00f0u upp fr\u00e1 F\u00fan\u00f3n og settu b\u00fa\u00f0ir s\u00ednar \u00ed \u00d3b\u00f3t.<a name=\"44\"><span class=\"versanumer\">44<\/span><\/a>\u00deeir l\u00f6g\u00f0u upp fr\u00e1 \u00d3b\u00f3t og settu b\u00fa\u00f0ir s\u00ednar \u00ed \u00cdje Haabar\u00edm, M\u00f3abslandi.<a name=\"45\"><span class=\"versanumer\">45<\/span><\/a>\u00deeir l\u00f6g\u00f0u upp fr\u00e1 \u00cdj\u00edm og settu b\u00fa\u00f0ir s\u00ednar \u00ed D\u00edbon Ga\u00f0.<a name=\"46\"><span class=\"versanumer\">46<\/span><\/a>\u00deeir l\u00f6g\u00f0u upp fr\u00e1 D\u00edbon Ga\u00f0 og settu b\u00fa\u00f0ir s\u00ednar \u00ed Alm\u00f3n D\u00edblata\u00edm.<a name=\"47\"><span class=\"versanumer\">47<\/span><\/a>\u00deeir l\u00f6g\u00f0u upp fr\u00e1 Alm\u00f3n D\u00edblata\u00edm og settu b\u00fa\u00f0ir s\u00ednar \u00ed Abar\u00edmfj\u00f6llum, fyrir austan Neb\u00f3.<a name=\"48\"><span class=\"versanumer\">48<\/span><\/a>\u00deeir l\u00f6g\u00f0u upp fr\u00e1 Abar\u00edmfj\u00f6llum og settu b\u00fa\u00f0ir s\u00ednar \u00e1 M\u00f3abshei\u00f0um vi\u00f0 J\u00f3rdan, gegnt Jer\u00edk\u00f3.<a name=\"49\"><span class=\"versanumer\">49<\/span><\/a>Settu \u00feeir b\u00fa\u00f0ir s\u00ednar vi\u00f0 J\u00f3rdan fr\u00e1 Bet Hajes\u00edm\u00f3t til Abel Hasitt\u00edm \u00e1 M\u00f3abshei\u00f0um.<a name=\"50\"><span class=\"versanumer\">50<\/span><\/a>Drottinn tala\u00f0i vi\u00f0 M\u00f3se \u00e1 M\u00f3abshei\u00f0um vi\u00f0 J\u00f3rdan, gegnt Jer\u00edk\u00f3, og sag\u00f0i:<a name=\"51\"><span class=\"versanumer\">51<\/span><\/a>M\u00e6l \u00fe\u00fa til \u00cdsraelsmanna og seg vi\u00f0 \u00fe\u00e1: \u00deegar \u00fe\u00e9r eru\u00f0 komnir yfir um J\u00f3rdan inn \u00ed Kanaanland,<a name=\"52\"><span class=\"versanumer\">52<\/span><\/a>skulu\u00f0 \u00fe\u00e9r st\u00f6kkva burt undan y\u00f0ur \u00f6llum \u00edb\u00faum landsins og ey\u00f0a \u00f6llum myndasteinum \u00feeirra, \u00fe\u00e9r skulu\u00f0 og ey\u00f0a \u00f6llum steyptum go\u00f0al\u00edkneskjum \u00feeirra og leggja f\u00f3rnarh\u00e6\u00f0ir \u00feeirra \u00ed ey\u00f0i.<a name=\"53\"><span class=\"versanumer\">53<\/span><\/a>Og \u00fe\u00e9r skulu\u00f0 kasta eign y\u00f0ar \u00e1 landi\u00f0 og festa bygg\u00f0 \u00ed \u00fev\u00ed, \u00fev\u00ed a\u00f0 y\u00f0ur hefi \u00e9g gefi\u00f0 landi\u00f0 til eignar.<a name=\"54\"><span class=\"versanumer\">54<\/span><\/a>Og \u00fe\u00e9r skulu\u00f0 f\u00e1 erf\u00f0ahluti \u00ed landinu eftir hlutkesti, hver \u00e6ttkv\u00edsl fyrir sig. \u00deeirri \u00e6ttkv\u00edsl, sem mannm\u00f6rg er, skulu\u00f0 \u00fe\u00e9r f\u00e1 mikinn erf\u00f0ahlut, en \u00feeirri, sem f\u00e1menn er, skulu\u00f0 \u00fe\u00e9r f\u00e1 l\u00edtinn erf\u00f0ahlut. \u00dear sem hlutur hvers eins fellur, \u00fea\u00f0 skal ver\u00f0a hans, eftir kynkv\u00edslum fe\u00f0ra y\u00f0ar skulu\u00f0 \u00fe\u00e9r f\u00e1 \u00fea\u00f0 \u00ed erf\u00f0ahlut.<a name=\"55\"><span class=\"versanumer\">55<\/span><\/a>En ef \u00fe\u00e9r st\u00f6kkvi\u00f0 ekki \u00edb\u00faum landsins burt undan y\u00f0ur, \u00fe\u00e1 munu \u00feeir af \u00feeim, er \u00fe\u00e9r skilji\u00f0 eftir, ver\u00f0a \u00feyrnar \u00ed augum y\u00f0ar og broddar \u00ed s\u00ed\u00f0um y\u00f0ar, og \u00feeir munu veita y\u00f0ur \u00feungar b\u00fasifjar \u00ed landinu, sem \u00fe\u00e9r b\u00fai\u00f0 \u00ed,<a name=\"56\"><span class=\"versanumer\">56<\/span><\/a>og \u00fe\u00e1 mun svo fara, a\u00f0 \u00e9g mun gj\u00f6ra svo vi\u00f0 y\u00f0ur sem \u00e9g haf\u00f0i fyrirhuga\u00f0 a\u00f0 gj\u00f6ra vi\u00f0 \u00fe\u00e1.<\/p>\n<div class=\"footnote1981\"><b>33.3<\/b> Ramses 2M\u00f3s 1.11; 12.37<br \/>\n<b>33.4<\/b> Frumbur\u00f0ir 2M\u00f3s 12.12<br \/>\n<b>33.5<\/b> S\u00fakk\u00f3t 2M\u00f3s 12.37<br \/>\n<b>33.6<\/b> Etam 2M\u00f3s 13.20<br \/>\n<b>33.7<\/b> Pi Hak\u00edr\u00f3t, M\u00edgdol 2M\u00f3s 14.2<br \/>\n<b>33.8<\/b> Mara 2M\u00f3s 15.23<br \/>\n<b>33.9<\/b> El\u00edm 2M\u00f3s 15.27<br \/>\n<b>33.11<\/b> S\u00edney\u00f0im\u00f6rk 2M\u00f3s 16.1<br \/>\n<b>33.14<\/b> Refid\u00edm 2M\u00f3s 17.1<br \/>\n<b>33.15<\/b> S\u00edna\u00edey\u00f0im\u00f6rk 2M\u00f3s 19.2<br \/>\n<b>33.16<\/b> K\u00edbr\u00f3t-Hattaava 4M\u00f3s 11.34<br \/>\n<b>33.17<\/b> Haser\u00f3t 4M\u00f3s 11.35<br \/>\n<b>33.31<\/b> Bene Jaakan 5M\u00f3s 10.6<br \/>\n<b>33.32<\/b> H\u00f3r Hagg\u00ed\u00f0ga\u00f0 sbr 5M\u00f3s 10.7<br \/>\n<b>33.33<\/b> Jotbata 5M\u00f3s 10.7<br \/>\n<b>33.35<\/b> Esj\u00f3n Geber 5M\u00f3s 2.8<br \/>\n<b>33.36<\/b> S\u00edney\u00f0im\u00f6rk, Kades 4M\u00f3s 20.1<br \/>\n<b>33.37<\/b> H\u00f3rfjall 4M\u00f3s 20.22<br \/>\n<b>33.38-39<\/b> Aron deyr 4M\u00f3s 20.22-29; sbr 5M\u00f3s 10.6<br \/>\n<b>33.40<\/b> Konungurinn \u00ed Arad 4M\u00f3s 21.1-3<br \/>\n<b>33.43<\/b> \u00d3b\u00f3t 4M\u00f3s 21.10<br \/>\n<b>33.44<\/b> \u00cdje Haabar\u00edm 4M\u00f3s 21.11<br \/>\n<b>33.48<\/b> Gresjum M\u00f3ab 4M\u00f3s 22.1<br \/>\n<b>33.49<\/b> Bet Jes\u00edn\u00f3t J\u00f3s 12.3 \u2013 Abel Sitt\u00edm sbr 4M\u00f3s 25.1<br \/>\n<b>33.51-52<\/b> \u00cdsraelsmenn skulu &#8230; 2M\u00f3s 23.23-33; 5M\u00f3s 7.2-5; 12.1-3<br \/>\n<b>33.54-56<\/b> Landinu skipt 4M\u00f3s 26.52-56+<br \/>\n<b>33.55<\/b> \u00deyrnar og broddar J\u00f3s 23.13<\/div>\n","protected":false},"excerpt":{"rendered":"<p>1\u00deessir voru \u00e1fangar \u00cdsraelsmanna, er \u00feeir f\u00f3ru af Egyptalandi, hver hersveit fyrir sig, undir forystu \u00feeirra M\u00f3se og Arons.2M\u00f3se f\u00e6r\u00f0i \u00ed letur a\u00f0 bo\u00f0i Drottins sta\u00f0ina, sem \u00feeir l\u00f6g\u00f0u upp fr\u00e1, eftir \u00e1f\u00f6ngum \u00feeirra, og \u00feessir voru \u00e1fangar \u00feeirra fr\u00e1 einum \u00e1fangasta\u00f0 til annars:3\u00deeir l\u00f6g\u00f0u upp fr\u00e1 Ramses \u00ed fyrsta m\u00e1nu\u00f0inum, \u00e1 fimmt\u00e1nda degi hins fyrsta m\u00e1na\u00f0ar. Daginn eftir p\u00e1ska l\u00f6g\u00f0u \u00cdsraelsmenn af sta\u00f0 \u00f3hika\u00f0, a\u00f0 Egyptum \u00f6llum \u00e1sj\u00e1andi,4me\u00f0an Egyptar voru a\u00f0 jar\u00f0a alla frumbur\u00f0ina, er Drottinn haf\u00f0i fyrir \u00feeim deytt, og Drottinn haf\u00f0i l\u00e1ti\u00f0 refsid\u00f3ma ganga yfir go\u00f0 \u00feeirra.5\u00cdsraelsmenn l\u00f6g\u00f0u upp fr\u00e1 Ramses og settu b\u00fa\u00f0ir s\u00ednar \u00ed S\u00fakk\u00f3t.6\u00deeir <a href=\"https:\/\/biblian.is\/1981\/fjorda-mosebok-33-kafli\/\"> [&#8230;]<\/a><\/p>\n","protected":false},"author":1,"featured_media":0,"parent":0,"menu_order":0,"comment_status":"open","ping_status":"open","template":"bibliukaflar.php","meta":{"footnotes":""},"class_list":["post-1496","page","type-page","status-publish","hentry"],"_links":{"self":[{"href":"https:\/\/biblian.is\/1981\/wp-json\/wp\/v2\/pages\/1496","targetHints":{"allow":["GET"]}}],"collection":[{"href":"https:\/\/biblian.is\/1981\/wp-json\/wp\/v2\/pages"}],"about":[{"href":"https:\/\/biblian.is\/1981\/wp-json\/wp\/v2\/types\/page"}],"author":[{"embeddable":true,"href":"https:\/\/biblian.is\/1981\/wp-json\/wp\/v2\/users\/1"}],"replies":[{"embeddable":true,"href":"https:\/\/biblian.is\/1981\/wp-json\/wp\/v2\/comments?post=1496"}],"version-history":[{"count":0,"href":"https:\/\/biblian.is\/1981\/wp-json\/wp\/v2\/pages\/1496\/revisions"}],"wp:attachment":[{"href":"https:\/\/biblian.is\/1981\/wp-json\/wp\/v2\/media?parent=1496"}],"curies":[{"name":"wp","href":"https:\/\/api.w.org\/{rel}","templated":true}]}}