{"id":1495,"date":"2017-11-18T20:17:32","date_gmt":"2017-11-18T20:17:32","guid":{"rendered":"http:\/\/biblian.is\/1981\/fjorda-mosebok-32-kafli\/"},"modified":"2021-06-06T10:56:41","modified_gmt":"2021-06-06T10:56:41","slug":"fjorda-mosebok-32-kafli","status":"publish","type":"page","link":"https:\/\/biblian.is\/1981\/fjorda-mosebok-32-kafli\/","title":{"rendered":"Fj\u00f3r\u00f0a M\u00f3seb\u00f3k 32. kafli"},"content":{"rendered":"<p><a name=\"1\"><span class=\"versanumer\">1<\/span><\/a>Synir R\u00fabens og synir Ga\u00f0s \u00e1ttu miki\u00f0 kvikf\u00e9 og mj\u00f6g v\u00e6nt, og er \u00feeir litu Jaserland og G\u00edlea\u00f0land, s\u00e1u \u00feeir a\u00f0 \u00fea\u00f0 var gott b\u00fafj\u00e1rland.<a name=\"2\"><span class=\"versanumer\">2<\/span><\/a>Synir Ga\u00f0s og synir R\u00fabens komu \u00fe\u00e1 og s\u00f6g\u00f0u vi\u00f0 \u00fe\u00e1 M\u00f3se og Eleasar prest og h\u00f6fu\u00f0smenn safna\u00f0arins \u00e1 \u00feessa lei\u00f0:<a name=\"3\"><span class=\"versanumer\">3<\/span><\/a>Atar\u00f3t, D\u00edbon, Jaser, Nimra, Hesbon, Eleale, Sebam, Neb\u00f3 og Be\u00f3n,<a name=\"4\"><span class=\"versanumer\">4<\/span><\/a>landi\u00f0, sem Drottinn vann fyrir s\u00f6fnu\u00f0i \u00cdsraels, er b\u00fafj\u00e1rland gott, og \u00fej\u00f3nar \u00fe\u00ednir eiga b\u00faf\u00e9.<a name=\"5\"><span class=\"versanumer\">5<\/span><\/a>Og \u00feeir s\u00f6g\u00f0u: Ef v\u00e9r h\u00f6fum fundi\u00f0 n\u00e1\u00f0 \u00ed augum \u00fe\u00ednum, \u00fe\u00e1 f\u00e1i \u00fej\u00f3nar \u00fe\u00ednir land \u00feetta til eignar. Far eigi me\u00f0 oss yfir J\u00f3rdan.<a name=\"6\"><span class=\"versanumer\">6<\/span><\/a>\u00de\u00e1 sag\u00f0i M\u00f3se vi\u00f0 sonu Ga\u00f0s og sonu R\u00fabens: Eiga br\u00e6\u00f0ur y\u00f0ar a\u00f0 fara \u00ed herna\u00f0, en \u00fe\u00e9r setjast h\u00e9r a\u00f0?<a name=\"7\"><span class=\"versanumer\">7<\/span><\/a>Hv\u00ed telji\u00f0 \u00fe\u00e9r hug \u00far \u00cdsraelsm\u00f6nnum a\u00f0 fara yfir um, inn \u00ed landi\u00f0, sem Drottinn hefir gefi\u00f0 \u00feeim?<a name=\"8\"><span class=\"versanumer\">8<\/span><\/a>Svo gj\u00f6r\u00f0u og fe\u00f0ur y\u00f0ar, \u00fe\u00e1 er \u00e9g sendi \u00fe\u00e1 fr\u00e1 Kades Barnea til a\u00f0 sko\u00f0a landi\u00f0.<a name=\"9\"><span class=\"versanumer\">9<\/span><\/a>\u00deeir f\u00f3ru alla lei\u00f0 nor\u00f0ur \u00ed Esk\u00f3ldal og sko\u00f0u\u00f0u landi\u00f0, en t\u00f6ldu svo hug \u00far \u00cdsraelsm\u00f6nnum, a\u00f0 \u00feeir vildu ekki fara inn \u00ed landi\u00f0, sem Drottinn haf\u00f0i gefi\u00f0 \u00feeim.<a name=\"10\"><span class=\"versanumer\">10<\/span><\/a>\u00deann dag upptendra\u00f0ist rei\u00f0i Drottins, svo a\u00f0 hann s\u00f3r og sag\u00f0i:<a name=\"11\"><span class=\"versanumer\">11<\/span><\/a>\u00deeir menn, er f\u00f3ru af Egyptalandi tv\u00edtugir og \u00fea\u00f0an af eldri, skulu ekki f\u00e1 a\u00f0 sj\u00e1 landi\u00f0, sem \u00e9g s\u00f3r Abraham, \u00cdsak og Jakob, \u00fev\u00ed a\u00f0 \u00feeir hafa ekki fylgt m\u00e9r tr\u00falega,<a name=\"12\"><span class=\"versanumer\">12<\/span><\/a>nema Kaleb Jef\u00fanneson Keniss\u00edti og J\u00f3s\u00faa N\u00fansson, \u00fev\u00ed a\u00f0 \u00feeir hafa tr\u00falega fylgt Drottni.<a name=\"13\"><span class=\"versanumer\">13<\/span><\/a>Og rei\u00f0i Drottins upptendra\u00f0ist gegn \u00cdsrael og hann l\u00e9t \u00fe\u00e1 reika um ey\u00f0im\u00f6rkina \u00ed fj\u00f6rut\u00edu \u00e1r, \u00fear til er \u00f6ll s\u00fa kynsl\u00f3\u00f0 var li\u00f0in undir lok, er gj\u00f6rt haf\u00f0i \u00fea\u00f0, sem illt var fyrir augliti Drottins.<a name=\"14\"><span class=\"versanumer\">14<\/span><\/a>Og sj\u00e1, n\u00fa hafi\u00f0 \u00fe\u00e9r risi\u00f0 upp \u00ed sta\u00f0 fe\u00f0ra y\u00f0ar, \u00fe\u00e9r afsprengi syndugra manna, til \u00feess a\u00f0 gj\u00f6ra hina brennandi rei\u00f0i Drottins gegn \u00cdsrael enn \u00fe\u00e1 meiri.<a name=\"15\"><span class=\"versanumer\">15<\/span><\/a>Ef \u00fe\u00e9r sn\u00fai\u00f0 y\u00f0ur fr\u00e1 honum, \u00fe\u00e1 mun hann l\u00e1ta \u00fe\u00e1 reika enn lengur um ey\u00f0im\u00f6rkina, og \u00fe\u00e9r munu\u00f0 steypa \u00f6llum \u00feessum l\u00fd\u00f0 \u00ed gl\u00f6tun.<a name=\"16\"><span class=\"versanumer\">16<\/span><\/a>\u00deeir gengu til hans og s\u00f6g\u00f0u: V\u00e9r viljum byggja h\u00e9r fj\u00e1rbyrgi fyrir b\u00fasmala vorn og b\u00e6i handa b\u00f6rnum vorum.<a name=\"17\"><span class=\"versanumer\">17<\/span><\/a>En sj\u00e1lfir munum v\u00e9r fara v\u00edgb\u00fanir fyrir \u00cdsraelsm\u00f6nnum, \u00fear til er v\u00e9r h\u00f6fum komi\u00f0 \u00feeim \u00e1 sinn sta\u00f0. En b\u00f6rn vor skulu b\u00faa \u00ed v\u00edggirtum borgum, s\u00f6kum \u00edb\u00faa landsins.<a name=\"18\"><span class=\"versanumer\">18<\/span><\/a>Eigi munum v\u00e9r sn\u00faa heim aftur fyrr en \u00cdsraelsmenn hafa hloti\u00f0 hver sinn erf\u00f0ahlut.<a name=\"19\"><span class=\"versanumer\">19<\/span><\/a>V\u00e9r munum eigi taka eignarland me\u00f0 \u00feeim \u00fear hinumegin J\u00f3rdanar, \u00fev\u00ed a\u00f0 v\u00e9r h\u00f6fum hloti\u00f0 til eignar landi\u00f0 h\u00e9r austanmegin J\u00f3rdanar.<a name=\"20\"><span class=\"versanumer\">20<\/span><\/a>\u00de\u00e1 sag\u00f0i M\u00f3se vi\u00f0 \u00fe\u00e1: Ef \u00fe\u00e9r vilji\u00f0 gj\u00f6ra \u00feetta, ef \u00fe\u00e9r vilji\u00f0 b\u00faast til bardaga fyrir augliti Drottins,<a name=\"21\"><span class=\"versanumer\">21<\/span><\/a>og ef s\u00e9rhver v\u00edgb\u00fainn ma\u00f0ur me\u00f0al y\u00f0ar fer yfir J\u00f3rdan fyrir augliti Drottins, uns hann hefir reki\u00f0 \u00f3vini s\u00edna burt fr\u00e1 s\u00e9r,<a name=\"22\"><span class=\"versanumer\">22<\/span><\/a>og \u00fe\u00e9r sn\u00fai\u00f0 ekki aftur fyrr en landi\u00f0 er undiroka\u00f0 fyrir augliti Drottins, \u00fe\u00e1 skulu\u00f0 \u00fe\u00e9r vera s\u00fdknir saka fyrir Drottni og fyrir \u00cdsrael, og land \u00feetta skal ver\u00f0a y\u00f0ar eign fyrir augliti Drottins.<a name=\"23\"><span class=\"versanumer\">23<\/span><\/a>En ef \u00fe\u00e9r gj\u00f6ri\u00f0 eigi svo, sj\u00e1, \u00fe\u00e1 syndgi\u00f0 \u00fe\u00e9r gegn Drottni, og \u00fe\u00e9r munu\u00f0 f\u00e1 a\u00f0 kenna \u00e1 synd y\u00f0ar, er y\u00f0ur mun \u00ed koll koma.<a name=\"24\"><span class=\"versanumer\">24<\/span><\/a>Byggi\u00f0 y\u00f0ur b\u00e6i handa b\u00f6rnum y\u00f0ar og byrgi handa f\u00e9 y\u00f0ar, og gj\u00f6ri\u00f0 svo sem \u00fe\u00e9r hafi\u00f0 l\u00e1ti\u00f0 um m\u00e6lt.<a name=\"25\"><span class=\"versanumer\">25<\/span><\/a>\u00de\u00e1 s\u00f6g\u00f0u synir Ga\u00f0s og synir R\u00fabens vi\u00f0 M\u00f3se: \u00dej\u00f3nar \u00fe\u00ednir munu gj\u00f6ra eins og \u00fe\u00fa b\u00fd\u00f0ur, herra.<a name=\"26\"><span class=\"versanumer\">26<\/span><\/a>B\u00f6rn vor, konur vorar, f\u00e9na\u00f0ur vor og allir eykir vorir skulu ver\u00f0a eftir h\u00e9r \u00ed b\u00e6junum \u00ed G\u00edlea\u00f0.<a name=\"27\"><span class=\"versanumer\">27<\/span><\/a>En \u00fej\u00f3nar \u00fe\u00ednir skulu fara yfir um, allir \u00feeir sem herb\u00fanir eru, fyrir augliti Drottins til herna\u00f0ar, eins og \u00fe\u00fa b\u00fd\u00f0ur, herra.<a name=\"28\"><span class=\"versanumer\">28<\/span><\/a>Og M\u00f3se gaf Eleasar presti, J\u00f3s\u00faa N\u00fanssyni og \u00e6tth\u00f6f\u00f0ingjum \u00cdsraelsmanna skipun um \u00fe\u00e1<a name=\"29\"><span class=\"versanumer\">29<\/span><\/a>og sag\u00f0i vi\u00f0 \u00fe\u00e1: Ef synir Ga\u00f0s og synir R\u00fabens, allir \u00feeir sem v\u00edgb\u00fanir eru, fara me\u00f0 y\u00f0ur yfir J\u00f3rdan til herna\u00f0ar fyrir augliti Drottins og \u00fe\u00e9r undiroki\u00f0 landi\u00f0, \u00fe\u00e1 gefi\u00f0 \u00feeim G\u00edlea\u00f0land til eignar.<a name=\"30\"><span class=\"versanumer\">30<\/span><\/a>En ef \u00feeir fara eigi v\u00edgb\u00fanir yfir um me\u00f0 y\u00f0ur, \u00fe\u00e1 skulu \u00feeir f\u00e1 eignarl\u00f6nd me\u00f0 y\u00f0ur \u00ed Kanaanlandi.<a name=\"31\"><span class=\"versanumer\">31<\/span><\/a>Synir Ga\u00f0s og synir R\u00fabens sv\u00f6ru\u00f0u og s\u00f6g\u00f0u: \u00dea\u00f0 sem Drottinn hefir sagt \u00fej\u00f3num \u00fe\u00ednum, \u00fea\u00f0 viljum v\u00e9r gj\u00f6ra.<a name=\"32\"><span class=\"versanumer\">32<\/span><\/a>V\u00e9r viljum fara yfir um v\u00edgb\u00fanir fyrir augliti Drottins, inn \u00ed Kanaanland, en \u00f3\u00f0alseign vor skal vera fyrir handan J\u00f3rdan.<a name=\"33\"><span class=\"versanumer\">33<\/span><\/a>\u00de\u00e1 f\u00e9kk M\u00f3se \u00feeim sonum Ga\u00f0s, sonum R\u00fabens og h\u00e1lfri \u00e6ttkv\u00edsl Manasse J\u00f3sefssonar konungsr\u00edki S\u00edhons Amor\u00edtakonungs og konungsr\u00edki \u00d3gs, konungs \u00ed Basan, landi\u00f0 og borgirnar \u00ed \u00fev\u00ed, \u00e1samt umhverfunum, borgir landsins allt \u00ed kring.<a name=\"34\"><span class=\"versanumer\">34<\/span><\/a>\u00de\u00e1 reistu synir Ga\u00f0s D\u00edbon, Atar\u00f3t, Ar\u00f3er,<a name=\"35\"><span class=\"versanumer\">35<\/span><\/a>Ater\u00f3t S\u00f3fan, Jaser, Jogbeha,<a name=\"36\"><span class=\"versanumer\">36<\/span><\/a>Bet Nimra og Bet Haran. Voru \u00fea\u00f0 v\u00edggirtar borgir og fj\u00e1rbyrgi.<a name=\"37\"><span class=\"versanumer\">37<\/span><\/a>Synir R\u00fabens reistu Hesbon, Eleale, Kirjata\u00edm,<a name=\"38\"><span class=\"versanumer\">38<\/span><\/a>Neb\u00f3, Baal Meon, me\u00f0 breyttu nafni, og S\u00edbma, og \u00feeir g\u00e1fu borgunum, er \u00feeir reistu, n\u00fd n\u00f6fn.<a name=\"39\"><span class=\"versanumer\">39<\/span><\/a>Synir Mak\u00edrs Manassesonar f\u00f3ru til G\u00edlea\u00f0 og unnu \u00fea\u00f0 og r\u00e1ku burt Amor\u00edta, sem \u00fear voru.<a name=\"40\"><span class=\"versanumer\">40<\/span><\/a>Og M\u00f3se f\u00e9kk Mak\u00edr Manassesyni G\u00edlea\u00f0, og festi hann \u00fear bygg\u00f0.<a name=\"41\"><span class=\"versanumer\">41<\/span><\/a>En Ja\u00edr, sonur Manasse, f\u00f3r og vann \u00feorp \u00feeirra og nefndi \u00fea\u00f0 Ja\u00edrs-\u00feorp.<a name=\"42\"><span class=\"versanumer\">42<\/span><\/a>Og N\u00f3ba f\u00f3r og vann Kenat og borgirnar \u00fear umhverfis og nefndi \u00fea\u00f0 N\u00f3ba eftir nafni s\u00ednu.<\/p>\n<div class=\"footnote1981\"><b>32.1<\/b> R\u00faben og Ga\u00f0 5M\u00f3s 3.12-20; J\u00f3s 13.15,28<br \/>\n<b>32.7-9<\/b> Letja 4M\u00f3s 13.17-33; J\u00f3s 14.6-12<br \/>\n<b>32.10-13<\/b> Rei\u00f0i Drottins 4M\u00f3s 14.20-35<br \/>\n<b>32.28-32<\/b> M\u00f3se gefur skipun J\u00f3s 1.12-15<br \/>\n<b>32.33<\/b> H\u00e1lfur \u00e6ttb\u00e1lkur Manasse 4M\u00f3s 26.29; 5M\u00f3s 3.13-15; J\u00f3s 13.29-31<\/div>\n","protected":false},"excerpt":{"rendered":"<p>1Synir R\u00fabens og synir Ga\u00f0s \u00e1ttu miki\u00f0 kvikf\u00e9 og mj\u00f6g v\u00e6nt, og er \u00feeir litu Jaserland og G\u00edlea\u00f0land, s\u00e1u \u00feeir a\u00f0 \u00fea\u00f0 var gott b\u00fafj\u00e1rland.2Synir Ga\u00f0s og synir R\u00fabens komu \u00fe\u00e1 og s\u00f6g\u00f0u vi\u00f0 \u00fe\u00e1 M\u00f3se og Eleasar prest og h\u00f6fu\u00f0smenn safna\u00f0arins \u00e1 \u00feessa lei\u00f0:3Atar\u00f3t, D\u00edbon, Jaser, Nimra, Hesbon, Eleale, Sebam, Neb\u00f3 og Be\u00f3n,4landi\u00f0, sem Drottinn vann fyrir s\u00f6fnu\u00f0i \u00cdsraels, er b\u00fafj\u00e1rland gott, og \u00fej\u00f3nar \u00fe\u00ednir eiga b\u00faf\u00e9.5Og \u00feeir s\u00f6g\u00f0u: Ef v\u00e9r h\u00f6fum fundi\u00f0 n\u00e1\u00f0 \u00ed augum \u00fe\u00ednum, \u00fe\u00e1 f\u00e1i \u00fej\u00f3nar \u00fe\u00ednir land \u00feetta til eignar. Far eigi me\u00f0 oss yfir J\u00f3rdan.6\u00de\u00e1 sag\u00f0i M\u00f3se vi\u00f0 sonu Ga\u00f0s og sonu R\u00fabens: <a href=\"https:\/\/biblian.is\/1981\/fjorda-mosebok-32-kafli\/\"> [&#8230;]<\/a><\/p>\n","protected":false},"author":1,"featured_media":0,"parent":0,"menu_order":0,"comment_status":"open","ping_status":"open","template":"bibliukaflar.php","meta":{"footnotes":""},"class_list":["post-1495","page","type-page","status-publish","hentry"],"_links":{"self":[{"href":"https:\/\/biblian.is\/1981\/wp-json\/wp\/v2\/pages\/1495","targetHints":{"allow":["GET"]}}],"collection":[{"href":"https:\/\/biblian.is\/1981\/wp-json\/wp\/v2\/pages"}],"about":[{"href":"https:\/\/biblian.is\/1981\/wp-json\/wp\/v2\/types\/page"}],"author":[{"embeddable":true,"href":"https:\/\/biblian.is\/1981\/wp-json\/wp\/v2\/users\/1"}],"replies":[{"embeddable":true,"href":"https:\/\/biblian.is\/1981\/wp-json\/wp\/v2\/comments?post=1495"}],"version-history":[{"count":0,"href":"https:\/\/biblian.is\/1981\/wp-json\/wp\/v2\/pages\/1495\/revisions"}],"wp:attachment":[{"href":"https:\/\/biblian.is\/1981\/wp-json\/wp\/v2\/media?parent=1495"}],"curies":[{"name":"wp","href":"https:\/\/api.w.org\/{rel}","templated":true}]}}