{"id":1493,"date":"2017-11-18T20:17:32","date_gmt":"2017-11-18T20:17:32","guid":{"rendered":"http:\/\/biblian.is\/1981\/fjorda-mosebok-30-kafli\/"},"modified":"2021-06-06T10:56:41","modified_gmt":"2021-06-06T10:56:41","slug":"fjorda-mosebok-30-kafli","status":"publish","type":"page","link":"https:\/\/biblian.is\/1981\/fjorda-mosebok-30-kafli\/","title":{"rendered":"Fj\u00f3r\u00f0a M\u00f3seb\u00f3k 30. kafli"},"content":{"rendered":"<p><a name=\"1\"><span class=\"versanumer\">1<\/span><\/a>M\u00f3se tala\u00f0i vi\u00f0 h\u00f6fu\u00f0smenn \u00e6ttkv\u00edsla \u00cdsraelsmanna \u00e1 \u00feessa lei\u00f0: \u00deetta er \u00fea\u00f0, sem Drottinn hefir bo\u00f0i\u00f0.<a name=\"2\"><span class=\"versanumer\">2<\/span><\/a>N\u00fa gj\u00f6rir ma\u00f0ur Drottni heit e\u00f0a vinnur ei\u00f0 a\u00f0 \u00fev\u00ed a\u00f0 leggja \u00e1 sig bindindi, og skal hann \u00fe\u00e1 eigi breg\u00f0a or\u00f0i s\u00ednu. Hann skal a\u00f0 \u00f6llu leyti svo gj\u00f6ra sem hann hefir tala\u00f0.<a name=\"3\"><span class=\"versanumer\">3<\/span><\/a>Ef kona gj\u00f6rir Drottni heit og leggur \u00e1 sig bindindi, me\u00f0an h\u00fan er \u00ed \u00e6sku \u00ed f\u00f6\u00f0urh\u00fasum,<a name=\"4\"><span class=\"versanumer\">4<\/span><\/a>og fa\u00f0ir hennar veit af heitinu e\u00f0a bindindinu, er h\u00fan hefir \u00e1 sig lagt, en segir ekkert vi\u00f0 hana, \u00fe\u00e1 skulu \u00f6ll heit hennar standa og hvert \u00fea\u00f0 bindindi, er h\u00fan hefir \u00e1 sig lagt.<a name=\"5\"><span class=\"versanumer\">5<\/span><\/a>En ef fa\u00f0ir hennar bannar henni jafnskj\u00f3tt sem hann f\u00e6r vitneskju um \u00fea\u00f0, \u00fe\u00e1 skulu \u00f6ll heit hennar \u00f3gild vera og hvert \u00fea\u00f0 bindindi, er h\u00fan hefir \u00e1 sig lagt, og Drottinn mun fyrirgefa henni, af \u00fev\u00ed a\u00f0 fa\u00f0ir hennar banna\u00f0i henni.<a name=\"6\"><span class=\"versanumer\">6<\/span><\/a>En giftist h\u00fan, og heit hv\u00edla \u00e1 henni og \u00f3varlega t\u00f6lu\u00f0 or\u00f0, er h\u00fan hefir bundi\u00f0 sig me\u00f0,<a name=\"7\"><span class=\"versanumer\">7<\/span><\/a>og ma\u00f0ur hennar heyrir \u00fea\u00f0 og segir ekkert vi\u00f0 hana, \u00fe\u00e1 skulu heit hennar standa og hvert \u00fea\u00f0 bindindi, er h\u00fan hefir \u00e1 sig lagt.<a name=\"8\"><span class=\"versanumer\">8<\/span><\/a>En ef ma\u00f0ur hennar bannar henni jafnskj\u00f3tt sem hann f\u00e6r vitneskju um, \u00f3gildir hann heiti\u00f0, sem \u00e1 henni hv\u00edlir, og \u00f3vark\u00e1rnisor\u00f0in, er h\u00fan hefir bundi\u00f0 sig me\u00f0, og Drottinn mun fyrirgefa henni.<a name=\"9\"><span class=\"versanumer\">9<\/span><\/a>Heit ekkju e\u00f0a konu brottrekinnar allt sem h\u00fan hefir bundist, er skuldbindandi fyrir hana.<a name=\"10\"><span class=\"versanumer\">10<\/span><\/a>En gj\u00f6ri h\u00fan heit \u00ed h\u00fasi manns s\u00edns e\u00f0a leggi \u00e1 sig bindindi me\u00f0 ei\u00f0i,<a name=\"11\"><span class=\"versanumer\">11<\/span><\/a>og ma\u00f0ur hennar heyrir \u00fea\u00f0 og segir ekkert vi\u00f0 hana og bannar henni ekki, \u00fe\u00e1 skulu \u00f6ll heit hennar standa og hvert \u00fea\u00f0 bindindi, er h\u00fan hefir \u00e1 sig lagt.<a name=\"12\"><span class=\"versanumer\">12<\/span><\/a>En ef ma\u00f0ur hennar \u00f3gildir jafnskj\u00f3tt og hann f\u00e6r vitneskju um, \u00fe\u00e1 skal allt, sem komi\u00f0 hefir yfir varir hennar, \u00f3gilt vera, hvort heldur eru heit e\u00f0a bindindisskuldbinding. Ma\u00f0ur hennar hefir \u00f3gilt \u00fea\u00f0, og Drottinn mun fyrirgefa henni.<a name=\"13\"><span class=\"versanumer\">13<\/span><\/a>S\u00e9rhvert heit og s\u00e9rhvern skuldbindingarei\u00f0 um a\u00f0 fasta getur ma\u00f0ur hennar sta\u00f0fest e\u00f0a \u00f3gilt.<a name=\"14\"><span class=\"versanumer\">14<\/span><\/a>En ef ma\u00f0ur hennar segir alls ekkert vi\u00f0 hana dag eftir dag, \u00fe\u00e1 sta\u00f0festir hann \u00f6ll heit hennar e\u00f0a allar \u00fe\u00e6r skuldbindingar, er \u00e1 henni hv\u00edla. Hann hefir sta\u00f0fest \u00fe\u00e6r me\u00f0 \u00fev\u00ed a\u00f0 segja ekkert vi\u00f0 hana, \u00fe\u00e1 er hann f\u00e9kk vitneskju um \u00fea\u00f0.<a name=\"15\"><span class=\"versanumer\">15<\/span><\/a>En ef hann \u00f3gildir \u00fe\u00e6r eftir a\u00f0 hann hefir fengi\u00f0 vitneskju um, \u00fe\u00e1 tekur hann \u00e1 sig misgj\u00f6r\u00f0 hennar.<a name=\"16\"><span class=\"versanumer\">16<\/span><\/a>\u00deetta eru \u00feau \u00e1kv\u00e6\u00f0i, er Drottinn bau\u00f0 M\u00f3se a\u00f0 gilda skyldu milli manns og konu, milli f\u00f6\u00f0ur og d\u00f3ttur, me\u00f0an h\u00fan er \u00ed \u00e6sku og \u00ed f\u00f6\u00f0urh\u00fasum.<\/p>\n<div class=\"footnote1981\"><b>30.2-16<\/b> Heit 3M\u00f3s 27.1-25; sbr D\u00f3m 11.30-40; Pr\u00e9d 5.3-4; Matt 5.33<\/div>\n","protected":false},"excerpt":{"rendered":"<p>1M\u00f3se tala\u00f0i vi\u00f0 h\u00f6fu\u00f0smenn \u00e6ttkv\u00edsla \u00cdsraelsmanna \u00e1 \u00feessa lei\u00f0: \u00deetta er \u00fea\u00f0, sem Drottinn hefir bo\u00f0i\u00f0.2N\u00fa gj\u00f6rir ma\u00f0ur Drottni heit e\u00f0a vinnur ei\u00f0 a\u00f0 \u00fev\u00ed a\u00f0 leggja \u00e1 sig bindindi, og skal hann \u00fe\u00e1 eigi breg\u00f0a or\u00f0i s\u00ednu. Hann skal a\u00f0 \u00f6llu leyti svo gj\u00f6ra sem hann hefir tala\u00f0.3Ef kona gj\u00f6rir Drottni heit og leggur \u00e1 sig bindindi, me\u00f0an h\u00fan er \u00ed \u00e6sku \u00ed f\u00f6\u00f0urh\u00fasum,4og fa\u00f0ir hennar veit af heitinu e\u00f0a bindindinu, er h\u00fan hefir \u00e1 sig lagt, en segir ekkert vi\u00f0 hana, \u00fe\u00e1 skulu \u00f6ll heit hennar standa og hvert \u00fea\u00f0 bindindi, er h\u00fan hefir \u00e1 sig lagt.5En ef <a href=\"https:\/\/biblian.is\/1981\/fjorda-mosebok-30-kafli\/\"> [&#8230;]<\/a><\/p>\n","protected":false},"author":1,"featured_media":0,"parent":0,"menu_order":0,"comment_status":"open","ping_status":"open","template":"bibliukaflar.php","meta":{"footnotes":""},"class_list":["post-1493","page","type-page","status-publish","hentry"],"_links":{"self":[{"href":"https:\/\/biblian.is\/1981\/wp-json\/wp\/v2\/pages\/1493","targetHints":{"allow":["GET"]}}],"collection":[{"href":"https:\/\/biblian.is\/1981\/wp-json\/wp\/v2\/pages"}],"about":[{"href":"https:\/\/biblian.is\/1981\/wp-json\/wp\/v2\/types\/page"}],"author":[{"embeddable":true,"href":"https:\/\/biblian.is\/1981\/wp-json\/wp\/v2\/users\/1"}],"replies":[{"embeddable":true,"href":"https:\/\/biblian.is\/1981\/wp-json\/wp\/v2\/comments?post=1493"}],"version-history":[{"count":0,"href":"https:\/\/biblian.is\/1981\/wp-json\/wp\/v2\/pages\/1493\/revisions"}],"wp:attachment":[{"href":"https:\/\/biblian.is\/1981\/wp-json\/wp\/v2\/media?parent=1493"}],"curies":[{"name":"wp","href":"https:\/\/api.w.org\/{rel}","templated":true}]}}