{"id":1492,"date":"2017-11-18T20:17:32","date_gmt":"2017-11-18T20:17:32","guid":{"rendered":"http:\/\/biblian.is\/1981\/fjorda-mosebok-29-kafli\/"},"modified":"2021-06-06T10:56:40","modified_gmt":"2021-06-06T10:56:40","slug":"fjorda-mosebok-29-kafli","status":"publish","type":"page","link":"https:\/\/biblian.is\/1981\/fjorda-mosebok-29-kafli\/","title":{"rendered":"Fj\u00f3r\u00f0a M\u00f3seb\u00f3k 29. kafli"},"content":{"rendered":"<p><a name=\"1\"><span class=\"versanumer\">1<\/span><\/a>\u00cd sj\u00f6unda m\u00e1nu\u00f0inum, \u00e1 fyrsta degi m\u00e1na\u00f0arins, skulu\u00f0 \u00fe\u00e9r halda helga samkomu. Eigi skulu\u00f0 \u00fe\u00e9r \u00fe\u00e1 vinna neina stritvinnu. \u00deann dag skal bl\u00e1si\u00f0 \u00ed b\u00e1s\u00fanur hj\u00e1 y\u00f0ur.<a name=\"2\"><span class=\"versanumer\">2<\/span><\/a>\u00cd brennif\u00f3rn til \u00fe\u00e6gilegs ilms fyrir Drottin skulu\u00f0 \u00fe\u00e9r \u00fe\u00e1 f\u00f3rna einu ungneyti, einum hr\u00fat og sj\u00f6 veturg\u00f6mlum sau\u00f0kindum gallalausum.<a name=\"3\"><span class=\"versanumer\">3<\/span><\/a>Og \u00ed matf\u00f3rn me\u00f0 \u00feeim f\u00ednt mj\u00f6l blanda\u00f0 vi\u00f0 ol\u00edu, \u00ferj\u00e1 t\u00edundu parta me\u00f0 nautinu, tvo t\u00edundu parta me\u00f0 hr\u00fatnum,<a name=\"4\"><span class=\"versanumer\">4<\/span><\/a>og einn t\u00edunda part me\u00f0 hverri \u00feeirra sj\u00f6 sau\u00f0kinda.<a name=\"5\"><span class=\"versanumer\">5<\/span><\/a>Enn fremur einn geithafur \u00ed syndaf\u00f3rn til \u00feess a\u00f0 fri\u00f0\u00fe\u00e6gja fyrir y\u00f0ur,<a name=\"6\"><span class=\"versanumer\">6<\/span><\/a>auk tunglkomu-brennif\u00f3rnarinnar og matf\u00f3rnarinnar, er henni fylgir, og hinnar st\u00f6\u00f0ugu brennif\u00f3rnar og matf\u00f3rnarinnar, er henni fylgir, og dreypif\u00f3rnanna, er \u00feeim fylgja, a\u00f0 r\u00e9ttum si\u00f0 til \u00fe\u00e6gilegs ilms, sem eldf\u00f3rn Drottni til handa.<a name=\"7\"><span class=\"versanumer\">7<\/span><\/a>T\u00edunda daginn \u00ed \u00feessum sama sj\u00f6unda m\u00e1nu\u00f0i skulu\u00f0 \u00fe\u00e9r halda helga samkomu og fasta. \u00de\u00e1 skulu\u00f0 \u00fe\u00e9r ekkert verk vinna.<a name=\"8\"><span class=\"versanumer\">8<\/span><\/a>En \u00ed brennif\u00f3rn skulu\u00f0 \u00fe\u00e9r f\u00e6ra Drottni til \u00fe\u00e6gilegs ilms eitt ungneyti, einn hr\u00fat og sj\u00f6 sau\u00f0kindur veturgamlar. Skulu\u00f0 \u00fe\u00e9r hafa \u00fe\u00e6r gallalausar.<a name=\"9\"><span class=\"versanumer\">9<\/span><\/a>Og \u00ed matf\u00f3rn me\u00f0 \u00feeim f\u00ednt mj\u00f6l blanda\u00f0 vi\u00f0 ol\u00edu, \u00ferj\u00e1 t\u00edundu parta me\u00f0 nautinu, tvo t\u00edundu parta me\u00f0 hr\u00fatnum,<a name=\"10\"><span class=\"versanumer\">10<\/span><\/a>einn t\u00edunda part me\u00f0 hverri \u00feeirra sj\u00f6 sau\u00f0kinda.<a name=\"11\"><span class=\"versanumer\">11<\/span><\/a>Enn fremur einn geithafur \u00ed syndaf\u00f3rn, auk syndaf\u00f3rnar til fri\u00f0\u00fe\u00e6gingar, og st\u00f6\u00f0ugu brennif\u00f3rnarinnar og matf\u00f3rnarinnar, er henni fylgir, og dreypif\u00f3rnanna, er \u00feeim fylgja.<a name=\"12\"><span class=\"versanumer\">12<\/span><\/a>\u00c1 fimmt\u00e1nda degi hins sj\u00f6unda m\u00e1na\u00f0ar skulu\u00f0 \u00fe\u00e9r halda helga samkomu. Eigi skulu\u00f0 \u00fe\u00e9r \u00fe\u00e1 vinna neina stritvinnu, heldur halda Drottni h\u00e1t\u00ed\u00f0 \u00ed sj\u00f6 daga.<a name=\"13\"><span class=\"versanumer\">13<\/span><\/a>\u00de\u00e9r skulu\u00f0 f\u00e6ra \u00ed brennif\u00f3rn, \u00ed eldf\u00f3rn \u00fe\u00e6gilegs ilms Drottni til handa, \u00ferett\u00e1n ungneyti, tvo hr\u00fata og fj\u00f3rt\u00e1n sau\u00f0kindur veturgamlar. Skulu \u00fe\u00e6r vera gallalausar.<a name=\"14\"><span class=\"versanumer\">14<\/span><\/a>Og \u00ed matf\u00f3rn me\u00f0 \u00feeim f\u00ednt mj\u00f6l ol\u00edublanda\u00f0, \u00ferj\u00e1 t\u00edundu parta me\u00f0 hverju \u00feeirra \u00ferett\u00e1n nauta, tvo t\u00edundu parta me\u00f0 hvorum \u00feeirra tveggja hr\u00fata<a name=\"15\"><span class=\"versanumer\">15<\/span><\/a>og einn t\u00edunda part me\u00f0 hverri \u00feeirra fj\u00f3rt\u00e1n sau\u00f0kinda.<a name=\"16\"><span class=\"versanumer\">16<\/span><\/a>Enn fremur einn geithafur \u00ed syndaf\u00f3rn, auk st\u00f6\u00f0ugu brennif\u00f3rnarinnar og matf\u00f3rnarinnar og dreypif\u00f3rnarinnar, er henni fylgja.<a name=\"17\"><span class=\"versanumer\">17<\/span><\/a>Annan daginn t\u00f3lf ungneyti, tvo hr\u00fata og fj\u00f3rt\u00e1n veturgamlar sau\u00f0kindur gallalausar,<a name=\"18\"><span class=\"versanumer\">18<\/span><\/a>og matf\u00f3rn og dreypif\u00f3rnir me\u00f0 nautunum, hr\u00fatunum og sau\u00f0kindunum, eftir t\u00f6lu \u00feeirra, a\u00f0 r\u00e9ttum si\u00f0.<a name=\"19\"><span class=\"versanumer\">19<\/span><\/a>Enn fremur einn geithafur \u00ed syndaf\u00f3rn, auk st\u00f6\u00f0ugu brennif\u00f3rnarinnar og matf\u00f3rnarinnar, er henni fylgir, og dreypif\u00f3rnanna, er \u00feeim fylgja.<a name=\"20\"><span class=\"versanumer\">20<\/span><\/a>\u00deri\u00f0ja daginn ellefu naut, tvo hr\u00fata og fj\u00f3rt\u00e1n veturgamlar sau\u00f0kindur gallalausar,<a name=\"21\"><span class=\"versanumer\">21<\/span><\/a>og matf\u00f3rn og dreypif\u00f3rnir me\u00f0 nautunum, hr\u00fatunum og sau\u00f0kindunum, eftir t\u00f6lu \u00feeirra, a\u00f0 r\u00e9ttum si\u00f0.<a name=\"22\"><span class=\"versanumer\">22<\/span><\/a>Enn fremur einn hafur \u00ed syndaf\u00f3rn, auk st\u00f6\u00f0ugu brennif\u00f3rnarinnar og matf\u00f3rnarinnar og dreypif\u00f3rnarinnar, er henni fylgja.<a name=\"23\"><span class=\"versanumer\">23<\/span><\/a>Fj\u00f3r\u00f0a daginn t\u00edu naut, tvo hr\u00fata og fj\u00f3rt\u00e1n veturgamlar sau\u00f0kindur gallalausar,<a name=\"24\"><span class=\"versanumer\">24<\/span><\/a>matf\u00f3rn og dreypif\u00f3rnir me\u00f0 nautunum, hr\u00fatunum og sau\u00f0kindunum, eftir t\u00f6lu \u00feeirra, a\u00f0 r\u00e9ttum si\u00f0.<a name=\"25\"><span class=\"versanumer\">25<\/span><\/a>Enn fremur einn geithafur \u00ed syndaf\u00f3rn, auk st\u00f6\u00f0ugu brennif\u00f3rnarinnar og matf\u00f3rnarinnar og dreypif\u00f3rnarinnar, er henni fylgja.<a name=\"26\"><span class=\"versanumer\">26<\/span><\/a>Fimmta daginn n\u00edu naut, tvo hr\u00fata og fj\u00f3rt\u00e1n veturgamlar sau\u00f0kindur gallalausar,<a name=\"27\"><span class=\"versanumer\">27<\/span><\/a>og matf\u00f3rn og dreypif\u00f3rnir me\u00f0 nautunum, hr\u00fatunum og sau\u00f0kindunum, eftir t\u00f6lu \u00feeirra, a\u00f0 r\u00e9ttum si\u00f0.<a name=\"28\"><span class=\"versanumer\">28<\/span><\/a>Enn fremur einn hafur \u00ed syndaf\u00f3rn, auk st\u00f6\u00f0ugu brennif\u00f3rnarinnar og matf\u00f3rnarinnar og dreypif\u00f3rnarinnar, er henni fylgja.<a name=\"29\"><span class=\"versanumer\">29<\/span><\/a>Sj\u00f6tta daginn \u00e1tta naut, tvo hr\u00fata og fj\u00f3rt\u00e1n veturgamlar sau\u00f0kindur gallalausar,<a name=\"30\"><span class=\"versanumer\">30<\/span><\/a>og matf\u00f3rn og dreypif\u00f3rnir me\u00f0 nautunum, hr\u00fatunum og sau\u00f0kindunum, eftir t\u00f6lu \u00feeirra, a\u00f0 r\u00e9ttum si\u00f0.<a name=\"31\"><span class=\"versanumer\">31<\/span><\/a>Enn fremur einn hafur \u00ed syndaf\u00f3rn, auk st\u00f6\u00f0ugu brennif\u00f3rnarinnar og matf\u00f3rnarinnar og dreypif\u00f3rnanna, er henni fylgja.<a name=\"32\"><span class=\"versanumer\">32<\/span><\/a>Sj\u00f6unda daginn sj\u00f6 naut, tvo hr\u00fata og fj\u00f3rt\u00e1n veturgamlar sau\u00f0kindur gallalausar,<a name=\"33\"><span class=\"versanumer\">33<\/span><\/a>og matf\u00f3rn og dreypif\u00f3rnir me\u00f0 nautunum, hr\u00fatunum og sau\u00f0kindunum, eftir t\u00f6lu \u00feeirra, a\u00f0 r\u00e9ttum si\u00f0.<a name=\"34\"><span class=\"versanumer\">34<\/span><\/a>Enn fremur einn hafur \u00ed syndaf\u00f3rn, auk st\u00f6\u00f0ugu brennif\u00f3rnarinnar og matf\u00f3rnarinnar og dreypif\u00f3rnarinnar, er henni fylgja.<a name=\"35\"><span class=\"versanumer\">35<\/span><\/a>\u00c1ttunda daginn skulu\u00f0 \u00fe\u00e9r halda h\u00e1t\u00ed\u00f0astefnu. Eigi skulu\u00f0 \u00fe\u00e9r vinna neina stritvinnu.<a name=\"36\"><span class=\"versanumer\">36<\/span><\/a>Og \u00fe\u00e9r skulu\u00f0 f\u00e6ra \u00ed brennif\u00f3rn, \u00ed eldf\u00f3rn \u00fe\u00e6gilegs ilms Drottni til handa, eitt naut, einn hr\u00fat og sj\u00f6 veturgamlar sau\u00f0kindur gallalausar,<a name=\"37\"><span class=\"versanumer\">37<\/span><\/a>matf\u00f3rn og dreypif\u00f3rnir me\u00f0 nautinu, hr\u00fatnum og sau\u00f0kindunum, eftir t\u00f6lu \u00feeirra, a\u00f0 r\u00e9ttum si\u00f0.<a name=\"38\"><span class=\"versanumer\">38<\/span><\/a>Enn fremur einn hafur \u00ed syndaf\u00f3rn, auk st\u00f6\u00f0ugu brennif\u00f3rnarinnar og matf\u00f3rnarinnar og dreypif\u00f3rnarinnar, er henni fylgja.<a name=\"39\"><span class=\"versanumer\">39<\/span><\/a>\u00deessu skulu\u00f0 \u00fe\u00e9r f\u00f3rna Drottni \u00e1 l\u00f6gh\u00e1t\u00ed\u00f0um y\u00f0ar, auk heitf\u00f3rna y\u00f0ar og sj\u00e1lfviljaf\u00f3rna, hvort heldur eru brennif\u00f3rnir, matf\u00f3rnir, dreypif\u00f3rnir e\u00f0a heillaf\u00f3rnir.<a name=\"40\"><span class=\"versanumer\">40<\/span><\/a>Og M\u00f3se lag\u00f0i a\u00f0 \u00f6llu leyti svo fyrir \u00cdsraelsmenn sem Drottinn haf\u00f0i bo\u00f0i\u00f0 honum.<\/p>\n<div class=\"footnote1981\"><b>29.7<\/b> Fri\u00f0\u00fe\u00e6gingarh\u00e1t\u00ed\u00f0 3M\u00f3s 16.1+<br \/>\n<b>29.12<\/b> Laufsk\u00e1lah\u00e1t\u00ed\u00f0in 2M\u00f3s 23.16+ ; 3M\u00f3s 23.34+<\/div>\n","protected":false},"excerpt":{"rendered":"<p>1\u00cd sj\u00f6unda m\u00e1nu\u00f0inum, \u00e1 fyrsta degi m\u00e1na\u00f0arins, skulu\u00f0 \u00fe\u00e9r halda helga samkomu. Eigi skulu\u00f0 \u00fe\u00e9r \u00fe\u00e1 vinna neina stritvinnu. \u00deann dag skal bl\u00e1si\u00f0 \u00ed b\u00e1s\u00fanur hj\u00e1 y\u00f0ur.2\u00cd brennif\u00f3rn til \u00fe\u00e6gilegs ilms fyrir Drottin skulu\u00f0 \u00fe\u00e9r \u00fe\u00e1 f\u00f3rna einu ungneyti, einum hr\u00fat og sj\u00f6 veturg\u00f6mlum sau\u00f0kindum gallalausum.3Og \u00ed matf\u00f3rn me\u00f0 \u00feeim f\u00ednt mj\u00f6l blanda\u00f0 vi\u00f0 ol\u00edu, \u00ferj\u00e1 t\u00edundu parta me\u00f0 nautinu, tvo t\u00edundu parta me\u00f0 hr\u00fatnum,4og einn t\u00edunda part me\u00f0 hverri \u00feeirra sj\u00f6 sau\u00f0kinda.5Enn fremur einn geithafur \u00ed syndaf\u00f3rn til \u00feess a\u00f0 fri\u00f0\u00fe\u00e6gja fyrir y\u00f0ur,6auk tunglkomu-brennif\u00f3rnarinnar og matf\u00f3rnarinnar, er henni fylgir, og hinnar st\u00f6\u00f0ugu brennif\u00f3rnar og matf\u00f3rnarinnar, er henni fylgir, og <a href=\"https:\/\/biblian.is\/1981\/fjorda-mosebok-29-kafli\/\"> [&#8230;]<\/a><\/p>\n","protected":false},"author":1,"featured_media":0,"parent":0,"menu_order":0,"comment_status":"open","ping_status":"open","template":"bibliukaflar.php","meta":{"footnotes":""},"class_list":["post-1492","page","type-page","status-publish","hentry"],"_links":{"self":[{"href":"https:\/\/biblian.is\/1981\/wp-json\/wp\/v2\/pages\/1492","targetHints":{"allow":["GET"]}}],"collection":[{"href":"https:\/\/biblian.is\/1981\/wp-json\/wp\/v2\/pages"}],"about":[{"href":"https:\/\/biblian.is\/1981\/wp-json\/wp\/v2\/types\/page"}],"author":[{"embeddable":true,"href":"https:\/\/biblian.is\/1981\/wp-json\/wp\/v2\/users\/1"}],"replies":[{"embeddable":true,"href":"https:\/\/biblian.is\/1981\/wp-json\/wp\/v2\/comments?post=1492"}],"version-history":[{"count":0,"href":"https:\/\/biblian.is\/1981\/wp-json\/wp\/v2\/pages\/1492\/revisions"}],"wp:attachment":[{"href":"https:\/\/biblian.is\/1981\/wp-json\/wp\/v2\/media?parent=1492"}],"curies":[{"name":"wp","href":"https:\/\/api.w.org\/{rel}","templated":true}]}}