{"id":1491,"date":"2017-11-18T20:17:32","date_gmt":"2017-11-18T20:17:32","guid":{"rendered":"http:\/\/biblian.is\/1981\/fjorda-mosebok-28-kafli\/"},"modified":"2021-06-06T11:36:47","modified_gmt":"2021-06-06T11:36:47","slug":"fjorda-mosebok-28-kafli","status":"publish","type":"page","link":"https:\/\/biblian.is\/1981\/fjorda-mosebok-28-kafli\/","title":{"rendered":"Fj\u00f3r\u00f0a M\u00f3seb\u00f3k 28. kafli"},"content":{"rendered":"<p><a name=\"1\"><span class=\"versanumer\">1<\/span><\/a>Drottinn tala\u00f0i vi\u00f0 M\u00f3se og sag\u00f0i:<a name=\"2\"><span class=\"versanumer\">2<\/span><\/a>Bj\u00f3\u00f0 \u00fe\u00fa \u00cdsraelsm\u00f6nnum og seg vi\u00f0 \u00fe\u00e1: \u00de\u00e9r skulu\u00f0 g\u00e6ta \u00feess a\u00f0 f\u00e6ra m\u00e9r \u00e1 tilteknum t\u00edma f\u00f3rnargj\u00f6f m\u00edna, mat minn af eldf\u00f3rnunum til \u00fe\u00e6gilegs ilms, er m\u00e9r ber.<a name=\"3\"><span class=\"versanumer\">3<\/span><\/a>Og \u00fe\u00fa skalt segja vi\u00f0 \u00fe\u00e1: \u00deetta er eldf\u00f3rnin, sem \u00fe\u00e9r skulu\u00f0 f\u00e6ra Drottni: Tv\u00e6r sau\u00f0kindur veturgamlar, gallalausar, \u00e1 dag \u00ed st\u00f6\u00f0uga brennif\u00f3rn.<a name=\"4\"><span class=\"versanumer\">4<\/span><\/a>Annarri sau\u00f0kindinni skalt \u00fe\u00fa f\u00f3rna a\u00f0 morgni, hinni skalt \u00fe\u00fa f\u00f3rna a\u00f0 kveldi um s\u00f3lsetur,<a name=\"5\"><span class=\"versanumer\">5<\/span><\/a>og t\u00edunda parti \u00far efu af f\u00ednu mj\u00f6li, bl\u00f6ndu\u00f0u vi\u00f0 fj\u00f3r\u00f0ung \u00far h\u00edn af ol\u00edu \u00far steyttum ol\u00eduberjum, \u00ed matf\u00f3rn.<a name=\"6\"><span class=\"versanumer\">6<\/span><\/a>Er \u00fea\u00f0 hin st\u00f6\u00f0uga brennif\u00f3rn, sem f\u00e6r\u00f0 var undir S\u00edna\u00edfjalli til \u00fe\u00e6gilegs ilms, sem eldf\u00f3rn Drottni til handa.<a name=\"7\"><span class=\"versanumer\">7<\/span><\/a>\u00cd dreypif\u00f3rn skal fylgja hverri sau\u00f0kind fj\u00f3r\u00f0ungur \u00far h\u00edn. \u00cd helgid\u00f3minum skalt \u00fe\u00fa dreypa Drottni dreypif\u00f3rn af \u00e1fengum drykk.<a name=\"8\"><span class=\"versanumer\">8<\/span><\/a>Hinni sau\u00f0kindinni skalt \u00fe\u00fa f\u00f3rna um s\u00f3lsetur, me\u00f0 s\u00f6mu matf\u00f3rn sem um morguninn og \u00feeirri dreypif\u00f3rn, er henni fylgir, sem eldf\u00f3rn \u00fe\u00e6gilegs ilms Drottni til handa.<a name=\"9\"><span class=\"versanumer\">9<\/span><\/a>\u00c1 hv\u00edldardegi skal f\u00f3rna tveim sau\u00f0kindum veturg\u00f6mlum gallalausum, og tveim t\u00edundu p\u00f6rtum \u00far efu af f\u00ednu mj\u00f6li, bl\u00f6ndu\u00f0u vi\u00f0 ol\u00edu, \u00ed matf\u00f3rn, og dreypif\u00f3rninni, er henni fylgir.<a name=\"10\"><span class=\"versanumer\">10<\/span><\/a>\u00deetta er brennif\u00f3rnin, sem f\u00e6ra skal \u00e1 hverjum hv\u00edldardegi, auk hinnar st\u00f6\u00f0ugu brennif\u00f3rnar og dreypif\u00f3rnarinnar, er henni fylgir.<a name=\"11\"><span class=\"versanumer\">11<\/span><\/a>\u00c1 fyrsta degi hvers m\u00e1na\u00f0ar skulu\u00f0 \u00fe\u00e9r f\u00e6ra Drottni \u00ed brennif\u00f3rn tv\u00f6 ungneyti, einn hr\u00fat og sj\u00f6 sau\u00f0kindur veturgamlar gallalausar,<a name=\"12\"><span class=\"versanumer\">12<\/span><\/a>og \u00ferj\u00e1 t\u00edundu parta \u00far efu af f\u00ednu mj\u00f6li, bl\u00f6ndu\u00f0u vi\u00f0 ol\u00edu, \u00ed matf\u00f3rn me\u00f0 hverju nauti, tvo t\u00edundu parta af f\u00ednu mj\u00f6li, bl\u00f6ndu\u00f0u vi\u00f0 ol\u00edu, \u00ed matf\u00f3rn me\u00f0 hr\u00fatnum,<a name=\"13\"><span class=\"versanumer\">13<\/span><\/a>og einn t\u00edunda part af f\u00ednu mj\u00f6li, bl\u00f6ndu\u00f0u vi\u00f0 ol\u00edu, \u00ed matf\u00f3rn me\u00f0 hverri sau\u00f0kind, sem brennif\u00f3rn \u00fe\u00e6gilegs ilms, sem eldf\u00f3rn Drottni til handa.<a name=\"14\"><span class=\"versanumer\">14<\/span><\/a>Dreypif\u00f3rnirnar, er \u00feeim fylgja, skulu vera h\u00e1lf h\u00edn af v\u00edni me\u00f0 hverju nauti, \u00feri\u00f0jungur \u00far h\u00edn me\u00f0 hr\u00fatnum og fj\u00f3r\u00f0ungur \u00far h\u00edn me\u00f0 hverri sau\u00f0kind. \u00deetta er brennif\u00f3rnin, sem f\u00f3rna skal \u00e1 hverjum m\u00e1nu\u00f0i \u00e1ri\u00f0 um kring.<a name=\"15\"><span class=\"versanumer\">15<\/span><\/a>Auk \u00feess einn geithafur \u00ed syndaf\u00f3rn Drottni til handa. Skal f\u00f3rna honum auk hinnar st\u00f6\u00f0ugu brennif\u00f3rnar og dreypif\u00f3rnarinnar, er henni fylgir.<a name=\"16\"><span class=\"versanumer\">16<\/span><\/a>\u00cd fyrsta m\u00e1nu\u00f0inum, \u00e1 fj\u00f3rt\u00e1nda degi m\u00e1na\u00f0arins, eru p\u00e1skar Drottins.<a name=\"17\"><span class=\"versanumer\">17<\/span><\/a>Og \u00e1 fimmt\u00e1nda degi hins sama m\u00e1na\u00f0ar er h\u00e1t\u00ed\u00f0. \u00cd sj\u00f6 daga skal eta \u00f3s\u00fdrt brau\u00f0.<a name=\"18\"><span class=\"versanumer\">18<\/span><\/a>Fyrsta daginn er haldin helg samkoma. Eigi skulu\u00f0 \u00fe\u00e9r \u00fe\u00e1 vinna neina stritvinnu.<a name=\"19\"><span class=\"versanumer\">19<\/span><\/a>Og \u00fe\u00e9r skulu\u00f0 f\u00e6ra Drottni \u00ed eldf\u00f3rn, \u00ed brennif\u00f3rn tv\u00f6 ungneyti, einn hr\u00fat og sj\u00f6 sau\u00f0kindur veturgamlar. Skulu\u00f0 \u00fe\u00e9r hafa \u00fe\u00e6r gallalausar.<a name=\"20\"><span class=\"versanumer\">20<\/span><\/a>Og \u00ed matf\u00f3rn me\u00f0 \u00feeim f\u00ednt mj\u00f6l, blanda\u00f0 vi\u00f0 ol\u00edu. Skulu\u00f0 \u00fe\u00e9r f\u00f3rna \u00feremur t\u00edundu p\u00f6rtum me\u00f0 hverju nauti og tveimur t\u00edundu p\u00f6rtum me\u00f0 hr\u00fatnum.<a name=\"21\"><span class=\"versanumer\">21<\/span><\/a>Einum t\u00edunda parti skalt \u00fe\u00fa f\u00f3rna me\u00f0 hverri \u00feeirra sj\u00f6 sau\u00f0kinda.<a name=\"22\"><span class=\"versanumer\">22<\/span><\/a>Enn fremur einn hafur \u00ed syndaf\u00f3rn til \u00feess a\u00f0 fri\u00f0\u00fe\u00e6gja fyrir y\u00f0ur.<a name=\"23\"><span class=\"versanumer\">23<\/span><\/a>\u00deessu skulu\u00f0 \u00fe\u00e9r f\u00f3rna, auk morgunbrennif\u00f3rnarinnar, sem fram er borin \u00ed hina st\u00f6\u00f0ugu brennif\u00f3rn.<a name=\"24\"><span class=\"versanumer\">24<\/span><\/a>\u00deessu skulu\u00f0 \u00fe\u00e9r f\u00f3rna \u00e1 degi hverjum \u00ed sj\u00f6 daga sem eldf\u00f3rnarmat \u00fe\u00e6gilegs ilms Drottni til handa. Skal f\u00f3rna \u00fev\u00ed auk hinnar st\u00f6\u00f0ugu brennif\u00f3rnar og dreypif\u00f3rnarinnar, er honum fylgir.<a name=\"25\"><span class=\"versanumer\">25<\/span><\/a>Sj\u00f6unda daginn skulu\u00f0 \u00fe\u00e9r halda helga samkomu. Eigi skulu\u00f0 \u00fe\u00e9r \u00fe\u00e1 vinna neina stritvinnu.<a name=\"26\"><span class=\"versanumer\">26<\/span><\/a>Frumgr\u00f3\u00f0adaginn, \u00feegar \u00fe\u00e9r f\u00e6ri\u00f0 Drottni n\u00fdja matf\u00f3rn, \u00e1 viknah\u00e1t\u00ed\u00f0 y\u00f0ar, skulu\u00f0 \u00fe\u00e9r halda helga samkomu. Eigi skulu\u00f0 \u00fe\u00e9r \u00fe\u00e1 vinna neina stritvinnu.<a name=\"27\"><span class=\"versanumer\">27<\/span><\/a>Og \u00ed brennif\u00f3rn \u00fe\u00e6gilegs ilms Drottni til handa skulu\u00f0 \u00fe\u00e9r f\u00e6ra tv\u00f6 ungneyti, einn hr\u00fat og sj\u00f6 sau\u00f0kindur veturgamlar.<a name=\"28\"><span class=\"versanumer\">28<\/span><\/a>Og \u00ed matf\u00f3rn me\u00f0 \u00feeim f\u00ednt mj\u00f6l, blanda\u00f0 vi\u00f0 ol\u00edu, \u00ferj\u00e1 t\u00edundu parta me\u00f0 hverju nauti, tvo t\u00edundu parta me\u00f0 hr\u00fatnum,<a name=\"29\"><span class=\"versanumer\">29<\/span><\/a>&#8222;einn t\u00edunda part me\u00f0 hverri \u00feeirra sj\u00f6 sau\u00f0kinda;&#8220;<a name=\"30\"><span class=\"versanumer\">30<\/span><\/a>einn geithafur til \u00feess a\u00f0 fri\u00f0\u00fe\u00e6gja fyrir y\u00f0ur.<a name=\"31\"><span class=\"versanumer\">31<\/span><\/a>Auk hinnar st\u00f6\u00f0ugu brennif\u00f3rnar og matf\u00f3rnarinnar, er henni fylgir, skulu\u00f0 \u00fe\u00e9r f\u00f3rna \u00feessu, \u00e1samt dreypif\u00f3rnunum, er \u00fev\u00ed fylgja. Skulu\u00f0 \u00fe\u00e9r hafa \u00fea\u00f0 gallalaust. gallalaust.<\/p>\n<div class=\"footnote1981\"><b>28.3<\/b> Daglega 2M\u00f3s 29.38-46+<br \/>\n<b>28.9<\/b> Hv\u00edldardagurinn Esk 46.4-5; Matt 12.5<br \/>\n<b>28.11<\/b> Tunglkomudagur Esk 46.6-7; sbr 2Kon 4.23; Jes 1.13; H\u00f3s 2.13; Am 8.5<br \/>\n<b>28.16<\/b> P\u00e1skar 2M\u00f3s 12.1+<br \/>\n<b>28.26<\/b> Viknah\u00e1t\u00ed\u00f0 2M\u00f3s 23.16+<\/div>\n","protected":false},"excerpt":{"rendered":"<p>1Drottinn tala\u00f0i vi\u00f0 M\u00f3se og sag\u00f0i:2Bj\u00f3\u00f0 \u00fe\u00fa \u00cdsraelsm\u00f6nnum og seg vi\u00f0 \u00fe\u00e1: \u00de\u00e9r skulu\u00f0 g\u00e6ta \u00feess a\u00f0 f\u00e6ra m\u00e9r \u00e1 tilteknum t\u00edma f\u00f3rnargj\u00f6f m\u00edna, mat minn af eldf\u00f3rnunum til \u00fe\u00e6gilegs ilms, er m\u00e9r ber.3Og \u00fe\u00fa skalt segja vi\u00f0 \u00fe\u00e1: \u00deetta er eldf\u00f3rnin, sem \u00fe\u00e9r skulu\u00f0 f\u00e6ra Drottni: Tv\u00e6r sau\u00f0kindur veturgamlar, gallalausar, \u00e1 dag \u00ed st\u00f6\u00f0uga brennif\u00f3rn.4Annarri sau\u00f0kindinni skalt \u00fe\u00fa f\u00f3rna a\u00f0 morgni, hinni skalt \u00fe\u00fa f\u00f3rna a\u00f0 kveldi um s\u00f3lsetur,5og t\u00edunda parti \u00far efu af f\u00ednu mj\u00f6li, bl\u00f6ndu\u00f0u vi\u00f0 fj\u00f3r\u00f0ung \u00far h\u00edn af ol\u00edu \u00far steyttum ol\u00eduberjum, \u00ed matf\u00f3rn.6Er \u00fea\u00f0 hin st\u00f6\u00f0uga brennif\u00f3rn, sem f\u00e6r\u00f0 var undir S\u00edna\u00edfjalli til \u00fe\u00e6gilegs <a href=\"https:\/\/biblian.is\/1981\/fjorda-mosebok-28-kafli\/\"> [&#8230;]<\/a><\/p>\n","protected":false},"author":1,"featured_media":0,"parent":0,"menu_order":0,"comment_status":"open","ping_status":"open","template":"bibliukaflar.php","meta":{"footnotes":""},"class_list":["post-1491","page","type-page","status-publish","hentry"],"_links":{"self":[{"href":"https:\/\/biblian.is\/1981\/wp-json\/wp\/v2\/pages\/1491","targetHints":{"allow":["GET"]}}],"collection":[{"href":"https:\/\/biblian.is\/1981\/wp-json\/wp\/v2\/pages"}],"about":[{"href":"https:\/\/biblian.is\/1981\/wp-json\/wp\/v2\/types\/page"}],"author":[{"embeddable":true,"href":"https:\/\/biblian.is\/1981\/wp-json\/wp\/v2\/users\/1"}],"replies":[{"embeddable":true,"href":"https:\/\/biblian.is\/1981\/wp-json\/wp\/v2\/comments?post=1491"}],"version-history":[{"count":0,"href":"https:\/\/biblian.is\/1981\/wp-json\/wp\/v2\/pages\/1491\/revisions"}],"wp:attachment":[{"href":"https:\/\/biblian.is\/1981\/wp-json\/wp\/v2\/media?parent=1491"}],"curies":[{"name":"wp","href":"https:\/\/api.w.org\/{rel}","templated":true}]}}