{"id":1490,"date":"2017-11-18T20:17:32","date_gmt":"2017-11-18T20:17:32","guid":{"rendered":"http:\/\/biblian.is\/1981\/fjorda-mosebok-27-kafli\/"},"modified":"2021-06-06T11:36:24","modified_gmt":"2021-06-06T11:36:24","slug":"fjorda-mosebok-27-kafli","status":"publish","type":"page","link":"https:\/\/biblian.is\/1981\/fjorda-mosebok-27-kafli\/","title":{"rendered":"Fj\u00f3r\u00f0a M\u00f3seb\u00f3k 27. kafli"},"content":{"rendered":"<p><a name=\"1\"><span class=\"versanumer\">1<\/span><\/a>\u00de\u00e1 komu d\u00e6tur Selofha\u00f0s Heferssonar, G\u00edlea\u00f0ssonar, Mak\u00edrssonar, Manassesonar, af kynkv\u00edslum Manasse J\u00f3sefssonar. \u00de\u00e6r h\u00e9tu Mahla, N\u00f3a, Hogla, Milka og Tirsa.<a name=\"2\"><span class=\"versanumer\">2<\/span><\/a>Gengu \u00fe\u00e6r fyrir M\u00f3se og Eleasar prest og fyrir h\u00f6fu\u00f0smennina og allan s\u00f6fnu\u00f0inn, fyrir dyrum samfundatjaldsins, og s\u00f6g\u00f0u:<a name=\"3\"><span class=\"versanumer\">3<\/span><\/a>Fa\u00f0ir vor d\u00f3 \u00ed ey\u00f0im\u00f6rkinni, og var hann \u00fe\u00f3 ekki \u00ed flokki \u00feeirra manna, er sambl\u00e1stur gj\u00f6r\u00f0u gegn Drottni, \u00ed flokki K\u00f3ra, \u00fev\u00ed a\u00f0 hann d\u00f3 vegna sinnar eigin syndar. En hann \u00e1tti enga sonu.<a name=\"4\"><span class=\"versanumer\">4<\/span><\/a>Hvers vegna \u00e1 n\u00fa nafn f\u00f6\u00f0ur vors a\u00f0 hverfa \u00far \u00e6tt hans, af \u00fev\u00ed a\u00f0 hann \u00e1tti engan son? F\u00e1 oss \u00f3\u00f0al me\u00f0al br\u00e6\u00f0ra f\u00f6\u00f0ur vors.<a name=\"5\"><span class=\"versanumer\">5<\/span><\/a>M\u00f3se flutti m\u00e1l \u00feeirra fyrir Drottin.<a name=\"6\"><span class=\"versanumer\">6<\/span><\/a>Og Drottinn sag\u00f0i vi\u00f0 M\u00f3se: D\u00e6tur Selofha\u00f0s hafa r\u00e9tt a\u00f0 m\u00e6la.<a name=\"7\"><span class=\"versanumer\">7<\/span><\/a>F\u00e1 \u00feeim \u00f3\u00f0alsland me\u00f0al br\u00e6\u00f0ra f\u00f6\u00f0ur \u00feeirra, og \u00fe\u00fa skalt l\u00e1ta eignarland f\u00f6\u00f0ur \u00feeirra ganga til \u00feeirra.<a name=\"8\"><span class=\"versanumer\">8<\/span><\/a>En til \u00cdsraelsmanna skalt \u00fe\u00fa m\u00e6la \u00feessum or\u00f0um: N\u00fa deyr ma\u00f0ur og \u00e1 ekki son. Skulu\u00f0 \u00fe\u00e9r \u00fe\u00e1 l\u00e1ta eignarland hans ganga til d\u00f3ttur hans.<a name=\"9\"><span class=\"versanumer\">9<\/span><\/a>En eigi hann enga d\u00f3ttur, \u00fe\u00e1 skulu\u00f0 \u00fe\u00e9r f\u00e1 br\u00e6\u00f0rum hans eignarland hans.<a name=\"10\"><span class=\"versanumer\">10<\/span><\/a>En eigi hann enga br\u00e6\u00f0ur, \u00fe\u00e1 skulu\u00f0 \u00fe\u00e9r f\u00e1 f\u00f6\u00f0urbr\u00e6\u00f0rum hans eignarland hans.<a name=\"11\"><span class=\"versanumer\">11<\/span><\/a>En eigi fa\u00f0ir hans enga br\u00e6\u00f0ur, \u00fe\u00e1 skulu\u00f0 \u00fe\u00e9r f\u00e1 n\u00e1nasta skyldmenni hans \u00ed \u00e6ttinni eignarland hans, hann skal eignast \u00fea\u00f0. \u00deetta skulu l\u00f6g vera me\u00f0 \u00cdsraelsm\u00f6nnum, svo sem Drottinn hefir bo\u00f0i\u00f0 M\u00f3se.<a name=\"12\"><span class=\"versanumer\">12<\/span><\/a>Drottinn sag\u00f0i vi\u00f0 M\u00f3se: Gakk \u00fe\u00fa h\u00e9r upp \u00e1 Abar\u00edmfjall og l\u00edt yfir landi\u00f0, sem \u00e9g hefi gefi\u00f0 \u00cdsraelsm\u00f6nnum.<a name=\"13\"><span class=\"versanumer\">13<\/span><\/a>Og er \u00fe\u00fa hefir liti\u00f0 \u00fea\u00f0, skalt \u00fe\u00fa einnig safnast til \u00fe\u00edns f\u00f3lks, eins og Aron br\u00f3\u00f0ir \u00feinn gj\u00f6r\u00f0i,<a name=\"14\"><span class=\"versanumer\">14<\/span><\/a>s\u00f6kum \u00feess a\u00f0 \u00fei\u00f0 \u00ferj\u00f3sku\u00f0ust gegn skipun minni \u00ed S\u00edney\u00f0im\u00f6rk, \u00fe\u00e1 er l\u00fd\u00f0urinn m\u00f6gla\u00f0i og \u00fei\u00f0 skyldu\u00f0 helga mig fyrir augum \u00feeirra me\u00f0 vatninu. \u00dear eru n\u00fa Mer\u00edbav\u00f6tn hj\u00e1 Kades \u00ed S\u00edney\u00f0im\u00f6rk.<a name=\"15\"><span class=\"versanumer\">15<\/span><\/a>En M\u00f3se tala\u00f0i vi\u00f0 Drottin og sag\u00f0i:<a name=\"16\"><span class=\"versanumer\">16<\/span><\/a>Drottinn, Gu\u00f0 l\u00edfsandans \u00ed \u00f6llu holdi, setji mann yfir l\u00fd\u00f0inn,<a name=\"17\"><span class=\"versanumer\">17<\/span><\/a>sem gangi \u00fat fyrir \u00feeim og gangi inn fyrir \u00feeim, sem lei\u00f0i \u00fe\u00e1 \u00fat og lei\u00f0i \u00fe\u00e1 inn, svo a\u00f0 s\u00f6fnu\u00f0ur Drottins s\u00e9 eigi eins og hj\u00f6r\u00f0, sem engan hir\u00f0i hefir.<a name=\"18\"><span class=\"versanumer\">18<\/span><\/a>\u00de\u00e1 sag\u00f0i Drottinn vi\u00f0 M\u00f3se: Tak \u00fe\u00fa J\u00f3s\u00faa N\u00fansson, mann sem andi er \u00ed, og legg h\u00f6nd \u00fe\u00edna yfir hann.<a name=\"19\"><span class=\"versanumer\">19<\/span><\/a>Lei\u00f0 hann fyrir Eleasar prest og fram fyrir allan s\u00f6fnu\u00f0inn og skipa hann \u00ed emb\u00e6tti \u00ed augs\u00fdn \u00feeirra.<a name=\"20\"><span class=\"versanumer\">20<\/span><\/a>Og \u00fe\u00fa skalt leggja yfir hann af tign \u00feinni, svo a\u00f0 allur s\u00f6fnu\u00f0ur \u00cdsraelsmanna hl\u00fd\u00f0i honum.<a name=\"21\"><span class=\"versanumer\">21<\/span><\/a>Og hann skal ganga fyrir Eleasar prest, en Eleasar leita \u00farskur\u00f0ar me\u00f0 \u00far\u00edm fyrir hann frammi fyrir Drottni. A\u00f0 hans bo\u00f0i skulu \u00feeir ganga \u00fat, og a\u00f0 hans bo\u00f0i skulu \u00feeir ganga inn, hann og allir \u00cdsraelsmenn me\u00f0 honum og allur s\u00f6fnu\u00f0urinn.<a name=\"22\"><span class=\"versanumer\">22<\/span><\/a>Og M\u00f3se gj\u00f6r\u00f0i eins og Drottinn haf\u00f0i bo\u00f0i\u00f0 honum. T\u00f3k hann J\u00f3s\u00faa og leiddi hann fyrir Eleasar prest og fram fyrir allan s\u00f6fnu\u00f0inn,<a name=\"23\"><span class=\"versanumer\">23<\/span><\/a>lag\u00f0i \u00fev\u00ed n\u00e6st hendur s\u00ednar yfir hann og skipa\u00f0i hann \u00ed emb\u00e6tti, eins og Drottinn haf\u00f0i sagt fyrir M\u00f3se.<\/p>\n<div class=\"footnote1981\"><b>27.1-11<\/b> D\u00e6tur Selofha\u00f0s 4M\u00f3s 26.33; 36.1-12; J\u00f3s 17.3-6<br \/>\n<b>27.3<\/b> \u00cd ey\u00f0im\u00f6rkinni \u2013 s\u00f6fnu\u00f0ur K\u00f3ra 4M\u00f3s 16.35<br \/>\n<b>27.5<\/b> Fyrir Drottin 4M\u00f3s 9.8+<br \/>\n<b>27.12-14<\/b> Fyrirheitna landi\u00f0 5M\u00f3s 3.27; 32.48-52; 34.1-4<br \/>\n<b>27.14<\/b> Mer\u00edba 4M\u00f3s 20.1-13<br \/>\n<b>27.16<\/b> Gu\u00f0 sem g\u00e6ir hold l\u00edfi 4M\u00f3s 16.22+<br \/>\n<b>27.17<\/b> Hj\u00f6r\u00f0 \u00e1n hir\u00f0is Matt 9.36+<br \/>\n<b>27.18<\/b> J\u00f3s\u00faa 4M\u00f3s 13.8,16; 2M\u00f3s 24.13; 5M\u00f3s 3.28; 31.1-8; J\u00f3s 1.1-2<\/div>\n","protected":false},"excerpt":{"rendered":"<p>1\u00de\u00e1 komu d\u00e6tur Selofha\u00f0s Heferssonar, G\u00edlea\u00f0ssonar, Mak\u00edrssonar, Manassesonar, af kynkv\u00edslum Manasse J\u00f3sefssonar. \u00de\u00e6r h\u00e9tu Mahla, N\u00f3a, Hogla, Milka og Tirsa.2Gengu \u00fe\u00e6r fyrir M\u00f3se og Eleasar prest og fyrir h\u00f6fu\u00f0smennina og allan s\u00f6fnu\u00f0inn, fyrir dyrum samfundatjaldsins, og s\u00f6g\u00f0u:3Fa\u00f0ir vor d\u00f3 \u00ed ey\u00f0im\u00f6rkinni, og var hann \u00fe\u00f3 ekki \u00ed flokki \u00feeirra manna, er sambl\u00e1stur gj\u00f6r\u00f0u gegn Drottni, \u00ed flokki K\u00f3ra, \u00fev\u00ed a\u00f0 hann d\u00f3 vegna sinnar eigin syndar. En hann \u00e1tti enga sonu.4Hvers vegna \u00e1 n\u00fa nafn f\u00f6\u00f0ur vors a\u00f0 hverfa \u00far \u00e6tt hans, af \u00fev\u00ed a\u00f0 hann \u00e1tti engan son? F\u00e1 oss \u00f3\u00f0al me\u00f0al br\u00e6\u00f0ra f\u00f6\u00f0ur vors.5M\u00f3se flutti m\u00e1l \u00feeirra fyrir <a href=\"https:\/\/biblian.is\/1981\/fjorda-mosebok-27-kafli\/\"> [&#8230;]<\/a><\/p>\n","protected":false},"author":1,"featured_media":0,"parent":0,"menu_order":0,"comment_status":"open","ping_status":"open","template":"bibliukaflar.php","meta":{"footnotes":""},"class_list":["post-1490","page","type-page","status-publish","hentry"],"_links":{"self":[{"href":"https:\/\/biblian.is\/1981\/wp-json\/wp\/v2\/pages\/1490","targetHints":{"allow":["GET"]}}],"collection":[{"href":"https:\/\/biblian.is\/1981\/wp-json\/wp\/v2\/pages"}],"about":[{"href":"https:\/\/biblian.is\/1981\/wp-json\/wp\/v2\/types\/page"}],"author":[{"embeddable":true,"href":"https:\/\/biblian.is\/1981\/wp-json\/wp\/v2\/users\/1"}],"replies":[{"embeddable":true,"href":"https:\/\/biblian.is\/1981\/wp-json\/wp\/v2\/comments?post=1490"}],"version-history":[{"count":0,"href":"https:\/\/biblian.is\/1981\/wp-json\/wp\/v2\/pages\/1490\/revisions"}],"wp:attachment":[{"href":"https:\/\/biblian.is\/1981\/wp-json\/wp\/v2\/media?parent=1490"}],"curies":[{"name":"wp","href":"https:\/\/api.w.org\/{rel}","templated":true}]}}