{"id":1489,"date":"2017-11-18T20:17:32","date_gmt":"2017-11-18T20:17:32","guid":{"rendered":"http:\/\/biblian.is\/1981\/fjorda-mosebok-26-kafli\/"},"modified":"2021-06-06T11:36:04","modified_gmt":"2021-06-06T11:36:04","slug":"fjorda-mosebok-26-kafli","status":"publish","type":"page","link":"https:\/\/biblian.is\/1981\/fjorda-mosebok-26-kafli\/","title":{"rendered":"Fj\u00f3r\u00f0a M\u00f3seb\u00f3k 26. kafli"},"content":{"rendered":"<p><a name=\"1\"><span class=\"versanumer\">1<\/span><\/a>Eftir pl\u00e1guna sag\u00f0i Drottinn vi\u00f0 M\u00f3se og Eleasar Aronsson prests:<a name=\"2\"><span class=\"versanumer\">2<\/span><\/a>Taki\u00f0 manntal alls safna\u00f0ar \u00cdsraelsmanna, \u00feeirra er tv\u00edtugir eru og \u00fea\u00f0an af eldri, eftir \u00e6ttum \u00feeirra, allra \u00feeirra sem vopnf\u00e6rir eru \u00ed \u00cdsrael.<a name=\"3\"><span class=\"versanumer\">3<\/span><\/a>Og M\u00f3se og Eleasar prestur t\u00f6ldu \u00fe\u00e1 \u00e1 M\u00f3abshei\u00f0um, vi\u00f0 J\u00f3rdan gegnt Jer\u00edk\u00f3,<a name=\"4\"><span class=\"versanumer\">4<\/span><\/a>fr\u00e1 tv\u00edtugs aldri og \u00fea\u00f0an af eldri, eins og Drottinn haf\u00f0i bo\u00f0i\u00f0 M\u00f3se. \u00cdsraelsmenn, \u00feeir er f\u00f3ru af Egyptalandi, voru:<a name=\"5\"><span class=\"versanumer\">5<\/span><\/a>R\u00faben, frumgetinn sonur \u00cdsraels. Synir R\u00fabens: Hanok, fr\u00e1 honum er komin kynkv\u00edsl Hanok\u00edta, fr\u00e1 Pall\u00fa kynkv\u00edsl Pall\u00fa\u00edta,<a name=\"6\"><span class=\"versanumer\">6<\/span><\/a>fr\u00e1 Hesr\u00f3n kynkv\u00edsl Hesr\u00f3n\u00edta, fr\u00e1 Karm\u00ed kynkv\u00edsl Karm\u00edta.<a name=\"7\"><span class=\"versanumer\">7<\/span><\/a>\u00deessar eru kynkv\u00edslir R\u00faben\u00edta. En \u00feeir sem taldir voru af \u00feeim, voru 43.730.<a name=\"8\"><span class=\"versanumer\">8<\/span><\/a>&#8222;Synir Pall\u00fa: El\u00edab;&#8220;<a name=\"9\"><span class=\"versanumer\">9<\/span><\/a>og synir El\u00edabs: Nem\u00fael, Datan og Ab\u00edram. \u00dea\u00f0 voru \u00feessir Datan og Ab\u00edram, fulltr\u00faar safna\u00f0arins, sem \u00fer\u00e1ttu\u00f0u vi\u00f0 M\u00f3se og vi\u00f0 Aron \u00ed flokki K\u00f3ra, \u00fe\u00e1 er \u00feeir \u00fer\u00e1ttu\u00f0u vi\u00f0 Drottin.<a name=\"10\"><span class=\"versanumer\">10<\/span><\/a>Opna\u00f0i j\u00f6r\u00f0in \u00fe\u00e1 munn sinn og svalg \u00fe\u00e1 og K\u00f3ra, \u00fe\u00e1 er flokkurinn f\u00f3rst, me\u00f0 \u00fev\u00ed a\u00f0 eldur eyddi tv\u00f6 hundru\u00f0 og fimmt\u00edu manns, og ur\u00f0u \u00feeir til t\u00e1kns.<a name=\"11\"><span class=\"versanumer\">11<\/span><\/a>En synir K\u00f3ra f\u00f3rust \u00fe\u00f3 ekki.<a name=\"12\"><span class=\"versanumer\">12<\/span><\/a>Synir S\u00edmeons, eftir kynkv\u00edslum \u00feeirra: fr\u00e1 Nem\u00fael er komin kynkv\u00edsl Nem\u00fael\u00edta, fr\u00e1 Jam\u00edn kynkv\u00edsl Jam\u00edn\u00edta, fr\u00e1 Jak\u00edn kynkv\u00edsl Jak\u00edn\u00edta,<a name=\"13\"><span class=\"versanumer\">13<\/span><\/a>fr\u00e1 Sera kynkv\u00edsl Sera\u00edta, fr\u00e1 S\u00e1l kynkv\u00edsl S\u00e1l\u00edta.<a name=\"14\"><span class=\"versanumer\">14<\/span><\/a>\u00deessar eru kynkv\u00edslir S\u00edmeon\u00edta, 22.200.<a name=\"15\"><span class=\"versanumer\">15<\/span><\/a>Synir Ga\u00f0s, eftir kynkv\u00edslum \u00feeirra: fr\u00e1 Sef\u00f3n er komin kynkv\u00edsl Sef\u00f3n\u00edta, fr\u00e1 Hagg\u00ed kynkv\u00edsl Hagg\u00edta, fr\u00e1 S\u00fan\u00ed kynkv\u00edsl S\u00fan\u00edta,<a name=\"16\"><span class=\"versanumer\">16<\/span><\/a>fr\u00e1 Osn\u00ed kynkv\u00edsl Osn\u00edta, fr\u00e1 Er\u00ed kynkv\u00edsl Er\u00edta,<a name=\"17\"><span class=\"versanumer\">17<\/span><\/a>fr\u00e1 Ar\u00f3d kynkv\u00edsl Ar\u00f3d\u00edta, fr\u00e1 Arel\u00ed kynkv\u00edsl Arel\u00edta.<a name=\"18\"><span class=\"versanumer\">18<\/span><\/a>\u00deessar eru \u00e6ttkv\u00edslir Ga\u00f0s sona, \u00feeir er taldir voru af \u00feeim, 40.500.<a name=\"19\"><span class=\"versanumer\">19<\/span><\/a>Synir J\u00fada voru Ger og \u00d3nan, en Ger og \u00d3nan d\u00f3u \u00ed Kanaanlandi.<a name=\"20\"><span class=\"versanumer\">20<\/span><\/a>Synir J\u00fada, eftir kynkv\u00edslum \u00feeirra: fr\u00e1 Sela er komin kynkv\u00edsl Selan\u00edta, fr\u00e1 Peres kynkv\u00edsl Peres\u00edta, fr\u00e1 Sera kynkv\u00edsl Sera\u00edta.<a name=\"21\"><span class=\"versanumer\">21<\/span><\/a>Synir Peres voru: fr\u00e1 Hesr\u00f3n kynkv\u00edsl Hesr\u00f3n\u00edta, fr\u00e1 Ham\u00fal kynkv\u00edsl Ham\u00fal\u00edta.<a name=\"22\"><span class=\"versanumer\">22<\/span><\/a>\u00deessar eru kynkv\u00edslir J\u00fada, \u00feeir er taldir voru af \u00feeim, 76.500.<a name=\"23\"><span class=\"versanumer\">23<\/span><\/a>Synir \u00cdssakars, eftir kynkv\u00edslum \u00feeirra: fr\u00e1 T\u00f3la er komin kynkv\u00edsl T\u00f3la\u00edta, fr\u00e1 P\u00fava kynkv\u00edsl P\u00fan\u00edta,<a name=\"24\"><span class=\"versanumer\">24<\/span><\/a>fr\u00e1 Jasj\u00fab kynkv\u00edsl Jasj\u00fab\u00edta, fr\u00e1 S\u00edmron kynkv\u00edsl S\u00edmron\u00edta.<a name=\"25\"><span class=\"versanumer\">25<\/span><\/a>\u00deessar eru kynkv\u00edslir \u00cdssakars, \u00feeir er taldir voru af \u00feeim, 64.300.<a name=\"26\"><span class=\"versanumer\">26<\/span><\/a>Synir Seb\u00falons, eftir kynkv\u00edslum \u00feeirra: fr\u00e1 Sered er komin kynkv\u00edsl Sered\u00edta, fr\u00e1 Elon kynkv\u00edsl Elon\u00edta, fr\u00e1 Jahleel kynkv\u00edsl Jahleel\u00edta.<a name=\"27\"><span class=\"versanumer\">27<\/span><\/a>\u00deessar eru kynkv\u00edslir Seb\u00falon\u00edta, \u00feeir er taldir voru af \u00feeim, 60.500.<a name=\"28\"><span class=\"versanumer\">28<\/span><\/a>Synir J\u00f3sefs, eftir kynkv\u00edslum \u00feeirra: Manasse og Efra\u00edm.<a name=\"29\"><span class=\"versanumer\">29<\/span><\/a>Synir Manasse: fr\u00e1 Mak\u00edr er komin kynkv\u00edsl Mak\u00edr\u00edta, en Mak\u00edr gat G\u00edlea\u00f0, fr\u00e1 G\u00edlea\u00f0 er komin kynkv\u00edsl G\u00edlea\u00f0\u00edta.<a name=\"30\"><span class=\"versanumer\">30<\/span><\/a>\u00deessir eru synir G\u00edlea\u00f0s: Jeser, fr\u00e1 honum er komin kynkv\u00edsl Jesr\u00edta, fr\u00e1 Helek kynkv\u00edsl Helek\u00edta,<a name=\"31\"><span class=\"versanumer\">31<\/span><\/a>fr\u00e1 Asr\u00edel kynkv\u00edsl Asr\u00edel\u00edta, fr\u00e1 S\u00edkem kynkv\u00edsl S\u00edkem\u00edta,<a name=\"32\"><span class=\"versanumer\">32<\/span><\/a>fr\u00e1 Sem\u00edda kynkv\u00edsl Sem\u00edda\u00edta, fr\u00e1 Hefer kynkv\u00edsl Hefr\u00edta.<a name=\"33\"><span class=\"versanumer\">33<\/span><\/a>En Selofha\u00f0 sonur Hefers \u00e1tti enga sonu, heldur a\u00f0eins d\u00e6tur. D\u00e6tur Selofha\u00f0s h\u00e9tu Mahla, N\u00f3a, Hogla, Milka og Tirsa.<a name=\"34\"><span class=\"versanumer\">34<\/span><\/a>\u00deessar eru kynkv\u00edslir Manasse, og \u00feeir sem taldir voru af \u00feeim, 52.700.<a name=\"35\"><span class=\"versanumer\">35<\/span><\/a>\u00deessir eru synir Efra\u00edms, eftir kynkv\u00edslum \u00feeirra: fr\u00e1 S\u00fatela er komin kynkv\u00edsl S\u00fatela\u00edta, fr\u00e1 Beker kynkv\u00edsl Beker\u00edta, fr\u00e1 Tahan kynkv\u00edsl Tahan\u00edta.<a name=\"36\"><span class=\"versanumer\">36<\/span><\/a>\u00deessir voru synir S\u00fatela: fr\u00e1 Eran kynkv\u00edsl Eran\u00edta.<a name=\"37\"><span class=\"versanumer\">37<\/span><\/a>\u00deessar eru kynkv\u00edslir Efra\u00edms sona, \u00feeir er taldir voru af \u00feeim, 32.500. \u00deessir eru synir J\u00f3sefs eftir kynkv\u00edslum \u00feeirra.<a name=\"38\"><span class=\"versanumer\">38<\/span><\/a>Synir Benjam\u00edns, eftir kynkv\u00edslum \u00feeirra: fr\u00e1 Bela er komin kynkv\u00edsl Bela\u00edta, fr\u00e1 Asbel kynkv\u00edsl Asbel\u00edta, fr\u00e1 Ah\u00edram kynkv\u00edsl Ah\u00edram\u00edta,<a name=\"39\"><span class=\"versanumer\">39<\/span><\/a>fr\u00e1 S\u00fafam kynkv\u00edsl S\u00fafam\u00edta, fr\u00e1 H\u00fafam kynkv\u00edsl H\u00fafam\u00edta.<a name=\"40\"><span class=\"versanumer\">40<\/span><\/a>Synir Bela voru Ard og Naaman, fr\u00e1 Ard er komin kynkv\u00edsl Ard\u00edta, fr\u00e1 Naaman kynkv\u00edsl Naam\u00edta.<a name=\"41\"><span class=\"versanumer\">41<\/span><\/a>\u00deessir eru synir Benjam\u00edns, eftir kynkv\u00edslum \u00feeirra, og \u00feeir sem taldir voru af \u00feeim, 45.600.<a name=\"42\"><span class=\"versanumer\">42<\/span><\/a>\u00deessir eru synir Dans, eftir kynkv\u00edslum \u00feeirra: fr\u00e1 S\u00faham er komin kynkv\u00edsl S\u00faham\u00edta. \u00deessar eru kynkv\u00edslir Dans, eftir kynkv\u00edslum \u00feeirra.<a name=\"43\"><span class=\"versanumer\">43<\/span><\/a>Allar kynkv\u00edslir S\u00faham\u00edta, \u00feeir er taldir voru af \u00feeim, 64.400.<a name=\"44\"><span class=\"versanumer\">44<\/span><\/a>Synir Assers, eftir kynkv\u00edslum \u00feeirra: fr\u00e1 J\u00edmna er komin kynkv\u00edsl J\u00edmn\u00edta, fr\u00e1 J\u00edsv\u00ed kynkv\u00edsl J\u00edsv\u00edta, fr\u00e1 Br\u00eda kynkv\u00edsl Br\u00ed\u00edta,<a name=\"45\"><span class=\"versanumer\">45<\/span><\/a>fr\u00e1 sonum Br\u00eda: fr\u00e1 Heber kynkv\u00edsl Hebr\u00edta, fr\u00e1 Malk\u00edel kynkv\u00edsl Malk\u00edel\u00edta.<a name=\"46\"><span class=\"versanumer\">46<\/span><\/a>D\u00f3ttir Assers h\u00e9t Sera.<a name=\"47\"><span class=\"versanumer\">47<\/span><\/a>\u00deessar eru kynkv\u00edslir Assers sona, \u00feeir er taldir voru af \u00feeim, 53.400.<a name=\"48\"><span class=\"versanumer\">48<\/span><\/a>Synir Naftal\u00ed, eftir kynkv\u00edslum \u00feeirra: fr\u00e1 Jahseel er komin kynkv\u00edsl Jahseel\u00edta, fr\u00e1 G\u00fan\u00ed kynkv\u00edsl G\u00fan\u00edta,<a name=\"49\"><span class=\"versanumer\">49<\/span><\/a>fr\u00e1 Jeser kynkv\u00edsl Jisr\u00edta, fr\u00e1 Sillem kynkv\u00edsl Sillem\u00edta.<a name=\"50\"><span class=\"versanumer\">50<\/span><\/a>\u00deessar eru kynkv\u00edslir Naftal\u00ed, eftir kynkv\u00edslum \u00feeirra, sem taldir voru af \u00feeim, 45.400.<a name=\"51\"><span class=\"versanumer\">51<\/span><\/a>\u00deetta voru \u00feeir, sem taldir voru af \u00cdsraelsm\u00f6nnum, 601.730.<a name=\"52\"><span class=\"versanumer\">52<\/span><\/a>Drottinn tala\u00f0i vi\u00f0 M\u00f3se og sag\u00f0i:<a name=\"53\"><span class=\"versanumer\">53<\/span><\/a>Me\u00f0al \u00feessara skal landinu skipta til eignar eftir nafnat\u00f6lu.<a name=\"54\"><span class=\"versanumer\">54<\/span><\/a>\u00deeirri kynkv\u00edsl, sem mannm\u00f6rg er, skalt \u00fe\u00fa f\u00e1 miki\u00f0 land til eignar, en \u00feeirri, sem f\u00e1menn er, l\u00edti\u00f0 land til eignar. S\u00e9rhverjum skal land gefi\u00f0 til eignar \u00ed r\u00e9ttu hlutfalli vi\u00f0 talda menn hans.<a name=\"55\"><span class=\"versanumer\">55<\/span><\/a>\u00de\u00f3 skal landinu skipt me\u00f0 hlutkesti, svo a\u00f0 \u00feeir hlj\u00f3ti \u00fea\u00f0 til eignar eftir n\u00f6fnum \u00e6ttstofnanna.<a name=\"56\"><span class=\"versanumer\">56<\/span><\/a>Eftir \u00fev\u00ed sem hlutkesti\u00f0 segir til, skal eignum skipt milli \u00feeirra, svo sem \u00feeir eru margir og f\u00e1ir til.<a name=\"57\"><span class=\"versanumer\">57<\/span><\/a>\u00deessir eru lev\u00edtarnir, sem taldir voru, eftir kynkv\u00edslum \u00feeirra: fr\u00e1 Gerson er komin kynkv\u00edsl Gerson\u00edta, fr\u00e1 Kahat kynkv\u00edsl Kahat\u00edta, fr\u00e1 Merar\u00ed kynkv\u00edsl Merar\u00edta.<a name=\"58\"><span class=\"versanumer\">58<\/span><\/a>\u00deessar eru kynkv\u00edslir Lev\u00ed: kynkv\u00edsl Libn\u00edta, kynkv\u00edsl Hebron\u00edta, kynkv\u00edsl Mahel\u00edta, kynkv\u00edsl M\u00fas\u00edta, kynkv\u00edsl K\u00f3ra\u00edta. Kahat gat Amram.<a name=\"59\"><span class=\"versanumer\">59<\/span><\/a>&#8222;Og kona Amrams h\u00e9t J\u00f3kebed, d\u00f3ttir Lev\u00ed; f\u00e6ddist h\u00fan Lev\u00ed \u00ed Egyptalandi. En h\u00fan f\u00e6ddi Amram \u00fe\u00e1 Aron og M\u00f3se og systur \u00feeirra Mirjam.&#8220;<a name=\"60\"><span class=\"versanumer\">60<\/span><\/a>Og Aroni f\u00e6ddust Nadab, Ab\u00edh\u00fa, Eleasar og \u00cdtamar.<a name=\"61\"><span class=\"versanumer\">61<\/span><\/a>En Nadab og Ab\u00edh\u00fa d\u00f3u, er \u00feeir b\u00e1ru annarlegan eld fram fyrir Drottin.<a name=\"62\"><span class=\"versanumer\">62<\/span><\/a>\u00deeir sem taldir voru af lev\u00edtum, voru 23.000, allt karlkyn m\u00e1na\u00f0argamalt og \u00fea\u00f0an af eldra. \u00deeir voru ekki taldir me\u00f0 \u00cdsraelsm\u00f6nnum, af \u00fev\u00ed a\u00f0 \u00feeim var eigi fengi\u00f0 land til eignar me\u00f0al \u00cdsraelsmanna.<a name=\"63\"><span class=\"versanumer\">63<\/span><\/a>\u00deetta er manntali\u00f0, sem M\u00f3se og Eleasar prestur t\u00f3ku, er \u00feeir t\u00f6ldu \u00cdsraelsmenn \u00e1 M\u00f3abshei\u00f0um, vi\u00f0 J\u00f3rdan gegnt Jer\u00edk\u00f3.<a name=\"64\"><span class=\"versanumer\">64<\/span><\/a>Enginn \u00feeirra var \u00e1 manntalinu, sem M\u00f3se og Aron prestur t\u00f3ku me\u00f0al \u00cdsraelsmanna \u00ed S\u00edna\u00ed-ey\u00f0im\u00f6rk,<a name=\"65\"><span class=\"versanumer\">65<\/span><\/a>\u00fev\u00ed a\u00f0 Drottinn haf\u00f0i sagt um \u00fe\u00e1: \u00deeir skulu vissulega deyja \u00ed ey\u00f0im\u00f6rkinni, enda var enginn or\u00f0inn eftir af \u00feeim nema Kaleb Jef\u00fanneson og J\u00f3s\u00faa N\u00fansson.<\/p>\n<div class=\"footnote1981\"><b>26.1-51<\/b> Manntal 4M\u00f3s 1.1-47+; sbr 1M\u00f3s 46.8-25<br \/>\n<b>26.9<\/b> Datan, Ab\u00edram og K\u00f3ra 4M\u00f3s 16.1-35<br \/>\n<b>26.19<\/b> Ger og \u00d3nan 1M\u00f3s 38.1-10<br \/>\n<b>26.51<\/b> 601.730 4M\u00f3s 1.46+<br \/>\n<b>26.52-56<\/b> Landinu skipt 4M\u00f3s 33.53-56; 34.13; J\u00f3s 14.1-2<br \/>\n<b>26.57-62<\/b> Lev\u00edtarnir taldir 4M\u00f3s 3.14-39+<br \/>\n<b>26.61<\/b> Nadab og Ab\u00edh\u00fa 4M\u00f3s 3.4+<br \/>\n<b>26.65<\/b> Deyja \u00ed ey\u00f0im\u00f6rkinni 4M\u00f3s 14.26-38<\/div>\n","protected":false},"excerpt":{"rendered":"<p>1Eftir pl\u00e1guna sag\u00f0i Drottinn vi\u00f0 M\u00f3se og Eleasar Aronsson prests:2Taki\u00f0 manntal alls safna\u00f0ar \u00cdsraelsmanna, \u00feeirra er tv\u00edtugir eru og \u00fea\u00f0an af eldri, eftir \u00e6ttum \u00feeirra, allra \u00feeirra sem vopnf\u00e6rir eru \u00ed \u00cdsrael.3Og M\u00f3se og Eleasar prestur t\u00f6ldu \u00fe\u00e1 \u00e1 M\u00f3abshei\u00f0um, vi\u00f0 J\u00f3rdan gegnt Jer\u00edk\u00f3,4fr\u00e1 tv\u00edtugs aldri og \u00fea\u00f0an af eldri, eins og Drottinn haf\u00f0i bo\u00f0i\u00f0 M\u00f3se. \u00cdsraelsmenn, \u00feeir er f\u00f3ru af Egyptalandi, voru:5R\u00faben, frumgetinn sonur \u00cdsraels. Synir R\u00fabens: Hanok, fr\u00e1 honum er komin kynkv\u00edsl Hanok\u00edta, fr\u00e1 Pall\u00fa kynkv\u00edsl Pall\u00fa\u00edta,6fr\u00e1 Hesr\u00f3n kynkv\u00edsl Hesr\u00f3n\u00edta, fr\u00e1 Karm\u00ed kynkv\u00edsl Karm\u00edta.7\u00deessar eru kynkv\u00edslir R\u00faben\u00edta. En \u00feeir sem taldir voru af \u00feeim, voru 43.730.8&#8222;Synir Pall\u00fa: El\u00edab;&#8220;9og <a href=\"https:\/\/biblian.is\/1981\/fjorda-mosebok-26-kafli\/\"> [&#8230;]<\/a><\/p>\n","protected":false},"author":1,"featured_media":0,"parent":0,"menu_order":0,"comment_status":"open","ping_status":"open","template":"bibliukaflar.php","meta":{"footnotes":""},"class_list":["post-1489","page","type-page","status-publish","hentry"],"_links":{"self":[{"href":"https:\/\/biblian.is\/1981\/wp-json\/wp\/v2\/pages\/1489","targetHints":{"allow":["GET"]}}],"collection":[{"href":"https:\/\/biblian.is\/1981\/wp-json\/wp\/v2\/pages"}],"about":[{"href":"https:\/\/biblian.is\/1981\/wp-json\/wp\/v2\/types\/page"}],"author":[{"embeddable":true,"href":"https:\/\/biblian.is\/1981\/wp-json\/wp\/v2\/users\/1"}],"replies":[{"embeddable":true,"href":"https:\/\/biblian.is\/1981\/wp-json\/wp\/v2\/comments?post=1489"}],"version-history":[{"count":0,"href":"https:\/\/biblian.is\/1981\/wp-json\/wp\/v2\/pages\/1489\/revisions"}],"wp:attachment":[{"href":"https:\/\/biblian.is\/1981\/wp-json\/wp\/v2\/media?parent=1489"}],"curies":[{"name":"wp","href":"https:\/\/api.w.org\/{rel}","templated":true}]}}