{"id":1488,"date":"2017-11-18T20:17:32","date_gmt":"2017-11-18T20:17:32","guid":{"rendered":"http:\/\/biblian.is\/1981\/fjorda-mosebok-25-kafli\/"},"modified":"2021-06-06T10:56:39","modified_gmt":"2021-06-06T10:56:39","slug":"fjorda-mosebok-25-kafli","status":"publish","type":"page","link":"https:\/\/biblian.is\/1981\/fjorda-mosebok-25-kafli\/","title":{"rendered":"Fj\u00f3r\u00f0a M\u00f3seb\u00f3k 25. kafli"},"content":{"rendered":"<p><a name=\"1\"><span class=\"versanumer\">1<\/span><\/a>Me\u00f0an \u00cdsrael dvaldi \u00ed Sitt\u00edm, t\u00f3k l\u00fd\u00f0urinn a\u00f0 dr\u00fdgja h\u00f3r me\u00f0 M\u00f3abs d\u00e6trum.<a name=\"2\"><span class=\"versanumer\">2<\/span><\/a>Bu\u00f0u \u00fe\u00e6r l\u00fd\u00f0num til f\u00f3rnarm\u00e1lt\u00ed\u00f0a go\u00f0a sinna, og l\u00fd\u00f0urinn \u00e1t og tilba\u00f0 go\u00f0 \u00feeirra.<a name=\"3\"><span class=\"versanumer\">3<\/span><\/a>Og \u00cdsrael haf\u00f0i m\u00f6k vi\u00f0 Baal Pe\u00f3r. Upptendra\u00f0ist \u00fe\u00e1 rei\u00f0i Drottins gegn \u00cdsrael.<a name=\"4\"><span class=\"versanumer\">4<\/span><\/a>Drottinn sag\u00f0i vi\u00f0 M\u00f3se: Tak me\u00f0 \u00fe\u00e9r alla h\u00f6f\u00f0ingja l\u00fd\u00f0sins og l\u00edfl\u00e1t \u00fe\u00e1 \u00fati undir berum himni fyrir Drottni, svo a\u00f0 hin \u00e1kafa rei\u00f0i Drottins hverfi \u00ed brott fr\u00e1 \u00cdsrael.<a name=\"5\"><span class=\"versanumer\">5<\/span><\/a>M\u00f3se sag\u00f0i \u00fe\u00e1 vi\u00f0 d\u00f3marana \u00ed \u00cdsrael: Drepi n\u00fa hver um sig \u00fe\u00e1 af s\u00ednum m\u00f6nnum, er m\u00f6k hafa haft vi\u00f0 Baal Pe\u00f3r.<a name=\"6\"><span class=\"versanumer\">6<\/span><\/a>Sj\u00e1, einn af \u00cdsraelsm\u00f6nnum kom og haf\u00f0i me\u00f0 s\u00e9r mid\u00edanska konu til br\u00e6\u00f0ra sinna \u00ed augs\u00fdn M\u00f3se og alls safna\u00f0ar \u00cdsraelsmanna, er \u00feeir voru gr\u00e1tandi fyrir dyrum samfundatjaldsins.<a name=\"7\"><span class=\"versanumer\">7<\/span><\/a>En er P\u00ednehas, sonur Eleasars Aronssonar prests, s\u00e1 \u00fea\u00f0, gekk hann fram \u00far s\u00f6fnu\u00f0inum og t\u00f3k spj\u00f3t \u00ed h\u00f6nd s\u00e9r.<a name=\"8\"><span class=\"versanumer\">8<\/span><\/a>F\u00f3r hann \u00e1 eftir \u00cdsraelsmanninum inn \u00ed svefnh\u00fdsi\u00f0 og lag\u00f0i \u00feau b\u00e6\u00f0i \u00ed gegn, \u00cdsraelsmanninn og konuna, gegnum kvi\u00f0inn. Sta\u00f0na\u00f0i \u00fe\u00e1 pl\u00e1gan me\u00f0al \u00cdsraelsmanna.<a name=\"9\"><span class=\"versanumer\">9<\/span><\/a>En \u00feeir sem d\u00f3u \u00ed pl\u00e1gunni, voru tuttugu og fj\u00f3rar \u00fe\u00fasundir.<a name=\"10\"><span class=\"versanumer\">10<\/span><\/a>Drottinn tala\u00f0i vi\u00f0 M\u00f3se og sag\u00f0i:<a name=\"11\"><span class=\"versanumer\">11<\/span><\/a>P\u00ednehas, sonur Eleasars Aronssonar prests, hefir b\u00e6gt rei\u00f0i minni fr\u00e1 \u00cdsraelsm\u00f6nnum me\u00f0 \u00fev\u00ed a\u00f0 vandl\u00e6ta me\u00f0al \u00feeirra me\u00f0 m\u00ednu vandl\u00e6ti. Hefi \u00e9g \u00fev\u00ed eigi gj\u00f6reytt \u00cdsraelsm\u00f6nnum \u00ed vandl\u00e6ti m\u00ednu.<a name=\"12\"><span class=\"versanumer\">12<\/span><\/a>Seg \u00fev\u00ed: Sj\u00e1, \u00e9g gef honum minn fri\u00f0ars\u00e1ttm\u00e1la.<a name=\"13\"><span class=\"versanumer\">13<\/span><\/a>Hann og ni\u00f0jar hans eftir hann skulu hlj\u00f3ta s\u00e1ttm\u00e1la \u00e6varandi prestd\u00f3ms fyrir \u00fea\u00f0, a\u00f0 hann vandl\u00e6tti vegna Gu\u00f0s s\u00edns og fri\u00f0\u00fe\u00e6g\u00f0i fyrir \u00cdsraelsmenn.<a name=\"14\"><span class=\"versanumer\">14<\/span><\/a>Hinn vegni \u00cdsraelsma\u00f0ur, s\u00e1 er veginn var \u00e1samt mid\u00ed\u00f6nsku konunni, h\u00e9t Simr\u00ed Sal\u00fason. Var hann h\u00f6f\u00f0ingi eins \u00e6ttleggs me\u00f0al S\u00edmeon\u00edta.<a name=\"15\"><span class=\"versanumer\">15<\/span><\/a>Og mid\u00edanska konan, sem vegin var, h\u00e9t Kosb\u00ed S\u00farsd\u00f3ttir, en hann var h\u00f6f\u00f0ingi yfir \u00e6ttstofni einum \u00ed Mid\u00edan.<a name=\"16\"><span class=\"versanumer\">16<\/span><\/a>Og Drottinn tala\u00f0i vi\u00f0 M\u00f3se og sag\u00f0i: Kreppi\u00f0 a\u00f0 Mid\u00edansm\u00f6nnum og felli\u00f0 \u00fe\u00e1, <a name=\"18\"><span class=\"versanumer\">18<\/span><\/a>\u00fev\u00ed a\u00f0 \u00feeir hafa komi\u00f0 y\u00f0ur \u00ed krappan sta\u00f0 me\u00f0 br\u00f6g\u00f0um \u00feeim, er \u00feeir beittu y\u00f0ur, b\u00e6\u00f0i a\u00f0 \u00fev\u00ed er snertir d\u00fdrkun Pe\u00f3rs og systur \u00feeirra, Kosb\u00ed, d\u00f3ttur mid\u00edanska h\u00f6f\u00f0ingjans, hennar sem vegin var, \u00fe\u00e1 er pl\u00e1gan rei\u00f0 yfir s\u00f6kum d\u00fdrkunar Pe\u00f3rs.<\/p>\n<div class=\"footnote1981\"><b>25.1-5<\/b> Baal Pe\u00f3r 4M\u00f3s 31.16; 5M\u00f3s 3.29; 4.3; Slm 106.28-31; Opb 2.14<br \/>\n<b>25.2<\/b> \u00c1hrif kvenna 5M\u00f3s 7.3-4; 1Kon 11.4; Okv 5<br \/>\n<b>25.9<\/b> 24.000 sbr 1Kor 10.8<br \/>\n<b>25.11<\/b> P\u00ednehas afbr\u00fd\u00f0isamur S\u00edr 45.23; sbr 1Kon 19.10,14; S\u00edr 48.1-2<br \/>\n<b>25.13<\/b> Laun P\u00ednehasar sbr 2M\u00f3s 32.25-29<\/div>\n","protected":false},"excerpt":{"rendered":"<p>1Me\u00f0an \u00cdsrael dvaldi \u00ed Sitt\u00edm, t\u00f3k l\u00fd\u00f0urinn a\u00f0 dr\u00fdgja h\u00f3r me\u00f0 M\u00f3abs d\u00e6trum.2Bu\u00f0u \u00fe\u00e6r l\u00fd\u00f0num til f\u00f3rnarm\u00e1lt\u00ed\u00f0a go\u00f0a sinna, og l\u00fd\u00f0urinn \u00e1t og tilba\u00f0 go\u00f0 \u00feeirra.3Og \u00cdsrael haf\u00f0i m\u00f6k vi\u00f0 Baal Pe\u00f3r. Upptendra\u00f0ist \u00fe\u00e1 rei\u00f0i Drottins gegn \u00cdsrael.4Drottinn sag\u00f0i vi\u00f0 M\u00f3se: Tak me\u00f0 \u00fe\u00e9r alla h\u00f6f\u00f0ingja l\u00fd\u00f0sins og l\u00edfl\u00e1t \u00fe\u00e1 \u00fati undir berum himni fyrir Drottni, svo a\u00f0 hin \u00e1kafa rei\u00f0i Drottins hverfi \u00ed brott fr\u00e1 \u00cdsrael.5M\u00f3se sag\u00f0i \u00fe\u00e1 vi\u00f0 d\u00f3marana \u00ed \u00cdsrael: Drepi n\u00fa hver um sig \u00fe\u00e1 af s\u00ednum m\u00f6nnum, er m\u00f6k hafa haft vi\u00f0 Baal Pe\u00f3r.6Sj\u00e1, einn af \u00cdsraelsm\u00f6nnum kom og haf\u00f0i me\u00f0 s\u00e9r mid\u00edanska konu til <a href=\"https:\/\/biblian.is\/1981\/fjorda-mosebok-25-kafli\/\"> [&#8230;]<\/a><\/p>\n","protected":false},"author":1,"featured_media":0,"parent":0,"menu_order":0,"comment_status":"open","ping_status":"open","template":"bibliukaflar.php","meta":{"footnotes":""},"class_list":["post-1488","page","type-page","status-publish","hentry"],"_links":{"self":[{"href":"https:\/\/biblian.is\/1981\/wp-json\/wp\/v2\/pages\/1488","targetHints":{"allow":["GET"]}}],"collection":[{"href":"https:\/\/biblian.is\/1981\/wp-json\/wp\/v2\/pages"}],"about":[{"href":"https:\/\/biblian.is\/1981\/wp-json\/wp\/v2\/types\/page"}],"author":[{"embeddable":true,"href":"https:\/\/biblian.is\/1981\/wp-json\/wp\/v2\/users\/1"}],"replies":[{"embeddable":true,"href":"https:\/\/biblian.is\/1981\/wp-json\/wp\/v2\/comments?post=1488"}],"version-history":[{"count":0,"href":"https:\/\/biblian.is\/1981\/wp-json\/wp\/v2\/pages\/1488\/revisions"}],"wp:attachment":[{"href":"https:\/\/biblian.is\/1981\/wp-json\/wp\/v2\/media?parent=1488"}],"curies":[{"name":"wp","href":"https:\/\/api.w.org\/{rel}","templated":true}]}}