{"id":1487,"date":"2017-11-18T20:17:32","date_gmt":"2017-11-18T20:17:32","guid":{"rendered":"http:\/\/biblian.is\/1981\/fjorda-mosebok-24-kafli\/"},"modified":"2021-06-06T11:35:39","modified_gmt":"2021-06-06T11:35:39","slug":"fjorda-mosebok-24-kafli","status":"publish","type":"page","link":"https:\/\/biblian.is\/1981\/fjorda-mosebok-24-kafli\/","title":{"rendered":"Fj\u00f3r\u00f0a M\u00f3seb\u00f3k 24. kafli"},"content":{"rendered":"<p><a name=\"1\"><span class=\"versanumer\">1<\/span><\/a>\u00deegar B\u00edleam s\u00e1, a\u00f0 \u00fea\u00f0 var gott \u00ed augum Gu\u00f0s a\u00f0 blessa \u00cdsrael, gekk hann ekki burt eins og \u00ed fyrri skiptin til a\u00f0 leita sp\u00e1fr\u00e9tta, heldur h\u00e9lt \u00e1 lei\u00f0 til ey\u00f0imerkurinnar.<a name=\"2\"><span class=\"versanumer\">2<\/span><\/a>Og er B\u00edleam h\u00f3f upp augu s\u00edn og s\u00e1 \u00cdsrael, \u00fear sem hann l\u00e1 \u00ed herb\u00fa\u00f0um eftir kynkv\u00edslum s\u00ednum, kom andi Gu\u00f0s yfir hann.<a name=\"3\"><span class=\"versanumer\">3<\/span><\/a>Flutti hann \u00fe\u00e1 kv\u00e6\u00f0i sitt og m\u00e6lti: Svo m\u00e6lir B\u00edleam Be\u00f3rsson, svo m\u00e6lir ma\u00f0urinn, sem byrg\u00f0 hefir augun.<a name=\"4\"><span class=\"versanumer\">4<\/span><\/a>Svo m\u00e6lir hann, sem heyrir or\u00f0 Gu\u00f0s, sem s\u00e9r s\u00fdn Hins Alm\u00e1ttuga, hn\u00edgandi ni\u00f0ur og me\u00f0 upp loknum augum:<a name=\"5\"><span class=\"versanumer\">5<\/span><\/a>Hve f\u00f6gur eru tj\u00f6ld \u00fe\u00edn, Jakob! b\u00fasta\u00f0ir \u00fe\u00ednir, \u00cdsrael!<a name=\"6\"><span class=\"versanumer\">6<\/span><\/a>Eins og v\u00ed\u00f0ir \u00e1rdalir, eins og aldingar\u00f0ar \u00e1 flj\u00f3tsb\u00f6kkum, eins og al\u00f3etr\u00e9, er Drottinn hefir gr\u00f3\u00f0ursett, eins og sedrustr\u00e9 vi\u00f0 v\u00f6tn.<a name=\"7\"><span class=\"versanumer\">7<\/span><\/a>Vatn rennur \u00far skj\u00f3lum hans, og s\u00e1\u00f0 hans hefir n\u00e6gt vatn. Konungur hans mun meiri ver\u00f0a en Agag, og konungd\u00f3mur hans mun ver\u00f0a vegsamlegur.<a name=\"8\"><span class=\"versanumer\">8<\/span><\/a>S\u00e1 Gu\u00f0, sem leiddi hann af Egyptalandi, er honum sem horn v\u00edsundarins. Hann upp etur \u00f3vina\u00fej\u00f3\u00f0ir, og bein \u00feeirra br\u00fdtur hann og n\u00edstir \u00fe\u00e1 me\u00f0 \u00f6rvum s\u00ednum.<a name=\"9\"><span class=\"versanumer\">9<\/span><\/a>Hann leggst ni\u00f0ur, hv\u00edlist sem lj\u00f3n og sem lj\u00f3nynja, hver \u00feorir a\u00f0 reka hann \u00e1 f\u00e6tur? Blessa\u00f0ur s\u00e9 hver s\u00e1, sem blessar \u00feig, en b\u00f6lva\u00f0ur s\u00e9 hver s\u00e1, sem b\u00f6lvar \u00fe\u00e9r.<a name=\"10\"><span class=\"versanumer\">10<\/span><\/a>Balak reiddist \u00fe\u00e1 B\u00edleam mj\u00f6g og bar\u00f0i saman hnefunum og sag\u00f0i vi\u00f0 B\u00edleam: Til \u00feess a\u00f0 bi\u00f0ja b\u00f6lb\u00e6na \u00f3vinum m\u00ednum kalla\u00f0i \u00e9g \u00feig, en sj\u00e1, \u00fe\u00fa hefir n\u00fa blessa\u00f0 \u00fe\u00e1 \u00ferem sinnum.<a name=\"11\"><span class=\"versanumer\">11<\/span><\/a>Far \u00fe\u00fa \u00fev\u00ed sem skj\u00f3tast heim til \u00fe\u00edn! \u00c9g hug\u00f0ist veita \u00fe\u00e9r mikla s\u00e6md, en sj\u00e1, Drottinn hefir svipt \u00feig \u00feeirri s\u00e6md.<a name=\"12\"><span class=\"versanumer\">12<\/span><\/a>\u00de\u00e1 sag\u00f0i B\u00edleam vi\u00f0 Balak: M\u00e6lti \u00e9g eigi \u00feegar vi\u00f0 sendimenn \u00fe\u00e1, er \u00fe\u00fa gj\u00f6r\u00f0ir til m\u00edn, \u00feessum or\u00f0um:<a name=\"13\"><span class=\"versanumer\">13<\/span><\/a>\u00de\u00f3 a\u00f0 Balak g\u00e6fi m\u00e9r h\u00fas sitt fullt af silfri og gulli, g\u00e6ti \u00e9g samt ekki brug\u00f0i\u00f0 af bo\u00f0i Drottins til \u00feess a\u00f0 gj\u00f6ra gott e\u00f0a illt eftir hug\u00fe\u00f3tta m\u00ednum. \u00dea\u00f0 sem Drottinn m\u00e6lir, \u00fea\u00f0 mun \u00e9g m\u00e6la?<a name=\"14\"><span class=\"versanumer\">14<\/span><\/a>Og sj\u00e1, n\u00fa fer \u00e9g til minnar \u00fej\u00f3\u00f0ar. Kom, \u00e9g vil segja \u00fe\u00e9r fyrir, hva\u00f0 \u00feessi \u00fej\u00f3\u00f0 mun gj\u00f6ra \u00feinni \u00fej\u00f3\u00f0 \u00e1 komandi t\u00edmum.<a name=\"15\"><span class=\"versanumer\">15<\/span><\/a>Flutti hann \u00fe\u00e1 kv\u00e6\u00f0i sitt og m\u00e6lti: Svo m\u00e6lir B\u00edleam Be\u00f3rsson, svo m\u00e6lir ma\u00f0urinn, sem byrg\u00f0 hefir augun.<a name=\"16\"><span class=\"versanumer\">16<\/span><\/a>Svo m\u00e6lir hann, sem heyrir or\u00f0 Gu\u00f0s og \u00feekkir r\u00e1\u00f0 hins h\u00e6sta, sem s\u00e9r s\u00fdn Hins Alm\u00e1ttuga, hn\u00edgandi ni\u00f0ur og me\u00f0 upp loknum augum:<a name=\"17\"><span class=\"versanumer\">17<\/span><\/a>\u00c9g s\u00e9 hann, \u00fe\u00f3 eigi n\u00fa, \u00e9g l\u00edt hann, \u00fe\u00f3 eigi \u00ed n\u00e1nd. Stjarna rennur upp af Jakob, og veldissproti r\u00eds af \u00cdsrael. Hann l\u00fdstur sundur \u00feunnvangann \u00e1 M\u00f3ab og hvirfilinn \u00e1 \u00f6llum h\u00e1va\u00f0am\u00f6nnum.<a name=\"18\"><span class=\"versanumer\">18<\/span><\/a>Og Ed\u00f3m mun ver\u00f0a \u00feegnland og Se\u00edr mun ver\u00f0a \u00feegnland \u00feessir \u00f3vinir hans, en \u00cdsrael eykur vald sitt.<a name=\"19\"><span class=\"versanumer\">19<\/span><\/a>Fr\u00e1 Jakob mun drottnari koma og ey\u00f0a fl\u00f3ttam\u00f6nnum \u00ed borgunum.<a name=\"20\"><span class=\"versanumer\">20<\/span><\/a>En er hann leit Amalek\u00edta, flutti hann kv\u00e6\u00f0i sitt og m\u00e6lti: Fremstur af \u00fej\u00f3\u00f0unum er Amalek, en a\u00f0 lyktum hn\u00edgur hann \u00ed valinn.<a name=\"21\"><span class=\"versanumer\">21<\/span><\/a>Og er hann leit Ken\u00edta, flutti hann kv\u00e6\u00f0i sitt og m\u00e6lti: Traustur er b\u00fasta\u00f0ur \u00feinn, og hrei\u00f0ur \u00feitt er byggt \u00e1 kletti.<a name=\"22\"><span class=\"versanumer\">22<\/span><\/a>Og \u00fe\u00f3 er Kain ey\u00f0ingin v\u00eds. Br\u00e1tt mun Ass\u00far flytja \u00feig burt hernuminn.<a name=\"23\"><span class=\"versanumer\">23<\/span><\/a>Og hann flutti kv\u00e6\u00f0i sitt og m\u00e6lti: Vei, hver mun f\u00e1 l\u00edfi haldi\u00f0, er Gu\u00f0 l\u00e6tur \u00feetta a\u00f0 bera!<a name=\"24\"><span class=\"versanumer\">24<\/span><\/a>Og skip koma vestan fr\u00e1 K\u00fdpur, og \u00feau l\u00e6gja Ass\u00far og \u00feau l\u00e6gja Eber. En hann mun og hn\u00edga \u00ed valinn.<a name=\"25\"><span class=\"versanumer\">25<\/span><\/a>S\u00ed\u00f0an t\u00f3k B\u00edleam sig upp, h\u00e9lt af sta\u00f0 og hvarf aftur heimlei\u00f0is, og Balak f\u00f3r einnig lei\u00f0ar sinnar.<\/p>\n<div class=\"footnote1981\"><b>24.8<\/b> Horn sem villinaut 4M\u00f3s 23.22+<br \/>\n<b>24.9<\/b> Lj\u00f3n 4M\u00f3s 23.24+ &#8211; blessa\u00f0ur s\u00e9 \u2026 1M\u00f3s 12.3; 27.29<br \/>\n<b>24.13<\/b> Silfur og gull 4M\u00f3s 22.18+<br \/>\n<b>24.17<\/b> Stjarna Matt 2.2; Opb 22.16 \u2013 M\u00f3ab 2Sam 8.2; Jer 48.45<br \/>\n<b>24.20<\/b> Amalek 2M\u00f3s 17.8+<br \/>\n<b>24.21<\/b> Ken\u00edtar 1M\u00f3s 15.19; 1Sam 15.6<br \/>\n<b>24.24<\/b> Skip Dan 11.30<\/div>\n","protected":false},"excerpt":{"rendered":"<p>1\u00deegar B\u00edleam s\u00e1, a\u00f0 \u00fea\u00f0 var gott \u00ed augum Gu\u00f0s a\u00f0 blessa \u00cdsrael, gekk hann ekki burt eins og \u00ed fyrri skiptin til a\u00f0 leita sp\u00e1fr\u00e9tta, heldur h\u00e9lt \u00e1 lei\u00f0 til ey\u00f0imerkurinnar.2Og er B\u00edleam h\u00f3f upp augu s\u00edn og s\u00e1 \u00cdsrael, \u00fear sem hann l\u00e1 \u00ed herb\u00fa\u00f0um eftir kynkv\u00edslum s\u00ednum, kom andi Gu\u00f0s yfir hann.3Flutti hann \u00fe\u00e1 kv\u00e6\u00f0i sitt og m\u00e6lti: Svo m\u00e6lir B\u00edleam Be\u00f3rsson, svo m\u00e6lir ma\u00f0urinn, sem byrg\u00f0 hefir augun.4Svo m\u00e6lir hann, sem heyrir or\u00f0 Gu\u00f0s, sem s\u00e9r s\u00fdn Hins Alm\u00e1ttuga, hn\u00edgandi ni\u00f0ur og me\u00f0 upp loknum augum:5Hve f\u00f6gur eru tj\u00f6ld \u00fe\u00edn, Jakob! b\u00fasta\u00f0ir \u00fe\u00ednir, \u00cdsrael!6Eins og v\u00ed\u00f0ir <a href=\"https:\/\/biblian.is\/1981\/fjorda-mosebok-24-kafli\/\"> [&#8230;]<\/a><\/p>\n","protected":false},"author":1,"featured_media":0,"parent":0,"menu_order":0,"comment_status":"open","ping_status":"open","template":"bibliukaflar.php","meta":{"footnotes":""},"class_list":["post-1487","page","type-page","status-publish","hentry"],"_links":{"self":[{"href":"https:\/\/biblian.is\/1981\/wp-json\/wp\/v2\/pages\/1487","targetHints":{"allow":["GET"]}}],"collection":[{"href":"https:\/\/biblian.is\/1981\/wp-json\/wp\/v2\/pages"}],"about":[{"href":"https:\/\/biblian.is\/1981\/wp-json\/wp\/v2\/types\/page"}],"author":[{"embeddable":true,"href":"https:\/\/biblian.is\/1981\/wp-json\/wp\/v2\/users\/1"}],"replies":[{"embeddable":true,"href":"https:\/\/biblian.is\/1981\/wp-json\/wp\/v2\/comments?post=1487"}],"version-history":[{"count":0,"href":"https:\/\/biblian.is\/1981\/wp-json\/wp\/v2\/pages\/1487\/revisions"}],"wp:attachment":[{"href":"https:\/\/biblian.is\/1981\/wp-json\/wp\/v2\/media?parent=1487"}],"curies":[{"name":"wp","href":"https:\/\/api.w.org\/{rel}","templated":true}]}}