{"id":1486,"date":"2017-11-18T20:17:28","date_gmt":"2017-11-18T20:17:28","guid":{"rendered":"http:\/\/biblian.is\/1981\/fjorda-mosebok-23-kafli\/"},"modified":"2021-06-06T10:56:38","modified_gmt":"2021-06-06T10:56:38","slug":"fjorda-mosebok-23-kafli","status":"publish","type":"page","link":"https:\/\/biblian.is\/1981\/fjorda-mosebok-23-kafli\/","title":{"rendered":"Fj\u00f3r\u00f0a M\u00f3seb\u00f3k 23. kafli"},"content":{"rendered":"<p><a name=\"1\"><span class=\"versanumer\">1<\/span><\/a>\u00de\u00e1 m\u00e6lti B\u00edleam vi\u00f0 Balak: Gj\u00f6r \u00fe\u00fa m\u00e9r h\u00e9r sj\u00f6 \u00f6lturu og f\u00e1 m\u00e9r hinga\u00f0 sj\u00f6 uxa og sj\u00f6 hr\u00fata.<a name=\"2\"><span class=\"versanumer\">2<\/span><\/a>Og Balak gj\u00f6r\u00f0i sem B\u00edleam sag\u00f0i, og Balak og B\u00edleam f\u00f3rnu\u00f0u uxa og hr\u00fat \u00e1 altari hverju.<a name=\"3\"><span class=\"versanumer\">3<\/span><\/a>B\u00edleam sag\u00f0i vi\u00f0 Balak: Statt \u00fe\u00fa h\u00e9r hj\u00e1 brennif\u00f3rn \u00feinni, \u00e9g \u00e6tla a\u00f0 ganga burt. Vera m\u00e1 a\u00f0 Drottinn kunni a\u00f0 koma til m\u00f3ts vi\u00f0 mig, en hva\u00f0 sem hann birtir m\u00e9r, skal \u00e9g tj\u00e1 \u00fe\u00e9r. F\u00f3r hann \u00fe\u00e1 upp \u00e1 sk\u00f3glausa h\u00e6\u00f0.<a name=\"4\"><span class=\"versanumer\">4<\/span><\/a>Og Gu\u00f0 kom til m\u00f3ts vi\u00f0 B\u00edleam, og B\u00edleam sag\u00f0i vi\u00f0 hann: \u00c9g hefi b\u00fai\u00f0 sj\u00f6 \u00f6lturu og f\u00f3rna\u00f0 uxa og hr\u00fat \u00e1 hverju altari.<a name=\"5\"><span class=\"versanumer\">5<\/span><\/a>Drottinn lag\u00f0i \u00fe\u00e1 B\u00edleam or\u00f0 \u00ed munn og sag\u00f0i: Far \u00fe\u00fa aftur til Balaks, og m\u00e6l svo sem \u00e9g segi \u00fe\u00e9r.<a name=\"6\"><span class=\"versanumer\">6<\/span><\/a>F\u00f3r hann \u00fe\u00e1 aftur til hans. Og sj\u00e1, hann st\u00f3\u00f0 hj\u00e1 brennif\u00f3rn sinni og allir h\u00f6f\u00f0ingjar M\u00f3abs me\u00f0 honum.<a name=\"7\"><span class=\"versanumer\">7<\/span><\/a>Flutti hann \u00fe\u00e1 kv\u00e6\u00f0i sitt og m\u00e6lti: Til Mes\u00f3p\u00f3tam\u00edu l\u00e9t Balak s\u00e6kja mig, konungur M\u00f3abs, til hinna austl\u00e6gu fjalla. Kom \u00fe\u00fa, b\u00f6lva Jakob fyrir mig, kom \u00fe\u00fa, form\u00e6l \u00cdsrael!<a name=\"8\"><span class=\"versanumer\">8<\/span><\/a>Hvernig m\u00e1 \u00e9g bi\u00f0ja b\u00f6lb\u00e6na \u00feeim, er Gu\u00f0 eigi bi\u00f0ur b\u00f6lb\u00e6na, og hvernig m\u00e1 \u00e9g form\u00e6la \u00feeim, er Drottinn eigi form\u00e6lir?<a name=\"9\"><span class=\"versanumer\">9<\/span><\/a>Af fjallstindinum s\u00e9 \u00e9g hann, og af h\u00e6\u00f0unum l\u00edt \u00e9g hann. Hann er \u00fej\u00f3\u00f0flokkur, sem b\u00fdr einn s\u00e9r og telur sig eigi me\u00f0al hinna \u00fej\u00f3\u00f0anna.<a name=\"10\"><span class=\"versanumer\">10<\/span><\/a>Hver mun telja mega duft Jakobs, og hver mun f\u00e1 t\u00f6lu komi\u00f0 \u00e1 fj\u00f6ld \u00cdsraels? Deyi \u00f6nd m\u00edn dau\u00f0a r\u00e9ttl\u00e1tra og ver\u00f0i endalok m\u00edn sem \u00feeirra.<a name=\"11\"><span class=\"versanumer\">11<\/span><\/a>\u00de\u00e1 sag\u00f0i Balak vi\u00f0 B\u00edleam: Hva\u00f0 hefir \u00fe\u00fa gj\u00f6rt m\u00e9r? \u00c9g f\u00e9kk \u00feig til \u00feess a\u00f0 bi\u00f0ja \u00f3vinum m\u00ednum b\u00f6lb\u00e6na, og sj\u00e1, \u00fe\u00fa hefir margblessa\u00f0 \u00fe\u00e1.<a name=\"12\"><span class=\"versanumer\">12<\/span><\/a>En B\u00edleam svara\u00f0i og sag\u00f0i: Hvort hl\u00fdt \u00e9g eigi a\u00f0 m\u00e6la \u00fea\u00f0 eitt, er Drottinn leggur m\u00e9r \u00ed munn?<a name=\"13\"><span class=\"versanumer\">13<\/span><\/a>\u00de\u00e1 sag\u00f0i Balak vi\u00f0 B\u00edleam: Kom me\u00f0 m\u00e9r \u00e1 annan sta\u00f0, \u00fear er \u00fe\u00fa m\u00e1tt sj\u00e1 \u00fe\u00e1, \u00fe\u00f3 munt \u00fe\u00fa a\u00f0eins f\u00e1 s\u00e9\u00f0 ysta hluta \u00feeirra, alla munt \u00fe\u00fa eigi sj\u00e1 \u00fe\u00e1, og bi\u00f0 \u00feeim \u00fear b\u00f6lb\u00e6na fyrir mig.<a name=\"14\"><span class=\"versanumer\">14<\/span><\/a>Og hann t\u00f3k hann me\u00f0 s\u00e9r upp \u00e1 Nj\u00f3snarv\u00f6ll, upp \u00e1 Pisgatind, og reisti \u00fear sj\u00f6 \u00f6lturu og f\u00f3rna\u00f0i.<a name=\"15\"><span class=\"versanumer\">15<\/span><\/a>\u00de\u00e1 m\u00e6lti B\u00edleam vi\u00f0 Balak: Statt \u00fe\u00fa h\u00e9r hj\u00e1 brennif\u00f3rn \u00feinni, me\u00f0an \u00e9g fer \u00feanga\u00f0 til m\u00f3ts vi\u00f0 Gu\u00f0.<a name=\"16\"><span class=\"versanumer\">16<\/span><\/a>Drottinn kom til m\u00f3ts vi\u00f0 B\u00edleam og lag\u00f0i honum or\u00f0 \u00ed munn og sag\u00f0i: Far \u00fe\u00fa aftur til Balaks, og m\u00e6l svo sem \u00e9g segi \u00fe\u00e9r.<a name=\"17\"><span class=\"versanumer\">17<\/span><\/a>Gekk hann \u00fe\u00e1 til hans, og sj\u00e1, hann st\u00f3\u00f0 hj\u00e1 brennif\u00f3rn sinni og h\u00f6f\u00f0ingjar M\u00f3abs me\u00f0 honum. Og Balak m\u00e6lti vi\u00f0 hann: Hva\u00f0 sag\u00f0i Drottinn?<a name=\"18\"><span class=\"versanumer\">18<\/span><\/a>Flutti B\u00edleam \u00fe\u00e1 kv\u00e6\u00f0i sitt og m\u00e6lti: R\u00eds \u00fe\u00fa upp, Balak, og hl\u00fd\u00f0 \u00e1! Hlusta \u00fe\u00fa \u00e1 mig, Sipp\u00f3rs sonur!<a name=\"19\"><span class=\"versanumer\">19<\/span><\/a>Gu\u00f0 er ekki ma\u00f0ur, a\u00f0 hann lj\u00fagi, n\u00e9 sonur manns, a\u00f0 hann sj\u00e1i sig um h\u00f6nd. Skyldi hann segja nokku\u00f0 og gj\u00f6ra \u00fea\u00f0 eigi, tala nokku\u00f0 og efna \u00fea\u00f0 eigi?<a name=\"20\"><span class=\"versanumer\">20<\/span><\/a>Sj\u00e1, a\u00f0 blessa var m\u00e9r fali\u00f0, fyrir \u00fev\u00ed blessa \u00e9g og tek \u00fea\u00f0 eigi aftur.<a name=\"21\"><span class=\"versanumer\">21<\/span><\/a>Eigi s\u00e9st \u00f3heill me\u00f0 Jakob, n\u00e9 heldur m\u00e1 mein l\u00edta me\u00f0 \u00cdsrael. Drottinn, Gu\u00f0 hans, er me\u00f0 honum, og konungsf\u00f6gnu\u00f0ur er hj\u00e1 honum.<a name=\"22\"><span class=\"versanumer\">22<\/span><\/a>S\u00e1 Gu\u00f0, sem leiddi \u00fe\u00e1 af Egyptalandi, er honum sem horn v\u00edsundarins.<a name=\"23\"><span class=\"versanumer\">23<\/span><\/a>\u00dev\u00ed a\u00f0 eigi er galdur me\u00f0 Jakob n\u00e9 fj\u00f6lkynngi me\u00f0 \u00cdsrael. N\u00fa ver\u00f0ur \u00fea\u00f0 eitt sagt um Jakob og \u00cdsrael: Hversu mikla hluti hefir Gu\u00f0 gj\u00f6rt!<a name=\"24\"><span class=\"versanumer\">24<\/span><\/a>Hann er \u00fej\u00f3\u00f0flokkur, sem r\u00eds upp eins og lj\u00f3nynja og reisir sig sem lj\u00f3n, hann leggst ekki ni\u00f0ur fyrr en hann hefir eti\u00f0 br\u00e1\u00f0 og drukki\u00f0 bl\u00f3\u00f0 veginna manna.<a name=\"25\"><span class=\"versanumer\">25<\/span><\/a>\u00de\u00e1 sag\u00f0i Balak vi\u00f0 B\u00edleam: \u00de\u00fa skalt hvorki bi\u00f0ja honum b\u00f6lb\u00e6na n\u00e9 blessa hann.<a name=\"26\"><span class=\"versanumer\">26<\/span><\/a>En B\u00edleam svara\u00f0i og sag\u00f0i vi\u00f0 Balak: Hefi \u00e9g ekki sagt \u00fe\u00e9r: Allt \u00fea\u00f0, sem Drottinn b\u00fd\u00f0ur, \u00fea\u00f0 mun \u00e9g gj\u00f6ra?<a name=\"27\"><span class=\"versanumer\">27<\/span><\/a>\u00de\u00e1 m\u00e6lti Balak vi\u00f0 B\u00edleam: Kom \u00fe\u00fa, \u00e9g vil fara me\u00f0 \u00feig \u00e1 annan sta\u00f0. Vera m\u00e1 a\u00f0 Gu\u00f0i \u00fe\u00f3knist, a\u00f0 \u00fe\u00fa bi\u00f0jir \u00feeim \u00fear b\u00f6lb\u00e6na fyrir mig.<a name=\"28\"><span class=\"versanumer\">28<\/span><\/a>T\u00f3k Balak \u00fe\u00e1 B\u00edleam me\u00f0 s\u00e9r upp \u00e1 Pe\u00f3rtind, sem m\u00e6nir yfir \u00f6r\u00e6fin.<a name=\"29\"><span class=\"versanumer\">29<\/span><\/a>\u00de\u00e1 m\u00e6lti B\u00edleam vi\u00f0 Balak: Gj\u00f6r \u00fe\u00fa m\u00e9r h\u00e9r sj\u00f6 \u00f6lturu og f\u00e1 m\u00e9r hinga\u00f0 sj\u00f6 uxa og sj\u00f6 hr\u00fata.<a name=\"30\"><span class=\"versanumer\">30<\/span><\/a>Og Balak gj\u00f6r\u00f0i sem B\u00edleam m\u00e6lti og f\u00f3rna\u00f0i uxa og hr\u00fat \u00e1 altari hverju.<\/p>\n<div class=\"footnote1981\"><b>23.9<\/b> \u00cdsraels\u00fej\u00f3\u00f0in b\u00fdr ein 2M\u00f3s 34.11-17; 5M\u00f3s 7.1-6; 33.28<br \/>\n<b>23.10<\/b> Sandkorn Jakobs 1M\u00f3s 13.16; 2Kro 1.9<br \/>\n<b>23.19<\/b> Gu\u00f0 skiptir ekki um sko\u00f0un 1Sam 15.29; Mal 3.6; R\u00f3m 11.29; sbr Slm 77.11<br \/>\n<b>23.21<\/b> Konungur konunganna hylltur Jes 33.22; Slm 24; 93-100<br \/>\n<b>23.22<\/b> Horn sem villinaut 4M\u00f3s 24.8; sbr 5M\u00f3s 33.17; Slm 92.11<br \/>\n<b>23.24<\/b> Sem lj\u00f3n 4M\u00f3s 24.9; 1M\u00f3s 49.9; 5M\u00f3s 33.20<\/div>\n","protected":false},"excerpt":{"rendered":"<p>1\u00de\u00e1 m\u00e6lti B\u00edleam vi\u00f0 Balak: Gj\u00f6r \u00fe\u00fa m\u00e9r h\u00e9r sj\u00f6 \u00f6lturu og f\u00e1 m\u00e9r hinga\u00f0 sj\u00f6 uxa og sj\u00f6 hr\u00fata.2Og Balak gj\u00f6r\u00f0i sem B\u00edleam sag\u00f0i, og Balak og B\u00edleam f\u00f3rnu\u00f0u uxa og hr\u00fat \u00e1 altari hverju.3B\u00edleam sag\u00f0i vi\u00f0 Balak: Statt \u00fe\u00fa h\u00e9r hj\u00e1 brennif\u00f3rn \u00feinni, \u00e9g \u00e6tla a\u00f0 ganga burt. Vera m\u00e1 a\u00f0 Drottinn kunni a\u00f0 koma til m\u00f3ts vi\u00f0 mig, en hva\u00f0 sem hann birtir m\u00e9r, skal \u00e9g tj\u00e1 \u00fe\u00e9r. F\u00f3r hann \u00fe\u00e1 upp \u00e1 sk\u00f3glausa h\u00e6\u00f0.4Og Gu\u00f0 kom til m\u00f3ts vi\u00f0 B\u00edleam, og B\u00edleam sag\u00f0i vi\u00f0 hann: \u00c9g hefi b\u00fai\u00f0 sj\u00f6 \u00f6lturu og f\u00f3rna\u00f0 uxa og hr\u00fat \u00e1 <a href=\"https:\/\/biblian.is\/1981\/fjorda-mosebok-23-kafli\/\"> [&#8230;]<\/a><\/p>\n","protected":false},"author":1,"featured_media":0,"parent":0,"menu_order":0,"comment_status":"open","ping_status":"open","template":"bibliukaflar.php","meta":{"footnotes":""},"class_list":["post-1486","page","type-page","status-publish","hentry"],"_links":{"self":[{"href":"https:\/\/biblian.is\/1981\/wp-json\/wp\/v2\/pages\/1486","targetHints":{"allow":["GET"]}}],"collection":[{"href":"https:\/\/biblian.is\/1981\/wp-json\/wp\/v2\/pages"}],"about":[{"href":"https:\/\/biblian.is\/1981\/wp-json\/wp\/v2\/types\/page"}],"author":[{"embeddable":true,"href":"https:\/\/biblian.is\/1981\/wp-json\/wp\/v2\/users\/1"}],"replies":[{"embeddable":true,"href":"https:\/\/biblian.is\/1981\/wp-json\/wp\/v2\/comments?post=1486"}],"version-history":[{"count":0,"href":"https:\/\/biblian.is\/1981\/wp-json\/wp\/v2\/pages\/1486\/revisions"}],"wp:attachment":[{"href":"https:\/\/biblian.is\/1981\/wp-json\/wp\/v2\/media?parent=1486"}],"curies":[{"name":"wp","href":"https:\/\/api.w.org\/{rel}","templated":true}]}}