{"id":1484,"date":"2017-11-18T20:17:28","date_gmt":"2017-11-18T20:17:28","guid":{"rendered":"http:\/\/biblian.is\/1981\/fjorda-mosebok-21-kafli\/"},"modified":"2021-06-06T10:56:37","modified_gmt":"2021-06-06T10:56:37","slug":"fjorda-mosebok-21-kafli","status":"publish","type":"page","link":"https:\/\/biblian.is\/1981\/fjorda-mosebok-21-kafli\/","title":{"rendered":"Fj\u00f3r\u00f0a M\u00f3seb\u00f3k 21. kafli"},"content":{"rendered":"<p><a name=\"1\"><span class=\"versanumer\">1<\/span><\/a>Er kanverski konungurinn \u00ed Arad, sem bj\u00f3 \u00ed Su\u00f0ur-Kanaan, spur\u00f0i, a\u00f0 \u00cdsrael k\u00e6mi Atar\u00edm-veginn, \u00fe\u00e1 r\u00e9\u00f0st hann \u00e1 \u00cdsrael og hert\u00f3k nokkra \u00feeirra.<a name=\"2\"><span class=\"versanumer\">2<\/span><\/a>\u00de\u00e1 gj\u00f6r\u00f0i \u00cdsrael Drottni heit og sag\u00f0i: Ef \u00fe\u00fa gefur l\u00fd\u00f0 \u00feennan \u00e1 mitt vald, skal \u00e9g banni helga borgir \u00feeirra.<a name=\"3\"><span class=\"versanumer\">3<\/span><\/a>Og Drottinn heyr\u00f0i raust \u00cdsraels og seldi Kanaan\u00edtana \u00feeim \u00ed hendur. Og \u00feeir helgu\u00f0u \u00fe\u00e1 banni og borgir \u00feeirra, og var sta\u00f0urinn kalla\u00f0ur Horma.<a name=\"4\"><span class=\"versanumer\">4<\/span><\/a>L\u00f6g\u00f0u \u00feeir \u00fe\u00e1 upp fr\u00e1 H\u00f3rfjalli lei\u00f0ina til Rau\u00f0ahafs til \u00feess a\u00f0 fara \u00ed kringum Ed\u00f3mland. En l\u00fd\u00f0num f\u00e9llst hugur \u00e1 lei\u00f0inni.<a name=\"5\"><span class=\"versanumer\">5<\/span><\/a>Og l\u00fd\u00f0urinn tala\u00f0i \u00ed gegn Gu\u00f0i og \u00ed gegn M\u00f3se: Hv\u00ed leiddu\u00f0 \u00fei\u00f0 oss brott af Egyptalandi, til \u00feess a\u00f0 v\u00e9r d\u00e6jum \u00ed ey\u00f0im\u00f6rkinni. H\u00e9r er hvorki brau\u00f0 n\u00e9 vatn, og v\u00e9r erum or\u00f0nir lei\u00f0ir \u00e1 \u00feessu l\u00e9ttmeti.<a name=\"6\"><span class=\"versanumer\">6<\/span><\/a>\u00de\u00e1 sendi Drottinn eitra\u00f0a h\u00f6ggorma me\u00f0al l\u00fd\u00f0sins, og \u00feeir bitu f\u00f3lki\u00f0, svo a\u00f0 margt manna d\u00f3 af \u00cdsrael.<a name=\"7\"><span class=\"versanumer\">7<\/span><\/a>\u00de\u00e1 gekk l\u00fd\u00f0urinn til M\u00f3se og sag\u00f0i: V\u00e9r h\u00f6fum syndga\u00f0, \u00fev\u00ed a\u00f0 v\u00e9r h\u00f6fum tala\u00f0 \u00ed gegn Drottni og \u00ed gegn \u00fe\u00e9r. Bi\u00f0 \u00fe\u00fa til Drottins, a\u00f0 hann taki h\u00f6ggormana fr\u00e1 oss. M\u00f3se ba\u00f0 \u00fe\u00e1 fyrir l\u00fd\u00f0num.<a name=\"8\"><span class=\"versanumer\">8<\/span><\/a>Og Drottinn sag\u00f0i vi\u00f0 M\u00f3se: Gj\u00f6r \u00fe\u00e9r eiturorm og set hann \u00e1 st\u00f6ng, og \u00fea\u00f0 skal ver\u00f0a, a\u00f0 hver sem bitinn er og l\u00edtur \u00e1 hann, skal l\u00edfi halda.<a name=\"9\"><span class=\"versanumer\">9<\/span><\/a>M\u00f3se gj\u00f6r\u00f0i h\u00f6ggorm af eiri og setti \u00e1 st\u00f6ng. Og \u00fea\u00f0 var\u00f0, a\u00f0 ef h\u00f6ggormur haf\u00f0i biti\u00f0 einhvern og hann leit til eirormsins, \u00fe\u00e1 h\u00e9lt hann l\u00edfi.<a name=\"10\"><span class=\"versanumer\">10<\/span><\/a>Eftir \u00feetta l\u00f6g\u00f0u \u00cdsraelsmenn upp og settu b\u00fa\u00f0ir s\u00ednar \u00ed \u00d3b\u00f3t.<a name=\"11\"><span class=\"versanumer\">11<\/span><\/a>Og \u00feeir l\u00f6g\u00f0u upp fr\u00e1 \u00d3b\u00f3t og settu b\u00fa\u00f0ir s\u00ednar \u00ed \u00cdje-Haabar\u00edm \u00ed ey\u00f0im\u00f6rkinni, sem er fyrir austan M\u00f3ab.<a name=\"12\"><span class=\"versanumer\">12<\/span><\/a>\u00dea\u00f0an l\u00f6g\u00f0u \u00feeir upp og settu b\u00fa\u00f0ir s\u00ednar \u00ed Sered-dal.<a name=\"13\"><span class=\"versanumer\">13<\/span><\/a>\u00dea\u00f0an l\u00f6g\u00f0u \u00feeir upp og settu b\u00fa\u00f0ir s\u00ednar hinum megin vi\u00f0 Arnon, sem er \u00ed ey\u00f0im\u00f6rkinni og kemur upp \u00ed landi Amor\u00edta. Arnon skilur l\u00f6nd M\u00f3ab\u00edta og Amor\u00edta.<a name=\"14\"><span class=\"versanumer\">14<\/span><\/a>Fyrir \u00fev\u00ed segir svo \u00ed b\u00f3kinni um bardaga Drottins: Vaheb \u00ed S\u00fafa og Arnondalir<a name=\"15\"><span class=\"versanumer\">15<\/span><\/a>og dalahl\u00ed\u00f0arnar, er n\u00e1 \u00feanga\u00f0, sem Ar liggur, og liggja upp a\u00f0 l\u00f6ndum M\u00f3ab\u00edta.<a name=\"16\"><span class=\"versanumer\">16<\/span><\/a>\u00dea\u00f0an h\u00e9ldu \u00feeir til Beer. \u00dea\u00f0 er brunnurinn, sem Drottinn tala\u00f0i um vi\u00f0 M\u00f3se: Safna saman l\u00fd\u00f0num, \u00e9g vil gefa \u00feeim vatn.<a name=\"17\"><span class=\"versanumer\">17<\/span><\/a>\u00de\u00e1 s\u00f6ng \u00cdsrael \u00feetta kv\u00e6\u00f0i: Vell \u00fe\u00fa upp, brunnur! Syngi\u00f0 \u00ed m\u00f3ti honum!<a name=\"18\"><span class=\"versanumer\">18<\/span><\/a>Brunnur, sem h\u00f6f\u00f0ingjarnir gr\u00f3fu og g\u00f6fugmenni \u00fej\u00f3\u00f0arinnar holu\u00f0u innan me\u00f0 veldissprota, me\u00f0 st\u00f6fum s\u00ednum. Fr\u00e1 ey\u00f0im\u00f6rkinni h\u00e9ldu \u00feeir til Mattana,<a name=\"19\"><span class=\"versanumer\">19<\/span><\/a>og fr\u00e1 Mattana til Nahal\u00edel, og fr\u00e1 Nahal\u00edel til Bam\u00f3t,<a name=\"20\"><span class=\"versanumer\">20<\/span><\/a>og fr\u00e1 Bam\u00f3t \u00ed dalinn, sem liggur \u00ed M\u00f3abslandi, a\u00f0 Pisgatindi, sem m\u00e6nir yfir \u00f6r\u00e6fin.<a name=\"21\"><span class=\"versanumer\">21<\/span><\/a>\u00cdsrael sendi menn \u00e1 fund S\u00edhons Amor\u00edtakonungs og l\u00e9t segja honum:<a name=\"22\"><span class=\"versanumer\">22<\/span><\/a>Leyf m\u00e9r a\u00f0 fara um land \u00feitt. Eigi munum v\u00e9r hneigja af \u00fat \u00e1 akra n\u00e9 v\u00edngar\u00f0a, og eigi munum v\u00e9r drekka vatn \u00far brunnum, heldur munum v\u00e9r fara Konungsveg, \u00fear til v\u00e9r erum komnir \u00fat \u00far landi \u00fe\u00ednu.<a name=\"23\"><span class=\"versanumer\">23<\/span><\/a>En S\u00edhon leyf\u00f0i eigi \u00cdsrael a\u00f0 fara um land sitt. Hann safna\u00f0i a\u00f0 s\u00e9r \u00f6llum l\u00fd\u00f0 s\u00ednum og f\u00f3r \u00ed m\u00f3ti \u00cdsrael inn \u00ed ey\u00f0im\u00f6rkina. Og er hann kom til Jahsa, lag\u00f0i hann til orustu vi\u00f0 \u00cdsrael.<a name=\"24\"><span class=\"versanumer\">24<\/span><\/a>En \u00cdsrael vann sigur \u00e1 honum me\u00f0 sver\u00f0seggjum og lag\u00f0i undir sig land hans fr\u00e1 Arnon til Jabbok, allt a\u00f0 Amm\u00f3n\u00edtum, \u00fev\u00ed a\u00f0 landamerki Amm\u00f3n\u00edta voru ekki au\u00f0unnin.<a name=\"25\"><span class=\"versanumer\">25<\/span><\/a>\u00cdsrael t\u00f3k allar \u00feessar borgir og settist a\u00f0 \u00ed \u00f6llum borgum Amor\u00edta, \u00ed Hesbon og \u00f6llum \u00feorpunum \u00fear \u00ed kring.<a name=\"26\"><span class=\"versanumer\">26<\/span><\/a>Hesbon var borg S\u00edhons Amor\u00edtakonungs. Haf\u00f0i hann \u00e1tt \u00ed \u00f3fri\u00f0i vi\u00f0 hinn fyrri konung M\u00f3ab\u00edta og teki\u00f0 fr\u00e1 honum allt land hans a\u00f0 Arnon.<a name=\"27\"><span class=\"versanumer\">27<\/span><\/a>Fyrir \u00fev\u00ed s\u00f6g\u00f0u h\u00e1\u00f0sk\u00e1ldin: Komi\u00f0 til Hesbon! Endurreist og grundv\u00f6llu\u00f0 ver\u00f0i borg S\u00edhons!<a name=\"28\"><span class=\"versanumer\">28<\/span><\/a>\u00dev\u00ed a\u00f0 eldur gekk \u00fat fr\u00e1 Hesbon, logi fr\u00e1 borg S\u00edhons. Hann eyddi Ar \u00ed M\u00f3ab, l\u00e1v\u00f6r\u00f0um Arnonh\u00e6\u00f0a.<a name=\"29\"><span class=\"versanumer\">29<\/span><\/a>Vei \u00fe\u00e9r, M\u00f3ab! \u00dea\u00f0 er \u00fati um \u00feig, Kamoss l\u00fd\u00f0ur! Kamos l\u00e9t sonu s\u00edna ver\u00f0a fl\u00f3ttamenn og d\u00e6tur s\u00ednar herteknar ver\u00f0a af S\u00edhon, Amor\u00edtakonungi.<a name=\"30\"><span class=\"versanumer\">30<\/span><\/a>V\u00e9r skutum \u00e1 \u00fe\u00e1. Gj\u00f6reydd var Hesbon allt til D\u00edbon, og v\u00e9r f\u00f3rum herskildi yfir, svo a\u00f0 eldurinn b\u00e1la\u00f0ist upp allt til Medeba.<a name=\"31\"><span class=\"versanumer\">31<\/span><\/a>\u00cdsrael settist n\u00fa a\u00f0 \u00ed landi Amor\u00edta.<a name=\"32\"><span class=\"versanumer\">32<\/span><\/a>En M\u00f3se sendi nj\u00f3snarmenn til Jaser, og \u00feeir unnu hana og \u00feorpin \u00fear \u00ed kring og r\u00e1ku burt Amor\u00edtana, sem \u00fear bjuggu.<a name=\"33\"><span class=\"versanumer\">33<\/span><\/a>Sneru \u00feeir n\u00fa vi\u00f0 og h\u00e9ldu veginn, sem liggur til Basan. En \u00d3g, konungur \u00ed Basan, f\u00f3r \u00ed m\u00f3ti \u00feeim me\u00f0 \u00f6llu li\u00f0i s\u00ednu til \u00feess a\u00f0 heyja bardaga hj\u00e1 Edre\u00ed.<a name=\"34\"><span class=\"versanumer\">34<\/span><\/a>\u00de\u00e1 sag\u00f0i Drottinn vi\u00f0 M\u00f3se: Eigi skalt \u00fe\u00fa \u00f3ttast hann, \u00fev\u00ed a\u00f0 \u00e9g gef hann og li\u00f0 hans allt og land hans \u00ed \u00fe\u00ednar hendur, og skalt \u00fe\u00fa svo fara me\u00f0 hann, eins og \u00fe\u00fa f\u00f3rst me\u00f0 S\u00edhon, Amor\u00edtakonung, er bj\u00f3 \u00ed Hesbon.<a name=\"35\"><span class=\"versanumer\">35<\/span><\/a>Og \u00feeir felldu hann og sonu hans og allt hans li\u00f0, svo a\u00f0 enginn var eftir skilinn, er undan k\u00e6mist, og l\u00f6g\u00f0u \u00feeir land hans undir sig.   22.-24. kap.<\/p>\n<div class=\"footnote1981\"><b>21.1<\/b> Konungur \u00ed Arad 4M\u00f3s 33.40; J\u00f3s 12.14<br \/>\n<b>21.4<\/b> Lei\u00f0in 5M\u00f3s 2.1; D\u00f3m 11.18<br \/>\n<b>21.5<\/b> M\u00f6gla\u00f0 gegn M\u00f3se 4M\u00f3s 14.2+<br \/>\n<b>21.6<\/b> Eitra\u00f0ir h\u00f6ggormar 5M\u00f3s 8.15; SSal 16.5,10; 1Kor 10.9<br \/>\n<b>21.9<\/b> H\u00f6ggormar af eiri 2Kon 18.4; SSal 16.6-7; J\u00f3h 3.14-15<br \/>\n<b>21.21<\/b> Land Amor\u00edta 5M\u00f3s 2.26-3.7; D\u00f3m 11.19-20<br \/>\n<b>21.22-32<\/b> S\u00edhon neitar 4M\u00f3s 20.14-21<br \/>\n<b>21.28-29<\/b> Eldur Jer 48.45-46+<\/div>\n","protected":false},"excerpt":{"rendered":"<p>1Er kanverski konungurinn \u00ed Arad, sem bj\u00f3 \u00ed Su\u00f0ur-Kanaan, spur\u00f0i, a\u00f0 \u00cdsrael k\u00e6mi Atar\u00edm-veginn, \u00fe\u00e1 r\u00e9\u00f0st hann \u00e1 \u00cdsrael og hert\u00f3k nokkra \u00feeirra.2\u00de\u00e1 gj\u00f6r\u00f0i \u00cdsrael Drottni heit og sag\u00f0i: Ef \u00fe\u00fa gefur l\u00fd\u00f0 \u00feennan \u00e1 mitt vald, skal \u00e9g banni helga borgir \u00feeirra.3Og Drottinn heyr\u00f0i raust \u00cdsraels og seldi Kanaan\u00edtana \u00feeim \u00ed hendur. Og \u00feeir helgu\u00f0u \u00fe\u00e1 banni og borgir \u00feeirra, og var sta\u00f0urinn kalla\u00f0ur Horma.4L\u00f6g\u00f0u \u00feeir \u00fe\u00e1 upp fr\u00e1 H\u00f3rfjalli lei\u00f0ina til Rau\u00f0ahafs til \u00feess a\u00f0 fara \u00ed kringum Ed\u00f3mland. En l\u00fd\u00f0num f\u00e9llst hugur \u00e1 lei\u00f0inni.5Og l\u00fd\u00f0urinn tala\u00f0i \u00ed gegn Gu\u00f0i og \u00ed gegn M\u00f3se: Hv\u00ed leiddu\u00f0 \u00fei\u00f0 oss <a href=\"https:\/\/biblian.is\/1981\/fjorda-mosebok-21-kafli\/\"> [&#8230;]<\/a><\/p>\n","protected":false},"author":1,"featured_media":0,"parent":0,"menu_order":0,"comment_status":"open","ping_status":"open","template":"bibliukaflar.php","meta":{"footnotes":""},"class_list":["post-1484","page","type-page","status-publish","hentry"],"_links":{"self":[{"href":"https:\/\/biblian.is\/1981\/wp-json\/wp\/v2\/pages\/1484","targetHints":{"allow":["GET"]}}],"collection":[{"href":"https:\/\/biblian.is\/1981\/wp-json\/wp\/v2\/pages"}],"about":[{"href":"https:\/\/biblian.is\/1981\/wp-json\/wp\/v2\/types\/page"}],"author":[{"embeddable":true,"href":"https:\/\/biblian.is\/1981\/wp-json\/wp\/v2\/users\/1"}],"replies":[{"embeddable":true,"href":"https:\/\/biblian.is\/1981\/wp-json\/wp\/v2\/comments?post=1484"}],"version-history":[{"count":0,"href":"https:\/\/biblian.is\/1981\/wp-json\/wp\/v2\/pages\/1484\/revisions"}],"wp:attachment":[{"href":"https:\/\/biblian.is\/1981\/wp-json\/wp\/v2\/media?parent=1484"}],"curies":[{"name":"wp","href":"https:\/\/api.w.org\/{rel}","templated":true}]}}