{"id":1481,"date":"2017-11-18T20:17:28","date_gmt":"2017-11-18T20:17:28","guid":{"rendered":"http:\/\/biblian.is\/1981\/fjorda-mosebok-18-kafli\/"},"modified":"2021-06-06T10:56:36","modified_gmt":"2021-06-06T10:56:36","slug":"fjorda-mosebok-18-kafli","status":"publish","type":"page","link":"https:\/\/biblian.is\/1981\/fjorda-mosebok-18-kafli\/","title":{"rendered":"Fj\u00f3r\u00f0a M\u00f3seb\u00f3k 18. kafli"},"content":{"rendered":"<p><a name=\"1\"><span class=\"versanumer\">1<\/span><\/a>Drottinn sag\u00f0i vi\u00f0 Aron: \u00de\u00fa og synir \u00fe\u00ednir og \u00e6ttleggur fe\u00f0ra \u00feinna me\u00f0 \u00fe\u00e9r skulu s\u00e6ta hegningu fyrir \u00fea\u00f0, sem broti\u00f0 er \u00e1 m\u00f3ti helgid\u00f3minum, og \u00fe\u00fa og synir \u00fe\u00ednir me\u00f0 \u00fe\u00e9r skulu\u00f0 s\u00e6ta hegningu fyrir \u00fea\u00f0, sem y\u00f0ur ver\u00f0ur \u00e1 \u00ed prestsemb\u00e6tti y\u00f0ar.<a name=\"2\"><span class=\"versanumer\">2<\/span><\/a>\u00de\u00fa skalt taka me\u00f0 \u00fe\u00e9r br\u00e6\u00f0ur \u00fe\u00edna, kynkv\u00edsl Lev\u00ed, \u00e6ttkv\u00edsl f\u00f6\u00f0ur \u00fe\u00edns. \u00deeir skulu vera \u00fe\u00e9r vi\u00f0 h\u00f6nd og \u00fej\u00f3na \u00fe\u00e9r, \u00feegar \u00fe\u00fa og synir \u00fe\u00ednir me\u00f0 \u00fe\u00e9r eru\u00f0 frammi fyrir s\u00e1ttm\u00e1lstjaldinu.<a name=\"3\"><span class=\"versanumer\">3<\/span><\/a>Og \u00feeir skulu gegna \u00fev\u00ed, er vi\u00f0 \u00fearf vi\u00f0 \u00fe\u00edna \u00fej\u00f3nustu og vi\u00f0 \u00fej\u00f3nustu alls tjaldsins. \u00de\u00f3 skulu \u00feeir eigi koma n\u00e6rri hinum helgu \u00e1h\u00f6ldum n\u00e9 altarinu, ella munu \u00feeir deyja, b\u00e6\u00f0i \u00feeir og \u00fe\u00e9r.<a name=\"4\"><span class=\"versanumer\">4<\/span><\/a>Og \u00feeir skulu vera \u00fe\u00e9r vi\u00f0 h\u00f6nd og annast \u00fea\u00f0, sem annast \u00fearf vi\u00f0 samfundatjaldi\u00f0, alla \u00fej\u00f3nustu vi\u00f0 tjaldi\u00f0, en eigi skal \u00f3v\u00edg\u00f0ur ma\u00f0ur koma til y\u00f0ar.<a name=\"5\"><span class=\"versanumer\">5<\/span><\/a>En \u00fe\u00e9r skulu\u00f0 annast \u00fea\u00f0, sem annast \u00fearf \u00ed helgid\u00f3minum og vi\u00f0 altari\u00f0, svo a\u00f0 eigi komi rei\u00f0i framar yfir \u00cdsraelsmenn.<a name=\"6\"><span class=\"versanumer\">6<\/span><\/a>Og sj\u00e1, \u00e9g hefi teki\u00f0 br\u00e6\u00f0ur y\u00f0ar, lev\u00edtana, \u00far \u00cdsraelsm\u00f6nnum sem gj\u00f6f y\u00f0ur til handa, sem \u00fe\u00e1, er gefnir hafa veri\u00f0 Drottni, til \u00feess a\u00f0 gegna \u00fej\u00f3nustu vi\u00f0 samfundatjaldi\u00f0.<a name=\"7\"><span class=\"versanumer\">7<\/span><\/a>En \u00fe\u00fa og synir \u00fe\u00ednir me\u00f0 \u00fe\u00e9r skulu\u00f0 annast prestsemb\u00e6tti y\u00f0ar \u00ed \u00f6llum \u00feeim hlutum, er var\u00f0a altari\u00f0 og \u00fej\u00f3nustuna fyrir innan fortjaldi\u00f0, \u00fear skulu\u00f0 \u00fe\u00e9r gegna \u00fej\u00f3nustu. \u00c9g fel y\u00f0ur prestd\u00f3minn og veiti y\u00f0ur \u00fe\u00e1 \u00fej\u00f3nustu a\u00f0 gj\u00f6f. Komi nokkur annar \u00fear n\u00e6rri, skal hann l\u00edfi t\u00fdna.<a name=\"8\"><span class=\"versanumer\">8<\/span><\/a>Drottinn sag\u00f0i vi\u00f0 Aron: Sj\u00e1, \u00e9g gef \u00fe\u00e9r \u00fea\u00f0, sem var\u00f0veitast \u00e1 af f\u00f3rnargj\u00f6fum m\u00ednum. Af \u00f6llum helgigj\u00f6fum \u00cdsraelsmanna gef \u00e9g \u00fe\u00e9r og sonum \u00fe\u00ednum \u00fe\u00e6r \u00ed \u00feeirra hlut. Er \u00fea\u00f0 \u00e6vinleg skyldugrei\u00f0sla.<a name=\"9\"><span class=\"versanumer\">9<\/span><\/a>\u00deetta skal heyra \u00fe\u00e9r af hinum h\u00e1helgu gj\u00f6fum, a\u00f0 \u00fev\u00ed fr\u00e1teknu, sem brenna skal: Allar f\u00f3rnargjafir \u00feeirra, b\u00e6\u00f0i matf\u00f3rnir, syndaf\u00f3rnir og sektarf\u00f3rnir, er \u00feeir f\u00e6ra m\u00e9r \u00ed b\u00e6tur. Eru \u00fe\u00e6r h\u00e1helgar, og skulu heyra \u00fe\u00e9r og sonum \u00fe\u00ednum.<a name=\"10\"><span class=\"versanumer\">10<\/span><\/a>\u00de\u00fa skalt eta \u00fe\u00e6r \u00e1 h\u00e1helgum sta\u00f0. Allt karlkyn skal eta \u00fe\u00e6r. Skulu \u00fe\u00e6r vera \u00fe\u00e9r heilagar.<a name=\"11\"><span class=\"versanumer\">11<\/span><\/a>Og \u00feetta skal heyra \u00fe\u00e9r sem f\u00f3rnargj\u00f6f af \u00f6\u00f0rum gj\u00f6fum \u00feeirra, af \u00f6llum veifif\u00f3rnum \u00cdsraelsmanna: \u00c9g gef \u00fe\u00e9r \u00fe\u00e6r, og sonum \u00fe\u00ednum og d\u00e6trum me\u00f0 \u00fe\u00e9r. Er \u00fea\u00f0 \u00e6vinleg skyldugrei\u00f0sla. Allir hreinir menn \u00ed h\u00fasi \u00fe\u00ednu skulu eta \u00fe\u00e6r.<a name=\"12\"><span class=\"versanumer\">12<\/span><\/a>Allt hi\u00f0 besta af ol\u00edunni og allt hi\u00f0 besta af aldinleginum og korninu, frumgr\u00f3\u00f0ann af \u00fev\u00ed \u00fea\u00f0 er \u00feeir gefa Drottni \u00fea\u00f0 hefi \u00e9g gefi\u00f0 \u00fe\u00e9r.<a name=\"13\"><span class=\"versanumer\">13<\/span><\/a>Frumgr\u00f3\u00f0inn af \u00f6llu \u00fev\u00ed, er vex \u00ed landi \u00feeirra og \u00feeir f\u00e6ra Drottni, skal heyra \u00fe\u00e9r. Allir hreinir menn \u00ed h\u00fasi \u00fe\u00ednu skulu eta hann.<a name=\"14\"><span class=\"versanumer\">14<\/span><\/a>S\u00e9rhver hlutur bannf\u00e6r\u00f0ur \u00ed \u00cdsrael skal heyra \u00fe\u00e9r.<a name=\"15\"><span class=\"versanumer\">15<\/span><\/a>Allt \u00fea\u00f0 sem opnar m\u00f3\u00f0url\u00edf, af \u00f6llu holdi, er menn f\u00e6ra Drottni, hvort heldur er menn e\u00f0a skepnur, skal heyra \u00fe\u00e9r. \u00de\u00f3 skalt \u00fe\u00fa leysa l\u00e1ta frumbur\u00f0i manna, og frumbur\u00f0i \u00f3hreinna d\u00fdra skalt \u00fe\u00fa og leysa l\u00e1ta.<a name=\"16\"><span class=\"versanumer\">16<\/span><\/a>Og a\u00f0 \u00fev\u00ed er snertir lausnargjald \u00feeirra, \u00fe\u00e1 skalt \u00fe\u00fa l\u00e1ta leysa \u00fe\u00e1, \u00far \u00fev\u00ed \u00feeir eru m\u00e1na\u00f0argamlir, eftir mati \u00fe\u00ednu, me\u00f0 fimm siklum, eftir helgid\u00f3mssikli, tuttugu gerur \u00ed sikli.<a name=\"17\"><span class=\"versanumer\">17<\/span><\/a>En frumbur\u00f0i af nautum, sau\u00f0um e\u00f0a geitum skalt \u00fe\u00fa ekki leysa l\u00e1ta. \u00deeir eru heilagir. Bl\u00f3\u00f0i \u00feeirra skalt \u00fe\u00fa st\u00f6kkva \u00e1 altari\u00f0, og m\u00f6rinn \u00far \u00feeim skalt \u00fe\u00fa brenna sem eldf\u00f3rn \u00fe\u00e6gilegs ilms Drottni til handa.<a name=\"18\"><span class=\"versanumer\">18<\/span><\/a>En kj\u00f6ti\u00f0 af \u00feeim skal heyra \u00fe\u00e9r. \u00dea\u00f0 skal heyra \u00fe\u00e9r, eins og veifibringan og h\u00e6gra l\u00e6ri\u00f0.<a name=\"19\"><span class=\"versanumer\">19<\/span><\/a>Allar f\u00f3rnargjafir af helgigj\u00f6funum, sem \u00cdsraelsmenn f\u00e6ra Drottni, hefi \u00e9g gefi\u00f0 \u00fe\u00e9r og sonum \u00fe\u00ednum og d\u00e6trum me\u00f0 \u00fe\u00e9r. Er \u00fea\u00f0 \u00e6vinleg skyldugrei\u00f0sla. \u00dea\u00f0 er \u00e6vinlegur s\u00e1ttm\u00e1li, helga\u00f0ur me\u00f0 salti, fyrir augliti Drottins fyrir \u00feig og ni\u00f0ja \u00fe\u00edna \u00e1samt \u00fe\u00e9r.<a name=\"20\"><span class=\"versanumer\">20<\/span><\/a>Drottinn sag\u00f0i vi\u00f0 Aron: \u00de\u00fa skalt ekkert \u00f3\u00f0al eignast \u00ed landi \u00feeirra og ekki eiga hlutskipti me\u00f0al \u00feeirra. \u00c9g er hlutskipti \u00feitt og \u00f3\u00f0al \u00feitt me\u00f0al \u00cdsraelsmanna.<a name=\"21\"><span class=\"versanumer\">21<\/span><\/a>Og sj\u00e1, \u00e9g gef lev\u00edtunum alla t\u00edund \u00ed \u00cdsrael til eignar fyrir \u00fej\u00f3nustuna, er \u00feeir inna af hendi, \u00fej\u00f3nustuna vi\u00f0 samfundatjaldi\u00f0.<a name=\"22\"><span class=\"versanumer\">22<\/span><\/a>Og \u00cdsraelsmenn skulu eigi framar koma n\u00e6rri samfundatjaldinu, svo a\u00f0 \u00feeir baki s\u00e9r ekki synd og deyi.<a name=\"23\"><span class=\"versanumer\">23<\/span><\/a>Heldur skulu lev\u00edtarnir gegna \u00fej\u00f3nustu vi\u00f0 samfundatjaldi\u00f0, og skulu s\u00e6ta hegningu fyrir \u00fea\u00f0, sem \u00feeim ver\u00f0ur \u00e1. Skal \u00fea\u00f0 vera \u00e6varandi l\u00f6gm\u00e1l hj\u00e1 y\u00f0ur fr\u00e1 kyni til kyns, en \u00feeir skulu ekki eiga \u00f3\u00f0ul me\u00f0al \u00cdsraelsmanna.<a name=\"24\"><span class=\"versanumer\">24<\/span><\/a>\u00dev\u00ed a\u00f0 t\u00edund \u00cdsraelsmanna, er \u00feeir f\u00e6ra Drottni a\u00f0 f\u00f3rnargj\u00f6f, hefi \u00e9g gefi\u00f0 lev\u00edtunum til eignar, \u00feess vegna hefi \u00e9g sagt \u00feeim, a\u00f0 \u00feeir skuli ekki eiga \u00f3\u00f0ul me\u00f0al \u00cdsraelsmanna.<a name=\"25\"><span class=\"versanumer\">25<\/span><\/a>Drottinn tala\u00f0i vi\u00f0 M\u00f3se og sag\u00f0i:<a name=\"26\"><span class=\"versanumer\">26<\/span><\/a>\u00de\u00fa skalt tala vi\u00f0 lev\u00edtana og segja vi\u00f0 \u00fe\u00e1: \u00deegar \u00fe\u00e9r me\u00f0taki\u00f0 t\u00edundina fr\u00e1 \u00cdsraelsm\u00f6nnum, er \u00e9g hefi gefi\u00f0 y\u00f0ur til eignar og \u00feeir skulu grei\u00f0a y\u00f0ur, \u00fe\u00e1 skulu\u00f0 \u00fe\u00e9r f\u00e6ra Drottni f\u00f3rnargj\u00f6f af henni, t\u00edund af t\u00edundinni.<a name=\"27\"><span class=\"versanumer\">27<\/span><\/a>Og \u00feessi f\u00f3rnargj\u00f6f y\u00f0ar skal reiknast y\u00f0ur sem v\u00e6ri \u00fea\u00f0 korn af l\u00e1fanum e\u00f0a gn\u00f3tt \u00far v\u00edn\u00fer\u00f6nginni.<a name=\"28\"><span class=\"versanumer\">28<\/span><\/a>\u00deannig skulu\u00f0 og \u00fe\u00e9r f\u00e6ra Drottni f\u00f3rnargj\u00f6f af allri \u00feeirri t\u00edund, er \u00fe\u00e9r me\u00f0taki\u00f0 fr\u00e1 \u00cdsraelsm\u00f6nnum, og af henni skulu\u00f0 \u00fe\u00e9r f\u00e1 Aroni presti f\u00f3rnargj\u00f6f Drottins.<a name=\"29\"><span class=\"versanumer\">29<\/span><\/a>Af \u00f6llu \u00fev\u00ed, sem y\u00f0ur gefst, skulu\u00f0 \u00fe\u00e9r f\u00e6ra Drottni f\u00f3rnargj\u00f6f, af \u00f6llu hinu besta af \u00fev\u00ed, helgigj\u00f6fina, sem af \u00fev\u00ed skal fram bera.<a name=\"30\"><span class=\"versanumer\">30<\/span><\/a>Og \u00fe\u00fa skalt segja vi\u00f0 \u00fe\u00e1: \u00deegar \u00fe\u00e9r hafi\u00f0 fram bori\u00f0 hi\u00f0 besta af \u00fev\u00ed, \u00fe\u00e1 skal hitt reiknast lev\u00edtunum sem afur\u00f0ir \u00far l\u00e1fanum e\u00f0a afur\u00f0ir \u00far v\u00edn\u00fer\u00f6nginni.<a name=\"31\"><span class=\"versanumer\">31<\/span><\/a>\u00de\u00e9r megi\u00f0 eta \u00fea\u00f0 hvar sem \u00fe\u00e9r vilji\u00f0, b\u00e6\u00f0i \u00fe\u00e9r og skylduli\u00f0 y\u00f0ar, \u00fev\u00ed a\u00f0 \u00fea\u00f0 eru laun y\u00f0ar fyrir \u00fej\u00f3nustu y\u00f0ar vi\u00f0 samfundatjaldi\u00f0.<a name=\"32\"><span class=\"versanumer\">32<\/span><\/a>Og \u00fe\u00e9r munu\u00f0 ekki baka y\u00f0ur synd vegna \u00feess, ef \u00fe\u00e9r fram beri\u00f0 hi\u00f0 besta af \u00fev\u00ed, og \u00fe\u00e1 munu\u00f0 \u00fe\u00e9r eigi vanhelga helgigjafir \u00cdsraelsmanna og eigi deyja.<\/p>\n<div class=\"footnote1981\"><b>18.2-4<\/b> Lev\u00edtar, a\u00f0sto\u00f0armenn presta 4M\u00f3s 3.6-9<br \/>\n<b>18.5<\/b> Ekki framar rei\u00f0i 4M\u00f3s 17.12-13<br \/>\n<b>18.6<\/b> Gefnir Drottni 4M\u00f3s 8.16+<br \/>\n<b>18.8-20<\/b> Tekjur prestanna 3M\u00f3s 6-7; Esk 44.29-30<br \/>\n<b>18.13<\/b> Frumgr\u00f3\u00f0inn 2M\u00f3s 13.11-15; 34.19<br \/>\n<b>18.14<\/b> Allt sem er helga\u00f0 banni 3M\u00f3s 27.28<br \/>\n<b>18.15<\/b> Frumbur\u00f0ir 2M\u00f3s 13.11-15; 34.19<br \/>\n<b>18.20<\/b> Engan erf\u00f0ahlut 5M\u00f3s 10.9; 18.1-2; J\u00f3s 13.14; Esk 44.28; sbr Esk 48.10-12<br \/>\n<b>18.21<\/b> T\u00edund 3M\u00f3s 27.30-33; 5M\u00f3s 14.22-29<br \/>\n<b>18.23<\/b> Engan erf\u00f0ahlut 4M\u00f3s 18.20+<\/div>\n","protected":false},"excerpt":{"rendered":"<p>1Drottinn sag\u00f0i vi\u00f0 Aron: \u00de\u00fa og synir \u00fe\u00ednir og \u00e6ttleggur fe\u00f0ra \u00feinna me\u00f0 \u00fe\u00e9r skulu s\u00e6ta hegningu fyrir \u00fea\u00f0, sem broti\u00f0 er \u00e1 m\u00f3ti helgid\u00f3minum, og \u00fe\u00fa og synir \u00fe\u00ednir me\u00f0 \u00fe\u00e9r skulu\u00f0 s\u00e6ta hegningu fyrir \u00fea\u00f0, sem y\u00f0ur ver\u00f0ur \u00e1 \u00ed prestsemb\u00e6tti y\u00f0ar.2\u00de\u00fa skalt taka me\u00f0 \u00fe\u00e9r br\u00e6\u00f0ur \u00fe\u00edna, kynkv\u00edsl Lev\u00ed, \u00e6ttkv\u00edsl f\u00f6\u00f0ur \u00fe\u00edns. \u00deeir skulu vera \u00fe\u00e9r vi\u00f0 h\u00f6nd og \u00fej\u00f3na \u00fe\u00e9r, \u00feegar \u00fe\u00fa og synir \u00fe\u00ednir me\u00f0 \u00fe\u00e9r eru\u00f0 frammi fyrir s\u00e1ttm\u00e1lstjaldinu.3Og \u00feeir skulu gegna \u00fev\u00ed, er vi\u00f0 \u00fearf vi\u00f0 \u00fe\u00edna \u00fej\u00f3nustu og vi\u00f0 \u00fej\u00f3nustu alls tjaldsins. \u00de\u00f3 skulu \u00feeir eigi koma n\u00e6rri hinum helgu \u00e1h\u00f6ldum n\u00e9 <a href=\"https:\/\/biblian.is\/1981\/fjorda-mosebok-18-kafli\/\"> [&#8230;]<\/a><\/p>\n","protected":false},"author":1,"featured_media":0,"parent":0,"menu_order":0,"comment_status":"open","ping_status":"open","template":"bibliukaflar.php","meta":{"footnotes":""},"class_list":["post-1481","page","type-page","status-publish","hentry"],"_links":{"self":[{"href":"https:\/\/biblian.is\/1981\/wp-json\/wp\/v2\/pages\/1481","targetHints":{"allow":["GET"]}}],"collection":[{"href":"https:\/\/biblian.is\/1981\/wp-json\/wp\/v2\/pages"}],"about":[{"href":"https:\/\/biblian.is\/1981\/wp-json\/wp\/v2\/types\/page"}],"author":[{"embeddable":true,"href":"https:\/\/biblian.is\/1981\/wp-json\/wp\/v2\/users\/1"}],"replies":[{"embeddable":true,"href":"https:\/\/biblian.is\/1981\/wp-json\/wp\/v2\/comments?post=1481"}],"version-history":[{"count":0,"href":"https:\/\/biblian.is\/1981\/wp-json\/wp\/v2\/pages\/1481\/revisions"}],"wp:attachment":[{"href":"https:\/\/biblian.is\/1981\/wp-json\/wp\/v2\/media?parent=1481"}],"curies":[{"name":"wp","href":"https:\/\/api.w.org\/{rel}","templated":true}]}}