{"id":1479,"date":"2017-11-18T20:17:28","date_gmt":"2017-11-18T20:17:28","guid":{"rendered":"http:\/\/biblian.is\/1981\/fjorda-mosebok-16-kafli\/"},"modified":"2021-06-06T10:56:35","modified_gmt":"2021-06-06T10:56:35","slug":"fjorda-mosebok-16-kafli","status":"publish","type":"page","link":"https:\/\/biblian.is\/1981\/fjorda-mosebok-16-kafli\/","title":{"rendered":"Fj\u00f3r\u00f0a M\u00f3seb\u00f3k 16. kafli"},"content":{"rendered":"<p><a name=\"1\"><span class=\"versanumer\">1<\/span><\/a>K\u00f3ra, sonur J\u00edsehars, Kahats sonar, Lev\u00ed sonar, gj\u00f6r\u00f0i uppreisn, \u00e1samt \u00feeim Datan og Ab\u00edram, sonum El\u00edabs, Pall\u00fa sonar, R\u00fabens sonar.<a name=\"2\"><span class=\"versanumer\">2<\/span><\/a>\u00deeir risu upp \u00ed m\u00f3ti M\u00f3se og me\u00f0 \u00feeim tv\u00f6 hundru\u00f0 og fimmt\u00edu manns af \u00cdsraelsm\u00f6nnum. Voru \u00fea\u00f0 h\u00f6fu\u00f0smenn safna\u00f0arins og fulltr\u00faar, nafnkunnir menn.<a name=\"3\"><span class=\"versanumer\">3<\/span><\/a>\u00deeir s\u00f6fnu\u00f0ust saman \u00ed gegn \u00feeim M\u00f3se og Aroni og s\u00f6g\u00f0u vi\u00f0 \u00fe\u00e1: N\u00fa er n\u00f3g komi\u00f0! Allur s\u00f6fnu\u00f0urinn er heilagur, og Drottinn er me\u00f0al \u00feeirra. Hv\u00ed hefji\u00f0 \u00fei\u00f0 ykkur \u00fe\u00e1 upp yfir s\u00f6fnu\u00f0 Drottins?<a name=\"4\"><span class=\"versanumer\">4<\/span><\/a>Er M\u00f3se heyr\u00f0i \u00feetta, f\u00e9ll hann fram \u00e1 \u00e1sj\u00f3nu s\u00edna.<a name=\"5\"><span class=\"versanumer\">5<\/span><\/a>\u00dev\u00ed n\u00e6st m\u00e6lti hann vi\u00f0 K\u00f3ra og allan flokk hans og sag\u00f0i: \u00c1 morgun mun Drottinn kunnugt gj\u00f6ra, hver hans er og hver heilagur er og hvern hann l\u00e6tur n\u00e1lgast sig. Og \u00feann sem hann k\u00fds s\u00e9r, mun hann l\u00e1ta n\u00e1lgast sig.<a name=\"6\"><span class=\"versanumer\">6<\/span><\/a>Gj\u00f6ri\u00f0 \u00feetta: Taki\u00f0 y\u00f0ur eldp\u00f6nnur, K\u00f3ra og allur flokkur hans,<a name=\"7\"><span class=\"versanumer\">7<\/span><\/a>l\u00e1ti\u00f0 eld \u00ed \u00fe\u00e6r og leggi\u00f0 \u00e1 reykelsi fyrir augliti Drottins \u00e1 morgun. Og s\u00e1, sem Drottinn k\u00fds s\u00e9r, hann skal vera heilagur. N\u00fa er n\u00f3g komi\u00f0, Lev\u00ed synir!<a name=\"8\"><span class=\"versanumer\">8<\/span><\/a>M\u00f3se sag\u00f0i vi\u00f0 K\u00f3ra: Heyri\u00f0, Lev\u00ed synir!<a name=\"9\"><span class=\"versanumer\">9<\/span><\/a>S\u00fdnist y\u00f0ur \u00fea\u00f0 l\u00edtils vert, a\u00f0 \u00cdsraels Gu\u00f0 greindi y\u00f0ur fr\u00e1 s\u00f6fnu\u00f0i \u00cdsraels til \u00feess a\u00f0 l\u00e1ta y\u00f0ur n\u00e1lgast sig, til \u00feess a\u00f0 \u00fe\u00e9r skyldu\u00f0 gegna \u00fej\u00f3nustu vi\u00f0 b\u00fa\u00f0 Drottins og standa frammi fyrir s\u00f6fnu\u00f0inum til a\u00f0 \u00fej\u00f3na honum?<a name=\"10\"><span class=\"versanumer\">10<\/span><\/a>Og hann l\u00e9t \u00feig n\u00e1lgast sig og alla br\u00e6\u00f0ur \u00fe\u00edna, Lev\u00ed sonu, me\u00f0 \u00fe\u00e9r, og n\u00fa vilji\u00f0 \u00fe\u00e9r einnig n\u00e1 \u00ed prestsemb\u00e6tti\u00f0!<a name=\"11\"><span class=\"versanumer\">11<\/span><\/a>Fyrir \u00fev\u00ed hefir \u00fe\u00fa og allur \u00feinn flokkur gj\u00f6rt sambl\u00e1stur \u00ed gegn Drottni, \u00fev\u00ed a\u00f0 hva\u00f0 er Aron, a\u00f0 \u00fe\u00e9r m\u00f6gli\u00f0 \u00ed gegn honum?<a name=\"12\"><span class=\"versanumer\">12<\/span><\/a>Og M\u00f3se l\u00e9t kalla \u00fe\u00e1 Datan og Ab\u00edram, El\u00edabs sonu, en \u00feeir sv\u00f6ru\u00f0u: Eigi munum v\u00e9r koma.<a name=\"13\"><span class=\"versanumer\">13<\/span><\/a>S\u00fdnist \u00fe\u00e9r \u00fea\u00f0 l\u00edtils vert, a\u00f0 \u00fe\u00fa leiddir oss brott \u00far \u00fev\u00ed landi, er fl\u00fdtur \u00ed mj\u00f3lk og hunangi, til \u00feess a\u00f0 l\u00e1ta oss deyja \u00ed ey\u00f0im\u00f6rkinni, \u00far \u00fev\u00ed \u00fe\u00fa vilt einnig gj\u00f6rast drottnari yfir oss?<a name=\"14\"><span class=\"versanumer\">14<\/span><\/a>\u00de\u00fa hefir og eigi leitt oss inn \u00ed land, er fl\u00fdtur \u00ed mj\u00f3lk og hunangi, n\u00e9 gefi\u00f0 oss akra og v\u00edngar\u00f0a til eignar. Hvort \u00e6tlar \u00fe\u00fa, a\u00f0 \u00fe\u00fa megir stinga augun \u00far m\u00f6nnum \u00feessum? Eigi munum v\u00e9r koma!<a name=\"15\"><span class=\"versanumer\">15<\/span><\/a>\u00de\u00e1 var\u00f0 M\u00f3se afar rei\u00f0ur og sag\u00f0i vi\u00f0 Drottin: L\u00edt ekki vi\u00f0 f\u00f3rn \u00feeirra! Eigi hefi \u00e9g teki\u00f0 svo miki\u00f0 sem asna fr\u00e1 \u00feeim n\u00e9 gj\u00f6rt nokkrum \u00feeirra mein.<a name=\"16\"><span class=\"versanumer\">16<\/span><\/a>\u00de\u00e1 sag\u00f0i M\u00f3se vi\u00f0 K\u00f3ra: \u00de\u00fa og allur flokkur \u00feinn skulu\u00f0 \u00e1 morgun koma fram fyrir Drottin, \u00fe\u00fa og \u00feeir og Aron.<a name=\"17\"><span class=\"versanumer\">17<\/span><\/a>Og taki\u00f0 hver s\u00edna eldp\u00f6nnu og leggi\u00f0 \u00e1 reykelsi og f\u00e6ri\u00f0 \u00fev\u00ed n\u00e6st hver s\u00edna eldp\u00f6nnu fram fyrir Drottin tv\u00f6 hundru\u00f0 og fimmt\u00edu eldp\u00f6nnur. \u00de\u00fa og Aron skulu\u00f0 og hafa hver s\u00edna eldp\u00f6nnu.<a name=\"18\"><span class=\"versanumer\">18<\/span><\/a>T\u00f3ku \u00feeir n\u00fa hver s\u00edna eldp\u00f6nnu og l\u00e9tu eld \u00ed \u00fe\u00e6r og l\u00f6g\u00f0u \u00e1 reykelsi. Og \u00feeir n\u00e1mu sta\u00f0ar fyrir dyrum samfundatjaldsins, svo og \u00feeir M\u00f3se og Aron.<a name=\"19\"><span class=\"versanumer\">19<\/span><\/a>Og K\u00f3ra safna\u00f0i \u00ed m\u00f3ti \u00feeim \u00f6llum flokki s\u00ednum fyrir dyrum samfundatjaldsins. \u00de\u00e1 birtist d\u00fdr\u00f0 Drottins \u00f6llum s\u00f6fnu\u00f0inum,<a name=\"20\"><span class=\"versanumer\">20<\/span><\/a>og Drottinn tala\u00f0i vi\u00f0 \u00fe\u00e1 M\u00f3se og Aron og sag\u00f0i:<a name=\"21\"><span class=\"versanumer\">21<\/span><\/a>Skilji\u00f0 ykkur fr\u00e1 \u00feessum h\u00f3p, og mun \u00e9g \u00e1 augabrag\u00f0i ey\u00f0a \u00feeim.<a name=\"22\"><span class=\"versanumer\">22<\/span><\/a>En M\u00f3se og Aron f\u00e9llu fram \u00e1 \u00e1sj\u00f3nur s\u00ednar og s\u00f6g\u00f0u: Gu\u00f0, Gu\u00f0 l\u00edfsandans \u00ed \u00f6llu holdi! Hvort munt \u00fe\u00fa rei\u00f0ast \u00f6llum s\u00f6fnu\u00f0inum, \u00fe\u00f3tt einn ma\u00f0ur syndgi?<a name=\"23\"><span class=\"versanumer\">23<\/span><\/a>\u00de\u00e1 tala\u00f0i Drottinn vi\u00f0 M\u00f3se og sag\u00f0i:<a name=\"24\"><span class=\"versanumer\">24<\/span><\/a>M\u00e6l \u00fe\u00fa til safna\u00f0arins og seg: Fari\u00f0 burt af b\u00fa\u00f0arsv\u00e6\u00f0i \u00feeirra K\u00f3ra, Datans og Ab\u00edrams.<a name=\"25\"><span class=\"versanumer\">25<\/span><\/a>M\u00f3se st\u00f3\u00f0 upp og gekk til Datans og Ab\u00edrams, og \u00f6ldungar \u00cdsraels fylgdu honum.<a name=\"26\"><span class=\"versanumer\">26<\/span><\/a>Og hann tala\u00f0i til safna\u00f0arins og sag\u00f0i: V\u00edki\u00f0 burt fr\u00e1 tj\u00f6ldum \u00feessara \u00f3gu\u00f0legu manna, og komi\u00f0 ekki n\u00e6rri neinu \u00fev\u00ed, er \u00feeir eiga, a\u00f0 \u00fe\u00e9r farist eigi vegna allra synda \u00feeirra.<a name=\"27\"><span class=\"versanumer\">27<\/span><\/a>F\u00f3ru \u00feeir \u00fe\u00e1 burt af b\u00fa\u00f0arsv\u00e6\u00f0i \u00feeirra K\u00f3ra, Datans og Ab\u00edrams. En \u00feeir Datan og Ab\u00edram h\u00f6f\u00f0u gengi\u00f0 \u00fat og st\u00f3\u00f0u \u00fati fyrir tjalddyrum s\u00ednum og konur \u00feeirra, synir og ungb\u00f6rn.<a name=\"28\"><span class=\"versanumer\">28<\/span><\/a>M\u00f3se m\u00e6lti \u00fe\u00e1: Af \u00feessu skulu\u00f0 \u00fe\u00e9r vita mega, a\u00f0 Drottinn hefir sent mig til a\u00f0 gj\u00f6ra \u00f6ll \u00feessi verk, og a\u00f0 \u00e9g hefi eigi gj\u00f6rt \u00feau eftir hug\u00fe\u00f3tta m\u00ednum.<a name=\"29\"><span class=\"versanumer\">29<\/span><\/a>Ef \u00feessir menn deyja \u00e1 sama h\u00e1tt og allir menn eru vanir a\u00f0 deyja, og ver\u00f0i \u00feeir fyrir hinu sama, sem allir menn ver\u00f0a fyrir, \u00fe\u00e1 hefir Drottinn ekki sent mig.<a name=\"30\"><span class=\"versanumer\">30<\/span><\/a>En ef Drottinn gj\u00f6rir n\u00fdjan hlut og j\u00f6r\u00f0in l\u00fdkur upp munni s\u00ednum og svelgir \u00fe\u00e1 og allt, sem \u00feeir eiga, svo a\u00f0 \u00feeir fara lifandi ni\u00f0ur til Heljar, \u00fe\u00e1 megi\u00f0 \u00fe\u00e9r af \u00fev\u00ed marka, a\u00f0 \u00feessir menn hafa sm\u00e1\u00f0 Drottin.<a name=\"31\"><span class=\"versanumer\">31<\/span><\/a>Og er hann haf\u00f0i loki\u00f0 m\u00e1li s\u00ednu, \u00fe\u00e1 sprakk j\u00f6r\u00f0in undir f\u00f3tum \u00feeirra,<a name=\"32\"><span class=\"versanumer\">32<\/span><\/a>og j\u00f6r\u00f0in opna\u00f0i munn sinn og svalg \u00fe\u00e1 og fj\u00f6lskyldur \u00feeirra, svo og alla menn K\u00f3ra og allan fj\u00e1rhlut \u00feeirra.<a name=\"33\"><span class=\"versanumer\">33<\/span><\/a>Og \u00feeir f\u00f3ru lifandi ni\u00f0ur til Heljar og allt, sem \u00feeir \u00e1ttu, og j\u00f6r\u00f0in luktist saman yfir \u00feeim, og \u00feeir f\u00f3rust mitt \u00far s\u00f6fnu\u00f0inum.<a name=\"34\"><span class=\"versanumer\">34<\/span><\/a>En allur \u00cdsrael, er umhverfis \u00fe\u00e1 var, fl\u00fd\u00f0i vi\u00f0 \u00f3p \u00feeirra, \u00fev\u00ed a\u00f0 \u00feeir hugsu\u00f0u: Ella mun j\u00f6r\u00f0in svelgja oss.<a name=\"35\"><span class=\"versanumer\">35<\/span><\/a>Og eldur gekk \u00fat fr\u00e1 Drottni og eyddi \u00feeim tv\u00f6 hundru\u00f0 og fimmt\u00edu m\u00f6nnum, er b\u00e1ru fram reykelsi\u00f0.<a name=\"36\"><span class=\"versanumer\">36<\/span><\/a>Drottinn tala\u00f0i vi\u00f0 M\u00f3se og sag\u00f0i:<a name=\"37\"><span class=\"versanumer\">37<\/span><\/a>Seg \u00fe\u00fa Eleasar, syni Arons prests, a\u00f0 hann skuli taka eldp\u00f6nnurnar \u00fat \u00far brunanum, en dreif \u00fe\u00fa eldinum langt burt, \u00fev\u00ed a\u00f0 \u00fe\u00e6r eru heilagar.<a name=\"38\"><span class=\"versanumer\">38<\/span><\/a>Eldp\u00f6nnur \u00feessara syndara, sem fyrirgj\u00f6rt hafa l\u00edfi s\u00ednu, skulu beittar \u00fat \u00ed \u00feunnar pl\u00f6tur og kl\u00e6tt me\u00f0 \u00feeim altari\u00f0, \u00fev\u00ed a\u00f0 \u00feeir b\u00e1ru \u00fe\u00e6r fram fyrir Drottin, og eru \u00fe\u00e6r \u00fev\u00ed heilagar. Skulu \u00fe\u00e6r vera \u00cdsraelsm\u00f6nnum til t\u00e1kns.<a name=\"39\"><span class=\"versanumer\">39<\/span><\/a>Eleasar prestur t\u00f3k eirp\u00f6nnurnar, er \u00feeir h\u00f6f\u00f0u bori\u00f0 fram, sem brunni\u00f0 h\u00f6f\u00f0u, og hann beitti \u00fe\u00e6r \u00fat og kl\u00e6ddi me\u00f0 \u00feeim altari\u00f0,<a name=\"40\"><span class=\"versanumer\">40<\/span><\/a>\u00cdsraelsm\u00f6nnum til minningar um \u00fea\u00f0, a\u00f0 enginn annarlegur ma\u00f0ur, sem eigi er af \u00e6tt Arons, m\u00e1 ganga fram til \u00feess a\u00f0 bera reykelsi fram fyrir Drottin, a\u00f0 eigi fari eins fyrir honum og K\u00f3ra og flokki hans, eins og Drottinn haf\u00f0i sagt honum fyrir munn M\u00f3se.<a name=\"41\"><span class=\"versanumer\">41<\/span><\/a>Daginn eftir m\u00f6gla\u00f0i allur s\u00f6fnu\u00f0ur \u00cdsraelsmanna \u00ed gegn \u00feeim M\u00f3se og Aroni og sag\u00f0i: \u00dei\u00f0 hafi\u00f0 myrt l\u00fd\u00f0 Drottins!<a name=\"42\"><span class=\"versanumer\">42<\/span><\/a>En er m\u00fagurinn safna\u00f0ist saman \u00ed gegn \u00feeim M\u00f3se og Aroni, var\u00f0 \u00feeim liti\u00f0 til samfundatjaldsins, og sj\u00e1, sk\u00fdi\u00f0 huldi \u00fea\u00f0 og d\u00fdr\u00f0 Drottins birtist.<a name=\"43\"><span class=\"versanumer\">43<\/span><\/a>Gengu \u00feeir M\u00f3se og Aron \u00fe\u00e1 fram fyrir samfundatjaldi\u00f0.<a name=\"44\"><span class=\"versanumer\">44<\/span><\/a>Drottinn tala\u00f0i vi\u00f0 M\u00f3se og sag\u00f0i:<a name=\"45\"><span class=\"versanumer\">45<\/span><\/a>V\u00edki\u00f0 burt fr\u00e1 \u00feessum s\u00f6fnu\u00f0i, og mun \u00e9g ey\u00f0a honum \u00e1 augabrag\u00f0i! En \u00feeir f\u00e9llu fram \u00e1 \u00e1sj\u00f3nur s\u00ednar.<a name=\"46\"><span class=\"versanumer\">46<\/span><\/a>Og M\u00f3se sag\u00f0i vi\u00f0 Aron: Tak eldp\u00f6nnuna og l\u00e1t eld \u00ed hana af altarinu, legg \u00e1 reykelsi og far \u00ed skyndi til safna\u00f0arins og fri\u00f0\u00fe\u00e6g fyrir hann, \u00fev\u00ed a\u00f0 rei\u00f0i er \u00fat gengin fr\u00e1 Drottni, pl\u00e1gan byrju\u00f0.<a name=\"47\"><span class=\"versanumer\">47<\/span><\/a>Aron t\u00f3k hana, eins og M\u00f3se bau\u00f0, og hlj\u00f3p inn \u00ed mi\u00f0jan s\u00f6fnu\u00f0inn, og sj\u00e1, pl\u00e1gan var byrju\u00f0 me\u00f0al f\u00f3lksins. Og hann lag\u00f0i \u00e1 reykelsi\u00f0 og fri\u00f0\u00fe\u00e6g\u00f0i fyrir l\u00fd\u00f0inn.<a name=\"48\"><span class=\"versanumer\">48<\/span><\/a>Og er hann st\u00f3\u00f0 milli hinna dau\u00f0u og hinna lifandi, \u00fe\u00e1 sta\u00f0na\u00f0i pl\u00e1gan.<a name=\"49\"><span class=\"versanumer\">49<\/span><\/a>En \u00feeir sem f\u00f3rust \u00ed pl\u00e1gunni, voru fj\u00f3rt\u00e1n \u00fe\u00fasundir og sj\u00f6 hundru\u00f0, auk \u00feeirra er f\u00f3rust s\u00f6kum K\u00f3ra.<a name=\"50\"><span class=\"versanumer\">50<\/span><\/a>Og Aron gekk aftur til M\u00f3se a\u00f0 dyrum samfundatjaldsins, og var pl\u00e1gan st\u00f6\u00f0nu\u00f0.<\/p>\n<div class=\"footnote1981\"><b>16.1<\/b> And\u00f3f Slm 16-18; S\u00edr 45.18-19; J\u00fadt 11<br \/>\n<b>16.3<\/b> Heilagur 3M\u00f3s 11.44+<br \/>\n<b>16.6<\/b> Eldp\u00f6nnur 3M\u00f3s 10.1-3<br \/>\n<b>16.9<\/b> Greindi fr\u00e1 4M\u00f3s 1.47-53; 3.5-13; 5M\u00f3s 10.8<br \/>\n<b>16.19<\/b> D\u00fdr\u00f0 Drottins 3M\u00f3s 9.23+<br \/>\n<b>16.22<\/b> Gu\u00f0 sem g\u00e6\u00f0ir hold l\u00edfi 4M\u00f3s 27.16; 1M\u00f3s 2.7; Slm 104.29-30; Job 12.10<br \/>\n<b>16.35<\/b> Eldur gleypti \u00fe\u00e1 3M\u00f3s 10.2+<\/div>\n","protected":false},"excerpt":{"rendered":"<p>1K\u00f3ra, sonur J\u00edsehars, Kahats sonar, Lev\u00ed sonar, gj\u00f6r\u00f0i uppreisn, \u00e1samt \u00feeim Datan og Ab\u00edram, sonum El\u00edabs, Pall\u00fa sonar, R\u00fabens sonar.2\u00deeir risu upp \u00ed m\u00f3ti M\u00f3se og me\u00f0 \u00feeim tv\u00f6 hundru\u00f0 og fimmt\u00edu manns af \u00cdsraelsm\u00f6nnum. Voru \u00fea\u00f0 h\u00f6fu\u00f0smenn safna\u00f0arins og fulltr\u00faar, nafnkunnir menn.3\u00deeir s\u00f6fnu\u00f0ust saman \u00ed gegn \u00feeim M\u00f3se og Aroni og s\u00f6g\u00f0u vi\u00f0 \u00fe\u00e1: N\u00fa er n\u00f3g komi\u00f0! Allur s\u00f6fnu\u00f0urinn er heilagur, og Drottinn er me\u00f0al \u00feeirra. Hv\u00ed hefji\u00f0 \u00fei\u00f0 ykkur \u00fe\u00e1 upp yfir s\u00f6fnu\u00f0 Drottins?4Er M\u00f3se heyr\u00f0i \u00feetta, f\u00e9ll hann fram \u00e1 \u00e1sj\u00f3nu s\u00edna.5\u00dev\u00ed n\u00e6st m\u00e6lti hann vi\u00f0 K\u00f3ra og allan flokk hans og sag\u00f0i: \u00c1 morgun mun <a href=\"https:\/\/biblian.is\/1981\/fjorda-mosebok-16-kafli\/\"> [&#8230;]<\/a><\/p>\n","protected":false},"author":1,"featured_media":0,"parent":0,"menu_order":0,"comment_status":"open","ping_status":"open","template":"bibliukaflar.php","meta":{"footnotes":""},"class_list":["post-1479","page","type-page","status-publish","hentry"],"_links":{"self":[{"href":"https:\/\/biblian.is\/1981\/wp-json\/wp\/v2\/pages\/1479","targetHints":{"allow":["GET"]}}],"collection":[{"href":"https:\/\/biblian.is\/1981\/wp-json\/wp\/v2\/pages"}],"about":[{"href":"https:\/\/biblian.is\/1981\/wp-json\/wp\/v2\/types\/page"}],"author":[{"embeddable":true,"href":"https:\/\/biblian.is\/1981\/wp-json\/wp\/v2\/users\/1"}],"replies":[{"embeddable":true,"href":"https:\/\/biblian.is\/1981\/wp-json\/wp\/v2\/comments?post=1479"}],"version-history":[{"count":0,"href":"https:\/\/biblian.is\/1981\/wp-json\/wp\/v2\/pages\/1479\/revisions"}],"wp:attachment":[{"href":"https:\/\/biblian.is\/1981\/wp-json\/wp\/v2\/media?parent=1479"}],"curies":[{"name":"wp","href":"https:\/\/api.w.org\/{rel}","templated":true}]}}