{"id":1478,"date":"2017-11-18T20:17:28","date_gmt":"2017-11-18T20:17:28","guid":{"rendered":"http:\/\/biblian.is\/1981\/fjorda-mosebok-15-kafli\/"},"modified":"2021-06-06T10:56:35","modified_gmt":"2021-06-06T10:56:35","slug":"fjorda-mosebok-15-kafli","status":"publish","type":"page","link":"https:\/\/biblian.is\/1981\/fjorda-mosebok-15-kafli\/","title":{"rendered":"Fj\u00f3r\u00f0a M\u00f3seb\u00f3k 15. kafli"},"content":{"rendered":"<p><a name=\"1\"><span class=\"versanumer\">1<\/span><\/a>Drottinn tala\u00f0i vi\u00f0 M\u00f3se og sag\u00f0i:<a name=\"2\"><span class=\"versanumer\">2<\/span><\/a>Tala \u00fe\u00fa til \u00cdsraelsmanna og seg vi\u00f0 \u00fe\u00e1: \u00deegar \u00fe\u00e9r komi\u00f0 \u00ed land \u00fea\u00f0, sem \u00e9g mun gefa y\u00f0ur til b\u00f3lfestu,<a name=\"3\"><span class=\"versanumer\">3<\/span><\/a>og \u00fe\u00e9r f\u00e6ri\u00f0 Drottni eldf\u00f3rn, hvort heldur er brennif\u00f3rn e\u00f0a sl\u00e1turf\u00f3rn, til a\u00f0 efna heit e\u00f0a \u00ed sj\u00e1lfviljaf\u00f3rn e\u00f0a \u00ed tilefni af l\u00f6gh\u00e1t\u00ed\u00f0um y\u00f0ar, til \u00feess a\u00f0 gj\u00f6ra Drottni \u00fe\u00e6gilegan ilm af nautum e\u00f0a sau\u00f0f\u00e9na\u00f0i,<a name=\"4\"><span class=\"versanumer\">4<\/span><\/a>\u00fe\u00e1 skal s\u00e1, er f\u00e6rir Drottni f\u00f3rnargj\u00f6f s\u00edna, jafnframt bera fram \u00ed matf\u00f3rn einn t\u00edunda part \u00far efu af f\u00ednu mj\u00f6li, bl\u00f6ndu\u00f0u vi\u00f0 einn fj\u00f3r\u00f0a part \u00far h\u00edn af ol\u00edu.<a name=\"5\"><span class=\"versanumer\">5<\/span><\/a>En af v\u00edni \u00ed dreypif\u00f3rn skalt \u00fe\u00fa f\u00f3rna einum fj\u00f3r\u00f0a parti \u00far h\u00edn me\u00f0 brennif\u00f3rn e\u00f0a sl\u00e1turf\u00f3rn me\u00f0 hverri sau\u00f0kind.<a name=\"6\"><span class=\"versanumer\">6<\/span><\/a>E\u00f0a s\u00e9 \u00fea\u00f0 me\u00f0 hr\u00fat, \u00fe\u00e1 skalt \u00fe\u00fa f\u00f3rna tveim t\u00edundu p\u00f6rtum \u00far efu af f\u00ednu mj\u00f6li, bl\u00f6ndu\u00f0u vi\u00f0 \u00feri\u00f0jung h\u00ednar af ol\u00edu \u00ed matf\u00f3rn,<a name=\"7\"><span class=\"versanumer\">7<\/span><\/a>en af v\u00edni \u00ed dreypif\u00f3rn \u00feri\u00f0jung h\u00ednar. Skalt \u00fe\u00fa fram bera \u00fea\u00f0 sem \u00fe\u00e6gilegan ilm Drottni til handa.<a name=\"8\"><span class=\"versanumer\">8<\/span><\/a>Og \u00feegar \u00fe\u00fa f\u00f3rnar ungneyti \u00ed brennif\u00f3rn e\u00f0a sl\u00e1turf\u00f3rn til \u00feess a\u00f0 efna heit e\u00f0a \u00ed heillaf\u00f3rn Drottni til handa,<a name=\"9\"><span class=\"versanumer\">9<\/span><\/a>\u00fe\u00e1 skal fram bera \u00ed matf\u00f3rn me\u00f0 ungneytinu \u00ferj\u00e1 t\u00edundu parta \u00far efu af f\u00ednu mj\u00f6li, bl\u00f6ndu\u00f0u vi\u00f0 h\u00e1lfa h\u00edn af ol\u00edu,<a name=\"10\"><span class=\"versanumer\">10<\/span><\/a>en af v\u00edni skalt \u00fe\u00fa fram bera \u00ed dreypif\u00f3rn h\u00e1lfa h\u00edn sem eldf\u00f3rn \u00fe\u00e6gilegs ilms Drottni til handa.<a name=\"11\"><span class=\"versanumer\">11<\/span><\/a>Skal svo gj\u00f6rt vi\u00f0 s\u00e9rhvern uxa, s\u00e9rhvern hr\u00fat, vi\u00f0 s\u00e9rhvert lamb, hvort heldur er af sau\u00f0kindum e\u00f0a geitum.<a name=\"12\"><span class=\"versanumer\">12<\/span><\/a>Eftir t\u00f6lunni \u00e1 \u00fev\u00ed, sem \u00fe\u00e9r f\u00f3rni\u00f0, skulu\u00f0 \u00fe\u00e9r svo gj\u00f6ra vi\u00f0 hverja skepnu eftir t\u00f6lu \u00feeirra.<a name=\"13\"><span class=\"versanumer\">13<\/span><\/a>S\u00e9rhver innborinn ma\u00f0ur skal fara eftir \u00feessu, \u00feegar hann f\u00e6rir Drottni eldf\u00f3rn \u00fe\u00e6gilegs ilms.<a name=\"14\"><span class=\"versanumer\">14<\/span><\/a>Og ef \u00fatlendingur dvelur um hr\u00ed\u00f0 me\u00f0al y\u00f0ar e\u00f0a einhver, sem teki\u00f0 hefir s\u00e9r fastan b\u00fasta\u00f0 me\u00f0al y\u00f0ar, og hann f\u00f3rnar Drottni eldf\u00f3rn \u00fe\u00e6gilegs ilms, \u00fe\u00e1 skal hann gj\u00f6ra svo sem \u00fe\u00e9r gj\u00f6ri\u00f0.<a name=\"15\"><span class=\"versanumer\">15<\/span><\/a>A\u00f0 \u00fev\u00ed er s\u00f6fnu\u00f0inn snertir, \u00fe\u00e1 skulu vera ein l\u00f6g b\u00e6\u00f0i fyrir y\u00f0ur og \u00fatlendan mann, er hj\u00e1 y\u00f0ur dvelur. Er \u00fea\u00f0 \u00e6varandi l\u00f6gm\u00e1l fr\u00e1 kyni til kyns. Fyrir Drottni gildir hi\u00f0 sama um \u00fatlendan mann sem um y\u00f0ur.<a name=\"16\"><span class=\"versanumer\">16<\/span><\/a>Ein l\u00f6g og einn r\u00e9ttur skal vera b\u00e6\u00f0i fyrir y\u00f0ur og \u00fatlendan mann, sem me\u00f0 y\u00f0ur dvelur.<a name=\"17\"><span class=\"versanumer\">17<\/span><\/a>Drottinn tala\u00f0i vi\u00f0 M\u00f3se og sag\u00f0i:<a name=\"18\"><span class=\"versanumer\">18<\/span><\/a>Tala \u00fe\u00fa vi\u00f0 \u00cdsraelsmenn og seg vi\u00f0 \u00fe\u00e1: \u00deegar \u00fe\u00e9r komi\u00f0 \u00ed land \u00fea\u00f0, er \u00e9g mun lei\u00f0a y\u00f0ur inn \u00ed,<a name=\"19\"><span class=\"versanumer\">19<\/span><\/a>\u00fe\u00e1 skulu\u00f0 \u00fe\u00e9r f\u00e6ra Drottni f\u00f3rn, er \u00fe\u00e9r eti\u00f0 af brau\u00f0i landsins.<a name=\"20\"><span class=\"versanumer\">20<\/span><\/a>Sem frumgr\u00f3\u00f0a af deigi y\u00f0ar skulu\u00f0 \u00fe\u00e9r f\u00f3rna k\u00f6ku a\u00f0 f\u00f3rnargj\u00f6f. Eins og f\u00f3rnargj\u00f6finni af l\u00e1fanum, svo skulu\u00f0 \u00fe\u00e9r f\u00f3rna henni.<a name=\"21\"><span class=\"versanumer\">21<\/span><\/a>Af frumgr\u00f3\u00f0anum af deigi y\u00f0ar skulu\u00f0 \u00fe\u00e9r gefa Drottni f\u00f3rnargj\u00f6f fr\u00e1 kyni til kyns.<a name=\"22\"><span class=\"versanumer\">22<\/span><\/a>Ef y\u00f0ur yfirs\u00e9st og \u00fe\u00e9r haldi\u00f0 eigi \u00f6ll \u00feessi bo\u00f0or\u00f0, sem Drottinn hefir lagt fyrir M\u00f3se,<a name=\"23\"><span class=\"versanumer\">23<\/span><\/a>allt \u00fea\u00f0 sem Drottinn hefir bo\u00f0i\u00f0 y\u00f0ur fyrir munn M\u00f3se, fr\u00e1 \u00feeim degi, er Drottinn bau\u00f0 \u00fea\u00f0 og upp fr\u00e1 \u00fev\u00ed, fr\u00e1 kyni til kyns,<a name=\"24\"><span class=\"versanumer\">24<\/span><\/a>og ef misgj\u00f6r\u00f0in er framin \u00e1n \u00feess s\u00f6fnu\u00f0urinn viti af, \u00fe\u00e1 skal allur s\u00f6fnu\u00f0urinn f\u00f3rna ungneyti \u00ed brennif\u00f3rn til \u00fe\u00e6gilegs ilms fyrir Drottin, \u00e1samt matf\u00f3rn og dreypif\u00f3rn, er \u00fev\u00ed fylgja, a\u00f0 r\u00e9ttum si\u00f0, og geithafri \u00ed syndaf\u00f3rn.<a name=\"25\"><span class=\"versanumer\">25<\/span><\/a>Og presturinn skal fri\u00f0\u00fe\u00e6gja fyrir allan s\u00f6fnu\u00f0 \u00cdsraelsmanna, og \u00feeim mun fyrirgefi\u00f0 ver\u00f0a. \u00dev\u00ed a\u00f0 \u00fea\u00f0 var yfirsj\u00f3n, og \u00feeir hafa fram bori\u00f0 f\u00f3rnargj\u00f6f s\u00edna, eldf\u00f3rn Drottni til handa, svo og syndaf\u00f3rn s\u00edna, fram fyrir Drottin vegna yfirsj\u00f3nar sinnar.<a name=\"26\"><span class=\"versanumer\">26<\/span><\/a>Og \u00f6llum s\u00f6fnu\u00f0i \u00cdsraelsmanna mun fyrirgefi\u00f0 ver\u00f0a, svo og \u00fatlendum manni, er me\u00f0al y\u00f0ar dvelur, \u00fev\u00ed a\u00f0 yfirsj\u00f3nin f\u00e9ll \u00e1 allan s\u00f6fnu\u00f0inn.<a name=\"27\"><span class=\"versanumer\">27<\/span><\/a>Ef einhver ma\u00f0ur syndgar af vang\u00e1, skal hann f\u00f3rna veturgamalli geit \u00ed syndaf\u00f3rn.<a name=\"28\"><span class=\"versanumer\">28<\/span><\/a>Og presturinn skal frammi fyrir Drottni fri\u00f0\u00fe\u00e6gja fyrir \u00feann, er yfirsj\u00f3n hefir hent og syndga\u00f0 hefir af vang\u00e1, til \u00feess a\u00f0 fri\u00f0\u00fe\u00e6gja fyrir hann, og honum mun fyrirgefi\u00f0 ver\u00f0a.<a name=\"29\"><span class=\"versanumer\">29<\/span><\/a>\u00de\u00e9r skulu\u00f0 hafa ein l\u00f6g fyrir \u00feann, er gj\u00f6rir eitthva\u00f0 af vang\u00e1, b\u00e6\u00f0i fyrir mann innborinn me\u00f0al \u00cdsraelsmanna og fyrir \u00fatlending, er dvelur me\u00f0al \u00feeirra.<a name=\"30\"><span class=\"versanumer\">30<\/span><\/a>En s\u00e1 ma\u00f0ur, er fremur eitthva\u00f0 af \u00e1setningi, hvort heldur er innborinn ma\u00f0ur e\u00f0a \u00fatlendingur, hann sm\u00e1nar Drottin, og skal s\u00e1 ma\u00f0ur uppr\u00e6ttur ver\u00f0a \u00far \u00fej\u00f3\u00f0 sinni,<a name=\"31\"><span class=\"versanumer\">31<\/span><\/a>&#8222;\u00fev\u00ed a\u00f0 hann hefir virt or\u00f0 Drottins a\u00f0 vettugi og broti\u00f0 bo\u00f0or\u00f0 hans. Sl\u00edkur ma\u00f0ur skal v\u00e6g\u00f0arlaust uppr\u00e6ttur ver\u00f0a; misgj\u00f6r\u00f0 hans hv\u00edlir \u00e1 honum.&#8220;<a name=\"32\"><span class=\"versanumer\">32<\/span><\/a>Me\u00f0an \u00cdsraelsmenn voru \u00ed ey\u00f0im\u00f6rkinni, st\u00f3\u00f0u \u00feeir mann a\u00f0 \u00fev\u00ed a\u00f0 bera saman vi\u00f0 \u00e1 hv\u00edldardegi.<a name=\"33\"><span class=\"versanumer\">33<\/span><\/a>Og \u00feeir sem hittu hann, \u00fear sem hann var a\u00f0 bera saman vi\u00f0inn, f\u00e6r\u00f0u hann fyrir M\u00f3se og Aron og fyrir allan s\u00f6fnu\u00f0inn.<a name=\"34\"><span class=\"versanumer\">34<\/span><\/a>Og \u00feeir settu hann \u00ed var\u00f0hald, \u00fev\u00ed a\u00f0 enginn \u00farskur\u00f0ur var til um \u00fea\u00f0, hversu me\u00f0 hann skyldi fara.<a name=\"35\"><span class=\"versanumer\">35<\/span><\/a>En Drottinn sag\u00f0i vi\u00f0 M\u00f3se: Manninn skal af l\u00edfi taka. Allur s\u00f6fnu\u00f0urinn skal berja hann grj\u00f3ti fyrir utan herb\u00fa\u00f0irnar.<a name=\"36\"><span class=\"versanumer\">36<\/span><\/a>\u00de\u00e1 f\u00e6r\u00f0i allur s\u00f6fnu\u00f0urinn hann \u00fat fyrir herb\u00fa\u00f0irnar og bar\u00f0i hann grj\u00f3ti til bana, eins og Drottinn haf\u00f0i bo\u00f0i\u00f0 M\u00f3se.<a name=\"37\"><span class=\"versanumer\">37<\/span><\/a>Drottinn tala\u00f0i vi\u00f0 M\u00f3se og sag\u00f0i:<a name=\"38\"><span class=\"versanumer\">38<\/span><\/a>Tala \u00fe\u00fa vi\u00f0 \u00cdsraelsmenn og seg vi\u00f0 \u00fe\u00e1, a\u00f0 \u00feeir skuli gj\u00f6ra s\u00e9r sk\u00fafa \u00e1 skaut kl\u00e6\u00f0a sinna, fr\u00e1 kyni til kyns, og festa sn\u00faru af bl\u00e1um purpura vi\u00f0 skautsk\u00fafana.<a name=\"39\"><span class=\"versanumer\">39<\/span><\/a>Og \u00fea\u00f0 skal vera y\u00f0ur merkiskraut: \u00deegar \u00fe\u00e9r horfi\u00f0 \u00e1 \u00fea\u00f0, skulu\u00f0 \u00fe\u00e9r minnast allra bo\u00f0or\u00f0a Drottins, svo a\u00f0 \u00fe\u00e9r breyti\u00f0 eftir \u00feeim og hlaupi\u00f0 ekki eftir f\u00fdsnum hjarta y\u00f0ar n\u00e9 augna, en me\u00f0 \u00fev\u00ed lei\u00f0ist \u00fe\u00e9r til hj\u00e1gu\u00f0ad\u00fdrkunar.<a name=\"40\"><span class=\"versanumer\">40<\/span><\/a>\u00deannig skulu\u00f0 \u00fe\u00e9r muna \u00f6ll m\u00edn bo\u00f0or\u00f0 og breyta eftir \u00feeim og vera heilagir fyrir Gu\u00f0i y\u00f0ar.<a name=\"41\"><span class=\"versanumer\">41<\/span><\/a>\u00c9g er Drottinn Gu\u00f0 y\u00f0ar, sem leiddi y\u00f0ur \u00fat af Egyptalandi til \u00feess a\u00f0 vera y\u00f0ar Gu\u00f0. \u00c9g er Drottinn Gu\u00f0 y\u00f0ar.<\/p>\n<div class=\"footnote1981\"><b>15.1-16<\/b> Matf\u00f3rnir 3M\u00f3s 2<br \/>\n<b>15.15<\/b> Ein l\u00f6g 2M\u00f3s 12.48-49; 3M\u00f3s 24.22<br \/>\n<b>15.24-26<\/b> Yfisj\u00f3n \u00e1n vitneskju 3M\u00f3s 4.13-21<br \/>\n<b>15.27-29<\/b> Syndga af vang\u00e1 3M\u00f3s 4.27-31<br \/>\n<b>15.32<\/b> Hv\u00edldardagurinn 2M\u00f3s 20.8-11; 31.12-17; 35.1-3; Matt 12.1+<br \/>\n<b>15.35<\/b> Bo\u00f0 Drottins 4M\u00f3s 9.8+<br \/>\n<b>15.38<\/b> Sk\u00fafar 5M\u00f3s 22.12; Matt 9.20+<br \/>\n<b>15.41<\/b> \u00c9g er Drottinn 2M\u00f3s 20.2; 3M\u00f3s 11.45+<\/div>\n","protected":false},"excerpt":{"rendered":"<p>1Drottinn tala\u00f0i vi\u00f0 M\u00f3se og sag\u00f0i:2Tala \u00fe\u00fa til \u00cdsraelsmanna og seg vi\u00f0 \u00fe\u00e1: \u00deegar \u00fe\u00e9r komi\u00f0 \u00ed land \u00fea\u00f0, sem \u00e9g mun gefa y\u00f0ur til b\u00f3lfestu,3og \u00fe\u00e9r f\u00e6ri\u00f0 Drottni eldf\u00f3rn, hvort heldur er brennif\u00f3rn e\u00f0a sl\u00e1turf\u00f3rn, til a\u00f0 efna heit e\u00f0a \u00ed sj\u00e1lfviljaf\u00f3rn e\u00f0a \u00ed tilefni af l\u00f6gh\u00e1t\u00ed\u00f0um y\u00f0ar, til \u00feess a\u00f0 gj\u00f6ra Drottni \u00fe\u00e6gilegan ilm af nautum e\u00f0a sau\u00f0f\u00e9na\u00f0i,4\u00fe\u00e1 skal s\u00e1, er f\u00e6rir Drottni f\u00f3rnargj\u00f6f s\u00edna, jafnframt bera fram \u00ed matf\u00f3rn einn t\u00edunda part \u00far efu af f\u00ednu mj\u00f6li, bl\u00f6ndu\u00f0u vi\u00f0 einn fj\u00f3r\u00f0a part \u00far h\u00edn af ol\u00edu.5En af v\u00edni \u00ed dreypif\u00f3rn skalt \u00fe\u00fa f\u00f3rna einum fj\u00f3r\u00f0a parti \u00far <a href=\"https:\/\/biblian.is\/1981\/fjorda-mosebok-15-kafli\/\"> [&#8230;]<\/a><\/p>\n","protected":false},"author":1,"featured_media":0,"parent":0,"menu_order":0,"comment_status":"open","ping_status":"open","template":"bibliukaflar.php","meta":{"footnotes":""},"class_list":["post-1478","page","type-page","status-publish","hentry"],"_links":{"self":[{"href":"https:\/\/biblian.is\/1981\/wp-json\/wp\/v2\/pages\/1478","targetHints":{"allow":["GET"]}}],"collection":[{"href":"https:\/\/biblian.is\/1981\/wp-json\/wp\/v2\/pages"}],"about":[{"href":"https:\/\/biblian.is\/1981\/wp-json\/wp\/v2\/types\/page"}],"author":[{"embeddable":true,"href":"https:\/\/biblian.is\/1981\/wp-json\/wp\/v2\/users\/1"}],"replies":[{"embeddable":true,"href":"https:\/\/biblian.is\/1981\/wp-json\/wp\/v2\/comments?post=1478"}],"version-history":[{"count":0,"href":"https:\/\/biblian.is\/1981\/wp-json\/wp\/v2\/pages\/1478\/revisions"}],"wp:attachment":[{"href":"https:\/\/biblian.is\/1981\/wp-json\/wp\/v2\/media?parent=1478"}],"curies":[{"name":"wp","href":"https:\/\/api.w.org\/{rel}","templated":true}]}}